{"id":9278,"date":"2016-06-06T02:36:56","date_gmt":"2016-06-06T00:36:56","guid":{"rendered":"https:\/\/neue-herbold.com\/fr\/erweiterung-der-schneidmuehlen-baureihe-sm\/"},"modified":"2016-06-06T02:50:11","modified_gmt":"2016-06-06T00:50:11","slug":"extension-de-la-gamme-des-broyeurs-serie-sm","status":"publish","type":"page","link":"https:\/\/neue-herbold.com\/fr\/extension-de-la-gamme-des-broyeurs-serie-sm\/","title":{"rendered":"Extension de la gamme des broyeurs s\u00e9rie SM"},"content":{"rendered":"<p><span style=\"color: #000000;\"><a href=\"https:\/\/neue-herbold.com\/wp-content\/uploads\/2014\/12\/SM1000-1200-DSCF2350.jpg\" target=\"_blank\"><img loading=\"lazy\" decoding=\"async\" class=\"alignright wp-image-3531\" src=\"https:\/\/neue-herbold.com\/wp-content\/uploads\/2014\/12\/SM1000-1200-DSCF2350.jpg\" alt=\"GROSSSCHNEIDM\u00dcHLEN SM1000-1200\" width=\"258\" height=\"488\" srcset=\"https:\/\/neue-herbold.com\/wp-content\/uploads\/2014\/12\/SM1000-1200-DSCF2350.jpg 476w, https:\/\/neue-herbold.com\/wp-content\/uploads\/2014\/12\/SM1000-1200-DSCF2350-158x300.jpg 158w, https:\/\/neue-herbold.com\/wp-content\/uploads\/2014\/12\/SM1000-1200-DSCF2350-100x189.jpg 100w, https:\/\/neue-herbold.com\/wp-content\/uploads\/2014\/12\/SM1000-1200-DSCF2350-150x283.jpg 150w, https:\/\/neue-herbold.com\/wp-content\/uploads\/2014\/12\/SM1000-1200-DSCF2350-200x378.jpg 200w, https:\/\/neue-herbold.com\/wp-content\/uploads\/2014\/12\/SM1000-1200-DSCF2350-300x567.jpg 300w, https:\/\/neue-herbold.com\/wp-content\/uploads\/2014\/12\/SM1000-1200-DSCF2350-450x850.jpg 450w\" sizes=\"(max-width: 258px) 100vw, 258px\" \/><\/a><\/span><strong>NEUE HERBOLD<\/strong> Maschinen \u2013 und Anlagen GmbH situ\u00e9 \u00e0 Sinsheim, Allemagne a \u00e9tendu sa gamme des broyeurs SM et vous pr\u00e9sente le nouveau broyeur SM1000\/\u2026 .<\/p>\n<p> Le nouveau broyeur SM 1000\/\u2026 compl\u00e8te le haut de la gamme des broyeurs SM. Cette machine \u00e0 un rotor de diametre 1000 mm et est propos\u00e9 en diff\u00e9rente longueur de rotor.<\/p>\n<p> Ce type de broyeur est con\u00e7ue pour des applications qui requi\u00e8rent un gros d\u00e9bit ou pour le broyage de grosses pi\u00e8ces et mati\u00e8res volumineuses.<\/p>\n<p> Le SM1000\/&#8230; peut \u00eatre propose avec diff\u00e9rent type de tr\u00e9mie et dispositif d\u2019alimentation de m\u00eame que de diff\u00e9rente g\u00e9om\u00e9tries de rotor. Cela veut dire que la s\u00e9rie du broyeur SM1000\/\u2026 peut \u00eatre utilis\u00e9 pour beaucoups d\u2019applications diff\u00e9rentes comme par exemple la r\u00e9duction de film plastique, purges, profil\u00e9, tuyaux, tubes ou pi\u00e8ces \u00e9paisses. De m\u00eame que pour le broyage de grosses et volumineuses pi\u00e8ce comme les containers et les caisse et palettes.<br \/> Pour le broyage \/ lavage une version \u00ab sous-eaux \u00bb est aussi disponible.<\/p>\n<p> Tous les broyeurs <strong>NEUE HERBOLD<\/strong> sont \u00e9quip\u00e9 avec la coupe oblique double. L\u2019inclinaison avec des angles diff\u00e9rent des couteaux rotor et stator permettent d\u2019avoir un entrefer constant sur toute la longueur des lames.<\/p>\n<p> Comme tous les broyeur fabriqu\u00e9 par l\u2019usine <strong>NEUE HERBOLD<\/strong> \u00e0 Sinsheim \/ Allemagne, ce mod\u00e8le est fabriqu\u00e9 avec la haute qualit\u00e9 <strong>NEUE HERBOLD<\/strong> reconnu, 100% made in Germany.<\/p>\n","protected":false},"excerpt":{"rendered":"<p><span style=\"color: #000000;\"><a href=\"https:\/\/neue-herbold.com\/wp-content\/uploads\/2014\/12\/SM1000-1200-DSCF2350.jpg\" target=\"_blank\"><img loading=\"lazy\" decoding=\"async\" class=\"alignright wp-image-3531\" src=\"https:\/\/neue-herbold.com\/wp-content\/uploads\/2014\/12\/SM1000-1200-DSCF2350.jpg\" alt=\"GROSSSCHNEIDM\u00dcHLEN SM1000-1200\" width=\"258\" height=\"488\" srcset=\"https:\/\/neue-herbold.com\/wp-content\/uploads\/2014\/12\/SM1000-1200-DSCF2350.jpg 476w, https:\/\/neue-herbold.com\/wp-content\/uploads\/2014\/12\/SM1000-1200-DSCF2350-158x300.jpg 158w, https:\/\/neue-herbold.com\/wp-content\/uploads\/2014\/12\/SM1000-1200-DSCF2350-100x189.jpg 100w, https:\/\/neue-herbold.com\/wp-content\/uploads\/2014\/12\/SM1000-1200-DSCF2350-150x283.jpg 150w, https:\/\/neue-herbold.com\/wp-content\/uploads\/2014\/12\/SM1000-1200-DSCF2350-200x378.jpg 200w, https:\/\/neue-herbold.com\/wp-content\/uploads\/2014\/12\/SM1000-1200-DSCF2350-300x567.jpg 300w, https:\/\/neue-herbold.com\/wp-content\/uploads\/2014\/12\/SM1000-1200-DSCF2350-450x850.jpg 450w\" sizes=\"(max-width: 258px) 100vw, 258px\" \/><\/a><\/span><strong>NEUE HERBOLD<\/strong> Maschinen \u2013 und Anlagen GmbH situ\u00e9 \u00e0 Sinsheim, Allemagne a \u00e9tendu sa gamme des broyeurs SM et vous pr\u00e9sente le nouveau broyeur SM1000\/\u2026 .<\/p>\n<p> Le nouveau broyeur SM 1000\/\u2026 compl\u00e8te le haut de la gamme des broyeurs SM.<\/p>\n<p><span class=\"ellipsis\">&hellip;<\/span><\/p>\n<div class=\"read-more\"><a href=\"https:\/\/neue-herbold.com\/fr\/extension-de-la-gamme-des-broyeurs-serie-sm\/\">Lire la suite &#8250;<\/a><\/div>\n<p><!-- end of .read-more --><\/p>\n","protected":false},"author":1,"featured_media":0,"parent":0,"menu_order":0,"comment_status":"closed","ping_status":"closed","template":"","meta":{"footnotes":""},"class_list":["post-9278","page","type-page","status-publish","hentry"],"yoast_head":"<!-- This site is optimized with the Yoast SEO plugin v25.4 - https:\/\/yoast.com\/wordpress\/plugins\/seo\/ -->\n<title>Extension de la gamme des broyeurs s\u00e9rie SM - Neue Herbold GmbH<\/title>\n<meta name=\"description\" content=\"NEUE HERBOLD Maschinen \u2013 und Anlagen GmbH situ\u00e9 \u00e0 Sinsheim, Allemagne a \u00e9tendu sa gamme des broyeurs SM et vous pr\u00e9sente le nouveau broyeur SM1000\/\u2026 .\" \/>\n<meta name=\"robots\" content=\"index, follow, max-snippet:-1, max-image-preview:large, max-video-preview:-1\" \/>\n<link rel=\"canonical\" href=\"https:\/\/neue-herbold.com\/fr\/extension-de-la-gamme-des-broyeurs-serie-sm\/\" \/>\n<meta property=\"og:locale\" content=\"fr_FR\" \/>\n<meta property=\"og:type\" content=\"article\" \/>\n<meta property=\"og:title\" content=\"Extension de la gamme des broyeurs s\u00e9rie SM - Neue Herbold GmbH\" \/>\n<meta property=\"og:description\" content=\"NEUE HERBOLD Maschinen \u2013 und Anlagen GmbH situ\u00e9 \u00e0 Sinsheim, Allemagne a \u00e9tendu sa gamme des broyeurs SM et vous pr\u00e9sente le nouveau broyeur SM1000\/\u2026 .\" \/>\n<meta property=\"og:url\" content=\"https:\/\/neue-herbold.com\/fr\/extension-de-la-gamme-des-broyeurs-serie-sm\/\" \/>\n<meta property=\"og:site_name\" content=\"Neue Herbold GmbH\" \/>\n<meta property=\"article:modified_time\" content=\"2016-06-06T00:50:11+00:00\" \/>\n<meta property=\"og:image\" content=\"https:\/\/neue-herbold.com\/wp-content\/uploads\/2014\/12\/SM1000-1200-DSCF2350.jpg\" \/>\n<meta name=\"twitter:label1\" content=\"Dur\u00e9e de lecture estim\u00e9e\" \/>\n\t<meta name=\"twitter:data1\" content=\"1 minute\" \/>\n<script type=\"application\/ld+json\" class=\"yoast-schema-graph\">{\"@context\":\"https:\/\/schema.org\",\"@graph\":[{\"@type\":\"WebPage\",\"@id\":\"https:\/\/neue-herbold.com\/fr\/extension-de-la-gamme-des-broyeurs-serie-sm\/\",\"url\":\"https:\/\/neue-herbold.com\/fr\/extension-de-la-gamme-des-broyeurs-serie-sm\/\",\"name\":\"Extension de la gamme des broyeurs s\u00e9rie SM - Neue Herbold GmbH\",\"isPartOf\":{\"@id\":\"https:\/\/neue-herbold.com\/en\/#website\"},\"primaryImageOfPage\":{\"@id\":\"https:\/\/neue-herbold.com\/fr\/extension-de-la-gamme-des-broyeurs-serie-sm\/#primaryimage\"},\"image\":{\"@id\":\"https:\/\/neue-herbold.com\/fr\/extension-de-la-gamme-des-broyeurs-serie-sm\/#primaryimage\"},\"thumbnailUrl\":\"https:\/\/neue-herbold.com\/wp-content\/uploads\/2014\/12\/SM1000-1200-DSCF2350.jpg\",\"datePublished\":\"2016-06-06T00:36:56+00:00\",\"dateModified\":\"2016-06-06T00:50:11+00:00\",\"description\":\"NEUE HERBOLD Maschinen \u2013 und Anlagen GmbH situ\u00e9 \u00e0 Sinsheim, Allemagne a \u00e9tendu sa gamme des broyeurs SM et vous pr\u00e9sente le nouveau broyeur SM1000\/\u2026 .\",\"breadcrumb\":{\"@id\":\"https:\/\/neue-herbold.com\/fr\/extension-de-la-gamme-des-broyeurs-serie-sm\/#breadcrumb\"},\"inLanguage\":\"fr-FR\",\"potentialAction\":[{\"@type\":\"ReadAction\",\"target\":[\"https:\/\/neue-herbold.com\/fr\/extension-de-la-gamme-des-broyeurs-serie-sm\/\"]}]},{\"@type\":\"ImageObject\",\"inLanguage\":\"fr-FR\",\"@id\":\"https:\/\/neue-herbold.com\/fr\/extension-de-la-gamme-des-broyeurs-serie-sm\/#primaryimage\",\"url\":\"https:\/\/neue-herbold.com\/wp-content\/uploads\/2014\/12\/SM1000-1200-DSCF2350.jpg\",\"contentUrl\":\"https:\/\/neue-herbold.com\/wp-content\/uploads\/2014\/12\/SM1000-1200-DSCF2350.jpg\"},{\"@type\":\"BreadcrumbList\",\"@id\":\"https:\/\/neue-herbold.com\/fr\/extension-de-la-gamme-des-broyeurs-serie-sm\/#breadcrumb\",\"itemListElement\":[{\"@type\":\"ListItem\",\"position\":1,\"name\":\"Startseite\",\"item\":\"https:\/\/neue-herbold.com\/fr\/\"},{\"@type\":\"ListItem\",\"position\":2,\"name\":\"Extension de la gamme des broyeurs s\u00e9rie SM\"}]},{\"@type\":\"WebSite\",\"@id\":\"https:\/\/neue-herbold.com\/en\/#website\",\"url\":\"https:\/\/neue-herbold.com\/en\/\",\"name\":\"Neue Herbold GmbH\",\"description\":\"\",\"potentialAction\":[{\"@type\":\"SearchAction\",\"target\":{\"@type\":\"EntryPoint\",\"urlTemplate\":\"https:\/\/neue-herbold.com\/en\/?s={search_term_string}\"},\"query-input\":{\"@type\":\"PropertyValueSpecification\",\"valueRequired\":true,\"valueName\":\"search_term_string\"}}],\"inLanguage\":\"fr-FR\"}]}<\/script>\n<!-- \/ Yoast SEO plugin. -->","yoast_head_json":{"title":"Extension de la gamme des broyeurs s\u00e9rie SM - Neue Herbold GmbH","description":"NEUE HERBOLD Maschinen \u2013 und Anlagen GmbH situ\u00e9 \u00e0 Sinsheim, Allemagne a \u00e9tendu sa gamme des broyeurs SM et vous pr\u00e9sente le nouveau broyeur SM1000\/\u2026 .","robots":{"index":"index","follow":"follow","max-snippet":"max-snippet:-1","max-image-preview":"max-image-preview:large","max-video-preview":"max-video-preview:-1"},"canonical":"https:\/\/neue-herbold.com\/fr\/extension-de-la-gamme-des-broyeurs-serie-sm\/","og_locale":"fr_FR","og_type":"article","og_title":"Extension de la gamme des broyeurs s\u00e9rie SM - Neue Herbold GmbH","og_description":"NEUE HERBOLD Maschinen \u2013 und Anlagen GmbH situ\u00e9 \u00e0 Sinsheim, Allemagne a \u00e9tendu sa gamme des broyeurs SM et vous pr\u00e9sente le nouveau broyeur SM1000\/\u2026 .","og_url":"https:\/\/neue-herbold.com\/fr\/extension-de-la-gamme-des-broyeurs-serie-sm\/","og_site_name":"Neue Herbold GmbH","article_modified_time":"2016-06-06T00:50:11+00:00","og_image":[{"url":"https:\/\/neue-herbold.com\/wp-content\/uploads\/2014\/12\/SM1000-1200-DSCF2350.jpg","type":"","width":"","height":""}],"twitter_misc":{"Dur\u00e9e de lecture estim\u00e9e":"1 minute"},"schema":{"@context":"https:\/\/schema.org","@graph":[{"@type":"WebPage","@id":"https:\/\/neue-herbold.com\/fr\/extension-de-la-gamme-des-broyeurs-serie-sm\/","url":"https:\/\/neue-herbold.com\/fr\/extension-de-la-gamme-des-broyeurs-serie-sm\/","name":"Extension de la gamme des broyeurs s\u00e9rie SM - Neue Herbold GmbH","isPartOf":{"@id":"https:\/\/neue-herbold.com\/en\/#website"},"primaryImageOfPage":{"@id":"https:\/\/neue-herbold.com\/fr\/extension-de-la-gamme-des-broyeurs-serie-sm\/#primaryimage"},"image":{"@id":"https:\/\/neue-herbold.com\/fr\/extension-de-la-gamme-des-broyeurs-serie-sm\/#primaryimage"},"thumbnailUrl":"https:\/\/neue-herbold.com\/wp-content\/uploads\/2014\/12\/SM1000-1200-DSCF2350.jpg","datePublished":"2016-06-06T00:36:56+00:00","dateModified":"2016-06-06T00:50:11+00:00","description":"NEUE HERBOLD Maschinen \u2013 und Anlagen GmbH situ\u00e9 \u00e0 Sinsheim, Allemagne a \u00e9tendu sa gamme des broyeurs SM et vous pr\u00e9sente le nouveau broyeur SM1000\/\u2026 .","breadcrumb":{"@id":"https:\/\/neue-herbold.com\/fr\/extension-de-la-gamme-des-broyeurs-serie-sm\/#breadcrumb"},"inLanguage":"fr-FR","potentialAction":[{"@type":"ReadAction","target":["https:\/\/neue-herbold.com\/fr\/extension-de-la-gamme-des-broyeurs-serie-sm\/"]}]},{"@type":"ImageObject","inLanguage":"fr-FR","@id":"https:\/\/neue-herbold.com\/fr\/extension-de-la-gamme-des-broyeurs-serie-sm\/#primaryimage","url":"https:\/\/neue-herbold.com\/wp-content\/uploads\/2014\/12\/SM1000-1200-DSCF2350.jpg","contentUrl":"https:\/\/neue-herbold.com\/wp-content\/uploads\/2014\/12\/SM1000-1200-DSCF2350.jpg"},{"@type":"BreadcrumbList","@id":"https:\/\/neue-herbold.com\/fr\/extension-de-la-gamme-des-broyeurs-serie-sm\/#breadcrumb","itemListElement":[{"@type":"ListItem","position":1,"name":"Startseite","item":"https:\/\/neue-herbold.com\/fr\/"},{"@type":"ListItem","position":2,"name":"Extension de la gamme des broyeurs s\u00e9rie SM"}]},{"@type":"WebSite","@id":"https:\/\/neue-herbold.com\/en\/#website","url":"https:\/\/neue-herbold.com\/en\/","name":"Neue Herbold GmbH","description":"","potentialAction":[{"@type":"SearchAction","target":{"@type":"EntryPoint","urlTemplate":"https:\/\/neue-herbold.com\/en\/?s={search_term_string}"},"query-input":{"@type":"PropertyValueSpecification","valueRequired":true,"valueName":"search_term_string"}}],"inLanguage":"fr-FR"}]}},"_links":{"self":[{"href":"https:\/\/neue-herbold.com\/fr\/wp-json\/wp\/v2\/pages\/9278"}],"collection":[{"href":"https:\/\/neue-herbold.com\/fr\/wp-json\/wp\/v2\/pages"}],"about":[{"href":"https:\/\/neue-herbold.com\/fr\/wp-json\/wp\/v2\/types\/page"}],"author":[{"embeddable":true,"href":"https:\/\/neue-herbold.com\/fr\/wp-json\/wp\/v2\/users\/1"}],"replies":[{"embeddable":true,"href":"https:\/\/neue-herbold.com\/fr\/wp-json\/wp\/v2\/comments?post=9278"}],"version-history":[{"count":3,"href":"https:\/\/neue-herbold.com\/fr\/wp-json\/wp\/v2\/pages\/9278\/revisions"}],"predecessor-version":[{"id":9291,"href":"https:\/\/neue-herbold.com\/fr\/wp-json\/wp\/v2\/pages\/9278\/revisions\/9291"}],"wp:attachment":[{"href":"https:\/\/neue-herbold.com\/fr\/wp-json\/wp\/v2\/media?parent=9278"}],"curies":[{"name":"wp","href":"https:\/\/api.w.org\/{rel}","templated":true}]}}