{"id":9253,"date":"2016-06-06T01:58:06","date_gmt":"2016-06-05T23:58:06","guid":{"rendered":"https:\/\/neue-herbold.com\/fr\/technischer-fragebogen\/"},"modified":"2019-05-23T16:52:20","modified_gmt":"2019-05-23T14:52:20","slug":"questionnaire-technique","status":"publish","type":"page","link":"https:\/\/neue-herbold.com\/fr\/questionnaire-technique\/","title":{"rendered":"Questionnaire technique"},"content":{"rendered":"\n<div class=\"wpcf7 no-js\" id=\"wpcf7-f15321-o1\" lang=\"de-DE\" dir=\"ltr\" data-wpcf7-id=\"15321\">\n<div class=\"screen-reader-response\"><p role=\"status\" aria-live=\"polite\" aria-atomic=\"true\"><\/p> <ul><\/ul><\/div>\n<form action=\"\/fr\/wp-json\/wp\/v2\/pages\/9253#wpcf7-f15321-o1\" method=\"post\" class=\"wpcf7-form init\" aria-label=\"Kontaktformular\" novalidate=\"novalidate\" data-status=\"init\">\n<div style=\"display: none;\">\n<input type=\"hidden\" name=\"_wpcf7\" value=\"15321\" \/>\n<input type=\"hidden\" name=\"_wpcf7_version\" value=\"6.0.6\" \/>\n<input type=\"hidden\" name=\"_wpcf7_locale\" value=\"de_DE\" \/>\n<input type=\"hidden\" name=\"_wpcf7_unit_tag\" value=\"wpcf7-f15321-o1\" \/>\n<input type=\"hidden\" name=\"_wpcf7_container_post\" value=\"0\" \/>\n<input type=\"hidden\" name=\"_wpcf7_posted_data_hash\" value=\"\" \/>\n<\/div>\n<p><label> Soci\u00e9t\u00e9 :<br \/>\n<span class=\"wpcf7-form-control-wrap\" data-name=\"firma\"><input size=\"40\" maxlength=\"400\" class=\"wpcf7-form-control wpcf7-text\" aria-invalid=\"false\" value=\"\" type=\"text\" name=\"firma\" \/><\/span> <\/label>\n<\/p>\n<p><label> Interlocuteur(*) :<br \/>\n<span class=\"wpcf7-form-control-wrap\" data-name=\"ansprechpartner\"><input size=\"40\" maxlength=\"400\" class=\"wpcf7-form-control wpcf7-text wpcf7-validates-as-required\" aria-required=\"true\" aria-invalid=\"false\" value=\"\" type=\"text\" name=\"ansprechpartner\" \/><\/span> <\/label>\n<\/p>\n<p><label> Rue \/ num\u00e9ro de rue :<br \/>\n<span class=\"wpcf7-form-control-wrap\" data-name=\"strasse\"><input size=\"40\" maxlength=\"400\" class=\"wpcf7-form-control wpcf7-text\" aria-invalid=\"false\" value=\"\" type=\"text\" name=\"strasse\" \/><\/span> <\/label>\n<\/p>\n<p><label> Code postal - ville :<br \/>\n<span class=\"wpcf7-form-control-wrap\" data-name=\"plz-ort\"><input size=\"40\" maxlength=\"400\" class=\"wpcf7-form-control wpcf7-text\" aria-invalid=\"false\" value=\"\" type=\"text\" name=\"plz-ort\" \/><\/span> <\/label>\n<\/p>\n<p><label> T\u00e9l\u00e9phone :<br \/>\n<span class=\"wpcf7-form-control-wrap\" data-name=\"telefon\"><input size=\"40\" maxlength=\"400\" class=\"wpcf7-form-control wpcf7-text\" aria-invalid=\"false\" value=\"\" type=\"text\" name=\"telefon\" \/><\/span> <\/label>\n<\/p>\n<p><label> Email(*) :<br \/>\n<span class=\"wpcf7-form-control-wrap\" data-name=\"e-mail\"><input size=\"40\" maxlength=\"400\" class=\"wpcf7-form-control wpcf7-email wpcf7-validates-as-required wpcf7-text wpcf7-validates-as-email\" aria-required=\"true\" aria-invalid=\"false\" value=\"\" type=\"email\" name=\"e-mail\" \/><\/span> <\/label>\n<\/p>\n<p><label> Type des pi\u00e8ces \u00e0 broyer :<br \/>\n<span class=\"wpcf7-form-control-wrap\" data-name=\"pieces_a_broyer\"><input size=\"40\" maxlength=\"400\" class=\"wpcf7-form-control wpcf7-text\" aria-invalid=\"false\" value=\"\" type=\"text\" name=\"pieces_a_broyer\" \/><\/span> <\/label>\n<\/p>\n<p><label> Mati\u00e8re :<br \/>\n<span class=\"wpcf7-form-control-wrap\" data-name=\"matiere\"><input size=\"40\" maxlength=\"400\" class=\"wpcf7-form-control wpcf7-text\" aria-invalid=\"false\" value=\"\" type=\"text\" name=\"matiere\" \/><\/span> <\/label>\n<\/p>\n<p><label> Origine des pi\u00e8ces \/ Mode de fabrication :<br \/>\n<span class=\"wpcf7-form-control-wrap\" data-name=\"origine_des_pieces\"><input size=\"40\" maxlength=\"400\" class=\"wpcf7-form-control wpcf7-text\" aria-invalid=\"false\" value=\"\" type=\"text\" name=\"origine_des_pieces\" \/><\/span> <\/label>\n<\/p>\n<p><label> Dimensions des pi\u00e8ces :<br \/>\n<span class=\"wpcf7-form-control-wrap\" data-name=\"dimensions_des_pieces\"><input size=\"40\" maxlength=\"400\" class=\"wpcf7-form-control wpcf7-text\" aria-invalid=\"false\" placeholder=\"Longueur x largeur x hauteur en mm\" value=\"\" type=\"text\" name=\"dimensions_des_pieces\" \/><\/span> <\/label>\n<\/p>\n<p><label> Taille finale des granules :<br \/>\n<span class=\"wpcf7-form-control-wrap\" data-name=\"finale_granules\"><input size=\"40\" maxlength=\"400\" class=\"wpcf7-form-control wpcf7-text\" aria-invalid=\"false\" value=\"\" type=\"text\" name=\"finale_granules\" \/><\/span> <\/label>\n<\/p>\n<p><label> D\u00e9bit :<br \/>\n<span class=\"wpcf7-form-control-wrap\" data-name=\"debit\"><input size=\"40\" maxlength=\"400\" class=\"wpcf7-form-control wpcf7-text\" aria-invalid=\"false\" placeholder=\"kg \/ h\" value=\"\" type=\"text\" name=\"debit\" \/><\/span> <\/label>\n<\/p>\n<p><label> Comment doit s\u2019effectuer le chargement :<br \/>\n<span class=\"wpcf7-form-control-wrap\" data-name=\"chargement\"><input size=\"40\" maxlength=\"400\" class=\"wpcf7-form-control wpcf7-text\" aria-invalid=\"false\" value=\"\" type=\"text\" name=\"chargement\" \/><\/span> <\/label>\n<\/p>\n<p><label> Mode d\u2019\u00e9vacuation de la mati\u00e8re :<br \/>\n<span class=\"wpcf7-form-control-wrap\" data-name=\"evacuation_matiere\"><input size=\"40\" maxlength=\"400\" class=\"wpcf7-form-control wpcf7-text\" aria-invalid=\"false\" value=\"\" type=\"text\" name=\"evacuation_matiere\" \/><\/span> <\/label>\n<\/p>\n<p><strong>Pieces de Rechange<\/strong>\n<\/p>\n<p>Souhaitez-vous des pi\u00e8ces de rechange pour vos machines existantes ?\n<\/p>\n<p><label> Si oui, lesquelles :<br \/>\n<span class=\"wpcf7-form-control-wrap\" data-name=\"si_lesquelles\"><input size=\"40\" maxlength=\"400\" class=\"wpcf7-form-control wpcf7-text\" aria-invalid=\"false\" value=\"\" type=\"text\" name=\"si_lesquelles\" \/><\/span> <\/label>\n<\/p>\n<p><label> Machines actuelles :<br \/>\n<span class=\"wpcf7-form-control-wrap\" data-name=\"machines_actuelles\"><input size=\"40\" maxlength=\"400\" class=\"wpcf7-form-control wpcf7-text\" aria-invalid=\"false\" placeholder=\"fabricant ? Type\" value=\"\" type=\"text\" name=\"machines_actuelles\" \/><\/span> <\/label>\n<\/p>\n<p><label> Particularit\u00e9s :<br \/>\n<span class=\"wpcf7-form-control-wrap\" data-name=\"particularites\"><input size=\"40\" maxlength=\"400\" class=\"wpcf7-form-control wpcf7-text\" aria-invalid=\"false\" value=\"\" type=\"text\" name=\"particularites\" \/><\/span> <\/label>\n<\/p>\n<p><strong>Accessoires<\/strong>\n<\/p>\n<p><strong>Veuillez nous \u00e9tablir une offre pour :<\/strong><br \/>\n<span class=\"wpcf7-form-control-wrap\" data-name=\"offre_pour\"><span class=\"wpcf7-form-control wpcf7-checkbox\"><span class=\"wpcf7-list-item first\"><input type=\"checkbox\" name=\"offre_pour[]\" value=\"S\u00e9parateur de poudre\" \/><span class=\"wpcf7-list-item-label\">S\u00e9parateur de poudre<\/span><\/span><span class=\"wpcf7-list-item\"><input type=\"checkbox\" name=\"offre_pour[]\" value=\"S\u00e9parateur de m\u00e9taux\" \/><span class=\"wpcf7-list-item-label\">S\u00e9parateur de m\u00e9taux<\/span><\/span><span class=\"wpcf7-list-item\"><input type=\"checkbox\" name=\"offre_pour[]\" value=\"Installation d\u2019aspiration\" \/><span class=\"wpcf7-list-item-label\">Installation d\u2019aspiration<\/span><\/span><span class=\"wpcf7-list-item\"><input type=\"checkbox\" name=\"offre_pour[]\" value=\"Soufflante de transport\" \/><span class=\"wpcf7-list-item-label\">Soufflante de transport<\/span><\/span><span class=\"wpcf7-list-item\"><input type=\"checkbox\" name=\"offre_pour[]\" value=\"S\u00e9parateur cyclonique\" \/><span class=\"wpcf7-list-item-label\">S\u00e9parateur cyclonique<\/span><\/span><span class=\"wpcf7-list-item\"><input type=\"checkbox\" name=\"offre_pour[]\" value=\"Tapis transporteur\" \/><span class=\"wpcf7-list-item-label\">Tapis transporteur<\/span><\/span><span class=\"wpcf7-list-item\"><input type=\"checkbox\" name=\"offre_pour[]\" value=\"Filtre \u00e0 air\" \/><span class=\"wpcf7-list-item-label\">Filtre \u00e0 air<\/span><\/span><span class=\"wpcf7-list-item last\"><input type=\"checkbox\" name=\"offre_pour[]\" value=\"Conduites (tuyauterie)\" \/><span class=\"wpcf7-list-item-label\">Conduites (tuyauterie)<\/span><\/span><\/span><\/span>\n<\/p>\n<p><strong><span style=\"color: rgb(255, 0, 0);\">Fax Service Clients:<\/span><\/strong> +49 7261 \/ 9248-98\n<\/p>\n<p><span class=\"wpcf7-form-control-wrap\" data-name=\"dse-ok\"><span class=\"wpcf7-form-control wpcf7-acceptance\"><span class=\"wpcf7-list-item\"><label><input type=\"checkbox\" name=\"dse-ok\" value=\"1\" aria-invalid=\"false\" \/><span class=\"wpcf7-list-item-label\"><strong>(*)J'ai lu la <a href=\"https:\/\/neue-herbold.com\/fr\/politique-de-confidentialite\/\" target=\"_blank\" rel=\"noopener\">politique de confidentialit\u00e9<\/a>. J'accepte que mes d\u00e9tails et donn\u00e9es soient collect\u00e9s et stock\u00e9s \u00e9lectroniquement pour r\u00e9pondre \u00e0 ma demande. Remarque: vous pouvez r\u00e9voquer votre consentement \u00e0 tout moment pour l'avenir en envoyant un courrier \u00e9lectronique \u00e0 <a href=\"mailto:info@neue-herbold.de\" rel=\"noopener\">info@neue-herbold.de<\/a>.<\/span><\/label><\/span><\/span><\/span>\n<\/p>\n<p>Les champs marqu\u00e9s d'un (*) sont obligatoires.\n<\/p>\n<p><input class=\"wpcf7-form-control wpcf7-submit has-spinner\" type=\"submit\" value=\"Envoyer\" \/>\n<\/p><div class=\"wpcf7-response-output\" aria-hidden=\"true\"><\/div>\n<\/form>\n<\/div>\n\n","protected":false},"excerpt":{"rendered":"<p><span class=\"ellipsis\">&hellip;<\/span><\/p>\n<div class=\"read-more\"><a href=\"https:\/\/neue-herbold.com\/fr\/questionnaire-technique\/\">Lire la suite &#8250;<\/a><\/div>\n<p><!-- end of .read-more --><\/p>\n","protected":false},"author":1,"featured_media":0,"parent":0,"menu_order":0,"comment_status":"closed","ping_status":"closed","template":"","meta":{"footnotes":""},"class_list":["post-9253","page","type-page","status-publish","hentry"],"yoast_head":"<!-- This site is optimized with the Yoast SEO plugin v25.4 - https:\/\/yoast.com\/wordpress\/plugins\/seo\/ -->\n<title>Questionnaire technique - Neue Herbold GmbH<\/title>\n<meta name=\"robots\" content=\"index, follow, max-snippet:-1, max-image-preview:large, max-video-preview:-1\" \/>\n<link rel=\"canonical\" href=\"https:\/\/neue-herbold.com\/fr\/questionnaire-technique\/\" \/>\n<meta property=\"og:locale\" content=\"fr_FR\" \/>\n<meta property=\"og:type\" content=\"article\" \/>\n<meta property=\"og:title\" content=\"Questionnaire technique - Neue Herbold GmbH\" \/>\n<meta property=\"og:description\" content=\"&hellip;Lire la suite &#8250;\" \/>\n<meta property=\"og:url\" content=\"https:\/\/neue-herbold.com\/fr\/questionnaire-technique\/\" \/>\n<meta property=\"og:site_name\" content=\"Neue Herbold GmbH\" \/>\n<meta property=\"article:modified_time\" content=\"2019-05-23T14:52:20+00:00\" \/>\n<script type=\"application\/ld+json\" class=\"yoast-schema-graph\">{\"@context\":\"https:\/\/schema.org\",\"@graph\":[{\"@type\":\"WebPage\",\"@id\":\"https:\/\/neue-herbold.com\/fr\/questionnaire-technique\/\",\"url\":\"https:\/\/neue-herbold.com\/fr\/questionnaire-technique\/\",\"name\":\"Questionnaire technique - Neue Herbold GmbH\",\"isPartOf\":{\"@id\":\"https:\/\/neue-herbold.com\/en\/#website\"},\"datePublished\":\"2016-06-05T23:58:06+00:00\",\"dateModified\":\"2019-05-23T14:52:20+00:00\",\"breadcrumb\":{\"@id\":\"https:\/\/neue-herbold.com\/fr\/questionnaire-technique\/#breadcrumb\"},\"inLanguage\":\"fr-FR\",\"potentialAction\":[{\"@type\":\"ReadAction\",\"target\":[\"https:\/\/neue-herbold.com\/fr\/questionnaire-technique\/\"]}]},{\"@type\":\"BreadcrumbList\",\"@id\":\"https:\/\/neue-herbold.com\/fr\/questionnaire-technique\/#breadcrumb\",\"itemListElement\":[{\"@type\":\"ListItem\",\"position\":1,\"name\":\"Startseite\",\"item\":\"https:\/\/neue-herbold.com\/fr\/\"},{\"@type\":\"ListItem\",\"position\":2,\"name\":\"Questionnaire technique\"}]},{\"@type\":\"WebSite\",\"@id\":\"https:\/\/neue-herbold.com\/en\/#website\",\"url\":\"https:\/\/neue-herbold.com\/en\/\",\"name\":\"Neue Herbold GmbH\",\"description\":\"\",\"potentialAction\":[{\"@type\":\"SearchAction\",\"target\":{\"@type\":\"EntryPoint\",\"urlTemplate\":\"https:\/\/neue-herbold.com\/en\/?s={search_term_string}\"},\"query-input\":{\"@type\":\"PropertyValueSpecification\",\"valueRequired\":true,\"valueName\":\"search_term_string\"}}],\"inLanguage\":\"fr-FR\"}]}<\/script>\n<!-- \/ Yoast SEO plugin. -->","yoast_head_json":{"title":"Questionnaire technique - Neue Herbold GmbH","robots":{"index":"index","follow":"follow","max-snippet":"max-snippet:-1","max-image-preview":"max-image-preview:large","max-video-preview":"max-video-preview:-1"},"canonical":"https:\/\/neue-herbold.com\/fr\/questionnaire-technique\/","og_locale":"fr_FR","og_type":"article","og_title":"Questionnaire technique - Neue Herbold GmbH","og_description":"&hellip;Lire la suite &#8250;","og_url":"https:\/\/neue-herbold.com\/fr\/questionnaire-technique\/","og_site_name":"Neue Herbold GmbH","article_modified_time":"2019-05-23T14:52:20+00:00","schema":{"@context":"https:\/\/schema.org","@graph":[{"@type":"WebPage","@id":"https:\/\/neue-herbold.com\/fr\/questionnaire-technique\/","url":"https:\/\/neue-herbold.com\/fr\/questionnaire-technique\/","name":"Questionnaire technique - Neue Herbold GmbH","isPartOf":{"@id":"https:\/\/neue-herbold.com\/en\/#website"},"datePublished":"2016-06-05T23:58:06+00:00","dateModified":"2019-05-23T14:52:20+00:00","breadcrumb":{"@id":"https:\/\/neue-herbold.com\/fr\/questionnaire-technique\/#breadcrumb"},"inLanguage":"fr-FR","potentialAction":[{"@type":"ReadAction","target":["https:\/\/neue-herbold.com\/fr\/questionnaire-technique\/"]}]},{"@type":"BreadcrumbList","@id":"https:\/\/neue-herbold.com\/fr\/questionnaire-technique\/#breadcrumb","itemListElement":[{"@type":"ListItem","position":1,"name":"Startseite","item":"https:\/\/neue-herbold.com\/fr\/"},{"@type":"ListItem","position":2,"name":"Questionnaire technique"}]},{"@type":"WebSite","@id":"https:\/\/neue-herbold.com\/en\/#website","url":"https:\/\/neue-herbold.com\/en\/","name":"Neue Herbold GmbH","description":"","potentialAction":[{"@type":"SearchAction","target":{"@type":"EntryPoint","urlTemplate":"https:\/\/neue-herbold.com\/en\/?s={search_term_string}"},"query-input":{"@type":"PropertyValueSpecification","valueRequired":true,"valueName":"search_term_string"}}],"inLanguage":"fr-FR"}]}},"_links":{"self":[{"href":"https:\/\/neue-herbold.com\/fr\/wp-json\/wp\/v2\/pages\/9253"}],"collection":[{"href":"https:\/\/neue-herbold.com\/fr\/wp-json\/wp\/v2\/pages"}],"about":[{"href":"https:\/\/neue-herbold.com\/fr\/wp-json\/wp\/v2\/types\/page"}],"author":[{"embeddable":true,"href":"https:\/\/neue-herbold.com\/fr\/wp-json\/wp\/v2\/users\/1"}],"replies":[{"embeddable":true,"href":"https:\/\/neue-herbold.com\/fr\/wp-json\/wp\/v2\/comments?post=9253"}],"version-history":[{"count":3,"href":"https:\/\/neue-herbold.com\/fr\/wp-json\/wp\/v2\/pages\/9253\/revisions"}],"predecessor-version":[{"id":15338,"href":"https:\/\/neue-herbold.com\/fr\/wp-json\/wp\/v2\/pages\/9253\/revisions\/15338"}],"wp:attachment":[{"href":"https:\/\/neue-herbold.com\/fr\/wp-json\/wp\/v2\/media?parent=9253"}],"curies":[{"name":"wp","href":"https:\/\/api.w.org\/{rel}","templated":true}]}}