{"id":9205,"date":"2016-06-06T01:18:20","date_gmt":"2016-06-05T23:18:20","guid":{"rendered":"https:\/\/neue-herbold.com\/fr\/lieferprogramm\/"},"modified":"2016-06-09T00:27:08","modified_gmt":"2016-06-08T22:27:08","slug":"programme-de-livraison","status":"publish","type":"page","link":"https:\/\/neue-herbold.com\/fr\/programme-de-livraison\/","title":{"rendered":"Programme de Livraison"},"content":{"rendered":"<h4><strong>Notre Programme de Livraison:<\/strong><\/h4>\n<h1><strong>D\u00e9chiqueteuse \/ coupage pr\u00e9alable <\/strong><\/h1>\n<p><strong>D\u00e9chiqueteuse \u00e0 axe unitaire type <a href=\"https:\/\/neue-herbold.com\/fr\/dechiqueteuse-hzr-a-axe-unique\/\">HZR<\/a><\/strong><\/p>\n<p>Coupage pr\u00e9alable des balles, des pneus usag\u00e9s, pour les combustibles de substitution, pour les d\u00e9chets post-consommation<\/p>\n<p><strong>D\u00e9chiqueteuse \u00e0 deux axes type <a href=\"https:\/\/neue-herbold.com\/fr\/dechiqueteuse-a-deux-axes-zrm\/\">ZRM<\/a><\/strong><br \/> Coupage pr\u00e9alable des masses des mat\u00e9riaux grands\/encombrants<br \/> Coupage pr\u00e9alable des paquets des films<br \/> Coupage pr\u00e9alable des tonneaus<\/p>\n<p><strong>D\u00e9chiqueteuse \u00e0 polystyr\u00e8ne type <a href=\"https:\/\/neue-herbold.com\/fr\/dechiqueteuse-polystyrene-rl\/\">RL<\/a><\/strong><br \/> Broyage du polystyr\u00e8ne expans\u00e9<br \/> Broyage de la mousse de polyur\u00e9thane<\/p>\n<p><strong>Concaisseurs \u00e0 vis type <a href=\"https:\/\/neue-herbold.com\/fr\/concasseurs-a-vis-serie-sb\/\">SB<\/a><\/strong><br \/> Coupage pr\u00e9alable des palettes en bois<br \/> Coupage pr\u00e9alable des tambours de c\u00e2ble<br \/> Coupage pr\u00e9alable des panneaux isolants<br \/> Coupage pr\u00e9alable des pierres en b\u00e9ton cellulaire<br \/> Concassage des balles des d\u00e9chets press\u00e9es<\/p>\n<p><strong>Ciseaux \u00e0 guillotine type <a href=\"https:\/\/neue-herbold.com\/fr\/ciseaux-a-guillotine\/\">GS<\/a><br \/> <\/strong>Division en portions des fibres<br \/> Division en portions des fils<br \/> Division en portions des films adh\u00e9rents une \u00e0 l\u2019autre<br \/> Division en portions des grands gateaux en plastique<br \/> Division en portions des balles en caoutchouc etc.<\/p>\n<h2><strong>Broyeurs<\/strong><\/h2>\n<p><strong>Broyeurs type <a href=\"https:\/\/neue-herbold.com\/fr\/broyeurs-lm\/\">LM<\/a><\/strong><br \/> Broyage des films (par exemple en ligne)<br \/> Broyage des bo\u00eetes<br \/> Broyage des tuyaux en PVC<br \/> Broyage des tubes en PE aux parois minces<br \/> Broyage des tuyaux en PP aux parois minces<br \/> Broyage de profils<br \/> Broyage des pare-chocs<br \/> Broyage des grilles de d\u00e9coupage<br \/> Broyage des carottes de moulage par injection<br \/> Broyage des pi\u00e8ces embouties<\/p>\n<p><strong>Broyeurs type <a href=\"https:\/\/neue-herbold.com\/fr\/broyeurs-sm\/\">SM<\/a><\/strong><br \/> Broyage des g\u00e2teaux en plastique massifs<br \/> Broyage des blocs de purge en plastique<br \/> Broyage des balles en caoutchouc etc.<br \/> Broyage des profils pleins<br \/> Broyage des plats aux parois \u00e9paisses<br \/> Broyage des caisses \u00e0 bouteilles<br \/> Broyage des fibres en polyamide<br \/> Broyage des paquets en film<\/p>\n<p><strong>Broyeurs type <a href=\"https:\/\/neue-herbold.com\/fr\/broyeurs-smv\/\">SMV<\/a> \/ <a href=\"https:\/\/neue-herbold.com\/fr\/broyeurs-sx\/\">SX<\/a><\/strong><br \/> Broyage des films minces (par exemple films BOPP, BOPET, PP)<br \/> Broyage des pelotes de fils<br \/> Broyage des big-bags en PP<br \/> Broyage des paquets des films<\/p>\n<p><strong>Broyeurs type <a href=\"https:\/\/neue-herbold.com\/fr\/broyeur-pour-profiles-sr-lp\/\">SR<\/a> + <a href=\"https:\/\/neue-herbold.com\/fr\/broyeur-pour-profiles-sr-lp\/\">LP<\/a><\/strong><br \/> Broyage des tuyaux et profiles longs<\/p>\n<h2><strong>Microniseurs \/ Broyage fin<\/strong><\/h2>\n<p><strong>Microniseurs type<\/strong> <a href=\"https:\/\/neue-herbold.com\/fr\/microniseur-zm\/\"><strong>ZM<\/strong><\/a><br \/> Broyage fin des granul\u00e9s PE<br \/> Broyage fin des granul\u00e9s PVC<br \/> Broyage fin des granul\u00e9s PC<br \/> Broyage fin des autres granul\u00e9s en plastique<\/p>\n<h2><strong>Broyeurs \u00e0 marteaux<\/strong><\/h2>\n<p><strong>Broyeurs \u00e0 marteaux type<\/strong> <a href=\"https:\/\/neue-herbold.com\/fr\/broyeur-a-marteaux-hm\/\"><strong>HM<\/strong><\/a><br \/> Broyage des plastiques cassantes<br \/> Broyage des dech\u00e8ts \u00e9lectroniques<br \/> Broyage du bois<br \/> Broyage des mat\u00e9riaux isolants<\/p>\n<h2><strong>Lignes de lavage, de s\u00e9paration et de recyclage pour des plastiques souill\u00e9es \/ d\u00e9chets en plastique<\/strong><\/h2>\n<p>Concevus pour les d\u00e9chets en plastique, les syst\u00e8mes de Neue Herbold poursuivent les objectifs suivants: Concassage \/ broyage selon les besoins du client (sous eau ou sec), s\u00e9paration des mati\u00e8res \u00e9trang\u00e8res, lavage des flocons\/granul\u00e9s en plastique.<\/p>\n<p>Suivant, quelques exemples pour l\u2019utilisation des lignes de lavage :<\/p>\n<p>Traitement sous eau (broyeurs de lavage, r\u00e9servoir de s\u00e9paration, s\u00e9paration par friction, centrifuges de s\u00e9chage, s\u00e9chage thermique pour le recyclage des plastiques).<\/p>\n<p><strong>Ci-suivant quelques exemples pour les lignes de lavage :<\/strong><\/p>\n<p>Traitement sous eau (broyeurs de lavage, r\u00e9servoir de s\u00e9paration, laveurs intensifs, s\u00e9chage m\u00e9chanique (centrifuges), s\u00e9chage thermique pour la recyclage des plastiques)<\/p>\n<p><strong>PE \/ PP \u2013 d\u00e9chets des bouteilles<\/strong> pour des d\u00e9bits de 250 jusqu\u2019\u00e0 2000 kg\/h<br \/> <strong>PE \/ PP \u2013 caisses de boissons<\/strong> pour des d\u00e9bits de 250 jusqu\u2019\u00e0 2000 kg\/h<br \/> <strong>PE \/ PP \u2013 d\u00e9chets des films<\/strong> (agriculturels, ou films sortants d\u2019un tri) pour des d\u00e9bits de 250 jusqu\u2019\u00e0 2000 kg\/h<br \/> <strong>PET \u2013 recyclage des bouteilles<\/strong> pour des d\u00e9bits de 250 jusqu\u2019\u00e0 1000 kg\/h<br \/> <strong>Syst\u00e8mes pour le recyclage des mati\u00e8res plastiques techniques<br \/> Syst\u00e8mes de lavage pour le recyclage des d\u00e9chets plastiques(broyage, lavage, s\u00e9paration, s\u00e9chage \u2013 conception modulaire)<\/strong><\/p>\n<p><strong>Suivant des autres machines lesquelles nous offrons et pour l\u2019am\u00e9lioration des syst\u00e8mes existants et pour des nouvelles syst\u00e8mes complets :<\/strong><\/p>\n<p>Silos tampons de la gamme <a href=\"https:\/\/neue-herbold.com\/fr\/silos-a-film-fs\/\"><strong>FS<\/strong><\/a><br \/> Pour le stockage et pour un chargement uniforme de la partie de lavage et s\u00e9paration dans un syst\u00e8me de lavage<\/p>\n<p>Reservoirs de s\u00e9paration de la gamme <a href=\"https:\/\/neue-herbold.com\/fr\/silos-cylindriques\/\"><strong>TB<\/strong><\/a><br \/> Pour la s\u00e9paration de la mati\u00e8re broy\u00e9e en une fraction lourde et une fraction l\u00e9g\u00e8re<\/p>\n<p><strong>Laveurs de friction de la gamme<\/strong> <a href=\"https:\/\/neue-herbold.com\/fr\/laveurs-a-friction-separateurs-a-friction-fw\/\"><strong>FW<\/strong><\/a><br \/> Pour le lavage des fractions des mati\u00e8res rebroy\u00e9es, de pr\u00e9f\u00e9rence des particules des films, des granul\u00e9es de PET et autres plastiques en plastique dure.<\/p>\n<p>Laveurs intensifs de la gamme <a href=\"https:\/\/neue-herbold.com\/fr\/laveur-intensif-iw\/\"><strong>IW<\/strong><\/a><br \/> Pour le lavage des surfaces des broy\u00e9es<\/p>\n<p>S\u00e9cheurs m\u00e9chaniques de la gamme <a href=\"https:\/\/neue-herbold.com\/fr\/secheurs-mecaniques-tm\/\"><strong>TM<\/strong><\/a><br \/> Pour le s\u00e9chage m\u00e9chanique des broy\u00e9es<\/p>\n<p>S\u00e9cheurs m\u00e9chaniques de la gamme <a href=\"https:\/\/neue-herbold.com\/fr\/secheur-thermique-tt\/\"><strong>TT<\/strong><\/a><br \/> S\u00e9chage final du mat\u00e9riel pour une humidit\u00e9e plus petite que 1% du poids<\/p>\n<p>S\u00e9parateurs des fins de la gamme <a href=\"https:\/\/neue-herbold.com\/fr\/separateurs-de-particules-fines\/\"><strong>HS<\/strong><\/a><br \/> Pour la s\u00e9paration des fins et de la poussi\u00e8re qui adh\u00e8rent au mat\u00e9riel broy\u00e9<\/p>\n<p>Cribleuses vibrantes de la gamme <a href=\"https:\/\/neue-herbold.com\/fr\/tamis-oscillant-tsm\/\"><strong>TSM<\/strong><\/a><br \/> Pour la s\u00e9paration des petites particules et restes des mat\u00e9riaux par criblage<\/p>\n<p><strong>Recyclage des mati\u00e8res valorisables<\/strong><\/p>\n<p>Recyclage des c\u00e2bles (broyage, s\u00e9paration des m\u00e9taux et plastiques)<br \/> Syst\u00e8mes pour le broyage de laine de verre \/ laine min\u00e9rale<br \/> Syst\u00e8mes pour le broyage des briques en b\u00e9ton \/ briques silico-calcaires<br \/> Syst\u00e8mes pour le broyage des bois us\u00e9s \/ palettes en bois<\/p>\n<p><strong><a href=\"https:\/\/neue-herbold.com\/fr\/accessoires\/\">Accessoires<\/a> <\/strong>\/<strong> <a href=\"https:\/\/neue-herbold.com\/fr\/enquete-de-service\/\">Service<\/a> <\/strong>\/<strong> <a href=\"https:\/\/neue-herbold.com\/fr\/reparations-de-broyeurs\/\">R\u00e9parations<\/a> \/ <a href=\"https:\/\/neue-herbold.com\/fr\/pieces-de-rechange\/\">Pi\u00e8ces d\u00e9tach\u00e9s<\/a><\/strong><\/p>\n<p>Il va de soi que notre gamme des produits contient aussi les components n\u00e9cessaires en ligne avant et apr\u00e8s nos machines, comme par exemple des bandes convoyeurs, alimentation par rouleaux, <strong><a href=\"https:\/\/neue-herbold.com\/fr\/separateurs-des-metaux\/\">d\u00e9tecteurs de m\u00e9taux<\/a><\/strong>, s\u00e9parateurs des m\u00e9taux, aimants sur bande, appareils de basculement hydrauliques, transporteurs \u00e0 vis, roues cellulaires, tables vibrantes, tables de s\u00e9paration, technique de s\u00e9paration, <a href=\"https:\/\/neue-herbold.com\/fr\/systemes-devacuation\/\"><strong>installations d\u2019aspiration<\/strong><\/a>, <a href=\"https:\/\/neue-herbold.com\/fr\/separateurs-zigzag\/\"><strong>cascades de s\u00e9paration pneumatiques<\/strong><\/a>, cyclones, <strong><a href=\"https:\/\/neue-herbold.com\/fr\/separateurs-de-particules-fines\/\">s\u00e9parateurs des particules fines<\/a><\/strong>, syst\u00e8mes de filtration , souffleries \u00e0 moteur (gamme MFT), stations big-bag etc.<\/p>\n<p><strong>Avec du plaisir nous servissions et r\u00e9parons vos machines et vous fournissons avec les pi\u00e8ces d\u00e9tach\u00e9es, n\u2019importe si pour nos propres produits ou pour des produits concurrents.<\/strong><\/p>\n","protected":false},"excerpt":{"rendered":"<p><strong>Notre Programme de Livraison:<\/strong><br \/>\n<strong>D\u00e9chiqueteuse \/ coupage pr\u00e9alable <\/strong><\/p>\n<p><strong>D\u00e9chiqueteuse \u00e0 axe unitaire type <a href=\"https:\/\/neue-herbold.com\/fr\/dechiqueteuse-hzr-a-axe-unique\/\">HZR<\/a><\/strong><\/p>\n<p>Coupage pr\u00e9alable des balles, des pneus usag\u00e9s, pour les combustibles de substitution, pour les d\u00e9chets post-consommation<\/p>\n<p><strong>D\u00e9chiqueteuse \u00e0 deux axes type <a href=\"https:\/\/neue-herbold.com\/fr\/dechiqueteuse-a-deux-axes-zrm\/\">ZRM<\/a><\/strong><br \/> Coupage pr\u00e9alable des masses des mat\u00e9riaux grands\/encombrants<br \/> Coupage pr\u00e9alable des paquets des films<br \/> Coupage pr\u00e9alable des tonneaus<\/p>\n<p><strong>D\u00e9chiqueteuse \u00e0 polystyr\u00e8ne type <a href=\"https:\/\/neue-herbold.com\/fr\/dechiqueteuse-polystyrene-rl\/\">RL<\/a><\/strong><br \/> Broyage du polystyr\u00e8ne expans\u00e9<br \/> Broyage de la mousse de polyur\u00e9thane<\/p>\n<p><strong>Concaisseurs \u00e0 vis type <a href=\"https:\/\/neue-herbold.com\/fr\/concasseurs-a-vis-serie-sb\/\">SB<\/a><\/strong><br \/> Coupage pr\u00e9alable des palettes en bois<br \/> Coupage pr\u00e9alable des tambours de c\u00e2ble<br \/> Coupage pr\u00e9alable des panneaux isolants<br \/> Coupage pr\u00e9alable des pierres en b\u00e9ton cellulaire<br \/> Concassage des balles des d\u00e9chets press\u00e9es<\/p>\n<p><strong>Ciseaux \u00e0 guillotine type <a href=\"https:\/\/neue-herbold.com\/fr\/ciseaux-a-guillotine\/\">GS<\/a><br \/> <\/strong>Division en portions des fibres<br \/> Division en portions des fils<br \/> Division en portions des films adh\u00e9rents une \u00e0 l\u2019autre<br \/> Division en portions des grands gateaux en plastique<br \/> Division en portions des balles en caoutchouc etc.<\/p>\n<p><span class=\"ellipsis\">&hellip;<\/span><\/p>\n<div class=\"read-more\"><a href=\"https:\/\/neue-herbold.com\/fr\/programme-de-livraison\/\">Lire la suite &#8250;<\/a><\/div>\n<p><!-- end of .read-more --><\/p>\n","protected":false},"author":1,"featured_media":0,"parent":0,"menu_order":0,"comment_status":"closed","ping_status":"closed","template":"","meta":{"footnotes":""},"class_list":["post-9205","page","type-page","status-publish","hentry"],"yoast_head":"<!-- This site is optimized with the Yoast SEO plugin v25.4 - https:\/\/yoast.com\/wordpress\/plugins\/seo\/ -->\n<title>Lieferprogramm - Neue Herbold GmbH - Sinsheim<\/title>\n<meta name=\"description\" content=\"Unser Lieferprogramm: Einwellenshredder der Baureihe HZR zur Vorzerkleinerung, zur Vorzerkleinerung von Ballenwaren, zur Vorzerkleinerung von Altreifen, zur\" \/>\n<meta name=\"robots\" content=\"index, follow, max-snippet:-1, max-image-preview:large, max-video-preview:-1\" \/>\n<link rel=\"canonical\" href=\"https:\/\/neue-herbold.com\/fr\/programme-de-livraison\/\" \/>\n<meta property=\"og:locale\" content=\"fr_FR\" \/>\n<meta property=\"og:type\" content=\"article\" \/>\n<meta property=\"og:title\" content=\"Lieferprogramm - Neue Herbold GmbH - Sinsheim\" \/>\n<meta property=\"og:description\" content=\"Unser Lieferprogramm: Einwellenshredder der Baureihe HZR zur Vorzerkleinerung, zur Vorzerkleinerung von Ballenwaren, zur Vorzerkleinerung von Altreifen, zur\" \/>\n<meta property=\"og:url\" content=\"https:\/\/neue-herbold.com\/fr\/programme-de-livraison\/\" \/>\n<meta property=\"og:site_name\" content=\"Neue Herbold GmbH\" \/>\n<meta property=\"article:modified_time\" content=\"2016-06-08T22:27:08+00:00\" \/>\n<meta name=\"twitter:label1\" content=\"Dur\u00e9e de lecture estim\u00e9e\" \/>\n\t<meta name=\"twitter:data1\" content=\"5 minutes\" \/>\n<script type=\"application\/ld+json\" class=\"yoast-schema-graph\">{\"@context\":\"https:\/\/schema.org\",\"@graph\":[{\"@type\":\"WebPage\",\"@id\":\"https:\/\/neue-herbold.com\/fr\/programme-de-livraison\/\",\"url\":\"https:\/\/neue-herbold.com\/fr\/programme-de-livraison\/\",\"name\":\"Lieferprogramm - Neue Herbold GmbH - Sinsheim\",\"isPartOf\":{\"@id\":\"https:\/\/neue-herbold.com\/en\/#website\"},\"datePublished\":\"2016-06-05T23:18:20+00:00\",\"dateModified\":\"2016-06-08T22:27:08+00:00\",\"description\":\"Unser Lieferprogramm: Einwellenshredder der Baureihe HZR zur Vorzerkleinerung, zur Vorzerkleinerung von Ballenwaren, zur Vorzerkleinerung von Altreifen, zur\",\"breadcrumb\":{\"@id\":\"https:\/\/neue-herbold.com\/fr\/programme-de-livraison\/#breadcrumb\"},\"inLanguage\":\"fr-FR\",\"potentialAction\":[{\"@type\":\"ReadAction\",\"target\":[\"https:\/\/neue-herbold.com\/fr\/programme-de-livraison\/\"]}]},{\"@type\":\"BreadcrumbList\",\"@id\":\"https:\/\/neue-herbold.com\/fr\/programme-de-livraison\/#breadcrumb\",\"itemListElement\":[{\"@type\":\"ListItem\",\"position\":1,\"name\":\"Startseite\",\"item\":\"https:\/\/neue-herbold.com\/fr\/\"},{\"@type\":\"ListItem\",\"position\":2,\"name\":\"Programme de Livraison\"}]},{\"@type\":\"WebSite\",\"@id\":\"https:\/\/neue-herbold.com\/en\/#website\",\"url\":\"https:\/\/neue-herbold.com\/en\/\",\"name\":\"Neue Herbold GmbH\",\"description\":\"\",\"potentialAction\":[{\"@type\":\"SearchAction\",\"target\":{\"@type\":\"EntryPoint\",\"urlTemplate\":\"https:\/\/neue-herbold.com\/en\/?s={search_term_string}\"},\"query-input\":{\"@type\":\"PropertyValueSpecification\",\"valueRequired\":true,\"valueName\":\"search_term_string\"}}],\"inLanguage\":\"fr-FR\"}]}<\/script>\n<!-- \/ Yoast SEO plugin. -->","yoast_head_json":{"title":"Lieferprogramm - Neue Herbold GmbH - Sinsheim","description":"Unser Lieferprogramm: Einwellenshredder der Baureihe HZR zur Vorzerkleinerung, zur Vorzerkleinerung von Ballenwaren, zur Vorzerkleinerung von Altreifen, zur","robots":{"index":"index","follow":"follow","max-snippet":"max-snippet:-1","max-image-preview":"max-image-preview:large","max-video-preview":"max-video-preview:-1"},"canonical":"https:\/\/neue-herbold.com\/fr\/programme-de-livraison\/","og_locale":"fr_FR","og_type":"article","og_title":"Lieferprogramm - Neue Herbold GmbH - Sinsheim","og_description":"Unser Lieferprogramm: Einwellenshredder der Baureihe HZR zur Vorzerkleinerung, zur Vorzerkleinerung von Ballenwaren, zur Vorzerkleinerung von Altreifen, zur","og_url":"https:\/\/neue-herbold.com\/fr\/programme-de-livraison\/","og_site_name":"Neue Herbold GmbH","article_modified_time":"2016-06-08T22:27:08+00:00","twitter_misc":{"Dur\u00e9e de lecture estim\u00e9e":"5 minutes"},"schema":{"@context":"https:\/\/schema.org","@graph":[{"@type":"WebPage","@id":"https:\/\/neue-herbold.com\/fr\/programme-de-livraison\/","url":"https:\/\/neue-herbold.com\/fr\/programme-de-livraison\/","name":"Lieferprogramm - Neue Herbold GmbH - Sinsheim","isPartOf":{"@id":"https:\/\/neue-herbold.com\/en\/#website"},"datePublished":"2016-06-05T23:18:20+00:00","dateModified":"2016-06-08T22:27:08+00:00","description":"Unser Lieferprogramm: Einwellenshredder der Baureihe HZR zur Vorzerkleinerung, zur Vorzerkleinerung von Ballenwaren, zur Vorzerkleinerung von Altreifen, zur","breadcrumb":{"@id":"https:\/\/neue-herbold.com\/fr\/programme-de-livraison\/#breadcrumb"},"inLanguage":"fr-FR","potentialAction":[{"@type":"ReadAction","target":["https:\/\/neue-herbold.com\/fr\/programme-de-livraison\/"]}]},{"@type":"BreadcrumbList","@id":"https:\/\/neue-herbold.com\/fr\/programme-de-livraison\/#breadcrumb","itemListElement":[{"@type":"ListItem","position":1,"name":"Startseite","item":"https:\/\/neue-herbold.com\/fr\/"},{"@type":"ListItem","position":2,"name":"Programme de Livraison"}]},{"@type":"WebSite","@id":"https:\/\/neue-herbold.com\/en\/#website","url":"https:\/\/neue-herbold.com\/en\/","name":"Neue Herbold GmbH","description":"","potentialAction":[{"@type":"SearchAction","target":{"@type":"EntryPoint","urlTemplate":"https:\/\/neue-herbold.com\/en\/?s={search_term_string}"},"query-input":{"@type":"PropertyValueSpecification","valueRequired":true,"valueName":"search_term_string"}}],"inLanguage":"fr-FR"}]}},"_links":{"self":[{"href":"https:\/\/neue-herbold.com\/fr\/wp-json\/wp\/v2\/pages\/9205"}],"collection":[{"href":"https:\/\/neue-herbold.com\/fr\/wp-json\/wp\/v2\/pages"}],"about":[{"href":"https:\/\/neue-herbold.com\/fr\/wp-json\/wp\/v2\/types\/page"}],"author":[{"embeddable":true,"href":"https:\/\/neue-herbold.com\/fr\/wp-json\/wp\/v2\/users\/1"}],"replies":[{"embeddable":true,"href":"https:\/\/neue-herbold.com\/fr\/wp-json\/wp\/v2\/comments?post=9205"}],"version-history":[{"count":4,"href":"https:\/\/neue-herbold.com\/fr\/wp-json\/wp\/v2\/pages\/9205\/revisions"}],"predecessor-version":[{"id":9735,"href":"https:\/\/neue-herbold.com\/fr\/wp-json\/wp\/v2\/pages\/9205\/revisions\/9735"}],"wp:attachment":[{"href":"https:\/\/neue-herbold.com\/fr\/wp-json\/wp\/v2\/media?parent=9205"}],"curies":[{"name":"wp","href":"https:\/\/api.w.org\/{rel}","templated":true}]}}