{"id":9183,"date":"2016-06-06T00:42:45","date_gmt":"2016-06-05T22:42:45","guid":{"rendered":"https:\/\/neue-herbold.com\/fr\/neuigkeiten-schneidmuehlen-mit-zwangsbeschickung\/"},"modified":"2016-06-06T03:04:29","modified_gmt":"2016-06-06T01:04:29","slug":"nouvelles-broyeurs-munis-dun-systeme-de-chargement-force","status":"publish","type":"page","link":"https:\/\/neue-herbold.com\/fr\/nouvelles-broyeurs-munis-dun-systeme-de-chargement-force\/","title":{"rendered":"Broyeurs munis d\u2019un syst\u00e8me de chargement forc\u00e9"},"content":{"rendered":"<p><a href=\"https:\/\/neue-herbold.com\/wp-content\/uploads\/2015\/03\/SM800_2000-ZB_NEU.jpg\" target=\"_blank\"><img loading=\"lazy\" decoding=\"async\" class=\"  alignright wp-image-4789\" src=\"https:\/\/neue-herbold.com\/wp-content\/uploads\/2015\/03\/SM800_2000-ZB_NEU.jpg\" alt=\"Broyeur avec d\u00fan syst\u00e8me de chargement forc\u00e9\" width=\"420\" height=\"603\" srcset=\"https:\/\/neue-herbold.com\/wp-content\/uploads\/2015\/03\/SM800_2000-ZB_NEU.jpg 626w, https:\/\/neue-herbold.com\/wp-content\/uploads\/2015\/03\/SM800_2000-ZB_NEU-209x300.jpg 209w, https:\/\/neue-herbold.com\/wp-content\/uploads\/2015\/03\/SM800_2000-ZB_NEU-100x144.jpg 100w, https:\/\/neue-herbold.com\/wp-content\/uploads\/2015\/03\/SM800_2000-ZB_NEU-150x216.jpg 150w, https:\/\/neue-herbold.com\/wp-content\/uploads\/2015\/03\/SM800_2000-ZB_NEU-200x288.jpg 200w, https:\/\/neue-herbold.com\/wp-content\/uploads\/2015\/03\/SM800_2000-ZB_NEU-300x431.jpg 300w, https:\/\/neue-herbold.com\/wp-content\/uploads\/2015\/03\/SM800_2000-ZB_NEU-450x647.jpg 450w, https:\/\/neue-herbold.com\/wp-content\/uploads\/2015\/03\/SM800_2000-ZB_NEU-600x863.jpg 600w\" sizes=\"(max-width: 420px) 100vw, 420px\" \/><\/a><strong>Pour augmenter le d\u00e9bit des s\u00e9ries de broyeur existants dans le domaine de la transformation de d\u00e9chets en vrac non compact\u00e9s, le chargement cibl\u00e9 des broyeurs a \u00e9t\u00e9 optimis\u00e9 au niveau technique en d\u00e9veloppant une alimentation forc\u00e9e \u00e0 l&rsquo;aide d\u2019une\/de vis sans fin.<\/strong><\/p>\n<p>Apr\u00e8s l\u2019arriv\u00e9e de la mati\u00e8re dans la tr\u00e9mie d\u2019entr\u00e9e au moyen d\u2019un convoyeur, l\u2019amen\u00e9e vers la chambre de broyage n\u2019est plus r\u00e9alis\u00e9e exclusivement selon le principe de la gravit\u00e9 \u2013 la mati\u00e8re est plut\u00f4t transport\u00e9e dans la chambre de broyage par une\/plusieurs vis sans fin dispos\u00e9e(s) verticalement. Le nombre des vis, la vitesse de rotation des arbres ou leur puissance d\u2019entra\u00eenement varie selon la taille du broyeur, la taille \u00e9tant d\u00e9termin\u00e9e par rapport \u00e0 la performance requise. Une commande r\u00e9gl\u00e9e en fonction de la charge ainsi que des vis sans fin command\u00e9es par convertisseur de fr\u00e9quence emp\u00eachent un blocage du rotor \u00e0 la suite d\u2019un bourrage et permettent en m\u00eame temps un d\u00e9bit adapt\u00e9 de mani\u00e8re optimale \u00e0 la mati\u00e8re. En plus, l\u2019arbre\/les arbres de la\/des vis sans fin con\u00e7u(s) avec protection d&rsquo;usure permet(tent) de r\u00e9duire l\u2019abrasion et d\u2019optimiser ainsi la dur\u00e9e d\u2019utilisation.<\/p>\n<p>Les caract\u00e9ristiques de cette m\u00e9thode de chargement offrent des avantages int\u00e9ressants au client:<\/p>\n<p><em><strong>Un champ d\u2019application tr\u00e8s large<\/strong><\/em><\/p>\n<p>Non seulement les bouteilles en plastique, les bidons, les mat\u00e9riaux d\u2019emballage l\u00e9gers provenant de l\u2019industrie alimentaire ainsi que toutes les pi\u00e8ces creuses \u00e0 paroi mince constituent des exemples pour la mati\u00e8re aliment\u00e9e.<\/p>\n<p><strong><em>Un d\u00e9bit plus \u00e9lev\u00e9<\/em><\/strong><\/p>\n<p>Les arbres de vis sans fin mont\u00e9s dans la tr\u00e9mie d\u2019entr\u00e9e effectuent une alimentation en mati\u00e8re continue du rotor et emp\u00eachent en m\u00eame temps un \u00ab \u00e9chappement \u00bb de la mati\u00e8re. Il en r\u00e9sulte une augmentation des performances jusqu\u2019\u00e0 30%.<\/p>\n<p><em><strong>Une efficacit\u00e9 accrue de la machine<\/strong><\/em><\/p>\n<p>Le chargement pr\u00e9cis et constant du rotor avec la mati\u00e8re aliment\u00e9e assure une exploitation optimale de la capacit\u00e9 du rotor et aide \u00e0 faire fonctionner le syst\u00e8me d\u2019une mani\u00e8re absolument efficace. En plus, cette m\u00e9thode permet de r\u00e9duire une \u00e9jection de la mati\u00e8re ce qui permet de traiter la mati\u00e8re entrante dans sa totalit\u00e9.<\/p>\n<p><em><strong>Une alimentation en mati\u00e8re plus \u00e9lev\u00e9e<\/strong><\/em><\/p>\n<p>Gr\u00e2ce \u00e0 un broyage continu de la mati\u00e8re, la tr\u00e9mie d\u2019entr\u00e9e peut \u00eatre charg\u00e9e en continue et en grandes quantit\u00e9s. En comparaison \u00e0 un broyeur traditionnel, un bourrage dans la tr\u00e9mie est pratiquement impossible de fa\u00e7on \u00e0 maximiser en cons\u00e9quence la capacit\u00e9 d\u2019entr\u00e9e.<\/p>\n<p><strong><em>R\u00e9duction des pointes sonores et de courant<\/em><\/strong><\/p>\n<p>L\u2019alimentation en mati\u00e8re contr\u00f4l\u00e9e du rotor g\u00e9n\u00e8re un fonctionnement uniforme et r\u00e9gulier du rotor et r\u00e9duit les pointes sonores qui peuvent se pr\u00e9senter de temps en temps dans les machines standard \u00e0 cause d\u2019une suralimentation. En m\u00eame temps, l\u2019alimentation en mati\u00e8re constante \u00e9vite des pointes de courant pendant le fonctionnement de la machine.<\/p>\n<p><strong>NEUE HERBOLD<\/strong> Maschinen- und Anlagenbau GmbH peut vous offrir des broyeurs, capables d\u2019\u00eatre \u00e9quip\u00e9s d\u2019un syst\u00e8me de chargement forc\u00e9, en diff\u00e9rentes dimensions et versions.<\/p>\n","protected":false},"excerpt":{"rendered":"<p><a href=\"https:\/\/neue-herbold.com\/wp-content\/uploads\/2015\/03\/SM800_2000-ZB_NEU.jpg\" target=\"_blank\"><img loading=\"lazy\" decoding=\"async\" class=\"  alignright wp-image-4789\" src=\"https:\/\/neue-herbold.com\/wp-content\/uploads\/2015\/03\/SM800_2000-ZB_NEU.jpg\" alt=\"Broyeur avec d\u00fan syst\u00e8me de chargement forc\u00e9\" width=\"420\" height=\"603\" srcset=\"https:\/\/neue-herbold.com\/wp-content\/uploads\/2015\/03\/SM800_2000-ZB_NEU.jpg 626w, https:\/\/neue-herbold.com\/wp-content\/uploads\/2015\/03\/SM800_2000-ZB_NEU-209x300.jpg 209w, https:\/\/neue-herbold.com\/wp-content\/uploads\/2015\/03\/SM800_2000-ZB_NEU-100x144.jpg 100w, https:\/\/neue-herbold.com\/wp-content\/uploads\/2015\/03\/SM800_2000-ZB_NEU-150x216.jpg 150w, https:\/\/neue-herbold.com\/wp-content\/uploads\/2015\/03\/SM800_2000-ZB_NEU-200x288.jpg 200w, https:\/\/neue-herbold.com\/wp-content\/uploads\/2015\/03\/SM800_2000-ZB_NEU-300x431.jpg 300w, https:\/\/neue-herbold.com\/wp-content\/uploads\/2015\/03\/SM800_2000-ZB_NEU-450x647.jpg 450w, https:\/\/neue-herbold.com\/wp-content\/uploads\/2015\/03\/SM800_2000-ZB_NEU-600x863.jpg 600w\" sizes=\"(max-width: 420px) 100vw, 420px\" \/><\/a><strong>Pour augmenter le d\u00e9bit des s\u00e9ries de broyeur existants dans le domaine de la transformation de d\u00e9chets en vrac non compact\u00e9s, le chargement cibl\u00e9 des broyeurs a \u00e9t\u00e9 optimis\u00e9 au niveau technique en d\u00e9veloppant une alimentation forc\u00e9e \u00e0 l&rsquo;aide d\u2019une\/de vis sans fin.<\/strong><\/p>\n<p><span class=\"ellipsis\">&hellip;<\/span><\/p>\n<div class=\"read-more\"><a href=\"https:\/\/neue-herbold.com\/fr\/nouvelles-broyeurs-munis-dun-systeme-de-chargement-force\/\">Lire la suite &#8250;<\/a><\/div>\n<p><!-- end of .read-more --><\/p>\n","protected":false},"author":1,"featured_media":0,"parent":0,"menu_order":0,"comment_status":"closed","ping_status":"closed","template":"","meta":{"footnotes":""},"class_list":["post-9183","page","type-page","status-publish","hentry"],"yoast_head":"<!-- This site is optimized with the Yoast SEO plugin v25.4 - https:\/\/yoast.com\/wordpress\/plugins\/seo\/ -->\n<title>Broyeurs munis d\u2019un syst\u00e8me de chargement forc\u00e9 - Neue Herbold GmbH<\/title>\n<meta name=\"description\" content=\"La soci\u00e9t\u00e9 NEUE HERBOLD Maschinen- und Anlagenbau GmbH, 74889 Sinsheim-Reihen (Allemagne), syst\u00e8me de chargement forc\u00e9\" \/>\n<meta name=\"robots\" content=\"index, follow, max-snippet:-1, max-image-preview:large, max-video-preview:-1\" \/>\n<link rel=\"canonical\" href=\"https:\/\/neue-herbold.com\/fr\/nouvelles-broyeurs-munis-dun-systeme-de-chargement-force\/\" \/>\n<meta property=\"og:locale\" content=\"fr_FR\" \/>\n<meta property=\"og:type\" content=\"article\" \/>\n<meta property=\"og:title\" content=\"Broyeurs munis d\u2019un syst\u00e8me de chargement forc\u00e9 - Neue Herbold GmbH\" \/>\n<meta property=\"og:description\" content=\"La soci\u00e9t\u00e9 NEUE HERBOLD Maschinen- und Anlagenbau GmbH, 74889 Sinsheim-Reihen (Allemagne), syst\u00e8me de chargement forc\u00e9\" \/>\n<meta property=\"og:url\" content=\"https:\/\/neue-herbold.com\/fr\/nouvelles-broyeurs-munis-dun-systeme-de-chargement-force\/\" \/>\n<meta property=\"og:site_name\" content=\"Neue Herbold GmbH\" \/>\n<meta property=\"article:modified_time\" content=\"2016-06-06T01:04:29+00:00\" \/>\n<meta property=\"og:image\" content=\"https:\/\/neue-herbold.com\/wp-content\/uploads\/2015\/03\/SM800_2000-ZB_NEU.jpg\" \/>\n<meta name=\"twitter:label1\" content=\"Dur\u00e9e de lecture estim\u00e9e\" \/>\n\t<meta name=\"twitter:data1\" content=\"3 minutes\" \/>\n<script type=\"application\/ld+json\" class=\"yoast-schema-graph\">{\"@context\":\"https:\/\/schema.org\",\"@graph\":[{\"@type\":\"WebPage\",\"@id\":\"https:\/\/neue-herbold.com\/fr\/nouvelles-broyeurs-munis-dun-systeme-de-chargement-force\/\",\"url\":\"https:\/\/neue-herbold.com\/fr\/nouvelles-broyeurs-munis-dun-systeme-de-chargement-force\/\",\"name\":\"Broyeurs munis d\u2019un syst\u00e8me de chargement forc\u00e9 - Neue Herbold GmbH\",\"isPartOf\":{\"@id\":\"https:\/\/neue-herbold.com\/en\/#website\"},\"primaryImageOfPage\":{\"@id\":\"https:\/\/neue-herbold.com\/fr\/nouvelles-broyeurs-munis-dun-systeme-de-chargement-force\/#primaryimage\"},\"image\":{\"@id\":\"https:\/\/neue-herbold.com\/fr\/nouvelles-broyeurs-munis-dun-systeme-de-chargement-force\/#primaryimage\"},\"thumbnailUrl\":\"https:\/\/neue-herbold.com\/wp-content\/uploads\/2015\/03\/SM800_2000-ZB_NEU.jpg\",\"datePublished\":\"2016-06-05T22:42:45+00:00\",\"dateModified\":\"2016-06-06T01:04:29+00:00\",\"description\":\"La soci\u00e9t\u00e9 NEUE HERBOLD Maschinen- und Anlagenbau GmbH, 74889 Sinsheim-Reihen (Allemagne), syst\u00e8me de chargement forc\u00e9\",\"breadcrumb\":{\"@id\":\"https:\/\/neue-herbold.com\/fr\/nouvelles-broyeurs-munis-dun-systeme-de-chargement-force\/#breadcrumb\"},\"inLanguage\":\"fr-FR\",\"potentialAction\":[{\"@type\":\"ReadAction\",\"target\":[\"https:\/\/neue-herbold.com\/fr\/nouvelles-broyeurs-munis-dun-systeme-de-chargement-force\/\"]}]},{\"@type\":\"ImageObject\",\"inLanguage\":\"fr-FR\",\"@id\":\"https:\/\/neue-herbold.com\/fr\/nouvelles-broyeurs-munis-dun-systeme-de-chargement-force\/#primaryimage\",\"url\":\"https:\/\/neue-herbold.com\/wp-content\/uploads\/2015\/03\/SM800_2000-ZB_NEU.jpg\",\"contentUrl\":\"https:\/\/neue-herbold.com\/wp-content\/uploads\/2015\/03\/SM800_2000-ZB_NEU.jpg\"},{\"@type\":\"BreadcrumbList\",\"@id\":\"https:\/\/neue-herbold.com\/fr\/nouvelles-broyeurs-munis-dun-systeme-de-chargement-force\/#breadcrumb\",\"itemListElement\":[{\"@type\":\"ListItem\",\"position\":1,\"name\":\"Startseite\",\"item\":\"https:\/\/neue-herbold.com\/fr\/\"},{\"@type\":\"ListItem\",\"position\":2,\"name\":\"Broyeurs munis d\u2019un syst\u00e8me de chargement forc\u00e9\"}]},{\"@type\":\"WebSite\",\"@id\":\"https:\/\/neue-herbold.com\/en\/#website\",\"url\":\"https:\/\/neue-herbold.com\/en\/\",\"name\":\"Neue Herbold GmbH\",\"description\":\"\",\"potentialAction\":[{\"@type\":\"SearchAction\",\"target\":{\"@type\":\"EntryPoint\",\"urlTemplate\":\"https:\/\/neue-herbold.com\/en\/?s={search_term_string}\"},\"query-input\":{\"@type\":\"PropertyValueSpecification\",\"valueRequired\":true,\"valueName\":\"search_term_string\"}}],\"inLanguage\":\"fr-FR\"}]}<\/script>\n<!-- \/ Yoast SEO plugin. -->","yoast_head_json":{"title":"Broyeurs munis d\u2019un syst\u00e8me de chargement forc\u00e9 - Neue Herbold GmbH","description":"La soci\u00e9t\u00e9 NEUE HERBOLD Maschinen- und Anlagenbau GmbH, 74889 Sinsheim-Reihen (Allemagne), syst\u00e8me de chargement forc\u00e9","robots":{"index":"index","follow":"follow","max-snippet":"max-snippet:-1","max-image-preview":"max-image-preview:large","max-video-preview":"max-video-preview:-1"},"canonical":"https:\/\/neue-herbold.com\/fr\/nouvelles-broyeurs-munis-dun-systeme-de-chargement-force\/","og_locale":"fr_FR","og_type":"article","og_title":"Broyeurs munis d\u2019un syst\u00e8me de chargement forc\u00e9 - Neue Herbold GmbH","og_description":"La soci\u00e9t\u00e9 NEUE HERBOLD Maschinen- und Anlagenbau GmbH, 74889 Sinsheim-Reihen (Allemagne), syst\u00e8me de chargement forc\u00e9","og_url":"https:\/\/neue-herbold.com\/fr\/nouvelles-broyeurs-munis-dun-systeme-de-chargement-force\/","og_site_name":"Neue Herbold GmbH","article_modified_time":"2016-06-06T01:04:29+00:00","og_image":[{"url":"https:\/\/neue-herbold.com\/wp-content\/uploads\/2015\/03\/SM800_2000-ZB_NEU.jpg","type":"","width":"","height":""}],"twitter_misc":{"Dur\u00e9e de lecture estim\u00e9e":"3 minutes"},"schema":{"@context":"https:\/\/schema.org","@graph":[{"@type":"WebPage","@id":"https:\/\/neue-herbold.com\/fr\/nouvelles-broyeurs-munis-dun-systeme-de-chargement-force\/","url":"https:\/\/neue-herbold.com\/fr\/nouvelles-broyeurs-munis-dun-systeme-de-chargement-force\/","name":"Broyeurs munis d\u2019un syst\u00e8me de chargement forc\u00e9 - Neue Herbold GmbH","isPartOf":{"@id":"https:\/\/neue-herbold.com\/en\/#website"},"primaryImageOfPage":{"@id":"https:\/\/neue-herbold.com\/fr\/nouvelles-broyeurs-munis-dun-systeme-de-chargement-force\/#primaryimage"},"image":{"@id":"https:\/\/neue-herbold.com\/fr\/nouvelles-broyeurs-munis-dun-systeme-de-chargement-force\/#primaryimage"},"thumbnailUrl":"https:\/\/neue-herbold.com\/wp-content\/uploads\/2015\/03\/SM800_2000-ZB_NEU.jpg","datePublished":"2016-06-05T22:42:45+00:00","dateModified":"2016-06-06T01:04:29+00:00","description":"La soci\u00e9t\u00e9 NEUE HERBOLD Maschinen- und Anlagenbau GmbH, 74889 Sinsheim-Reihen (Allemagne), syst\u00e8me de chargement forc\u00e9","breadcrumb":{"@id":"https:\/\/neue-herbold.com\/fr\/nouvelles-broyeurs-munis-dun-systeme-de-chargement-force\/#breadcrumb"},"inLanguage":"fr-FR","potentialAction":[{"@type":"ReadAction","target":["https:\/\/neue-herbold.com\/fr\/nouvelles-broyeurs-munis-dun-systeme-de-chargement-force\/"]}]},{"@type":"ImageObject","inLanguage":"fr-FR","@id":"https:\/\/neue-herbold.com\/fr\/nouvelles-broyeurs-munis-dun-systeme-de-chargement-force\/#primaryimage","url":"https:\/\/neue-herbold.com\/wp-content\/uploads\/2015\/03\/SM800_2000-ZB_NEU.jpg","contentUrl":"https:\/\/neue-herbold.com\/wp-content\/uploads\/2015\/03\/SM800_2000-ZB_NEU.jpg"},{"@type":"BreadcrumbList","@id":"https:\/\/neue-herbold.com\/fr\/nouvelles-broyeurs-munis-dun-systeme-de-chargement-force\/#breadcrumb","itemListElement":[{"@type":"ListItem","position":1,"name":"Startseite","item":"https:\/\/neue-herbold.com\/fr\/"},{"@type":"ListItem","position":2,"name":"Broyeurs munis d\u2019un syst\u00e8me de chargement forc\u00e9"}]},{"@type":"WebSite","@id":"https:\/\/neue-herbold.com\/en\/#website","url":"https:\/\/neue-herbold.com\/en\/","name":"Neue Herbold GmbH","description":"","potentialAction":[{"@type":"SearchAction","target":{"@type":"EntryPoint","urlTemplate":"https:\/\/neue-herbold.com\/en\/?s={search_term_string}"},"query-input":{"@type":"PropertyValueSpecification","valueRequired":true,"valueName":"search_term_string"}}],"inLanguage":"fr-FR"}]}},"_links":{"self":[{"href":"https:\/\/neue-herbold.com\/fr\/wp-json\/wp\/v2\/pages\/9183"}],"collection":[{"href":"https:\/\/neue-herbold.com\/fr\/wp-json\/wp\/v2\/pages"}],"about":[{"href":"https:\/\/neue-herbold.com\/fr\/wp-json\/wp\/v2\/types\/page"}],"author":[{"embeddable":true,"href":"https:\/\/neue-herbold.com\/fr\/wp-json\/wp\/v2\/users\/1"}],"replies":[{"embeddable":true,"href":"https:\/\/neue-herbold.com\/fr\/wp-json\/wp\/v2\/comments?post=9183"}],"version-history":[{"count":3,"href":"https:\/\/neue-herbold.com\/fr\/wp-json\/wp\/v2\/pages\/9183\/revisions"}],"predecessor-version":[{"id":9305,"href":"https:\/\/neue-herbold.com\/fr\/wp-json\/wp\/v2\/pages\/9183\/revisions\/9305"}],"wp:attachment":[{"href":"https:\/\/neue-herbold.com\/fr\/wp-json\/wp\/v2\/media?parent=9183"}],"curies":[{"name":"wp","href":"https:\/\/api.w.org\/{rel}","templated":true}]}}