{"id":9159,"date":"2016-06-06T00:13:59","date_gmt":"2016-06-05T22:13:59","guid":{"rendered":"https:\/\/neue-herbold.com\/fr\/ueber-uns\/"},"modified":"2016-06-06T00:31:57","modified_gmt":"2016-06-05T22:31:57","slug":"a-propos-de-nous","status":"publish","type":"page","link":"https:\/\/neue-herbold.com\/fr\/a-propos-de-nous\/","title":{"rendered":"NEUE HERBOLD &#8211; Broyeurs, Microniseurs, Machines &#8230;"},"content":{"rendered":"<p><strong>NEUE HERBOLD<span style=\"color: #808080;\"> &#8211; Broyeurs, Microniseurs, machines &#8230;<\/span><br \/> Maschinen- und Anlagenbau GmbH<\/strong><\/p>\n<p>Notre soci\u00e9t\u00e9 <strong>NEUE HERBOLD<\/strong> vous offre un programme des machines et des installations qui sont individuellement adapt\u00e9s \u00e0 vos besoins pour le broyage et recyclage de tous d\u00e9chets en plastique provenants de production, usinage, et collecte. Notre programme de base \u2013 ce sont les broyeurs, d\u00e9chiqueteuses, microniseurs, syst\u00e8mes de lavage, s\u00e9cheurs. Nous encha\u00eenons \u00e0 ce programme avec une construction des machines hors s\u00e9rie (broyeurs \u00e0 marteaux, guillotines hydrauliques, concasseurs \u00e0 vis), pour le recyclage des mati\u00e8res valorisables comme par exemple d\u00e9chets informatiques, mat\u00e9riaux isolants, b\u00e9ton cellulaire, et bois us\u00e9s.<\/p>\n<p><span style=\"color: #000000;\"><a href=\"https:\/\/neue-herbold.com\/fr\/neue-herbold-sinsheim-reihen-allemagne\/\" target=\"_blank\"><img loading=\"lazy\" decoding=\"async\" class=\"aligncenter wp-image-5097 size-large\" src=\"https:\/\/neue-herbold.com\/wp-content\/uploads\/2014\/12\/Imagevideo-1024x435.jpg\" alt=\"Neue Herbold - Broyeurs, Microniseurs, machines ...\" width=\"605\" height=\"257\" srcset=\"https:\/\/neue-herbold.com\/wp-content\/uploads\/2014\/12\/Imagevideo-1024x435.jpg 1024w, https:\/\/neue-herbold.com\/wp-content\/uploads\/2014\/12\/Imagevideo-300x127.jpg 300w, https:\/\/neue-herbold.com\/wp-content\/uploads\/2014\/12\/Imagevideo-100x42.jpg 100w, https:\/\/neue-herbold.com\/wp-content\/uploads\/2014\/12\/Imagevideo-150x64.jpg 150w, https:\/\/neue-herbold.com\/wp-content\/uploads\/2014\/12\/Imagevideo-200x85.jpg 200w, https:\/\/neue-herbold.com\/wp-content\/uploads\/2014\/12\/Imagevideo-450x191.jpg 450w, https:\/\/neue-herbold.com\/wp-content\/uploads\/2014\/12\/Imagevideo-600x255.jpg 600w, https:\/\/neue-herbold.com\/wp-content\/uploads\/2014\/12\/Imagevideo-900x382.jpg 900w, https:\/\/neue-herbold.com\/wp-content\/uploads\/2014\/12\/Imagevideo.jpg 1198w\" sizes=\"(max-width: 605px) 100vw, 605px\" \/><\/a><\/span><br \/> La soci\u00e9t\u00e9 a \u00e9t\u00e9 fond\u00e9e 1995 et emploie environ 70 employ\u00e9s \u00e0 son emplacement \u00e0 Sinsheim-Reihen, qui forment un \u00e9quipe exp\u00e9riment\u00e9 et innovative pour le d\u00e9veloppement, l\u2019ing\u00e9nierie, la production, gestion et vente. La vente technique coop\u00e8re avec plus que 40 distributeurs dans toute le monde.<\/p>\n<p>La planification est orient\u00e9e \u00e0 l\u2019efficacit\u00e9 et se relie \u00e0 une production au plus haut niveau de la technologie, qui, elle, est permanemment accompagn\u00e9e par une assurance qualit\u00e9. Comme \u00e7a, on cr\u00e9e un produit, qui r\u00e9pond aux exigences les plut hauts de la technique de broyage.<\/p>\n","protected":false},"excerpt":{"rendered":"<p><strong>NEUE HERBOLD<span style=\"color: #808080;\"> &#8211; Broyeurs, Microniseurs, machines &#8230;<\/span><br \/> Maschinen- und Anlagenbau GmbH<\/strong><\/p>\n<p>Notre soci\u00e9t\u00e9 <strong>NEUE HERBOLD<\/strong> vous offre un programme des machines et des installations qui sont individuellement adapt\u00e9s \u00e0 vos besoins pour le broyage et recyclage de tous d\u00e9chets en plastique provenants de production,<\/p>\n<p><span class=\"ellipsis\">&hellip;<\/span><\/p>\n<div class=\"read-more\"><a href=\"https:\/\/neue-herbold.com\/fr\/a-propos-de-nous\/\">Lire la suite &#8250;<\/a><\/div>\n<p><!-- end of .read-more --><\/p>\n","protected":false},"author":1,"featured_media":0,"parent":0,"menu_order":0,"comment_status":"closed","ping_status":"closed","template":"","meta":{"footnotes":""},"class_list":["post-9159","page","type-page","status-publish","hentry"],"yoast_head":"<!-- This site is optimized with the Yoast SEO plugin v25.4 - https:\/\/yoast.com\/wordpress\/plugins\/seo\/ -->\n<title>Neue Herbold - Broyeurs, Microniseurs, Machines<\/title>\n<meta name=\"description\" content=\"Notre soci\u00e9t\u00e9 NEUE HERBOLD vous offre un programme des machines. Neue Herbold - Broyeurs, Microniseurs, machines et guillotines\" \/>\n<meta name=\"robots\" content=\"index, follow, max-snippet:-1, max-image-preview:large, max-video-preview:-1\" \/>\n<link rel=\"canonical\" href=\"https:\/\/neue-herbold.com\/fr\/a-propos-de-nous\/\" \/>\n<meta property=\"og:locale\" content=\"fr_FR\" \/>\n<meta property=\"og:type\" content=\"article\" \/>\n<meta property=\"og:title\" content=\"Neue Herbold - Broyeurs, Microniseurs, Machines\" \/>\n<meta property=\"og:description\" content=\"Notre soci\u00e9t\u00e9 NEUE HERBOLD vous offre un programme des machines. Neue Herbold - Broyeurs, Microniseurs, machines et guillotines\" \/>\n<meta property=\"og:url\" content=\"https:\/\/neue-herbold.com\/fr\/a-propos-de-nous\/\" \/>\n<meta property=\"og:site_name\" content=\"Neue Herbold GmbH\" \/>\n<meta property=\"article:modified_time\" content=\"2016-06-05T22:31:57+00:00\" \/>\n<meta property=\"og:image\" content=\"https:\/\/neue-herbold.com\/wp-content\/uploads\/2014\/12\/Imagevideo-1024x435.jpg\" \/>\n<meta name=\"twitter:label1\" content=\"Dur\u00e9e de lecture estim\u00e9e\" \/>\n\t<meta name=\"twitter:data1\" content=\"1 minute\" \/>\n<script type=\"application\/ld+json\" class=\"yoast-schema-graph\">{\"@context\":\"https:\/\/schema.org\",\"@graph\":[{\"@type\":\"WebPage\",\"@id\":\"https:\/\/neue-herbold.com\/fr\/a-propos-de-nous\/\",\"url\":\"https:\/\/neue-herbold.com\/fr\/a-propos-de-nous\/\",\"name\":\"Neue Herbold - Broyeurs, Microniseurs, Machines\",\"isPartOf\":{\"@id\":\"https:\/\/neue-herbold.com\/en\/#website\"},\"primaryImageOfPage\":{\"@id\":\"https:\/\/neue-herbold.com\/fr\/a-propos-de-nous\/#primaryimage\"},\"image\":{\"@id\":\"https:\/\/neue-herbold.com\/fr\/a-propos-de-nous\/#primaryimage\"},\"thumbnailUrl\":\"https:\/\/neue-herbold.com\/wp-content\/uploads\/2014\/12\/Imagevideo-1024x435.jpg\",\"datePublished\":\"2016-06-05T22:13:59+00:00\",\"dateModified\":\"2016-06-05T22:31:57+00:00\",\"description\":\"Notre soci\u00e9t\u00e9 NEUE HERBOLD vous offre un programme des machines. Neue Herbold - Broyeurs, Microniseurs, machines et guillotines\",\"breadcrumb\":{\"@id\":\"https:\/\/neue-herbold.com\/fr\/a-propos-de-nous\/#breadcrumb\"},\"inLanguage\":\"fr-FR\",\"potentialAction\":[{\"@type\":\"ReadAction\",\"target\":[\"https:\/\/neue-herbold.com\/fr\/a-propos-de-nous\/\"]}]},{\"@type\":\"ImageObject\",\"inLanguage\":\"fr-FR\",\"@id\":\"https:\/\/neue-herbold.com\/fr\/a-propos-de-nous\/#primaryimage\",\"url\":\"https:\/\/neue-herbold.com\/wp-content\/uploads\/2014\/12\/Imagevideo-1024x435.jpg\",\"contentUrl\":\"https:\/\/neue-herbold.com\/wp-content\/uploads\/2014\/12\/Imagevideo-1024x435.jpg\"},{\"@type\":\"BreadcrumbList\",\"@id\":\"https:\/\/neue-herbold.com\/fr\/a-propos-de-nous\/#breadcrumb\",\"itemListElement\":[{\"@type\":\"ListItem\",\"position\":1,\"name\":\"Startseite\",\"item\":\"https:\/\/neue-herbold.com\/fr\/\"},{\"@type\":\"ListItem\",\"position\":2,\"name\":\"NEUE HERBOLD &#8211; Broyeurs, Microniseurs, Machines &#8230;\"}]},{\"@type\":\"WebSite\",\"@id\":\"https:\/\/neue-herbold.com\/en\/#website\",\"url\":\"https:\/\/neue-herbold.com\/en\/\",\"name\":\"Neue Herbold GmbH\",\"description\":\"\",\"potentialAction\":[{\"@type\":\"SearchAction\",\"target\":{\"@type\":\"EntryPoint\",\"urlTemplate\":\"https:\/\/neue-herbold.com\/en\/?s={search_term_string}\"},\"query-input\":{\"@type\":\"PropertyValueSpecification\",\"valueRequired\":true,\"valueName\":\"search_term_string\"}}],\"inLanguage\":\"fr-FR\"}]}<\/script>\n<!-- \/ Yoast SEO plugin. -->","yoast_head_json":{"title":"Neue Herbold - Broyeurs, Microniseurs, Machines","description":"Notre soci\u00e9t\u00e9 NEUE HERBOLD vous offre un programme des machines. Neue Herbold - Broyeurs, Microniseurs, machines et guillotines","robots":{"index":"index","follow":"follow","max-snippet":"max-snippet:-1","max-image-preview":"max-image-preview:large","max-video-preview":"max-video-preview:-1"},"canonical":"https:\/\/neue-herbold.com\/fr\/a-propos-de-nous\/","og_locale":"fr_FR","og_type":"article","og_title":"Neue Herbold - Broyeurs, Microniseurs, Machines","og_description":"Notre soci\u00e9t\u00e9 NEUE HERBOLD vous offre un programme des machines. Neue Herbold - Broyeurs, Microniseurs, machines et guillotines","og_url":"https:\/\/neue-herbold.com\/fr\/a-propos-de-nous\/","og_site_name":"Neue Herbold GmbH","article_modified_time":"2016-06-05T22:31:57+00:00","og_image":[{"url":"https:\/\/neue-herbold.com\/wp-content\/uploads\/2014\/12\/Imagevideo-1024x435.jpg","type":"","width":"","height":""}],"twitter_misc":{"Dur\u00e9e de lecture estim\u00e9e":"1 minute"},"schema":{"@context":"https:\/\/schema.org","@graph":[{"@type":"WebPage","@id":"https:\/\/neue-herbold.com\/fr\/a-propos-de-nous\/","url":"https:\/\/neue-herbold.com\/fr\/a-propos-de-nous\/","name":"Neue Herbold - Broyeurs, Microniseurs, Machines","isPartOf":{"@id":"https:\/\/neue-herbold.com\/en\/#website"},"primaryImageOfPage":{"@id":"https:\/\/neue-herbold.com\/fr\/a-propos-de-nous\/#primaryimage"},"image":{"@id":"https:\/\/neue-herbold.com\/fr\/a-propos-de-nous\/#primaryimage"},"thumbnailUrl":"https:\/\/neue-herbold.com\/wp-content\/uploads\/2014\/12\/Imagevideo-1024x435.jpg","datePublished":"2016-06-05T22:13:59+00:00","dateModified":"2016-06-05T22:31:57+00:00","description":"Notre soci\u00e9t\u00e9 NEUE HERBOLD vous offre un programme des machines. Neue Herbold - Broyeurs, Microniseurs, machines et guillotines","breadcrumb":{"@id":"https:\/\/neue-herbold.com\/fr\/a-propos-de-nous\/#breadcrumb"},"inLanguage":"fr-FR","potentialAction":[{"@type":"ReadAction","target":["https:\/\/neue-herbold.com\/fr\/a-propos-de-nous\/"]}]},{"@type":"ImageObject","inLanguage":"fr-FR","@id":"https:\/\/neue-herbold.com\/fr\/a-propos-de-nous\/#primaryimage","url":"https:\/\/neue-herbold.com\/wp-content\/uploads\/2014\/12\/Imagevideo-1024x435.jpg","contentUrl":"https:\/\/neue-herbold.com\/wp-content\/uploads\/2014\/12\/Imagevideo-1024x435.jpg"},{"@type":"BreadcrumbList","@id":"https:\/\/neue-herbold.com\/fr\/a-propos-de-nous\/#breadcrumb","itemListElement":[{"@type":"ListItem","position":1,"name":"Startseite","item":"https:\/\/neue-herbold.com\/fr\/"},{"@type":"ListItem","position":2,"name":"NEUE HERBOLD &#8211; Broyeurs, Microniseurs, Machines &#8230;"}]},{"@type":"WebSite","@id":"https:\/\/neue-herbold.com\/en\/#website","url":"https:\/\/neue-herbold.com\/en\/","name":"Neue Herbold GmbH","description":"","potentialAction":[{"@type":"SearchAction","target":{"@type":"EntryPoint","urlTemplate":"https:\/\/neue-herbold.com\/en\/?s={search_term_string}"},"query-input":{"@type":"PropertyValueSpecification","valueRequired":true,"valueName":"search_term_string"}}],"inLanguage":"fr-FR"}]}},"_links":{"self":[{"href":"https:\/\/neue-herbold.com\/fr\/wp-json\/wp\/v2\/pages\/9159"}],"collection":[{"href":"https:\/\/neue-herbold.com\/fr\/wp-json\/wp\/v2\/pages"}],"about":[{"href":"https:\/\/neue-herbold.com\/fr\/wp-json\/wp\/v2\/types\/page"}],"author":[{"embeddable":true,"href":"https:\/\/neue-herbold.com\/fr\/wp-json\/wp\/v2\/users\/1"}],"replies":[{"embeddable":true,"href":"https:\/\/neue-herbold.com\/fr\/wp-json\/wp\/v2\/comments?post=9159"}],"version-history":[{"count":4,"href":"https:\/\/neue-herbold.com\/fr\/wp-json\/wp\/v2\/pages\/9159\/revisions"}],"predecessor-version":[{"id":9172,"href":"https:\/\/neue-herbold.com\/fr\/wp-json\/wp\/v2\/pages\/9159\/revisions\/9172"}],"wp:attachment":[{"href":"https:\/\/neue-herbold.com\/fr\/wp-json\/wp\/v2\/media?parent=9159"}],"curies":[{"name":"wp","href":"https:\/\/api.w.org\/{rel}","templated":true}]}}