{"id":9135,"date":"2016-06-05T23:30:41","date_gmt":"2016-06-05T21:30:41","guid":{"rendered":"https:\/\/neue-herbold.com\/fr\/anfragen\/"},"modified":"2019-05-23T17:01:41","modified_gmt":"2019-05-23T15:01:41","slug":"questionnaire-de-rechange-reparation-maintenance","status":"publish","type":"page","link":"https:\/\/neue-herbold.com\/fr\/questionnaire-de-rechange-reparation-maintenance\/","title":{"rendered":"Questionnaire de Rechange \/ R\u00e9paration \/ Maintenance"},"content":{"rendered":"\n<div class=\"wpcf7 no-js\" id=\"wpcf7-f15325-o1\" lang=\"de-DE\" dir=\"ltr\" data-wpcf7-id=\"15325\">\n<div class=\"screen-reader-response\"><p role=\"status\" aria-live=\"polite\" aria-atomic=\"true\"><\/p> <ul><\/ul><\/div>\n<form action=\"\/fr\/wp-json\/wp\/v2\/pages\/9135#wpcf7-f15325-o1\" method=\"post\" class=\"wpcf7-form init\" aria-label=\"Kontaktformular\" novalidate=\"novalidate\" data-status=\"init\">\n<div style=\"display: none;\">\n<input type=\"hidden\" name=\"_wpcf7\" value=\"15325\" \/>\n<input type=\"hidden\" name=\"_wpcf7_version\" value=\"6.0.6\" \/>\n<input type=\"hidden\" name=\"_wpcf7_locale\" value=\"de_DE\" \/>\n<input type=\"hidden\" name=\"_wpcf7_unit_tag\" value=\"wpcf7-f15325-o1\" \/>\n<input type=\"hidden\" name=\"_wpcf7_container_post\" value=\"0\" \/>\n<input type=\"hidden\" name=\"_wpcf7_posted_data_hash\" value=\"\" \/>\n<\/div>\n<p><span data-mce-style=\"color: #ff0000;\" style=\"color: rgb(255, 0, 0);\">Fax Service Client: <span data-mce-bogus=\"true\" id=\"_mce_caret\"><span data-mce-style=\"color: #000000;\" style=\"color: rgb(0, 0, 0);\">\ufeff+49 7261 \/ 9248-98<\/span><\/span><\/span>\n<\/p>\n<p><label> Soci\u00e9t\u00e9 :<br \/>\n<span class=\"wpcf7-form-control-wrap\" data-name=\"firma\"><input size=\"40\" maxlength=\"400\" class=\"wpcf7-form-control wpcf7-text\" aria-invalid=\"false\" value=\"\" type=\"text\" name=\"firma\" \/><\/span> <\/label>\n<\/p>\n<p><label> Rue \/ num\u00e9ro de rue :<br \/>\n<span class=\"wpcf7-form-control-wrap\" data-name=\"strasse\"><input size=\"40\" maxlength=\"400\" class=\"wpcf7-form-control wpcf7-text\" aria-invalid=\"false\" value=\"\" type=\"text\" name=\"strasse\" \/><\/span> <\/label>\n<\/p>\n<p><label> Code postal - ville :<br \/>\n<span class=\"wpcf7-form-control-wrap\" data-name=\"plz-ort\"><input size=\"40\" maxlength=\"400\" class=\"wpcf7-form-control wpcf7-text\" aria-invalid=\"false\" value=\"\" type=\"text\" name=\"plz-ort\" \/><\/span> <\/label>\n<\/p>\n<p><label> T\u00e9l\u00e9phone :<br \/>\n<span class=\"wpcf7-form-control-wrap\" data-name=\"telefon\"><input size=\"40\" maxlength=\"400\" class=\"wpcf7-form-control wpcf7-text\" aria-invalid=\"false\" value=\"\" type=\"text\" name=\"telefon\" \/><\/span> <\/label>\n<\/p>\n<p><label> Fax :<br \/>\n<span class=\"wpcf7-form-control-wrap\" data-name=\"faxnummer\"><input size=\"40\" maxlength=\"400\" class=\"wpcf7-form-control wpcf7-text\" aria-invalid=\"false\" value=\"\" type=\"text\" name=\"faxnummer\" \/><\/span> <\/label>\n<\/p>\n<p><label> Email(*) :<br \/>\n<span class=\"wpcf7-form-control-wrap\" data-name=\"e-mail\"><input size=\"40\" maxlength=\"400\" class=\"wpcf7-form-control wpcf7-email wpcf7-validates-as-required wpcf7-text wpcf7-validates-as-email\" aria-required=\"true\" aria-invalid=\"false\" value=\"\" type=\"email\" name=\"e-mail\" \/><\/span> <\/label>\n<\/p>\n<p><label> Destinataire(*) :<br \/>\n<span class=\"wpcf7-form-control-wrap\" data-name=\"destinataire\"><input size=\"40\" maxlength=\"400\" class=\"wpcf7-form-control wpcf7-text wpcf7-validates-as-required\" aria-required=\"true\" aria-invalid=\"false\" value=\"\" type=\"text\" name=\"destinataire\" \/><\/span> <\/label>\n<\/p>\n<p><strong>&nbsp;Veuillez s.v.p. nous faire offre pour les pieces de machines suivantes.<\/strong>\n<\/p>\n<p><label> Broyeur :<br \/>\n<span class=\"wpcf7-form-control-wrap\" data-name=\"broyeur\"><input size=\"40\" maxlength=\"400\" class=\"wpcf7-form-control wpcf7-text\" aria-invalid=\"false\" value=\"\" type=\"text\" name=\"broyeur\" \/><\/span> <\/label>\n<\/p>\n<p><label> Fabrication\/Conception :<br \/>\n<span class=\"wpcf7-form-control-wrap\" data-name=\"fabrication\"><input size=\"40\" maxlength=\"400\" class=\"wpcf7-form-control wpcf7-text\" aria-invalid=\"false\" value=\"\" type=\"text\" name=\"fabrication\" \/><\/span> <\/label>\n<\/p>\n<p><label> Type :<br \/>\n<span class=\"wpcf7-form-control-wrap\" data-name=\"type\"><input size=\"40\" maxlength=\"400\" class=\"wpcf7-form-control wpcf7-text\" aria-invalid=\"false\" value=\"\" type=\"text\" name=\"type\" \/><\/span> <\/label>\n<\/p>\n<p><label> Numero de machine :<br \/>\n<span class=\"wpcf7-form-control-wrap\" data-name=\"numero_de_machine\"><input size=\"40\" maxlength=\"400\" class=\"wpcf7-form-control wpcf7-text\" aria-invalid=\"false\" value=\"\" type=\"text\" name=\"numero_de_machine\" \/><\/span> <\/label>\n<\/p>\n<p><label> Ann\u00e9e de construction :<br \/>\n<span class=\"wpcf7-form-control-wrap\" data-name=\"annee_de_construction\"><input size=\"40\" maxlength=\"400\" class=\"wpcf7-form-control wpcf7-text\" aria-invalid=\"false\" value=\"\" type=\"text\" name=\"annee_de_construction\" \/><\/span> <\/label>\n<\/p>\n<p><label> Nombre de rang\u00e9es couteaux rotor sur rotor :<br \/>\n<span class=\"wpcf7-form-control-wrap\" data-name=\"rangees_couteaux_rotor\"><input size=\"40\" maxlength=\"400\" class=\"wpcf7-form-control wpcf7-text\" aria-invalid=\"false\" value=\"\" type=\"text\" name=\"rangees_couteaux_rotor\" \/><\/span> <\/label>\n<\/p>\n<p><label> Nombre de couteaux stator sur stator :<br \/>\n<span class=\"wpcf7-form-control-wrap\" data-name=\"rangees_couteaux_stator\"><input size=\"40\" maxlength=\"400\" class=\"wpcf7-form-control wpcf7-text\" aria-invalid=\"false\" value=\"\" type=\"text\" name=\"rangees_couteaux_stator\" \/><\/span> <\/label>\n<\/p>\n<p><strong>Couteaux de rechanges<\/strong>\n<\/p>\n<p><label> Nombre couteaux rotor souhait\u00e9s :<br \/>\n<span class=\"wpcf7-form-control-wrap\" data-name=\"nombre_rotor\"><input size=\"40\" maxlength=\"400\" class=\"wpcf7-form-control wpcf7-text\" aria-invalid=\"false\" value=\"\" type=\"text\" name=\"nombre_rotor\" \/><\/span> <\/label>\n<\/p>\n<p><label> Nombre couteaux stator souhait\u00e9s :<br \/>\n<span class=\"wpcf7-form-control-wrap\" data-name=\"nombre_stator\"><input size=\"40\" maxlength=\"400\" class=\"wpcf7-form-control wpcf7-text\" aria-invalid=\"false\" value=\"\" type=\"text\" name=\"nombre_stator\" \/><\/span> <\/label>\n<\/p>\n<p><label> Type Acier 1.2379 tremp\u00e9 :<br \/>\n<span class=\"wpcf7-form-control-wrap\" data-name=\"type_acier\"><input size=\"40\" maxlength=\"400\" class=\"wpcf7-form-control wpcf7-text\" aria-invalid=\"false\" value=\"\" type=\"text\" name=\"type_acier\" \/><\/span> <\/label>\n<\/p>\n<p><label> ou type de materiau :<br \/>\n<span class=\"wpcf7-form-control-wrap\" data-name=\"type_materiau\"><input size=\"40\" maxlength=\"400\" class=\"wpcf7-form-control wpcf7-text\" aria-invalid=\"false\" value=\"\" type=\"text\" name=\"type_materiau\" \/><\/span> <\/label>\n<\/p>\n<p><strong>Tamis de rechange<\/strong>\n<\/p>\n<p><label> Execution trous - ronds :<br \/>\n<span class=\"wpcf7-form-control-wrap\" data-name=\"execution_ronds\"><input size=\"40\" maxlength=\"400\" class=\"wpcf7-form-control wpcf7-text\" aria-invalid=\"false\" value=\"\" type=\"text\" name=\"execution_ronds\" \/><\/span> <\/label>\n<\/p>\n<p><label> Execution trous - carr\u00e9s :<br \/>\n<span class=\"wpcf7-form-control-wrap\" data-name=\"execution_carres\"><input size=\"40\" maxlength=\"400\" class=\"wpcf7-form-control wpcf7-text\" aria-invalid=\"false\" value=\"\" type=\"text\" name=\"execution_carres\" \/><\/span> <\/label>\n<\/p>\n<p><label> Acier normal :<br \/>\n<span class=\"wpcf7-form-control-wrap\" data-name=\"acier_normal\"><input size=\"40\" maxlength=\"400\" class=\"wpcf7-form-control wpcf7-text\" aria-invalid=\"false\" value=\"\" type=\"text\" name=\"acier_normal\" \/><\/span> <\/label>\n<\/p>\n<p><label> Acier au Manganese :<br \/>\n<span class=\"wpcf7-form-control-wrap\" data-name=\"acier_manganese\"><input size=\"40\" maxlength=\"400\" class=\"wpcf7-form-control wpcf7-text\" aria-invalid=\"false\" value=\"\" type=\"text\" name=\"acier_manganese\" \/><\/span> <\/label>\n<\/p>\n<p><label> Epaisseur tamis :<br \/>\n<span class=\"wpcf7-form-control-wrap\" data-name=\"epaisseur_tamis\"><input size=\"40\" maxlength=\"400\" class=\"wpcf7-form-control wpcf7-text\" aria-invalid=\"false\" placeholder=\"mm\" value=\"\" type=\"text\" name=\"epaisseur_tamis\" \/><\/span> <\/label>\n<\/p>\n<p><label> Percage tamis :<br \/>\n<span class=\"wpcf7-form-control-wrap\" data-name=\"percage_tamis\"><input size=\"40\" maxlength=\"400\" class=\"wpcf7-form-control wpcf7-text\" aria-invalid=\"false\" placeholder=\"mm x mm x mm\" value=\"\" type=\"text\" name=\"percage_tamis\" \/><\/span> <\/label>\n<\/p>\n<p><label> Divers pi\u00e8ces de rechange :<br \/>\n<span class=\"wpcf7-form-control-wrap\" data-name=\"rechange_divers\"><textarea cols=\"40\" rows=\"6\" maxlength=\"2000\" class=\"wpcf7-form-control wpcf7-textarea\" aria-invalid=\"false\" name=\"rechange_divers\"><\/textarea><\/span> <\/label>\n<\/p>\n<p><label> Offre de maintenance\/r\u00e9paration :<br \/>\n<span class=\"wpcf7-form-control-wrap\" data-name=\"offre_maintenance\"><textarea cols=\"40\" rows=\"6\" maxlength=\"2000\" class=\"wpcf7-form-control wpcf7-textarea\" aria-invalid=\"false\" name=\"offre_maintenance\"><\/textarea><\/span> <\/label>\n<\/p>\n<p><span class=\"wpcf7-form-control-wrap\" data-name=\"dse-ok\"><span class=\"wpcf7-form-control wpcf7-acceptance\"><span class=\"wpcf7-list-item\"><label><input type=\"checkbox\" name=\"dse-ok\" value=\"1\" aria-invalid=\"false\" \/><span class=\"wpcf7-list-item-label\"><strong>(*)J'ai lu la <a href=\"https:\/\/neue-herbold.com\/fr\/politique-de-confidentialite\/\" target=\"_blank\" rel=\"noopener\">politique de confidentialit\u00e9<\/a>. J'accepte que mes d\u00e9tails et donn\u00e9es soient collect\u00e9s et stock\u00e9s \u00e9lectroniquement pour r\u00e9pondre \u00e0 ma demande. Remarque: vous pouvez r\u00e9voquer votre consentement \u00e0 tout moment pour l'avenir en envoyant un courrier \u00e9lectronique \u00e0 <a href=\"mailto:info@neue-herbold.de\" rel=\"noopener\">info@neue-herbold.de<\/a>.<\/span><\/label><\/span><\/span><\/span>\n<\/p>\n<p>Les champs marqu\u00e9s d'un (*) sont obligatoires.\n<\/p>\n<p><input class=\"wpcf7-form-control wpcf7-submit has-spinner\" type=\"submit\" value=\"Envoyer\" \/>\n<\/p><div class=\"wpcf7-response-output\" aria-hidden=\"true\"><\/div>\n<\/form>\n<\/div>\n\n","protected":false},"excerpt":{"rendered":"<p><span class=\"ellipsis\">&hellip;<\/span><\/p>\n<div class=\"read-more\"><a href=\"https:\/\/neue-herbold.com\/fr\/questionnaire-de-rechange-reparation-maintenance\/\">Lire la suite &#8250;<\/a><\/div>\n<p><!-- end of .read-more --><\/p>\n","protected":false},"author":1,"featured_media":0,"parent":0,"menu_order":0,"comment_status":"closed","ping_status":"closed","template":"","meta":{"footnotes":""},"class_list":["post-9135","page","type-page","status-publish","hentry"],"yoast_head":"<!-- This site is optimized with the Yoast SEO plugin v25.4 - https:\/\/yoast.com\/wordpress\/plugins\/seo\/ -->\n<title>Questionnaire de Rechange \/ R\u00e9paration \/ Maintenance - Neue Herbold GmbH<\/title>\n<meta name=\"robots\" content=\"index, follow, max-snippet:-1, max-image-preview:large, max-video-preview:-1\" \/>\n<link rel=\"canonical\" href=\"https:\/\/neue-herbold.com\/fr\/questionnaire-de-rechange-reparation-maintenance\/\" \/>\n<meta property=\"og:locale\" content=\"fr_FR\" \/>\n<meta property=\"og:type\" content=\"article\" \/>\n<meta property=\"og:title\" content=\"Questionnaire de Rechange \/ R\u00e9paration \/ Maintenance - Neue Herbold GmbH\" \/>\n<meta property=\"og:description\" content=\"&hellip;Lire la suite &#8250;\" \/>\n<meta property=\"og:url\" content=\"https:\/\/neue-herbold.com\/fr\/questionnaire-de-rechange-reparation-maintenance\/\" \/>\n<meta property=\"og:site_name\" content=\"Neue Herbold GmbH\" \/>\n<meta property=\"article:modified_time\" content=\"2019-05-23T15:01:41+00:00\" \/>\n<script type=\"application\/ld+json\" class=\"yoast-schema-graph\">{\"@context\":\"https:\/\/schema.org\",\"@graph\":[{\"@type\":\"WebPage\",\"@id\":\"https:\/\/neue-herbold.com\/fr\/questionnaire-de-rechange-reparation-maintenance\/\",\"url\":\"https:\/\/neue-herbold.com\/fr\/questionnaire-de-rechange-reparation-maintenance\/\",\"name\":\"Questionnaire de Rechange \/ R\u00e9paration \/ Maintenance - Neue Herbold GmbH\",\"isPartOf\":{\"@id\":\"https:\/\/neue-herbold.com\/en\/#website\"},\"datePublished\":\"2016-06-05T21:30:41+00:00\",\"dateModified\":\"2019-05-23T15:01:41+00:00\",\"breadcrumb\":{\"@id\":\"https:\/\/neue-herbold.com\/fr\/questionnaire-de-rechange-reparation-maintenance\/#breadcrumb\"},\"inLanguage\":\"fr-FR\",\"potentialAction\":[{\"@type\":\"ReadAction\",\"target\":[\"https:\/\/neue-herbold.com\/fr\/questionnaire-de-rechange-reparation-maintenance\/\"]}]},{\"@type\":\"BreadcrumbList\",\"@id\":\"https:\/\/neue-herbold.com\/fr\/questionnaire-de-rechange-reparation-maintenance\/#breadcrumb\",\"itemListElement\":[{\"@type\":\"ListItem\",\"position\":1,\"name\":\"Startseite\",\"item\":\"https:\/\/neue-herbold.com\/fr\/\"},{\"@type\":\"ListItem\",\"position\":2,\"name\":\"Questionnaire de Rechange \/ R\u00e9paration \/ Maintenance\"}]},{\"@type\":\"WebSite\",\"@id\":\"https:\/\/neue-herbold.com\/en\/#website\",\"url\":\"https:\/\/neue-herbold.com\/en\/\",\"name\":\"Neue Herbold GmbH\",\"description\":\"\",\"potentialAction\":[{\"@type\":\"SearchAction\",\"target\":{\"@type\":\"EntryPoint\",\"urlTemplate\":\"https:\/\/neue-herbold.com\/en\/?s={search_term_string}\"},\"query-input\":{\"@type\":\"PropertyValueSpecification\",\"valueRequired\":true,\"valueName\":\"search_term_string\"}}],\"inLanguage\":\"fr-FR\"}]}<\/script>\n<!-- \/ Yoast SEO plugin. -->","yoast_head_json":{"title":"Questionnaire de Rechange \/ R\u00e9paration \/ Maintenance - Neue Herbold GmbH","robots":{"index":"index","follow":"follow","max-snippet":"max-snippet:-1","max-image-preview":"max-image-preview:large","max-video-preview":"max-video-preview:-1"},"canonical":"https:\/\/neue-herbold.com\/fr\/questionnaire-de-rechange-reparation-maintenance\/","og_locale":"fr_FR","og_type":"article","og_title":"Questionnaire de Rechange \/ R\u00e9paration \/ Maintenance - Neue Herbold GmbH","og_description":"&hellip;Lire la suite &#8250;","og_url":"https:\/\/neue-herbold.com\/fr\/questionnaire-de-rechange-reparation-maintenance\/","og_site_name":"Neue Herbold GmbH","article_modified_time":"2019-05-23T15:01:41+00:00","schema":{"@context":"https:\/\/schema.org","@graph":[{"@type":"WebPage","@id":"https:\/\/neue-herbold.com\/fr\/questionnaire-de-rechange-reparation-maintenance\/","url":"https:\/\/neue-herbold.com\/fr\/questionnaire-de-rechange-reparation-maintenance\/","name":"Questionnaire de Rechange \/ R\u00e9paration \/ Maintenance - Neue Herbold GmbH","isPartOf":{"@id":"https:\/\/neue-herbold.com\/en\/#website"},"datePublished":"2016-06-05T21:30:41+00:00","dateModified":"2019-05-23T15:01:41+00:00","breadcrumb":{"@id":"https:\/\/neue-herbold.com\/fr\/questionnaire-de-rechange-reparation-maintenance\/#breadcrumb"},"inLanguage":"fr-FR","potentialAction":[{"@type":"ReadAction","target":["https:\/\/neue-herbold.com\/fr\/questionnaire-de-rechange-reparation-maintenance\/"]}]},{"@type":"BreadcrumbList","@id":"https:\/\/neue-herbold.com\/fr\/questionnaire-de-rechange-reparation-maintenance\/#breadcrumb","itemListElement":[{"@type":"ListItem","position":1,"name":"Startseite","item":"https:\/\/neue-herbold.com\/fr\/"},{"@type":"ListItem","position":2,"name":"Questionnaire de Rechange \/ R\u00e9paration \/ Maintenance"}]},{"@type":"WebSite","@id":"https:\/\/neue-herbold.com\/en\/#website","url":"https:\/\/neue-herbold.com\/en\/","name":"Neue Herbold GmbH","description":"","potentialAction":[{"@type":"SearchAction","target":{"@type":"EntryPoint","urlTemplate":"https:\/\/neue-herbold.com\/en\/?s={search_term_string}"},"query-input":{"@type":"PropertyValueSpecification","valueRequired":true,"valueName":"search_term_string"}}],"inLanguage":"fr-FR"}]}},"_links":{"self":[{"href":"https:\/\/neue-herbold.com\/fr\/wp-json\/wp\/v2\/pages\/9135"}],"collection":[{"href":"https:\/\/neue-herbold.com\/fr\/wp-json\/wp\/v2\/pages"}],"about":[{"href":"https:\/\/neue-herbold.com\/fr\/wp-json\/wp\/v2\/types\/page"}],"author":[{"embeddable":true,"href":"https:\/\/neue-herbold.com\/fr\/wp-json\/wp\/v2\/users\/1"}],"replies":[{"embeddable":true,"href":"https:\/\/neue-herbold.com\/fr\/wp-json\/wp\/v2\/comments?post=9135"}],"version-history":[{"count":6,"href":"https:\/\/neue-herbold.com\/fr\/wp-json\/wp\/v2\/pages\/9135\/revisions"}],"predecessor-version":[{"id":15341,"href":"https:\/\/neue-herbold.com\/fr\/wp-json\/wp\/v2\/pages\/9135\/revisions\/15341"}],"wp:attachment":[{"href":"https:\/\/neue-herbold.com\/fr\/wp-json\/wp\/v2\/media?parent=9135"}],"curies":[{"name":"wp","href":"https:\/\/api.w.org\/{rel}","templated":true}]}}