{"id":9062,"date":"2016-06-05T21:35:50","date_gmt":"2016-06-05T19:35:50","guid":{"rendered":"https:\/\/neue-herbold.com\/fr\/kontakt\/"},"modified":"2025-09-10T14:02:00","modified_gmt":"2025-09-10T12:02:00","slug":"personnes-a-contacter","status":"publish","type":"page","link":"https:\/\/neue-herbold.com\/fr\/personnes-a-contacter\/","title":{"rendered":"Personnes \u00e0 Contacter"},"content":{"rendered":"<p><span style=\"color: #000000;\"><b><span style=\"font-family: Arial; font-size: medium;\">NEUE HERBOLD<\/span><span style=\"font-family: Arial; font-size: small;\"><br \/>\nMaschinen-u. Anlagenbau GmbH<\/span><\/b><span style=\"font-family: Arial; font-size: small;\"><br \/>\n<\/span><\/span>Wiesenstrasse 44<br \/>\n74889 Sinsheim<br \/>\nAllemagne<\/p>\n<p>T\u00e9l\u00e9phone: +49 (0) 7261 \/ 9248-0<br \/>\nFax: +49 (0) 7261 \/ 9248-99<span style=\"color: #000000;\"><span style=\"font-family: Arial; font-size: small;\"><br \/>\n<\/span><\/span><a href=\"mailto:info@neue-herbold.de\" target=\"_blank\" rel=\"noopener noreferrer\">info@neue-herbold.de<\/a><\/p>\n<hr \/>\n<h4>Gestion<\/h4>\n<hr \/>\n<p><strong>Peter Abraham<\/strong><br \/>\n<a href=\"mailto:p.abraham@neue-herbold.com\" target=\"_blank\" rel=\"noopener noreferrer\">p.abraham@neue-herbold.com<\/a><\/p>\n<hr \/>\n<h4>Distribution<\/h4>\n<hr \/>\n<p><strong>Peter B\u00e4uchle<\/strong><span style=\"font-family: Arial; font-size: small; color: #000000;\"><b><br \/>\n<\/b><\/span>T\u00e9l\u00e9phone: +49 (0) 7261 \/ 9248-34<span style=\"font-family: Arial; font-size: small; color: #000000;\"><b><br \/>\n<\/b><\/span><a style=\"color: #0000ff;\" href=\"mailto:p.baeuchle@neue-herbold.com\" target=\"_blank\" rel=\"noopener noreferrer\">p.baeuchle@neue-herbold.com<\/a><\/p>\n<p><strong>Helall Firouzie<\/strong><span style=\"font-family: Arial; font-size: small; color: #000000;\"><b><br \/>\n<\/b><\/span>T\u00e9l\u00e9phone: +49 (0) 7261 \/ 9248-41<span style=\"font-family: Arial; font-size: small; color: #000000;\"><b><br \/>\n<\/b><\/span><a style=\"color: #0000ff;\" href=\"mailto:h.firouzie@neue-herbold.com\" target=\"_blank\" rel=\"noopener noreferrer\">h.firouzie@neue-herbold.com<\/a><\/p>\n<p><strong>Leonhard Heinrichsmeier<br \/>\n<\/strong>T\u00e9l\u00e9phone: +49 (0) 7261 \/ 9248-35<a href=\"mailto:i.ogor@neue-herbold.de\"><span style=\"color: #0000ff;\"><br \/>\n<\/span><\/a><a style=\"color: #0000ff;\" href=\"mailto:l.heinrichsmeier@neue-herbold.com\">l.heinrichsmeier@neue-herbold.com<\/a><\/p>\n<p><strong>Egon Kaiser<\/strong> <br \/>\nT\u00e9l\u00e9phone: +49 (0) 7261 \/ 9248-19<br \/>\n<span style=\"color: #0000ff;\"><a style=\"color: #0000ff;\" href=\"mailto:e.kaiser@neue-herbold.com\"> e.kaiser@neue-herbold.com<\/a><\/span><\/p>\n<p><strong>Andreas M\u00f6ller<\/strong> <br \/>\nT\u00e9lephone: +49 (0) 7261 \/ 9248-38<br \/>\n<span style=\"color: #0000ff;\"><a style=\"color: #0000ff;\" href=\"mailto:a.moeller@neue-herbold.com\"> a.moeller@neue-herbold.com<\/a><\/span><\/p>\n<p><strong>Ulrich Maier-Borst<\/strong><br \/>\nT\u00e9lephone: +49 (0) 7261 9248 54<br \/>\n<a href=\"mailto:u.maier-borst@neue-herbold.com\"><span style=\"color: #0000ff;\">u.maier-borst@neue-herbold.com<\/span><\/a><\/p>\n<hr \/>\n<h4>Service, pi\u00e8ces de rechange, r\u00e9paration, installation<\/h4>\n<hr \/>\n<p><strong>Jochen Fuchs<\/strong><span style=\"font-family: Arial; font-size: small; color: #000000;\"><b><br \/>\n<\/b><\/span>T\u00e9l\u00e9phone: +49 (0) 7261 \/ 9248-53<span style=\"font-family: Arial; font-size: small; color: #000000;\"><b><br \/>\n<\/b><\/span><a style=\"color: #0000ff;\" href=\"mailto:j.fuchs@neue-herbold.com\" target=\"_blank\" rel=\"noopener noreferrer\">j.fuchs@neue-herbold.com<\/a><\/p>\n<p><strong>Natalia Zelinski\u00a0<\/strong><br \/>\nT\u00e9l\u00e9phone: +49 (0) 7261 \/ 9248-32<br \/>\n<span style=\"color: #0000ff;\"><a style=\"color: #0000ff;\" href=\"mailto:n.zelinski@neue-herbold.com\"> n.zelinski@neue-herbold.com<\/a><\/span><\/p>\n<p><strong>Ronald Arbogast<br \/>\n<\/strong>T\u00e9l\u00e9phone: +49 (0) 7261 \/ 9248-55<strong><br \/>\n<\/strong><span style=\"color: #0000ff;\"><a style=\"color: #0000ff;\" href=\"mailto:r.arbogast@neue-herbold.com\">r.arbogast@neue-herbold.com<\/a><\/span><\/p>\n<p><strong>Lusine Avetisyan<br \/>\n<\/strong>T\u00e9l\u00e9phone: +49 (0) 7261 \/ 9248 -56<br \/>\n<span style=\"color: #0000ff;\"><a style=\"color: #0000ff;\" href=\"mailto:l.avetisyan@neue-herbold.com\">l.avetisyan@neue-herbold.com<\/a><\/span><\/p>\n<hr \/>\n<h4>Livraison<\/h4>\n<hr \/>\n<p><strong>Meike Hufnagel<\/strong><span style=\"font-family: Arial; font-size: small; color: #000000;\"><b><br \/>\n<\/b><\/span>T\u00e9l\u00e9phone: +49 (0) 7261 \/ 9248-14<span style=\"font-family: Arial; font-size: small; color: #000000;\"><b><br \/>\n<\/b><\/span><a style=\"color: #0000ff;\" href=\"mailto:m.hufnagel@neue-herbold.de\" target=\"_blank\" rel=\"noopener noreferrer\">m.hufnagel@neue-herbold.com<\/a><\/p>\n<hr \/>\n<h4>Achat<\/h4>\n<hr \/>\n<p><strong>Marc Leibenguth<\/strong><span style=\"font-family: Arial; font-size: small; color: #000000;\"><b><br \/>\n<\/b><\/span>T\u00e9l\u00e9phone: +49 (0) 7261 \/ 9248-13<span style=\"font-family: Arial; font-size: small; color: #000000;\"><b><br \/>\n<\/b><\/span><a style=\"color: #0000ff;\" href=\"mailto:m.leibenguth@neue-herbold.de\" target=\"_blank\" rel=\"noopener noreferrer\">m.leibenguth@neue-herbold.com<\/a><\/p>\n<hr \/>\n<h4>Agent autoris\u00e9 &#8211; Finance et Comptabilit\u00e9 &#8211; Comptabilit\u00e9 personnel<\/h4>\n<hr \/>\n<p><strong>Manuel H\u00f6glinger<\/strong><span style=\"font-family: Arial; font-size: small; color: #000000;\"><b><br \/>\n<\/b><\/span><a style=\"color: #0000ff;\" href=\"mailto:m.hoeglinger@neue-herbold.com\" target=\"_blank\" rel=\"noopener noreferrer\">m.hoeglinger@neue-herbold.com<\/a><\/p>\n<p>&nbsp;<\/p>\n","protected":false},"excerpt":{"rendered":"<p><span style=\"color: #000000;\"><b><span style=\"font-family: Arial; font-size: medium;\">NEUE HERBOLD<\/span><span style=\"font-family: Arial; font-size: small;\"><br \/>\nMaschinen-u. Anlagenbau GmbH<\/span><\/b><span style=\"font-family: Arial; font-size: small;\"><br \/>\n<\/span><\/span>Wiesenstrasse 44<br \/>\n74889 Sinsheim<br \/>\nAllemagne<\/p>\n<p>T\u00e9l\u00e9phone: +49 (0) 7261 \/ 9248-0<br \/>\nFax: +49 (0) 7261 \/ 9248-99<span style=\"color: #000000;\"><span style=\"font-family: Arial; font-size: small;\"><br \/>\n<\/span><\/span><a href=\"mailto:info@neue-herbold.de\" target=\"_blank\" rel=\"noopener noreferrer\">info@neue-herbold.de<\/a><\/p>\n<p>Gestion<\/p>\n<p><strong>Peter Abraham<\/strong><br \/>\n<a href=\"mailto:p.abraham@neue-herbold.com\" target=\"_blank\" rel=\"noopener noreferrer\">p.abraham@neue-herbold.com<\/a><\/p>\n<p>Distribution<\/p>\n<p><strong>Peter B\u00e4uchle<\/strong><span style=\"font-family: Arial; font-size: small; color: #000000;\"><b><br \/>\n<\/b><\/span>T\u00e9l\u00e9phone: +49 (0) 7261 \/ 9248-34<span style=\"font-family: Arial; font-size: small; color: #000000;\"><b><br \/>\n<\/b><\/span><a style=\"color: #0000ff;\" href=\"mailto:p.baeuchle@neue-herbold.com\" target=\"_blank\" rel=\"noopener noreferrer\">p.baeuchle@neue-herbold.com<\/a><\/p>\n<p><strong>Helall Firouzie<\/strong><span style=\"font-family: Arial; font-size: small; color: #000000;\"><b><br \/>\n<\/b><\/span>T\u00e9l\u00e9phone: +49 (0) 7261 \/ 9248-41<span style=\"font-family: Arial; font-size: small; color: #000000;\"><b><br \/>\n<\/b><\/span><a style=\"color: #0000ff;\" href=\"mailto:h.firouzie@neue-herbold.com\" target=\"_blank\" rel=\"noopener noreferrer\">h.firouzie@neue-herbold.com<\/a><\/p>\n<p><strong>Leonhard Heinrichsmeier<br \/>\n<\/strong>T\u00e9l\u00e9phone: +49 (0) 7261 \/ 9248-35<a href=\"mailto:i.ogor@neue-herbold.de\"><span style=\"color: #0000ff;\"><br \/>\n<\/span><\/a><a style=\"color: #0000ff;\" href=\"mailto:l.heinrichsmeier@neue-herbold.com\">l.heinrichsmeier@neue-herbold.com<\/a><\/p>\n<p><strong>Egon Kaiser<\/strong> <br \/>\nT\u00e9l\u00e9phone: +49 (0) 7261 \/ 9248-19<br \/>\n<span style=\"color: #0000ff;\"><a style=\"color: #0000ff;\" href=\"mailto:e.kaiser@neue-herbold.com\"> e.kaiser@neue-herbold.com<\/a><\/span><\/p>\n<p><strong>Andreas M\u00f6ller<\/strong> <br \/>\nT\u00e9lephone: +49 (0) 7261 \/ 9248-38<br \/>\n<span style=\"color: #0000ff;\"><a style=\"color: #0000ff;\" href=\"mailto:a.moeller@neue-herbold.com\"> a.moeller@neue-herbold.com<\/a><\/span><\/p>\n<p><strong>Ulrich Maier-Borst<\/strong><br \/>\nT\u00e9lephone: +49 (0) 7261 9248 54<br \/>\n<a href=\"mailto:u.maier-borst@neue-herbold.com\"><span style=\"color: #0000ff;\">u.maier-borst@neue-herbold.com<\/span><\/a><\/p>\n<p>Service,<span class=\"ellipsis\">&hellip;<\/span><\/p>\n<div class=\"read-more\"><a href=\"https:\/\/neue-herbold.com\/fr\/personnes-a-contacter\/\">Lire la suite &#8250;<\/a><\/div>\n<p><!-- end of .read-more --><\/p>\n","protected":false},"author":1,"featured_media":0,"parent":0,"menu_order":0,"comment_status":"closed","ping_status":"closed","template":"","meta":{"footnotes":""},"class_list":["post-9062","page","type-page","status-publish","hentry"],"yoast_head":"<!-- This site is optimized with the Yoast SEO plugin v25.4 - https:\/\/yoast.com\/wordpress\/plugins\/seo\/ -->\n<title>Personnes \u00e0 Contacter - Neue Herbold GmbH<\/title>\n<meta name=\"description\" content=\"Notre Personnes \u00e0 Contacter - Neue Herbold Maschinen-u. Anlagenbau GmbH - allemagne S&#039;il vous pla\u00eet envoyer pendant nos heures d&#039;ouverture\" \/>\n<meta name=\"robots\" content=\"index, follow, max-snippet:-1, max-image-preview:large, max-video-preview:-1\" \/>\n<link rel=\"canonical\" href=\"https:\/\/neue-herbold.com\/fr\/personnes-a-contacter\/\" \/>\n<meta property=\"og:locale\" content=\"fr_FR\" \/>\n<meta property=\"og:type\" content=\"article\" \/>\n<meta property=\"og:title\" content=\"Personnes \u00e0 Contacter - Neue Herbold GmbH\" \/>\n<meta property=\"og:description\" content=\"Notre Personnes \u00e0 Contacter - Neue Herbold Maschinen-u. Anlagenbau GmbH - allemagne S&#039;il vous pla\u00eet envoyer pendant nos heures d&#039;ouverture\" \/>\n<meta property=\"og:url\" content=\"https:\/\/neue-herbold.com\/fr\/personnes-a-contacter\/\" \/>\n<meta property=\"og:site_name\" content=\"Neue Herbold GmbH\" \/>\n<meta property=\"article:modified_time\" content=\"2025-09-10T12:02:00+00:00\" \/>\n<meta name=\"twitter:label1\" content=\"Dur\u00e9e de lecture estim\u00e9e\" \/>\n\t<meta name=\"twitter:data1\" content=\"1 minute\" \/>\n<script type=\"application\/ld+json\" class=\"yoast-schema-graph\">{\"@context\":\"https:\/\/schema.org\",\"@graph\":[{\"@type\":\"WebPage\",\"@id\":\"https:\/\/neue-herbold.com\/fr\/personnes-a-contacter\/\",\"url\":\"https:\/\/neue-herbold.com\/fr\/personnes-a-contacter\/\",\"name\":\"Personnes \u00e0 Contacter - Neue Herbold GmbH\",\"isPartOf\":{\"@id\":\"https:\/\/neue-herbold.com\/en\/#website\"},\"datePublished\":\"2016-06-05T19:35:50+00:00\",\"dateModified\":\"2025-09-10T12:02:00+00:00\",\"description\":\"Notre Personnes \u00e0 Contacter - Neue Herbold Maschinen-u. Anlagenbau GmbH - allemagne S'il vous pla\u00eet envoyer pendant nos heures d'ouverture\",\"breadcrumb\":{\"@id\":\"https:\/\/neue-herbold.com\/fr\/personnes-a-contacter\/#breadcrumb\"},\"inLanguage\":\"fr-FR\",\"potentialAction\":[{\"@type\":\"ReadAction\",\"target\":[\"https:\/\/neue-herbold.com\/fr\/personnes-a-contacter\/\"]}]},{\"@type\":\"BreadcrumbList\",\"@id\":\"https:\/\/neue-herbold.com\/fr\/personnes-a-contacter\/#breadcrumb\",\"itemListElement\":[{\"@type\":\"ListItem\",\"position\":1,\"name\":\"Startseite\",\"item\":\"https:\/\/neue-herbold.com\/fr\/\"},{\"@type\":\"ListItem\",\"position\":2,\"name\":\"Personnes \u00e0 Contacter\"}]},{\"@type\":\"WebSite\",\"@id\":\"https:\/\/neue-herbold.com\/en\/#website\",\"url\":\"https:\/\/neue-herbold.com\/en\/\",\"name\":\"Neue Herbold GmbH\",\"description\":\"\",\"potentialAction\":[{\"@type\":\"SearchAction\",\"target\":{\"@type\":\"EntryPoint\",\"urlTemplate\":\"https:\/\/neue-herbold.com\/en\/?s={search_term_string}\"},\"query-input\":{\"@type\":\"PropertyValueSpecification\",\"valueRequired\":true,\"valueName\":\"search_term_string\"}}],\"inLanguage\":\"fr-FR\"}]}<\/script>\n<!-- \/ Yoast SEO plugin. -->","yoast_head_json":{"title":"Personnes \u00e0 Contacter - Neue Herbold GmbH","description":"Notre Personnes \u00e0 Contacter - Neue Herbold Maschinen-u. Anlagenbau GmbH - allemagne S'il vous pla\u00eet envoyer pendant nos heures d'ouverture","robots":{"index":"index","follow":"follow","max-snippet":"max-snippet:-1","max-image-preview":"max-image-preview:large","max-video-preview":"max-video-preview:-1"},"canonical":"https:\/\/neue-herbold.com\/fr\/personnes-a-contacter\/","og_locale":"fr_FR","og_type":"article","og_title":"Personnes \u00e0 Contacter - Neue Herbold GmbH","og_description":"Notre Personnes \u00e0 Contacter - Neue Herbold Maschinen-u. Anlagenbau GmbH - allemagne S'il vous pla\u00eet envoyer pendant nos heures d'ouverture","og_url":"https:\/\/neue-herbold.com\/fr\/personnes-a-contacter\/","og_site_name":"Neue Herbold GmbH","article_modified_time":"2025-09-10T12:02:00+00:00","twitter_misc":{"Dur\u00e9e de lecture estim\u00e9e":"1 minute"},"schema":{"@context":"https:\/\/schema.org","@graph":[{"@type":"WebPage","@id":"https:\/\/neue-herbold.com\/fr\/personnes-a-contacter\/","url":"https:\/\/neue-herbold.com\/fr\/personnes-a-contacter\/","name":"Personnes \u00e0 Contacter - Neue Herbold GmbH","isPartOf":{"@id":"https:\/\/neue-herbold.com\/en\/#website"},"datePublished":"2016-06-05T19:35:50+00:00","dateModified":"2025-09-10T12:02:00+00:00","description":"Notre Personnes \u00e0 Contacter - Neue Herbold Maschinen-u. Anlagenbau GmbH - allemagne S'il vous pla\u00eet envoyer pendant nos heures d'ouverture","breadcrumb":{"@id":"https:\/\/neue-herbold.com\/fr\/personnes-a-contacter\/#breadcrumb"},"inLanguage":"fr-FR","potentialAction":[{"@type":"ReadAction","target":["https:\/\/neue-herbold.com\/fr\/personnes-a-contacter\/"]}]},{"@type":"BreadcrumbList","@id":"https:\/\/neue-herbold.com\/fr\/personnes-a-contacter\/#breadcrumb","itemListElement":[{"@type":"ListItem","position":1,"name":"Startseite","item":"https:\/\/neue-herbold.com\/fr\/"},{"@type":"ListItem","position":2,"name":"Personnes \u00e0 Contacter"}]},{"@type":"WebSite","@id":"https:\/\/neue-herbold.com\/en\/#website","url":"https:\/\/neue-herbold.com\/en\/","name":"Neue Herbold GmbH","description":"","potentialAction":[{"@type":"SearchAction","target":{"@type":"EntryPoint","urlTemplate":"https:\/\/neue-herbold.com\/en\/?s={search_term_string}"},"query-input":{"@type":"PropertyValueSpecification","valueRequired":true,"valueName":"search_term_string"}}],"inLanguage":"fr-FR"}]}},"_links":{"self":[{"href":"https:\/\/neue-herbold.com\/fr\/wp-json\/wp\/v2\/pages\/9062"}],"collection":[{"href":"https:\/\/neue-herbold.com\/fr\/wp-json\/wp\/v2\/pages"}],"about":[{"href":"https:\/\/neue-herbold.com\/fr\/wp-json\/wp\/v2\/types\/page"}],"author":[{"embeddable":true,"href":"https:\/\/neue-herbold.com\/fr\/wp-json\/wp\/v2\/users\/1"}],"replies":[{"embeddable":true,"href":"https:\/\/neue-herbold.com\/fr\/wp-json\/wp\/v2\/comments?post=9062"}],"version-history":[{"count":28,"href":"https:\/\/neue-herbold.com\/fr\/wp-json\/wp\/v2\/pages\/9062\/revisions"}],"predecessor-version":[{"id":16583,"href":"https:\/\/neue-herbold.com\/fr\/wp-json\/wp\/v2\/pages\/9062\/revisions\/16583"}],"wp:attachment":[{"href":"https:\/\/neue-herbold.com\/fr\/wp-json\/wp\/v2\/media?parent=9062"}],"curies":[{"name":"wp","href":"https:\/\/api.w.org\/{rel}","templated":true}]}}