{"id":9002,"date":"2016-06-05T20:23:48","date_gmt":"2016-06-05T18:23:48","guid":{"rendered":"https:\/\/neue-herbold.com\/fr\/taumelsiebmaschine-tsm\/"},"modified":"2016-06-05T20:59:24","modified_gmt":"2016-06-05T18:59:24","slug":"tamis-oscillant-tsm","status":"publish","type":"page","link":"https:\/\/neue-herbold.com\/fr\/tamis-oscillant-tsm\/","title":{"rendered":"Tamis oscillant TSM"},"content":{"rendered":"<p><span style=\"color: #000000;\"><strong><a href=\"https:\/\/neue-herbold.com\/wp-content\/uploads\/2014\/12\/Taumelsiebmaschine.jpg\" target=\"_blank\"><img loading=\"lazy\" decoding=\"async\" class=\"alignright wp-image-3067\" src=\"https:\/\/neue-herbold.com\/wp-content\/uploads\/2014\/12\/Taumelsiebmaschine.jpg\" alt=\"Tamis oscillant TSM\" width=\"299\" height=\"219\" srcset=\"https:\/\/neue-herbold.com\/wp-content\/uploads\/2014\/12\/Taumelsiebmaschine.jpg 255w, https:\/\/neue-herbold.com\/wp-content\/uploads\/2014\/12\/Taumelsiebmaschine-100x73.jpg 100w, https:\/\/neue-herbold.com\/wp-content\/uploads\/2014\/12\/Taumelsiebmaschine-150x110.jpg 150w, https:\/\/neue-herbold.com\/wp-content\/uploads\/2014\/12\/Taumelsiebmaschine-200x146.jpg 200w\" sizes=\"(max-width: 299px) 100vw, 299px\" \/><\/a><\/strong><\/span><em><strong>Secteur d\u2019emploi<\/strong><\/em><\/p>\n<p>Le Tamis oscillant <strong>NEUE HERBOLD<\/strong> de type TSM est utilis\u00e9t pour le tamisage des vracs en forme de poudre. Son utilisation la plus importante est le tamisage fin\/extrafin.<\/p>\n<ul>\n<li>Int\u00e9gr\u00e9 dans les installations de tamisage fin, pour ramener les grains grossiers au broyeur<\/li>\n<li>Chimie<\/li>\n<li>Aliments et \u00e9pices<\/li>\n<\/ul>\n<p><strong><em>Technique<\/em><\/strong><\/p>\n<p>L\u2019alimentation des mat\u00e9riaux se fait par le centre du tamis. Entra\u00een\u00e9 par un moteur oscillant, le tamis chanc\u00e8le. Par cette oscillation, les broy\u00e9s sont transport\u00e9s spiro\u00efdalement sur le tamis vers l\u2019ext\u00e9rieur. Les fins passent par le tamis et se raceuillissent, tandis que les broy\u00e9s grossiers sont \u00e9vacu\u00e9s par une orifice de sortie.<\/p>\n<h3>Tamis oscillant de NEUE HERBOLD<\/h3>\n<table>\n<tbody>\n<tr>\n<td style=\"text-align: center;\"><span style=\"color: #000000;\"><strong>Type<\/strong><\/span><\/td>\n<td style=\"text-align: center;\">\u00a0<\/td>\n<\/tr>\n<tr>\n<td style=\"text-align: left;\"><span style=\"color: #000000;\">Tami oscillant TSM 900<\/span><\/td>\n<td style=\"text-align: left;\">\u00a0<\/td>\n<\/tr>\n<tr>\n<td style=\"text-align: left;\"><span style=\"color: #000000;\">Tami oscillant TSM 1200<\/span><\/td>\n<td style=\"text-align: left;\">\u00a0<\/td>\n<\/tr>\n<tr>\n<td style=\"text-align: left;\"><span style=\"color: #000000;\">Tami oscillant TSM 1600<\/span><\/td>\n<td style=\"text-align: left;\">\u00a0<\/td>\n<\/tr>\n<tr>\n<td style=\"text-align: center;\"><span style=\"color: #000000;\">Tami oscillant TSM 2000<\/span><\/td>\n<td style=\"text-align: center;\">\u00a0<\/td>\n<\/tr>\n<\/tbody>\n<\/table>\n<div id=\"attachment_3068\" style=\"width: 658px\" class=\"wp-caption aligncenter\"><a href=\"https:\/\/neue-herbold.com\/wp-content\/uploads\/2014\/12\/Siebmaschine.jpg\" target=\"_blank\"><img loading=\"lazy\" decoding=\"async\" aria-describedby=\"caption-attachment-3068\" class=\"wp-image-3068 size-full\" src=\"https:\/\/neue-herbold.com\/wp-content\/uploads\/2014\/12\/Siebmaschine.jpg\" alt=\"Tamis oscillant\" width=\"648\" height=\"102\" srcset=\"https:\/\/neue-herbold.com\/wp-content\/uploads\/2014\/12\/Siebmaschine.jpg 648w, https:\/\/neue-herbold.com\/wp-content\/uploads\/2014\/12\/Siebmaschine-300x47.jpg 300w, https:\/\/neue-herbold.com\/wp-content\/uploads\/2014\/12\/Siebmaschine-100x15.jpg 100w, https:\/\/neue-herbold.com\/wp-content\/uploads\/2014\/12\/Siebmaschine-150x23.jpg 150w, https:\/\/neue-herbold.com\/wp-content\/uploads\/2014\/12\/Siebmaschine-200x31.jpg 200w, https:\/\/neue-herbold.com\/wp-content\/uploads\/2014\/12\/Siebmaschine-450x70.jpg 450w, https:\/\/neue-herbold.com\/wp-content\/uploads\/2014\/12\/Siebmaschine-600x94.jpg 600w\" sizes=\"(max-width: 648px) 100vw, 648px\" \/><\/a><p id=\"caption-attachment-3068\" class=\"wp-caption-text\">Mod\u00e8les \u00e0 un ou plusieurs \u00e9tages, en acier ou acier inoxydable.<\/p><\/div>\n<hr \/>\n<p><a href=\"https:\/\/neue-herbold.com\/fr\/accessoires\/\"><span id=\"result_box\" class=\"short_text\" lang=\"fr\">D&rsquo;autres accessoires de <strong>Neue Herbold<\/strong> vous <span class=\"\">peuvent \u00eatre trouv\u00e9s ici&#8230;<\/span><\/span><\/a><\/p>\n<p><a href=\"https:\/\/neue-herbold.com\/fr\/personnes-a-contacter\/\">Si vous avez des questions, s&rsquo;il vous pla\u00eet contacter notre personnel de service ici&#8230;<\/a><\/p>\n","protected":false},"excerpt":{"rendered":"<p><span style=\"color: #000000;\"><strong><a href=\"https:\/\/neue-herbold.com\/wp-content\/uploads\/2014\/12\/Taumelsiebmaschine.jpg\" target=\"_blank\"><img loading=\"lazy\" decoding=\"async\" class=\"alignright wp-image-3067\" src=\"https:\/\/neue-herbold.com\/wp-content\/uploads\/2014\/12\/Taumelsiebmaschine.jpg\" alt=\"Tamis oscillant TSM\" width=\"299\" height=\"219\" srcset=\"https:\/\/neue-herbold.com\/wp-content\/uploads\/2014\/12\/Taumelsiebmaschine.jpg 255w, https:\/\/neue-herbold.com\/wp-content\/uploads\/2014\/12\/Taumelsiebmaschine-100x73.jpg 100w, https:\/\/neue-herbold.com\/wp-content\/uploads\/2014\/12\/Taumelsiebmaschine-150x110.jpg 150w, https:\/\/neue-herbold.com\/wp-content\/uploads\/2014\/12\/Taumelsiebmaschine-200x146.jpg 200w\" sizes=\"(max-width: 299px) 100vw, 299px\" \/><\/a><\/strong><\/span><em><strong>Secteur d\u2019emploi<\/strong><\/em><\/p>\n<p>Le Tamis oscillant <strong>NEUE HERBOLD<\/strong> de type TSM est utilis\u00e9t pour le tamisage des vracs en forme de poudre. Son utilisation la plus importante est le tamisage fin\/extrafin.<\/p>\n<p><span class=\"ellipsis\">&hellip;<\/span><\/p>\n<div class=\"read-more\"><a href=\"https:\/\/neue-herbold.com\/fr\/tamis-oscillant-tsm\/\">Lire la suite &#8250;<\/a><\/div>\n<p><!-- end of .read-more --><\/p>\n","protected":false},"author":1,"featured_media":0,"parent":0,"menu_order":0,"comment_status":"closed","ping_status":"closed","template":"","meta":{"footnotes":""},"class_list":["post-9002","page","type-page","status-publish","hentry"],"yoast_head":"<!-- This site is optimized with the Yoast SEO plugin v25.4 - https:\/\/yoast.com\/wordpress\/plugins\/seo\/ -->\n<title>Tamis oscillant TSM - Neue Herbold GmbH<\/title>\n<meta name=\"description\" content=\"Le Tamis oscillant NEUE HERBOLD de type TSM sont utilis\u00e9t pour le tamisage des vracs en forme de poudre. Son utilisation la plus importante est le tamisage\" \/>\n<meta name=\"robots\" content=\"index, follow, max-snippet:-1, max-image-preview:large, max-video-preview:-1\" \/>\n<link rel=\"canonical\" href=\"https:\/\/neue-herbold.com\/fr\/tamis-oscillant-tsm\/\" \/>\n<meta property=\"og:locale\" content=\"fr_FR\" \/>\n<meta property=\"og:type\" content=\"article\" \/>\n<meta property=\"og:title\" content=\"Tamis oscillant TSM - Neue Herbold GmbH\" \/>\n<meta property=\"og:description\" content=\"Le Tamis oscillant NEUE HERBOLD de type TSM sont utilis\u00e9t pour le tamisage des vracs en forme de poudre. Son utilisation la plus importante est le tamisage\" \/>\n<meta property=\"og:url\" content=\"https:\/\/neue-herbold.com\/fr\/tamis-oscillant-tsm\/\" \/>\n<meta property=\"og:site_name\" content=\"Neue Herbold GmbH\" \/>\n<meta property=\"article:modified_time\" content=\"2016-06-05T18:59:24+00:00\" \/>\n<meta property=\"og:image\" content=\"https:\/\/neue-herbold.com\/wp-content\/uploads\/2014\/12\/Taumelsiebmaschine.jpg\" \/>\n<meta name=\"twitter:label1\" content=\"Dur\u00e9e de lecture estim\u00e9e\" \/>\n\t<meta name=\"twitter:data1\" content=\"1 minute\" \/>\n<script type=\"application\/ld+json\" class=\"yoast-schema-graph\">{\"@context\":\"https:\/\/schema.org\",\"@graph\":[{\"@type\":\"WebPage\",\"@id\":\"https:\/\/neue-herbold.com\/fr\/tamis-oscillant-tsm\/\",\"url\":\"https:\/\/neue-herbold.com\/fr\/tamis-oscillant-tsm\/\",\"name\":\"Tamis oscillant TSM - Neue Herbold GmbH\",\"isPartOf\":{\"@id\":\"https:\/\/neue-herbold.com\/en\/#website\"},\"primaryImageOfPage\":{\"@id\":\"https:\/\/neue-herbold.com\/fr\/tamis-oscillant-tsm\/#primaryimage\"},\"image\":{\"@id\":\"https:\/\/neue-herbold.com\/fr\/tamis-oscillant-tsm\/#primaryimage\"},\"thumbnailUrl\":\"https:\/\/neue-herbold.com\/wp-content\/uploads\/2014\/12\/Taumelsiebmaschine.jpg\",\"datePublished\":\"2016-06-05T18:23:48+00:00\",\"dateModified\":\"2016-06-05T18:59:24+00:00\",\"description\":\"Le Tamis oscillant NEUE HERBOLD de type TSM sont utilis\u00e9t pour le tamisage des vracs en forme de poudre. Son utilisation la plus importante est le tamisage\",\"breadcrumb\":{\"@id\":\"https:\/\/neue-herbold.com\/fr\/tamis-oscillant-tsm\/#breadcrumb\"},\"inLanguage\":\"fr-FR\",\"potentialAction\":[{\"@type\":\"ReadAction\",\"target\":[\"https:\/\/neue-herbold.com\/fr\/tamis-oscillant-tsm\/\"]}]},{\"@type\":\"ImageObject\",\"inLanguage\":\"fr-FR\",\"@id\":\"https:\/\/neue-herbold.com\/fr\/tamis-oscillant-tsm\/#primaryimage\",\"url\":\"https:\/\/neue-herbold.com\/wp-content\/uploads\/2014\/12\/Taumelsiebmaschine.jpg\",\"contentUrl\":\"https:\/\/neue-herbold.com\/wp-content\/uploads\/2014\/12\/Taumelsiebmaschine.jpg\"},{\"@type\":\"BreadcrumbList\",\"@id\":\"https:\/\/neue-herbold.com\/fr\/tamis-oscillant-tsm\/#breadcrumb\",\"itemListElement\":[{\"@type\":\"ListItem\",\"position\":1,\"name\":\"Startseite\",\"item\":\"https:\/\/neue-herbold.com\/fr\/\"},{\"@type\":\"ListItem\",\"position\":2,\"name\":\"Tamis oscillant TSM\"}]},{\"@type\":\"WebSite\",\"@id\":\"https:\/\/neue-herbold.com\/en\/#website\",\"url\":\"https:\/\/neue-herbold.com\/en\/\",\"name\":\"Neue Herbold GmbH\",\"description\":\"\",\"potentialAction\":[{\"@type\":\"SearchAction\",\"target\":{\"@type\":\"EntryPoint\",\"urlTemplate\":\"https:\/\/neue-herbold.com\/en\/?s={search_term_string}\"},\"query-input\":{\"@type\":\"PropertyValueSpecification\",\"valueRequired\":true,\"valueName\":\"search_term_string\"}}],\"inLanguage\":\"fr-FR\"}]}<\/script>\n<!-- \/ Yoast SEO plugin. -->","yoast_head_json":{"title":"Tamis oscillant TSM - Neue Herbold GmbH","description":"Le Tamis oscillant NEUE HERBOLD de type TSM sont utilis\u00e9t pour le tamisage des vracs en forme de poudre. Son utilisation la plus importante est le tamisage","robots":{"index":"index","follow":"follow","max-snippet":"max-snippet:-1","max-image-preview":"max-image-preview:large","max-video-preview":"max-video-preview:-1"},"canonical":"https:\/\/neue-herbold.com\/fr\/tamis-oscillant-tsm\/","og_locale":"fr_FR","og_type":"article","og_title":"Tamis oscillant TSM - Neue Herbold GmbH","og_description":"Le Tamis oscillant NEUE HERBOLD de type TSM sont utilis\u00e9t pour le tamisage des vracs en forme de poudre. Son utilisation la plus importante est le tamisage","og_url":"https:\/\/neue-herbold.com\/fr\/tamis-oscillant-tsm\/","og_site_name":"Neue Herbold GmbH","article_modified_time":"2016-06-05T18:59:24+00:00","og_image":[{"url":"https:\/\/neue-herbold.com\/wp-content\/uploads\/2014\/12\/Taumelsiebmaschine.jpg","type":"","width":"","height":""}],"twitter_misc":{"Dur\u00e9e de lecture estim\u00e9e":"1 minute"},"schema":{"@context":"https:\/\/schema.org","@graph":[{"@type":"WebPage","@id":"https:\/\/neue-herbold.com\/fr\/tamis-oscillant-tsm\/","url":"https:\/\/neue-herbold.com\/fr\/tamis-oscillant-tsm\/","name":"Tamis oscillant TSM - Neue Herbold GmbH","isPartOf":{"@id":"https:\/\/neue-herbold.com\/en\/#website"},"primaryImageOfPage":{"@id":"https:\/\/neue-herbold.com\/fr\/tamis-oscillant-tsm\/#primaryimage"},"image":{"@id":"https:\/\/neue-herbold.com\/fr\/tamis-oscillant-tsm\/#primaryimage"},"thumbnailUrl":"https:\/\/neue-herbold.com\/wp-content\/uploads\/2014\/12\/Taumelsiebmaschine.jpg","datePublished":"2016-06-05T18:23:48+00:00","dateModified":"2016-06-05T18:59:24+00:00","description":"Le Tamis oscillant NEUE HERBOLD de type TSM sont utilis\u00e9t pour le tamisage des vracs en forme de poudre. Son utilisation la plus importante est le tamisage","breadcrumb":{"@id":"https:\/\/neue-herbold.com\/fr\/tamis-oscillant-tsm\/#breadcrumb"},"inLanguage":"fr-FR","potentialAction":[{"@type":"ReadAction","target":["https:\/\/neue-herbold.com\/fr\/tamis-oscillant-tsm\/"]}]},{"@type":"ImageObject","inLanguage":"fr-FR","@id":"https:\/\/neue-herbold.com\/fr\/tamis-oscillant-tsm\/#primaryimage","url":"https:\/\/neue-herbold.com\/wp-content\/uploads\/2014\/12\/Taumelsiebmaschine.jpg","contentUrl":"https:\/\/neue-herbold.com\/wp-content\/uploads\/2014\/12\/Taumelsiebmaschine.jpg"},{"@type":"BreadcrumbList","@id":"https:\/\/neue-herbold.com\/fr\/tamis-oscillant-tsm\/#breadcrumb","itemListElement":[{"@type":"ListItem","position":1,"name":"Startseite","item":"https:\/\/neue-herbold.com\/fr\/"},{"@type":"ListItem","position":2,"name":"Tamis oscillant TSM"}]},{"@type":"WebSite","@id":"https:\/\/neue-herbold.com\/en\/#website","url":"https:\/\/neue-herbold.com\/en\/","name":"Neue Herbold GmbH","description":"","potentialAction":[{"@type":"SearchAction","target":{"@type":"EntryPoint","urlTemplate":"https:\/\/neue-herbold.com\/en\/?s={search_term_string}"},"query-input":{"@type":"PropertyValueSpecification","valueRequired":true,"valueName":"search_term_string"}}],"inLanguage":"fr-FR"}]}},"_links":{"self":[{"href":"https:\/\/neue-herbold.com\/fr\/wp-json\/wp\/v2\/pages\/9002"}],"collection":[{"href":"https:\/\/neue-herbold.com\/fr\/wp-json\/wp\/v2\/pages"}],"about":[{"href":"https:\/\/neue-herbold.com\/fr\/wp-json\/wp\/v2\/types\/page"}],"author":[{"embeddable":true,"href":"https:\/\/neue-herbold.com\/fr\/wp-json\/wp\/v2\/users\/1"}],"replies":[{"embeddable":true,"href":"https:\/\/neue-herbold.com\/fr\/wp-json\/wp\/v2\/comments?post=9002"}],"version-history":[{"count":4,"href":"https:\/\/neue-herbold.com\/fr\/wp-json\/wp\/v2\/pages\/9002\/revisions"}],"predecessor-version":[{"id":9015,"href":"https:\/\/neue-herbold.com\/fr\/wp-json\/wp\/v2\/pages\/9002\/revisions\/9015"}],"wp:attachment":[{"href":"https:\/\/neue-herbold.com\/fr\/wp-json\/wp\/v2\/media?parent=9002"}],"curies":[{"name":"wp","href":"https:\/\/api.w.org\/{rel}","templated":true}]}}