{"id":8958,"date":"2016-06-05T19:59:15","date_gmt":"2016-06-05T17:59:15","guid":{"rendered":"https:\/\/neue-herbold.com\/fr\/metallsuchspulen\/"},"modified":"2016-06-14T02:34:03","modified_gmt":"2016-06-14T00:34:03","slug":"separateurs-des-metaux","status":"publish","type":"page","link":"https:\/\/neue-herbold.com\/fr\/separateurs-des-metaux\/","title":{"rendered":"S\u00e9parateurs des m\u00e9taux"},"content":{"rendered":"<p><em><strong><span style=\"color: #000000;\"><a href=\"https:\/\/neue-herbold.com\/wp-content\/uploads\/2014\/12\/Metallsuchspule-01.jpg\" target=\"_blank\"><img loading=\"lazy\" decoding=\"async\" class=\"alignleft wp-image-3072 size-full\" src=\"https:\/\/neue-herbold.com\/wp-content\/uploads\/2014\/12\/Metallsuchspule-01.jpg\" alt=\"S\u00e9parateurs des m\u00e9taux\" width=\"321\" height=\"203\" srcset=\"https:\/\/neue-herbold.com\/wp-content\/uploads\/2014\/12\/Metallsuchspule-01.jpg 321w, https:\/\/neue-herbold.com\/wp-content\/uploads\/2014\/12\/Metallsuchspule-01-300x189.jpg 300w, https:\/\/neue-herbold.com\/wp-content\/uploads\/2014\/12\/Metallsuchspule-01-100x63.jpg 100w, https:\/\/neue-herbold.com\/wp-content\/uploads\/2014\/12\/Metallsuchspule-01-150x94.jpg 150w, https:\/\/neue-herbold.com\/wp-content\/uploads\/2014\/12\/Metallsuchspule-01-200x126.jpg 200w\" sizes=\"(max-width: 321px) 100vw, 321px\" \/><\/a><\/span>Secteur d\u2019emploi<\/strong><\/em><\/p>\n<p>Les s\u00e9parateurs des m\u00e9taux sont utilis\u00e9s pour le reconnaissance et la protection des broyeurs et des machines de production de la destruction par des impuret\u00e9s m\u00e9talliques, qui sont inclus dans la mati\u00e8re de base.<\/p>\n<p>Pour s\u00e9parer s\u00fbrement tous les m\u00e9taux, par exemple aussi des aciers inoxydables ou des m\u00e9taux non ferreuses, nous utilisons des d\u00e9tecteurs en forme de pont qui ne travaillent pas sur la base de magn\u00e9tisme, mais sur la base d\u2019induction.<\/p>\n<p>Ce type d\u00e9tecte pratiquement tous les m\u00e9taux conductibles.<\/p>\n<p><span style=\"color: #000000;\"><a href=\"https:\/\/neue-herbold.com\/wp-content\/uploads\/2014\/12\/Metallsuchspule-03.jpg\" target=\"_blank\"><img loading=\"lazy\" decoding=\"async\" class=\"alignleft wp-image-5876 size-medium\" src=\"https:\/\/neue-herbold.com\/wp-content\/uploads\/2014\/12\/Metallsuchspule-03-300x259.jpg\" alt=\"Technique \/ principe de fonction\" width=\"300\" height=\"259\" srcset=\"https:\/\/neue-herbold.com\/wp-content\/uploads\/2014\/12\/Metallsuchspule-03-300x259.jpg 300w, https:\/\/neue-herbold.com\/wp-content\/uploads\/2014\/12\/Metallsuchspule-03-100x86.jpg 100w, https:\/\/neue-herbold.com\/wp-content\/uploads\/2014\/12\/Metallsuchspule-03-150x130.jpg 150w, https:\/\/neue-herbold.com\/wp-content\/uploads\/2014\/12\/Metallsuchspule-03-200x173.jpg 200w, https:\/\/neue-herbold.com\/wp-content\/uploads\/2014\/12\/Metallsuchspule-03.jpg 323w\" sizes=\"(max-width: 300px) 100vw, 300px\" \/><\/a><\/span><strong><em>Technique \/ principe de fonction<\/em><\/strong><\/p>\n<p>Dans l\u2019int\u00e9rieur des s\u00e9parateurs des m\u00e9taux, les broy\u00e9s sont travers\u00e9s par un champ \u00e9lectrique \u00e0 haute fr\u00e9quence. Ce champ est \u00e9mis par la bobine \u00e9metteur. Une tension est induit dans une bobine receveur.<\/p>\n<p><em>Une impuret\u00e9 m\u00e9tallique d\u00e9range l\u2019\u00e9quilibre entre les bobines, en ce qui une diff\u00e9rence des tensions appara\u00eet. Celle-ci est transforme en un impulsion de commutation.<\/em><\/p>\n","protected":false},"excerpt":{"rendered":"<p><em><strong><span style=\"color: #000000;\"><a href=\"https:\/\/neue-herbold.com\/wp-content\/uploads\/2014\/12\/Metallsuchspule-01.jpg\" target=\"_blank\"><img loading=\"lazy\" decoding=\"async\" class=\"alignleft wp-image-3072 size-full\" src=\"https:\/\/neue-herbold.com\/wp-content\/uploads\/2014\/12\/Metallsuchspule-01.jpg\" alt=\"S\u00e9parateurs des m\u00e9taux\" width=\"321\" height=\"203\" srcset=\"https:\/\/neue-herbold.com\/wp-content\/uploads\/2014\/12\/Metallsuchspule-01.jpg 321w, https:\/\/neue-herbold.com\/wp-content\/uploads\/2014\/12\/Metallsuchspule-01-300x189.jpg 300w, https:\/\/neue-herbold.com\/wp-content\/uploads\/2014\/12\/Metallsuchspule-01-100x63.jpg 100w, https:\/\/neue-herbold.com\/wp-content\/uploads\/2014\/12\/Metallsuchspule-01-150x94.jpg 150w, https:\/\/neue-herbold.com\/wp-content\/uploads\/2014\/12\/Metallsuchspule-01-200x126.jpg 200w\" sizes=\"(max-width: 321px) 100vw, 321px\" \/><\/a><\/span>Secteur d\u2019emploi<\/strong><\/em><\/p>\n<p>Les s\u00e9parateurs des m\u00e9taux sont utilis\u00e9s pour le reconnaissance et la protection des broyeurs et des machines de production de la destruction par des impuret\u00e9s m\u00e9talliques, qui sont inclus dans la mati\u00e8re de base.<\/p>\n<p><span class=\"ellipsis\">&hellip;<\/span><\/p>\n<div class=\"read-more\"><a href=\"https:\/\/neue-herbold.com\/fr\/separateurs-des-metaux\/\">Lire la suite &#8250;<\/a><\/div>\n<p><!-- end of .read-more --><\/p>\n","protected":false},"author":1,"featured_media":0,"parent":0,"menu_order":0,"comment_status":"closed","ping_status":"closed","template":"","meta":{"footnotes":""},"class_list":["post-8958","page","type-page","status-publish","hentry"],"yoast_head":"<!-- This site is optimized with the Yoast SEO plugin v25.4 - https:\/\/yoast.com\/wordpress\/plugins\/seo\/ -->\n<title>S\u00e9parateurs des m\u00e9taux - Neue Herbold GmbH<\/title>\n<meta name=\"description\" content=\"Les S\u00e9parateurs des m\u00e9taux sont utilis\u00e9s pour le reconnaissance et la protection des broyeurs et des machines de production de la destruction par des impure\" \/>\n<meta name=\"robots\" content=\"index, follow, max-snippet:-1, max-image-preview:large, max-video-preview:-1\" \/>\n<link rel=\"canonical\" href=\"https:\/\/neue-herbold.com\/fr\/separateurs-des-metaux\/\" \/>\n<meta property=\"og:locale\" content=\"fr_FR\" \/>\n<meta property=\"og:type\" content=\"article\" \/>\n<meta property=\"og:title\" content=\"S\u00e9parateurs des m\u00e9taux - Neue Herbold GmbH\" \/>\n<meta property=\"og:description\" content=\"Les S\u00e9parateurs des m\u00e9taux sont utilis\u00e9s pour le reconnaissance et la protection des broyeurs et des machines de production de la destruction par des impure\" \/>\n<meta property=\"og:url\" content=\"https:\/\/neue-herbold.com\/fr\/separateurs-des-metaux\/\" \/>\n<meta property=\"og:site_name\" content=\"Neue Herbold GmbH\" \/>\n<meta property=\"article:modified_time\" content=\"2016-06-14T00:34:03+00:00\" \/>\n<meta property=\"og:image\" content=\"https:\/\/neue-herbold.com\/wp-content\/uploads\/2014\/12\/Metallsuchspule-01.jpg\" \/>\n<meta name=\"twitter:label1\" content=\"Dur\u00e9e de lecture estim\u00e9e\" \/>\n\t<meta name=\"twitter:data1\" content=\"1 minute\" \/>\n<script type=\"application\/ld+json\" class=\"yoast-schema-graph\">{\"@context\":\"https:\/\/schema.org\",\"@graph\":[{\"@type\":\"WebPage\",\"@id\":\"https:\/\/neue-herbold.com\/fr\/separateurs-des-metaux\/\",\"url\":\"https:\/\/neue-herbold.com\/fr\/separateurs-des-metaux\/\",\"name\":\"S\u00e9parateurs des m\u00e9taux - Neue Herbold GmbH\",\"isPartOf\":{\"@id\":\"https:\/\/neue-herbold.com\/en\/#website\"},\"primaryImageOfPage\":{\"@id\":\"https:\/\/neue-herbold.com\/fr\/separateurs-des-metaux\/#primaryimage\"},\"image\":{\"@id\":\"https:\/\/neue-herbold.com\/fr\/separateurs-des-metaux\/#primaryimage\"},\"thumbnailUrl\":\"https:\/\/neue-herbold.com\/wp-content\/uploads\/2014\/12\/Metallsuchspule-01.jpg\",\"datePublished\":\"2016-06-05T17:59:15+00:00\",\"dateModified\":\"2016-06-14T00:34:03+00:00\",\"description\":\"Les S\u00e9parateurs des m\u00e9taux sont utilis\u00e9s pour le reconnaissance et la protection des broyeurs et des machines de production de la destruction par des impure\",\"breadcrumb\":{\"@id\":\"https:\/\/neue-herbold.com\/fr\/separateurs-des-metaux\/#breadcrumb\"},\"inLanguage\":\"fr-FR\",\"potentialAction\":[{\"@type\":\"ReadAction\",\"target\":[\"https:\/\/neue-herbold.com\/fr\/separateurs-des-metaux\/\"]}]},{\"@type\":\"ImageObject\",\"inLanguage\":\"fr-FR\",\"@id\":\"https:\/\/neue-herbold.com\/fr\/separateurs-des-metaux\/#primaryimage\",\"url\":\"https:\/\/neue-herbold.com\/wp-content\/uploads\/2014\/12\/Metallsuchspule-01.jpg\",\"contentUrl\":\"https:\/\/neue-herbold.com\/wp-content\/uploads\/2014\/12\/Metallsuchspule-01.jpg\"},{\"@type\":\"BreadcrumbList\",\"@id\":\"https:\/\/neue-herbold.com\/fr\/separateurs-des-metaux\/#breadcrumb\",\"itemListElement\":[{\"@type\":\"ListItem\",\"position\":1,\"name\":\"Startseite\",\"item\":\"https:\/\/neue-herbold.com\/fr\/\"},{\"@type\":\"ListItem\",\"position\":2,\"name\":\"S\u00e9parateurs des m\u00e9taux\"}]},{\"@type\":\"WebSite\",\"@id\":\"https:\/\/neue-herbold.com\/en\/#website\",\"url\":\"https:\/\/neue-herbold.com\/en\/\",\"name\":\"Neue Herbold GmbH\",\"description\":\"\",\"potentialAction\":[{\"@type\":\"SearchAction\",\"target\":{\"@type\":\"EntryPoint\",\"urlTemplate\":\"https:\/\/neue-herbold.com\/en\/?s={search_term_string}\"},\"query-input\":{\"@type\":\"PropertyValueSpecification\",\"valueRequired\":true,\"valueName\":\"search_term_string\"}}],\"inLanguage\":\"fr-FR\"}]}<\/script>\n<!-- \/ Yoast SEO plugin. -->","yoast_head_json":{"title":"S\u00e9parateurs des m\u00e9taux - Neue Herbold GmbH","description":"Les S\u00e9parateurs des m\u00e9taux sont utilis\u00e9s pour le reconnaissance et la protection des broyeurs et des machines de production de la destruction par des impure","robots":{"index":"index","follow":"follow","max-snippet":"max-snippet:-1","max-image-preview":"max-image-preview:large","max-video-preview":"max-video-preview:-1"},"canonical":"https:\/\/neue-herbold.com\/fr\/separateurs-des-metaux\/","og_locale":"fr_FR","og_type":"article","og_title":"S\u00e9parateurs des m\u00e9taux - Neue Herbold GmbH","og_description":"Les S\u00e9parateurs des m\u00e9taux sont utilis\u00e9s pour le reconnaissance et la protection des broyeurs et des machines de production de la destruction par des impure","og_url":"https:\/\/neue-herbold.com\/fr\/separateurs-des-metaux\/","og_site_name":"Neue Herbold GmbH","article_modified_time":"2016-06-14T00:34:03+00:00","og_image":[{"url":"https:\/\/neue-herbold.com\/wp-content\/uploads\/2014\/12\/Metallsuchspule-01.jpg","type":"","width":"","height":""}],"twitter_misc":{"Dur\u00e9e de lecture estim\u00e9e":"1 minute"},"schema":{"@context":"https:\/\/schema.org","@graph":[{"@type":"WebPage","@id":"https:\/\/neue-herbold.com\/fr\/separateurs-des-metaux\/","url":"https:\/\/neue-herbold.com\/fr\/separateurs-des-metaux\/","name":"S\u00e9parateurs des m\u00e9taux - Neue Herbold GmbH","isPartOf":{"@id":"https:\/\/neue-herbold.com\/en\/#website"},"primaryImageOfPage":{"@id":"https:\/\/neue-herbold.com\/fr\/separateurs-des-metaux\/#primaryimage"},"image":{"@id":"https:\/\/neue-herbold.com\/fr\/separateurs-des-metaux\/#primaryimage"},"thumbnailUrl":"https:\/\/neue-herbold.com\/wp-content\/uploads\/2014\/12\/Metallsuchspule-01.jpg","datePublished":"2016-06-05T17:59:15+00:00","dateModified":"2016-06-14T00:34:03+00:00","description":"Les S\u00e9parateurs des m\u00e9taux sont utilis\u00e9s pour le reconnaissance et la protection des broyeurs et des machines de production de la destruction par des impure","breadcrumb":{"@id":"https:\/\/neue-herbold.com\/fr\/separateurs-des-metaux\/#breadcrumb"},"inLanguage":"fr-FR","potentialAction":[{"@type":"ReadAction","target":["https:\/\/neue-herbold.com\/fr\/separateurs-des-metaux\/"]}]},{"@type":"ImageObject","inLanguage":"fr-FR","@id":"https:\/\/neue-herbold.com\/fr\/separateurs-des-metaux\/#primaryimage","url":"https:\/\/neue-herbold.com\/wp-content\/uploads\/2014\/12\/Metallsuchspule-01.jpg","contentUrl":"https:\/\/neue-herbold.com\/wp-content\/uploads\/2014\/12\/Metallsuchspule-01.jpg"},{"@type":"BreadcrumbList","@id":"https:\/\/neue-herbold.com\/fr\/separateurs-des-metaux\/#breadcrumb","itemListElement":[{"@type":"ListItem","position":1,"name":"Startseite","item":"https:\/\/neue-herbold.com\/fr\/"},{"@type":"ListItem","position":2,"name":"S\u00e9parateurs des m\u00e9taux"}]},{"@type":"WebSite","@id":"https:\/\/neue-herbold.com\/en\/#website","url":"https:\/\/neue-herbold.com\/en\/","name":"Neue Herbold GmbH","description":"","potentialAction":[{"@type":"SearchAction","target":{"@type":"EntryPoint","urlTemplate":"https:\/\/neue-herbold.com\/en\/?s={search_term_string}"},"query-input":{"@type":"PropertyValueSpecification","valueRequired":true,"valueName":"search_term_string"}}],"inLanguage":"fr-FR"}]}},"_links":{"self":[{"href":"https:\/\/neue-herbold.com\/fr\/wp-json\/wp\/v2\/pages\/8958"}],"collection":[{"href":"https:\/\/neue-herbold.com\/fr\/wp-json\/wp\/v2\/pages"}],"about":[{"href":"https:\/\/neue-herbold.com\/fr\/wp-json\/wp\/v2\/types\/page"}],"author":[{"embeddable":true,"href":"https:\/\/neue-herbold.com\/fr\/wp-json\/wp\/v2\/users\/1"}],"replies":[{"embeddable":true,"href":"https:\/\/neue-herbold.com\/fr\/wp-json\/wp\/v2\/comments?post=8958"}],"version-history":[{"count":5,"href":"https:\/\/neue-herbold.com\/fr\/wp-json\/wp\/v2\/pages\/8958\/revisions"}],"predecessor-version":[{"id":8979,"href":"https:\/\/neue-herbold.com\/fr\/wp-json\/wp\/v2\/pages\/8958\/revisions\/8979"}],"wp:attachment":[{"href":"https:\/\/neue-herbold.com\/fr\/wp-json\/wp\/v2\/media?parent=8958"}],"curies":[{"name":"wp","href":"https:\/\/api.w.org\/{rel}","templated":true}]}}