{"id":8915,"date":"2016-06-05T19:34:44","date_gmt":"2016-06-05T17:34:44","guid":{"rendered":"https:\/\/neue-herbold.com\/fr\/?page_id=8915"},"modified":"2020-01-28T16:37:20","modified_gmt":"2020-01-28T15:37:20","slug":"systemes-devacuation","status":"publish","type":"page","link":"https:\/\/neue-herbold.com\/fr\/systemes-devacuation\/","title":{"rendered":"Syst\u00e8mes d\u2019\u00e9vacuation"},"content":{"rendered":"<h5><strong><span style=\"color: #000000;\"><a href=\"https:\/\/neue-herbold.com\/wp-content\/uploads\/2014\/12\/Absauganlage-DK.jpg\" target=\"_blank\" rel=\"noopener\"><img loading=\"lazy\" decoding=\"async\" class=\"alignleft wp-image-3103\" src=\"https:\/\/neue-herbold.com\/wp-content\/uploads\/2014\/12\/Absauganlage-DK-300x224.jpg\" alt=\"Syst\u00e8mes d\u2019\u00e9vacuation\" width=\"280\" height=\"209\" srcset=\"https:\/\/neue-herbold.com\/wp-content\/uploads\/2014\/12\/Absauganlage-DK-300x224.jpg 300w, https:\/\/neue-herbold.com\/wp-content\/uploads\/2014\/12\/Absauganlage-DK-1024x764.jpg 1024w, https:\/\/neue-herbold.com\/wp-content\/uploads\/2014\/12\/Absauganlage-DK-100x74.jpg 100w, https:\/\/neue-herbold.com\/wp-content\/uploads\/2014\/12\/Absauganlage-DK-150x112.jpg 150w, https:\/\/neue-herbold.com\/wp-content\/uploads\/2014\/12\/Absauganlage-DK-200x149.jpg 200w, https:\/\/neue-herbold.com\/wp-content\/uploads\/2014\/12\/Absauganlage-DK-450x336.jpg 450w, https:\/\/neue-herbold.com\/wp-content\/uploads\/2014\/12\/Absauganlage-DK-600x448.jpg 600w, https:\/\/neue-herbold.com\/wp-content\/uploads\/2014\/12\/Absauganlage-DK-900x672.jpg 900w, https:\/\/neue-herbold.com\/wp-content\/uploads\/2014\/12\/Absauganlage-DK.jpg 1200w\" sizes=\"(max-width: 280px) 100vw, 280px\" \/><\/a><\/span><\/strong><\/h5>\n<h5>\u00a0<\/h5>\n<h4><em><strong>NEUE HERBOLD<\/strong> <strong>d\u00e9veloppe et fourni <br \/>\nles Syst\u00e8mes d\u2019\u00e9vacuation sp\u00e9cialement <br \/>\nadapt\u00e9s besoins des clients individuels.<\/strong><\/em><\/h4>\n<p>&nbsp;<\/p>\n<p>&nbsp;<\/p>\n<p><strong>Le programme de livraison des syst\u00e8mes d\u2019aspiration <br \/>\ncomprend plusieurs diff\u00e9rents mod\u00e8les des :<\/strong><\/p>\n<ul>\n<li>Souffleurs des mat\u00e9riaux (type MFT)<\/li>\n<li>Souffleurs injecteurs<\/li>\n<li>Tuyauterie<\/li>\n<li>Cyclones<\/li>\n<li>S\u00e9parateurs \u00e0 air (type HS, pour la s\u00e9paration des peluches, fins etc.)<\/li>\n<li>Filtres \u00e0 air<\/li>\n<li>Ecluses rotatives<\/li>\n<li>FE\/NFE-s\u00e9parateurs des m\u00e9taux<\/li>\n<li>Doseurs<\/li>\n<li>Tamiseurs<\/li>\n<\/ul>\n<p><strong><em>Souffleurs des mat\u00e9riaux type MFT:<\/em><\/strong><\/p>\n<table>\n<tbody>\n<tr>\n<td style=\"text-align: center;\"><span style=\"color: #000000;\"><strong>Types <br \/>\ndisponibles <\/strong><\/span><\/td>\n<td style=\"text-align: center;\"><span style=\"color: #000000;\"><strong>Entra\u00eenement <br \/>\nkW<\/strong><\/span><\/td>\n<td style=\"text-align: center;\"><span style=\"color: #000000;\"><strong>Quantit\u00e9 d\u2019air <br \/>\nm3\/min<\/strong><\/span><\/td>\n<td style=\"text-align: center;\"><span style=\"color: #000000;\"><strong>Pression mm <br \/>\n(colonne d\u2019eau)<\/strong><\/span><\/td>\n<\/tr>\n<tr>\n<td style=\"text-align: left;\"><span style=\"color: #000000;\">MFT 20\/250<\/span><\/td>\n<td style=\"text-align: center;\"><span style=\"color: #000000;\">2,2<\/span><\/td>\n<td style=\"text-align: center;\"><span style=\"color: #000000;\">20<\/span><\/td>\n<td style=\"text-align: center;\"><span style=\"color: #000000;\">250<\/span><\/td>\n<\/tr>\n<tr>\n<td style=\"text-align: left;\"><span style=\"color: #000000;\">MFT 30\/300<\/span><\/td>\n<td style=\"text-align: center;\"><span style=\"color: #000000;\">4<\/span><\/td>\n<td style=\"text-align: center;\"><span style=\"color: #000000;\">30<\/span><\/td>\n<td style=\"text-align: center;\"><span style=\"color: #000000;\">300<\/span><\/td>\n<\/tr>\n<tr>\n<td style=\"text-align: left;\"><span style=\"color: #000000;\">MFT 35\/600<\/span><\/td>\n<td style=\"text-align: center;\"><span style=\"color: #000000;\">11<\/span><\/td>\n<td style=\"text-align: center;\"><span style=\"color: #000000;\">35<\/span><\/td>\n<td style=\"text-align: center;\"><span style=\"color: #000000;\">600<\/span><\/td>\n<\/tr>\n<tr>\n<td style=\"text-align: left;\"><span style=\"color: #000000;\">MFT 45\/350<\/span><\/td>\n<td style=\"text-align: center;\"><span style=\"color: #000000;\">7,5<\/span><\/td>\n<td style=\"text-align: center;\"><span style=\"color: #000000;\">45<\/span><\/td>\n<td style=\"text-align: center;\"><span style=\"color: #000000;\">350<\/span><\/td>\n<\/tr>\n<tr>\n<td style=\"text-align: left;\"><span style=\"color: #000000;\">MFT 45\/800<\/span><\/td>\n<td style=\"text-align: center;\"><span style=\"color: #000000;\">15<\/span><\/td>\n<td style=\"text-align: center;\"><span style=\"color: #000000;\">45<\/span><\/td>\n<td style=\"text-align: center;\"><span style=\"color: #000000;\">800<\/span><\/td>\n<\/tr>\n<tr>\n<td style=\"text-align: left;\"><span style=\"color: #000000;\">MFT 55\/500<\/span><\/td>\n<td style=\"text-align: center;\"><span style=\"color: #000000;\">11<\/span><\/td>\n<td style=\"text-align: center;\"><span style=\"color: #000000;\">55<\/span><\/td>\n<td style=\"text-align: center;\"><span style=\"color: #000000;\">500<\/span><\/td>\n<\/tr>\n<tr>\n<td style=\"text-align: left;\"><span style=\"color: #000000;\">MFT 75\/500<\/span><\/td>\n<td style=\"text-align: center;\"><span style=\"color: #000000;\">15<\/span><\/td>\n<td style=\"text-align: center;\"><span style=\"color: #000000;\">75<\/span><\/td>\n<td style=\"text-align: center;\"><span style=\"color: #000000;\">500<\/span><\/td>\n<\/tr>\n<tr>\n<td style=\"text-align: left;\"><span style=\"color: #000000;\">MFT 100\/1000<\/span><\/td>\n<td style=\"text-align: center;\"><span style=\"color: #000000;\">22<\/span><\/td>\n<td style=\"text-align: center;\"><span style=\"color: #000000;\">100<\/span><\/td>\n<td style=\"text-align: center;\"><span style=\"color: #000000;\">1000<\/span><\/td>\n<\/tr>\n<\/tbody>\n<\/table>\n","protected":false},"excerpt":{"rendered":"<p><strong><span style=\"color: #000000;\"><a href=\"https:\/\/neue-herbold.com\/wp-content\/uploads\/2014\/12\/Absauganlage-DK.jpg\" target=\"_blank\" rel=\"noopener\"><img loading=\"lazy\" decoding=\"async\" class=\"alignleft wp-image-3103\" src=\"https:\/\/neue-herbold.com\/wp-content\/uploads\/2014\/12\/Absauganlage-DK-300x224.jpg\" alt=\"Syst\u00e8mes d\u2019\u00e9vacuation\" width=\"280\" height=\"209\" srcset=\"https:\/\/neue-herbold.com\/wp-content\/uploads\/2014\/12\/Absauganlage-DK-300x224.jpg 300w, https:\/\/neue-herbold.com\/wp-content\/uploads\/2014\/12\/Absauganlage-DK-1024x764.jpg 1024w, https:\/\/neue-herbold.com\/wp-content\/uploads\/2014\/12\/Absauganlage-DK-100x74.jpg 100w, https:\/\/neue-herbold.com\/wp-content\/uploads\/2014\/12\/Absauganlage-DK-150x112.jpg 150w, https:\/\/neue-herbold.com\/wp-content\/uploads\/2014\/12\/Absauganlage-DK-200x149.jpg 200w, https:\/\/neue-herbold.com\/wp-content\/uploads\/2014\/12\/Absauganlage-DK-450x336.jpg 450w, https:\/\/neue-herbold.com\/wp-content\/uploads\/2014\/12\/Absauganlage-DK-600x448.jpg 600w, https:\/\/neue-herbold.com\/wp-content\/uploads\/2014\/12\/Absauganlage-DK-900x672.jpg 900w, https:\/\/neue-herbold.com\/wp-content\/uploads\/2014\/12\/Absauganlage-DK.jpg 1200w\" sizes=\"(max-width: 280px) 100vw, 280px\" \/><\/a><\/span><\/strong><br \/>\n\u00a0<br \/>\n<em><strong>NEUE HERBOLD<\/strong> <strong>d\u00e9veloppe et fourni <br \/>\nles Syst\u00e8mes d\u2019\u00e9vacuation sp\u00e9cialement <br \/>\nadapt\u00e9s besoins des clients individuels.<\/strong><\/em><\/p>\n<p>&nbsp;<\/p>\n<p>&nbsp;<\/p>\n<p><strong>Le programme de livraison des syst\u00e8mes d\u2019aspiration <br \/>\ncomprend plusieurs diff\u00e9rents mod\u00e8les des :<\/strong><\/p>\n<ul>\n<li>Souffleurs des mat\u00e9riaux (type MFT)<\/li>\n<li>Souffleurs injecteurs<\/li>\n<li>Tuyauterie<\/li>\n<li>Cyclones<\/li>\n<li>S\u00e9parateurs \u00e0 air (type HS,<\/li>\n<\/ul>\n<p><span class=\"ellipsis\">&hellip;<\/span><\/p>\n<div class=\"read-more\"><a href=\"https:\/\/neue-herbold.com\/fr\/systemes-devacuation\/\">Lire la suite &#8250;<\/a><\/div>\n<p><!-- end of .read-more --><\/p>\n","protected":false},"author":1,"featured_media":0,"parent":0,"menu_order":0,"comment_status":"closed","ping_status":"closed","template":"","meta":{"footnotes":""},"class_list":["post-8915","page","type-page","status-publish","hentry"],"yoast_head":"<!-- This site is optimized with the Yoast SEO plugin v25.4 - https:\/\/yoast.com\/wordpress\/plugins\/seo\/ -->\n<title>Syst\u00e8mes d\u2019\u00e9vacuation - Neue Herbold GmbH<\/title>\n<meta name=\"description\" content=\"NEUE HERBOLD d\u00e9veloppe et fourni les Syst\u00e8mes d\u2019\u00e9vacuation sp\u00e9cialement adapt\u00e9s besoins des clients individuels. Le programme des syst\u00e8mes d\u2019aspiration\" \/>\n<meta name=\"robots\" content=\"index, follow, max-snippet:-1, max-image-preview:large, max-video-preview:-1\" \/>\n<link rel=\"canonical\" href=\"https:\/\/neue-herbold.com\/fr\/systemes-devacuation\/\" \/>\n<meta property=\"og:locale\" content=\"fr_FR\" \/>\n<meta property=\"og:type\" content=\"article\" \/>\n<meta property=\"og:title\" content=\"Syst\u00e8mes d\u2019\u00e9vacuation - Neue Herbold GmbH\" \/>\n<meta property=\"og:description\" content=\"NEUE HERBOLD d\u00e9veloppe et fourni les Syst\u00e8mes d\u2019\u00e9vacuation sp\u00e9cialement adapt\u00e9s besoins des clients individuels. Le programme des syst\u00e8mes d\u2019aspiration\" \/>\n<meta property=\"og:url\" content=\"https:\/\/neue-herbold.com\/fr\/systemes-devacuation\/\" \/>\n<meta property=\"og:site_name\" content=\"Neue Herbold GmbH\" \/>\n<meta property=\"article:modified_time\" content=\"2020-01-28T15:37:20+00:00\" \/>\n<meta property=\"og:image\" content=\"https:\/\/neue-herbold.com\/wp-content\/uploads\/2014\/12\/Absauganlage-DK-300x224.jpg\" \/>\n<meta name=\"twitter:label1\" content=\"Dur\u00e9e de lecture estim\u00e9e\" \/>\n\t<meta name=\"twitter:data1\" content=\"1 minute\" \/>\n<script type=\"application\/ld+json\" class=\"yoast-schema-graph\">{\"@context\":\"https:\/\/schema.org\",\"@graph\":[{\"@type\":\"WebPage\",\"@id\":\"https:\/\/neue-herbold.com\/fr\/systemes-devacuation\/\",\"url\":\"https:\/\/neue-herbold.com\/fr\/systemes-devacuation\/\",\"name\":\"Syst\u00e8mes d\u2019\u00e9vacuation - Neue Herbold GmbH\",\"isPartOf\":{\"@id\":\"https:\/\/neue-herbold.com\/en\/#website\"},\"primaryImageOfPage\":{\"@id\":\"https:\/\/neue-herbold.com\/fr\/systemes-devacuation\/#primaryimage\"},\"image\":{\"@id\":\"https:\/\/neue-herbold.com\/fr\/systemes-devacuation\/#primaryimage\"},\"thumbnailUrl\":\"https:\/\/neue-herbold.com\/wp-content\/uploads\/2014\/12\/Absauganlage-DK-300x224.jpg\",\"datePublished\":\"2016-06-05T17:34:44+00:00\",\"dateModified\":\"2020-01-28T15:37:20+00:00\",\"description\":\"NEUE HERBOLD d\u00e9veloppe et fourni les Syst\u00e8mes d\u2019\u00e9vacuation sp\u00e9cialement adapt\u00e9s besoins des clients individuels. Le programme des syst\u00e8mes d\u2019aspiration\",\"breadcrumb\":{\"@id\":\"https:\/\/neue-herbold.com\/fr\/systemes-devacuation\/#breadcrumb\"},\"inLanguage\":\"fr-FR\",\"potentialAction\":[{\"@type\":\"ReadAction\",\"target\":[\"https:\/\/neue-herbold.com\/fr\/systemes-devacuation\/\"]}]},{\"@type\":\"ImageObject\",\"inLanguage\":\"fr-FR\",\"@id\":\"https:\/\/neue-herbold.com\/fr\/systemes-devacuation\/#primaryimage\",\"url\":\"https:\/\/neue-herbold.com\/wp-content\/uploads\/2014\/12\/Absauganlage-DK-300x224.jpg\",\"contentUrl\":\"https:\/\/neue-herbold.com\/wp-content\/uploads\/2014\/12\/Absauganlage-DK-300x224.jpg\"},{\"@type\":\"BreadcrumbList\",\"@id\":\"https:\/\/neue-herbold.com\/fr\/systemes-devacuation\/#breadcrumb\",\"itemListElement\":[{\"@type\":\"ListItem\",\"position\":1,\"name\":\"Startseite\",\"item\":\"https:\/\/neue-herbold.com\/fr\/\"},{\"@type\":\"ListItem\",\"position\":2,\"name\":\"Syst\u00e8mes d\u2019\u00e9vacuation\"}]},{\"@type\":\"WebSite\",\"@id\":\"https:\/\/neue-herbold.com\/en\/#website\",\"url\":\"https:\/\/neue-herbold.com\/en\/\",\"name\":\"Neue Herbold GmbH\",\"description\":\"\",\"potentialAction\":[{\"@type\":\"SearchAction\",\"target\":{\"@type\":\"EntryPoint\",\"urlTemplate\":\"https:\/\/neue-herbold.com\/en\/?s={search_term_string}\"},\"query-input\":{\"@type\":\"PropertyValueSpecification\",\"valueRequired\":true,\"valueName\":\"search_term_string\"}}],\"inLanguage\":\"fr-FR\"}]}<\/script>\n<!-- \/ Yoast SEO plugin. -->","yoast_head_json":{"title":"Syst\u00e8mes d\u2019\u00e9vacuation - Neue Herbold GmbH","description":"NEUE HERBOLD d\u00e9veloppe et fourni les Syst\u00e8mes d\u2019\u00e9vacuation sp\u00e9cialement adapt\u00e9s besoins des clients individuels. Le programme des syst\u00e8mes d\u2019aspiration","robots":{"index":"index","follow":"follow","max-snippet":"max-snippet:-1","max-image-preview":"max-image-preview:large","max-video-preview":"max-video-preview:-1"},"canonical":"https:\/\/neue-herbold.com\/fr\/systemes-devacuation\/","og_locale":"fr_FR","og_type":"article","og_title":"Syst\u00e8mes d\u2019\u00e9vacuation - Neue Herbold GmbH","og_description":"NEUE HERBOLD d\u00e9veloppe et fourni les Syst\u00e8mes d\u2019\u00e9vacuation sp\u00e9cialement adapt\u00e9s besoins des clients individuels. Le programme des syst\u00e8mes d\u2019aspiration","og_url":"https:\/\/neue-herbold.com\/fr\/systemes-devacuation\/","og_site_name":"Neue Herbold GmbH","article_modified_time":"2020-01-28T15:37:20+00:00","og_image":[{"url":"https:\/\/neue-herbold.com\/wp-content\/uploads\/2014\/12\/Absauganlage-DK-300x224.jpg","type":"","width":"","height":""}],"twitter_misc":{"Dur\u00e9e de lecture estim\u00e9e":"1 minute"},"schema":{"@context":"https:\/\/schema.org","@graph":[{"@type":"WebPage","@id":"https:\/\/neue-herbold.com\/fr\/systemes-devacuation\/","url":"https:\/\/neue-herbold.com\/fr\/systemes-devacuation\/","name":"Syst\u00e8mes d\u2019\u00e9vacuation - Neue Herbold GmbH","isPartOf":{"@id":"https:\/\/neue-herbold.com\/en\/#website"},"primaryImageOfPage":{"@id":"https:\/\/neue-herbold.com\/fr\/systemes-devacuation\/#primaryimage"},"image":{"@id":"https:\/\/neue-herbold.com\/fr\/systemes-devacuation\/#primaryimage"},"thumbnailUrl":"https:\/\/neue-herbold.com\/wp-content\/uploads\/2014\/12\/Absauganlage-DK-300x224.jpg","datePublished":"2016-06-05T17:34:44+00:00","dateModified":"2020-01-28T15:37:20+00:00","description":"NEUE HERBOLD d\u00e9veloppe et fourni les Syst\u00e8mes d\u2019\u00e9vacuation sp\u00e9cialement adapt\u00e9s besoins des clients individuels. Le programme des syst\u00e8mes d\u2019aspiration","breadcrumb":{"@id":"https:\/\/neue-herbold.com\/fr\/systemes-devacuation\/#breadcrumb"},"inLanguage":"fr-FR","potentialAction":[{"@type":"ReadAction","target":["https:\/\/neue-herbold.com\/fr\/systemes-devacuation\/"]}]},{"@type":"ImageObject","inLanguage":"fr-FR","@id":"https:\/\/neue-herbold.com\/fr\/systemes-devacuation\/#primaryimage","url":"https:\/\/neue-herbold.com\/wp-content\/uploads\/2014\/12\/Absauganlage-DK-300x224.jpg","contentUrl":"https:\/\/neue-herbold.com\/wp-content\/uploads\/2014\/12\/Absauganlage-DK-300x224.jpg"},{"@type":"BreadcrumbList","@id":"https:\/\/neue-herbold.com\/fr\/systemes-devacuation\/#breadcrumb","itemListElement":[{"@type":"ListItem","position":1,"name":"Startseite","item":"https:\/\/neue-herbold.com\/fr\/"},{"@type":"ListItem","position":2,"name":"Syst\u00e8mes d\u2019\u00e9vacuation"}]},{"@type":"WebSite","@id":"https:\/\/neue-herbold.com\/en\/#website","url":"https:\/\/neue-herbold.com\/en\/","name":"Neue Herbold GmbH","description":"","potentialAction":[{"@type":"SearchAction","target":{"@type":"EntryPoint","urlTemplate":"https:\/\/neue-herbold.com\/en\/?s={search_term_string}"},"query-input":{"@type":"PropertyValueSpecification","valueRequired":true,"valueName":"search_term_string"}}],"inLanguage":"fr-FR"}]}},"_links":{"self":[{"href":"https:\/\/neue-herbold.com\/fr\/wp-json\/wp\/v2\/pages\/8915"}],"collection":[{"href":"https:\/\/neue-herbold.com\/fr\/wp-json\/wp\/v2\/pages"}],"about":[{"href":"https:\/\/neue-herbold.com\/fr\/wp-json\/wp\/v2\/types\/page"}],"author":[{"embeddable":true,"href":"https:\/\/neue-herbold.com\/fr\/wp-json\/wp\/v2\/users\/1"}],"replies":[{"embeddable":true,"href":"https:\/\/neue-herbold.com\/fr\/wp-json\/wp\/v2\/comments?post=8915"}],"version-history":[{"count":8,"href":"https:\/\/neue-herbold.com\/fr\/wp-json\/wp\/v2\/pages\/8915\/revisions"}],"predecessor-version":[{"id":15607,"href":"https:\/\/neue-herbold.com\/fr\/wp-json\/wp\/v2\/pages\/8915\/revisions\/15607"}],"wp:attachment":[{"href":"https:\/\/neue-herbold.com\/fr\/wp-json\/wp\/v2\/media?parent=8915"}],"curies":[{"name":"wp","href":"https:\/\/api.w.org\/{rel}","templated":true}]}}