{"id":8835,"date":"2016-06-05T18:10:29","date_gmt":"2016-06-05T16:10:29","guid":{"rendered":"https:\/\/neue-herbold.com\/fr\/service\/"},"modified":"2017-03-29T00:05:49","modified_gmt":"2017-03-28T22:05:49","slug":"enquete-de-service","status":"publish","type":"page","link":"https:\/\/neue-herbold.com\/fr\/enquete-de-service\/","title":{"rendered":"Service"},"content":{"rendered":"<h4>Service de NEUE HERBOLD \u2013 sur nous, vous pouvez compter!<\/h4>\n<p>Solutions standards pour une s\u00e9curit\u00e9 \u00e0 toute \u00e9preuve, ou des r\u00e9solutions des probl\u00e8mes individuels \u2013 pour presque chaque besoin dans le recyclage des plastiques nous offrons une technique pour le broyage et r\u00e9utilisation efficace et \u00e9conomique.<\/p>\n<p><strong>Nos comp\u00e9tences :<\/strong><\/p>\n<div class=\"su-row\">\n <div class=\"su-column su-column-size-1-2\"><div class=\"su-column-inner su-u-clearfix su-u-trim\">\n<ul>\n<li>Familarit\u00e9 avec les m\u00e9thodes et les produits des clients<\/li>\n<li>Technique et m\u00e9thodes de construction tr\u00e8s moderne<\/li>\n<li>Instruments de usinage flexibles<\/li>\n<\/ul>\n<\/div><\/div>\n <div class=\"su-column su-column-size-1-2\"><div class=\"su-column-inner su-u-clearfix su-u-trim\">\n<ul>\n<li>Contr\u00f4le de qualit\u00e9 scrupuleux<\/li>\n<li>Comp\u00e9tence, capacit\u00e9 d\u2019innovation, flexibilit\u00e9<\/li>\n<li>Service client\u00e8le fiable<\/li>\n<\/ul>\n<\/div><\/div>\n <\/div>\n<p><strong>Car :<\/strong><\/p>\n<p>Le plus haut l\u2019effort des machines et syst\u00e8mes, le plus important le service. Sur des machines, qui sont soumises aux charges tellement extr\u00eames comme les notres, l\u2019usure est in\u00e9vitable, des pannes ne peuvent jamais \u00eatre exclus \u00e0 100%.<\/p>\n<p><strong>Ainsi sont les choses\u2026<\/strong><\/p>\n<p>Les pannes s\u2019arrivent toujours dans les moments les plus d\u00e9favorables. Et comme nous le savons, nous donnons plus d\u2019importance sur une r\u00e9action prompte et flexible. Pour \u00eatre capable d\u2019aider nos clients toujours rapidement et leur \u00e9pargner des longs temps d\u2019arr\u00eat, notre d\u00e9partement de service est occup\u00e9 par des employ\u00e9s particuli\u00e8rement qualifi\u00e9s.<\/p>\n<hr \/>\n<p><em><strong><span style=\"color: #000000;\"><a href=\"https:\/\/neue-herbold.com\/wp-content\/uploads\/2015\/03\/service_bild_messer.jpg\" target=\"_blank\"><img loading=\"lazy\" decoding=\"async\" class=\"alignleft wp-image-4925\" src=\"https:\/\/neue-herbold.com\/wp-content\/uploads\/2015\/03\/service_bild_messer-269x300.jpg\" alt=\"Service de NEUE HERBOLD\" width=\"180\" height=\"201\" srcset=\"https:\/\/neue-herbold.com\/wp-content\/uploads\/2015\/03\/service_bild_messer-269x300.jpg 269w, https:\/\/neue-herbold.com\/wp-content\/uploads\/2015\/03\/service_bild_messer-100x112.jpg 100w, https:\/\/neue-herbold.com\/wp-content\/uploads\/2015\/03\/service_bild_messer-150x168.jpg 150w, https:\/\/neue-herbold.com\/wp-content\/uploads\/2015\/03\/service_bild_messer-200x223.jpg 200w, https:\/\/neue-herbold.com\/wp-content\/uploads\/2015\/03\/service_bild_messer-300x335.jpg 300w, https:\/\/neue-herbold.com\/wp-content\/uploads\/2015\/03\/service_bild_messer.jpg 325w\" sizes=\"(max-width: 180px) 100vw, 180px\" \/><\/a><\/span><\/strong><\/em><\/p>\n<p><strong><br \/>\n Leurs t\u00e2ches :<\/strong><\/p>\n<p><span style=\"color: #000000;\">\u25ba<\/span> Fourniture des pi\u00e8ces d\u00e9tach\u00e9es et des pi\u00e8ces d\u2019usure (couteaux, tamis, \u2026)<\/p>\n<p><span style=\"color: #000000;\">\u25ba<\/span> Consultations qualifi\u00e9s<\/p>\n<p><span style=\"color: #000000;\">\u25ba<\/span> Service des r\u00e9parations \/ services \/ maintenance<\/p>\n<p><span style=\"color: #000000;\">\u25ba<\/span> Montages et mises en service<\/p>\n<hr \/>\n<p>Notre entrep\u00f4t des pi\u00e8ces d\u00e9tach\u00e9es\/pi\u00e8ces d\u2019usure, g\u00e9r\u00e9 informatiquement, garantie une gestion des ordres rapide. R\u00e9guli\u00e8rement, nous contr\u00f4lons et optimisons la disposition de notre stock. Pi\u00e8ces d\u00e9tach\u00e9es, \u00e9tants en stock, sont livr\u00e9s habituellement le m\u00eame jour \u2013 par exp\u00e9dition express, a\u00e9rienne ou sur souhait par courrier \u00ab de desk \u00e0 desk \u00bb.<\/p>\n<hr \/>\n<h4>Notre Servive:<\/h4>\n<div class=\"su-row\">\n <div class=\"su-column su-column-size-1-3\"><div class=\"su-column-inner su-u-clearfix su-u-trim\">\n<p><strong>Accessoires<\/strong><\/p>\n<p><img loading=\"lazy\" decoding=\"async\" class=\"alignnone wp-image-10288 size-medium\" title=\"NEUE HERBOLD Accesoires\" src=\"https:\/\/neue-herbold.com\/wp-content\/uploads\/2016\/09\/Schneidmuehlen-300x200.jpg\" alt=\"NEUE HERBOLD Accesoires\" width=\"300\" height=\"200\" srcset=\"https:\/\/neue-herbold.com\/wp-content\/uploads\/2016\/09\/Schneidmuehlen.jpg 300w, https:\/\/neue-herbold.com\/wp-content\/uploads\/2016\/09\/Schneidmuehlen-100x67.jpg 100w, https:\/\/neue-herbold.com\/wp-content\/uploads\/2016\/09\/Schneidmuehlen-150x100.jpg 150w, https:\/\/neue-herbold.com\/wp-content\/uploads\/2016\/09\/Schneidmuehlen-200x133.jpg 200w\" sizes=\"(max-width: 300px) 100vw, 300px\" \/><br \/>\n <strong>NEUE HERBOLD<\/strong> Accesoires<\/p>\n<a href=\"https:\/\/neue-herbold.com\/fr\/accessoires\/\" class=\"su-button su-button-style-glass\" style=\"color:#FFFFFF;background-color:#001159;border-color:#000e48;border-radius:5px\" target=\"_self\"><span style=\"color:#FFFFFF;padding:0px 16px;font-size:13px;line-height:26px;border-color:#4d598b;border-radius:5px;text-shadow:none\"> plus&#8230;<\/span><\/a>\n<\/div><\/div>\n <div class=\"su-column su-column-size-1-3\"><div class=\"su-column-inner su-u-clearfix su-u-trim\">\n<p><strong>Pi\u00e8ces d\u00e9tach\u00e9s<\/strong><\/p>\n<p><img loading=\"lazy\" decoding=\"async\" class=\"alignnone\" title=\"NEUE HERBOLD Pi\u00e8ces d\u00e9tach\u00e9s\" src=\"https:\/\/neue-herbold.com\/wp-content\/uploads\/2014\/12\/Metallsuchspule-01-300x189.jpg\" alt=\"NEUE HERBOLD Pi\u00e8ces d\u00e9tach\u00e9s\" width=\"300\" height=\"189\" \/><br \/>\n <strong>NEUE HERBOLD<\/strong> Pi\u00e8ces d\u00e9tach\u00e9s<\/p>\n<a href=\"https:\/\/neue-herbold.com\/fr\/pieces-de-rechange\" class=\"su-button su-button-style-glass\" style=\"color:#FFFFFF;background-color:#001159;border-color:#000e48;border-radius:5px\" target=\"_self\"><span style=\"color:#FFFFFF;padding:0px 16px;font-size:13px;line-height:26px;border-color:#4d598b;border-radius:5px;text-shadow:none\"> plus&#8230;<\/span><\/a>\n<\/div><\/div>\n <div class=\"su-column su-column-size-1-3\"><div class=\"su-column-inner su-u-clearfix su-u-trim\">\n<p><strong>R\u00e9parations<\/strong><\/p>\n<p><img loading=\"lazy\" decoding=\"async\" class=\"alignnone\" title=\"NEUE HERBOLD R\u00e9parations\" src=\"https:\/\/neue-herbold.com\/wp-content\/uploads\/2015\/03\/Werkzeug-wechsel-300x200.jpg\" alt=\"NEUE HERBOLD R\u00e9parations\" width=\"300\" height=\"200\" \/><br \/>\n <strong>NEUE HERBOLD<\/strong> R\u00e9parations<\/p>\n<a href=\"https:\/\/neue-herbold.com\/fr\/reparations-de-broyeurs\" class=\"su-button su-button-style-glass\" style=\"color:#FFFFFF;background-color:#001159;border-color:#000e48;border-radius:5px\" target=\"_self\"><span style=\"color:#FFFFFF;padding:0px 16px;font-size:13px;line-height:26px;border-color:#4d598b;border-radius:5px;text-shadow:none\"> plus&#8230;<\/span><\/a>\n<\/div><\/div>\n <\/div>\n<hr \/>\n<h3 style=\"text-align: center;\"><strong><span style=\"color: #ff0000;\">Notre Hotline pour le service<\/span><\/strong><\/h3>\n<h3 style=\"text-align: center;\"><strong><span style=\"color: #000000;\">T<span id=\"result_box\" class=\"short_text\" lang=\"fr\"><span class=\"\">\u00e9l\u00e9phone<\/span><\/span>: 07261 \/ 9248-19<\/span><\/strong><br \/>\n T<strong><span style=\"color: #000000;\"><span class=\"short_text\" lang=\"fr\"><span class=\"\">\u00e9l<\/span><\/span><span id=\"result_box\" class=\"short_text\" lang=\"fr\"><span class=\"\">\u00e9fax<\/span><\/span>: 07261 \/ 9248-98 <\/span><\/strong><\/h3>\n<h4 class=\"western\" style=\"text-align: center;\"><strong>Ou utilisez nos<\/strong><br \/>\n <strong> <span style=\"font-size: large;\">questionnaires en ligne:<\/span><\/strong><\/h4>\n<p style=\"text-align: center;\"><a href=\"https:\/\/neue-herbold.com\/fr\/questionnaire-technique\" class=\"su-button su-button-style-glass\" style=\"color:#FFFFFF;background-color:#001159;border-color:#000e48;border-radius:5px\" target=\"__blank\"><span style=\"color:#FFFFFF;padding:0px 16px;font-size:13px;line-height:26px;border-color:#4d598b;border-radius:5px;text-shadow:none\"> Technique<\/span><\/a> <a href=\"https:\/\/neue-herbold.com\/fr\/questionnaire-de-rechange-reparation-maintenance\" class=\"su-button su-button-style-glass\" style=\"color:#FFFFFF;background-color:#001159;border-color:#000e48;border-radius:5px\" target=\"__blank\"><span style=\"color:#FFFFFF;padding:0px 16px;font-size:13px;line-height:26px;border-color:#4d598b;border-radius:5px;text-shadow:none\"> Rechange<\/span><\/a>\n<p style=\"text-align: center;\">\u00a0<\/p>\n<hr \/>\n<p>Si vous contactez notre d\u00e9partement de Service, vous serez directement connect\u00e9s avec un interlocuteur qui s\u2019occupe de vos besoins.<br \/>\n Il a acc\u00e8s en ligne sur notre syst\u00e8me de gestion des stocks et peut rapidement r\u00e9aliser les commandes des pi\u00e8ces.<\/p>\n","protected":false},"excerpt":{"rendered":"<p>Service de NEUE HERBOLD \u2013 sur nous, vous pouvez compter!<\/p>\n<p>Solutions standards pour une s\u00e9curit\u00e9 \u00e0 toute \u00e9preuve, ou des r\u00e9solutions des probl\u00e8mes individuels \u2013 pour presque chaque besoin dans le recyclage des plastiques nous offrons une technique pour le broyage et r\u00e9utilisation efficace et \u00e9conomique.<\/p>\n<p><span class=\"ellipsis\">&hellip;<\/span><\/p>\n<div class=\"read-more\"><a href=\"https:\/\/neue-herbold.com\/fr\/enquete-de-service\/\">Lire la suite &#8250;<\/a><\/div>\n<p><!-- end of .read-more --><\/p>\n","protected":false},"author":1,"featured_media":0,"parent":0,"menu_order":0,"comment_status":"closed","ping_status":"closed","template":"","meta":{"footnotes":""},"class_list":["post-8835","page","type-page","status-publish","hentry"],"yoast_head":"<!-- This site is optimized with the Yoast SEO plugin v25.4 - https:\/\/yoast.com\/wordpress\/plugins\/seo\/ -->\n<title>Enquete de Service - Neue Herbold Gmbh Sinsheim - Allemande<\/title>\n<meta name=\"description\" content=\"Service de NEUE HERBOLD \u2013 sur nous, vous pouvez compter! Solutions standards pour une s\u00e9curit\u00e9 \u00e0 toute \u00e9preuve, ou des r\u00e9solutions des probl\u00e8mes individuels\" \/>\n<meta name=\"robots\" content=\"index, follow, max-snippet:-1, max-image-preview:large, max-video-preview:-1\" \/>\n<link rel=\"canonical\" href=\"https:\/\/neue-herbold.com\/fr\/enquete-de-service\/\" \/>\n<meta property=\"og:locale\" content=\"fr_FR\" \/>\n<meta property=\"og:type\" content=\"article\" \/>\n<meta property=\"og:title\" content=\"Enquete de Service - Neue Herbold Gmbh Sinsheim - Allemande\" \/>\n<meta property=\"og:description\" content=\"Service de NEUE HERBOLD \u2013 sur nous, vous pouvez compter! Solutions standards pour une s\u00e9curit\u00e9 \u00e0 toute \u00e9preuve, ou des r\u00e9solutions des probl\u00e8mes individuels\" \/>\n<meta property=\"og:url\" content=\"https:\/\/neue-herbold.com\/fr\/enquete-de-service\/\" \/>\n<meta property=\"og:site_name\" content=\"Neue Herbold GmbH\" \/>\n<meta property=\"article:modified_time\" content=\"2017-03-28T22:05:49+00:00\" \/>\n<meta property=\"og:image\" content=\"https:\/\/neue-herbold.com\/wp-content\/uploads\/2015\/03\/service_bild_messer-269x300.jpg\" \/>\n<meta name=\"twitter:label1\" content=\"Dur\u00e9e de lecture estim\u00e9e\" \/>\n\t<meta name=\"twitter:data1\" content=\"2 minutes\" \/>\n<script type=\"application\/ld+json\" class=\"yoast-schema-graph\">{\"@context\":\"https:\/\/schema.org\",\"@graph\":[{\"@type\":\"WebPage\",\"@id\":\"https:\/\/neue-herbold.com\/fr\/enquete-de-service\/\",\"url\":\"https:\/\/neue-herbold.com\/fr\/enquete-de-service\/\",\"name\":\"Enquete de Service - Neue Herbold Gmbh Sinsheim - Allemande\",\"isPartOf\":{\"@id\":\"https:\/\/neue-herbold.com\/en\/#website\"},\"primaryImageOfPage\":{\"@id\":\"https:\/\/neue-herbold.com\/fr\/enquete-de-service\/#primaryimage\"},\"image\":{\"@id\":\"https:\/\/neue-herbold.com\/fr\/enquete-de-service\/#primaryimage\"},\"thumbnailUrl\":\"https:\/\/neue-herbold.com\/wp-content\/uploads\/2015\/03\/service_bild_messer-269x300.jpg\",\"datePublished\":\"2016-06-05T16:10:29+00:00\",\"dateModified\":\"2017-03-28T22:05:49+00:00\",\"description\":\"Service de NEUE HERBOLD \u2013 sur nous, vous pouvez compter! Solutions standards pour une s\u00e9curit\u00e9 \u00e0 toute \u00e9preuve, ou des r\u00e9solutions des probl\u00e8mes individuels\",\"breadcrumb\":{\"@id\":\"https:\/\/neue-herbold.com\/fr\/enquete-de-service\/#breadcrumb\"},\"inLanguage\":\"fr-FR\",\"potentialAction\":[{\"@type\":\"ReadAction\",\"target\":[\"https:\/\/neue-herbold.com\/fr\/enquete-de-service\/\"]}]},{\"@type\":\"ImageObject\",\"inLanguage\":\"fr-FR\",\"@id\":\"https:\/\/neue-herbold.com\/fr\/enquete-de-service\/#primaryimage\",\"url\":\"https:\/\/neue-herbold.com\/wp-content\/uploads\/2015\/03\/service_bild_messer-269x300.jpg\",\"contentUrl\":\"https:\/\/neue-herbold.com\/wp-content\/uploads\/2015\/03\/service_bild_messer-269x300.jpg\"},{\"@type\":\"BreadcrumbList\",\"@id\":\"https:\/\/neue-herbold.com\/fr\/enquete-de-service\/#breadcrumb\",\"itemListElement\":[{\"@type\":\"ListItem\",\"position\":1,\"name\":\"Startseite\",\"item\":\"https:\/\/neue-herbold.com\/fr\/\"},{\"@type\":\"ListItem\",\"position\":2,\"name\":\"Service\"}]},{\"@type\":\"WebSite\",\"@id\":\"https:\/\/neue-herbold.com\/en\/#website\",\"url\":\"https:\/\/neue-herbold.com\/en\/\",\"name\":\"Neue Herbold GmbH\",\"description\":\"\",\"potentialAction\":[{\"@type\":\"SearchAction\",\"target\":{\"@type\":\"EntryPoint\",\"urlTemplate\":\"https:\/\/neue-herbold.com\/en\/?s={search_term_string}\"},\"query-input\":{\"@type\":\"PropertyValueSpecification\",\"valueRequired\":true,\"valueName\":\"search_term_string\"}}],\"inLanguage\":\"fr-FR\"}]}<\/script>\n<!-- \/ Yoast SEO plugin. -->","yoast_head_json":{"title":"Enquete de Service - Neue Herbold Gmbh Sinsheim - Allemande","description":"Service de NEUE HERBOLD \u2013 sur nous, vous pouvez compter! Solutions standards pour une s\u00e9curit\u00e9 \u00e0 toute \u00e9preuve, ou des r\u00e9solutions des probl\u00e8mes individuels","robots":{"index":"index","follow":"follow","max-snippet":"max-snippet:-1","max-image-preview":"max-image-preview:large","max-video-preview":"max-video-preview:-1"},"canonical":"https:\/\/neue-herbold.com\/fr\/enquete-de-service\/","og_locale":"fr_FR","og_type":"article","og_title":"Enquete de Service - Neue Herbold Gmbh Sinsheim - Allemande","og_description":"Service de NEUE HERBOLD \u2013 sur nous, vous pouvez compter! Solutions standards pour une s\u00e9curit\u00e9 \u00e0 toute \u00e9preuve, ou des r\u00e9solutions des probl\u00e8mes individuels","og_url":"https:\/\/neue-herbold.com\/fr\/enquete-de-service\/","og_site_name":"Neue Herbold GmbH","article_modified_time":"2017-03-28T22:05:49+00:00","og_image":[{"url":"https:\/\/neue-herbold.com\/wp-content\/uploads\/2015\/03\/service_bild_messer-269x300.jpg","type":"","width":"","height":""}],"twitter_misc":{"Dur\u00e9e de lecture estim\u00e9e":"2 minutes"},"schema":{"@context":"https:\/\/schema.org","@graph":[{"@type":"WebPage","@id":"https:\/\/neue-herbold.com\/fr\/enquete-de-service\/","url":"https:\/\/neue-herbold.com\/fr\/enquete-de-service\/","name":"Enquete de Service - Neue Herbold Gmbh Sinsheim - Allemande","isPartOf":{"@id":"https:\/\/neue-herbold.com\/en\/#website"},"primaryImageOfPage":{"@id":"https:\/\/neue-herbold.com\/fr\/enquete-de-service\/#primaryimage"},"image":{"@id":"https:\/\/neue-herbold.com\/fr\/enquete-de-service\/#primaryimage"},"thumbnailUrl":"https:\/\/neue-herbold.com\/wp-content\/uploads\/2015\/03\/service_bild_messer-269x300.jpg","datePublished":"2016-06-05T16:10:29+00:00","dateModified":"2017-03-28T22:05:49+00:00","description":"Service de NEUE HERBOLD \u2013 sur nous, vous pouvez compter! Solutions standards pour une s\u00e9curit\u00e9 \u00e0 toute \u00e9preuve, ou des r\u00e9solutions des probl\u00e8mes individuels","breadcrumb":{"@id":"https:\/\/neue-herbold.com\/fr\/enquete-de-service\/#breadcrumb"},"inLanguage":"fr-FR","potentialAction":[{"@type":"ReadAction","target":["https:\/\/neue-herbold.com\/fr\/enquete-de-service\/"]}]},{"@type":"ImageObject","inLanguage":"fr-FR","@id":"https:\/\/neue-herbold.com\/fr\/enquete-de-service\/#primaryimage","url":"https:\/\/neue-herbold.com\/wp-content\/uploads\/2015\/03\/service_bild_messer-269x300.jpg","contentUrl":"https:\/\/neue-herbold.com\/wp-content\/uploads\/2015\/03\/service_bild_messer-269x300.jpg"},{"@type":"BreadcrumbList","@id":"https:\/\/neue-herbold.com\/fr\/enquete-de-service\/#breadcrumb","itemListElement":[{"@type":"ListItem","position":1,"name":"Startseite","item":"https:\/\/neue-herbold.com\/fr\/"},{"@type":"ListItem","position":2,"name":"Service"}]},{"@type":"WebSite","@id":"https:\/\/neue-herbold.com\/en\/#website","url":"https:\/\/neue-herbold.com\/en\/","name":"Neue Herbold GmbH","description":"","potentialAction":[{"@type":"SearchAction","target":{"@type":"EntryPoint","urlTemplate":"https:\/\/neue-herbold.com\/en\/?s={search_term_string}"},"query-input":{"@type":"PropertyValueSpecification","valueRequired":true,"valueName":"search_term_string"}}],"inLanguage":"fr-FR"}]}},"_links":{"self":[{"href":"https:\/\/neue-herbold.com\/fr\/wp-json\/wp\/v2\/pages\/8835"}],"collection":[{"href":"https:\/\/neue-herbold.com\/fr\/wp-json\/wp\/v2\/pages"}],"about":[{"href":"https:\/\/neue-herbold.com\/fr\/wp-json\/wp\/v2\/types\/page"}],"author":[{"embeddable":true,"href":"https:\/\/neue-herbold.com\/fr\/wp-json\/wp\/v2\/users\/1"}],"replies":[{"embeddable":true,"href":"https:\/\/neue-herbold.com\/fr\/wp-json\/wp\/v2\/comments?post=8835"}],"version-history":[{"count":21,"href":"https:\/\/neue-herbold.com\/fr\/wp-json\/wp\/v2\/pages\/8835\/revisions"}],"predecessor-version":[{"id":10797,"href":"https:\/\/neue-herbold.com\/fr\/wp-json\/wp\/v2\/pages\/8835\/revisions\/10797"}],"wp:attachment":[{"href":"https:\/\/neue-herbold.com\/fr\/wp-json\/wp\/v2\/media?parent=8835"}],"curies":[{"name":"wp","href":"https:\/\/api.w.org\/{rel}","templated":true}]}}