{"id":8791,"date":"2016-06-05T16:14:49","date_gmt":"2016-06-05T14:14:49","guid":{"rendered":"https:\/\/neue-herbold.com\/fr\/reparaturen-von-recyclinganlagen-und-schneidmuehlen\/"},"modified":"2016-06-14T02:36:21","modified_gmt":"2016-06-14T00:36:21","slug":"reparations-de-broyeurs","status":"publish","type":"page","link":"https:\/\/neue-herbold.com\/fr\/reparations-de-broyeurs\/","title":{"rendered":"R\u00e9parations de broyeurs"},"content":{"rendered":"<p><strong><a href=\"https:\/\/neue-herbold.com\/wp-content\/uploads\/2015\/03\/Werkzeug-wechsel.jpg\" target=\"_blank\"><img loading=\"lazy\" decoding=\"async\" class=\"alignleft wp-image-5772 size-medium\" src=\"https:\/\/neue-herbold.com\/wp-content\/uploads\/2015\/03\/Werkzeug-wechsel-300x200.jpg\" alt=\"R\u00e9parations de broyeurs\" width=\"300\" height=\"200\" srcset=\"https:\/\/neue-herbold.com\/wp-content\/uploads\/2015\/03\/Werkzeug-wechsel-300x200.jpg 300w, https:\/\/neue-herbold.com\/wp-content\/uploads\/2015\/03\/Werkzeug-wechsel-1024x683.jpg 1024w, https:\/\/neue-herbold.com\/wp-content\/uploads\/2015\/03\/Werkzeug-wechsel-100x67.jpg 100w, https:\/\/neue-herbold.com\/wp-content\/uploads\/2015\/03\/Werkzeug-wechsel-150x100.jpg 150w, https:\/\/neue-herbold.com\/wp-content\/uploads\/2015\/03\/Werkzeug-wechsel-200x133.jpg 200w, https:\/\/neue-herbold.com\/wp-content\/uploads\/2015\/03\/Werkzeug-wechsel-450x300.jpg 450w, https:\/\/neue-herbold.com\/wp-content\/uploads\/2015\/03\/Werkzeug-wechsel-600x400.jpg 600w, https:\/\/neue-herbold.com\/wp-content\/uploads\/2015\/03\/Werkzeug-wechsel-900x600.jpg 900w, https:\/\/neue-herbold.com\/wp-content\/uploads\/2015\/03\/Werkzeug-wechsel.jpg 1200w\" sizes=\"(max-width: 300px) 100vw, 300px\" \/><\/a>Il poss\u00e8de sur la comp\u00e9tence de vous conseiller dans toutes les questions, qui peuvent arriver lorsque l<\/strong><strong>op\u00e9ration de vos machines et syst\u00e8mes.<\/strong><\/p>\n<p>Toutes dommages ne peuvent pas \u00eatre r\u00e9par\u00e9s sur place. Il y a des r\u00e9parations qui doivent \u00eatre effectu\u00e9s dans notre atelier de service.<br \/> Sur souhaite nous vous envoyons un technicien service-montage, qui analyse le probl\u00e8me et d\u00e9cide sur l\u2019\u00e9tendue des r\u00e9parations et discute avec vous les mesures ad\u00e9quats.<\/p>\n<h5>R\u00e9parations de broyeurs <span id=\"result_box\" class=\"short_text\" lang=\"fr\"><span class=\"hps\">qualifi\u00e9s <\/span><\/span>et des syst\u00e8mes de recyclage<\/h5>\n<p><strong>Veuillez noter que :<\/strong><br \/> A cause de notre longue exp\u00e9rience, nous sommes certainement capables d\u2019effectuer des R\u00e9parations de broyeurs aussi pour les marques \u00e9trang\u00e9rs.<\/p>\n","protected":false},"excerpt":{"rendered":"<p><strong><a href=\"https:\/\/neue-herbold.com\/wp-content\/uploads\/2015\/03\/Werkzeug-wechsel.jpg\" target=\"_blank\"><img loading=\"lazy\" decoding=\"async\" class=\"alignleft wp-image-5772 size-medium\" src=\"https:\/\/neue-herbold.com\/wp-content\/uploads\/2015\/03\/Werkzeug-wechsel-300x200.jpg\" alt=\"R\u00e9parations de broyeurs\" width=\"300\" height=\"200\" srcset=\"https:\/\/neue-herbold.com\/wp-content\/uploads\/2015\/03\/Werkzeug-wechsel-300x200.jpg 300w, https:\/\/neue-herbold.com\/wp-content\/uploads\/2015\/03\/Werkzeug-wechsel-1024x683.jpg 1024w, https:\/\/neue-herbold.com\/wp-content\/uploads\/2015\/03\/Werkzeug-wechsel-100x67.jpg 100w, https:\/\/neue-herbold.com\/wp-content\/uploads\/2015\/03\/Werkzeug-wechsel-150x100.jpg 150w, https:\/\/neue-herbold.com\/wp-content\/uploads\/2015\/03\/Werkzeug-wechsel-200x133.jpg 200w, https:\/\/neue-herbold.com\/wp-content\/uploads\/2015\/03\/Werkzeug-wechsel-450x300.jpg 450w, https:\/\/neue-herbold.com\/wp-content\/uploads\/2015\/03\/Werkzeug-wechsel-600x400.jpg 600w, https:\/\/neue-herbold.com\/wp-content\/uploads\/2015\/03\/Werkzeug-wechsel-900x600.jpg 900w, https:\/\/neue-herbold.com\/wp-content\/uploads\/2015\/03\/Werkzeug-wechsel.jpg 1200w\" sizes=\"(max-width: 300px) 100vw, 300px\" \/><\/a>Il poss\u00e8de sur la comp\u00e9tence de vous conseiller dans toutes les questions, qui peuvent arriver lorsque l<\/strong><strong>op\u00e9ration de vos machines et syst\u00e8mes.<\/strong><\/p>\n<p>Toutes dommages ne peuvent pas \u00eatre r\u00e9par\u00e9s sur place.<\/p>\n<p><span class=\"ellipsis\">&hellip;<\/span><\/p>\n<div class=\"read-more\"><a href=\"https:\/\/neue-herbold.com\/fr\/reparations-de-broyeurs\/\">Lire la suite &#8250;<\/a><\/div>\n<p><!-- end of .read-more --><\/p>\n","protected":false},"author":1,"featured_media":0,"parent":0,"menu_order":0,"comment_status":"closed","ping_status":"closed","template":"","meta":{"footnotes":""},"class_list":["post-8791","page","type-page","status-publish","hentry"],"yoast_head":"<!-- This site is optimized with the Yoast SEO plugin v25.4 - https:\/\/yoast.com\/wordpress\/plugins\/seo\/ -->\n<title>R\u00e9parations de broyeurs - Neue Herbold GmbH<\/title>\n<meta name=\"description\" content=\"Il poss\u00e8de sur la comp\u00e9tence de toutes les questions, qui peuvent arriver lorsque lop\u00e9ration de vos machines et syst\u00e8mes. Notre R\u00e9parations de broyeurs\" \/>\n<meta name=\"robots\" content=\"index, follow, max-snippet:-1, max-image-preview:large, max-video-preview:-1\" \/>\n<link rel=\"canonical\" href=\"https:\/\/neue-herbold.com\/fr\/reparations-de-broyeurs\/\" \/>\n<meta property=\"og:locale\" content=\"fr_FR\" \/>\n<meta property=\"og:type\" content=\"article\" \/>\n<meta property=\"og:title\" content=\"R\u00e9parations de broyeurs - Neue Herbold GmbH\" \/>\n<meta property=\"og:description\" content=\"Il poss\u00e8de sur la comp\u00e9tence de toutes les questions, qui peuvent arriver lorsque lop\u00e9ration de vos machines et syst\u00e8mes. Notre R\u00e9parations de broyeurs\" \/>\n<meta property=\"og:url\" content=\"https:\/\/neue-herbold.com\/fr\/reparations-de-broyeurs\/\" \/>\n<meta property=\"og:site_name\" content=\"Neue Herbold GmbH\" \/>\n<meta property=\"article:modified_time\" content=\"2016-06-14T00:36:21+00:00\" \/>\n<meta property=\"og:image\" content=\"https:\/\/neue-herbold.com\/wp-content\/uploads\/2015\/03\/Werkzeug-wechsel-300x200.jpg\" \/>\n<meta name=\"twitter:label1\" content=\"Dur\u00e9e de lecture estim\u00e9e\" \/>\n\t<meta name=\"twitter:data1\" content=\"1 minute\" \/>\n<script type=\"application\/ld+json\" class=\"yoast-schema-graph\">{\"@context\":\"https:\/\/schema.org\",\"@graph\":[{\"@type\":\"WebPage\",\"@id\":\"https:\/\/neue-herbold.com\/fr\/reparations-de-broyeurs\/\",\"url\":\"https:\/\/neue-herbold.com\/fr\/reparations-de-broyeurs\/\",\"name\":\"R\u00e9parations de broyeurs - Neue Herbold GmbH\",\"isPartOf\":{\"@id\":\"https:\/\/neue-herbold.com\/en\/#website\"},\"primaryImageOfPage\":{\"@id\":\"https:\/\/neue-herbold.com\/fr\/reparations-de-broyeurs\/#primaryimage\"},\"image\":{\"@id\":\"https:\/\/neue-herbold.com\/fr\/reparations-de-broyeurs\/#primaryimage\"},\"thumbnailUrl\":\"https:\/\/neue-herbold.com\/wp-content\/uploads\/2015\/03\/Werkzeug-wechsel-300x200.jpg\",\"datePublished\":\"2016-06-05T14:14:49+00:00\",\"dateModified\":\"2016-06-14T00:36:21+00:00\",\"description\":\"Il poss\u00e8de sur la comp\u00e9tence de toutes les questions, qui peuvent arriver lorsque lop\u00e9ration de vos machines et syst\u00e8mes. Notre R\u00e9parations de broyeurs\",\"breadcrumb\":{\"@id\":\"https:\/\/neue-herbold.com\/fr\/reparations-de-broyeurs\/#breadcrumb\"},\"inLanguage\":\"fr-FR\",\"potentialAction\":[{\"@type\":\"ReadAction\",\"target\":[\"https:\/\/neue-herbold.com\/fr\/reparations-de-broyeurs\/\"]}]},{\"@type\":\"ImageObject\",\"inLanguage\":\"fr-FR\",\"@id\":\"https:\/\/neue-herbold.com\/fr\/reparations-de-broyeurs\/#primaryimage\",\"url\":\"https:\/\/neue-herbold.com\/wp-content\/uploads\/2015\/03\/Werkzeug-wechsel-300x200.jpg\",\"contentUrl\":\"https:\/\/neue-herbold.com\/wp-content\/uploads\/2015\/03\/Werkzeug-wechsel-300x200.jpg\"},{\"@type\":\"BreadcrumbList\",\"@id\":\"https:\/\/neue-herbold.com\/fr\/reparations-de-broyeurs\/#breadcrumb\",\"itemListElement\":[{\"@type\":\"ListItem\",\"position\":1,\"name\":\"Startseite\",\"item\":\"https:\/\/neue-herbold.com\/fr\/\"},{\"@type\":\"ListItem\",\"position\":2,\"name\":\"R\u00e9parations de broyeurs\"}]},{\"@type\":\"WebSite\",\"@id\":\"https:\/\/neue-herbold.com\/en\/#website\",\"url\":\"https:\/\/neue-herbold.com\/en\/\",\"name\":\"Neue Herbold GmbH\",\"description\":\"\",\"potentialAction\":[{\"@type\":\"SearchAction\",\"target\":{\"@type\":\"EntryPoint\",\"urlTemplate\":\"https:\/\/neue-herbold.com\/en\/?s={search_term_string}\"},\"query-input\":{\"@type\":\"PropertyValueSpecification\",\"valueRequired\":true,\"valueName\":\"search_term_string\"}}],\"inLanguage\":\"fr-FR\"}]}<\/script>\n<!-- \/ Yoast SEO plugin. -->","yoast_head_json":{"title":"R\u00e9parations de broyeurs - Neue Herbold GmbH","description":"Il poss\u00e8de sur la comp\u00e9tence de toutes les questions, qui peuvent arriver lorsque lop\u00e9ration de vos machines et syst\u00e8mes. Notre R\u00e9parations de broyeurs","robots":{"index":"index","follow":"follow","max-snippet":"max-snippet:-1","max-image-preview":"max-image-preview:large","max-video-preview":"max-video-preview:-1"},"canonical":"https:\/\/neue-herbold.com\/fr\/reparations-de-broyeurs\/","og_locale":"fr_FR","og_type":"article","og_title":"R\u00e9parations de broyeurs - Neue Herbold GmbH","og_description":"Il poss\u00e8de sur la comp\u00e9tence de toutes les questions, qui peuvent arriver lorsque lop\u00e9ration de vos machines et syst\u00e8mes. Notre R\u00e9parations de broyeurs","og_url":"https:\/\/neue-herbold.com\/fr\/reparations-de-broyeurs\/","og_site_name":"Neue Herbold GmbH","article_modified_time":"2016-06-14T00:36:21+00:00","og_image":[{"url":"https:\/\/neue-herbold.com\/wp-content\/uploads\/2015\/03\/Werkzeug-wechsel-300x200.jpg","type":"","width":"","height":""}],"twitter_misc":{"Dur\u00e9e de lecture estim\u00e9e":"1 minute"},"schema":{"@context":"https:\/\/schema.org","@graph":[{"@type":"WebPage","@id":"https:\/\/neue-herbold.com\/fr\/reparations-de-broyeurs\/","url":"https:\/\/neue-herbold.com\/fr\/reparations-de-broyeurs\/","name":"R\u00e9parations de broyeurs - Neue Herbold GmbH","isPartOf":{"@id":"https:\/\/neue-herbold.com\/en\/#website"},"primaryImageOfPage":{"@id":"https:\/\/neue-herbold.com\/fr\/reparations-de-broyeurs\/#primaryimage"},"image":{"@id":"https:\/\/neue-herbold.com\/fr\/reparations-de-broyeurs\/#primaryimage"},"thumbnailUrl":"https:\/\/neue-herbold.com\/wp-content\/uploads\/2015\/03\/Werkzeug-wechsel-300x200.jpg","datePublished":"2016-06-05T14:14:49+00:00","dateModified":"2016-06-14T00:36:21+00:00","description":"Il poss\u00e8de sur la comp\u00e9tence de toutes les questions, qui peuvent arriver lorsque lop\u00e9ration de vos machines et syst\u00e8mes. Notre R\u00e9parations de broyeurs","breadcrumb":{"@id":"https:\/\/neue-herbold.com\/fr\/reparations-de-broyeurs\/#breadcrumb"},"inLanguage":"fr-FR","potentialAction":[{"@type":"ReadAction","target":["https:\/\/neue-herbold.com\/fr\/reparations-de-broyeurs\/"]}]},{"@type":"ImageObject","inLanguage":"fr-FR","@id":"https:\/\/neue-herbold.com\/fr\/reparations-de-broyeurs\/#primaryimage","url":"https:\/\/neue-herbold.com\/wp-content\/uploads\/2015\/03\/Werkzeug-wechsel-300x200.jpg","contentUrl":"https:\/\/neue-herbold.com\/wp-content\/uploads\/2015\/03\/Werkzeug-wechsel-300x200.jpg"},{"@type":"BreadcrumbList","@id":"https:\/\/neue-herbold.com\/fr\/reparations-de-broyeurs\/#breadcrumb","itemListElement":[{"@type":"ListItem","position":1,"name":"Startseite","item":"https:\/\/neue-herbold.com\/fr\/"},{"@type":"ListItem","position":2,"name":"R\u00e9parations de broyeurs"}]},{"@type":"WebSite","@id":"https:\/\/neue-herbold.com\/en\/#website","url":"https:\/\/neue-herbold.com\/en\/","name":"Neue Herbold GmbH","description":"","potentialAction":[{"@type":"SearchAction","target":{"@type":"EntryPoint","urlTemplate":"https:\/\/neue-herbold.com\/en\/?s={search_term_string}"},"query-input":{"@type":"PropertyValueSpecification","valueRequired":true,"valueName":"search_term_string"}}],"inLanguage":"fr-FR"}]}},"_links":{"self":[{"href":"https:\/\/neue-herbold.com\/fr\/wp-json\/wp\/v2\/pages\/8791"}],"collection":[{"href":"https:\/\/neue-herbold.com\/fr\/wp-json\/wp\/v2\/pages"}],"about":[{"href":"https:\/\/neue-herbold.com\/fr\/wp-json\/wp\/v2\/types\/page"}],"author":[{"embeddable":true,"href":"https:\/\/neue-herbold.com\/fr\/wp-json\/wp\/v2\/users\/1"}],"replies":[{"embeddable":true,"href":"https:\/\/neue-herbold.com\/fr\/wp-json\/wp\/v2\/comments?post=8791"}],"version-history":[{"count":2,"href":"https:\/\/neue-herbold.com\/fr\/wp-json\/wp\/v2\/pages\/8791\/revisions"}],"predecessor-version":[{"id":8799,"href":"https:\/\/neue-herbold.com\/fr\/wp-json\/wp\/v2\/pages\/8791\/revisions\/8799"}],"wp:attachment":[{"href":"https:\/\/neue-herbold.com\/fr\/wp-json\/wp\/v2\/media?parent=8791"}],"curies":[{"name":"wp","href":"https:\/\/api.w.org\/{rel}","templated":true}]}}