{"id":8752,"date":"2016-06-05T15:36:45","date_gmt":"2016-06-05T13:36:45","guid":{"rendered":"https:\/\/neue-herbold.com\/fr\/ersatzteile\/"},"modified":"2024-10-17T17:21:23","modified_gmt":"2024-10-17T15:21:23","slug":"pieces-de-rechange","status":"publish","type":"page","link":"https:\/\/neue-herbold.com\/fr\/pieces-de-rechange\/","title":{"rendered":"Les pi\u00e8ces de rechange"},"content":{"rendered":"<p>Notre entrep\u00f4t des pi\u00e8ces d\u00e9tach\u00e9es\/pi\u00e8ces d\u2019usure, g\u00e9r\u00e9 informatiquement, garantie une gestion des ordres rapide. R\u00e9guli\u00e8rement, nous contr\u00f4lons et optimisons la disposition de notre stock.<\/p>\n<p>Pour nos broyeurs \/ installations de broyage, nous avons les pi\u00e8ces de rechange et d&rsquo;usure les plus courantes &#8211; comme par exemple les lames de rotor, les lames de stator, les barres de pression des lames, les tamis, les garnitures de tamis, les courroies trap\u00e9zo\u00efdales, les roulements \u00e0 billes, les disques de broyage, les bagues dent\u00e9es,<\/p>\n<p>marteaux de frappe, etc. en stock. Si les pi\u00e8ces de rechange dont vous avez besoin ne sont pas en stock, nous nous effor\u00e7ons de les produire pour vous dans les plus brefs d\u00e9lais.<\/p>\n<p>Pi\u00e8ces d\u00e9tach\u00e9es, \u00e9tants en stock, sont livr\u00e9s habituellement le m\u00eame jour \u2013 par exp\u00e9dition express, a\u00e9rienne ou sur souhait par courrier \u00ab de desk \u00e0 desk \u00bb.<\/p>\n<h4>Pi\u00e8ces de rechange:<\/h4>\n<table style=\"border-collapse: collapse; width: 100%;\">\n<tbody>\n<tr>\n<td style=\"width: 50%;\"><a href=\"https:\/\/neue-herbold.com\/wp-content\/uploads\/2015\/03\/service_bild_lagerhaltung.jpg\" target=\"_blank\" rel=\"noopener\"><img loading=\"lazy\" decoding=\"async\" class=\"alignleft wp-image-4924 size-medium\" src=\"https:\/\/neue-herbold.com\/wp-content\/uploads\/2015\/03\/service_bild_lagerhaltung-300x271.jpg\" alt=\"Ersatzteile - Lager\" width=\"300\" height=\"271\" srcset=\"https:\/\/neue-herbold.com\/wp-content\/uploads\/2015\/03\/service_bild_lagerhaltung-300x271.jpg 300w, https:\/\/neue-herbold.com\/wp-content\/uploads\/2015\/03\/service_bild_lagerhaltung-100x90.jpg 100w, https:\/\/neue-herbold.com\/wp-content\/uploads\/2015\/03\/service_bild_lagerhaltung-150x135.jpg 150w, https:\/\/neue-herbold.com\/wp-content\/uploads\/2015\/03\/service_bild_lagerhaltung-200x180.jpg 200w, https:\/\/neue-herbold.com\/wp-content\/uploads\/2015\/03\/service_bild_lagerhaltung.jpg 316w\" sizes=\"(max-width: 300px) 100vw, 300px\" \/><\/a><\/td>\n<td style=\"width: 50%;\">Stock de pi\u00e8ces d\u00e9tach\u00e9es &#8211; rotors en stock<\/td>\n<\/tr>\n<tr>\n<td style=\"width: 50%;\"><img loading=\"lazy\" decoding=\"async\" class=\"alignnone wp-image-13851 size-medium\" src=\"https:\/\/neue-herbold.com\/wp-content\/uploads\/2015\/03\/zahnringe_pulverizer-discs-300x225.jpg\" alt=\"\" width=\"300\" height=\"225\" srcset=\"https:\/\/neue-herbold.com\/wp-content\/uploads\/2015\/03\/zahnringe_pulverizer-discs-300x225.jpg 300w, https:\/\/neue-herbold.com\/wp-content\/uploads\/2015\/03\/zahnringe_pulverizer-discs-100x75.jpg 100w, https:\/\/neue-herbold.com\/wp-content\/uploads\/2015\/03\/zahnringe_pulverizer-discs-150x113.jpg 150w, https:\/\/neue-herbold.com\/wp-content\/uploads\/2015\/03\/zahnringe_pulverizer-discs-200x150.jpg 200w, https:\/\/neue-herbold.com\/wp-content\/uploads\/2015\/03\/zahnringe_pulverizer-discs.jpg 312w\" sizes=\"(max-width: 300px) 100vw, 300px\" \/><\/td>\n<td style=\"width: 50%;\">Disques de broyage \/ Disques dent\u00e9s<\/td>\n<\/tr>\n<tr>\n<td style=\"width: 50%;\"><img loading=\"lazy\" decoding=\"async\" class=\"alignnone size-medium wp-image-4926\" src=\"https:\/\/neue-herbold.com\/wp-content\/uploads\/2015\/03\/service_bild_siebe-297x300.jpg\" alt=\"\" width=\"297\" height=\"300\" srcset=\"https:\/\/neue-herbold.com\/wp-content\/uploads\/2015\/03\/service_bild_siebe-297x300.jpg 297w, https:\/\/neue-herbold.com\/wp-content\/uploads\/2015\/03\/service_bild_siebe-100x101.jpg 100w, https:\/\/neue-herbold.com\/wp-content\/uploads\/2015\/03\/service_bild_siebe-150x151.jpg 150w, https:\/\/neue-herbold.com\/wp-content\/uploads\/2015\/03\/service_bild_siebe-200x202.jpg 200w, https:\/\/neue-herbold.com\/wp-content\/uploads\/2015\/03\/service_bild_siebe-300x303.jpg 300w, https:\/\/neue-herbold.com\/wp-content\/uploads\/2015\/03\/service_bild_siebe.jpg 301w\" sizes=\"(max-width: 297px) 100vw, 297px\" \/><\/td>\n<td style=\"width: 50%;\">Tamis de moulin \/ Couches de tamis<\/td>\n<\/tr>\n<tr>\n<td style=\"width: 50%;\">\n<p><img loading=\"lazy\" decoding=\"async\" class=\"alignnone wp-image-4925 size-medium\" src=\"https:\/\/neue-herbold.com\/wp-content\/uploads\/2015\/03\/service_bild_messer-269x300.jpg\" alt=\"\" width=\"269\" height=\"300\" srcset=\"https:\/\/neue-herbold.com\/wp-content\/uploads\/2015\/03\/service_bild_messer-269x300.jpg 269w, https:\/\/neue-herbold.com\/wp-content\/uploads\/2015\/03\/service_bild_messer-100x112.jpg 100w, https:\/\/neue-herbold.com\/wp-content\/uploads\/2015\/03\/service_bild_messer-150x168.jpg 150w, https:\/\/neue-herbold.com\/wp-content\/uploads\/2015\/03\/service_bild_messer-200x223.jpg 200w, https:\/\/neue-herbold.com\/wp-content\/uploads\/2015\/03\/service_bild_messer-300x335.jpg 300w, https:\/\/neue-herbold.com\/wp-content\/uploads\/2015\/03\/service_bild_messer.jpg 325w\" sizes=\"(max-width: 269px) 100vw, 269px\" \/><\/p>\n<\/td>\n<td style=\"width: 50%;\">Couteaux \/ Couteaux rotatifs \/ Couteaux statoriques<\/td>\n<\/tr>\n<\/tbody>\n<\/table>\n","protected":false},"excerpt":{"rendered":"<p>Notre entrep\u00f4t des pi\u00e8ces d\u00e9tach\u00e9es\/pi\u00e8ces d\u2019usure, g\u00e9r\u00e9 informatiquement, garantie une gestion des ordres rapide. R\u00e9guli\u00e8rement, nous contr\u00f4lons et optimisons la disposition de notre stock.<\/p>\n<p>Pour nos broyeurs \/ installations de broyage, nous avons les pi\u00e8ces de rechange et d&rsquo;usure les plus courantes &#8211;<\/p>\n<p><span class=\"ellipsis\">&hellip;<\/span><\/p>\n<div class=\"read-more\"><a href=\"https:\/\/neue-herbold.com\/fr\/pieces-de-rechange\/\">Lire la suite &#8250;<\/a><\/div>\n<p><!-- end of .read-more --><\/p>\n","protected":false},"author":1,"featured_media":0,"parent":0,"menu_order":0,"comment_status":"closed","ping_status":"closed","template":"","meta":{"footnotes":""},"class_list":["post-8752","page","type-page","status-publish","hentry"],"yoast_head":"<!-- This site is optimized with the Yoast SEO plugin v25.4 - https:\/\/yoast.com\/wordpress\/plugins\/seo\/ -->\n<title>Les pi\u00e8ces de rechange - Neue Herbold GmbH<\/title>\n<meta name=\"description\" content=\"Notre entrep\u00f4t des pi\u00e8ces d\u00e9tach\u00e9es\/pi\u00e8ces d\u2019usure, g\u00e9r\u00e9 informatiquement, garantie une gestion des ordres rapide. Les pi\u00e8ces de rechange sont\" \/>\n<meta name=\"robots\" content=\"index, follow, max-snippet:-1, max-image-preview:large, max-video-preview:-1\" \/>\n<link rel=\"canonical\" href=\"https:\/\/neue-herbold.com\/fr\/pieces-de-rechange\/\" \/>\n<meta property=\"og:locale\" content=\"fr_FR\" \/>\n<meta property=\"og:type\" content=\"article\" \/>\n<meta property=\"og:title\" content=\"Les pi\u00e8ces de rechange - Neue Herbold GmbH\" \/>\n<meta property=\"og:description\" content=\"Notre entrep\u00f4t des pi\u00e8ces d\u00e9tach\u00e9es\/pi\u00e8ces d\u2019usure, g\u00e9r\u00e9 informatiquement, garantie une gestion des ordres rapide. Les pi\u00e8ces de rechange sont\" \/>\n<meta property=\"og:url\" content=\"https:\/\/neue-herbold.com\/fr\/pieces-de-rechange\/\" \/>\n<meta property=\"og:site_name\" content=\"Neue Herbold GmbH\" \/>\n<meta property=\"article:modified_time\" content=\"2024-10-17T15:21:23+00:00\" \/>\n<meta property=\"og:image\" content=\"https:\/\/neue-herbold.com\/wp-content\/uploads\/2015\/03\/service_bild_lagerhaltung-300x271.jpg\" \/>\n<meta name=\"twitter:label1\" content=\"Dur\u00e9e de lecture estim\u00e9e\" \/>\n\t<meta name=\"twitter:data1\" content=\"2 minutes\" \/>\n<script type=\"application\/ld+json\" class=\"yoast-schema-graph\">{\"@context\":\"https:\/\/schema.org\",\"@graph\":[{\"@type\":\"WebPage\",\"@id\":\"https:\/\/neue-herbold.com\/fr\/pieces-de-rechange\/\",\"url\":\"https:\/\/neue-herbold.com\/fr\/pieces-de-rechange\/\",\"name\":\"Les pi\u00e8ces de rechange - Neue Herbold GmbH\",\"isPartOf\":{\"@id\":\"https:\/\/neue-herbold.com\/en\/#website\"},\"primaryImageOfPage\":{\"@id\":\"https:\/\/neue-herbold.com\/fr\/pieces-de-rechange\/#primaryimage\"},\"image\":{\"@id\":\"https:\/\/neue-herbold.com\/fr\/pieces-de-rechange\/#primaryimage\"},\"thumbnailUrl\":\"https:\/\/neue-herbold.com\/wp-content\/uploads\/2015\/03\/service_bild_lagerhaltung-300x271.jpg\",\"datePublished\":\"2016-06-05T13:36:45+00:00\",\"dateModified\":\"2024-10-17T15:21:23+00:00\",\"description\":\"Notre entrep\u00f4t des pi\u00e8ces d\u00e9tach\u00e9es\/pi\u00e8ces d\u2019usure, g\u00e9r\u00e9 informatiquement, garantie une gestion des ordres rapide. Les pi\u00e8ces de rechange sont\",\"breadcrumb\":{\"@id\":\"https:\/\/neue-herbold.com\/fr\/pieces-de-rechange\/#breadcrumb\"},\"inLanguage\":\"fr-FR\",\"potentialAction\":[{\"@type\":\"ReadAction\",\"target\":[\"https:\/\/neue-herbold.com\/fr\/pieces-de-rechange\/\"]}]},{\"@type\":\"ImageObject\",\"inLanguage\":\"fr-FR\",\"@id\":\"https:\/\/neue-herbold.com\/fr\/pieces-de-rechange\/#primaryimage\",\"url\":\"https:\/\/neue-herbold.com\/wp-content\/uploads\/2015\/03\/service_bild_lagerhaltung-300x271.jpg\",\"contentUrl\":\"https:\/\/neue-herbold.com\/wp-content\/uploads\/2015\/03\/service_bild_lagerhaltung-300x271.jpg\"},{\"@type\":\"BreadcrumbList\",\"@id\":\"https:\/\/neue-herbold.com\/fr\/pieces-de-rechange\/#breadcrumb\",\"itemListElement\":[{\"@type\":\"ListItem\",\"position\":1,\"name\":\"Startseite\",\"item\":\"https:\/\/neue-herbold.com\/fr\/\"},{\"@type\":\"ListItem\",\"position\":2,\"name\":\"Les pi\u00e8ces de rechange\"}]},{\"@type\":\"WebSite\",\"@id\":\"https:\/\/neue-herbold.com\/en\/#website\",\"url\":\"https:\/\/neue-herbold.com\/en\/\",\"name\":\"Neue Herbold GmbH\",\"description\":\"\",\"potentialAction\":[{\"@type\":\"SearchAction\",\"target\":{\"@type\":\"EntryPoint\",\"urlTemplate\":\"https:\/\/neue-herbold.com\/en\/?s={search_term_string}\"},\"query-input\":{\"@type\":\"PropertyValueSpecification\",\"valueRequired\":true,\"valueName\":\"search_term_string\"}}],\"inLanguage\":\"fr-FR\"}]}<\/script>\n<!-- \/ Yoast SEO plugin. -->","yoast_head_json":{"title":"Les pi\u00e8ces de rechange - Neue Herbold GmbH","description":"Notre entrep\u00f4t des pi\u00e8ces d\u00e9tach\u00e9es\/pi\u00e8ces d\u2019usure, g\u00e9r\u00e9 informatiquement, garantie une gestion des ordres rapide. Les pi\u00e8ces de rechange sont","robots":{"index":"index","follow":"follow","max-snippet":"max-snippet:-1","max-image-preview":"max-image-preview:large","max-video-preview":"max-video-preview:-1"},"canonical":"https:\/\/neue-herbold.com\/fr\/pieces-de-rechange\/","og_locale":"fr_FR","og_type":"article","og_title":"Les pi\u00e8ces de rechange - Neue Herbold GmbH","og_description":"Notre entrep\u00f4t des pi\u00e8ces d\u00e9tach\u00e9es\/pi\u00e8ces d\u2019usure, g\u00e9r\u00e9 informatiquement, garantie une gestion des ordres rapide. Les pi\u00e8ces de rechange sont","og_url":"https:\/\/neue-herbold.com\/fr\/pieces-de-rechange\/","og_site_name":"Neue Herbold GmbH","article_modified_time":"2024-10-17T15:21:23+00:00","og_image":[{"url":"https:\/\/neue-herbold.com\/wp-content\/uploads\/2015\/03\/service_bild_lagerhaltung-300x271.jpg","type":"","width":"","height":""}],"twitter_misc":{"Dur\u00e9e de lecture estim\u00e9e":"2 minutes"},"schema":{"@context":"https:\/\/schema.org","@graph":[{"@type":"WebPage","@id":"https:\/\/neue-herbold.com\/fr\/pieces-de-rechange\/","url":"https:\/\/neue-herbold.com\/fr\/pieces-de-rechange\/","name":"Les pi\u00e8ces de rechange - Neue Herbold GmbH","isPartOf":{"@id":"https:\/\/neue-herbold.com\/en\/#website"},"primaryImageOfPage":{"@id":"https:\/\/neue-herbold.com\/fr\/pieces-de-rechange\/#primaryimage"},"image":{"@id":"https:\/\/neue-herbold.com\/fr\/pieces-de-rechange\/#primaryimage"},"thumbnailUrl":"https:\/\/neue-herbold.com\/wp-content\/uploads\/2015\/03\/service_bild_lagerhaltung-300x271.jpg","datePublished":"2016-06-05T13:36:45+00:00","dateModified":"2024-10-17T15:21:23+00:00","description":"Notre entrep\u00f4t des pi\u00e8ces d\u00e9tach\u00e9es\/pi\u00e8ces d\u2019usure, g\u00e9r\u00e9 informatiquement, garantie une gestion des ordres rapide. Les pi\u00e8ces de rechange sont","breadcrumb":{"@id":"https:\/\/neue-herbold.com\/fr\/pieces-de-rechange\/#breadcrumb"},"inLanguage":"fr-FR","potentialAction":[{"@type":"ReadAction","target":["https:\/\/neue-herbold.com\/fr\/pieces-de-rechange\/"]}]},{"@type":"ImageObject","inLanguage":"fr-FR","@id":"https:\/\/neue-herbold.com\/fr\/pieces-de-rechange\/#primaryimage","url":"https:\/\/neue-herbold.com\/wp-content\/uploads\/2015\/03\/service_bild_lagerhaltung-300x271.jpg","contentUrl":"https:\/\/neue-herbold.com\/wp-content\/uploads\/2015\/03\/service_bild_lagerhaltung-300x271.jpg"},{"@type":"BreadcrumbList","@id":"https:\/\/neue-herbold.com\/fr\/pieces-de-rechange\/#breadcrumb","itemListElement":[{"@type":"ListItem","position":1,"name":"Startseite","item":"https:\/\/neue-herbold.com\/fr\/"},{"@type":"ListItem","position":2,"name":"Les pi\u00e8ces de rechange"}]},{"@type":"WebSite","@id":"https:\/\/neue-herbold.com\/en\/#website","url":"https:\/\/neue-herbold.com\/en\/","name":"Neue Herbold GmbH","description":"","potentialAction":[{"@type":"SearchAction","target":{"@type":"EntryPoint","urlTemplate":"https:\/\/neue-herbold.com\/en\/?s={search_term_string}"},"query-input":{"@type":"PropertyValueSpecification","valueRequired":true,"valueName":"search_term_string"}}],"inLanguage":"fr-FR"}]}},"_links":{"self":[{"href":"https:\/\/neue-herbold.com\/fr\/wp-json\/wp\/v2\/pages\/8752"}],"collection":[{"href":"https:\/\/neue-herbold.com\/fr\/wp-json\/wp\/v2\/pages"}],"about":[{"href":"https:\/\/neue-herbold.com\/fr\/wp-json\/wp\/v2\/types\/page"}],"author":[{"embeddable":true,"href":"https:\/\/neue-herbold.com\/fr\/wp-json\/wp\/v2\/users\/1"}],"replies":[{"embeddable":true,"href":"https:\/\/neue-herbold.com\/fr\/wp-json\/wp\/v2\/comments?post=8752"}],"version-history":[{"count":4,"href":"https:\/\/neue-herbold.com\/fr\/wp-json\/wp\/v2\/pages\/8752\/revisions"}],"predecessor-version":[{"id":16446,"href":"https:\/\/neue-herbold.com\/fr\/wp-json\/wp\/v2\/pages\/8752\/revisions\/16446"}],"wp:attachment":[{"href":"https:\/\/neue-herbold.com\/fr\/wp-json\/wp\/v2\/media?parent=8752"}],"curies":[{"name":"wp","href":"https:\/\/api.w.org\/{rel}","templated":true}]}}