{"id":8589,"date":"2016-06-03T22:16:58","date_gmt":"2016-06-03T20:16:58","guid":{"rendered":"https:\/\/neue-herbold.com\/fr\/recycling-folienabfaelle-pe-pp\/"},"modified":"2016-06-03T22:40:34","modified_gmt":"2016-06-03T20:40:34","slug":"recyclage-des-dechets-des-films-en-pe-pp","status":"publish","type":"page","link":"https:\/\/neue-herbold.com\/fr\/recyclage-des-dechets-des-films-en-pe-pp\/","title":{"rendered":"Recyclage des d\u00e9chets des films en PE\/PP"},"content":{"rendered":"<p><strong>Pr\u00e9misse indispensable pour \u00e9tablir une ligne de r\u00e9cyclage, c\u2019est une d\u00e9termination d\u00e9taill\u00e9e de sa t\u00e2che: <br \/> <\/strong><\/p>\n<ul>\n<li>La d\u00e9finition des pollutions pr\u00e9sentes<\/li>\n<li>La d\u00e9finition concernant la poursuite de l\u2019utilisation des mat\u00e9riaux recycl\u00e9s<\/li>\n<\/ul>\n<p>Sur cette base, nous composons la ligne selon la principe de la construction modulaire.<\/p>\n<p><strong>Example d\u2019une ligne pour le recyclage des balles :<\/strong><\/p>\n<h5>D\u00e9chiqueteuse (<a href=\"https:\/\/neue-herbold.com\/fr\/dechiqueteuse-hzr-a-axe-unique\/\">une axe<\/a> \/ <a href=\"https:\/\/neue-herbold.com\/fr\/dechiqueteuse-a-deux-axes-zrm\/\">deux axes<\/a>)<\/h5>\n<p>&nbsp;<\/p>\n<p><a style=\"color: #0000ff;\" href=\"https:\/\/neue-herbold.com\/wp-content\/uploads\/2014\/12\/HZR-1300-1.jpg\" target=\"_blank\"><img loading=\"lazy\" decoding=\"async\" class=\"alignleft wp-image-2902\" src=\"https:\/\/neue-herbold.com\/wp-content\/uploads\/2014\/12\/HZR-1300-1-1024x785.jpg\" alt=\"Recyclage des d\u00e9chets des films en PE\/PP\" width=\"280\" height=\"215\" srcset=\"https:\/\/neue-herbold.com\/wp-content\/uploads\/2014\/12\/HZR-1300-1-1024x785.jpg 1024w, https:\/\/neue-herbold.com\/wp-content\/uploads\/2014\/12\/HZR-1300-1-300x230.jpg 300w, https:\/\/neue-herbold.com\/wp-content\/uploads\/2014\/12\/HZR-1300-1-100x76.jpg 100w, https:\/\/neue-herbold.com\/wp-content\/uploads\/2014\/12\/HZR-1300-1-150x115.jpg 150w, https:\/\/neue-herbold.com\/wp-content\/uploads\/2014\/12\/HZR-1300-1-200x153.jpg 200w, https:\/\/neue-herbold.com\/wp-content\/uploads\/2014\/12\/HZR-1300-1-450x345.jpg 450w, https:\/\/neue-herbold.com\/wp-content\/uploads\/2014\/12\/HZR-1300-1-600x460.jpg 600w, https:\/\/neue-herbold.com\/wp-content\/uploads\/2014\/12\/HZR-1300-1-900x690.jpg 900w, https:\/\/neue-herbold.com\/wp-content\/uploads\/2014\/12\/HZR-1300-1.jpg 1182w\" sizes=\"(max-width: 280px) 100vw, 280px\" \/><\/a>Pour la dissolution ou bien pr\u00e9 broyage <br \/> des films press\u00e9s en balles.<\/p>\n<p>La d\u00e9chiqueteuse \u00e0 marche lente est <br \/> \u00e9quip\u00e9e d\u2019une tr\u00e9mie \u00e0 grande <br \/> volume et elle est capable <br \/> d\u2019accueillir plusieurs balles \u00e0 <br \/> la fois et de les r\u00e9duire en morceaux.<\/p>\n<h5>\u00a0<\/h5>\n<p>&nbsp;<\/p>\n<h5>2 Convoyeur \u00e0 bande<\/h5>\n<p>Pour le transport des mat\u00e9riaux pr\u00e9 broy\u00e9s venants de la d\u00e9chiqueteuse<\/p>\n<h5>3 S\u00e9parateur des fins type <a href=\"https:\/\/neue-herbold.com\/fr\/separateurs-de-particules-fines\/\">HS<\/a><\/h5>\n<p><span style=\"color: #000000;\"><a style=\"color: #0000ff;\" href=\"https:\/\/neue-herbold.com\/wp-content\/uploads\/2014\/12\/Feingutabscheider.jpg\" target=\"_blank\"><img loading=\"lazy\" decoding=\"async\" class=\"alignleft wp-image-3081\" src=\"https:\/\/neue-herbold.com\/wp-content\/uploads\/2014\/12\/Feingutabscheider.jpg\" alt=\"\" width=\"245\" height=\"306\" srcset=\"https:\/\/neue-herbold.com\/wp-content\/uploads\/2014\/12\/Feingutabscheider.jpg 259w, https:\/\/neue-herbold.com\/wp-content\/uploads\/2014\/12\/Feingutabscheider-239x300.jpg 239w, https:\/\/neue-herbold.com\/wp-content\/uploads\/2014\/12\/Feingutabscheider-100x125.jpg 100w, https:\/\/neue-herbold.com\/wp-content\/uploads\/2014\/12\/Feingutabscheider-150x187.jpg 150w, https:\/\/neue-herbold.com\/wp-content\/uploads\/2014\/12\/Feingutabscheider-200x250.jpg 200w\" sizes=\"(max-width: 245px) 100vw, 245px\" \/><\/a><\/span><\/p>\n<p>&nbsp;<\/p>\n<p>Situ\u00e9e sur le convoyeur <br \/> \u00e0 bande de la d\u00e9chiqueteuse, <br \/> pour la s\u00e9paration des <br \/> grosses impuret\u00e9s <br \/> de la flue des mat\u00e9riaux \u2013 <br \/> pour la protection des <br \/> machines poursuivants<\/p>\n<p>&nbsp;<\/p>\n<h5>\u00a0<\/h5>\n<h5>\u00a0<\/h5>\n<h5>\u00a0<\/h5>\n<h5><span style=\"color: #000000;\">4.<\/span> Silo type <a href=\"https:\/\/neue-herbold.com\/fr\/silos-a-film-fs\/\">FS<\/a><\/h5>\n<p><span style=\"color: #000000;\"><a style=\"color: #0000ff;\" href=\"https:\/\/neue-herbold.com\/wp-content\/uploads\/2014\/12\/FS-Foliensilo.jpg\" target=\"_blank\"><img loading=\"lazy\" decoding=\"async\" class=\"alignleft wp-image-3029\" src=\"https:\/\/neue-herbold.com\/wp-content\/uploads\/2014\/12\/FS-Foliensilo-300x225.jpg\" alt=\"GEDSC DIGITAL CAMERA\" width=\"280\" height=\"210\" srcset=\"https:\/\/neue-herbold.com\/wp-content\/uploads\/2014\/12\/FS-Foliensilo-300x225.jpg 300w, https:\/\/neue-herbold.com\/wp-content\/uploads\/2014\/12\/FS-Foliensilo-1024x768.jpg 1024w, https:\/\/neue-herbold.com\/wp-content\/uploads\/2014\/12\/FS-Foliensilo-100x75.jpg 100w, https:\/\/neue-herbold.com\/wp-content\/uploads\/2014\/12\/FS-Foliensilo-150x112.jpg 150w, https:\/\/neue-herbold.com\/wp-content\/uploads\/2014\/12\/FS-Foliensilo-200x150.jpg 200w, https:\/\/neue-herbold.com\/wp-content\/uploads\/2014\/12\/FS-Foliensilo-450x337.jpg 450w, https:\/\/neue-herbold.com\/wp-content\/uploads\/2014\/12\/FS-Foliensilo-600x450.jpg 600w, https:\/\/neue-herbold.com\/wp-content\/uploads\/2014\/12\/FS-Foliensilo-900x675.jpg 900w, https:\/\/neue-herbold.com\/wp-content\/uploads\/2014\/12\/FS-Foliensilo.jpg 1200w\" sizes=\"(max-width: 280px) 100vw, 280px\" \/><\/a><\/span><\/p>\n<p>&nbsp;<\/p>\n<p>Pour le stockage des films <br \/> et pour le chargement <br \/> continu\u00e9 et uniforme <br \/> des machines poursuivants<\/p>\n<p>&nbsp;<\/p>\n<p>&nbsp;<\/p>\n<p>&nbsp;<\/p>\n<h5><span style=\"color: #000000;\">5. Vis de trempage \/ vis de pr\u00e9lavage<br \/> <\/span><\/h5>\n<p><span style=\"color: #000000;\"><a style=\"color: #0000ff;\" href=\"https:\/\/neue-herbold.com\/wp-content\/uploads\/2014\/12\/Einweichschnecke.jpg\" target=\"_blank\"><img loading=\"lazy\" decoding=\"async\" class=\"alignleft wp-image-3040\" src=\"https:\/\/neue-herbold.com\/wp-content\/uploads\/2014\/12\/Einweichschnecke-298x300.jpg\" alt=\"\" width=\"280\" height=\"281\" srcset=\"https:\/\/neue-herbold.com\/wp-content\/uploads\/2014\/12\/Einweichschnecke-298x300.jpg 298w, https:\/\/neue-herbold.com\/wp-content\/uploads\/2014\/12\/Einweichschnecke-300x301.jpg 300w, https:\/\/neue-herbold.com\/wp-content\/uploads\/2014\/12\/Einweichschnecke-1018x1024.jpg 1018w, https:\/\/neue-herbold.com\/wp-content\/uploads\/2014\/12\/Einweichschnecke-100x100.jpg 100w, https:\/\/neue-herbold.com\/wp-content\/uploads\/2014\/12\/Einweichschnecke-150x150.jpg 150w, https:\/\/neue-herbold.com\/wp-content\/uploads\/2014\/12\/Einweichschnecke-200x201.jpg 200w, https:\/\/neue-herbold.com\/wp-content\/uploads\/2014\/12\/Einweichschnecke-450x452.jpg 450w, https:\/\/neue-herbold.com\/wp-content\/uploads\/2014\/12\/Einweichschnecke-600x603.jpg 600w, https:\/\/neue-herbold.com\/wp-content\/uploads\/2014\/12\/Einweichschnecke-900x904.jpg 900w, https:\/\/neue-herbold.com\/wp-content\/uploads\/2014\/12\/Einweichschnecke.jpg 1200w\" sizes=\"(max-width: 280px) 100vw, 280px\" \/><\/a><\/span><\/p>\n<p>&nbsp;<\/p>\n<p>&nbsp;<\/p>\n<p>Pour la pr\u00e9paration <br \/> des mat\u00e9riaux <br \/> aux traitements <br \/> ult\u00e9rieurs<\/p>\n<p>&nbsp;<\/p>\n<p>&nbsp;<\/p>\n<p>&nbsp;<\/p>\n<p>&nbsp;<\/p>\n<h5><span style=\"color: #000000;\">6. Laveur intensif type <a href=\"https:\/\/neue-herbold.com\/fr\/laveur-intensif-iw\/\">IW<\/a><\/span><\/h5>\n<p><span style=\"color: #000000;\"><a style=\"color: #0000ff;\" href=\"https:\/\/neue-herbold.com\/wp-content\/uploads\/2014\/12\/TM-1000.jpg\" target=\"_blank\"><img loading=\"lazy\" decoding=\"async\" class=\"alignleft wp-image-3022\" src=\"https:\/\/neue-herbold.com\/wp-content\/uploads\/2014\/12\/TM-1000-1020x1024.jpg\" alt=\"\" width=\"280\" height=\"281\" srcset=\"https:\/\/neue-herbold.com\/wp-content\/uploads\/2014\/12\/TM-1000-1020x1024.jpg 1020w, https:\/\/neue-herbold.com\/wp-content\/uploads\/2014\/12\/TM-1000-300x301.jpg 300w, https:\/\/neue-herbold.com\/wp-content\/uploads\/2014\/12\/TM-1000-100x100.jpg 100w, https:\/\/neue-herbold.com\/wp-content\/uploads\/2014\/12\/TM-1000-150x150.jpg 150w, https:\/\/neue-herbold.com\/wp-content\/uploads\/2014\/12\/TM-1000-200x200.jpg 200w, https:\/\/neue-herbold.com\/wp-content\/uploads\/2014\/12\/TM-1000-450x451.jpg 450w, https:\/\/neue-herbold.com\/wp-content\/uploads\/2014\/12\/TM-1000-600x602.jpg 600w, https:\/\/neue-herbold.com\/wp-content\/uploads\/2014\/12\/TM-1000-900x903.jpg 900w, https:\/\/neue-herbold.com\/wp-content\/uploads\/2014\/12\/TM-1000.jpg 1200w\" sizes=\"(max-width: 280px) 100vw, 280px\" \/><\/a><\/span><\/p>\n<p>&nbsp;<\/p>\n<p>&nbsp;<\/p>\n<p>Pour le lavage intensif<br \/> des surfaces des mat\u00e9riaux. <br \/> \u00c9limination des impuret\u00e9s <br \/> solubles dans l\u2019eau<\/p>\n<p>&nbsp;<\/p>\n<p>&nbsp;<\/p>\n<p>&nbsp;<\/p>\n<h5><span style=\"color: #000000;\">7.<\/span> <a href=\"https:\/\/neue-herbold.com\/fr\/systemes-devacuation\/\">Syst\u00e8me d\u2019aspiration<\/a><\/h5>\n<p>Pour l\u2019extraction et transportation des mat\u00e9riaux du<br \/> laveur intensif au broyeur suivant<\/p>\n<h5><span style=\"color: #000000;\">8. <\/span><a href=\"https:\/\/neue-herbold.com\/fr\/index-gamme-des-broyeurs\/\">Broyeurs<\/a><\/h5>\n<p><span style=\"color: #000000;\"><a style=\"color: #0000ff;\" href=\"https:\/\/neue-herbold.com\/wp-content\/uploads\/2014\/11\/WA-022.jpg\" target=\"_blank\"><img loading=\"lazy\" decoding=\"async\" class=\"alignleft wp-image-3017\" src=\"https:\/\/neue-herbold.com\/wp-content\/uploads\/2014\/11\/WA-022-295x300.jpg\" alt=\"WA 02\" width=\"270\" height=\"274\" srcset=\"https:\/\/neue-herbold.com\/wp-content\/uploads\/2014\/11\/WA-022-295x300.jpg 295w, https:\/\/neue-herbold.com\/wp-content\/uploads\/2014\/11\/WA-022-1009x1024.jpg 1009w, https:\/\/neue-herbold.com\/wp-content\/uploads\/2014\/11\/WA-022-100x101.jpg 100w, https:\/\/neue-herbold.com\/wp-content\/uploads\/2014\/11\/WA-022-150x152.jpg 150w, https:\/\/neue-herbold.com\/wp-content\/uploads\/2014\/11\/WA-022-200x202.jpg 200w, https:\/\/neue-herbold.com\/wp-content\/uploads\/2014\/11\/WA-022-300x304.jpg 300w, https:\/\/neue-herbold.com\/wp-content\/uploads\/2014\/11\/WA-022-450x456.jpg 450w, https:\/\/neue-herbold.com\/wp-content\/uploads\/2014\/11\/WA-022-600x608.jpg 600w, https:\/\/neue-herbold.com\/wp-content\/uploads\/2014\/11\/WA-022-900x912.jpg 900w, https:\/\/neue-herbold.com\/wp-content\/uploads\/2014\/11\/WA-022.jpg 1200w\" sizes=\"(max-width: 270px) 100vw, 270px\" \/><\/a><\/span><\/p>\n<p>&nbsp;<\/p>\n<p>Pour le broyage <br \/> des mat\u00e9riaux \u00e0 la <br \/> finesse souhait\u00e9e<\/p>\n<p>&nbsp;<\/p>\n<p>&nbsp;<\/p>\n<p>&nbsp;<\/p>\n<p>&nbsp;<\/p>\n<h5><span style=\"color: #000000;\">9. <\/span><a href=\"https:\/\/neue-herbold.com\/fr\/systemes-devacuation\/\">Syst\u00e8me d\u2019aspiration<\/a><\/h5>\n<p>Pour l\u2019extraction des mat\u00e9riaux du broyeur<\/p>\n<h5><span style=\"color: #000000;\">10. <\/span>Bac de s\u00e9paration par flottation <a href=\"https:\/\/neue-herbold.com\/fr\/reservoirs-de-separation-tb\/\">TB<\/a><\/h5>\n<p><a style=\"color: #0000ff;\" href=\"https:\/\/neue-herbold.com\/wp-content\/uploads\/2014\/12\/Schwimm-Sinktank.jpg\" target=\"_blank\"><img loading=\"lazy\" decoding=\"async\" class=\"wp-image-3033 alignleft\" src=\"https:\/\/neue-herbold.com\/wp-content\/uploads\/2014\/12\/Schwimm-Sinktank-300x194.jpg\" alt=\"Schwimm-Sinktank\" width=\"270\" height=\"175\" srcset=\"https:\/\/neue-herbold.com\/wp-content\/uploads\/2014\/12\/Schwimm-Sinktank-300x194.jpg 300w, https:\/\/neue-herbold.com\/wp-content\/uploads\/2014\/12\/Schwimm-Sinktank-1024x663.jpg 1024w, https:\/\/neue-herbold.com\/wp-content\/uploads\/2014\/12\/Schwimm-Sinktank-100x64.jpg 100w, https:\/\/neue-herbold.com\/wp-content\/uploads\/2014\/12\/Schwimm-Sinktank-150x97.jpg 150w, https:\/\/neue-herbold.com\/wp-content\/uploads\/2014\/12\/Schwimm-Sinktank-200x129.jpg 200w, https:\/\/neue-herbold.com\/wp-content\/uploads\/2014\/12\/Schwimm-Sinktank-450x291.jpg 450w, https:\/\/neue-herbold.com\/wp-content\/uploads\/2014\/12\/Schwimm-Sinktank-600x388.jpg 600w, https:\/\/neue-herbold.com\/wp-content\/uploads\/2014\/12\/Schwimm-Sinktank-900x582.jpg 900w, https:\/\/neue-herbold.com\/wp-content\/uploads\/2014\/12\/Schwimm-Sinktank.jpg 1200w\" sizes=\"(max-width: 270px) 100vw, 270px\" \/><\/a><\/p>\n<p>Les bacs de s\u00e9paration par <br \/> flottation sont utilis\u00e9s <br \/> pour la s\u00e9paration des <br \/> mat\u00e9riaux flottants <br \/> (densit\u00e9 &lt; 1, comme PE\/PP) <br \/> des mat\u00e9riaux non-flottants <br \/> (densit\u00e9 &gt;1, comme PET\/PVC).<\/p>\n<p>&nbsp;<\/p>\n<h5><span style=\"color: #000000;\">11. <\/span>Vis r\u00e9partitrice<\/h5>\n<p>Pour le transport et la distribution des mat\u00e9riaux <br \/> aux s\u00e9cheurs m\u00e9caniques suivants<\/p>\n<h5><span style=\"color: #000000;\">12. <\/span>S\u00e9cheur m\u00e9canique type <a href=\"https:\/\/neue-herbold.com\/fr\/secheurs-mecaniques-tm\/\">TM<\/a><\/h5>\n<p><span style=\"color: #000000;\"><a style=\"color: #0000ff;\" href=\"https:\/\/neue-herbold.com\/wp-content\/uploads\/2014\/12\/TM-1006.jpg\" target=\"_blank\"><img loading=\"lazy\" decoding=\"async\" class=\"alignleft wp-image-3023\" src=\"https:\/\/neue-herbold.com\/wp-content\/uploads\/2014\/12\/TM-1006-300x274.jpg\" alt=\"TM 1006\" width=\"270\" height=\"247\" srcset=\"https:\/\/neue-herbold.com\/wp-content\/uploads\/2014\/12\/TM-1006-300x274.jpg 300w, https:\/\/neue-herbold.com\/wp-content\/uploads\/2014\/12\/TM-1006-1024x936.jpg 1024w, https:\/\/neue-herbold.com\/wp-content\/uploads\/2014\/12\/TM-1006-100x91.jpg 100w, https:\/\/neue-herbold.com\/wp-content\/uploads\/2014\/12\/TM-1006-150x137.jpg 150w, https:\/\/neue-herbold.com\/wp-content\/uploads\/2014\/12\/TM-1006-200x183.jpg 200w, https:\/\/neue-herbold.com\/wp-content\/uploads\/2014\/12\/TM-1006-450x411.jpg 450w, https:\/\/neue-herbold.com\/wp-content\/uploads\/2014\/12\/TM-1006-600x549.jpg 600w, https:\/\/neue-herbold.com\/wp-content\/uploads\/2014\/12\/TM-1006-900x823.jpg 900w, https:\/\/neue-herbold.com\/wp-content\/uploads\/2014\/12\/TM-1006.jpg 1200w\" sizes=\"(max-width: 270px) 100vw, 270px\" \/><\/a><\/span><\/p>\n<p>&nbsp;<\/p>\n<p>&nbsp;<\/p>\n<p>Pour le s\u00e9chage m\u00e9chanique <br \/> des surfaces des broy\u00e9es<\/p>\n<p>&nbsp;<\/p>\n<p>&nbsp;<\/p>\n<p>&nbsp;<\/p>\n<p>&nbsp;<\/p>\n<h5><span style=\"color: #000000;\">13. S\u00e9chage thermique type <a style=\"color: #0000ff;\" href=\"https:\/\/neue-herbold.com\/fr\/secheur-thermique-tt\/\" target=\"_blank\">TT<\/a><\/span><\/h5>\n<p><span style=\"color: #000000;\"><a style=\"color: #0000ff;\" href=\"https:\/\/neue-herbold.com\/wp-content\/uploads\/2014\/12\/TT-P1250007.jpg\" target=\"_blank\"><img loading=\"lazy\" decoding=\"async\" class=\"wp-image-3036 alignleft\" src=\"https:\/\/neue-herbold.com\/wp-content\/uploads\/2014\/12\/TT-P1250007.jpg\" alt=\"TT P1250007\" width=\"256\" height=\"362\" srcset=\"https:\/\/neue-herbold.com\/wp-content\/uploads\/2014\/12\/TT-P1250007.jpg 636w, https:\/\/neue-herbold.com\/wp-content\/uploads\/2014\/12\/TT-P1250007-212x300.jpg 212w, https:\/\/neue-herbold.com\/wp-content\/uploads\/2014\/12\/TT-P1250007-100x141.jpg 100w, https:\/\/neue-herbold.com\/wp-content\/uploads\/2014\/12\/TT-P1250007-150x212.jpg 150w, https:\/\/neue-herbold.com\/wp-content\/uploads\/2014\/12\/TT-P1250007-200x283.jpg 200w, https:\/\/neue-herbold.com\/wp-content\/uploads\/2014\/12\/TT-P1250007-300x424.jpg 300w, https:\/\/neue-herbold.com\/wp-content\/uploads\/2014\/12\/TT-P1250007-450x636.jpg 450w, https:\/\/neue-herbold.com\/wp-content\/uploads\/2014\/12\/TT-P1250007-600x849.jpg 600w\" sizes=\"(max-width: 256px) 100vw, 256px\" \/><\/a><\/span><\/p>\n<p>&nbsp;<\/p>\n<p>&nbsp;<\/p>\n<p>&nbsp;<\/p>\n<p>Pour le s\u00e9chage final <br \/> des films \u00e0 une <br \/> humidit\u00e9 r\u00e9siduelle <br \/> moindre que 1% du poids<\/p>\n<p>&nbsp;<\/p>\n<div id=\"attachment_3037\" style=\"width: 810px\" class=\"wp-caption alignleft\"><a style=\"color: #0000ff;\" href=\"https:\/\/neue-herbold.com\/wp-content\/uploads\/2014\/12\/mb_ablaufschema_dsd_folienabfaelle.jpg\" target=\"_blank\"><img loading=\"lazy\" decoding=\"async\" aria-describedby=\"caption-attachment-3037\" class=\"wp-image-3037\" src=\"https:\/\/neue-herbold.com\/wp-content\/uploads\/2014\/12\/mb_ablaufschema_dsd_folienabfaelle.jpg\" alt=\"\" width=\"800\" height=\"352\" srcset=\"https:\/\/neue-herbold.com\/wp-content\/uploads\/2014\/12\/mb_ablaufschema_dsd_folienabfaelle.jpg 671w, https:\/\/neue-herbold.com\/wp-content\/uploads\/2014\/12\/mb_ablaufschema_dsd_folienabfaelle-300x131.jpg 300w, https:\/\/neue-herbold.com\/wp-content\/uploads\/2014\/12\/mb_ablaufschema_dsd_folienabfaelle-100x43.jpg 100w, https:\/\/neue-herbold.com\/wp-content\/uploads\/2014\/12\/mb_ablaufschema_dsd_folienabfaelle-150x65.jpg 150w, https:\/\/neue-herbold.com\/wp-content\/uploads\/2014\/12\/mb_ablaufschema_dsd_folienabfaelle-200x87.jpg 200w, https:\/\/neue-herbold.com\/wp-content\/uploads\/2014\/12\/mb_ablaufschema_dsd_folienabfaelle-450x197.jpg 450w, https:\/\/neue-herbold.com\/wp-content\/uploads\/2014\/12\/mb_ablaufschema_dsd_folienabfaelle-600x263.jpg 600w\" sizes=\"(max-width: 800px) 100vw, 800px\" \/><\/a><p id=\"caption-attachment-3037\" class=\"wp-caption-text\">Sch\u00e9ma de traitement des d\u00e9chets de films post-consommateur<\/p><\/div>\n<p>&nbsp;<\/p>\n","protected":false},"excerpt":{"rendered":"<p><strong>Pr\u00e9misse indispensable pour \u00e9tablir une ligne de r\u00e9cyclage, c\u2019est une d\u00e9termination d\u00e9taill\u00e9e de sa t\u00e2che: <br \/> <\/strong><\/p>\n<ul>\n<li>La d\u00e9finition des pollutions pr\u00e9sentes<\/li>\n<li>La d\u00e9finition concernant la poursuite de l\u2019utilisation des mat\u00e9riaux recycl\u00e9s<\/li>\n<\/ul>\n<p>Sur cette base,<\/p>\n<p><span class=\"ellipsis\">&hellip;<\/span><\/p>\n<div class=\"read-more\"><a href=\"https:\/\/neue-herbold.com\/fr\/recyclage-des-dechets-des-films-en-pe-pp\/\">Lire la suite &#8250;<\/a><\/div>\n<p><!-- end of .read-more --><\/p>\n","protected":false},"author":1,"featured_media":0,"parent":0,"menu_order":0,"comment_status":"closed","ping_status":"closed","template":"","meta":{"footnotes":""},"class_list":["post-8589","page","type-page","status-publish","hentry"],"yoast_head":"<!-- This site is optimized with the Yoast SEO plugin v25.4 - https:\/\/yoast.com\/wordpress\/plugins\/seo\/ -->\n<title>Recyclage des d\u00e9chets des films en PE\/PP - Neue Herbold GmbH<\/title>\n<meta name=\"description\" content=\"Pr\u00e9misse indispensable pour \u00e9tablir une ligne de Recyclage des d\u00e9chets des films, c\u2019est une d\u00e9termination d\u00e9taill\u00e9e de sa t\u00e2che:\" \/>\n<meta name=\"robots\" content=\"index, follow, max-snippet:-1, max-image-preview:large, max-video-preview:-1\" \/>\n<link rel=\"canonical\" href=\"https:\/\/neue-herbold.com\/fr\/recyclage-des-dechets-des-films-en-pe-pp\/\" \/>\n<meta property=\"og:locale\" content=\"fr_FR\" \/>\n<meta property=\"og:type\" content=\"article\" \/>\n<meta property=\"og:title\" content=\"Recyclage des d\u00e9chets des films en PE\/PP - Neue Herbold GmbH\" \/>\n<meta property=\"og:description\" content=\"Pr\u00e9misse indispensable pour \u00e9tablir une ligne de Recyclage des d\u00e9chets des films, c\u2019est une d\u00e9termination d\u00e9taill\u00e9e de sa t\u00e2che:\" \/>\n<meta property=\"og:url\" content=\"https:\/\/neue-herbold.com\/fr\/recyclage-des-dechets-des-films-en-pe-pp\/\" \/>\n<meta property=\"og:site_name\" content=\"Neue Herbold GmbH\" \/>\n<meta property=\"article:modified_time\" content=\"2016-06-03T20:40:34+00:00\" \/>\n<meta property=\"og:image\" content=\"https:\/\/neue-herbold.com\/wp-content\/uploads\/2014\/12\/HZR-1300-1-1024x785.jpg\" \/>\n<meta name=\"twitter:label1\" content=\"Dur\u00e9e de lecture estim\u00e9e\" \/>\n\t<meta name=\"twitter:data1\" content=\"2 minutes\" \/>\n<script type=\"application\/ld+json\" class=\"yoast-schema-graph\">{\"@context\":\"https:\/\/schema.org\",\"@graph\":[{\"@type\":\"WebPage\",\"@id\":\"https:\/\/neue-herbold.com\/fr\/recyclage-des-dechets-des-films-en-pe-pp\/\",\"url\":\"https:\/\/neue-herbold.com\/fr\/recyclage-des-dechets-des-films-en-pe-pp\/\",\"name\":\"Recyclage des d\u00e9chets des films en PE\/PP - Neue Herbold GmbH\",\"isPartOf\":{\"@id\":\"https:\/\/neue-herbold.com\/en\/#website\"},\"primaryImageOfPage\":{\"@id\":\"https:\/\/neue-herbold.com\/fr\/recyclage-des-dechets-des-films-en-pe-pp\/#primaryimage\"},\"image\":{\"@id\":\"https:\/\/neue-herbold.com\/fr\/recyclage-des-dechets-des-films-en-pe-pp\/#primaryimage\"},\"thumbnailUrl\":\"https:\/\/neue-herbold.com\/wp-content\/uploads\/2014\/12\/HZR-1300-1-1024x785.jpg\",\"datePublished\":\"2016-06-03T20:16:58+00:00\",\"dateModified\":\"2016-06-03T20:40:34+00:00\",\"description\":\"Pr\u00e9misse indispensable pour \u00e9tablir une ligne de Recyclage des d\u00e9chets des films, c\u2019est une d\u00e9termination d\u00e9taill\u00e9e de sa t\u00e2che:\",\"breadcrumb\":{\"@id\":\"https:\/\/neue-herbold.com\/fr\/recyclage-des-dechets-des-films-en-pe-pp\/#breadcrumb\"},\"inLanguage\":\"fr-FR\",\"potentialAction\":[{\"@type\":\"ReadAction\",\"target\":[\"https:\/\/neue-herbold.com\/fr\/recyclage-des-dechets-des-films-en-pe-pp\/\"]}]},{\"@type\":\"ImageObject\",\"inLanguage\":\"fr-FR\",\"@id\":\"https:\/\/neue-herbold.com\/fr\/recyclage-des-dechets-des-films-en-pe-pp\/#primaryimage\",\"url\":\"https:\/\/neue-herbold.com\/wp-content\/uploads\/2014\/12\/HZR-1300-1-1024x785.jpg\",\"contentUrl\":\"https:\/\/neue-herbold.com\/wp-content\/uploads\/2014\/12\/HZR-1300-1-1024x785.jpg\"},{\"@type\":\"BreadcrumbList\",\"@id\":\"https:\/\/neue-herbold.com\/fr\/recyclage-des-dechets-des-films-en-pe-pp\/#breadcrumb\",\"itemListElement\":[{\"@type\":\"ListItem\",\"position\":1,\"name\":\"Startseite\",\"item\":\"https:\/\/neue-herbold.com\/fr\/\"},{\"@type\":\"ListItem\",\"position\":2,\"name\":\"Recyclage des d\u00e9chets des films en PE\/PP\"}]},{\"@type\":\"WebSite\",\"@id\":\"https:\/\/neue-herbold.com\/en\/#website\",\"url\":\"https:\/\/neue-herbold.com\/en\/\",\"name\":\"Neue Herbold GmbH\",\"description\":\"\",\"potentialAction\":[{\"@type\":\"SearchAction\",\"target\":{\"@type\":\"EntryPoint\",\"urlTemplate\":\"https:\/\/neue-herbold.com\/en\/?s={search_term_string}\"},\"query-input\":{\"@type\":\"PropertyValueSpecification\",\"valueRequired\":true,\"valueName\":\"search_term_string\"}}],\"inLanguage\":\"fr-FR\"}]}<\/script>\n<!-- \/ Yoast SEO plugin. -->","yoast_head_json":{"title":"Recyclage des d\u00e9chets des films en PE\/PP - Neue Herbold GmbH","description":"Pr\u00e9misse indispensable pour \u00e9tablir une ligne de Recyclage des d\u00e9chets des films, c\u2019est une d\u00e9termination d\u00e9taill\u00e9e de sa t\u00e2che:","robots":{"index":"index","follow":"follow","max-snippet":"max-snippet:-1","max-image-preview":"max-image-preview:large","max-video-preview":"max-video-preview:-1"},"canonical":"https:\/\/neue-herbold.com\/fr\/recyclage-des-dechets-des-films-en-pe-pp\/","og_locale":"fr_FR","og_type":"article","og_title":"Recyclage des d\u00e9chets des films en PE\/PP - Neue Herbold GmbH","og_description":"Pr\u00e9misse indispensable pour \u00e9tablir une ligne de Recyclage des d\u00e9chets des films, c\u2019est une d\u00e9termination d\u00e9taill\u00e9e de sa t\u00e2che:","og_url":"https:\/\/neue-herbold.com\/fr\/recyclage-des-dechets-des-films-en-pe-pp\/","og_site_name":"Neue Herbold GmbH","article_modified_time":"2016-06-03T20:40:34+00:00","og_image":[{"url":"https:\/\/neue-herbold.com\/wp-content\/uploads\/2014\/12\/HZR-1300-1-1024x785.jpg","type":"","width":"","height":""}],"twitter_misc":{"Dur\u00e9e de lecture estim\u00e9e":"2 minutes"},"schema":{"@context":"https:\/\/schema.org","@graph":[{"@type":"WebPage","@id":"https:\/\/neue-herbold.com\/fr\/recyclage-des-dechets-des-films-en-pe-pp\/","url":"https:\/\/neue-herbold.com\/fr\/recyclage-des-dechets-des-films-en-pe-pp\/","name":"Recyclage des d\u00e9chets des films en PE\/PP - Neue Herbold GmbH","isPartOf":{"@id":"https:\/\/neue-herbold.com\/en\/#website"},"primaryImageOfPage":{"@id":"https:\/\/neue-herbold.com\/fr\/recyclage-des-dechets-des-films-en-pe-pp\/#primaryimage"},"image":{"@id":"https:\/\/neue-herbold.com\/fr\/recyclage-des-dechets-des-films-en-pe-pp\/#primaryimage"},"thumbnailUrl":"https:\/\/neue-herbold.com\/wp-content\/uploads\/2014\/12\/HZR-1300-1-1024x785.jpg","datePublished":"2016-06-03T20:16:58+00:00","dateModified":"2016-06-03T20:40:34+00:00","description":"Pr\u00e9misse indispensable pour \u00e9tablir une ligne de Recyclage des d\u00e9chets des films, c\u2019est une d\u00e9termination d\u00e9taill\u00e9e de sa t\u00e2che:","breadcrumb":{"@id":"https:\/\/neue-herbold.com\/fr\/recyclage-des-dechets-des-films-en-pe-pp\/#breadcrumb"},"inLanguage":"fr-FR","potentialAction":[{"@type":"ReadAction","target":["https:\/\/neue-herbold.com\/fr\/recyclage-des-dechets-des-films-en-pe-pp\/"]}]},{"@type":"ImageObject","inLanguage":"fr-FR","@id":"https:\/\/neue-herbold.com\/fr\/recyclage-des-dechets-des-films-en-pe-pp\/#primaryimage","url":"https:\/\/neue-herbold.com\/wp-content\/uploads\/2014\/12\/HZR-1300-1-1024x785.jpg","contentUrl":"https:\/\/neue-herbold.com\/wp-content\/uploads\/2014\/12\/HZR-1300-1-1024x785.jpg"},{"@type":"BreadcrumbList","@id":"https:\/\/neue-herbold.com\/fr\/recyclage-des-dechets-des-films-en-pe-pp\/#breadcrumb","itemListElement":[{"@type":"ListItem","position":1,"name":"Startseite","item":"https:\/\/neue-herbold.com\/fr\/"},{"@type":"ListItem","position":2,"name":"Recyclage des d\u00e9chets des films en PE\/PP"}]},{"@type":"WebSite","@id":"https:\/\/neue-herbold.com\/en\/#website","url":"https:\/\/neue-herbold.com\/en\/","name":"Neue Herbold GmbH","description":"","potentialAction":[{"@type":"SearchAction","target":{"@type":"EntryPoint","urlTemplate":"https:\/\/neue-herbold.com\/en\/?s={search_term_string}"},"query-input":{"@type":"PropertyValueSpecification","valueRequired":true,"valueName":"search_term_string"}}],"inLanguage":"fr-FR"}]}},"_links":{"self":[{"href":"https:\/\/neue-herbold.com\/fr\/wp-json\/wp\/v2\/pages\/8589"}],"collection":[{"href":"https:\/\/neue-herbold.com\/fr\/wp-json\/wp\/v2\/pages"}],"about":[{"href":"https:\/\/neue-herbold.com\/fr\/wp-json\/wp\/v2\/types\/page"}],"author":[{"embeddable":true,"href":"https:\/\/neue-herbold.com\/fr\/wp-json\/wp\/v2\/users\/1"}],"replies":[{"embeddable":true,"href":"https:\/\/neue-herbold.com\/fr\/wp-json\/wp\/v2\/comments?post=8589"}],"version-history":[{"count":3,"href":"https:\/\/neue-herbold.com\/fr\/wp-json\/wp\/v2\/pages\/8589\/revisions"}],"predecessor-version":[{"id":8600,"href":"https:\/\/neue-herbold.com\/fr\/wp-json\/wp\/v2\/pages\/8589\/revisions\/8600"}],"wp:attachment":[{"href":"https:\/\/neue-herbold.com\/fr\/wp-json\/wp\/v2\/media?parent=8589"}],"curies":[{"name":"wp","href":"https:\/\/api.w.org\/{rel}","templated":true}]}}