{"id":8564,"date":"2016-06-03T21:50:44","date_gmt":"2016-06-03T19:50:44","guid":{"rendered":"https:\/\/neue-herbold.com\/fr\/recycling-getraenkekaesten-pe-pp\/"},"modified":"2016-06-03T22:06:21","modified_gmt":"2016-06-03T20:06:21","slug":"recyclage-des-caisses-de-boissons-en-pe-pp","status":"publish","type":"page","link":"https:\/\/neue-herbold.com\/fr\/recyclage-des-caisses-de-boissons-en-pe-pp\/","title":{"rendered":"Recyclage des caisses de boissons en PE\/PP"},"content":{"rendered":"<p><strong>Pr\u00e9misse indispensable pour \u00e9tablir une ligne de r\u00e9cyclage, c\u2019est une d\u00e9termination d\u00e9taill\u00e9e de sa t\u00e2che.<\/strong><\/p>\n<p>La d\u00e9finition des pollutions pr\u00e9sentes<\/p>\n<p>La d\u00e9finition concernant la poursuite de l\u2019utilisation des mat\u00e9riaux recycl\u00e9s<\/p>\n<p>Sur cette base, nous composons la ligne selon la principe de la construction modulaire.<\/p>\n<p><strong>Example d\u2019une ligne pour le recyclage des caisses de boissons en PE\/PP :<\/strong><\/p>\n<h5><strong>1. Convoyeur-tampon <\/strong><\/h5>\n<p>Pour le stockage et convoyage continu des mat\u00e9riaux \u00e0 la d\u00e9chiqueteuse suivante<\/p>\n<h5><strong>2. Convoyeur \u00e0 bande inclin\u00e9<\/strong><\/h5>\n<p>Pour l\u2019alimentation de la d\u00e9chiqueteuse<\/p>\n<h5><strong>3. D\u00e9chiqueteuse<\/strong><\/h5>\n<p>Pour le pr\u00e9broyage des caisses \u00e0 une taille d\u2019environ 30-50 mm<\/p>\n<p>&nbsp;<\/p>\n<div id=\"attachment_2902\" style=\"width: 290px\" class=\"wp-caption alignnone\"><a href=\"https:\/\/neue-herbold.com\/wp-content\/uploads\/2014\/12\/HZR-1300-1.jpg\" target=\"_blank\"><img loading=\"lazy\" decoding=\"async\" aria-describedby=\"caption-attachment-2902\" class=\"wp-image-2902\" src=\"https:\/\/neue-herbold.com\/wp-content\/uploads\/2014\/12\/HZR-1300-1-1024x785.jpg\" alt=\"Recyclage des caisses de boissons en PE\/PP\" width=\"280\" height=\"214\" srcset=\"https:\/\/neue-herbold.com\/wp-content\/uploads\/2014\/12\/HZR-1300-1-1024x785.jpg 1024w, https:\/\/neue-herbold.com\/wp-content\/uploads\/2014\/12\/HZR-1300-1-300x230.jpg 300w, https:\/\/neue-herbold.com\/wp-content\/uploads\/2014\/12\/HZR-1300-1-100x76.jpg 100w, https:\/\/neue-herbold.com\/wp-content\/uploads\/2014\/12\/HZR-1300-1-150x115.jpg 150w, https:\/\/neue-herbold.com\/wp-content\/uploads\/2014\/12\/HZR-1300-1-200x153.jpg 200w, https:\/\/neue-herbold.com\/wp-content\/uploads\/2014\/12\/HZR-1300-1-450x345.jpg 450w, https:\/\/neue-herbold.com\/wp-content\/uploads\/2014\/12\/HZR-1300-1-600x460.jpg 600w, https:\/\/neue-herbold.com\/wp-content\/uploads\/2014\/12\/HZR-1300-1-900x690.jpg 900w, https:\/\/neue-herbold.com\/wp-content\/uploads\/2014\/12\/HZR-1300-1.jpg 1182w\" sizes=\"(max-width: 280px) 100vw, 280px\" \/><\/a><p id=\"caption-attachment-2902\" class=\"wp-caption-text\">D\u00e9chiqueteuse \u00e0 un axe HZR 1300 \/ 1<\/p><\/div>\n<h5><strong>4. Bande convoyeur<\/strong><\/h5>\n<p>Pour le transport des mat\u00e9riaux pr\u00e9broy\u00e9s au silo tampon<\/p>\n<h5><strong>5. Silo tampon type <a href=\"https:\/\/neue-herbold.com\/fr\/silos-a-film-fs\/\">FS<\/a><\/strong><\/h5>\n<p>Pour le stockage interm\u00e9diaire des mat\u00e9riaux et le transport dos\u00e9 aux syst\u00e8mes poursuivants<\/p>\n<p><a href=\"https:\/\/neue-herbold.com\/wp-content\/uploads\/2014\/12\/Wasch-Foliensilo-BR.jpg\" target=\"_blank\"><img loading=\"lazy\" decoding=\"async\" class=\"alignnone wp-image-3089 \" src=\"https:\/\/neue-herbold.com\/wp-content\/uploads\/2014\/12\/Wasch-Foliensilo-BR-300x225.jpg\" alt=\"GEDSC DIGITAL CAMERA\" width=\"284\" height=\"213\" srcset=\"https:\/\/neue-herbold.com\/wp-content\/uploads\/2014\/12\/Wasch-Foliensilo-BR-300x225.jpg 300w, https:\/\/neue-herbold.com\/wp-content\/uploads\/2014\/12\/Wasch-Foliensilo-BR-1024x768.jpg 1024w, https:\/\/neue-herbold.com\/wp-content\/uploads\/2014\/12\/Wasch-Foliensilo-BR-100x75.jpg 100w, https:\/\/neue-herbold.com\/wp-content\/uploads\/2014\/12\/Wasch-Foliensilo-BR-150x112.jpg 150w, https:\/\/neue-herbold.com\/wp-content\/uploads\/2014\/12\/Wasch-Foliensilo-BR-200x150.jpg 200w, https:\/\/neue-herbold.com\/wp-content\/uploads\/2014\/12\/Wasch-Foliensilo-BR-450x337.jpg 450w, https:\/\/neue-herbold.com\/wp-content\/uploads\/2014\/12\/Wasch-Foliensilo-BR-600x450.jpg 600w, https:\/\/neue-herbold.com\/wp-content\/uploads\/2014\/12\/Wasch-Foliensilo-BR-900x675.jpg 900w, https:\/\/neue-herbold.com\/wp-content\/uploads\/2014\/12\/Wasch-Foliensilo-BR.jpg 1200w\" sizes=\"(max-width: 284px) 100vw, 284px\" \/><\/a><\/p>\n<h5><strong>6. Vis de trempage \/ vis de pr\u00e9lavage<\/strong><\/h5>\n<p>Pour la s\u00e9paration des impuret\u00e9s comme verre, m\u00e9taux et pierres ; pour l\u2019augmentation de la qualit\u00e9 des broy\u00e9s et pour la protection du broyeur poursuivant aussi que du s\u00e9cheur m\u00e9chanique<\/p>\n<p>&nbsp;<\/p>\n<p><a href=\"https:\/\/neue-herbold.com\/wp-content\/uploads\/2014\/12\/Einweichschnecke.jpg\" target=\"_blank\"><img loading=\"lazy\" decoding=\"async\" class=\"alignnone wp-image-3040\" src=\"https:\/\/neue-herbold.com\/wp-content\/uploads\/2014\/12\/Einweichschnecke-298x300.jpg\" alt=\"OLYMPUS DIGITAL CAMERA\" width=\"272\" height=\"274\" srcset=\"https:\/\/neue-herbold.com\/wp-content\/uploads\/2014\/12\/Einweichschnecke-298x300.jpg 298w, https:\/\/neue-herbold.com\/wp-content\/uploads\/2014\/12\/Einweichschnecke-1018x1024.jpg 1018w, https:\/\/neue-herbold.com\/wp-content\/uploads\/2014\/12\/Einweichschnecke-100x100.jpg 100w, https:\/\/neue-herbold.com\/wp-content\/uploads\/2014\/12\/Einweichschnecke-150x150.jpg 150w, https:\/\/neue-herbold.com\/wp-content\/uploads\/2014\/12\/Einweichschnecke-200x201.jpg 200w, https:\/\/neue-herbold.com\/wp-content\/uploads\/2014\/12\/Einweichschnecke-300x301.jpg 300w, https:\/\/neue-herbold.com\/wp-content\/uploads\/2014\/12\/Einweichschnecke-450x452.jpg 450w, https:\/\/neue-herbold.com\/wp-content\/uploads\/2014\/12\/Einweichschnecke-600x603.jpg 600w, https:\/\/neue-herbold.com\/wp-content\/uploads\/2014\/12\/Einweichschnecke-900x904.jpg 900w, https:\/\/neue-herbold.com\/wp-content\/uploads\/2014\/12\/Einweichschnecke.jpg 1200w\" sizes=\"(max-width: 272px) 100vw, 272px\" \/><\/a><\/p>\n<h5><strong>7. Vis de transport<\/strong><\/h5>\n<p>Pour la d\u00e9shydratation et le convoyage des mat\u00e9riaux pr\u00e9broy\u00e9s au broyeur<\/p>\n<p><a href=\"https:\/\/neue-herbold.com\/wp-content\/uploads\/2014\/12\/Transportschnecke-2.jpg\" target=\"_blank\"><img loading=\"lazy\" decoding=\"async\" class=\"alignnone wp-image-3112\" src=\"https:\/\/neue-herbold.com\/wp-content\/uploads\/2014\/12\/Transportschnecke-2-300x228.jpg\" alt=\"Transportschnecke 2\" width=\"282\" height=\"214\" srcset=\"https:\/\/neue-herbold.com\/wp-content\/uploads\/2014\/12\/Transportschnecke-2-300x228.jpg 300w, https:\/\/neue-herbold.com\/wp-content\/uploads\/2014\/12\/Transportschnecke-2-1024x779.jpg 1024w, https:\/\/neue-herbold.com\/wp-content\/uploads\/2014\/12\/Transportschnecke-2-100x76.jpg 100w, https:\/\/neue-herbold.com\/wp-content\/uploads\/2014\/12\/Transportschnecke-2-150x114.jpg 150w, https:\/\/neue-herbold.com\/wp-content\/uploads\/2014\/12\/Transportschnecke-2-200x152.jpg 200w, https:\/\/neue-herbold.com\/wp-content\/uploads\/2014\/12\/Transportschnecke-2-450x342.jpg 450w, https:\/\/neue-herbold.com\/wp-content\/uploads\/2014\/12\/Transportschnecke-2-600x457.jpg 600w, https:\/\/neue-herbold.com\/wp-content\/uploads\/2014\/12\/Transportschnecke-2-900x685.jpg 900w, https:\/\/neue-herbold.com\/wp-content\/uploads\/2014\/12\/Transportschnecke-2.jpg 1200w\" sizes=\"(max-width: 282px) 100vw, 282px\" \/><\/a><\/p>\n<h5><strong>8. <a href=\"https:\/\/neue-herbold.com\/fr\/index-gamme-des-broyeurs\/\">Broyeur<\/a><\/strong><\/h5>\n<p>Pour le broyage des mat\u00e9riaux \u00e0 une taille du grain environ 10 mm<\/p>\n<p>&nbsp;<\/p>\n<p><a href=\"https:\/\/neue-herbold.com\/wp-content\/uploads\/2014\/12\/SM1200-800-wei\u00df.jpg\" target=\"_blank\"><img loading=\"lazy\" decoding=\"async\" class=\"alignnone wp-image-3085 size-medium\" src=\"https:\/\/neue-herbold.com\/wp-content\/uploads\/2014\/12\/SM1200-800-wei\u00df-194x300.jpg\" alt=\"SM1200-800-wei\u00df\" width=\"194\" height=\"300\" srcset=\"https:\/\/neue-herbold.com\/wp-content\/uploads\/2014\/12\/SM1200-800-wei\u00df-194x300.jpg 194w, https:\/\/neue-herbold.com\/wp-content\/uploads\/2014\/12\/SM1200-800-wei\u00df-100x154.jpg 100w, https:\/\/neue-herbold.com\/wp-content\/uploads\/2014\/12\/SM1200-800-wei\u00df-150x231.jpg 150w, https:\/\/neue-herbold.com\/wp-content\/uploads\/2014\/12\/SM1200-800-wei\u00df-200x308.jpg 200w, https:\/\/neue-herbold.com\/wp-content\/uploads\/2014\/12\/SM1200-800-wei\u00df-300x463.jpg 300w, https:\/\/neue-herbold.com\/wp-content\/uploads\/2014\/12\/SM1200-800-wei\u00df-450x694.jpg 450w, https:\/\/neue-herbold.com\/wp-content\/uploads\/2014\/12\/SM1200-800-wei\u00df.jpg 583w\" sizes=\"(max-width: 194px) 100vw, 194px\" \/><\/a><\/p>\n<h5><strong>9. Syst\u00e8me d\u2019aspiration<\/strong><\/h5>\n<p>Pour le transport des mat\u00e9riaux du broyeur<\/p>\n<h5><strong>10. S\u00e9cheur m\u00e9canique type <a href=\"https:\/\/neue-herbold.com\/fr\/secheurs-mecaniques-tm\/\">TM<\/a><\/strong><\/h5>\n<p>Pour le s\u00e9chage m\u00e9canique des surfaces des mat\u00e9riaux<\/p>\n<p><a href=\"https:\/\/neue-herbold.com\/wp-content\/uploads\/2014\/12\/TM-1006.jpg\" target=\"_blank\"><img loading=\"lazy\" decoding=\"async\" class=\"alignnone wp-image-3023\" src=\"https:\/\/neue-herbold.com\/wp-content\/uploads\/2014\/12\/TM-1006-300x274.jpg\" alt=\"TM 1006\" width=\"255\" height=\"249\" \/><\/a><\/p>\n<h5><span style=\"color: #000000;\"><strong>11. S\u00e9chage thermique type <a href=\"https:\/\/neue-herbold.com\/fr\/secheur-thermique-tt\/\">TT<\/a><\/strong> <\/span><\/h5>\n<p>Pour le s\u00e9chage final des mat\u00e9riaux \u00e0 une humidit\u00e9 r\u00e9siliante moindre que 1% des poids<\/p>\n<p>&nbsp;<\/p>\n<p><a href=\"https:\/\/neue-herbold.com\/wp-content\/uploads\/2014\/12\/TT-P1250007.jpg\" target=\"_blank\"><img loading=\"lazy\" decoding=\"async\" class=\"alignnone wp-image-3036 size-medium\" src=\"https:\/\/neue-herbold.com\/wp-content\/uploads\/2014\/12\/TT-P1250007-212x300.jpg\" alt=\"TT P1250007\" width=\"212\" height=\"300\" srcset=\"https:\/\/neue-herbold.com\/wp-content\/uploads\/2014\/12\/TT-P1250007-212x300.jpg 212w, https:\/\/neue-herbold.com\/wp-content\/uploads\/2014\/12\/TT-P1250007-100x141.jpg 100w, https:\/\/neue-herbold.com\/wp-content\/uploads\/2014\/12\/TT-P1250007-150x212.jpg 150w, https:\/\/neue-herbold.com\/wp-content\/uploads\/2014\/12\/TT-P1250007-200x283.jpg 200w, https:\/\/neue-herbold.com\/wp-content\/uploads\/2014\/12\/TT-P1250007-300x424.jpg 300w, https:\/\/neue-herbold.com\/wp-content\/uploads\/2014\/12\/TT-P1250007-450x636.jpg 450w, https:\/\/neue-herbold.com\/wp-content\/uploads\/2014\/12\/TT-P1250007-600x849.jpg 600w, https:\/\/neue-herbold.com\/wp-content\/uploads\/2014\/12\/TT-P1250007.jpg 636w\" sizes=\"(max-width: 212px) 100vw, 212px\" \/><\/a><\/p>\n<h5><strong>12. Convoyage pneupatique \/ station BigBag<\/strong><\/h5>\n<p>Pour le transport des mat\u00e9riaux et leur mise en BigBags<\/p>\n<h5><strong>13. Pompe aux eaux sales<\/strong><\/h5>\n<p>Pour le transport des eaux sales \u00e0 l\u2019appareil de tamisage<\/p>\n<h5><strong>14. Tamis oscillant type <a href=\"https:\/\/neue-herbold.com\/fr\/tamis-oscillant-tsm\/\">TSM<\/a><\/strong><\/h5>\n<p>Pour le tamisage des particules en suspension et des r\u00e9siliants des eaux sales, avant de les faire sortir dans la canalisation<\/p>\n<p><a href=\"https:\/\/neue-herbold.com\/wp-content\/uploads\/2014\/12\/Taumelsiebmaschine.jpg\" target=\"_blank\"><img loading=\"lazy\" decoding=\"async\" class=\"alignnone wp-image-3067 size-full\" src=\"https:\/\/neue-herbold.com\/wp-content\/uploads\/2014\/12\/Taumelsiebmaschine.jpg\" alt=\"\" width=\"255\" height=\"187\" srcset=\"https:\/\/neue-herbold.com\/wp-content\/uploads\/2014\/12\/Taumelsiebmaschine.jpg 255w, https:\/\/neue-herbold.com\/wp-content\/uploads\/2014\/12\/Taumelsiebmaschine-100x73.jpg 100w, https:\/\/neue-herbold.com\/wp-content\/uploads\/2014\/12\/Taumelsiebmaschine-150x110.jpg 150w, https:\/\/neue-herbold.com\/wp-content\/uploads\/2014\/12\/Taumelsiebmaschine-200x146.jpg 200w\" sizes=\"(max-width: 255px) 100vw, 255px\" \/><\/a><\/p>\n<h5><strong>Sch\u00e9ma de traitement des caisse:<\/strong><\/h5>\n<p><a href=\"https:\/\/neue-herbold.com\/wp-content\/uploads\/2014\/12\/Fliesschema-Getraenkekaesten.jpg\" target=\"_blank\"><img loading=\"lazy\" decoding=\"async\" class=\"alignnone wp-image-6103\" src=\"https:\/\/neue-herbold.com\/wp-content\/uploads\/2014\/12\/Fliesschema-Getraenkekaesten.jpg\" alt=\"\" width=\"680\" height=\"425\" srcset=\"https:\/\/neue-herbold.com\/wp-content\/uploads\/2014\/12\/Fliesschema-Getraenkekaesten.jpg 1200w, https:\/\/neue-herbold.com\/wp-content\/uploads\/2014\/12\/Fliesschema-Getraenkekaesten-300x188.jpg 300w, https:\/\/neue-herbold.com\/wp-content\/uploads\/2014\/12\/Fliesschema-Getraenkekaesten-1024x640.jpg 1024w, https:\/\/neue-herbold.com\/wp-content\/uploads\/2014\/12\/Fliesschema-Getraenkekaesten-100x63.jpg 100w, https:\/\/neue-herbold.com\/wp-content\/uploads\/2014\/12\/Fliesschema-Getraenkekaesten-150x94.jpg 150w, https:\/\/neue-herbold.com\/wp-content\/uploads\/2014\/12\/Fliesschema-Getraenkekaesten-200x125.jpg 200w, https:\/\/neue-herbold.com\/wp-content\/uploads\/2014\/12\/Fliesschema-Getraenkekaesten-450x281.jpg 450w, https:\/\/neue-herbold.com\/wp-content\/uploads\/2014\/12\/Fliesschema-Getraenkekaesten-600x375.jpg 600w, https:\/\/neue-herbold.com\/wp-content\/uploads\/2014\/12\/Fliesschema-Getraenkekaesten-900x563.jpg 900w\" sizes=\"(max-width: 680px) 100vw, 680px\" \/><\/a><\/p>\n","protected":false},"excerpt":{"rendered":"<p><strong>Pr\u00e9misse indispensable pour \u00e9tablir une ligne de r\u00e9cyclage, c\u2019est une d\u00e9termination d\u00e9taill\u00e9e de sa t\u00e2che.<\/strong><\/p>\n<p>La d\u00e9finition des pollutions pr\u00e9sentes<\/p>\n<p>La d\u00e9finition concernant la poursuite de l\u2019utilisation des mat\u00e9riaux recycl\u00e9s<\/p>\n<p>Sur cette base,<\/p>\n<p><span class=\"ellipsis\">&hellip;<\/span><\/p>\n<div class=\"read-more\"><a href=\"https:\/\/neue-herbold.com\/fr\/recyclage-des-caisses-de-boissons-en-pe-pp\/\">Lire la suite &#8250;<\/a><\/div>\n<p><!-- end of .read-more --><\/p>\n","protected":false},"author":1,"featured_media":0,"parent":0,"menu_order":0,"comment_status":"closed","ping_status":"closed","template":"","meta":{"footnotes":""},"class_list":["post-8564","page","type-page","status-publish","hentry"],"yoast_head":"<!-- This site is optimized with the Yoast SEO plugin v25.4 - https:\/\/yoast.com\/wordpress\/plugins\/seo\/ -->\n<title>Recyclage des caisses de boissons en PE\/PP - Neue Herbold GmbH<\/title>\n<meta name=\"description\" content=\"Pr\u00e9misse indispensable pour \u00e9tablir un ligne de Recyclage des caisses de boissons, c\u2019est une d\u00e9termination d\u00e9taill\u00e9e de sa t\u00e2che. Pour la recyclage des\" \/>\n<meta name=\"robots\" content=\"index, follow, max-snippet:-1, max-image-preview:large, max-video-preview:-1\" \/>\n<link rel=\"canonical\" href=\"https:\/\/neue-herbold.com\/fr\/recyclage-des-caisses-de-boissons-en-pe-pp\/\" \/>\n<meta property=\"og:locale\" content=\"fr_FR\" \/>\n<meta property=\"og:type\" content=\"article\" \/>\n<meta property=\"og:title\" content=\"Recyclage des caisses de boissons en PE\/PP - Neue Herbold GmbH\" \/>\n<meta property=\"og:description\" content=\"Pr\u00e9misse indispensable pour \u00e9tablir un ligne de Recyclage des caisses de boissons, c\u2019est une d\u00e9termination d\u00e9taill\u00e9e de sa t\u00e2che. Pour la recyclage des\" \/>\n<meta property=\"og:url\" content=\"https:\/\/neue-herbold.com\/fr\/recyclage-des-caisses-de-boissons-en-pe-pp\/\" \/>\n<meta property=\"og:site_name\" content=\"Neue Herbold GmbH\" \/>\n<meta property=\"article:modified_time\" content=\"2016-06-03T20:06:21+00:00\" \/>\n<meta property=\"og:image\" content=\"https:\/\/neue-herbold.com\/wp-content\/uploads\/2014\/12\/HZR-1300-1-1024x785.jpg\" \/>\n<meta name=\"twitter:label1\" content=\"Dur\u00e9e de lecture estim\u00e9e\" \/>\n\t<meta name=\"twitter:data1\" content=\"2 minutes\" \/>\n<script type=\"application\/ld+json\" class=\"yoast-schema-graph\">{\"@context\":\"https:\/\/schema.org\",\"@graph\":[{\"@type\":\"WebPage\",\"@id\":\"https:\/\/neue-herbold.com\/fr\/recyclage-des-caisses-de-boissons-en-pe-pp\/\",\"url\":\"https:\/\/neue-herbold.com\/fr\/recyclage-des-caisses-de-boissons-en-pe-pp\/\",\"name\":\"Recyclage des caisses de boissons en PE\/PP - Neue Herbold GmbH\",\"isPartOf\":{\"@id\":\"https:\/\/neue-herbold.com\/en\/#website\"},\"primaryImageOfPage\":{\"@id\":\"https:\/\/neue-herbold.com\/fr\/recyclage-des-caisses-de-boissons-en-pe-pp\/#primaryimage\"},\"image\":{\"@id\":\"https:\/\/neue-herbold.com\/fr\/recyclage-des-caisses-de-boissons-en-pe-pp\/#primaryimage\"},\"thumbnailUrl\":\"https:\/\/neue-herbold.com\/wp-content\/uploads\/2014\/12\/HZR-1300-1-1024x785.jpg\",\"datePublished\":\"2016-06-03T19:50:44+00:00\",\"dateModified\":\"2016-06-03T20:06:21+00:00\",\"description\":\"Pr\u00e9misse indispensable pour \u00e9tablir un ligne de Recyclage des caisses de boissons, c\u2019est une d\u00e9termination d\u00e9taill\u00e9e de sa t\u00e2che. Pour la recyclage des\",\"breadcrumb\":{\"@id\":\"https:\/\/neue-herbold.com\/fr\/recyclage-des-caisses-de-boissons-en-pe-pp\/#breadcrumb\"},\"inLanguage\":\"fr-FR\",\"potentialAction\":[{\"@type\":\"ReadAction\",\"target\":[\"https:\/\/neue-herbold.com\/fr\/recyclage-des-caisses-de-boissons-en-pe-pp\/\"]}]},{\"@type\":\"ImageObject\",\"inLanguage\":\"fr-FR\",\"@id\":\"https:\/\/neue-herbold.com\/fr\/recyclage-des-caisses-de-boissons-en-pe-pp\/#primaryimage\",\"url\":\"https:\/\/neue-herbold.com\/wp-content\/uploads\/2014\/12\/HZR-1300-1-1024x785.jpg\",\"contentUrl\":\"https:\/\/neue-herbold.com\/wp-content\/uploads\/2014\/12\/HZR-1300-1-1024x785.jpg\"},{\"@type\":\"BreadcrumbList\",\"@id\":\"https:\/\/neue-herbold.com\/fr\/recyclage-des-caisses-de-boissons-en-pe-pp\/#breadcrumb\",\"itemListElement\":[{\"@type\":\"ListItem\",\"position\":1,\"name\":\"Startseite\",\"item\":\"https:\/\/neue-herbold.com\/fr\/\"},{\"@type\":\"ListItem\",\"position\":2,\"name\":\"Recyclage des caisses de boissons en PE\/PP\"}]},{\"@type\":\"WebSite\",\"@id\":\"https:\/\/neue-herbold.com\/en\/#website\",\"url\":\"https:\/\/neue-herbold.com\/en\/\",\"name\":\"Neue Herbold GmbH\",\"description\":\"\",\"potentialAction\":[{\"@type\":\"SearchAction\",\"target\":{\"@type\":\"EntryPoint\",\"urlTemplate\":\"https:\/\/neue-herbold.com\/en\/?s={search_term_string}\"},\"query-input\":{\"@type\":\"PropertyValueSpecification\",\"valueRequired\":true,\"valueName\":\"search_term_string\"}}],\"inLanguage\":\"fr-FR\"}]}<\/script>\n<!-- \/ Yoast SEO plugin. -->","yoast_head_json":{"title":"Recyclage des caisses de boissons en PE\/PP - Neue Herbold GmbH","description":"Pr\u00e9misse indispensable pour \u00e9tablir un ligne de Recyclage des caisses de boissons, c\u2019est une d\u00e9termination d\u00e9taill\u00e9e de sa t\u00e2che. Pour la recyclage des","robots":{"index":"index","follow":"follow","max-snippet":"max-snippet:-1","max-image-preview":"max-image-preview:large","max-video-preview":"max-video-preview:-1"},"canonical":"https:\/\/neue-herbold.com\/fr\/recyclage-des-caisses-de-boissons-en-pe-pp\/","og_locale":"fr_FR","og_type":"article","og_title":"Recyclage des caisses de boissons en PE\/PP - Neue Herbold GmbH","og_description":"Pr\u00e9misse indispensable pour \u00e9tablir un ligne de Recyclage des caisses de boissons, c\u2019est une d\u00e9termination d\u00e9taill\u00e9e de sa t\u00e2che. Pour la recyclage des","og_url":"https:\/\/neue-herbold.com\/fr\/recyclage-des-caisses-de-boissons-en-pe-pp\/","og_site_name":"Neue Herbold GmbH","article_modified_time":"2016-06-03T20:06:21+00:00","og_image":[{"url":"https:\/\/neue-herbold.com\/wp-content\/uploads\/2014\/12\/HZR-1300-1-1024x785.jpg","type":"","width":"","height":""}],"twitter_misc":{"Dur\u00e9e de lecture estim\u00e9e":"2 minutes"},"schema":{"@context":"https:\/\/schema.org","@graph":[{"@type":"WebPage","@id":"https:\/\/neue-herbold.com\/fr\/recyclage-des-caisses-de-boissons-en-pe-pp\/","url":"https:\/\/neue-herbold.com\/fr\/recyclage-des-caisses-de-boissons-en-pe-pp\/","name":"Recyclage des caisses de boissons en PE\/PP - Neue Herbold GmbH","isPartOf":{"@id":"https:\/\/neue-herbold.com\/en\/#website"},"primaryImageOfPage":{"@id":"https:\/\/neue-herbold.com\/fr\/recyclage-des-caisses-de-boissons-en-pe-pp\/#primaryimage"},"image":{"@id":"https:\/\/neue-herbold.com\/fr\/recyclage-des-caisses-de-boissons-en-pe-pp\/#primaryimage"},"thumbnailUrl":"https:\/\/neue-herbold.com\/wp-content\/uploads\/2014\/12\/HZR-1300-1-1024x785.jpg","datePublished":"2016-06-03T19:50:44+00:00","dateModified":"2016-06-03T20:06:21+00:00","description":"Pr\u00e9misse indispensable pour \u00e9tablir un ligne de Recyclage des caisses de boissons, c\u2019est une d\u00e9termination d\u00e9taill\u00e9e de sa t\u00e2che. Pour la recyclage des","breadcrumb":{"@id":"https:\/\/neue-herbold.com\/fr\/recyclage-des-caisses-de-boissons-en-pe-pp\/#breadcrumb"},"inLanguage":"fr-FR","potentialAction":[{"@type":"ReadAction","target":["https:\/\/neue-herbold.com\/fr\/recyclage-des-caisses-de-boissons-en-pe-pp\/"]}]},{"@type":"ImageObject","inLanguage":"fr-FR","@id":"https:\/\/neue-herbold.com\/fr\/recyclage-des-caisses-de-boissons-en-pe-pp\/#primaryimage","url":"https:\/\/neue-herbold.com\/wp-content\/uploads\/2014\/12\/HZR-1300-1-1024x785.jpg","contentUrl":"https:\/\/neue-herbold.com\/wp-content\/uploads\/2014\/12\/HZR-1300-1-1024x785.jpg"},{"@type":"BreadcrumbList","@id":"https:\/\/neue-herbold.com\/fr\/recyclage-des-caisses-de-boissons-en-pe-pp\/#breadcrumb","itemListElement":[{"@type":"ListItem","position":1,"name":"Startseite","item":"https:\/\/neue-herbold.com\/fr\/"},{"@type":"ListItem","position":2,"name":"Recyclage des caisses de boissons en PE\/PP"}]},{"@type":"WebSite","@id":"https:\/\/neue-herbold.com\/en\/#website","url":"https:\/\/neue-herbold.com\/en\/","name":"Neue Herbold GmbH","description":"","potentialAction":[{"@type":"SearchAction","target":{"@type":"EntryPoint","urlTemplate":"https:\/\/neue-herbold.com\/en\/?s={search_term_string}"},"query-input":{"@type":"PropertyValueSpecification","valueRequired":true,"valueName":"search_term_string"}}],"inLanguage":"fr-FR"}]}},"_links":{"self":[{"href":"https:\/\/neue-herbold.com\/fr\/wp-json\/wp\/v2\/pages\/8564"}],"collection":[{"href":"https:\/\/neue-herbold.com\/fr\/wp-json\/wp\/v2\/pages"}],"about":[{"href":"https:\/\/neue-herbold.com\/fr\/wp-json\/wp\/v2\/types\/page"}],"author":[{"embeddable":true,"href":"https:\/\/neue-herbold.com\/fr\/wp-json\/wp\/v2\/users\/1"}],"replies":[{"embeddable":true,"href":"https:\/\/neue-herbold.com\/fr\/wp-json\/wp\/v2\/comments?post=8564"}],"version-history":[{"count":2,"href":"https:\/\/neue-herbold.com\/fr\/wp-json\/wp\/v2\/pages\/8564\/revisions"}],"predecessor-version":[{"id":8573,"href":"https:\/\/neue-herbold.com\/fr\/wp-json\/wp\/v2\/pages\/8564\/revisions\/8573"}],"wp:attachment":[{"href":"https:\/\/neue-herbold.com\/fr\/wp-json\/wp\/v2\/media?parent=8564"}],"curies":[{"name":"wp","href":"https:\/\/api.w.org\/{rel}","templated":true}]}}