{"id":8511,"date":"2016-06-03T19:29:25","date_gmt":"2016-06-03T17:29:25","guid":{"rendered":"https:\/\/neue-herbold.com\/fr\/uebersicht-baureihen-schneidmuehlen\/"},"modified":"2016-06-14T01:23:35","modified_gmt":"2016-06-13T23:23:35","slug":"index-gamme-des-broyeurs","status":"publish","type":"page","link":"https:\/\/neue-herbold.com\/fr\/index-gamme-des-broyeurs\/","title":{"rendered":"Index de Broyeurs"},"content":{"rendered":"<p><a href=\"https:\/\/neue-herbold.com\/fr\/broyeurs-lm\/\"><strong>Broyeurs de type LM<\/strong><\/a><\/p>\n<ul>\n<li>Broyage des films en vrac (par exemple in-line)<\/li>\n<li>Broyage des bo\u00eetes<\/li>\n<li>Broyage des tuyaux<\/li>\n<li>Broyage des profil\u00e9s<\/li>\n<li>Broyage des pare-chocs<\/li>\n<li>Broyage des grilles<\/li>\n<li>Broyage des grilles de d\u00e9coupage<\/li>\n<li>Broyage des carottes<\/li>\n<li>Broyage des pi\u00e8ces embouties<\/li>\n<\/ul>\n<div id=\"attachment_3467\" style=\"width: 290px\" class=\"wp-caption alignnone\"><a style=\"color: #0000ff;\" href=\"https:\/\/neue-herbold.com\/wp-content\/uploads\/2014\/11\/LMV-450-1000_1.jpg\" target=\"_blank\"><img loading=\"lazy\" decoding=\"async\" aria-describedby=\"caption-attachment-3467\" class=\"wp-image-3467\" src=\"https:\/\/neue-herbold.com\/wp-content\/uploads\/2014\/11\/LMV-450-1000_1-1024x965.jpg\" alt=\"Gamme des broyeurs\" width=\"280\" height=\"264\" srcset=\"https:\/\/neue-herbold.com\/wp-content\/uploads\/2014\/11\/LMV-450-1000_1-1024x965.jpg 1024w, https:\/\/neue-herbold.com\/wp-content\/uploads\/2014\/11\/LMV-450-1000_1-300x283.jpg 300w, https:\/\/neue-herbold.com\/wp-content\/uploads\/2014\/11\/LMV-450-1000_1-100x94.jpg 100w, https:\/\/neue-herbold.com\/wp-content\/uploads\/2014\/11\/LMV-450-1000_1-150x141.jpg 150w, https:\/\/neue-herbold.com\/wp-content\/uploads\/2014\/11\/LMV-450-1000_1-200x188.jpg 200w, https:\/\/neue-herbold.com\/wp-content\/uploads\/2014\/11\/LMV-450-1000_1-450x424.jpg 450w, https:\/\/neue-herbold.com\/wp-content\/uploads\/2014\/11\/LMV-450-1000_1-600x566.jpg 600w, https:\/\/neue-herbold.com\/wp-content\/uploads\/2014\/11\/LMV-450-1000_1-900x849.jpg 900w, https:\/\/neue-herbold.com\/wp-content\/uploads\/2014\/11\/LMV-450-1000_1.jpg 1200w\" sizes=\"(max-width: 280px) 100vw, 280px\" \/><\/a><p id=\"caption-attachment-3467\" class=\"wp-caption-text\">LM 450 \/ 1000<\/p><\/div>\n<p><a href=\"https:\/\/neue-herbold.com\/fr\/broyeurs-sm\/\"><strong>Broyeurs de type SM<\/strong><\/a><\/p>\n<ul>\n<li>Broyage des blocs massifs<\/li>\n<li>Broyage des blocs de purge<\/li>\n<li>Broyage des balles en caoutchouc<\/li>\n<li>Broyage des profil\u00e9s pleins<\/li>\n<li>Broyage des panneaux \u00e0 paroi \u00e9pais<\/li>\n<li>Broyage des caissons \u00e0 boissons\/bouteilles<\/li>\n<li>Broyage des fibres en PA<\/li>\n<li>Broyage des balles de film<\/li>\n<\/ul>\n<p>Les broyeurs LM sont aussi disponibles pour le broyage humide.<\/p>\n<div id=\"attachment_3085\" style=\"width: 290px\" class=\"wp-caption alignnone\"><a style=\"color: #0000ff;\" href=\"https:\/\/neue-herbold.com\/wp-content\/uploads\/2014\/12\/SM1200-800-wei\u00df.jpg\" target=\"_blank\"><img loading=\"lazy\" decoding=\"async\" aria-describedby=\"caption-attachment-3085\" class=\"wp-image-3085\" src=\"https:\/\/neue-herbold.com\/wp-content\/uploads\/2014\/12\/SM1200-800-wei\u00df.jpg\" alt=\"\" width=\"280\" height=\"432\" srcset=\"https:\/\/neue-herbold.com\/wp-content\/uploads\/2014\/12\/SM1200-800-wei\u00df.jpg 583w, https:\/\/neue-herbold.com\/wp-content\/uploads\/2014\/12\/SM1200-800-wei\u00df-194x300.jpg 194w, https:\/\/neue-herbold.com\/wp-content\/uploads\/2014\/12\/SM1200-800-wei\u00df-100x154.jpg 100w, https:\/\/neue-herbold.com\/wp-content\/uploads\/2014\/12\/SM1200-800-wei\u00df-150x231.jpg 150w, https:\/\/neue-herbold.com\/wp-content\/uploads\/2014\/12\/SM1200-800-wei\u00df-200x308.jpg 200w, https:\/\/neue-herbold.com\/wp-content\/uploads\/2014\/12\/SM1200-800-wei\u00df-300x463.jpg 300w, https:\/\/neue-herbold.com\/wp-content\/uploads\/2014\/12\/SM1200-800-wei\u00df-450x694.jpg 450w\" sizes=\"(max-width: 280px) 100vw, 280px\" \/><\/a><p id=\"caption-attachment-3085\" class=\"wp-caption-text\">SM 800 \/ 1200<\/p><\/div>\n<p><strong><a href=\"https:\/\/neue-herbold.com\/fr\/broyeurs-smv\/\">Broyeurs de type SMV<\/a><\/strong><\/p>\n<ul>\n<li>Broyage des films (z.B. BOPP \/ BOPET \/ PP)<\/li>\n<li>Broyage des pelotes des fils<\/li>\n<li>Broyage des Big-Bags en PP<\/li>\n<li>Broyage des paquets des films<\/li>\n<\/ul>\n<div id=\"attachment_3469\" style=\"width: 290px\" class=\"wp-caption alignnone\"><a style=\"color: #0000ff;\" href=\"https:\/\/neue-herbold.com\/wp-content\/uploads\/2014\/11\/SMV600_1000S5_3_98IIF.jpg\" target=\"_blank\"><img loading=\"lazy\" decoding=\"async\" aria-describedby=\"caption-attachment-3469\" class=\"wp-image-3469\" src=\"https:\/\/neue-herbold.com\/wp-content\/uploads\/2014\/11\/SMV600_1000S5_3_98IIF-1024x724.jpg\" alt=\"\" width=\"280\" height=\"198\" srcset=\"https:\/\/neue-herbold.com\/wp-content\/uploads\/2014\/11\/SMV600_1000S5_3_98IIF-1024x724.jpg 1024w, https:\/\/neue-herbold.com\/wp-content\/uploads\/2014\/11\/SMV600_1000S5_3_98IIF-300x212.jpg 300w, https:\/\/neue-herbold.com\/wp-content\/uploads\/2014\/11\/SMV600_1000S5_3_98IIF-100x70.jpg 100w, https:\/\/neue-herbold.com\/wp-content\/uploads\/2014\/11\/SMV600_1000S5_3_98IIF-150x106.jpg 150w, https:\/\/neue-herbold.com\/wp-content\/uploads\/2014\/11\/SMV600_1000S5_3_98IIF-200x141.jpg 200w, https:\/\/neue-herbold.com\/wp-content\/uploads\/2014\/11\/SMV600_1000S5_3_98IIF-450x318.jpg 450w, https:\/\/neue-herbold.com\/wp-content\/uploads\/2014\/11\/SMV600_1000S5_3_98IIF-600x424.jpg 600w, https:\/\/neue-herbold.com\/wp-content\/uploads\/2014\/11\/SMV600_1000S5_3_98IIF-900x636.jpg 900w, https:\/\/neue-herbold.com\/wp-content\/uploads\/2014\/11\/SMV600_1000S5_3_98IIF.jpg 1200w\" sizes=\"(max-width: 280px) 100vw, 280px\" \/><\/a><p id=\"caption-attachment-3469\" class=\"wp-caption-text\">SMV 600 \/ 1000<\/p><\/div>\n<p><strong><a href=\"https:\/\/neue-herbold.com\/fr\/broyeurs-sx\/\">Broyeurs de type SX<\/a><\/strong><\/p>\n<ul>\n<li>Broyage des grands quantit\u00e9s des films minces, comme BOPP\/BOPET\/PP<\/li>\n<li>Broyage des pelotes des fils<\/li>\n<li>Broyage des Big-Bags en PP<\/li>\n<li>Broyage des paquets des films<\/li>\n<\/ul>\n<div id=\"attachment_3470\" style=\"width: 290px\" class=\"wp-caption alignnone\"><a style=\"color: #0000ff;\" href=\"https:\/\/neue-herbold.com\/wp-content\/uploads\/2014\/11\/SX800_1200S7_3_97IF.jpg\" target=\"_blank\"><img loading=\"lazy\" decoding=\"async\" aria-describedby=\"caption-attachment-3470\" class=\"wp-image-3470\" src=\"https:\/\/neue-herbold.com\/wp-content\/uploads\/2014\/11\/SX800_1200S7_3_97IF-722x1024.jpg\" alt=\"\" width=\"280\" height=\"397\" srcset=\"https:\/\/neue-herbold.com\/wp-content\/uploads\/2014\/11\/SX800_1200S7_3_97IF-722x1024.jpg 722w, https:\/\/neue-herbold.com\/wp-content\/uploads\/2014\/11\/SX800_1200S7_3_97IF-211x300.jpg 211w, https:\/\/neue-herbold.com\/wp-content\/uploads\/2014\/11\/SX800_1200S7_3_97IF-100x141.jpg 100w, https:\/\/neue-herbold.com\/wp-content\/uploads\/2014\/11\/SX800_1200S7_3_97IF-150x212.jpg 150w, https:\/\/neue-herbold.com\/wp-content\/uploads\/2014\/11\/SX800_1200S7_3_97IF-200x283.jpg 200w, https:\/\/neue-herbold.com\/wp-content\/uploads\/2014\/11\/SX800_1200S7_3_97IF-300x424.jpg 300w, https:\/\/neue-herbold.com\/wp-content\/uploads\/2014\/11\/SX800_1200S7_3_97IF-450x637.jpg 450w, https:\/\/neue-herbold.com\/wp-content\/uploads\/2014\/11\/SX800_1200S7_3_97IF-600x849.jpg 600w, https:\/\/neue-herbold.com\/wp-content\/uploads\/2014\/11\/SX800_1200S7_3_97IF-900x1274.jpg 900w, https:\/\/neue-herbold.com\/wp-content\/uploads\/2014\/11\/SX800_1200S7_3_97IF.jpg 1138w\" sizes=\"(max-width: 280px) 100vw, 280px\" \/><\/a><p id=\"caption-attachment-3470\" class=\"wp-caption-text\">SX 800 \/ 1200<\/p><\/div>\n<p><strong><a href=\"https:\/\/neue-herbold.com\/fr\/broyeur-pour-profiles-sr-lp\/\">Broyeurs de type SR<\/a><\/strong><\/p>\n<ul>\n<li>Broyage des tuyaux longs<\/li>\n<li>Broyage des profil\u00e9s longs<\/li>\n<\/ul>\n<p>Alimentage des mat\u00e9riaux \u00e0 choix par tr\u00e9mie pivotante ou par tr\u00e9mie additionelle lat\u00e9rale.<\/p>\n<p>&nbsp;<\/p>\n<div id=\"attachment_2943\" style=\"width: 360px\" class=\"wp-caption alignnone\"><a style=\"color: #0000ff;\" href=\"https:\/\/neue-herbold.com\/wp-content\/uploads\/2014\/11\/SR800_600A4_2_98IVF.jpg\" target=\"_blank\"><img loading=\"lazy\" decoding=\"async\" aria-describedby=\"caption-attachment-2943\" class=\"wp-image-2943\" src=\"https:\/\/neue-herbold.com\/wp-content\/uploads\/2014\/11\/SR800_600A4_2_98IVF-1024x654.jpg\" alt=\"\" width=\"350\" height=\"224\" srcset=\"https:\/\/neue-herbold.com\/wp-content\/uploads\/2014\/11\/SR800_600A4_2_98IVF-1024x654.jpg 1024w, https:\/\/neue-herbold.com\/wp-content\/uploads\/2014\/11\/SR800_600A4_2_98IVF-300x191.jpg 300w, https:\/\/neue-herbold.com\/wp-content\/uploads\/2014\/11\/SR800_600A4_2_98IVF-100x63.jpg 100w, https:\/\/neue-herbold.com\/wp-content\/uploads\/2014\/11\/SR800_600A4_2_98IVF-150x95.jpg 150w, https:\/\/neue-herbold.com\/wp-content\/uploads\/2014\/11\/SR800_600A4_2_98IVF-200x127.jpg 200w, https:\/\/neue-herbold.com\/wp-content\/uploads\/2014\/11\/SR800_600A4_2_98IVF-450x287.jpg 450w, https:\/\/neue-herbold.com\/wp-content\/uploads\/2014\/11\/SR800_600A4_2_98IVF-600x383.jpg 600w, https:\/\/neue-herbold.com\/wp-content\/uploads\/2014\/11\/SR800_600A4_2_98IVF-900x575.jpg 900w, https:\/\/neue-herbold.com\/wp-content\/uploads\/2014\/11\/SR800_600A4_2_98IVF.jpg 1419w\" sizes=\"(max-width: 350px) 100vw, 350px\" \/><\/a><p id=\"caption-attachment-2943\" class=\"wp-caption-text\">SR 800 \/ 600<\/p><\/div>\n<p><strong><a href=\"https:\/\/neue-herbold.com\/fr\/broyeur-pour-profiles-sr-lp\/\">Broyeurs de type LP\/ SP<\/a><\/strong><\/p>\n<ul>\n<li>Broyage des profil\u00e9s longs<\/li>\n<li>Broyage des profil\u00e9s de fen\u00eatres, etc.<\/li>\n<\/ul>\n<p>Alimentage \u00e0 choix &#8211; manuelle ou forc\u00e9e par rouleaux<\/p>\n<div id=\"attachment_3471\" style=\"width: 290px\" class=\"wp-caption alignnone\"><a style=\"color: #0000ff;\" href=\"https:\/\/neue-herbold.com\/wp-content\/uploads\/2014\/11\/SP450_1000F9_2_98IF1.jpg\" target=\"_blank\"><img loading=\"lazy\" decoding=\"async\" aria-describedby=\"caption-attachment-3471\" class=\"wp-image-3471\" src=\"https:\/\/neue-herbold.com\/wp-content\/uploads\/2014\/11\/SP450_1000F9_2_98IF1-999x1024.jpg\" alt=\"\" width=\"280\" height=\"287\" srcset=\"https:\/\/neue-herbold.com\/wp-content\/uploads\/2014\/11\/SP450_1000F9_2_98IF1-999x1024.jpg 999w, https:\/\/neue-herbold.com\/wp-content\/uploads\/2014\/11\/SP450_1000F9_2_98IF1-292x300.jpg 292w, https:\/\/neue-herbold.com\/wp-content\/uploads\/2014\/11\/SP450_1000F9_2_98IF1-100x102.jpg 100w, https:\/\/neue-herbold.com\/wp-content\/uploads\/2014\/11\/SP450_1000F9_2_98IF1-150x153.jpg 150w, https:\/\/neue-herbold.com\/wp-content\/uploads\/2014\/11\/SP450_1000F9_2_98IF1-200x204.jpg 200w, https:\/\/neue-herbold.com\/wp-content\/uploads\/2014\/11\/SP450_1000F9_2_98IF1-300x307.jpg 300w, https:\/\/neue-herbold.com\/wp-content\/uploads\/2014\/11\/SP450_1000F9_2_98IF1-450x460.jpg 450w, https:\/\/neue-herbold.com\/wp-content\/uploads\/2014\/11\/SP450_1000F9_2_98IF1-600x614.jpg 600w, https:\/\/neue-herbold.com\/wp-content\/uploads\/2014\/11\/SP450_1000F9_2_98IF1-900x921.jpg 900w, https:\/\/neue-herbold.com\/wp-content\/uploads\/2014\/11\/SP450_1000F9_2_98IF1.jpg 1200w\" sizes=\"(max-width: 280px) 100vw, 280px\" \/><\/a><p id=\"caption-attachment-3471\" class=\"wp-caption-text\">LP 450 \/ 1000<\/p><\/div>\n<p><a href=\"https:\/\/neue-herbold.com\/fr\/systemes-de-broyage-et-recyclage-mobile\/\"><strong>Syst\u00e8mes mobiles pour le broyage et le recyclage<\/strong><\/a><\/p>\n<div id=\"attachment_2940\" style=\"width: 360px\" class=\"wp-caption alignnone\"><a style=\"color: #0000ff;\" href=\"https:\/\/neue-herbold.com\/wp-content\/uploads\/2014\/11\/mobile-anlage-2.gif\" target=\"_blank\"><img loading=\"lazy\" decoding=\"async\" aria-describedby=\"caption-attachment-2940\" class=\"wp-image-2940\" src=\"https:\/\/neue-herbold.com\/wp-content\/uploads\/2014\/11\/mobile-anlage-2.gif\" alt=\"\" width=\"350\" height=\"126\" \/><\/a><p id=\"caption-attachment-2940\" class=\"wp-caption-text\">Syst\u00e8me mobile<\/p><\/div>\n<p><strong><a href=\"https:\/\/neue-herbold.com\/fr\/variants-de-rotor-disponibles\/\">Variantes rotors pour nos broyeurs<\/a><\/strong><\/p>\n<p>&nbsp;<\/p>\n<p><a style=\"color: #0000ff;\" href=\"https:\/\/neue-herbold.com\/wp-content\/uploads\/2014\/11\/SX800_2000S9_3_97IIIF.jpg\" target=\"_blank\"><img loading=\"lazy\" decoding=\"async\" class=\"alignnone wp-image-3472\" src=\"https:\/\/neue-herbold.com\/wp-content\/uploads\/2014\/11\/SX800_2000S9_3_97IIIF-1024x740.jpg\" alt=\"\" width=\"350\" height=\"253\" srcset=\"https:\/\/neue-herbold.com\/wp-content\/uploads\/2014\/11\/SX800_2000S9_3_97IIIF-1024x740.jpg 1024w, https:\/\/neue-herbold.com\/wp-content\/uploads\/2014\/11\/SX800_2000S9_3_97IIIF-300x217.jpg 300w, https:\/\/neue-herbold.com\/wp-content\/uploads\/2014\/11\/SX800_2000S9_3_97IIIF-100x72.jpg 100w, https:\/\/neue-herbold.com\/wp-content\/uploads\/2014\/11\/SX800_2000S9_3_97IIIF-150x108.jpg 150w, https:\/\/neue-herbold.com\/wp-content\/uploads\/2014\/11\/SX800_2000S9_3_97IIIF-200x144.jpg 200w, https:\/\/neue-herbold.com\/wp-content\/uploads\/2014\/11\/SX800_2000S9_3_97IIIF-450x325.jpg 450w, https:\/\/neue-herbold.com\/wp-content\/uploads\/2014\/11\/SX800_2000S9_3_97IIIF-600x434.jpg 600w, https:\/\/neue-herbold.com\/wp-content\/uploads\/2014\/11\/SX800_2000S9_3_97IIIF-900x651.jpg 900w, https:\/\/neue-herbold.com\/wp-content\/uploads\/2014\/11\/SX800_2000S9_3_97IIIF.jpg 1200w\" sizes=\"(max-width: 350px) 100vw, 350px\" \/><\/a><\/p>\n<p>&nbsp;<\/p>\n","protected":false},"excerpt":{"rendered":"<p><a href=\"https:\/\/neue-herbold.com\/fr\/broyeurs-lm\/\"><strong>Broyeurs de type LM<\/strong><\/a><\/p>\n<ul>\n<li>Broyage des films en vrac (par exemple in-line)<\/li>\n<li>Broyage des bo\u00eetes<\/li>\n<li>Broyage des tuyaux<\/li>\n<li>Broyage des profil\u00e9s<\/li>\n<li>Broyage des pare-chocs<\/li>\n<li>Broyage des grilles<\/li>\n<li>Broyage des grilles de d\u00e9coupage<\/li>\n<li>Broyage des carottes<\/li>\n<li>Broyage des pi\u00e8ces embouties<\/li>\n<\/ul>\n<p><a href=\"https:\/\/neue-herbold.com\/fr\/broyeurs-sm\/\"><strong>Broyeurs de type SM<\/strong><\/a><\/p>\n<ul>\n<li>Broyage des blocs massifs<\/li>\n<li>Broyage des blocs de purge<\/li>\n<li>Broyage des balles en caoutchouc<\/li>\n<li>Broyage des profil\u00e9s pleins<\/li>\n<li>Broyage des panneaux \u00e0 paroi \u00e9pais<\/li>\n<li>Broyage des caissons \u00e0 boissons\/bouteilles<\/li>\n<li>Broyage des fibres en PA<\/li>\n<li>Broyage des balles de film<\/li>\n<\/ul>\n<p>Les broyeurs LM sont aussi disponibles pour le broyage humide.<\/p>\n<p><span class=\"ellipsis\">&hellip;<\/span><\/p>\n<div class=\"read-more\"><a href=\"https:\/\/neue-herbold.com\/fr\/index-gamme-des-broyeurs\/\">Lire la suite &#8250;<\/a><\/div>\n<p><!-- end of .read-more --><\/p>\n","protected":false},"author":1,"featured_media":0,"parent":0,"menu_order":0,"comment_status":"closed","ping_status":"closed","template":"","meta":{"footnotes":""},"class_list":["post-8511","page","type-page","status-publish","hentry"],"yoast_head":"<!-- This site is optimized with the Yoast SEO plugin v25.4 - https:\/\/yoast.com\/wordpress\/plugins\/seo\/ -->\n<title>Index de Broyeurs - Neue Herbold GmbH<\/title>\n<meta name=\"robots\" content=\"index, follow, max-snippet:-1, max-image-preview:large, max-video-preview:-1\" \/>\n<link rel=\"canonical\" href=\"https:\/\/neue-herbold.com\/fr\/index-gamme-des-broyeurs\/\" \/>\n<meta property=\"og:locale\" content=\"fr_FR\" \/>\n<meta property=\"og:type\" content=\"article\" \/>\n<meta property=\"og:title\" content=\"Index de Broyeurs - Neue Herbold GmbH\" \/>\n<meta property=\"og:description\" content=\"Broyeurs de type LM Broyage des films en vrac (par exemple in-line) Broyage des bo\u00eetes Broyage des tuyaux Broyage des profil\u00e9s Broyage des pare-chocs Broyage des grilles Broyage des grilles de d\u00e9coupage Broyage des carottes Broyage des pi\u00e8ces embouties Broyeurs de type SM Broyage des blocs massifs Broyage des blocs de purge Broyage des balles en caoutchouc Broyage des profil\u00e9s pleins Broyage des panneaux \u00e0 paroi \u00e9pais Broyage des caissons \u00e0 boissons\/bouteilles Broyage des fibres en PA Broyage des balles de film Les broyeurs LM sont aussi disponibles pour le broyage humide.&hellip;Lire la suite &#8250;\" \/>\n<meta property=\"og:url\" content=\"https:\/\/neue-herbold.com\/fr\/index-gamme-des-broyeurs\/\" \/>\n<meta property=\"og:site_name\" content=\"Neue Herbold GmbH\" \/>\n<meta property=\"article:modified_time\" content=\"2016-06-13T23:23:35+00:00\" \/>\n<meta property=\"og:image\" content=\"https:\/\/neue-herbold.com\/wp-content\/uploads\/2014\/11\/LMV-450-1000_1-1024x965.jpg\" \/>\n<meta name=\"twitter:label1\" content=\"Dur\u00e9e de lecture estim\u00e9e\" \/>\n\t<meta name=\"twitter:data1\" content=\"1 minute\" \/>\n<script type=\"application\/ld+json\" class=\"yoast-schema-graph\">{\"@context\":\"https:\/\/schema.org\",\"@graph\":[{\"@type\":\"WebPage\",\"@id\":\"https:\/\/neue-herbold.com\/fr\/index-gamme-des-broyeurs\/\",\"url\":\"https:\/\/neue-herbold.com\/fr\/index-gamme-des-broyeurs\/\",\"name\":\"Index de Broyeurs - Neue Herbold GmbH\",\"isPartOf\":{\"@id\":\"https:\/\/neue-herbold.com\/en\/#website\"},\"primaryImageOfPage\":{\"@id\":\"https:\/\/neue-herbold.com\/fr\/index-gamme-des-broyeurs\/#primaryimage\"},\"image\":{\"@id\":\"https:\/\/neue-herbold.com\/fr\/index-gamme-des-broyeurs\/#primaryimage\"},\"thumbnailUrl\":\"https:\/\/neue-herbold.com\/wp-content\/uploads\/2014\/11\/LMV-450-1000_1-1024x965.jpg\",\"datePublished\":\"2016-06-03T17:29:25+00:00\",\"dateModified\":\"2016-06-13T23:23:35+00:00\",\"breadcrumb\":{\"@id\":\"https:\/\/neue-herbold.com\/fr\/index-gamme-des-broyeurs\/#breadcrumb\"},\"inLanguage\":\"fr-FR\",\"potentialAction\":[{\"@type\":\"ReadAction\",\"target\":[\"https:\/\/neue-herbold.com\/fr\/index-gamme-des-broyeurs\/\"]}]},{\"@type\":\"ImageObject\",\"inLanguage\":\"fr-FR\",\"@id\":\"https:\/\/neue-herbold.com\/fr\/index-gamme-des-broyeurs\/#primaryimage\",\"url\":\"https:\/\/neue-herbold.com\/wp-content\/uploads\/2014\/11\/LMV-450-1000_1-1024x965.jpg\",\"contentUrl\":\"https:\/\/neue-herbold.com\/wp-content\/uploads\/2014\/11\/LMV-450-1000_1-1024x965.jpg\"},{\"@type\":\"BreadcrumbList\",\"@id\":\"https:\/\/neue-herbold.com\/fr\/index-gamme-des-broyeurs\/#breadcrumb\",\"itemListElement\":[{\"@type\":\"ListItem\",\"position\":1,\"name\":\"Startseite\",\"item\":\"https:\/\/neue-herbold.com\/fr\/\"},{\"@type\":\"ListItem\",\"position\":2,\"name\":\"Index de Broyeurs\"}]},{\"@type\":\"WebSite\",\"@id\":\"https:\/\/neue-herbold.com\/en\/#website\",\"url\":\"https:\/\/neue-herbold.com\/en\/\",\"name\":\"Neue Herbold GmbH\",\"description\":\"\",\"potentialAction\":[{\"@type\":\"SearchAction\",\"target\":{\"@type\":\"EntryPoint\",\"urlTemplate\":\"https:\/\/neue-herbold.com\/en\/?s={search_term_string}\"},\"query-input\":{\"@type\":\"PropertyValueSpecification\",\"valueRequired\":true,\"valueName\":\"search_term_string\"}}],\"inLanguage\":\"fr-FR\"}]}<\/script>\n<!-- \/ Yoast SEO plugin. -->","yoast_head_json":{"title":"Index de Broyeurs - Neue Herbold GmbH","robots":{"index":"index","follow":"follow","max-snippet":"max-snippet:-1","max-image-preview":"max-image-preview:large","max-video-preview":"max-video-preview:-1"},"canonical":"https:\/\/neue-herbold.com\/fr\/index-gamme-des-broyeurs\/","og_locale":"fr_FR","og_type":"article","og_title":"Index de Broyeurs - Neue Herbold GmbH","og_description":"Broyeurs de type LM Broyage des films en vrac (par exemple in-line) Broyage des bo\u00eetes Broyage des tuyaux Broyage des profil\u00e9s Broyage des pare-chocs Broyage des grilles Broyage des grilles de d\u00e9coupage Broyage des carottes Broyage des pi\u00e8ces embouties Broyeurs de type SM Broyage des blocs massifs Broyage des blocs de purge Broyage des balles en caoutchouc Broyage des profil\u00e9s pleins Broyage des panneaux \u00e0 paroi \u00e9pais Broyage des caissons \u00e0 boissons\/bouteilles Broyage des fibres en PA Broyage des balles de film Les broyeurs LM sont aussi disponibles pour le broyage humide.&hellip;Lire la suite &#8250;","og_url":"https:\/\/neue-herbold.com\/fr\/index-gamme-des-broyeurs\/","og_site_name":"Neue Herbold GmbH","article_modified_time":"2016-06-13T23:23:35+00:00","og_image":[{"url":"https:\/\/neue-herbold.com\/wp-content\/uploads\/2014\/11\/LMV-450-1000_1-1024x965.jpg","type":"","width":"","height":""}],"twitter_misc":{"Dur\u00e9e de lecture estim\u00e9e":"1 minute"},"schema":{"@context":"https:\/\/schema.org","@graph":[{"@type":"WebPage","@id":"https:\/\/neue-herbold.com\/fr\/index-gamme-des-broyeurs\/","url":"https:\/\/neue-herbold.com\/fr\/index-gamme-des-broyeurs\/","name":"Index de Broyeurs - Neue Herbold GmbH","isPartOf":{"@id":"https:\/\/neue-herbold.com\/en\/#website"},"primaryImageOfPage":{"@id":"https:\/\/neue-herbold.com\/fr\/index-gamme-des-broyeurs\/#primaryimage"},"image":{"@id":"https:\/\/neue-herbold.com\/fr\/index-gamme-des-broyeurs\/#primaryimage"},"thumbnailUrl":"https:\/\/neue-herbold.com\/wp-content\/uploads\/2014\/11\/LMV-450-1000_1-1024x965.jpg","datePublished":"2016-06-03T17:29:25+00:00","dateModified":"2016-06-13T23:23:35+00:00","breadcrumb":{"@id":"https:\/\/neue-herbold.com\/fr\/index-gamme-des-broyeurs\/#breadcrumb"},"inLanguage":"fr-FR","potentialAction":[{"@type":"ReadAction","target":["https:\/\/neue-herbold.com\/fr\/index-gamme-des-broyeurs\/"]}]},{"@type":"ImageObject","inLanguage":"fr-FR","@id":"https:\/\/neue-herbold.com\/fr\/index-gamme-des-broyeurs\/#primaryimage","url":"https:\/\/neue-herbold.com\/wp-content\/uploads\/2014\/11\/LMV-450-1000_1-1024x965.jpg","contentUrl":"https:\/\/neue-herbold.com\/wp-content\/uploads\/2014\/11\/LMV-450-1000_1-1024x965.jpg"},{"@type":"BreadcrumbList","@id":"https:\/\/neue-herbold.com\/fr\/index-gamme-des-broyeurs\/#breadcrumb","itemListElement":[{"@type":"ListItem","position":1,"name":"Startseite","item":"https:\/\/neue-herbold.com\/fr\/"},{"@type":"ListItem","position":2,"name":"Index de Broyeurs"}]},{"@type":"WebSite","@id":"https:\/\/neue-herbold.com\/en\/#website","url":"https:\/\/neue-herbold.com\/en\/","name":"Neue Herbold GmbH","description":"","potentialAction":[{"@type":"SearchAction","target":{"@type":"EntryPoint","urlTemplate":"https:\/\/neue-herbold.com\/en\/?s={search_term_string}"},"query-input":{"@type":"PropertyValueSpecification","valueRequired":true,"valueName":"search_term_string"}}],"inLanguage":"fr-FR"}]}},"_links":{"self":[{"href":"https:\/\/neue-herbold.com\/fr\/wp-json\/wp\/v2\/pages\/8511"}],"collection":[{"href":"https:\/\/neue-herbold.com\/fr\/wp-json\/wp\/v2\/pages"}],"about":[{"href":"https:\/\/neue-herbold.com\/fr\/wp-json\/wp\/v2\/types\/page"}],"author":[{"embeddable":true,"href":"https:\/\/neue-herbold.com\/fr\/wp-json\/wp\/v2\/users\/1"}],"replies":[{"embeddable":true,"href":"https:\/\/neue-herbold.com\/fr\/wp-json\/wp\/v2\/comments?post=8511"}],"version-history":[{"count":3,"href":"https:\/\/neue-herbold.com\/fr\/wp-json\/wp\/v2\/pages\/8511\/revisions"}],"predecessor-version":[{"id":9868,"href":"https:\/\/neue-herbold.com\/fr\/wp-json\/wp\/v2\/pages\/8511\/revisions\/9868"}],"wp:attachment":[{"href":"https:\/\/neue-herbold.com\/fr\/wp-json\/wp\/v2\/media?parent=8511"}],"curies":[{"name":"wp","href":"https:\/\/api.w.org\/{rel}","templated":true}]}}