{"id":8489,"date":"2016-06-03T19:04:07","date_gmt":"2016-06-03T17:04:07","guid":{"rendered":"https:\/\/neue-herbold.com\/fr\/feingutabscheider-hs\/"},"modified":"2016-11-29T22:20:03","modified_gmt":"2016-11-29T21:20:03","slug":"separateurs-de-particules-fines","status":"publish","type":"page","link":"https:\/\/neue-herbold.com\/fr\/separateurs-de-particules-fines\/","title":{"rendered":"S\u00e9parateurs de particules fines"},"content":{"rendered":"<p><span style=\"color: #000000;\"><strong><a href=\"https:\/\/neue-herbold.com\/wp-content\/uploads\/2014\/12\/Feingutabscheider.jpg\" target=\"_blank\"><img loading=\"lazy\" decoding=\"async\" class=\"alignleft wp-image-3079 size-full\" src=\"https:\/\/neue-herbold.com\/wp-content\/uploads\/2014\/12\/Feingutabscheider.jpg\" alt=\"\" width=\"261\" height=\"326\" \/><\/a><\/strong>Les s\u00e9parateurs de particules fines de <strong>NEUE HERBOLD<\/strong> de la s\u00e9rie HS n&rsquo;assurent pas seulement le d\u00e9poussi\u00e9rage du mat\u00e9riau broy\u00e9 mais collectent la poussi\u00e8re et les peluches (qui g\u00eanent fortement lorsqu&rsquo;il s&rsquo;agit de d\u00e9chets de produits souffl\u00e9s HD-PE ou moul\u00e9s par injection) pour les stocker dans un r\u00e9servoir, sans aucune formation de poussi\u00e8res dans l&rsquo;environnement. Il n&rsquo;y a quasiment pas d&rsquo;\u00e9vacuation de poussi\u00e8re r\u00e9siduelle dans l&rsquo;air d&rsquo;\u00e9chappement.<\/span><\/p>\n<p><span style=\"color: #000000;\">L&rsquo;appareil peut \u00eatre nettoy\u00e9 sans probl\u00e8me en peu de temps, ce qui est particuli\u00e8rement utile lorsque les produits ou les couleurs changent. Le s\u00e9parateur de particules fines (s\u00e9parateur \u00e0 chute libre) est \u00e9quip\u00e9 en plus d&rsquo;une porte de nettoyage.<\/span><\/p>\n<p><span style=\"color: #000000;\">Aucune pi\u00e8ce rotative ne se trouve au sein du s\u00e9parateur de particules fines (s\u00e9parateur \u00e0 chute libre) pouvant \u00eatre la source de d\u00e9rangements ou de pannes.<\/span><\/p>\n<p><span style=\"color: #000000;\">Les s\u00e9parateurs de particules fines de la s\u00e9rie HS travaillent en chute libre, c&rsquo;est-\u00e0 dire qu&rsquo;il n&rsquo;y a pas de d\u00e9calage entre l&rsquo;entr\u00e9e et la sortie du mat\u00e9riau broy\u00e9. Cela rend aussi tout \u00e0 fait facile un r\u00e9\u00e9quipement et une int\u00e9gration dans des installations existantes.<\/span><\/p>\n<p><span style=\"color: #000000;\">Le degr\u00e9 de d\u00e9coupage est r\u00e9glable en continu au niveau du clapet d&rsquo;\u00e9tranglement, selon les besoins.<\/span><\/p>\n<p><span style=\"color: #000000;\"><strong><em>Effet secondaire positif des s\u00e9parateurs de particules fines de la s\u00e9rie HS<\/em> <\/strong><\/span><br \/> <span style=\"color: #000000;\">Etant donn\u00e9 que le s\u00e9parateur \u00e0 chute libre, pour la s\u00e9paration de la poussi\u00e8re ou des peluches, aspire dans un r\u00e9servoir de collecte, le mat\u00e9riau broy\u00e9 propre s&rsquo;\u00e9vacue en bas sans application de pression.<\/span><\/p>\n<p><span style=\"color: #000000;\">De cette mani\u00e8re, il est possible, en r\u00e8gle g\u00e9n\u00e9rale, de renoncer \u00e0 une vanne rotative ou \u00e0 un autre dispositif coupant l&rsquo;air, ce qui a une r\u00e9percussion positive sur le remplissage du mat\u00e9riau broy\u00e9 dans un r\u00e9servoir ouvert, un conteneur octogonal, etc.<\/span><\/p>\n<p><em><span style=\"color: #000000;\"><strong>Autre avantage <\/strong><\/span><\/em><br \/> <span style=\"color: #000000;\">L&rsquo;\u00e9vacuation sans pression du mat\u00e9riau broy\u00e9 en bas du s\u00e9parateur \u00e0 chute libre facilite le fonctionnement d&rsquo;un s\u00e9parateur de m\u00e9taux \u00e9ventuellement exploit\u00e9 en aval.<\/span><\/p>\n<p><span style=\"color: #000000;\">Les s\u00e9parateurs de particules fines de la s\u00e9rie HS peuvent \u00eatre livr\u00e9s en version acier standard ou enversion acier inoxydable.<\/span><\/p>\n<table>\n<tbody>\n<tr>\n<td style=\"text-align: center;\"><span style=\"color: #000000;\"><strong>Machine type<\/strong><\/span><\/td>\n<td style=\"text-align: center;\"><span style=\"color: #000000;\"><strong><a href=\"https:\/\/neue-herbold.com\/wp-content\/uploads\/2014\/12\/HS-300-500-Separateurs-de-particules-fines.pdf\" target=\"_blank\"><img loading=\"lazy\" decoding=\"async\" class=\"alignnone wp-image-5703\" src=\"https:\/\/neue-herbold.com\/wp-content\/uploads\/2014\/12\/PDF-ICON.jpg\" alt=\"PDF-ICON\" width=\"56\" height=\"54\" \/><\/a><\/strong><\/span><\/td>\n<\/tr>\n<tr>\n<td style=\"text-align: center;\"><span style=\"color: #000000;\">S\u00e9parateurs de particules fines type HS 300<\/span><\/td>\n<td style=\"text-align: center;\">\u00a0<\/td>\n<\/tr>\n<tr>\n<td style=\"text-align: center;\"><span style=\"color: #000000;\">S\u00e9parateurs de particules fines type HS 500<\/span><\/td>\n<td style=\"text-align: center;\">\u00a0<\/td>\n<\/tr>\n<\/tbody>\n<\/table>\n","protected":false},"excerpt":{"rendered":"<p><span style=\"color: #000000;\"><strong><a href=\"https:\/\/neue-herbold.com\/wp-content\/uploads\/2014\/12\/Feingutabscheider.jpg\" target=\"_blank\"><img loading=\"lazy\" decoding=\"async\" class=\"alignleft wp-image-3079 size-full\" src=\"https:\/\/neue-herbold.com\/wp-content\/uploads\/2014\/12\/Feingutabscheider.jpg\" alt=\"\" width=\"261\" height=\"326\" \/><\/a><\/strong>Les s\u00e9parateurs de particules fines de <strong>NEUE HERBOLD<\/strong> de la s\u00e9rie HS n&rsquo;assurent pas seulement le d\u00e9poussi\u00e9rage du mat\u00e9riau broy\u00e9 mais collectent la poussi\u00e8re et les peluches (qui g\u00eanent fortement lorsqu&rsquo;il s&rsquo;agit de d\u00e9chets de produits souffl\u00e9s HD-PE ou moul\u00e9s par injection) pour les stocker dans un r\u00e9servoir,<\/span><\/p>\n<p><span class=\"ellipsis\">&hellip;<\/span><\/p>\n<div class=\"read-more\"><a href=\"https:\/\/neue-herbold.com\/fr\/separateurs-de-particules-fines\/\">Lire la suite &#8250;<\/a><\/div>\n<p><!-- end of .read-more --><\/p>\n","protected":false},"author":1,"featured_media":0,"parent":0,"menu_order":0,"comment_status":"closed","ping_status":"closed","template":"","meta":{"footnotes":""},"class_list":["post-8489","page","type-page","status-publish","hentry"],"yoast_head":"<!-- This site is optimized with the Yoast SEO plugin v25.4 - https:\/\/yoast.com\/wordpress\/plugins\/seo\/ -->\n<title>S\u00e9parateurs de particules fines - Neue Herbold GmbH<\/title>\n<meta name=\"description\" content=\"Les s\u00e9parateurs de particules fines de Neue Herbold de la s\u00e9rie HS n&#039;assurent pas seulement le d\u00e9poussi\u00e9rage du mat\u00e9riau broy\u00e9 mais collectent la poussi\u00e8re\" \/>\n<meta name=\"robots\" content=\"index, follow, max-snippet:-1, max-image-preview:large, max-video-preview:-1\" \/>\n<link rel=\"canonical\" href=\"https:\/\/neue-herbold.com\/fr\/separateurs-de-particules-fines\/\" \/>\n<meta property=\"og:locale\" content=\"fr_FR\" \/>\n<meta property=\"og:type\" content=\"article\" \/>\n<meta property=\"og:title\" content=\"S\u00e9parateurs de particules fines - Neue Herbold GmbH\" \/>\n<meta property=\"og:description\" content=\"Les s\u00e9parateurs de particules fines de Neue Herbold de la s\u00e9rie HS n&#039;assurent pas seulement le d\u00e9poussi\u00e9rage du mat\u00e9riau broy\u00e9 mais collectent la poussi\u00e8re\" \/>\n<meta property=\"og:url\" content=\"https:\/\/neue-herbold.com\/fr\/separateurs-de-particules-fines\/\" \/>\n<meta property=\"og:site_name\" content=\"Neue Herbold GmbH\" \/>\n<meta property=\"article:modified_time\" content=\"2016-11-29T21:20:03+00:00\" \/>\n<meta property=\"og:image\" content=\"https:\/\/neue-herbold.com\/wp-content\/uploads\/2014\/12\/Feingutabscheider.jpg\" \/>\n<meta name=\"twitter:label1\" content=\"Dur\u00e9e de lecture estim\u00e9e\" \/>\n\t<meta name=\"twitter:data1\" content=\"2 minutes\" \/>\n<script type=\"application\/ld+json\" class=\"yoast-schema-graph\">{\"@context\":\"https:\/\/schema.org\",\"@graph\":[{\"@type\":\"WebPage\",\"@id\":\"https:\/\/neue-herbold.com\/fr\/separateurs-de-particules-fines\/\",\"url\":\"https:\/\/neue-herbold.com\/fr\/separateurs-de-particules-fines\/\",\"name\":\"S\u00e9parateurs de particules fines - Neue Herbold GmbH\",\"isPartOf\":{\"@id\":\"https:\/\/neue-herbold.com\/en\/#website\"},\"primaryImageOfPage\":{\"@id\":\"https:\/\/neue-herbold.com\/fr\/separateurs-de-particules-fines\/#primaryimage\"},\"image\":{\"@id\":\"https:\/\/neue-herbold.com\/fr\/separateurs-de-particules-fines\/#primaryimage\"},\"thumbnailUrl\":\"https:\/\/neue-herbold.com\/wp-content\/uploads\/2014\/12\/Feingutabscheider.jpg\",\"datePublished\":\"2016-06-03T17:04:07+00:00\",\"dateModified\":\"2016-11-29T21:20:03+00:00\",\"description\":\"Les s\u00e9parateurs de particules fines de Neue Herbold de la s\u00e9rie HS n'assurent pas seulement le d\u00e9poussi\u00e9rage du mat\u00e9riau broy\u00e9 mais collectent la poussi\u00e8re\",\"breadcrumb\":{\"@id\":\"https:\/\/neue-herbold.com\/fr\/separateurs-de-particules-fines\/#breadcrumb\"},\"inLanguage\":\"fr-FR\",\"potentialAction\":[{\"@type\":\"ReadAction\",\"target\":[\"https:\/\/neue-herbold.com\/fr\/separateurs-de-particules-fines\/\"]}]},{\"@type\":\"ImageObject\",\"inLanguage\":\"fr-FR\",\"@id\":\"https:\/\/neue-herbold.com\/fr\/separateurs-de-particules-fines\/#primaryimage\",\"url\":\"https:\/\/neue-herbold.com\/wp-content\/uploads\/2014\/12\/Feingutabscheider.jpg\",\"contentUrl\":\"https:\/\/neue-herbold.com\/wp-content\/uploads\/2014\/12\/Feingutabscheider.jpg\"},{\"@type\":\"BreadcrumbList\",\"@id\":\"https:\/\/neue-herbold.com\/fr\/separateurs-de-particules-fines\/#breadcrumb\",\"itemListElement\":[{\"@type\":\"ListItem\",\"position\":1,\"name\":\"Startseite\",\"item\":\"https:\/\/neue-herbold.com\/fr\/\"},{\"@type\":\"ListItem\",\"position\":2,\"name\":\"S\u00e9parateurs de particules fines\"}]},{\"@type\":\"WebSite\",\"@id\":\"https:\/\/neue-herbold.com\/en\/#website\",\"url\":\"https:\/\/neue-herbold.com\/en\/\",\"name\":\"Neue Herbold GmbH\",\"description\":\"\",\"potentialAction\":[{\"@type\":\"SearchAction\",\"target\":{\"@type\":\"EntryPoint\",\"urlTemplate\":\"https:\/\/neue-herbold.com\/en\/?s={search_term_string}\"},\"query-input\":{\"@type\":\"PropertyValueSpecification\",\"valueRequired\":true,\"valueName\":\"search_term_string\"}}],\"inLanguage\":\"fr-FR\"}]}<\/script>\n<!-- \/ Yoast SEO plugin. -->","yoast_head_json":{"title":"S\u00e9parateurs de particules fines - Neue Herbold GmbH","description":"Les s\u00e9parateurs de particules fines de Neue Herbold de la s\u00e9rie HS n'assurent pas seulement le d\u00e9poussi\u00e9rage du mat\u00e9riau broy\u00e9 mais collectent la poussi\u00e8re","robots":{"index":"index","follow":"follow","max-snippet":"max-snippet:-1","max-image-preview":"max-image-preview:large","max-video-preview":"max-video-preview:-1"},"canonical":"https:\/\/neue-herbold.com\/fr\/separateurs-de-particules-fines\/","og_locale":"fr_FR","og_type":"article","og_title":"S\u00e9parateurs de particules fines - Neue Herbold GmbH","og_description":"Les s\u00e9parateurs de particules fines de Neue Herbold de la s\u00e9rie HS n'assurent pas seulement le d\u00e9poussi\u00e9rage du mat\u00e9riau broy\u00e9 mais collectent la poussi\u00e8re","og_url":"https:\/\/neue-herbold.com\/fr\/separateurs-de-particules-fines\/","og_site_name":"Neue Herbold GmbH","article_modified_time":"2016-11-29T21:20:03+00:00","og_image":[{"url":"https:\/\/neue-herbold.com\/wp-content\/uploads\/2014\/12\/Feingutabscheider.jpg","type":"","width":"","height":""}],"twitter_misc":{"Dur\u00e9e de lecture estim\u00e9e":"2 minutes"},"schema":{"@context":"https:\/\/schema.org","@graph":[{"@type":"WebPage","@id":"https:\/\/neue-herbold.com\/fr\/separateurs-de-particules-fines\/","url":"https:\/\/neue-herbold.com\/fr\/separateurs-de-particules-fines\/","name":"S\u00e9parateurs de particules fines - Neue Herbold GmbH","isPartOf":{"@id":"https:\/\/neue-herbold.com\/en\/#website"},"primaryImageOfPage":{"@id":"https:\/\/neue-herbold.com\/fr\/separateurs-de-particules-fines\/#primaryimage"},"image":{"@id":"https:\/\/neue-herbold.com\/fr\/separateurs-de-particules-fines\/#primaryimage"},"thumbnailUrl":"https:\/\/neue-herbold.com\/wp-content\/uploads\/2014\/12\/Feingutabscheider.jpg","datePublished":"2016-06-03T17:04:07+00:00","dateModified":"2016-11-29T21:20:03+00:00","description":"Les s\u00e9parateurs de particules fines de Neue Herbold de la s\u00e9rie HS n'assurent pas seulement le d\u00e9poussi\u00e9rage du mat\u00e9riau broy\u00e9 mais collectent la poussi\u00e8re","breadcrumb":{"@id":"https:\/\/neue-herbold.com\/fr\/separateurs-de-particules-fines\/#breadcrumb"},"inLanguage":"fr-FR","potentialAction":[{"@type":"ReadAction","target":["https:\/\/neue-herbold.com\/fr\/separateurs-de-particules-fines\/"]}]},{"@type":"ImageObject","inLanguage":"fr-FR","@id":"https:\/\/neue-herbold.com\/fr\/separateurs-de-particules-fines\/#primaryimage","url":"https:\/\/neue-herbold.com\/wp-content\/uploads\/2014\/12\/Feingutabscheider.jpg","contentUrl":"https:\/\/neue-herbold.com\/wp-content\/uploads\/2014\/12\/Feingutabscheider.jpg"},{"@type":"BreadcrumbList","@id":"https:\/\/neue-herbold.com\/fr\/separateurs-de-particules-fines\/#breadcrumb","itemListElement":[{"@type":"ListItem","position":1,"name":"Startseite","item":"https:\/\/neue-herbold.com\/fr\/"},{"@type":"ListItem","position":2,"name":"S\u00e9parateurs de particules fines"}]},{"@type":"WebSite","@id":"https:\/\/neue-herbold.com\/en\/#website","url":"https:\/\/neue-herbold.com\/en\/","name":"Neue Herbold GmbH","description":"","potentialAction":[{"@type":"SearchAction","target":{"@type":"EntryPoint","urlTemplate":"https:\/\/neue-herbold.com\/en\/?s={search_term_string}"},"query-input":{"@type":"PropertyValueSpecification","valueRequired":true,"valueName":"search_term_string"}}],"inLanguage":"fr-FR"}]}},"_links":{"self":[{"href":"https:\/\/neue-herbold.com\/fr\/wp-json\/wp\/v2\/pages\/8489"}],"collection":[{"href":"https:\/\/neue-herbold.com\/fr\/wp-json\/wp\/v2\/pages"}],"about":[{"href":"https:\/\/neue-herbold.com\/fr\/wp-json\/wp\/v2\/types\/page"}],"author":[{"embeddable":true,"href":"https:\/\/neue-herbold.com\/fr\/wp-json\/wp\/v2\/users\/1"}],"replies":[{"embeddable":true,"href":"https:\/\/neue-herbold.com\/fr\/wp-json\/wp\/v2\/comments?post=8489"}],"version-history":[{"count":3,"href":"https:\/\/neue-herbold.com\/fr\/wp-json\/wp\/v2\/pages\/8489\/revisions"}],"predecessor-version":[{"id":10421,"href":"https:\/\/neue-herbold.com\/fr\/wp-json\/wp\/v2\/pages\/8489\/revisions\/10421"}],"wp:attachment":[{"href":"https:\/\/neue-herbold.com\/fr\/wp-json\/wp\/v2\/media?parent=8489"}],"curies":[{"name":"wp","href":"https:\/\/api.w.org\/{rel}","templated":true}]}}