{"id":8458,"date":"2016-06-03T18:29:26","date_gmt":"2016-06-03T16:29:26","guid":{"rendered":"https:\/\/neue-herbold.com\/fr\/schneidmuehlen-sx\/"},"modified":"2017-01-24T18:49:22","modified_gmt":"2017-01-24T17:49:22","slug":"broyeurs-sx","status":"publish","type":"page","link":"https:\/\/neue-herbold.com\/fr\/broyeurs-sx\/","title":{"rendered":"Broyeurs SX"},"content":{"rendered":"<p><span style=\"color: #000000;\"><strong><a href=\"https:\/\/neue-herbold.com\/wp-content\/uploads\/2014\/12\/SX800_1200.jpg\" target=\"_blank\"><img loading=\"lazy\" decoding=\"async\" class=\"alignright wp-image-3006\" src=\"https:\/\/neue-herbold.com\/wp-content\/uploads\/2014\/12\/SX800_1200.jpg\" alt=\"SX800_1200\" width=\"352\" height=\"522\" srcset=\"https:\/\/neue-herbold.com\/wp-content\/uploads\/2014\/12\/SX800_1200.jpg 608w, https:\/\/neue-herbold.com\/wp-content\/uploads\/2014\/12\/SX800_1200-202x300.jpg 202w, https:\/\/neue-herbold.com\/wp-content\/uploads\/2014\/12\/SX800_1200-100x148.jpg 100w, https:\/\/neue-herbold.com\/wp-content\/uploads\/2014\/12\/SX800_1200-150x222.jpg 150w, https:\/\/neue-herbold.com\/wp-content\/uploads\/2014\/12\/SX800_1200-200x296.jpg 200w, https:\/\/neue-herbold.com\/wp-content\/uploads\/2014\/12\/SX800_1200-300x444.jpg 300w, https:\/\/neue-herbold.com\/wp-content\/uploads\/2014\/12\/SX800_1200-450x666.jpg 450w, https:\/\/neue-herbold.com\/wp-content\/uploads\/2014\/12\/SX800_1200-600x888.jpg 600w\" sizes=\"(max-width: 352px) 100vw, 352px\" \/><\/a><\/strong><\/span><em><strong>Secteur d\u2019emploi<\/strong><\/em><\/p>\n<p>Les broyeurs <strong>NEUE HERBOLD<\/strong> type SX sont des machines hautes performances. Ses secteurs d\u2019emploi :<\/p>\n<ul>\n<li>Broyage des grands quantit\u00e9s des films minces, comme<\/li>\n<li>BOPP\/BOPET\/PP<\/li>\n<li>Broyage des pelotes des fils<\/li>\n<li>Broyage des Big-Bags en PP<\/li>\n<li>Broyage des caissons \u00e0 boissons\/bouteilles<\/li>\n<li>Broyage des bouteilles en PET<\/li>\n<li>Broyage des corps creux<\/li>\n<li>Broyage des paquets des films<\/li>\n<li>Recyclage \/ broyage des films et en ligne et hors ligne.<\/li>\n<\/ul>\n<p>Sur une diam\u00e8tre de 800 mm, une largueur de travail jusqu\u2019\u00e0 2000 mm, et un entra\u00eenement jusqu\u2019\u00e0 315 kW, selon la perforation et le mat\u00e9riel, on peut atteindre un d\u00e9bit jusqu\u2019\u00e0 15 tonnes par heure.<\/p>\n<p><strong><em>Technique<\/em><\/strong><\/p>\n<p>Les broyeurs <strong>NEUE HERBOLD<\/strong> type SX sont \u00e9quip\u00e9s de coupe oblique double. Les couteaux rotor sont inclin\u00e9s et travaillent contre les couteaux stator, qui sont inclin\u00e9s dans le sens oppos\u00e9.<\/p>\n<p><em><span style=\"color: #000000;\"><strong><a href=\"https:\/\/neue-herbold.com\/wp-content\/uploads\/2014\/12\/Einstelllehre.jpg\" target=\"_blank\"><img loading=\"lazy\" decoding=\"async\" class=\"alignleft wp-image-3009\" src=\"https:\/\/neue-herbold.com\/wp-content\/uploads\/2014\/12\/Einstelllehre-300x225.jpg\" alt=\"Einstelllehre\" width=\"211\" height=\"158\" srcset=\"https:\/\/neue-herbold.com\/wp-content\/uploads\/2014\/12\/Einstelllehre-300x225.jpg 300w, https:\/\/neue-herbold.com\/wp-content\/uploads\/2014\/12\/Einstelllehre-100x75.jpg 100w, https:\/\/neue-herbold.com\/wp-content\/uploads\/2014\/12\/Einstelllehre-150x112.jpg 150w, https:\/\/neue-herbold.com\/wp-content\/uploads\/2014\/12\/Einstelllehre-200x150.jpg 200w, https:\/\/neue-herbold.com\/wp-content\/uploads\/2014\/12\/Einstelllehre-450x337.jpg 450w, https:\/\/neue-herbold.com\/wp-content\/uploads\/2014\/12\/Einstelllehre-600x450.jpg 600w, https:\/\/neue-herbold.com\/wp-content\/uploads\/2014\/12\/Einstelllehre-900x675.jpg 900w, https:\/\/neue-herbold.com\/wp-content\/uploads\/2014\/12\/Einstelllehre.jpg 1024w\" sizes=\"(max-width: 211px) 100vw, 211px\" \/><\/a><\/strong><\/span><\/em>L\u2019ajustage des couteaux rotor et stator est effectu\u00e9 au dehors de la machine dans une r\u00e8gle. Le logement du rotor est situ\u00e9 s\u00e9par\u00e9ment \u00e0 l\u2019ext\u00e9rieur du cadre de la machine, ce que garantie leur isolation du espace de broyage.<\/p>\n<p>Le cadre, qui est soud\u00e9 et incassable, peut \u00eatre \u00e9quip\u00e9 des plaques d\u2019usure et r\u00e9siste m\u00eame aux charges extr\u00eames. Les couteaux sont arrang\u00e9s dans la forme d\u2019un \u00ab V \u00bb. Cette g\u00e9om\u00e9trie de coupe permet une fente de coupe pr\u00e9cise sur toute la longueur de coupe et cause une coupe extr\u00eamement efficace avec un niveau sonore largement reduite.<\/p>\n<p>En outre, par cet arrangement des couteaux, la charge thermique des mat\u00e9riaux est r\u00e9duite largement, comme la distribution sur la largueur de l\u2019espace de broyage est presque uniforme.<\/p>\n<p><em><span style=\"color: #000000;\"><strong><a href=\"https:\/\/neue-herbold.com\/wp-content\/uploads\/2014\/12\/SX-800_1200-S7-3-\u00b497-IV.jpg\" target=\"_blank\"><img loading=\"lazy\" decoding=\"async\" class=\"alignleft wp-image-3007\" src=\"https:\/\/neue-herbold.com\/wp-content\/uploads\/2014\/12\/SX-800_1200-S7-3-\u00b497-IV.jpg\" alt=\"SX 800_1200-S7-3 \u00b497 IV\" width=\"206\" height=\"277\" srcset=\"https:\/\/neue-herbold.com\/wp-content\/uploads\/2014\/12\/SX-800_1200-S7-3-\u00b497-IV.jpg 355w, https:\/\/neue-herbold.com\/wp-content\/uploads\/2014\/12\/SX-800_1200-S7-3-\u00b497-IV-222x300.jpg 222w, https:\/\/neue-herbold.com\/wp-content\/uploads\/2014\/12\/SX-800_1200-S7-3-\u00b497-IV-100x134.jpg 100w, https:\/\/neue-herbold.com\/wp-content\/uploads\/2014\/12\/SX-800_1200-S7-3-\u00b497-IV-150x201.jpg 150w, https:\/\/neue-herbold.com\/wp-content\/uploads\/2014\/12\/SX-800_1200-S7-3-\u00b497-IV-200x269.jpg 200w, https:\/\/neue-herbold.com\/wp-content\/uploads\/2014\/12\/SX-800_1200-S7-3-\u00b497-IV-300x403.jpg 300w\" sizes=\"(max-width: 206px) 100vw, 206px\" \/><\/a><\/strong><\/span><\/em><\/p>\n<p><em><strong>Avantages<\/strong><\/em><\/p>\n<ul>\n<li>Peu encombrant<\/li>\n<li>Faible consommation d\u2019\u00e9nergie<\/li>\n<li>Niveau sonore bas \u00e0 cause de coupe oblique<\/li>\n<li>D\u00e9bit supr\u00eame<\/li>\n<li>Temps d\u2019arr\u00eat pour \u00e9change des couteaux r\u00e9duit \u00e0 cause d\u2019ajustage a l\u2019ext\u00e9rieur de la machine<\/li>\n<\/ul>\n<p>&nbsp;<\/p>\n<p>&nbsp;<\/p>\n<table>\n<tbody>\n<tr>\n<td style=\"text-align: center;\"><span style=\"color: #000000;\"><strong>Type<\/strong><\/span><\/td>\n<td style=\"text-align: center;\"><span style=\"color: #000000;\"><strong>A <br \/>(mm)<\/strong><\/span><\/td>\n<td style=\"text-align: center;\"><span style=\"color: #000000;\"><strong>B <br \/>(mm)<\/strong><\/span><\/td>\n<td style=\"text-align: center;\"><span style=\"color: #000000;\"><strong>C <br \/>(mm)<\/strong><\/span><\/td>\n<td style=\"text-align: center;\"><span style=\"color: #000000;\"><strong>D <br \/>(mm)<\/strong><\/span><\/td>\n<td style=\"text-align: center;\"><span style=\"color: #000000;\"><strong>E <br \/>(mm)<\/strong><\/span><\/td>\n<\/tr>\n<tr>\n<td style=\"text-align: center;\"><span style=\"color: #000000;\">Broyeur type SX 800\/1200<\/span><\/td>\n<td style=\"text-align: center;\"><span style=\"color: #000000;\">1645<\/span><\/td>\n<td style=\"text-align: center;\"><span style=\"color: #000000;\">2790<\/span><\/td>\n<td style=\"text-align: center;\"><span style=\"color: #000000;\">1304<\/span><\/td>\n<td style=\"text-align: center;\"><span style=\"color: #000000;\">2584<\/span><\/td>\n<td style=\"text-align: center;\"><span style=\"color: #000000;\">940<\/span><\/td>\n<\/tr>\n<tr>\n<td style=\"text-align: center;\"><span style=\"color: #000000;\">Broyeur type SX 800\/1600<\/span><\/td>\n<td style=\"text-align: center;\"><span style=\"color: #000000;\">2063<\/span><\/td>\n<td style=\"text-align: center;\"><span style=\"color: #000000;\">2700<\/span><\/td>\n<td style=\"text-align: center;\"><span style=\"color: #000000;\">1584<\/span><\/td>\n<td style=\"text-align: center;\"><span style=\"color: #000000;\">2819<\/span><\/td>\n<td style=\"text-align: center;\"><span style=\"color: #000000;\">940<\/span><\/td>\n<\/tr>\n<tr>\n<td style=\"text-align: center;\"><span style=\"color: #000000;\">Broyeur type SX 800\/2000<\/span><\/td>\n<td style=\"text-align: center;\"><span style=\"color: #000000;\">2000<\/span><\/td>\n<td style=\"text-align: center;\"><span style=\"color: #000000;\">2730<\/span><\/td>\n<td style=\"text-align: center;\"><span style=\"color: #000000;\">2104<\/span><\/td>\n<td style=\"text-align: center;\"><span style=\"color: #000000;\">3384<\/span><\/td>\n<td style=\"text-align: center;\"><span style=\"color: #000000;\">940<\/span><\/td>\n<\/tr>\n<\/tbody>\n<\/table>\n<p><a href=\"https:\/\/neue-herbold.com\/wp-content\/uploads\/2014\/12\/Masse-SM.jpg\" target=\"_blank\"><img loading=\"lazy\" decoding=\"async\" src=\"https:\/\/neue-herbold.com\/wp-content\/uploads\/2014\/12\/Masse-SM-300x208.jpg\" alt=\"\" width=\"371\" height=\"257\" \/><\/a><\/p>\n","protected":false},"excerpt":{"rendered":"<p><span style=\"color: #000000;\"><strong><a href=\"https:\/\/neue-herbold.com\/wp-content\/uploads\/2014\/12\/SX800_1200.jpg\" target=\"_blank\"><img loading=\"lazy\" decoding=\"async\" class=\"alignright wp-image-3006\" src=\"https:\/\/neue-herbold.com\/wp-content\/uploads\/2014\/12\/SX800_1200.jpg\" alt=\"SX800_1200\" width=\"352\" height=\"522\" srcset=\"https:\/\/neue-herbold.com\/wp-content\/uploads\/2014\/12\/SX800_1200.jpg 608w, https:\/\/neue-herbold.com\/wp-content\/uploads\/2014\/12\/SX800_1200-202x300.jpg 202w, https:\/\/neue-herbold.com\/wp-content\/uploads\/2014\/12\/SX800_1200-100x148.jpg 100w, https:\/\/neue-herbold.com\/wp-content\/uploads\/2014\/12\/SX800_1200-150x222.jpg 150w, https:\/\/neue-herbold.com\/wp-content\/uploads\/2014\/12\/SX800_1200-200x296.jpg 200w, https:\/\/neue-herbold.com\/wp-content\/uploads\/2014\/12\/SX800_1200-300x444.jpg 300w, https:\/\/neue-herbold.com\/wp-content\/uploads\/2014\/12\/SX800_1200-450x666.jpg 450w, https:\/\/neue-herbold.com\/wp-content\/uploads\/2014\/12\/SX800_1200-600x888.jpg 600w\" sizes=\"(max-width: 352px) 100vw, 352px\" \/><\/a><\/strong><\/span><em><strong>Secteur d\u2019emploi<\/strong><\/em><\/p>\n<p>Les broyeurs <strong>NEUE HERBOLD<\/strong> type SX sont des machines hautes performances. Ses secteurs d\u2019emploi :<\/p>\n<ul>\n<li>Broyage des grands quantit\u00e9s des films minces,<\/li>\n<\/ul>\n<p><span class=\"ellipsis\">&hellip;<\/span><\/p>\n<div class=\"read-more\"><a href=\"https:\/\/neue-herbold.com\/fr\/broyeurs-sx\/\">Lire la suite &#8250;<\/a><\/div>\n<p><!-- end of .read-more --><\/p>\n","protected":false},"author":1,"featured_media":0,"parent":0,"menu_order":0,"comment_status":"closed","ping_status":"closed","template":"","meta":{"footnotes":""},"class_list":["post-8458","page","type-page","status-publish","hentry"],"yoast_head":"<!-- This site is optimized with the Yoast SEO plugin v25.4 - https:\/\/yoast.com\/wordpress\/plugins\/seo\/ -->\n<title>Broyeurs SX - Neue Herbold GmbH<\/title>\n<meta name=\"description\" content=\"Les broyeurs NEUE HERBOLD type SX sont des machines hautes performances. Ses secteurs d\u2019emploi : \u2022 Broyage des grands quantit\u00e9s des films minces, comme\" \/>\n<meta name=\"robots\" content=\"index, follow, max-snippet:-1, max-image-preview:large, max-video-preview:-1\" \/>\n<link rel=\"canonical\" href=\"https:\/\/neue-herbold.com\/fr\/broyeurs-sx\/\" \/>\n<meta property=\"og:locale\" content=\"fr_FR\" \/>\n<meta property=\"og:type\" content=\"article\" \/>\n<meta property=\"og:title\" content=\"Broyeurs SX - Neue Herbold GmbH\" \/>\n<meta property=\"og:description\" content=\"Les broyeurs NEUE HERBOLD type SX sont des machines hautes performances. Ses secteurs d\u2019emploi : \u2022 Broyage des grands quantit\u00e9s des films minces, comme\" \/>\n<meta property=\"og:url\" content=\"https:\/\/neue-herbold.com\/fr\/broyeurs-sx\/\" \/>\n<meta property=\"og:site_name\" content=\"Neue Herbold GmbH\" \/>\n<meta property=\"article:modified_time\" content=\"2017-01-24T17:49:22+00:00\" \/>\n<meta property=\"og:image\" content=\"https:\/\/neue-herbold.com\/wp-content\/uploads\/2014\/12\/SX800_1200.jpg\" \/>\n<meta name=\"twitter:label1\" content=\"Dur\u00e9e de lecture estim\u00e9e\" \/>\n\t<meta name=\"twitter:data1\" content=\"2 minutes\" \/>\n<script type=\"application\/ld+json\" class=\"yoast-schema-graph\">{\"@context\":\"https:\/\/schema.org\",\"@graph\":[{\"@type\":\"WebPage\",\"@id\":\"https:\/\/neue-herbold.com\/fr\/broyeurs-sx\/\",\"url\":\"https:\/\/neue-herbold.com\/fr\/broyeurs-sx\/\",\"name\":\"Broyeurs SX - Neue Herbold GmbH\",\"isPartOf\":{\"@id\":\"https:\/\/neue-herbold.com\/en\/#website\"},\"primaryImageOfPage\":{\"@id\":\"https:\/\/neue-herbold.com\/fr\/broyeurs-sx\/#primaryimage\"},\"image\":{\"@id\":\"https:\/\/neue-herbold.com\/fr\/broyeurs-sx\/#primaryimage\"},\"thumbnailUrl\":\"https:\/\/neue-herbold.com\/wp-content\/uploads\/2014\/12\/SX800_1200.jpg\",\"datePublished\":\"2016-06-03T16:29:26+00:00\",\"dateModified\":\"2017-01-24T17:49:22+00:00\",\"description\":\"Les broyeurs NEUE HERBOLD type SX sont des machines hautes performances. Ses secteurs d\u2019emploi : \u2022 Broyage des grands quantit\u00e9s des films minces, comme\",\"breadcrumb\":{\"@id\":\"https:\/\/neue-herbold.com\/fr\/broyeurs-sx\/#breadcrumb\"},\"inLanguage\":\"fr-FR\",\"potentialAction\":[{\"@type\":\"ReadAction\",\"target\":[\"https:\/\/neue-herbold.com\/fr\/broyeurs-sx\/\"]}]},{\"@type\":\"ImageObject\",\"inLanguage\":\"fr-FR\",\"@id\":\"https:\/\/neue-herbold.com\/fr\/broyeurs-sx\/#primaryimage\",\"url\":\"https:\/\/neue-herbold.com\/wp-content\/uploads\/2014\/12\/SX800_1200.jpg\",\"contentUrl\":\"https:\/\/neue-herbold.com\/wp-content\/uploads\/2014\/12\/SX800_1200.jpg\"},{\"@type\":\"BreadcrumbList\",\"@id\":\"https:\/\/neue-herbold.com\/fr\/broyeurs-sx\/#breadcrumb\",\"itemListElement\":[{\"@type\":\"ListItem\",\"position\":1,\"name\":\"Startseite\",\"item\":\"https:\/\/neue-herbold.com\/fr\/\"},{\"@type\":\"ListItem\",\"position\":2,\"name\":\"Broyeurs SX\"}]},{\"@type\":\"WebSite\",\"@id\":\"https:\/\/neue-herbold.com\/en\/#website\",\"url\":\"https:\/\/neue-herbold.com\/en\/\",\"name\":\"Neue Herbold GmbH\",\"description\":\"\",\"potentialAction\":[{\"@type\":\"SearchAction\",\"target\":{\"@type\":\"EntryPoint\",\"urlTemplate\":\"https:\/\/neue-herbold.com\/en\/?s={search_term_string}\"},\"query-input\":{\"@type\":\"PropertyValueSpecification\",\"valueRequired\":true,\"valueName\":\"search_term_string\"}}],\"inLanguage\":\"fr-FR\"}]}<\/script>\n<!-- \/ Yoast SEO plugin. -->","yoast_head_json":{"title":"Broyeurs SX - Neue Herbold GmbH","description":"Les broyeurs NEUE HERBOLD type SX sont des machines hautes performances. Ses secteurs d\u2019emploi : \u2022 Broyage des grands quantit\u00e9s des films minces, comme","robots":{"index":"index","follow":"follow","max-snippet":"max-snippet:-1","max-image-preview":"max-image-preview:large","max-video-preview":"max-video-preview:-1"},"canonical":"https:\/\/neue-herbold.com\/fr\/broyeurs-sx\/","og_locale":"fr_FR","og_type":"article","og_title":"Broyeurs SX - Neue Herbold GmbH","og_description":"Les broyeurs NEUE HERBOLD type SX sont des machines hautes performances. Ses secteurs d\u2019emploi : \u2022 Broyage des grands quantit\u00e9s des films minces, comme","og_url":"https:\/\/neue-herbold.com\/fr\/broyeurs-sx\/","og_site_name":"Neue Herbold GmbH","article_modified_time":"2017-01-24T17:49:22+00:00","og_image":[{"url":"https:\/\/neue-herbold.com\/wp-content\/uploads\/2014\/12\/SX800_1200.jpg","type":"","width":"","height":""}],"twitter_misc":{"Dur\u00e9e de lecture estim\u00e9e":"2 minutes"},"schema":{"@context":"https:\/\/schema.org","@graph":[{"@type":"WebPage","@id":"https:\/\/neue-herbold.com\/fr\/broyeurs-sx\/","url":"https:\/\/neue-herbold.com\/fr\/broyeurs-sx\/","name":"Broyeurs SX - Neue Herbold GmbH","isPartOf":{"@id":"https:\/\/neue-herbold.com\/en\/#website"},"primaryImageOfPage":{"@id":"https:\/\/neue-herbold.com\/fr\/broyeurs-sx\/#primaryimage"},"image":{"@id":"https:\/\/neue-herbold.com\/fr\/broyeurs-sx\/#primaryimage"},"thumbnailUrl":"https:\/\/neue-herbold.com\/wp-content\/uploads\/2014\/12\/SX800_1200.jpg","datePublished":"2016-06-03T16:29:26+00:00","dateModified":"2017-01-24T17:49:22+00:00","description":"Les broyeurs NEUE HERBOLD type SX sont des machines hautes performances. Ses secteurs d\u2019emploi : \u2022 Broyage des grands quantit\u00e9s des films minces, comme","breadcrumb":{"@id":"https:\/\/neue-herbold.com\/fr\/broyeurs-sx\/#breadcrumb"},"inLanguage":"fr-FR","potentialAction":[{"@type":"ReadAction","target":["https:\/\/neue-herbold.com\/fr\/broyeurs-sx\/"]}]},{"@type":"ImageObject","inLanguage":"fr-FR","@id":"https:\/\/neue-herbold.com\/fr\/broyeurs-sx\/#primaryimage","url":"https:\/\/neue-herbold.com\/wp-content\/uploads\/2014\/12\/SX800_1200.jpg","contentUrl":"https:\/\/neue-herbold.com\/wp-content\/uploads\/2014\/12\/SX800_1200.jpg"},{"@type":"BreadcrumbList","@id":"https:\/\/neue-herbold.com\/fr\/broyeurs-sx\/#breadcrumb","itemListElement":[{"@type":"ListItem","position":1,"name":"Startseite","item":"https:\/\/neue-herbold.com\/fr\/"},{"@type":"ListItem","position":2,"name":"Broyeurs SX"}]},{"@type":"WebSite","@id":"https:\/\/neue-herbold.com\/en\/#website","url":"https:\/\/neue-herbold.com\/en\/","name":"Neue Herbold GmbH","description":"","potentialAction":[{"@type":"SearchAction","target":{"@type":"EntryPoint","urlTemplate":"https:\/\/neue-herbold.com\/en\/?s={search_term_string}"},"query-input":{"@type":"PropertyValueSpecification","valueRequired":true,"valueName":"search_term_string"}}],"inLanguage":"fr-FR"}]}},"_links":{"self":[{"href":"https:\/\/neue-herbold.com\/fr\/wp-json\/wp\/v2\/pages\/8458"}],"collection":[{"href":"https:\/\/neue-herbold.com\/fr\/wp-json\/wp\/v2\/pages"}],"about":[{"href":"https:\/\/neue-herbold.com\/fr\/wp-json\/wp\/v2\/types\/page"}],"author":[{"embeddable":true,"href":"https:\/\/neue-herbold.com\/fr\/wp-json\/wp\/v2\/users\/1"}],"replies":[{"embeddable":true,"href":"https:\/\/neue-herbold.com\/fr\/wp-json\/wp\/v2\/comments?post=8458"}],"version-history":[{"count":4,"href":"https:\/\/neue-herbold.com\/fr\/wp-json\/wp\/v2\/pages\/8458\/revisions"}],"predecessor-version":[{"id":10582,"href":"https:\/\/neue-herbold.com\/fr\/wp-json\/wp\/v2\/pages\/8458\/revisions\/10582"}],"wp:attachment":[{"href":"https:\/\/neue-herbold.com\/fr\/wp-json\/wp\/v2\/media?parent=8458"}],"curies":[{"name":"wp","href":"https:\/\/api.w.org\/{rel}","templated":true}]}}