{"id":8448,"date":"2016-06-03T18:26:12","date_gmt":"2016-06-03T16:26:12","guid":{"rendered":"https:\/\/neue-herbold.com\/fr\/hammermuehlen\/"},"modified":"2016-06-03T19:56:05","modified_gmt":"2016-06-03T17:56:05","slug":"broyeur-a-marteaux-hm","status":"publish","type":"page","link":"https:\/\/neue-herbold.com\/fr\/broyeur-a-marteaux-hm\/","title":{"rendered":"Broyeur \u00e0 Marteaux HM"},"content":{"rendered":"<p><span style=\"color: #000000;\"><strong><a href=\"https:\/\/neue-herbold.com\/wp-content\/uploads\/2014\/11\/Hammermuehle-002.jpg\" target=\"_blank\"><img loading=\"lazy\" decoding=\"async\" class=\"alignright wp-image-3315\" src=\"https:\/\/neue-herbold.com\/wp-content\/uploads\/2014\/11\/Hammermuehle-002.jpg\" alt=\"Broyeur \u00e0 Marteaux HM\" width=\"469\" height=\"369\" srcset=\"https:\/\/neue-herbold.com\/wp-content\/uploads\/2014\/11\/Hammermuehle-002.jpg 752w, https:\/\/neue-herbold.com\/wp-content\/uploads\/2014\/11\/Hammermuehle-002-300x235.jpg 300w, https:\/\/neue-herbold.com\/wp-content\/uploads\/2014\/11\/Hammermuehle-002-100x78.jpg 100w, https:\/\/neue-herbold.com\/wp-content\/uploads\/2014\/11\/Hammermuehle-002-150x117.jpg 150w, https:\/\/neue-herbold.com\/wp-content\/uploads\/2014\/11\/Hammermuehle-002-200x157.jpg 200w, https:\/\/neue-herbold.com\/wp-content\/uploads\/2014\/11\/Hammermuehle-002-450x353.jpg 450w, https:\/\/neue-herbold.com\/wp-content\/uploads\/2014\/11\/Hammermuehle-002-600x471.jpg 600w\" sizes=\"(max-width: 469px) 100vw, 469px\" \/><\/a><\/strong>Le broyeur \u00e0 marteaux de <strong>NEUE HERBOLD<\/strong> de la s\u00e9rie HM offrent des possibilit\u00e9s d&rsquo;utilisation polyvalentes.<\/span><\/p>\n<p><em><span style=\"color: #000000;\"><strong>Rentables et polyvalents<\/strong> <\/span><\/em><br \/> <span style=\"color: #000000;\">Les broyeurs \u00e0 marteaux de la s\u00e9rie HM ont \u00e9t\u00e9 con\u00e7us sp\u00e9cialement pour le broyage \u00e0 faible apport d&rsquo;\u00e9nergie de toutes sortes de mat\u00e9riaux qui se cassent directement tels que les<\/span><\/p>\n<ul>\n<li><span style=\"color: #000000;\">mati\u00e8res plastiques rigides cassantes<\/span><\/li>\n<li><span style=\"color: #000000;\">d\u00e9chets \u00e9lectriques\/\u00e9lectroniques<\/span><\/li>\n<li><span style=\"color: #000000;\">d\u00e9chets de bois<\/span><\/li>\n<li><span style=\"color: #000000;\">d\u00e9chets d&rsquo;isolations min\u00e9rales <br \/> (laine de verre, laine de roche, &#8230;)<\/span><\/li>\n<li><span style=\"color: #000000;\">dans le but d&rsquo;assurer un rendement tr\u00e8s \u00e9lev\u00e9.<\/span><\/li>\n<\/ul>\n<p><span style=\"color: #000000;\">Afin d&rsquo;obtenir dans tous les cas un broyage optimal, il est possible d&rsquo;\u00e9quiper l&rsquo;arbre du rotor et le bo\u00eetier de la machine de divers outils auxiliaires.<\/span><\/p>\n<p><em><span style=\"color: #000000;\"><strong><a href=\"https:\/\/neue-herbold.com\/wp-content\/uploads\/2014\/11\/Hammerm\u00fchle-03.jpg\" target=\"_blank\"><img loading=\"lazy\" decoding=\"async\" class=\"alignleft wp-image-3346 size-medium\" src=\"https:\/\/neue-herbold.com\/wp-content\/uploads\/2014\/11\/Hammerm\u00fchle-03-221x300.jpg\" alt=\"\" width=\"221\" height=\"300\" srcset=\"https:\/\/neue-herbold.com\/wp-content\/uploads\/2014\/11\/Hammerm\u00fchle-03-221x300.jpg 221w, https:\/\/neue-herbold.com\/wp-content\/uploads\/2014\/11\/Hammerm\u00fchle-03-100x135.jpg 100w, https:\/\/neue-herbold.com\/wp-content\/uploads\/2014\/11\/Hammerm\u00fchle-03-200x270.jpg 200w, https:\/\/neue-herbold.com\/wp-content\/uploads\/2014\/11\/Hammerm\u00fchle-03-450x608.jpg 450w, https:\/\/neue-herbold.com\/wp-content\/uploads\/2014\/11\/Hammerm\u00fchle-03.jpg 473w\" sizes=\"(max-width: 221px) 100vw, 221px\" \/><\/a><\/strong><\/span><\/em><em><span style=\"color: #000000;\"><strong>Construction soud\u00e9e en acier massif<\/strong> <\/span><\/em><br \/> <span style=\"color: #000000;\">Les broyeurs \u00e0 marteaux de <strong>NEUE HERBOLD<\/strong> de la s\u00e9rie HM sont extr\u00eamement stables et r\u00e9sistent, gr\u00e2ce \u00e0 la construction soud\u00e9e robuste en acier, m\u00eame aux sollicitations exceptionnelles.<\/span><\/p>\n<p><span style=\"color: #000000;\"><strong>P<em>laquettes d&rsquo;usure rempla\u00e7ables<\/em><\/strong><\/span><br \/> <span style=\"color: #000000;\">La chambre de broyage est enti\u00e8rement rev\u00eatue de plaquettes d&rsquo;usure, celles-ci fix\u00e9es par des vis et donc rempla\u00e7ables, qui prot\u00e8gent le bo\u00eetier de la machine contre l&rsquo;abrasion. (Remplacement facile quand les surfaces respectives sont us\u00e9es)<\/span><\/p>\n<p><em><span style=\"color: #000000;\"><strong>Logement ext\u00e9rieur<\/strong> <\/span><\/em><br \/> <span style=\"color: #000000;\">Le logement est assur\u00e9 par des paliers fixes, \u00e0 l&rsquo;ext\u00e9rieur et s\u00e9par\u00e9 de la chambre de broyage. Cela emp\u00eache la p\u00e9n\u00e9tration dans le logement de particules de poussi\u00e8res provenant de la chambre de broyage et donc une usure pr\u00e9coce des paliers du rotor.<\/span><\/p>\n<p><span style=\"color: #000000;\">Cela emp\u00eache \u00e9galement le rechauffement suppl\u00e9mentaire de la chambre de broyage par la temp\u00e9rature des paliers. <\/span><\/p>\n<table>\n<tbody>\n<tr>\n<td style=\"text-align: center;\"><span style=\"color: #000000;\"><strong>Machine Type<\/strong><\/span><\/td>\n<td style=\"text-align: center;\"><span style=\"color: #000000;\"><strong>Diam\u00e8tre du rotor (mm)<\/strong><\/span><\/td>\n<td style=\"text-align: center;\"><span style=\"color: #000000;\"><strong>Longueur utile (mm)<\/strong><\/span><\/td>\n<td style=\"text-align: center;\"><span style=\"color: #000000;\"><strong><a href=\"https:\/\/neue-herbold.com\/wp-content\/uploads\/2014\/12\/Broyeur-a-marteaux-HM.pdf\" target=\"_blank\"><img loading=\"lazy\" decoding=\"async\" class=\"alignnone wp-image-5703\" src=\"https:\/\/neue-herbold.com\/wp-content\/uploads\/2014\/12\/PDF-ICON.jpg\" alt=\"PDF-ICON\" width=\"50\" height=\"48\" \/><\/a><\/strong><\/span><\/td>\n<\/tr>\n<tr>\n<td style=\"text-align: left;\"><span style=\"color: #000000;\">Broyeur \u00e0 Marteaux type HM 450\/300<\/span><\/td>\n<td style=\"text-align: center;\"><span style=\"color: #000000;\">450<\/span><\/td>\n<td style=\"text-align: center;\"><span style=\"color: #000000;\">300<\/span><\/td>\n<td style=\"text-align: center;\">\u00a0<\/td>\n<\/tr>\n<tr>\n<td style=\"text-align: left;\"><span style=\"color: #000000;\">Broyeur \u00e0 Marteaux type HM 450\/600<\/span><\/td>\n<td style=\"text-align: center;\"><span style=\"color: #000000;\">450<\/span><\/td>\n<td style=\"text-align: center;\"><span style=\"color: #000000;\">600<\/span><\/td>\n<td style=\"text-align: center;\">\u00a0<\/td>\n<\/tr>\n<tr>\n<td style=\"text-align: left;\"><span style=\"color: #000000;\">Broyeur \u00e0 Marteaux type HM 650\/250<\/span><\/td>\n<td style=\"text-align: center;\"><span style=\"color: #000000;\">650<\/span><\/td>\n<td style=\"text-align: center;\"><span style=\"color: #000000;\">250<\/span><\/td>\n<td style=\"text-align: center;\">\u00a0<\/td>\n<\/tr>\n<tr>\n<td style=\"text-align: left;\"><span style=\"color: #000000;\">Broyeur \u00e0 Marteaux type HM 650\/500<\/span><\/td>\n<td style=\"text-align: center;\"><span style=\"color: #000000;\">650<\/span><\/td>\n<td style=\"text-align: center;\"><span style=\"color: #000000;\">500<\/span><\/td>\n<td style=\"text-align: center;\">\u00a0<\/td>\n<\/tr>\n<tr>\n<td style=\"text-align: left;\"><span style=\"color: #000000;\">Broyeur \u00e0 Marteaux type HM 650\/750<\/span><\/td>\n<td style=\"text-align: center;\"><span style=\"color: #000000;\">650<\/span><\/td>\n<td style=\"text-align: center;\"><span style=\"color: #000000;\">750<\/span><\/td>\n<td style=\"text-align: center;\">\u00a0<\/td>\n<\/tr>\n<tr>\n<td style=\"text-align: left;\"><span style=\"color: #000000;\">Broyeur \u00e0 Marteaux type HM 800\/1000<\/span><\/td>\n<td style=\"text-align: center;\"><span style=\"color: #000000;\">800<\/span><\/td>\n<td style=\"text-align: center;\"><span style=\"color: #000000;\">1000<\/span><\/td>\n<td style=\"text-align: center;\">\u00a0<\/td>\n<\/tr>\n<tr>\n<td style=\"text-align: left;\"><span style=\"color: #000000;\">Broyeur \u00e0 Marteaux type HM 1000\/1600<\/span><\/td>\n<td style=\"text-align: center;\"><span style=\"color: #000000;\">1000<\/span><\/td>\n<td style=\"text-align: center;\"><span style=\"color: #000000;\">1600<\/span><\/td>\n<td style=\"text-align: center;\">\u00a0<\/td>\n<\/tr>\n<\/tbody>\n<\/table>\n","protected":false},"excerpt":{"rendered":"<p><span style=\"color: #000000;\"><strong><a href=\"https:\/\/neue-herbold.com\/wp-content\/uploads\/2014\/11\/Hammermuehle-002.jpg\" target=\"_blank\"><img loading=\"lazy\" decoding=\"async\" class=\"alignright wp-image-3315\" src=\"https:\/\/neue-herbold.com\/wp-content\/uploads\/2014\/11\/Hammermuehle-002.jpg\" alt=\"Broyeur \u00e0 Marteaux HM\" width=\"469\" height=\"369\" srcset=\"https:\/\/neue-herbold.com\/wp-content\/uploads\/2014\/11\/Hammermuehle-002.jpg 752w, https:\/\/neue-herbold.com\/wp-content\/uploads\/2014\/11\/Hammermuehle-002-300x235.jpg 300w, https:\/\/neue-herbold.com\/wp-content\/uploads\/2014\/11\/Hammermuehle-002-100x78.jpg 100w, https:\/\/neue-herbold.com\/wp-content\/uploads\/2014\/11\/Hammermuehle-002-150x117.jpg 150w, https:\/\/neue-herbold.com\/wp-content\/uploads\/2014\/11\/Hammermuehle-002-200x157.jpg 200w, https:\/\/neue-herbold.com\/wp-content\/uploads\/2014\/11\/Hammermuehle-002-450x353.jpg 450w, https:\/\/neue-herbold.com\/wp-content\/uploads\/2014\/11\/Hammermuehle-002-600x471.jpg 600w\" sizes=\"(max-width: 469px) 100vw, 469px\" \/><\/a><\/strong>Le broyeur \u00e0 marteaux de <strong>NEUE HERBOLD<\/strong> de la s\u00e9rie HM offrent des possibilit\u00e9s d&rsquo;utilisation polyvalentes.<\/span><\/p>\n<p><em><span style=\"color: #000000;\"><strong>Rentables et polyvalents<\/strong> <\/span><\/em><br \/> <span style=\"color: #000000;\">Les broyeurs \u00e0 marteaux de la s\u00e9rie HM ont \u00e9t\u00e9 con\u00e7us sp\u00e9cialement pour le broyage \u00e0 faible apport d&rsquo;\u00e9nergie de toutes sortes de mat\u00e9riaux qui se cassent directement tels que les<\/span><\/p>\n<ul>\n<li><span style=\"color: #000000;\">mati\u00e8res plastiques rigides cassantes<\/span><\/li>\n<li><span style=\"color: #000000;\">d\u00e9chets \u00e9lectriques\/\u00e9lectroniques<\/span><\/li>\n<li><span style=\"color: #000000;\">d\u00e9chets de bois<\/span><\/li>\n<li><span style=\"color: #000000;\">d\u00e9chets d&rsquo;isolations min\u00e9rales <br \/> (laine de verre,<\/span><\/li>\n<\/ul>\n<p><span class=\"ellipsis\">&hellip;<\/span><\/p>\n<div class=\"read-more\"><a href=\"https:\/\/neue-herbold.com\/fr\/broyeur-a-marteaux-hm\/\">Lire la suite &#8250;<\/a><\/div>\n<p><!-- end of .read-more --><\/p>\n","protected":false},"author":1,"featured_media":0,"parent":0,"menu_order":0,"comment_status":"closed","ping_status":"closed","template":"","meta":{"footnotes":""},"class_list":["post-8448","page","type-page","status-publish","hentry"],"yoast_head":"<!-- This site is optimized with the Yoast SEO plugin v25.4 - https:\/\/yoast.com\/wordpress\/plugins\/seo\/ -->\n<title>Broyeur \u00e0 Marteaux HM - Neue Herbold<\/title>\n<meta name=\"description\" content=\"Le broyeur \u00e0 marteaux de Neue Herbold de la s\u00e9rie HM offrent des possibilit\u00e9s d&#039;utilisation polyvalentes. Rentables et polyvalents Les broyeurs\" \/>\n<meta name=\"robots\" content=\"index, follow, max-snippet:-1, max-image-preview:large, max-video-preview:-1\" \/>\n<link rel=\"canonical\" href=\"https:\/\/neue-herbold.com\/fr\/broyeur-a-marteaux-hm\/\" \/>\n<meta property=\"og:locale\" content=\"fr_FR\" \/>\n<meta property=\"og:type\" content=\"article\" \/>\n<meta property=\"og:title\" content=\"Broyeur \u00e0 Marteaux HM - Neue Herbold\" \/>\n<meta property=\"og:description\" content=\"Le broyeur \u00e0 marteaux de Neue Herbold de la s\u00e9rie HM offrent des possibilit\u00e9s d&#039;utilisation polyvalentes. Rentables et polyvalents Les broyeurs\" \/>\n<meta property=\"og:url\" content=\"https:\/\/neue-herbold.com\/fr\/broyeur-a-marteaux-hm\/\" \/>\n<meta property=\"og:site_name\" content=\"Neue Herbold GmbH\" \/>\n<meta property=\"article:modified_time\" content=\"2016-06-03T17:56:05+00:00\" \/>\n<meta property=\"og:image\" content=\"https:\/\/neue-herbold.com\/wp-content\/uploads\/2014\/11\/Hammermuehle-002.jpg\" \/>\n<meta name=\"twitter:label1\" content=\"Dur\u00e9e de lecture estim\u00e9e\" \/>\n\t<meta name=\"twitter:data1\" content=\"2 minutes\" \/>\n<script type=\"application\/ld+json\" class=\"yoast-schema-graph\">{\"@context\":\"https:\/\/schema.org\",\"@graph\":[{\"@type\":\"WebPage\",\"@id\":\"https:\/\/neue-herbold.com\/fr\/broyeur-a-marteaux-hm\/\",\"url\":\"https:\/\/neue-herbold.com\/fr\/broyeur-a-marteaux-hm\/\",\"name\":\"Broyeur \u00e0 Marteaux HM - Neue Herbold\",\"isPartOf\":{\"@id\":\"https:\/\/neue-herbold.com\/en\/#website\"},\"primaryImageOfPage\":{\"@id\":\"https:\/\/neue-herbold.com\/fr\/broyeur-a-marteaux-hm\/#primaryimage\"},\"image\":{\"@id\":\"https:\/\/neue-herbold.com\/fr\/broyeur-a-marteaux-hm\/#primaryimage\"},\"thumbnailUrl\":\"https:\/\/neue-herbold.com\/wp-content\/uploads\/2014\/11\/Hammermuehle-002.jpg\",\"datePublished\":\"2016-06-03T16:26:12+00:00\",\"dateModified\":\"2016-06-03T17:56:05+00:00\",\"description\":\"Le broyeur \u00e0 marteaux de Neue Herbold de la s\u00e9rie HM offrent des possibilit\u00e9s d'utilisation polyvalentes. Rentables et polyvalents Les broyeurs\",\"breadcrumb\":{\"@id\":\"https:\/\/neue-herbold.com\/fr\/broyeur-a-marteaux-hm\/#breadcrumb\"},\"inLanguage\":\"fr-FR\",\"potentialAction\":[{\"@type\":\"ReadAction\",\"target\":[\"https:\/\/neue-herbold.com\/fr\/broyeur-a-marteaux-hm\/\"]}]},{\"@type\":\"ImageObject\",\"inLanguage\":\"fr-FR\",\"@id\":\"https:\/\/neue-herbold.com\/fr\/broyeur-a-marteaux-hm\/#primaryimage\",\"url\":\"https:\/\/neue-herbold.com\/wp-content\/uploads\/2014\/11\/Hammermuehle-002.jpg\",\"contentUrl\":\"https:\/\/neue-herbold.com\/wp-content\/uploads\/2014\/11\/Hammermuehle-002.jpg\"},{\"@type\":\"BreadcrumbList\",\"@id\":\"https:\/\/neue-herbold.com\/fr\/broyeur-a-marteaux-hm\/#breadcrumb\",\"itemListElement\":[{\"@type\":\"ListItem\",\"position\":1,\"name\":\"Startseite\",\"item\":\"https:\/\/neue-herbold.com\/fr\/\"},{\"@type\":\"ListItem\",\"position\":2,\"name\":\"Broyeur \u00e0 Marteaux HM\"}]},{\"@type\":\"WebSite\",\"@id\":\"https:\/\/neue-herbold.com\/en\/#website\",\"url\":\"https:\/\/neue-herbold.com\/en\/\",\"name\":\"Neue Herbold GmbH\",\"description\":\"\",\"potentialAction\":[{\"@type\":\"SearchAction\",\"target\":{\"@type\":\"EntryPoint\",\"urlTemplate\":\"https:\/\/neue-herbold.com\/en\/?s={search_term_string}\"},\"query-input\":{\"@type\":\"PropertyValueSpecification\",\"valueRequired\":true,\"valueName\":\"search_term_string\"}}],\"inLanguage\":\"fr-FR\"}]}<\/script>\n<!-- \/ Yoast SEO plugin. -->","yoast_head_json":{"title":"Broyeur \u00e0 Marteaux HM - Neue Herbold","description":"Le broyeur \u00e0 marteaux de Neue Herbold de la s\u00e9rie HM offrent des possibilit\u00e9s d'utilisation polyvalentes. Rentables et polyvalents Les broyeurs","robots":{"index":"index","follow":"follow","max-snippet":"max-snippet:-1","max-image-preview":"max-image-preview:large","max-video-preview":"max-video-preview:-1"},"canonical":"https:\/\/neue-herbold.com\/fr\/broyeur-a-marteaux-hm\/","og_locale":"fr_FR","og_type":"article","og_title":"Broyeur \u00e0 Marteaux HM - Neue Herbold","og_description":"Le broyeur \u00e0 marteaux de Neue Herbold de la s\u00e9rie HM offrent des possibilit\u00e9s d'utilisation polyvalentes. Rentables et polyvalents Les broyeurs","og_url":"https:\/\/neue-herbold.com\/fr\/broyeur-a-marteaux-hm\/","og_site_name":"Neue Herbold GmbH","article_modified_time":"2016-06-03T17:56:05+00:00","og_image":[{"url":"https:\/\/neue-herbold.com\/wp-content\/uploads\/2014\/11\/Hammermuehle-002.jpg","type":"","width":"","height":""}],"twitter_misc":{"Dur\u00e9e de lecture estim\u00e9e":"2 minutes"},"schema":{"@context":"https:\/\/schema.org","@graph":[{"@type":"WebPage","@id":"https:\/\/neue-herbold.com\/fr\/broyeur-a-marteaux-hm\/","url":"https:\/\/neue-herbold.com\/fr\/broyeur-a-marteaux-hm\/","name":"Broyeur \u00e0 Marteaux HM - Neue Herbold","isPartOf":{"@id":"https:\/\/neue-herbold.com\/en\/#website"},"primaryImageOfPage":{"@id":"https:\/\/neue-herbold.com\/fr\/broyeur-a-marteaux-hm\/#primaryimage"},"image":{"@id":"https:\/\/neue-herbold.com\/fr\/broyeur-a-marteaux-hm\/#primaryimage"},"thumbnailUrl":"https:\/\/neue-herbold.com\/wp-content\/uploads\/2014\/11\/Hammermuehle-002.jpg","datePublished":"2016-06-03T16:26:12+00:00","dateModified":"2016-06-03T17:56:05+00:00","description":"Le broyeur \u00e0 marteaux de Neue Herbold de la s\u00e9rie HM offrent des possibilit\u00e9s d'utilisation polyvalentes. Rentables et polyvalents Les broyeurs","breadcrumb":{"@id":"https:\/\/neue-herbold.com\/fr\/broyeur-a-marteaux-hm\/#breadcrumb"},"inLanguage":"fr-FR","potentialAction":[{"@type":"ReadAction","target":["https:\/\/neue-herbold.com\/fr\/broyeur-a-marteaux-hm\/"]}]},{"@type":"ImageObject","inLanguage":"fr-FR","@id":"https:\/\/neue-herbold.com\/fr\/broyeur-a-marteaux-hm\/#primaryimage","url":"https:\/\/neue-herbold.com\/wp-content\/uploads\/2014\/11\/Hammermuehle-002.jpg","contentUrl":"https:\/\/neue-herbold.com\/wp-content\/uploads\/2014\/11\/Hammermuehle-002.jpg"},{"@type":"BreadcrumbList","@id":"https:\/\/neue-herbold.com\/fr\/broyeur-a-marteaux-hm\/#breadcrumb","itemListElement":[{"@type":"ListItem","position":1,"name":"Startseite","item":"https:\/\/neue-herbold.com\/fr\/"},{"@type":"ListItem","position":2,"name":"Broyeur \u00e0 Marteaux HM"}]},{"@type":"WebSite","@id":"https:\/\/neue-herbold.com\/en\/#website","url":"https:\/\/neue-herbold.com\/en\/","name":"Neue Herbold GmbH","description":"","potentialAction":[{"@type":"SearchAction","target":{"@type":"EntryPoint","urlTemplate":"https:\/\/neue-herbold.com\/en\/?s={search_term_string}"},"query-input":{"@type":"PropertyValueSpecification","valueRequired":true,"valueName":"search_term_string"}}],"inLanguage":"fr-FR"}]}},"_links":{"self":[{"href":"https:\/\/neue-herbold.com\/fr\/wp-json\/wp\/v2\/pages\/8448"}],"collection":[{"href":"https:\/\/neue-herbold.com\/fr\/wp-json\/wp\/v2\/pages"}],"about":[{"href":"https:\/\/neue-herbold.com\/fr\/wp-json\/wp\/v2\/types\/page"}],"author":[{"embeddable":true,"href":"https:\/\/neue-herbold.com\/fr\/wp-json\/wp\/v2\/users\/1"}],"replies":[{"embeddable":true,"href":"https:\/\/neue-herbold.com\/fr\/wp-json\/wp\/v2\/comments?post=8448"}],"version-history":[{"count":3,"href":"https:\/\/neue-herbold.com\/fr\/wp-json\/wp\/v2\/pages\/8448\/revisions"}],"predecessor-version":[{"id":8536,"href":"https:\/\/neue-herbold.com\/fr\/wp-json\/wp\/v2\/pages\/8448\/revisions\/8536"}],"wp:attachment":[{"href":"https:\/\/neue-herbold.com\/fr\/wp-json\/wp\/v2\/media?parent=8448"}],"curies":[{"name":"wp","href":"https:\/\/api.w.org\/{rel}","templated":true}]}}