{"id":8413,"date":"2016-06-03T17:45:40","date_gmt":"2016-06-03T15:45:40","guid":{"rendered":"https:\/\/neue-herbold.com\/fr\/schneidmuehle-smv\/"},"modified":"2017-01-24T18:45:05","modified_gmt":"2017-01-24T17:45:05","slug":"broyeurs-smv","status":"publish","type":"page","link":"https:\/\/neue-herbold.com\/fr\/broyeurs-smv\/","title":{"rendered":"Broyeurs et Granulateurs SMV"},"content":{"rendered":"<h5><a href=\"https:\/\/neue-herbold.com\/wp-content\/uploads\/2014\/12\/SMV600_1000S51.jpg\" target=\"_blank\"><img loading=\"lazy\" decoding=\"async\" class=\"alignright wp-image-2979\" src=\"https:\/\/neue-herbold.com\/wp-content\/uploads\/2014\/12\/SMV600_1000S51-1024x724.jpg\" alt=\"Broyeurs et Granulateurs type SMV\" width=\"492\" height=\"347\" srcset=\"https:\/\/neue-herbold.com\/wp-content\/uploads\/2014\/12\/SMV600_1000S51-1024x724.jpg 1024w, https:\/\/neue-herbold.com\/wp-content\/uploads\/2014\/12\/SMV600_1000S51-300x212.jpg 300w, https:\/\/neue-herbold.com\/wp-content\/uploads\/2014\/12\/SMV600_1000S51-100x70.jpg 100w, https:\/\/neue-herbold.com\/wp-content\/uploads\/2014\/12\/SMV600_1000S51-150x106.jpg 150w, https:\/\/neue-herbold.com\/wp-content\/uploads\/2014\/12\/SMV600_1000S51-200x141.jpg 200w, https:\/\/neue-herbold.com\/wp-content\/uploads\/2014\/12\/SMV600_1000S51-450x318.jpg 450w, https:\/\/neue-herbold.com\/wp-content\/uploads\/2014\/12\/SMV600_1000S51-600x424.jpg 600w, https:\/\/neue-herbold.com\/wp-content\/uploads\/2014\/12\/SMV600_1000S51-900x636.jpg 900w, https:\/\/neue-herbold.com\/wp-content\/uploads\/2014\/12\/SMV600_1000S51.jpg 1200w\" sizes=\"(max-width: 492px) 100vw, 492px\" \/><\/a>Les Broyeurs \/ Granulateurs de NEUE HERBOLD<\/h5>\n<p><span style=\"color: #000000;\">de la s\u00e9rie SMV sont des broyeurs universels, d\u2019une construction particuli\u00e8rement lourde pour des conditions d\u2019exploitation extr\u00eames, en service continu.<\/span><\/p>\n<p><span style=\"color: #000000;\">Les broyeurs SMV appliquent <em><strong>le principe de coupe oblique double.<\/strong><\/em> <\/span><\/p>\n<p><span style=\"color: #000000;\">Les couteaux mobiles, inclin\u00e9s, travaillent contre des couteaux fixes, inclin\u00e9s \u00e9galement. Cette g\u00e9om\u00e9trie de coupe permet un r\u00e9glage tr\u00e8s pr\u00e9cis de l\u2019entrefer des couteaux, ce qui favorise l\u2019effort de coupe et r\u00e9duit sensiblement le niveau de bruit.<\/span><\/p>\n<p><em><span style=\"color: #000000;\"><strong>Utilisation universelle<\/strong><\/span><\/em><br \/> <span style=\"color: #000000;\">Cette s\u00e9rie de broyeurs se caract\u00e9rise par l\u2019\u00e9tendue de ses domaines d\u2019application. Quelques adaptations simples permettent de passer de: <\/span><\/p>\n<ul>\n<li><span style=\"color: #000000;\">Broyage des pi\u00e8ces encombrants, comme caissons ou des corps creux<\/span><\/li>\n<li><span style=\"color: #000000;\">Broyage des films minces, comme BOPP\/BOPET\/PP<\/span><\/li>\n<li><span style=\"color: #000000;\">Broyage des pelotes des fils<\/span><\/li>\n<li><span style=\"color: #000000;\">Broyage des Big-Bags en PP<\/span><\/li>\n<li><span style=\"color: #000000;\">Broyage des paquets des films<\/span><\/li>\n<\/ul>\n<p><span style=\"color: #000000;\">Le broyeur SMV est \u00e9tudi\u00e9 pour les multiples besoins d\u2019une usine de recyclage et peut \u00e0 cet effet \u00eatre \u00e9quip\u00e9 de diff\u00e9rentes variantes de rotors.<\/span><\/p>\n<p><em><span style=\"color: #000000;\"><strong>Construction en acier soud\u00e9<\/strong><\/span><\/em><br \/> <span style=\"color: #000000;\">Les broyeurs <strong>NEUE HERBOLD<\/strong> de la s\u00e9rie SMV acceptent des charges extr\u00eames gr\u00e2ce au large dimensionnement du b\u00e2ti et de l\u2019ensemble des composants. Une attention particuli\u00e8re a \u00e9t\u00e9 port\u00e9e sur les pi\u00e8ces actives: paliers, arbre, couteaux. <\/span><br \/> <span style=\"color: #000000;\">La chambre de broyage m\u00e9cano-soud\u00e9e est d\u00e9tensionn\u00e9e. Elle r\u00e9siste m\u00eame \u00e0 des surcharges exceptionnelles. En option, les zones d\u2019usure peuvent recevoir des blindages interchangeables.<\/span><\/p>\n<p><em><span style=\"color: #000000;\"><strong>Paliers ext\u00e9rieurs<\/strong><\/span><\/em><br \/> <span style=\"color: #000000;\">Afin d\u2019\u00e9viter l\u2019introduction de fines de broyage dans les paliers, ceux-ci sont d\u00e9port\u00e9s dans des logements ext\u00e9rieures.<\/span> <span style=\"color: #000000;\">De plus, cet<\/span><span style=\"color: #000000;\">te construction emp\u00eache que l\u2019\u00e9chauffement des paliers soit transmis \u00e0 la chambre de broyage. <\/span><\/p>\n<p><em><span style=\"color: #000000;\"><strong>R\u00e9<\/strong><\/span><\/em><em><span style=\"color: #000000;\"><strong>glage des couteaux<\/strong><\/span><\/em><br \/> <span style=\"color: #000000;\">Le r\u00e9glage des couteaux du rotor et du stator se fait sur un gabarit \u00e0 l\u2019ext\u00e9rieur de la machine. Les vis de r\u00e9glage dans le rotor et dans la chambre de broyage sont r\u00e9gl\u00e9es une fois pour toutes en usine, tandis que celles du couteau se r\u00e8glent en fonction de l\u2019usure. Ce r\u00e9glage peut donc s\u2019effectuer en temps masqu\u00e9 pendant que le broyeur continue \u00e0 fonctionner.<\/span><\/p>\n<table>\n<tbody>\n<tr>\n<td style=\"text-align: left;\"><span style=\"color: #000000;\"><strong>Type<\/strong><\/span><\/td>\n<td style=\"text-align: center;\"><span style=\"color: #000000;\"><strong>A (mm)<\/strong><\/span><\/td>\n<td style=\"text-align: center;\"><span style=\"color: #000000;\"><strong>B (mm)<\/strong><\/span><\/td>\n<td style=\"text-align: center;\"><span style=\"color: #000000;\"><strong>C (mm)<\/strong><\/span><\/td>\n<td style=\"text-align: center;\"><span style=\"color: #000000;\"><strong>D (mm)<\/strong><\/span><\/td>\n<td style=\"text-align: center;\"><span style=\"color: #000000;\"><strong>E (mm)<\/strong><\/span><\/td>\n<\/tr>\n<tr>\n<td style=\"text-align: left;\"><span style=\"color: #000000;\">broyeurs et granulateurs Type LMV 450\/600<\/span><\/td>\n<td style=\"text-align: center;\"><span style=\"color: #000000;\">1233<\/span><\/td>\n<td style=\"text-align: center;\"><span style=\"color: #000000;\">2150<\/span><\/td>\n<td style=\"text-align: center;\">578<\/td>\n<td style=\"text-align: center;\"><span style=\"color: #000000;\">1500<\/span><\/td>\n<td style=\"text-align: center;\"><span style=\"color: #000000;\">600<\/span><\/td>\n<\/tr>\n<tr>\n<td style=\"text-align: left;\"><span style=\"color: #000000;\">broyeurs et granulateurs Type SMV 450\/1000<\/span><\/td>\n<td style=\"text-align: center;\"><span style=\"color: #000000;\">1385<\/span><\/td>\n<td style=\"text-align: center;\"><span style=\"color: #000000;\">2150<\/span><\/td>\n<td style=\"text-align: center;\"><span style=\"color: #000000;\">990<\/span><\/td>\n<td style=\"text-align: center;\"><span style=\"color: #000000;\">2055<\/span><\/td>\n<td style=\"text-align: center;\"><span style=\"color: #000000;\">600<\/span><\/td>\n<\/tr>\n<tr>\n<td style=\"text-align: left;\"><span style=\"color: #000000;\">broyeurs et granulateurs Type SMV 600\/1000 <\/span><\/td>\n<td style=\"text-align: center;\"><span style=\"color: #000000;\">1440<\/span><\/td>\n<td style=\"text-align: center;\"><span style=\"color: #000000;\">2580<\/span><\/td>\n<td style=\"text-align: center;\"><span style=\"color: #000000;\">990<\/span><\/td>\n<td style=\"text-align: center;\"><span style=\"color: #000000;\">2055<\/span><\/td>\n<td style=\"text-align: center;\"><span style=\"color: #000000;\">720<\/span><\/td>\n<\/tr>\n<tr>\n<td style=\"text-align: left;\"><span style=\"color: #000000;\">broyeurs et granulateurs Type SMV 800\/1200<\/span><\/td>\n<td style=\"text-align: center;\"><span style=\"color: #000000;\">1960<\/span><\/td>\n<td style=\"text-align: center;\"><span style=\"color: #000000;\">2680<\/span><\/td>\n<td style=\"text-align: center;\"><span style=\"color: #000000;\">1150<\/span><\/td>\n<td style=\"text-align: center;\"><span style=\"color: #000000;\">2250<\/span><\/td>\n<td style=\"text-align: center;\"><span style=\"color: #000000;\">940<\/span><\/td>\n<\/tr>\n<tr>\n<td style=\"text-align: left;\"><span style=\"color: #000000;\">broyeurs et granulateurs Type SMV 800\/1600<\/span><\/td>\n<td style=\"text-align: center;\"><span style=\"color: #000000;\">2051<\/span><\/td>\n<td style=\"text-align: center;\"><span style=\"color: #000000;\">2800<\/span><\/td>\n<td style=\"text-align: center;\"><span style=\"color: #000000;\">1560<\/span><\/td>\n<td style=\"text-align: center;\"><span style=\"color: #000000;\">2840<\/span><\/td>\n<td style=\"text-align: center;\"><span style=\"color: #000000;\">940<\/span><\/td>\n<\/tr>\n<tr>\n<td style=\"text-align: left;\"><span style=\"color: #000000;\">broyeurs et granulateurs Type SMV 800\/2000<\/span><\/td>\n<td style=\"text-align: center;\"><span style=\"color: #000000;\">1858<\/span><\/td>\n<td style=\"text-align: center;\"><span style=\"color: #000000;\">3264<\/span><\/td>\n<td style=\"text-align: center;\"><span style=\"color: #000000;\">1970<\/span><\/td>\n<td style=\"text-align: center;\"><span style=\"color: #000000;\">3266<\/span><\/td>\n<td style=\"text-align: center;\"><span style=\"color: #000000;\">940<\/span><\/td>\n<\/tr>\n<\/tbody>\n<\/table>\n<p><span style=\"color: #000000;\"><a style=\"color: #000000;\" href=\"https:\/\/neue-herbold.com\/wp-content\/uploads\/2014\/12\/Masse-SM.jpg\" target=\"_blank\"><img loading=\"lazy\" decoding=\"async\" class=\" wp-image-3428 alignleft\" src=\"https:\/\/neue-herbold.com\/wp-content\/uploads\/2014\/12\/Masse-SM-300x208.jpg\" alt=\"\" width=\"413\" height=\"286\" srcset=\"https:\/\/neue-herbold.com\/wp-content\/uploads\/2014\/12\/Masse-SM-300x208.jpg 300w, https:\/\/neue-herbold.com\/wp-content\/uploads\/2014\/12\/Masse-SM-100x69.jpg 100w, https:\/\/neue-herbold.com\/wp-content\/uploads\/2014\/12\/Masse-SM-150x104.jpg 150w, https:\/\/neue-herbold.com\/wp-content\/uploads\/2014\/12\/Masse-SM-200x139.jpg 200w, https:\/\/neue-herbold.com\/wp-content\/uploads\/2014\/12\/Masse-SM-450x313.jpg 450w, https:\/\/neue-herbold.com\/wp-content\/uploads\/2014\/12\/Masse-SM-600x417.jpg 600w, https:\/\/neue-herbold.com\/wp-content\/uploads\/2014\/12\/Masse-SM-900x626.jpg 900w\" sizes=\"(max-width: 413px) 100vw, 413px\" \/><\/a><\/span><\/p>\n","protected":false},"excerpt":{"rendered":"<p><a href=\"https:\/\/neue-herbold.com\/wp-content\/uploads\/2014\/12\/SMV600_1000S51.jpg\" target=\"_blank\"><img loading=\"lazy\" decoding=\"async\" class=\"alignright wp-image-2979\" src=\"https:\/\/neue-herbold.com\/wp-content\/uploads\/2014\/12\/SMV600_1000S51-1024x724.jpg\" alt=\"Broyeurs et Granulateurs type SMV\" width=\"492\" height=\"347\" srcset=\"https:\/\/neue-herbold.com\/wp-content\/uploads\/2014\/12\/SMV600_1000S51-1024x724.jpg 1024w, https:\/\/neue-herbold.com\/wp-content\/uploads\/2014\/12\/SMV600_1000S51-300x212.jpg 300w, https:\/\/neue-herbold.com\/wp-content\/uploads\/2014\/12\/SMV600_1000S51-100x70.jpg 100w, https:\/\/neue-herbold.com\/wp-content\/uploads\/2014\/12\/SMV600_1000S51-150x106.jpg 150w, https:\/\/neue-herbold.com\/wp-content\/uploads\/2014\/12\/SMV600_1000S51-200x141.jpg 200w, https:\/\/neue-herbold.com\/wp-content\/uploads\/2014\/12\/SMV600_1000S51-450x318.jpg 450w, https:\/\/neue-herbold.com\/wp-content\/uploads\/2014\/12\/SMV600_1000S51-600x424.jpg 600w, https:\/\/neue-herbold.com\/wp-content\/uploads\/2014\/12\/SMV600_1000S51-900x636.jpg 900w, https:\/\/neue-herbold.com\/wp-content\/uploads\/2014\/12\/SMV600_1000S51.jpg 1200w\" sizes=\"(max-width: 492px) 100vw, 492px\" \/><\/a>Les Broyeurs \/ Granulateurs de NEUE HERBOLD<\/p>\n<p><span style=\"color: #000000;\">de la s\u00e9rie SMV sont des broyeurs universels, d\u2019une construction particuli\u00e8rement lourde pour des conditions d\u2019exploitation extr\u00eames, en service continu.<\/span><\/p>\n<p><span style=\"color: #000000;\">Les broyeurs SMV appliquent <em><strong>le principe de coupe oblique double.<\/strong><\/em><\/span><\/p>\n<p><span class=\"ellipsis\">&hellip;<\/span><\/p>\n<div class=\"read-more\"><a href=\"https:\/\/neue-herbold.com\/fr\/broyeurs-smv\/\">Lire la suite &#8250;<\/a><\/div>\n<p><!-- end of .read-more --><\/p>\n","protected":false},"author":1,"featured_media":0,"parent":0,"menu_order":0,"comment_status":"closed","ping_status":"closed","template":"","meta":{"footnotes":""},"class_list":["post-8413","page","type-page","status-publish","hentry"],"yoast_head":"<!-- This site is optimized with the Yoast SEO plugin v25.4 - https:\/\/yoast.com\/wordpress\/plugins\/seo\/ -->\n<title>Broyeurs et Granulateurs SMV - Neue Herbold GmbH<\/title>\n<meta name=\"description\" content=\"Les Broyeurs et Granulateurs SMV appliquent le principe de coupe oblique double. Les couteaux mobiles, inclin\u00e9s, travaillent contre des couteaux fixes, inclin\u00e9s \u00e9galement.\" \/>\n<meta name=\"robots\" content=\"index, follow, max-snippet:-1, max-image-preview:large, max-video-preview:-1\" \/>\n<link rel=\"canonical\" href=\"https:\/\/neue-herbold.com\/fr\/broyeurs-smv\/\" \/>\n<meta property=\"og:locale\" content=\"fr_FR\" \/>\n<meta property=\"og:type\" content=\"article\" \/>\n<meta property=\"og:title\" content=\"Broyeurs et Granulateurs SMV - Neue Herbold GmbH\" \/>\n<meta property=\"og:description\" content=\"Les Broyeurs et Granulateurs SMV appliquent le principe de coupe oblique double. Les couteaux mobiles, inclin\u00e9s, travaillent contre des couteaux fixes, inclin\u00e9s \u00e9galement.\" \/>\n<meta property=\"og:url\" content=\"https:\/\/neue-herbold.com\/fr\/broyeurs-smv\/\" \/>\n<meta property=\"og:site_name\" content=\"Neue Herbold GmbH\" \/>\n<meta property=\"article:modified_time\" content=\"2017-01-24T17:45:05+00:00\" \/>\n<meta property=\"og:image\" content=\"https:\/\/neue-herbold.com\/wp-content\/uploads\/2014\/12\/SMV600_1000S51-1024x724.jpg\" \/>\n<meta name=\"twitter:label1\" content=\"Dur\u00e9e de lecture estim\u00e9e\" \/>\n\t<meta name=\"twitter:data1\" content=\"2 minutes\" \/>\n<script type=\"application\/ld+json\" class=\"yoast-schema-graph\">{\"@context\":\"https:\/\/schema.org\",\"@graph\":[{\"@type\":\"WebPage\",\"@id\":\"https:\/\/neue-herbold.com\/fr\/broyeurs-smv\/\",\"url\":\"https:\/\/neue-herbold.com\/fr\/broyeurs-smv\/\",\"name\":\"Broyeurs et Granulateurs SMV - Neue Herbold GmbH\",\"isPartOf\":{\"@id\":\"https:\/\/neue-herbold.com\/en\/#website\"},\"primaryImageOfPage\":{\"@id\":\"https:\/\/neue-herbold.com\/fr\/broyeurs-smv\/#primaryimage\"},\"image\":{\"@id\":\"https:\/\/neue-herbold.com\/fr\/broyeurs-smv\/#primaryimage\"},\"thumbnailUrl\":\"https:\/\/neue-herbold.com\/wp-content\/uploads\/2014\/12\/SMV600_1000S51-1024x724.jpg\",\"datePublished\":\"2016-06-03T15:45:40+00:00\",\"dateModified\":\"2017-01-24T17:45:05+00:00\",\"description\":\"Les Broyeurs et Granulateurs SMV appliquent le principe de coupe oblique double. Les couteaux mobiles, inclin\u00e9s, travaillent contre des couteaux fixes, inclin\u00e9s \u00e9galement.\",\"breadcrumb\":{\"@id\":\"https:\/\/neue-herbold.com\/fr\/broyeurs-smv\/#breadcrumb\"},\"inLanguage\":\"fr-FR\",\"potentialAction\":[{\"@type\":\"ReadAction\",\"target\":[\"https:\/\/neue-herbold.com\/fr\/broyeurs-smv\/\"]}]},{\"@type\":\"ImageObject\",\"inLanguage\":\"fr-FR\",\"@id\":\"https:\/\/neue-herbold.com\/fr\/broyeurs-smv\/#primaryimage\",\"url\":\"https:\/\/neue-herbold.com\/wp-content\/uploads\/2014\/12\/SMV600_1000S51-1024x724.jpg\",\"contentUrl\":\"https:\/\/neue-herbold.com\/wp-content\/uploads\/2014\/12\/SMV600_1000S51-1024x724.jpg\"},{\"@type\":\"BreadcrumbList\",\"@id\":\"https:\/\/neue-herbold.com\/fr\/broyeurs-smv\/#breadcrumb\",\"itemListElement\":[{\"@type\":\"ListItem\",\"position\":1,\"name\":\"Startseite\",\"item\":\"https:\/\/neue-herbold.com\/fr\/\"},{\"@type\":\"ListItem\",\"position\":2,\"name\":\"Broyeurs et Granulateurs SMV\"}]},{\"@type\":\"WebSite\",\"@id\":\"https:\/\/neue-herbold.com\/en\/#website\",\"url\":\"https:\/\/neue-herbold.com\/en\/\",\"name\":\"Neue Herbold GmbH\",\"description\":\"\",\"potentialAction\":[{\"@type\":\"SearchAction\",\"target\":{\"@type\":\"EntryPoint\",\"urlTemplate\":\"https:\/\/neue-herbold.com\/en\/?s={search_term_string}\"},\"query-input\":{\"@type\":\"PropertyValueSpecification\",\"valueRequired\":true,\"valueName\":\"search_term_string\"}}],\"inLanguage\":\"fr-FR\"}]}<\/script>\n<!-- \/ Yoast SEO plugin. -->","yoast_head_json":{"title":"Broyeurs et Granulateurs SMV - Neue Herbold GmbH","description":"Les Broyeurs et Granulateurs SMV appliquent le principe de coupe oblique double. Les couteaux mobiles, inclin\u00e9s, travaillent contre des couteaux fixes, inclin\u00e9s \u00e9galement.","robots":{"index":"index","follow":"follow","max-snippet":"max-snippet:-1","max-image-preview":"max-image-preview:large","max-video-preview":"max-video-preview:-1"},"canonical":"https:\/\/neue-herbold.com\/fr\/broyeurs-smv\/","og_locale":"fr_FR","og_type":"article","og_title":"Broyeurs et Granulateurs SMV - Neue Herbold GmbH","og_description":"Les Broyeurs et Granulateurs SMV appliquent le principe de coupe oblique double. Les couteaux mobiles, inclin\u00e9s, travaillent contre des couteaux fixes, inclin\u00e9s \u00e9galement.","og_url":"https:\/\/neue-herbold.com\/fr\/broyeurs-smv\/","og_site_name":"Neue Herbold GmbH","article_modified_time":"2017-01-24T17:45:05+00:00","og_image":[{"url":"https:\/\/neue-herbold.com\/wp-content\/uploads\/2014\/12\/SMV600_1000S51-1024x724.jpg","type":"","width":"","height":""}],"twitter_misc":{"Dur\u00e9e de lecture estim\u00e9e":"2 minutes"},"schema":{"@context":"https:\/\/schema.org","@graph":[{"@type":"WebPage","@id":"https:\/\/neue-herbold.com\/fr\/broyeurs-smv\/","url":"https:\/\/neue-herbold.com\/fr\/broyeurs-smv\/","name":"Broyeurs et Granulateurs SMV - Neue Herbold GmbH","isPartOf":{"@id":"https:\/\/neue-herbold.com\/en\/#website"},"primaryImageOfPage":{"@id":"https:\/\/neue-herbold.com\/fr\/broyeurs-smv\/#primaryimage"},"image":{"@id":"https:\/\/neue-herbold.com\/fr\/broyeurs-smv\/#primaryimage"},"thumbnailUrl":"https:\/\/neue-herbold.com\/wp-content\/uploads\/2014\/12\/SMV600_1000S51-1024x724.jpg","datePublished":"2016-06-03T15:45:40+00:00","dateModified":"2017-01-24T17:45:05+00:00","description":"Les Broyeurs et Granulateurs SMV appliquent le principe de coupe oblique double. Les couteaux mobiles, inclin\u00e9s, travaillent contre des couteaux fixes, inclin\u00e9s \u00e9galement.","breadcrumb":{"@id":"https:\/\/neue-herbold.com\/fr\/broyeurs-smv\/#breadcrumb"},"inLanguage":"fr-FR","potentialAction":[{"@type":"ReadAction","target":["https:\/\/neue-herbold.com\/fr\/broyeurs-smv\/"]}]},{"@type":"ImageObject","inLanguage":"fr-FR","@id":"https:\/\/neue-herbold.com\/fr\/broyeurs-smv\/#primaryimage","url":"https:\/\/neue-herbold.com\/wp-content\/uploads\/2014\/12\/SMV600_1000S51-1024x724.jpg","contentUrl":"https:\/\/neue-herbold.com\/wp-content\/uploads\/2014\/12\/SMV600_1000S51-1024x724.jpg"},{"@type":"BreadcrumbList","@id":"https:\/\/neue-herbold.com\/fr\/broyeurs-smv\/#breadcrumb","itemListElement":[{"@type":"ListItem","position":1,"name":"Startseite","item":"https:\/\/neue-herbold.com\/fr\/"},{"@type":"ListItem","position":2,"name":"Broyeurs et Granulateurs SMV"}]},{"@type":"WebSite","@id":"https:\/\/neue-herbold.com\/en\/#website","url":"https:\/\/neue-herbold.com\/en\/","name":"Neue Herbold GmbH","description":"","potentialAction":[{"@type":"SearchAction","target":{"@type":"EntryPoint","urlTemplate":"https:\/\/neue-herbold.com\/en\/?s={search_term_string}"},"query-input":{"@type":"PropertyValueSpecification","valueRequired":true,"valueName":"search_term_string"}}],"inLanguage":"fr-FR"}]}},"_links":{"self":[{"href":"https:\/\/neue-herbold.com\/fr\/wp-json\/wp\/v2\/pages\/8413"}],"collection":[{"href":"https:\/\/neue-herbold.com\/fr\/wp-json\/wp\/v2\/pages"}],"about":[{"href":"https:\/\/neue-herbold.com\/fr\/wp-json\/wp\/v2\/types\/page"}],"author":[{"embeddable":true,"href":"https:\/\/neue-herbold.com\/fr\/wp-json\/wp\/v2\/users\/1"}],"replies":[{"embeddable":true,"href":"https:\/\/neue-herbold.com\/fr\/wp-json\/wp\/v2\/comments?post=8413"}],"version-history":[{"count":4,"href":"https:\/\/neue-herbold.com\/fr\/wp-json\/wp\/v2\/pages\/8413\/revisions"}],"predecessor-version":[{"id":10577,"href":"https:\/\/neue-herbold.com\/fr\/wp-json\/wp\/v2\/pages\/8413\/revisions\/10577"}],"wp:attachment":[{"href":"https:\/\/neue-herbold.com\/fr\/wp-json\/wp\/v2\/media?parent=8413"}],"curies":[{"name":"wp","href":"https:\/\/api.w.org\/{rel}","templated":true}]}}