{"id":8385,"date":"2016-06-03T17:32:53","date_gmt":"2016-06-03T15:32:53","guid":{"rendered":"https:\/\/neue-herbold.com\/fr\/mobile-zerkleinerungs-und-recyclinganlagen\/"},"modified":"2016-06-14T02:06:38","modified_gmt":"2016-06-14T00:06:38","slug":"systemes-de-broyage-et-recyclage-mobile","status":"publish","type":"page","link":"https:\/\/neue-herbold.com\/fr\/systemes-de-broyage-et-recyclage-mobile\/","title":{"rendered":"Syst\u00e8mes de broyage et recyclage mobile"},"content":{"rendered":"<h4><strong>Secteur d\u2019emploi de recyclage mobile<br \/><\/strong><\/h4>\n<p><strong>NEUE HERBOLD<\/strong> vour offre des syst\u00e8mes mobiles pour le recyclage. Ils sont adapt\u00e9s pour l\u2019objectif de processus (broyer, laver, trier, s\u00e9parer et s\u00e9cher).<\/p>\n<p>La grandeur et les sp\u00e9cifications du syst\u00e8me sont d\u00e9termin\u00e9s tant que la mobilit\u00e9 \u2013 par exemple l\u2019installation dans un conteneur ou un camion \u2013 est assur\u00e9e sans limitations.<\/p>\n<h4><strong>Recyclage mobile: Broyage mobile des caissons de boissons<\/strong><\/h4>\n<p><a href=\"https:\/\/neue-herbold.com\/wp-content\/uploads\/2014\/11\/Flaschenkaesten_mobile_Anlage2.jpg\" target=\"_blank\"><img loading=\"lazy\" decoding=\"async\" class=\"alignnone wp-image-2156 size-medium\" src=\"https:\/\/neue-herbold.com\/wp-content\/uploads\/2014\/11\/Flaschenkaesten_mobile_Anlage2-300x225.jpg\" alt=\"caissons de boissons - recyclage mobile\" width=\"300\" height=\"225\" srcset=\"https:\/\/neue-herbold.com\/wp-content\/uploads\/2014\/11\/Flaschenkaesten_mobile_Anlage2-300x225.jpg 300w, https:\/\/neue-herbold.com\/wp-content\/uploads\/2014\/11\/Flaschenkaesten_mobile_Anlage2-100x75.jpg 100w, https:\/\/neue-herbold.com\/wp-content\/uploads\/2014\/11\/Flaschenkaesten_mobile_Anlage2-150x112.jpg 150w, https:\/\/neue-herbold.com\/wp-content\/uploads\/2014\/11\/Flaschenkaesten_mobile_Anlage2-200x150.jpg 200w, https:\/\/neue-herbold.com\/wp-content\/uploads\/2014\/11\/Flaschenkaesten_mobile_Anlage2-450x337.jpg 450w, https:\/\/neue-herbold.com\/wp-content\/uploads\/2014\/11\/Flaschenkaesten_mobile_Anlage2.jpg 480w\" sizes=\"(max-width: 300px) 100vw, 300px\" \/><\/a> <a href=\"https:\/\/neue-herbold.com\/wp-content\/uploads\/2014\/11\/Flaschenkaesten_mobile_Anlage.jpg\" target=\"_blank\"><img loading=\"lazy\" decoding=\"async\" class=\"alignnone wp-image-2157 size-medium\" src=\"https:\/\/neue-herbold.com\/wp-content\/uploads\/2014\/11\/Flaschenkaesten_mobile_Anlage-300x224.jpg\" alt=\"recyclage mobile - caissons de boissons\" width=\"300\" height=\"224\" srcset=\"https:\/\/neue-herbold.com\/wp-content\/uploads\/2014\/11\/Flaschenkaesten_mobile_Anlage-300x224.jpg 300w, https:\/\/neue-herbold.com\/wp-content\/uploads\/2014\/11\/Flaschenkaesten_mobile_Anlage-100x74.jpg 100w, https:\/\/neue-herbold.com\/wp-content\/uploads\/2014\/11\/Flaschenkaesten_mobile_Anlage-150x112.jpg 150w, https:\/\/neue-herbold.com\/wp-content\/uploads\/2014\/11\/Flaschenkaesten_mobile_Anlage-200x149.jpg 200w, https:\/\/neue-herbold.com\/wp-content\/uploads\/2014\/11\/Flaschenkaesten_mobile_Anlage-450x337.jpg 450w, https:\/\/neue-herbold.com\/wp-content\/uploads\/2014\/11\/Flaschenkaesten_mobile_Anlage.jpg 567w\" sizes=\"(max-width: 300px) 100vw, 300px\" \/><\/a> <a href=\"https:\/\/neue-herbold.com\/wp-content\/uploads\/2014\/11\/Flaschenkaesten_mobile_Anlage1.jpg\"><img loading=\"lazy\" decoding=\"async\" class=\"alignnone wp-image-2158\" src=\"https:\/\/neue-herbold.com\/wp-content\/uploads\/2014\/11\/Flaschenkaesten_mobile_Anlage1-224x300.jpg\" alt=\"caissons de boissons\" width=\"167\" height=\"224\" srcset=\"https:\/\/neue-herbold.com\/wp-content\/uploads\/2014\/11\/Flaschenkaesten_mobile_Anlage1-224x300.jpg 224w, https:\/\/neue-herbold.com\/wp-content\/uploads\/2014\/11\/Flaschenkaesten_mobile_Anlage1-100x133.jpg 100w, https:\/\/neue-herbold.com\/wp-content\/uploads\/2014\/11\/Flaschenkaesten_mobile_Anlage1-150x200.jpg 150w, https:\/\/neue-herbold.com\/wp-content\/uploads\/2014\/11\/Flaschenkaesten_mobile_Anlage1-300x400.jpg 300w, https:\/\/neue-herbold.com\/wp-content\/uploads\/2014\/11\/Flaschenkaesten_mobile_Anlage1.jpg 425w\" sizes=\"(max-width: 167px) 100vw, 167px\" \/><\/a><\/p>\n<p><strong>Syst\u00e8me mobile (laver \/ s\u00e9parer \/ s\u00e9cher) pour les caissons de boissons<\/strong><\/p>\n<p><a href=\"https:\/\/neue-herbold.com\/wp-content\/uploads\/2014\/11\/mobile-anlage-1.gif\"><img loading=\"lazy\" decoding=\"async\" class=\"alignnone wp-image-2941\" src=\"https:\/\/neue-herbold.com\/wp-content\/uploads\/2014\/11\/mobile-anlage-1.gif\" alt=\"recyclage mobile\" width=\"169\" height=\"226\" \/><\/a><a href=\"https:\/\/neue-herbold.com\/wp-content\/uploads\/2014\/11\/mobile-anlage-2.gif\"><img loading=\"lazy\" decoding=\"async\" class=\"alignnone wp-image-2940 size-full\" src=\"https:\/\/neue-herbold.com\/wp-content\/uploads\/2014\/11\/mobile-anlage-2.gif\" alt=\"recyclage mobile\" width=\"640\" height=\"230\" \/><\/a><\/p>\n","protected":false},"excerpt":{"rendered":"<p><strong>Secteur d\u2019emploi de recyclage mobile<br \/><\/strong><\/p>\n<p><strong>NEUE HERBOLD<\/strong> vour offre des syst\u00e8mes mobiles pour le recyclage. Ils sont adapt\u00e9s pour l\u2019objectif de processus (broyer, laver, trier, s\u00e9parer et s\u00e9cher).<\/p>\n<p>La grandeur et les sp\u00e9cifications du syst\u00e8me sont d\u00e9termin\u00e9s tant que la mobilit\u00e9 \u2013 par exemple l\u2019installation dans un conteneur ou un camion \u2013 est assur\u00e9e sans limitations.<\/p>\n<p><span class=\"ellipsis\">&hellip;<\/span><\/p>\n<div class=\"read-more\"><a href=\"https:\/\/neue-herbold.com\/fr\/systemes-de-broyage-et-recyclage-mobile\/\">Lire la suite &#8250;<\/a><\/div>\n<p><!-- end of .read-more --><\/p>\n","protected":false},"author":1,"featured_media":0,"parent":0,"menu_order":0,"comment_status":"closed","ping_status":"closed","template":"","meta":{"footnotes":""},"class_list":["post-8385","page","type-page","status-publish","hentry"],"yoast_head":"<!-- This site is optimized with the Yoast SEO plugin v25.4 - https:\/\/yoast.com\/wordpress\/plugins\/seo\/ -->\n<title>Syst\u00e8mes de broyage et recyclage mobile - Neue Herbold GmbH<\/title>\n<meta name=\"description\" content=\"NEUE HERBOLD vour offre des syst\u00e8mespour la recyclage mobile. Ils sont adapt\u00e9s pour l\u2019objectif de processus (broyer, laver, trier, s\u00e9parer et s\u00e9cher).\" \/>\n<meta name=\"robots\" content=\"index, follow, max-snippet:-1, max-image-preview:large, max-video-preview:-1\" \/>\n<link rel=\"canonical\" href=\"https:\/\/neue-herbold.com\/fr\/systemes-de-broyage-et-recyclage-mobile\/\" \/>\n<meta property=\"og:locale\" content=\"fr_FR\" \/>\n<meta property=\"og:type\" content=\"article\" \/>\n<meta property=\"og:title\" content=\"Syst\u00e8mes de broyage et recyclage mobile - Neue Herbold GmbH\" \/>\n<meta property=\"og:description\" content=\"NEUE HERBOLD vour offre des syst\u00e8mespour la recyclage mobile. Ils sont adapt\u00e9s pour l\u2019objectif de processus (broyer, laver, trier, s\u00e9parer et s\u00e9cher).\" \/>\n<meta property=\"og:url\" content=\"https:\/\/neue-herbold.com\/fr\/systemes-de-broyage-et-recyclage-mobile\/\" \/>\n<meta property=\"og:site_name\" content=\"Neue Herbold GmbH\" \/>\n<meta property=\"article:modified_time\" content=\"2016-06-14T00:06:38+00:00\" \/>\n<meta property=\"og:image\" content=\"https:\/\/neue-herbold.com\/wp-content\/uploads\/2014\/11\/Flaschenkaesten_mobile_Anlage2-300x225.jpg\" \/>\n<script type=\"application\/ld+json\" class=\"yoast-schema-graph\">{\"@context\":\"https:\/\/schema.org\",\"@graph\":[{\"@type\":\"WebPage\",\"@id\":\"https:\/\/neue-herbold.com\/fr\/systemes-de-broyage-et-recyclage-mobile\/\",\"url\":\"https:\/\/neue-herbold.com\/fr\/systemes-de-broyage-et-recyclage-mobile\/\",\"name\":\"Syst\u00e8mes de broyage et recyclage mobile - Neue Herbold GmbH\",\"isPartOf\":{\"@id\":\"https:\/\/neue-herbold.com\/en\/#website\"},\"primaryImageOfPage\":{\"@id\":\"https:\/\/neue-herbold.com\/fr\/systemes-de-broyage-et-recyclage-mobile\/#primaryimage\"},\"image\":{\"@id\":\"https:\/\/neue-herbold.com\/fr\/systemes-de-broyage-et-recyclage-mobile\/#primaryimage\"},\"thumbnailUrl\":\"https:\/\/neue-herbold.com\/wp-content\/uploads\/2014\/11\/Flaschenkaesten_mobile_Anlage2-300x225.jpg\",\"datePublished\":\"2016-06-03T15:32:53+00:00\",\"dateModified\":\"2016-06-14T00:06:38+00:00\",\"description\":\"NEUE HERBOLD vour offre des syst\u00e8mespour la recyclage mobile. Ils sont adapt\u00e9s pour l\u2019objectif de processus (broyer, laver, trier, s\u00e9parer et s\u00e9cher).\",\"breadcrumb\":{\"@id\":\"https:\/\/neue-herbold.com\/fr\/systemes-de-broyage-et-recyclage-mobile\/#breadcrumb\"},\"inLanguage\":\"fr-FR\",\"potentialAction\":[{\"@type\":\"ReadAction\",\"target\":[\"https:\/\/neue-herbold.com\/fr\/systemes-de-broyage-et-recyclage-mobile\/\"]}]},{\"@type\":\"ImageObject\",\"inLanguage\":\"fr-FR\",\"@id\":\"https:\/\/neue-herbold.com\/fr\/systemes-de-broyage-et-recyclage-mobile\/#primaryimage\",\"url\":\"https:\/\/neue-herbold.com\/wp-content\/uploads\/2014\/11\/Flaschenkaesten_mobile_Anlage2-300x225.jpg\",\"contentUrl\":\"https:\/\/neue-herbold.com\/wp-content\/uploads\/2014\/11\/Flaschenkaesten_mobile_Anlage2-300x225.jpg\"},{\"@type\":\"BreadcrumbList\",\"@id\":\"https:\/\/neue-herbold.com\/fr\/systemes-de-broyage-et-recyclage-mobile\/#breadcrumb\",\"itemListElement\":[{\"@type\":\"ListItem\",\"position\":1,\"name\":\"Startseite\",\"item\":\"https:\/\/neue-herbold.com\/fr\/\"},{\"@type\":\"ListItem\",\"position\":2,\"name\":\"Syst\u00e8mes de broyage et recyclage mobile\"}]},{\"@type\":\"WebSite\",\"@id\":\"https:\/\/neue-herbold.com\/en\/#website\",\"url\":\"https:\/\/neue-herbold.com\/en\/\",\"name\":\"Neue Herbold GmbH\",\"description\":\"\",\"potentialAction\":[{\"@type\":\"SearchAction\",\"target\":{\"@type\":\"EntryPoint\",\"urlTemplate\":\"https:\/\/neue-herbold.com\/en\/?s={search_term_string}\"},\"query-input\":{\"@type\":\"PropertyValueSpecification\",\"valueRequired\":true,\"valueName\":\"search_term_string\"}}],\"inLanguage\":\"fr-FR\"}]}<\/script>\n<!-- \/ Yoast SEO plugin. -->","yoast_head_json":{"title":"Syst\u00e8mes de broyage et recyclage mobile - Neue Herbold GmbH","description":"NEUE HERBOLD vour offre des syst\u00e8mespour la recyclage mobile. Ils sont adapt\u00e9s pour l\u2019objectif de processus (broyer, laver, trier, s\u00e9parer et s\u00e9cher).","robots":{"index":"index","follow":"follow","max-snippet":"max-snippet:-1","max-image-preview":"max-image-preview:large","max-video-preview":"max-video-preview:-1"},"canonical":"https:\/\/neue-herbold.com\/fr\/systemes-de-broyage-et-recyclage-mobile\/","og_locale":"fr_FR","og_type":"article","og_title":"Syst\u00e8mes de broyage et recyclage mobile - Neue Herbold GmbH","og_description":"NEUE HERBOLD vour offre des syst\u00e8mespour la recyclage mobile. Ils sont adapt\u00e9s pour l\u2019objectif de processus (broyer, laver, trier, s\u00e9parer et s\u00e9cher).","og_url":"https:\/\/neue-herbold.com\/fr\/systemes-de-broyage-et-recyclage-mobile\/","og_site_name":"Neue Herbold GmbH","article_modified_time":"2016-06-14T00:06:38+00:00","og_image":[{"url":"https:\/\/neue-herbold.com\/wp-content\/uploads\/2014\/11\/Flaschenkaesten_mobile_Anlage2-300x225.jpg","type":"","width":"","height":""}],"schema":{"@context":"https:\/\/schema.org","@graph":[{"@type":"WebPage","@id":"https:\/\/neue-herbold.com\/fr\/systemes-de-broyage-et-recyclage-mobile\/","url":"https:\/\/neue-herbold.com\/fr\/systemes-de-broyage-et-recyclage-mobile\/","name":"Syst\u00e8mes de broyage et recyclage mobile - Neue Herbold GmbH","isPartOf":{"@id":"https:\/\/neue-herbold.com\/en\/#website"},"primaryImageOfPage":{"@id":"https:\/\/neue-herbold.com\/fr\/systemes-de-broyage-et-recyclage-mobile\/#primaryimage"},"image":{"@id":"https:\/\/neue-herbold.com\/fr\/systemes-de-broyage-et-recyclage-mobile\/#primaryimage"},"thumbnailUrl":"https:\/\/neue-herbold.com\/wp-content\/uploads\/2014\/11\/Flaschenkaesten_mobile_Anlage2-300x225.jpg","datePublished":"2016-06-03T15:32:53+00:00","dateModified":"2016-06-14T00:06:38+00:00","description":"NEUE HERBOLD vour offre des syst\u00e8mespour la recyclage mobile. Ils sont adapt\u00e9s pour l\u2019objectif de processus (broyer, laver, trier, s\u00e9parer et s\u00e9cher).","breadcrumb":{"@id":"https:\/\/neue-herbold.com\/fr\/systemes-de-broyage-et-recyclage-mobile\/#breadcrumb"},"inLanguage":"fr-FR","potentialAction":[{"@type":"ReadAction","target":["https:\/\/neue-herbold.com\/fr\/systemes-de-broyage-et-recyclage-mobile\/"]}]},{"@type":"ImageObject","inLanguage":"fr-FR","@id":"https:\/\/neue-herbold.com\/fr\/systemes-de-broyage-et-recyclage-mobile\/#primaryimage","url":"https:\/\/neue-herbold.com\/wp-content\/uploads\/2014\/11\/Flaschenkaesten_mobile_Anlage2-300x225.jpg","contentUrl":"https:\/\/neue-herbold.com\/wp-content\/uploads\/2014\/11\/Flaschenkaesten_mobile_Anlage2-300x225.jpg"},{"@type":"BreadcrumbList","@id":"https:\/\/neue-herbold.com\/fr\/systemes-de-broyage-et-recyclage-mobile\/#breadcrumb","itemListElement":[{"@type":"ListItem","position":1,"name":"Startseite","item":"https:\/\/neue-herbold.com\/fr\/"},{"@type":"ListItem","position":2,"name":"Syst\u00e8mes de broyage et recyclage mobile"}]},{"@type":"WebSite","@id":"https:\/\/neue-herbold.com\/en\/#website","url":"https:\/\/neue-herbold.com\/en\/","name":"Neue Herbold GmbH","description":"","potentialAction":[{"@type":"SearchAction","target":{"@type":"EntryPoint","urlTemplate":"https:\/\/neue-herbold.com\/en\/?s={search_term_string}"},"query-input":{"@type":"PropertyValueSpecification","valueRequired":true,"valueName":"search_term_string"}}],"inLanguage":"fr-FR"}]}},"_links":{"self":[{"href":"https:\/\/neue-herbold.com\/fr\/wp-json\/wp\/v2\/pages\/8385"}],"collection":[{"href":"https:\/\/neue-herbold.com\/fr\/wp-json\/wp\/v2\/pages"}],"about":[{"href":"https:\/\/neue-herbold.com\/fr\/wp-json\/wp\/v2\/types\/page"}],"author":[{"embeddable":true,"href":"https:\/\/neue-herbold.com\/fr\/wp-json\/wp\/v2\/users\/1"}],"replies":[{"embeddable":true,"href":"https:\/\/neue-herbold.com\/fr\/wp-json\/wp\/v2\/comments?post=8385"}],"version-history":[{"count":3,"href":"https:\/\/neue-herbold.com\/fr\/wp-json\/wp\/v2\/pages\/8385\/revisions"}],"predecessor-version":[{"id":9880,"href":"https:\/\/neue-herbold.com\/fr\/wp-json\/wp\/v2\/pages\/8385\/revisions\/9880"}],"wp:attachment":[{"href":"https:\/\/neue-herbold.com\/fr\/wp-json\/wp\/v2\/media?parent=8385"}],"curies":[{"name":"wp","href":"https:\/\/api.w.org\/{rel}","templated":true}]}}