{"id":8325,"date":"2016-06-03T17:03:24","date_gmt":"2016-06-03T15:03:24","guid":{"rendered":"https:\/\/neue-herbold.com\/fr\/rohr-profilmuehle-sr-lp\/"},"modified":"2017-04-30T22:25:05","modified_gmt":"2017-04-30T20:25:05","slug":"broyeur-pour-profiles-lp","status":"publish","type":"page","link":"https:\/\/neue-herbold.com\/fr\/broyeur-pour-profiles-lp\/","title":{"rendered":"Broyeur pour Profiles LP"},"content":{"rendered":"<p><strong><em><a href=\"https:\/\/neue-herbold.com\/wp-content\/uploads\/2014\/11\/SP450_1000F9_2_98IF.jpg\" target=\"_blank\" rel=\"noopener noreferrer\"><img loading=\"lazy\" decoding=\"async\" class=\"alignleft wp-image-2944\" src=\"https:\/\/neue-herbold.com\/wp-content\/uploads\/2014\/11\/SP450_1000F9_2_98IF.jpg\" alt=\"Broyeur pour Profiles LP 450\/600\" width=\"324\" height=\"330\" srcset=\"https:\/\/neue-herbold.com\/wp-content\/uploads\/2014\/11\/SP450_1000F9_2_98IF-100x102.jpg 100w, https:\/\/neue-herbold.com\/wp-content\/uploads\/2014\/11\/SP450_1000F9_2_98IF-150x153.jpg 150w, https:\/\/neue-herbold.com\/wp-content\/uploads\/2014\/11\/SP450_1000F9_2_98IF-200x204.jpg 200w, https:\/\/neue-herbold.com\/wp-content\/uploads\/2014\/11\/SP450_1000F9_2_98IF-300x307.jpg 300w, https:\/\/neue-herbold.com\/wp-content\/uploads\/2014\/11\/SP450_1000F9_2_98IF-450x460.jpg 450w\" sizes=\"(max-width: 324px) 100vw, 324px\" \/><\/a>Secteur d\u2019emploi<\/em><\/strong><\/p>\n<p>Les broyeurs <strong>NEUE HERBOLD<\/strong> types LP permettent le broyage des longs tuyaux et profil\u00e9s. Ces broyeurs sont aliment\u00e9s sans pr\u00e9-coupage, sans changement de direction.<\/p>\n<p>Le type LP trouve son utilisation dans le broyage des tuyaux en PVC.<\/p>\n<p>A chargement horizontal, ces broyeurs sp\u00e9ciaux permettent le broyage de pi\u00e8ces jusqu\u2019\u00e0 une longueur de 6 m. Leur encombrement minimal facilite l\u2019int\u00e9gration dans une ligne de fabrication.<\/p>\n<p><strong><em>Technique: Broyeur pour Profiles<br \/>\n<\/em><\/strong><\/p>\n<p>Les broyeurs <strong>NEUE HERBOLD<\/strong> type LP coupent doublement oblique : Les couteaux inclin\u00e9s sur le rotor travaillent contre les couteaux stator dans le cadre du broyeur, qui sont \u00e9galement inclin\u00e9s. Cette g\u00e9om\u00e9trie permet une fente de coupe tr\u00e8s exacte sur toute la longueur de travail et elle coupe avec relativement peu de force \u00e0 un niveau du bruit largement r\u00e9duit. L\u2019ajustage des couteaux rotor et stator s\u2019effectue au dehors de la machine dans une r\u00e8gle.<\/p>\n<p>L\u2019axe rotor est log\u00e9e \u2013 s\u00e9par\u00e9e de l\u2019espace de broyage \u2013 \u00e0 l\u2019ext\u00e9rieur du cadre. Ceci garantie un cloisonnement herm\u00e9tique des broy\u00e9s. Le cadre est soud\u00e9 et incassable.<\/p>\n<p>La g\u00e9om\u00e9trie de coupe du mod\u00e8le LP est construite de mani\u00e8re \u00e0 prendre activement les profil\u00e9s par le rotor \u00e0 couteaux multiples \u2013 marche quasi automatiquement.<\/p>\n<p>Alimentation des mat\u00e9riaux \u00e0 choix manuelle ou forc\u00e9e par rouleaux<\/p>\n<h4><strong>Avantages<\/strong><strong><em>: <\/em><\/strong><em>Broyeur pour Profiles<\/em><\/h4>\n<ul>\n<li>R\u00e9sistant aux charges les plus durs<\/li>\n<li>Peu encombrant<\/li>\n<li>Broyage \u00e9conomique<\/li>\n<li>Niveau sonore bas \u00e0 cause de coupe doublement oblique<\/li>\n<li>D\u00e9bits extr\u00eamement \u00e9lev\u00e9s<\/li>\n<li>Echange des couteaux rapide \u00e0 cause de ajustage au dehors de la machine<\/li>\n<\/ul>\n<blockquote>\n<p>Les <a href=\"https:\/\/neue-herbold.com\/fr\/broyeur-pour-tuyaux-et-profiles-sr\/\">broyeurs Types SR<\/a>\u00a0 permettent le broyage des<span id=\"result_box\" class=\"short_text\" lang=\"fr\"><\/span> tuyaux longs et <span id=\"result_box\" class=\"short_text\" lang=\"fr\"><span class=\"\">lourd<\/span><\/span> et des profil\u00e9s.<\/p>\n<\/blockquote>\n<p>&nbsp;<\/p>\n<p><strong>Broyage des profils &#8211; Type LP<\/strong><\/p>\n<div id=\"bcOU45UBj2\" data-borlabs-cookie-blocked-content><div class=\"borlabs-cookie-bct bc-bct-video bc-bct-youtube\"> <p class=\"bc-thumbnail\"><img src=\"https:\/\/neue-herbold.com\/wp-content\/plugins\/borlabs-cookie\/images\/bct-no-thumbnail.png\" alt=\"YouTube\"><\/p> <div class=\"bc-text\"> <p>Pour prot\u00e9ger vos donn\u00e9es personnelles, votre connexion \u00e0 YouTube a \u00e9t\u00e9 bloqu\u00e9e. <br> Cliquez sur <strong> Charger la vid\u00e9o <\/strong> pour d\u00e9bloquer YouTube. <br> En chargeant la vid\u00e9o, vous acceptez les r\u00e8gles de confidentialit\u00e9 de YouTube. <br> Pour plus d'informations sur la politique de confidentialit\u00e9 de YouTube, cliquez ici. <a href=\"https:\/\/policies.google.com\/privacy?hl=fr&gl=fr\" target=\"_blank\" rel=\"nofollow\">Google - Politique de confidentialit\u00e9<\/a><\/p> <p><label><input type=\"checkbox\" name=\"unblockAll\" value=\"1\" > Ne bloquez plus les vid\u00e9os YouTube \u00e0 l'avenir.<\/label> <a role=\"button\" data-borlabs-cookie-unblock>Charger la vid\u00e9o<\/a><\/p> <\/div> <\/div><\/div>\n<p>&nbsp;<\/p>\n<table>\n<tbody>\n<tr>\n<td><strong><a href=\"https:\/\/neue-herbold.com\/wp-content\/uploads\/2014\/12\/Broyeurs-LP-Series.pdf\" target=\"_blank\" rel=\"noopener noreferrer\"><img loading=\"lazy\" decoding=\"async\" class=\"alignnone wp-image-5703\" src=\"https:\/\/neue-herbold.com\/wp-content\/uploads\/2014\/12\/PDF-ICON.jpg\" alt=\"PDF-ICON\" width=\"50\" height=\"48\" \/><\/a>Type<\/strong><\/td>\n<\/tr>\n<tr>\n<td>Broyeurs de Profil\u00e9s type LP 450\/600<\/td>\n<\/tr>\n<tr>\n<td>Broyeurs de Profil\u00e9s type LP 450\/1000<\/td>\n<\/tr>\n<tr>\n<td>Broyeurs de Profil\u00e9s type SP 300\/300<\/td>\n<\/tr>\n<tr>\n<td>Broyeurs de Profil\u00e9s type SP 300\/500<\/td>\n<\/tr>\n<tr>\n<td>Broyeurs de Profil\u00e9s type SP 450\/300<\/td>\n<\/tr>\n<tr>\n<td>Broyeurs de Profil\u00e9s type SP 450\/600<\/td>\n<\/tr>\n<tr>\n<td>Broyeurs de Profil\u00e9s type SP 600\/600<\/td>\n<\/tr>\n<tr>\n<td>Broyeurs de Profil\u00e9s type SP 450\/1000<\/td>\n<\/tr>\n<\/tbody>\n<\/table>\n","protected":false},"excerpt":{"rendered":"<p><strong><em><a href=\"https:\/\/neue-herbold.com\/wp-content\/uploads\/2014\/11\/SP450_1000F9_2_98IF.jpg\" target=\"_blank\" rel=\"noopener noreferrer\"><img loading=\"lazy\" decoding=\"async\" class=\"alignleft wp-image-2944\" src=\"https:\/\/neue-herbold.com\/wp-content\/uploads\/2014\/11\/SP450_1000F9_2_98IF.jpg\" alt=\"Broyeur pour Profiles LP 450\/600\" width=\"324\" height=\"330\" srcset=\"https:\/\/neue-herbold.com\/wp-content\/uploads\/2014\/11\/SP450_1000F9_2_98IF-100x102.jpg 100w, https:\/\/neue-herbold.com\/wp-content\/uploads\/2014\/11\/SP450_1000F9_2_98IF-150x153.jpg 150w, https:\/\/neue-herbold.com\/wp-content\/uploads\/2014\/11\/SP450_1000F9_2_98IF-200x204.jpg 200w, https:\/\/neue-herbold.com\/wp-content\/uploads\/2014\/11\/SP450_1000F9_2_98IF-300x307.jpg 300w, https:\/\/neue-herbold.com\/wp-content\/uploads\/2014\/11\/SP450_1000F9_2_98IF-450x460.jpg 450w\" sizes=\"(max-width: 324px) 100vw, 324px\" \/><\/a>Secteur d\u2019emploi<\/em><\/strong><\/p>\n<p>Les broyeurs <strong>NEUE HERBOLD<\/strong> types LP permettent le broyage des longs tuyaux et profil\u00e9s. Ces broyeurs sont aliment\u00e9s sans pr\u00e9-coupage, sans changement de direction.<\/p>\n<p>Le type LP trouve son utilisation dans le broyage des tuyaux en PVC.<\/p>\n<p><span class=\"ellipsis\">&hellip;<\/span><\/p>\n<div class=\"read-more\"><a href=\"https:\/\/neue-herbold.com\/fr\/broyeur-pour-profiles-lp\/\">Lire la suite &#8250;<\/a><\/div>\n<p><!-- end of .read-more --><\/p>\n","protected":false},"author":1,"featured_media":0,"parent":0,"menu_order":0,"comment_status":"closed","ping_status":"closed","template":"","meta":{"footnotes":""},"class_list":["post-8325","page","type-page","status-publish","hentry"],"yoast_head":"<!-- This site is optimized with the Yoast SEO plugin v25.4 - https:\/\/yoast.com\/wordpress\/plugins\/seo\/ -->\n<title>Broyeur pour Profiles LP - Neue Herbold GmbH<\/title>\n<meta name=\"description\" content=\"Broyeur pour Profiles LP de Neue Herbold type LP admettent des tron\u00e7ons entiers de profil\u00e9s, sans d\u00e9coupe pr\u00e9alable. A chargement horizontal, ces\" \/>\n<meta name=\"robots\" content=\"index, follow, max-snippet:-1, max-image-preview:large, max-video-preview:-1\" \/>\n<link rel=\"canonical\" href=\"https:\/\/neue-herbold.com\/fr\/broyeur-pour-profiles-lp\/\" \/>\n<meta property=\"og:locale\" content=\"fr_FR\" \/>\n<meta property=\"og:type\" content=\"article\" \/>\n<meta property=\"og:title\" content=\"Broyeur pour Profiles LP - Neue Herbold GmbH\" \/>\n<meta property=\"og:description\" content=\"Broyeur pour Profiles LP de Neue Herbold type LP admettent des tron\u00e7ons entiers de profil\u00e9s, sans d\u00e9coupe pr\u00e9alable. A chargement horizontal, ces\" \/>\n<meta property=\"og:url\" content=\"https:\/\/neue-herbold.com\/fr\/broyeur-pour-profiles-lp\/\" \/>\n<meta property=\"og:site_name\" content=\"Neue Herbold GmbH\" \/>\n<meta property=\"article:modified_time\" content=\"2017-04-30T20:25:05+00:00\" \/>\n<meta property=\"og:image\" content=\"https:\/\/neue-herbold.com\/wp-content\/uploads\/2014\/11\/SP450_1000F9_2_98IF.jpg\" \/>\n<meta name=\"twitter:label1\" content=\"Dur\u00e9e de lecture estim\u00e9e\" \/>\n\t<meta name=\"twitter:data1\" content=\"2 minutes\" \/>\n<script type=\"application\/ld+json\" class=\"yoast-schema-graph\">{\"@context\":\"https:\/\/schema.org\",\"@graph\":[{\"@type\":\"WebPage\",\"@id\":\"https:\/\/neue-herbold.com\/fr\/broyeur-pour-profiles-lp\/\",\"url\":\"https:\/\/neue-herbold.com\/fr\/broyeur-pour-profiles-lp\/\",\"name\":\"Broyeur pour Profiles LP - Neue Herbold GmbH\",\"isPartOf\":{\"@id\":\"https:\/\/neue-herbold.com\/en\/#website\"},\"primaryImageOfPage\":{\"@id\":\"https:\/\/neue-herbold.com\/fr\/broyeur-pour-profiles-lp\/#primaryimage\"},\"image\":{\"@id\":\"https:\/\/neue-herbold.com\/fr\/broyeur-pour-profiles-lp\/#primaryimage\"},\"thumbnailUrl\":\"https:\/\/neue-herbold.com\/wp-content\/uploads\/2014\/11\/SP450_1000F9_2_98IF.jpg\",\"datePublished\":\"2016-06-03T15:03:24+00:00\",\"dateModified\":\"2017-04-30T20:25:05+00:00\",\"description\":\"Broyeur pour Profiles LP de Neue Herbold type LP admettent des tron\u00e7ons entiers de profil\u00e9s, sans d\u00e9coupe pr\u00e9alable. A chargement horizontal, ces\",\"breadcrumb\":{\"@id\":\"https:\/\/neue-herbold.com\/fr\/broyeur-pour-profiles-lp\/#breadcrumb\"},\"inLanguage\":\"fr-FR\",\"potentialAction\":[{\"@type\":\"ReadAction\",\"target\":[\"https:\/\/neue-herbold.com\/fr\/broyeur-pour-profiles-lp\/\"]}]},{\"@type\":\"ImageObject\",\"inLanguage\":\"fr-FR\",\"@id\":\"https:\/\/neue-herbold.com\/fr\/broyeur-pour-profiles-lp\/#primaryimage\",\"url\":\"https:\/\/neue-herbold.com\/wp-content\/uploads\/2014\/11\/SP450_1000F9_2_98IF.jpg\",\"contentUrl\":\"https:\/\/neue-herbold.com\/wp-content\/uploads\/2014\/11\/SP450_1000F9_2_98IF.jpg\"},{\"@type\":\"BreadcrumbList\",\"@id\":\"https:\/\/neue-herbold.com\/fr\/broyeur-pour-profiles-lp\/#breadcrumb\",\"itemListElement\":[{\"@type\":\"ListItem\",\"position\":1,\"name\":\"Startseite\",\"item\":\"https:\/\/neue-herbold.com\/fr\/\"},{\"@type\":\"ListItem\",\"position\":2,\"name\":\"Broyeur pour Profiles LP\"}]},{\"@type\":\"WebSite\",\"@id\":\"https:\/\/neue-herbold.com\/en\/#website\",\"url\":\"https:\/\/neue-herbold.com\/en\/\",\"name\":\"Neue Herbold GmbH\",\"description\":\"\",\"potentialAction\":[{\"@type\":\"SearchAction\",\"target\":{\"@type\":\"EntryPoint\",\"urlTemplate\":\"https:\/\/neue-herbold.com\/en\/?s={search_term_string}\"},\"query-input\":{\"@type\":\"PropertyValueSpecification\",\"valueRequired\":true,\"valueName\":\"search_term_string\"}}],\"inLanguage\":\"fr-FR\"}]}<\/script>\n<!-- \/ Yoast SEO plugin. -->","yoast_head_json":{"title":"Broyeur pour Profiles LP - Neue Herbold GmbH","description":"Broyeur pour Profiles LP de Neue Herbold type LP admettent des tron\u00e7ons entiers de profil\u00e9s, sans d\u00e9coupe pr\u00e9alable. A chargement horizontal, ces","robots":{"index":"index","follow":"follow","max-snippet":"max-snippet:-1","max-image-preview":"max-image-preview:large","max-video-preview":"max-video-preview:-1"},"canonical":"https:\/\/neue-herbold.com\/fr\/broyeur-pour-profiles-lp\/","og_locale":"fr_FR","og_type":"article","og_title":"Broyeur pour Profiles LP - Neue Herbold GmbH","og_description":"Broyeur pour Profiles LP de Neue Herbold type LP admettent des tron\u00e7ons entiers de profil\u00e9s, sans d\u00e9coupe pr\u00e9alable. A chargement horizontal, ces","og_url":"https:\/\/neue-herbold.com\/fr\/broyeur-pour-profiles-lp\/","og_site_name":"Neue Herbold GmbH","article_modified_time":"2017-04-30T20:25:05+00:00","og_image":[{"url":"https:\/\/neue-herbold.com\/wp-content\/uploads\/2014\/11\/SP450_1000F9_2_98IF.jpg","type":"","width":"","height":""}],"twitter_misc":{"Dur\u00e9e de lecture estim\u00e9e":"2 minutes"},"schema":{"@context":"https:\/\/schema.org","@graph":[{"@type":"WebPage","@id":"https:\/\/neue-herbold.com\/fr\/broyeur-pour-profiles-lp\/","url":"https:\/\/neue-herbold.com\/fr\/broyeur-pour-profiles-lp\/","name":"Broyeur pour Profiles LP - Neue Herbold GmbH","isPartOf":{"@id":"https:\/\/neue-herbold.com\/en\/#website"},"primaryImageOfPage":{"@id":"https:\/\/neue-herbold.com\/fr\/broyeur-pour-profiles-lp\/#primaryimage"},"image":{"@id":"https:\/\/neue-herbold.com\/fr\/broyeur-pour-profiles-lp\/#primaryimage"},"thumbnailUrl":"https:\/\/neue-herbold.com\/wp-content\/uploads\/2014\/11\/SP450_1000F9_2_98IF.jpg","datePublished":"2016-06-03T15:03:24+00:00","dateModified":"2017-04-30T20:25:05+00:00","description":"Broyeur pour Profiles LP de Neue Herbold type LP admettent des tron\u00e7ons entiers de profil\u00e9s, sans d\u00e9coupe pr\u00e9alable. A chargement horizontal, ces","breadcrumb":{"@id":"https:\/\/neue-herbold.com\/fr\/broyeur-pour-profiles-lp\/#breadcrumb"},"inLanguage":"fr-FR","potentialAction":[{"@type":"ReadAction","target":["https:\/\/neue-herbold.com\/fr\/broyeur-pour-profiles-lp\/"]}]},{"@type":"ImageObject","inLanguage":"fr-FR","@id":"https:\/\/neue-herbold.com\/fr\/broyeur-pour-profiles-lp\/#primaryimage","url":"https:\/\/neue-herbold.com\/wp-content\/uploads\/2014\/11\/SP450_1000F9_2_98IF.jpg","contentUrl":"https:\/\/neue-herbold.com\/wp-content\/uploads\/2014\/11\/SP450_1000F9_2_98IF.jpg"},{"@type":"BreadcrumbList","@id":"https:\/\/neue-herbold.com\/fr\/broyeur-pour-profiles-lp\/#breadcrumb","itemListElement":[{"@type":"ListItem","position":1,"name":"Startseite","item":"https:\/\/neue-herbold.com\/fr\/"},{"@type":"ListItem","position":2,"name":"Broyeur pour Profiles LP"}]},{"@type":"WebSite","@id":"https:\/\/neue-herbold.com\/en\/#website","url":"https:\/\/neue-herbold.com\/en\/","name":"Neue Herbold GmbH","description":"","potentialAction":[{"@type":"SearchAction","target":{"@type":"EntryPoint","urlTemplate":"https:\/\/neue-herbold.com\/en\/?s={search_term_string}"},"query-input":{"@type":"PropertyValueSpecification","valueRequired":true,"valueName":"search_term_string"}}],"inLanguage":"fr-FR"}]}},"_links":{"self":[{"href":"https:\/\/neue-herbold.com\/fr\/wp-json\/wp\/v2\/pages\/8325"}],"collection":[{"href":"https:\/\/neue-herbold.com\/fr\/wp-json\/wp\/v2\/pages"}],"about":[{"href":"https:\/\/neue-herbold.com\/fr\/wp-json\/wp\/v2\/types\/page"}],"author":[{"embeddable":true,"href":"https:\/\/neue-herbold.com\/fr\/wp-json\/wp\/v2\/users\/1"}],"replies":[{"embeddable":true,"href":"https:\/\/neue-herbold.com\/fr\/wp-json\/wp\/v2\/comments?post=8325"}],"version-history":[{"count":11,"href":"https:\/\/neue-herbold.com\/fr\/wp-json\/wp\/v2\/pages\/8325\/revisions"}],"predecessor-version":[{"id":10959,"href":"https:\/\/neue-herbold.com\/fr\/wp-json\/wp\/v2\/pages\/8325\/revisions\/10959"}],"wp:attachment":[{"href":"https:\/\/neue-herbold.com\/fr\/wp-json\/wp\/v2\/media?parent=8325"}],"curies":[{"name":"wp","href":"https:\/\/api.w.org\/{rel}","templated":true}]}}