{"id":8296,"date":"2016-06-03T16:34:03","date_gmt":"2016-06-03T14:34:03","guid":{"rendered":"https:\/\/neue-herbold.com\/fr\/schneidmuehle-lm\/"},"modified":"2017-01-24T18:24:09","modified_gmt":"2017-01-24T17:24:09","slug":"broyeurs-lm","status":"publish","type":"page","link":"https:\/\/neue-herbold.com\/fr\/broyeurs-lm\/","title":{"rendered":"Broyeurs LM"},"content":{"rendered":"<p><span style=\"color: #000000;\"><em><strong><a href=\"https:\/\/neue-herbold.com\/wp-content\/uploads\/2014\/11\/LM-450_1000-S5.jpg\" target=\"_blank\"><img loading=\"lazy\" decoding=\"async\" class=\"alignright wp-image-2968\" src=\"https:\/\/neue-herbold.com\/wp-content\/uploads\/2014\/11\/LM-450_1000-S5.jpg\" alt=\"Broyeurs LM  450_1000 S5\" width=\"331\" height=\"552\" srcset=\"https:\/\/neue-herbold.com\/wp-content\/uploads\/2014\/11\/LM-450_1000-S5.jpg 540w, https:\/\/neue-herbold.com\/wp-content\/uploads\/2014\/11\/LM-450_1000-S5-180x300.jpg 180w, https:\/\/neue-herbold.com\/wp-content\/uploads\/2014\/11\/LM-450_1000-S5-100x166.jpg 100w, https:\/\/neue-herbold.com\/wp-content\/uploads\/2014\/11\/LM-450_1000-S5-150x250.jpg 150w, https:\/\/neue-herbold.com\/wp-content\/uploads\/2014\/11\/LM-450_1000-S5-200x333.jpg 200w, https:\/\/neue-herbold.com\/wp-content\/uploads\/2014\/11\/LM-450_1000-S5-300x500.jpg 300w, https:\/\/neue-herbold.com\/wp-content\/uploads\/2014\/11\/LM-450_1000-S5-450x750.jpg 450w\" sizes=\"(max-width: 331px) 100vw, 331px\" \/><\/a><\/strong><\/em><\/span><em><strong>Secteur d\u2019emploi<\/strong><\/em><\/p>\n<p>Les Broyeurs type LM de <strong>NEUE HERBOLD<\/strong> se qualifient sp\u00e9cialement pour le broyage des plastiques volumineuses d\u2019\u00e9paisseurs des parois minces ou moyennes.<\/p>\n<p>Les applications suivants sont typiques pour ce type de broyeur :<\/p>\n<ul>\n<li>Broyage des films (par exemple en ligne)<\/li>\n<li>Broyage des bidons<\/li>\n<li>Broyage des tuyaux \u00e0 paroi mince (PVC, PE, PP)<\/li>\n<li>Broyage des profil\u00e9s<\/li>\n<li>Broyage des pare-chocs<\/li>\n<li>Broyage des carottes de moulage par injection<\/li>\n<li>Broyage des grilles de d\u00e9coupage<\/li>\n<li>Broyage des pi\u00e8ces embouties<\/li>\n<\/ul>\n<p><strong><em>Technique<\/em><\/strong><\/p>\n<p>Ils sont \u00e9quip\u00e9s de double coupe oblique. Les couteaux inclin\u00e9s, rotatifs travaillent contre des couteaux stator dans le cadre, qui sont inclin\u00e9s dans le sens inverse. Cette g\u00e9om\u00e9trie de coupe permet une fente pr\u00e9cise sur toute la longueur de travail et r\u00e9duit le niveau sonore fortement, avec un coupe tr\u00e8s \u00e9conomique. L\u2019ajustage des couteaux rotor et stator se fait au dehors de la machine dans une r\u00e8gle. L\u2019axe rotor est log\u00e9e \u2013 s\u00e9par\u00e9e de l\u2019espace de broyage \u2013 \u00e0 l\u2019ext\u00e9rieur du cadre. Ceci garantie un cloisonnement herm\u00e9tique des broy\u00e9s.<\/p>\n<p><strong><em>Avantages<\/em><\/strong><\/p>\n<ul>\n<li>Peu encombrant<\/li>\n<li>Broyage \u00e9conomique<\/li>\n<li>Niveau sonore bas \u00e0 cause de coupe double oblique<\/li>\n<li>Nettoyage simple pour \u00e9change du mat\u00e9riel\/de couleur<\/li>\n<li>Echange des couteaux rapide \u00e0 cause de ajustage au dehors de la machine<\/li>\n<\/ul>\n<table>\n<tbody>\n<tr>\n<td style=\"text-align: center;\"><span style=\"color: #000000;\"><strong>Type<\/strong><\/span><\/td>\n<td style=\"text-align: center;\"><span style=\"color: #000000;\"><strong>A (mm)<\/strong><\/span><\/td>\n<td style=\"text-align: center;\"><span style=\"color: #000000;\"><strong>B (mm)<\/strong><\/span><\/td>\n<td style=\"text-align: center;\"><span style=\"color: #000000;\"><strong>C (mm)<\/strong><\/span><\/td>\n<td style=\"text-align: center;\"><span style=\"color: #000000;\"><strong>D (mm)<\/strong><\/span><\/td>\n<td style=\"text-align: center;\"><span style=\"color: #000000;\"><strong>E (mm)<\/strong><\/span><\/td>\n<td style=\"text-align: center;\"><span style=\"color: #000000;\"><strong><a href=\"https:\/\/neue-herbold.com\/wp-content\/uploads\/2014\/11\/Broyeur-LM-Series.pdf\" target=\"_blank\"><img loading=\"lazy\" decoding=\"async\" class=\"alignnone wp-image-5703\" src=\"https:\/\/neue-herbold.com\/wp-content\/uploads\/2014\/12\/PDF-ICON.jpg\" alt=\"PDF\" width=\"50\" height=\"48\" \/><\/a><\/strong><\/span><\/td>\n<\/tr>\n<tr>\n<td style=\"text-align: left;\"><span style=\"color: #000000;\">Broyeur type LM 300\/300<\/span><\/td>\n<td style=\"text-align: center;\"><span style=\"color: #000000;\">810<\/span><\/td>\n<td style=\"text-align: center;\"><span style=\"color: #000000;\">1340<\/span><\/td>\n<td style=\"text-align: center;\"><span style=\"color: #000000;\">290<\/span><\/td>\n<td style=\"text-align: center;\"><span style=\"color: #000000;\">1110<\/span><\/td>\n<td style=\"text-align: center;\"><span style=\"color: #000000;\">500<\/span><\/td>\n<td style=\"text-align: center;\">\u00a0<\/td>\n<\/tr>\n<tr>\n<td style=\"text-align: left;\"><span style=\"color: #000000;\">Broyeur type LM 300\/500<\/span><\/td>\n<td style=\"text-align: center;\"><span style=\"color: #000000;\">810<\/span><\/td>\n<td style=\"text-align: center;\"><span style=\"color: #000000;\">1340<\/span><\/td>\n<td style=\"text-align: center;\"><span style=\"color: #000000;\">490<\/span><\/td>\n<td style=\"text-align: center;\"><span style=\"color: #000000;\">1310<\/span><\/td>\n<td style=\"text-align: center;\"><span style=\"color: #000000;\">500<\/span><\/td>\n<td style=\"text-align: center;\">\u00a0<\/td>\n<\/tr>\n<tr>\n<td style=\"text-align: left;\"><span style=\"color: #000000;\">Broyeur type LM 300\/800<\/span><\/td>\n<td style=\"text-align: center;\"><span style=\"color: #000000;\">810<\/span><\/td>\n<td style=\"text-align: center;\"><span style=\"color: #000000;\">1340<\/span><\/td>\n<td style=\"text-align: center;\"><span style=\"color: #000000;\">790<\/span><\/td>\n<td style=\"text-align: center;\"><span style=\"color: #000000;\">1610<\/span><\/td>\n<td style=\"text-align: center;\"><span style=\"color: #000000;\">500<\/span><\/td>\n<td style=\"text-align: center;\">\u00a0<\/td>\n<\/tr>\n<tr>\n<td style=\"text-align: left;\"><span style=\"color: #000000;\">Broyeur type LM 300\/1000<\/span><\/td>\n<td style=\"text-align: center;\"><span style=\"color: #000000;\">785<\/span><\/td>\n<td style=\"text-align: center;\"><span style=\"color: #000000;\">1760<\/span><\/td>\n<td style=\"text-align: center;\"><span style=\"color: #000000;\">980<\/span><\/td>\n<td style=\"text-align: center;\"><span style=\"color: #000000;\">1650<\/span><\/td>\n<td style=\"text-align: center;\"><span style=\"color: #000000;\">500<\/span><\/td>\n<td style=\"text-align: center;\">\u00a0<\/td>\n<\/tr>\n<tr>\n<td style=\"text-align: left;\"><span style=\"color: #000000;\">Broyeur type LM 300\/1500<\/span><\/td>\n<td style=\"text-align: center;\"><span style=\"color: #000000;\">785<\/span><\/td>\n<td style=\"text-align: center;\"><span style=\"color: #000000;\">1720<\/span><\/td>\n<td style=\"text-align: center;\"><span style=\"color: #000000;\">1430<\/span><\/td>\n<td style=\"text-align: center;\"><span style=\"color: #000000;\">2040<\/span><\/td>\n<td style=\"text-align: center;\"><span style=\"color: #000000;\">500<\/span><\/td>\n<td style=\"text-align: center;\">\u00a0<\/td>\n<\/tr>\n<tr>\n<td style=\"text-align: left;\"><span style=\"color: #000000;\">Broyeur type LM 450\/600<\/span><\/td>\n<td style=\"text-align: center;\"><span style=\"color: #000000;\">921<\/span><\/td>\n<td style=\"text-align: center;\"><span style=\"color: #000000;\">2150<\/span><\/td>\n<td style=\"text-align: center;\"><span style=\"color: #000000;\">578<\/span><\/td>\n<td style=\"text-align: center;\"><span style=\"color: #000000;\">1500<\/span><\/td>\n<td style=\"text-align: center;\"><span style=\"color: #000000;\">600<\/span><\/td>\n<td style=\"text-align: center;\">\u00a0<\/td>\n<\/tr>\n<tr>\n<td style=\"text-align: left;\"><span style=\"color: #000000;\">Broyeur type LM 450\/1000<\/span><\/td>\n<td style=\"text-align: center;\"><span style=\"color: #000000;\">921<\/span><\/td>\n<td style=\"text-align: center;\"><span style=\"color: #000000;\">2230<\/span><\/td>\n<td style=\"text-align: center;\"><span style=\"color: #000000;\">980<\/span><\/td>\n<td style=\"text-align: center;\"><span style=\"color: #000000;\">1900<\/span><\/td>\n<td style=\"text-align: center;\"><span style=\"color: #000000;\">600<\/span><\/td>\n<td style=\"text-align: center;\">\u00a0<\/td>\n<\/tr>\n<tr>\n<td style=\"text-align: left;\"><span style=\"color: #000000;\">Broyeur type LM 450\/1200 <\/span><\/td>\n<td style=\"text-align: center;\"><span style=\"color: #000000;\">928<\/span><\/td>\n<td style=\"text-align: center;\"><span style=\"color: #000000;\">2260<\/span><\/td>\n<td style=\"text-align: center;\"><span style=\"color: #000000;\">1154<\/span><\/td>\n<td style=\"text-align: center;\"><span style=\"color: #000000;\">2074<\/span><\/td>\n<td style=\"text-align: center;\"><span style=\"color: #000000;\">600<\/span><\/td>\n<td style=\"text-align: center;\">\u00a0<\/td>\n<\/tr>\n<tr>\n<td style=\"text-align: left;\"><span style=\"color: #000000;\">Broyeur type LM 600\/1000<\/span><\/td>\n<td style=\"text-align: center;\"><span style=\"color: #000000;\">1180<\/span><\/td>\n<td style=\"text-align: center;\"><span style=\"color: #000000;\">2670<\/span><\/td>\n<td style=\"text-align: center;\"><span style=\"color: #000000;\">980<\/span><\/td>\n<td style=\"text-align: center;\"><span style=\"color: #000000;\">2055<\/span><\/td>\n<td style=\"text-align: center;\"><span style=\"color: #000000;\">710<\/span><\/td>\n<td style=\"text-align: center;\">\u00a0<\/td>\n<\/tr>\n<tr>\n<td style=\"text-align: left;\"><span style=\"color: #000000;\">Broyeur type LM 600\/1200<\/span><\/td>\n<td style=\"text-align: center;\"><span style=\"color: #000000;\">1180<\/span><\/td>\n<td style=\"text-align: center;\"><span style=\"color: #000000;\">2670<\/span><\/td>\n<td style=\"text-align: center;\">1154<\/td>\n<td style=\"text-align: center;\"><span style=\"color: #000000;\">2074<\/span><\/td>\n<td style=\"text-align: center;\"><span style=\"color: #000000;\">710<\/span><\/td>\n<td style=\"text-align: center;\">\u00a0<\/td>\n<\/tr>\n<\/tbody>\n<\/table>\n<p><span style=\"color: #000000;\"> <a href=\"https:\/\/neue-herbold.com\/wp-content\/uploads\/2014\/12\/Masse-SM.jpg\" target=\"_blank\"><img loading=\"lazy\" decoding=\"async\" class=\"alignnone wp-image-3428\" src=\"https:\/\/neue-herbold.com\/wp-content\/uploads\/2014\/12\/Masse-SM-300x208.jpg\" alt=\"\" width=\"410\" height=\"284\" srcset=\"https:\/\/neue-herbold.com\/wp-content\/uploads\/2014\/12\/Masse-SM-300x208.jpg 300w, https:\/\/neue-herbold.com\/wp-content\/uploads\/2014\/12\/Masse-SM-100x69.jpg 100w, https:\/\/neue-herbold.com\/wp-content\/uploads\/2014\/12\/Masse-SM-150x104.jpg 150w, https:\/\/neue-herbold.com\/wp-content\/uploads\/2014\/12\/Masse-SM-200x139.jpg 200w, https:\/\/neue-herbold.com\/wp-content\/uploads\/2014\/12\/Masse-SM-450x313.jpg 450w, https:\/\/neue-herbold.com\/wp-content\/uploads\/2014\/12\/Masse-SM-600x417.jpg 600w, https:\/\/neue-herbold.com\/wp-content\/uploads\/2014\/12\/Masse-SM-900x626.jpg 900w\" sizes=\"(max-width: 410px) 100vw, 410px\" \/><\/a><\/span><\/p>\n","protected":false},"excerpt":{"rendered":"<p><span style=\"color: #000000;\"><em><strong><a href=\"https:\/\/neue-herbold.com\/wp-content\/uploads\/2014\/11\/LM-450_1000-S5.jpg\" target=\"_blank\"><img loading=\"lazy\" decoding=\"async\" class=\"alignright wp-image-2968\" src=\"https:\/\/neue-herbold.com\/wp-content\/uploads\/2014\/11\/LM-450_1000-S5.jpg\" alt=\"Broyeurs LM  450_1000 S5\" width=\"331\" height=\"552\" srcset=\"https:\/\/neue-herbold.com\/wp-content\/uploads\/2014\/11\/LM-450_1000-S5.jpg 540w, https:\/\/neue-herbold.com\/wp-content\/uploads\/2014\/11\/LM-450_1000-S5-180x300.jpg 180w, https:\/\/neue-herbold.com\/wp-content\/uploads\/2014\/11\/LM-450_1000-S5-100x166.jpg 100w, https:\/\/neue-herbold.com\/wp-content\/uploads\/2014\/11\/LM-450_1000-S5-150x250.jpg 150w, https:\/\/neue-herbold.com\/wp-content\/uploads\/2014\/11\/LM-450_1000-S5-200x333.jpg 200w, https:\/\/neue-herbold.com\/wp-content\/uploads\/2014\/11\/LM-450_1000-S5-300x500.jpg 300w, https:\/\/neue-herbold.com\/wp-content\/uploads\/2014\/11\/LM-450_1000-S5-450x750.jpg 450w\" sizes=\"(max-width: 331px) 100vw, 331px\" \/><\/a><\/strong><\/em><\/span><em><strong>Secteur d\u2019emploi<\/strong><\/em><\/p>\n<p>Les Broyeurs type LM de <strong>NEUE HERBOLD<\/strong> se qualifient sp\u00e9cialement pour le broyage des plastiques volumineuses d\u2019\u00e9paisseurs des parois minces ou moyennes.<\/p>\n<p><span class=\"ellipsis\">&hellip;<\/span><\/p>\n<div class=\"read-more\"><a href=\"https:\/\/neue-herbold.com\/fr\/broyeurs-lm\/\">Lire la suite &#8250;<\/a><\/div>\n<p><!-- end of .read-more --><\/p>\n","protected":false},"author":1,"featured_media":0,"parent":0,"menu_order":0,"comment_status":"closed","ping_status":"closed","template":"","meta":{"footnotes":""},"class_list":["post-8296","page","type-page","status-publish","hentry"],"yoast_head":"<!-- This site is optimized with the Yoast SEO plugin v25.4 - https:\/\/yoast.com\/wordpress\/plugins\/seo\/ -->\n<title>Broyeurs LM - Neue Herbold GmbH<\/title>\n<meta name=\"description\" content=\"Les Broyeurs type LM de NEUE HERBOLD se qualifient sp\u00e9cialement pour le broyage des plastiques volumineuses d\u2019\u00e9paisseurs des parois minces ou moyennes.\" \/>\n<meta name=\"robots\" content=\"index, follow, max-snippet:-1, max-image-preview:large, max-video-preview:-1\" \/>\n<link rel=\"canonical\" href=\"https:\/\/neue-herbold.com\/fr\/broyeurs-lm\/\" \/>\n<meta property=\"og:locale\" content=\"fr_FR\" \/>\n<meta property=\"og:type\" content=\"article\" \/>\n<meta property=\"og:title\" content=\"Broyeurs LM - Neue Herbold GmbH\" \/>\n<meta property=\"og:description\" content=\"Les Broyeurs type LM de NEUE HERBOLD se qualifient sp\u00e9cialement pour le broyage des plastiques volumineuses d\u2019\u00e9paisseurs des parois minces ou moyennes.\" \/>\n<meta property=\"og:url\" content=\"https:\/\/neue-herbold.com\/fr\/broyeurs-lm\/\" \/>\n<meta property=\"og:site_name\" content=\"Neue Herbold GmbH\" \/>\n<meta property=\"article:modified_time\" content=\"2017-01-24T17:24:09+00:00\" \/>\n<meta property=\"og:image\" content=\"https:\/\/neue-herbold.com\/wp-content\/uploads\/2014\/11\/LM-450_1000-S5.jpg\" \/>\n<meta name=\"twitter:label1\" content=\"Dur\u00e9e de lecture estim\u00e9e\" \/>\n\t<meta name=\"twitter:data1\" content=\"1 minute\" \/>\n<script type=\"application\/ld+json\" class=\"yoast-schema-graph\">{\"@context\":\"https:\/\/schema.org\",\"@graph\":[{\"@type\":\"WebPage\",\"@id\":\"https:\/\/neue-herbold.com\/fr\/broyeurs-lm\/\",\"url\":\"https:\/\/neue-herbold.com\/fr\/broyeurs-lm\/\",\"name\":\"Broyeurs LM - Neue Herbold GmbH\",\"isPartOf\":{\"@id\":\"https:\/\/neue-herbold.com\/en\/#website\"},\"primaryImageOfPage\":{\"@id\":\"https:\/\/neue-herbold.com\/fr\/broyeurs-lm\/#primaryimage\"},\"image\":{\"@id\":\"https:\/\/neue-herbold.com\/fr\/broyeurs-lm\/#primaryimage\"},\"thumbnailUrl\":\"https:\/\/neue-herbold.com\/wp-content\/uploads\/2014\/11\/LM-450_1000-S5.jpg\",\"datePublished\":\"2016-06-03T14:34:03+00:00\",\"dateModified\":\"2017-01-24T17:24:09+00:00\",\"description\":\"Les Broyeurs type LM de NEUE HERBOLD se qualifient sp\u00e9cialement pour le broyage des plastiques volumineuses d\u2019\u00e9paisseurs des parois minces ou moyennes.\",\"breadcrumb\":{\"@id\":\"https:\/\/neue-herbold.com\/fr\/broyeurs-lm\/#breadcrumb\"},\"inLanguage\":\"fr-FR\",\"potentialAction\":[{\"@type\":\"ReadAction\",\"target\":[\"https:\/\/neue-herbold.com\/fr\/broyeurs-lm\/\"]}]},{\"@type\":\"ImageObject\",\"inLanguage\":\"fr-FR\",\"@id\":\"https:\/\/neue-herbold.com\/fr\/broyeurs-lm\/#primaryimage\",\"url\":\"https:\/\/neue-herbold.com\/wp-content\/uploads\/2014\/11\/LM-450_1000-S5.jpg\",\"contentUrl\":\"https:\/\/neue-herbold.com\/wp-content\/uploads\/2014\/11\/LM-450_1000-S5.jpg\"},{\"@type\":\"BreadcrumbList\",\"@id\":\"https:\/\/neue-herbold.com\/fr\/broyeurs-lm\/#breadcrumb\",\"itemListElement\":[{\"@type\":\"ListItem\",\"position\":1,\"name\":\"Startseite\",\"item\":\"https:\/\/neue-herbold.com\/fr\/\"},{\"@type\":\"ListItem\",\"position\":2,\"name\":\"Broyeurs LM\"}]},{\"@type\":\"WebSite\",\"@id\":\"https:\/\/neue-herbold.com\/en\/#website\",\"url\":\"https:\/\/neue-herbold.com\/en\/\",\"name\":\"Neue Herbold GmbH\",\"description\":\"\",\"potentialAction\":[{\"@type\":\"SearchAction\",\"target\":{\"@type\":\"EntryPoint\",\"urlTemplate\":\"https:\/\/neue-herbold.com\/en\/?s={search_term_string}\"},\"query-input\":{\"@type\":\"PropertyValueSpecification\",\"valueRequired\":true,\"valueName\":\"search_term_string\"}}],\"inLanguage\":\"fr-FR\"}]}<\/script>\n<!-- \/ Yoast SEO plugin. -->","yoast_head_json":{"title":"Broyeurs LM - Neue Herbold GmbH","description":"Les Broyeurs type LM de NEUE HERBOLD se qualifient sp\u00e9cialement pour le broyage des plastiques volumineuses d\u2019\u00e9paisseurs des parois minces ou moyennes.","robots":{"index":"index","follow":"follow","max-snippet":"max-snippet:-1","max-image-preview":"max-image-preview:large","max-video-preview":"max-video-preview:-1"},"canonical":"https:\/\/neue-herbold.com\/fr\/broyeurs-lm\/","og_locale":"fr_FR","og_type":"article","og_title":"Broyeurs LM - Neue Herbold GmbH","og_description":"Les Broyeurs type LM de NEUE HERBOLD se qualifient sp\u00e9cialement pour le broyage des plastiques volumineuses d\u2019\u00e9paisseurs des parois minces ou moyennes.","og_url":"https:\/\/neue-herbold.com\/fr\/broyeurs-lm\/","og_site_name":"Neue Herbold GmbH","article_modified_time":"2017-01-24T17:24:09+00:00","og_image":[{"url":"https:\/\/neue-herbold.com\/wp-content\/uploads\/2014\/11\/LM-450_1000-S5.jpg","type":"","width":"","height":""}],"twitter_misc":{"Dur\u00e9e de lecture estim\u00e9e":"1 minute"},"schema":{"@context":"https:\/\/schema.org","@graph":[{"@type":"WebPage","@id":"https:\/\/neue-herbold.com\/fr\/broyeurs-lm\/","url":"https:\/\/neue-herbold.com\/fr\/broyeurs-lm\/","name":"Broyeurs LM - Neue Herbold GmbH","isPartOf":{"@id":"https:\/\/neue-herbold.com\/en\/#website"},"primaryImageOfPage":{"@id":"https:\/\/neue-herbold.com\/fr\/broyeurs-lm\/#primaryimage"},"image":{"@id":"https:\/\/neue-herbold.com\/fr\/broyeurs-lm\/#primaryimage"},"thumbnailUrl":"https:\/\/neue-herbold.com\/wp-content\/uploads\/2014\/11\/LM-450_1000-S5.jpg","datePublished":"2016-06-03T14:34:03+00:00","dateModified":"2017-01-24T17:24:09+00:00","description":"Les Broyeurs type LM de NEUE HERBOLD se qualifient sp\u00e9cialement pour le broyage des plastiques volumineuses d\u2019\u00e9paisseurs des parois minces ou moyennes.","breadcrumb":{"@id":"https:\/\/neue-herbold.com\/fr\/broyeurs-lm\/#breadcrumb"},"inLanguage":"fr-FR","potentialAction":[{"@type":"ReadAction","target":["https:\/\/neue-herbold.com\/fr\/broyeurs-lm\/"]}]},{"@type":"ImageObject","inLanguage":"fr-FR","@id":"https:\/\/neue-herbold.com\/fr\/broyeurs-lm\/#primaryimage","url":"https:\/\/neue-herbold.com\/wp-content\/uploads\/2014\/11\/LM-450_1000-S5.jpg","contentUrl":"https:\/\/neue-herbold.com\/wp-content\/uploads\/2014\/11\/LM-450_1000-S5.jpg"},{"@type":"BreadcrumbList","@id":"https:\/\/neue-herbold.com\/fr\/broyeurs-lm\/#breadcrumb","itemListElement":[{"@type":"ListItem","position":1,"name":"Startseite","item":"https:\/\/neue-herbold.com\/fr\/"},{"@type":"ListItem","position":2,"name":"Broyeurs LM"}]},{"@type":"WebSite","@id":"https:\/\/neue-herbold.com\/en\/#website","url":"https:\/\/neue-herbold.com\/en\/","name":"Neue Herbold GmbH","description":"","potentialAction":[{"@type":"SearchAction","target":{"@type":"EntryPoint","urlTemplate":"https:\/\/neue-herbold.com\/en\/?s={search_term_string}"},"query-input":{"@type":"PropertyValueSpecification","valueRequired":true,"valueName":"search_term_string"}}],"inLanguage":"fr-FR"}]}},"_links":{"self":[{"href":"https:\/\/neue-herbold.com\/fr\/wp-json\/wp\/v2\/pages\/8296"}],"collection":[{"href":"https:\/\/neue-herbold.com\/fr\/wp-json\/wp\/v2\/pages"}],"about":[{"href":"https:\/\/neue-herbold.com\/fr\/wp-json\/wp\/v2\/types\/page"}],"author":[{"embeddable":true,"href":"https:\/\/neue-herbold.com\/fr\/wp-json\/wp\/v2\/users\/1"}],"replies":[{"embeddable":true,"href":"https:\/\/neue-herbold.com\/fr\/wp-json\/wp\/v2\/comments?post=8296"}],"version-history":[{"count":6,"href":"https:\/\/neue-herbold.com\/fr\/wp-json\/wp\/v2\/pages\/8296\/revisions"}],"predecessor-version":[{"id":10563,"href":"https:\/\/neue-herbold.com\/fr\/wp-json\/wp\/v2\/pages\/8296\/revisions\/10563"}],"wp:attachment":[{"href":"https:\/\/neue-herbold.com\/fr\/wp-json\/wp\/v2\/media?parent=8296"}],"curies":[{"name":"wp","href":"https:\/\/api.w.org\/{rel}","templated":true}]}}