{"id":8274,"date":"2016-06-03T16:09:40","date_gmt":"2016-06-03T14:09:40","guid":{"rendered":"https:\/\/neue-herbold.com\/fr\/intensivwaescher-iw\/"},"modified":"2016-06-03T16:34:52","modified_gmt":"2016-06-03T14:34:52","slug":"laveur-intensif-iw","status":"publish","type":"page","link":"https:\/\/neue-herbold.com\/fr\/laveur-intensif-iw\/","title":{"rendered":"Laveur intensif IW"},"content":{"rendered":"<p><a href=\"https:\/\/neue-herbold.com\/wp-content\/uploads\/2014\/12\/TM-1000.jpg\" target=\"_blank\"><img loading=\"lazy\" decoding=\"async\" class=\"alignright wp-image-3022\" src=\"https:\/\/neue-herbold.com\/wp-content\/uploads\/2014\/12\/TM-1000-300x300.jpg\" alt=\"Laveur intensif IW 1000\" width=\"359\" height=\"359\" srcset=\"https:\/\/neue-herbold.com\/wp-content\/uploads\/2014\/12\/TM-1000-300x301.jpg 300w, https:\/\/neue-herbold.com\/wp-content\/uploads\/2014\/12\/TM-1000-1020x1024.jpg 1020w, https:\/\/neue-herbold.com\/wp-content\/uploads\/2014\/12\/TM-1000-100x100.jpg 100w, https:\/\/neue-herbold.com\/wp-content\/uploads\/2014\/12\/TM-1000-150x150.jpg 150w, https:\/\/neue-herbold.com\/wp-content\/uploads\/2014\/12\/TM-1000-200x200.jpg 200w, https:\/\/neue-herbold.com\/wp-content\/uploads\/2014\/12\/TM-1000-450x451.jpg 450w, https:\/\/neue-herbold.com\/wp-content\/uploads\/2014\/12\/TM-1000-600x602.jpg 600w, https:\/\/neue-herbold.com\/wp-content\/uploads\/2014\/12\/TM-1000-900x903.jpg 900w, https:\/\/neue-herbold.com\/wp-content\/uploads\/2014\/12\/TM-1000.jpg 1200w\" sizes=\"(max-width: 359px) 100vw, 359px\" \/><\/a><em><strong>Domaine d&rsquo;utilisation<\/strong><\/em><\/p>\n<p>Le laveur intensif de type IW sont une unit\u00e9 plac\u00e9es en aval, pour le lavage intensif des plastiques durs et des films.<\/p>\n<p>Le produit est charg\u00e9 sur l&rsquo;extr\u00e9mit\u00e9 sup\u00e9rieur du bo\u00eetier du s\u00e9cheur, au travers de la tr\u00e9mie d&rsquo;entr\u00e9e. Le rotor transporte le mat\u00e9riau de broyage de l&rsquo;entr\u00e9e jusqu&rsquo;\u00e0 la sortie.<\/p>\n<p>La g\u00e9om\u00e9trie du rotor et celle du panier sont d\u00e9cisives, de m\u00eame que la vitesse de rotation, de l&rsquo;effet de nettoyage et de l&rsquo;humidit\u00e9 r\u00e9siduelle du mat\u00e9riau.<\/p>\n<p>Lorsque le produit entre dans la machine, il se trouve fortement acc\u00e9l\u00e9r\u00e9. <\/p>\n<p> Les salissures adh\u00e9rentes ou l&rsquo;eau pr\u00e9sente sont\/est expuls\u00e9e(s) au travers des trous du panier perfor\u00e9. Le panier polygonal a pour effet un \u00ab retournement \u00bb des particules, ce qui assure un meilleur nettoyage et le s\u00e9chage. L&rsquo;eau expuls\u00e9e ainsi que les fines particules sont transport\u00e9es vers l&rsquo;intrados de la machine et arrive ainsi au puits d&rsquo;\u00e9vacuation.<\/p>\n<p>Le rotor est \u00e9quilibr\u00e9 dynamiquement. Des roulements \u00e0 rotule robustes mont\u00e9s par brides sur la paroi ext\u00e9rieure du bo\u00eetier garantissent un fonctionnement parfait de la machine. <br \/> Sur demande, il est possible d&rsquo;\u00e9quiper des aubes.<\/p>\n<p><strong>Bo\u00eetier avec portes de maintenance<\/strong><br \/> Le bo\u00eetier du s\u00e9cheur m\u00e9canique est une construction soud\u00e9e stable et r\u00e9sistant \u00e0 la torsion, avec cadre de base permettant la fixation des amortisseurs. Des deux c\u00f4t\u00e9s du bo\u00eetier se trouvent des portes de maintenance rabattables. Les faces sont dot\u00e9es d&rsquo;un c\u00f4t\u00e9 d&rsquo;un trou pour l&rsquo;alimentation du mat\u00e9riau en haut et de l&rsquo;autre c\u00f4t\u00e9 d&rsquo;un orifice pour la <br \/> sortie du mat\u00e9riau.<\/p>\n<p> La partie arrondie du bo\u00eetier est ouverte sur toute la longueur. <br \/> C&rsquo;est sous cette ouverture que la goulotte de d\u00e9charge d&rsquo;eau est mont\u00e9e.<\/p>\n<p> L&rsquo;ouverture sup\u00e9rieure du bo\u00eetier est munie d&rsquo;une bride sur tout le pourtour pour la fixation du couvercle. Le bo\u00eetier est fabriqu\u00e9 en acier normal rev\u00eatu, \u00e0 l&rsquo;int\u00e9rieur, d&rsquo;une couche fixe de protection contre la corrosion et \u00e0 l&rsquo;ext\u00e9rieur, d&rsquo;une peinture \u00e0 2 composants.<\/p>\n<p><strong>Nettoyage m\u00e9canique<\/strong><br \/> Le nettoyage m\u00e9canique est assur\u00e9 par des bandes en caoutchouc fix\u00e9es sur deux bras tournant autour du panier. De cette mani\u00e8re, aussi bien la paroi ext\u00e9rieure du panier que la paroi int\u00e9rieure du bo\u00eetier sont nettoy\u00e9es. Les bras de nettoyage mentionn\u00e9s sont entra\u00een\u00e9s par un moto-r\u00e9ducteur.<\/p>\n<p><strong><em>Technique<\/em><\/strong><br \/> Les broy\u00e9es pr\u00e9lav\u00e9s sont lav\u00e9s intensivement en les jettant vers le tamis polygonal autour le rotor. Par l\u2019usage des tamis aux diff\u00e9rents perforations, on peut adapter l\u2019effet de nettoyage.<\/p>\n<p>Le rotor du laveur intensif peut \u00eatre \u00e9quip\u00e9 des plaques d\u2019usure.<\/p>\n<p><strong><em>Avantages<\/em><\/strong><\/p>\n<ul>\n<li>Nettoyage du tamis automatique<\/li>\n<li>Co\u00fbts d\u2019entretien faibles<\/li>\n<li>Peut \u00eatre \u00e9quip\u00e9 des plaques d\u2019usure<\/li>\n<\/ul>\n","protected":false},"excerpt":{"rendered":"<p><a href=\"https:\/\/neue-herbold.com\/wp-content\/uploads\/2014\/12\/TM-1000.jpg\" target=\"_blank\"><img loading=\"lazy\" decoding=\"async\" class=\"alignright wp-image-3022\" src=\"https:\/\/neue-herbold.com\/wp-content\/uploads\/2014\/12\/TM-1000-300x300.jpg\" alt=\"Laveur intensif IW 1000\" width=\"359\" height=\"359\" srcset=\"https:\/\/neue-herbold.com\/wp-content\/uploads\/2014\/12\/TM-1000-300x301.jpg 300w, https:\/\/neue-herbold.com\/wp-content\/uploads\/2014\/12\/TM-1000-1020x1024.jpg 1020w, https:\/\/neue-herbold.com\/wp-content\/uploads\/2014\/12\/TM-1000-100x100.jpg 100w, https:\/\/neue-herbold.com\/wp-content\/uploads\/2014\/12\/TM-1000-150x150.jpg 150w, https:\/\/neue-herbold.com\/wp-content\/uploads\/2014\/12\/TM-1000-200x200.jpg 200w, https:\/\/neue-herbold.com\/wp-content\/uploads\/2014\/12\/TM-1000-450x451.jpg 450w, https:\/\/neue-herbold.com\/wp-content\/uploads\/2014\/12\/TM-1000-600x602.jpg 600w, https:\/\/neue-herbold.com\/wp-content\/uploads\/2014\/12\/TM-1000-900x903.jpg 900w, https:\/\/neue-herbold.com\/wp-content\/uploads\/2014\/12\/TM-1000.jpg 1200w\" sizes=\"(max-width: 359px) 100vw, 359px\" \/><\/a><em><strong>Domaine d&rsquo;utilisation<\/strong><\/em><\/p>\n<p>Le laveur intensif de type IW sont une unit\u00e9 plac\u00e9es en aval, pour le lavage intensif des plastiques durs et des films.<\/p>\n<p>Le produit est charg\u00e9 sur l&rsquo;extr\u00e9mit\u00e9 sup\u00e9rieur du bo\u00eetier du s\u00e9cheur,<\/p>\n<p><span class=\"ellipsis\">&hellip;<\/span><\/p>\n<div class=\"read-more\"><a href=\"https:\/\/neue-herbold.com\/fr\/laveur-intensif-iw\/\">Lire la suite &#8250;<\/a><\/div>\n<p><!-- end of .read-more --><\/p>\n","protected":false},"author":1,"featured_media":0,"parent":0,"menu_order":0,"comment_status":"closed","ping_status":"closed","template":"","meta":{"footnotes":""},"class_list":["post-8274","page","type-page","status-publish","hentry"],"yoast_head":"<!-- This site is optimized with the Yoast SEO plugin v25.4 - https:\/\/yoast.com\/wordpress\/plugins\/seo\/ -->\n<title>Laveur intensif IW - Neue Herbold GmbH<\/title>\n<meta name=\"description\" content=\"Le laveur intensif de type IW sont une unit\u00e9 plac\u00e9es en aval, pour le lavage intensif des plastiques durs et des films. Le produit est charg\u00e9\" \/>\n<meta name=\"robots\" content=\"index, follow, max-snippet:-1, max-image-preview:large, max-video-preview:-1\" \/>\n<link rel=\"canonical\" href=\"https:\/\/neue-herbold.com\/fr\/laveur-intensif-iw\/\" \/>\n<meta property=\"og:locale\" content=\"fr_FR\" \/>\n<meta property=\"og:type\" content=\"article\" \/>\n<meta property=\"og:title\" content=\"Laveur intensif IW - Neue Herbold GmbH\" \/>\n<meta property=\"og:description\" content=\"Le laveur intensif de type IW sont une unit\u00e9 plac\u00e9es en aval, pour le lavage intensif des plastiques durs et des films. Le produit est charg\u00e9\" \/>\n<meta property=\"og:url\" content=\"https:\/\/neue-herbold.com\/fr\/laveur-intensif-iw\/\" \/>\n<meta property=\"og:site_name\" content=\"Neue Herbold GmbH\" \/>\n<meta property=\"article:modified_time\" content=\"2016-06-03T14:34:52+00:00\" \/>\n<meta property=\"og:image\" content=\"https:\/\/neue-herbold.com\/wp-content\/uploads\/2014\/12\/TM-1000-300x300.jpg\" \/>\n<meta name=\"twitter:label1\" content=\"Dur\u00e9e de lecture estim\u00e9e\" \/>\n\t<meta name=\"twitter:data1\" content=\"2 minutes\" \/>\n<script type=\"application\/ld+json\" class=\"yoast-schema-graph\">{\"@context\":\"https:\/\/schema.org\",\"@graph\":[{\"@type\":\"WebPage\",\"@id\":\"https:\/\/neue-herbold.com\/fr\/laveur-intensif-iw\/\",\"url\":\"https:\/\/neue-herbold.com\/fr\/laveur-intensif-iw\/\",\"name\":\"Laveur intensif IW - Neue Herbold GmbH\",\"isPartOf\":{\"@id\":\"https:\/\/neue-herbold.com\/en\/#website\"},\"primaryImageOfPage\":{\"@id\":\"https:\/\/neue-herbold.com\/fr\/laveur-intensif-iw\/#primaryimage\"},\"image\":{\"@id\":\"https:\/\/neue-herbold.com\/fr\/laveur-intensif-iw\/#primaryimage\"},\"thumbnailUrl\":\"https:\/\/neue-herbold.com\/wp-content\/uploads\/2014\/12\/TM-1000-300x300.jpg\",\"datePublished\":\"2016-06-03T14:09:40+00:00\",\"dateModified\":\"2016-06-03T14:34:52+00:00\",\"description\":\"Le laveur intensif de type IW sont une unit\u00e9 plac\u00e9es en aval, pour le lavage intensif des plastiques durs et des films. Le produit est charg\u00e9\",\"breadcrumb\":{\"@id\":\"https:\/\/neue-herbold.com\/fr\/laveur-intensif-iw\/#breadcrumb\"},\"inLanguage\":\"fr-FR\",\"potentialAction\":[{\"@type\":\"ReadAction\",\"target\":[\"https:\/\/neue-herbold.com\/fr\/laveur-intensif-iw\/\"]}]},{\"@type\":\"ImageObject\",\"inLanguage\":\"fr-FR\",\"@id\":\"https:\/\/neue-herbold.com\/fr\/laveur-intensif-iw\/#primaryimage\",\"url\":\"https:\/\/neue-herbold.com\/wp-content\/uploads\/2014\/12\/TM-1000-300x300.jpg\",\"contentUrl\":\"https:\/\/neue-herbold.com\/wp-content\/uploads\/2014\/12\/TM-1000-300x300.jpg\"},{\"@type\":\"BreadcrumbList\",\"@id\":\"https:\/\/neue-herbold.com\/fr\/laveur-intensif-iw\/#breadcrumb\",\"itemListElement\":[{\"@type\":\"ListItem\",\"position\":1,\"name\":\"Startseite\",\"item\":\"https:\/\/neue-herbold.com\/fr\/\"},{\"@type\":\"ListItem\",\"position\":2,\"name\":\"Laveur intensif IW\"}]},{\"@type\":\"WebSite\",\"@id\":\"https:\/\/neue-herbold.com\/en\/#website\",\"url\":\"https:\/\/neue-herbold.com\/en\/\",\"name\":\"Neue Herbold GmbH\",\"description\":\"\",\"potentialAction\":[{\"@type\":\"SearchAction\",\"target\":{\"@type\":\"EntryPoint\",\"urlTemplate\":\"https:\/\/neue-herbold.com\/en\/?s={search_term_string}\"},\"query-input\":{\"@type\":\"PropertyValueSpecification\",\"valueRequired\":true,\"valueName\":\"search_term_string\"}}],\"inLanguage\":\"fr-FR\"}]}<\/script>\n<!-- \/ Yoast SEO plugin. -->","yoast_head_json":{"title":"Laveur intensif IW - Neue Herbold GmbH","description":"Le laveur intensif de type IW sont une unit\u00e9 plac\u00e9es en aval, pour le lavage intensif des plastiques durs et des films. Le produit est charg\u00e9","robots":{"index":"index","follow":"follow","max-snippet":"max-snippet:-1","max-image-preview":"max-image-preview:large","max-video-preview":"max-video-preview:-1"},"canonical":"https:\/\/neue-herbold.com\/fr\/laveur-intensif-iw\/","og_locale":"fr_FR","og_type":"article","og_title":"Laveur intensif IW - Neue Herbold GmbH","og_description":"Le laveur intensif de type IW sont une unit\u00e9 plac\u00e9es en aval, pour le lavage intensif des plastiques durs et des films. Le produit est charg\u00e9","og_url":"https:\/\/neue-herbold.com\/fr\/laveur-intensif-iw\/","og_site_name":"Neue Herbold GmbH","article_modified_time":"2016-06-03T14:34:52+00:00","og_image":[{"url":"https:\/\/neue-herbold.com\/wp-content\/uploads\/2014\/12\/TM-1000-300x300.jpg","type":"","width":"","height":""}],"twitter_misc":{"Dur\u00e9e de lecture estim\u00e9e":"2 minutes"},"schema":{"@context":"https:\/\/schema.org","@graph":[{"@type":"WebPage","@id":"https:\/\/neue-herbold.com\/fr\/laveur-intensif-iw\/","url":"https:\/\/neue-herbold.com\/fr\/laveur-intensif-iw\/","name":"Laveur intensif IW - Neue Herbold GmbH","isPartOf":{"@id":"https:\/\/neue-herbold.com\/en\/#website"},"primaryImageOfPage":{"@id":"https:\/\/neue-herbold.com\/fr\/laveur-intensif-iw\/#primaryimage"},"image":{"@id":"https:\/\/neue-herbold.com\/fr\/laveur-intensif-iw\/#primaryimage"},"thumbnailUrl":"https:\/\/neue-herbold.com\/wp-content\/uploads\/2014\/12\/TM-1000-300x300.jpg","datePublished":"2016-06-03T14:09:40+00:00","dateModified":"2016-06-03T14:34:52+00:00","description":"Le laveur intensif de type IW sont une unit\u00e9 plac\u00e9es en aval, pour le lavage intensif des plastiques durs et des films. Le produit est charg\u00e9","breadcrumb":{"@id":"https:\/\/neue-herbold.com\/fr\/laveur-intensif-iw\/#breadcrumb"},"inLanguage":"fr-FR","potentialAction":[{"@type":"ReadAction","target":["https:\/\/neue-herbold.com\/fr\/laveur-intensif-iw\/"]}]},{"@type":"ImageObject","inLanguage":"fr-FR","@id":"https:\/\/neue-herbold.com\/fr\/laveur-intensif-iw\/#primaryimage","url":"https:\/\/neue-herbold.com\/wp-content\/uploads\/2014\/12\/TM-1000-300x300.jpg","contentUrl":"https:\/\/neue-herbold.com\/wp-content\/uploads\/2014\/12\/TM-1000-300x300.jpg"},{"@type":"BreadcrumbList","@id":"https:\/\/neue-herbold.com\/fr\/laveur-intensif-iw\/#breadcrumb","itemListElement":[{"@type":"ListItem","position":1,"name":"Startseite","item":"https:\/\/neue-herbold.com\/fr\/"},{"@type":"ListItem","position":2,"name":"Laveur intensif IW"}]},{"@type":"WebSite","@id":"https:\/\/neue-herbold.com\/en\/#website","url":"https:\/\/neue-herbold.com\/en\/","name":"Neue Herbold GmbH","description":"","potentialAction":[{"@type":"SearchAction","target":{"@type":"EntryPoint","urlTemplate":"https:\/\/neue-herbold.com\/en\/?s={search_term_string}"},"query-input":{"@type":"PropertyValueSpecification","valueRequired":true,"valueName":"search_term_string"}}],"inLanguage":"fr-FR"}]}},"_links":{"self":[{"href":"https:\/\/neue-herbold.com\/fr\/wp-json\/wp\/v2\/pages\/8274"}],"collection":[{"href":"https:\/\/neue-herbold.com\/fr\/wp-json\/wp\/v2\/pages"}],"about":[{"href":"https:\/\/neue-herbold.com\/fr\/wp-json\/wp\/v2\/types\/page"}],"author":[{"embeddable":true,"href":"https:\/\/neue-herbold.com\/fr\/wp-json\/wp\/v2\/users\/1"}],"replies":[{"embeddable":true,"href":"https:\/\/neue-herbold.com\/fr\/wp-json\/wp\/v2\/comments?post=8274"}],"version-history":[{"count":2,"href":"https:\/\/neue-herbold.com\/fr\/wp-json\/wp\/v2\/pages\/8274\/revisions"}],"predecessor-version":[{"id":8294,"href":"https:\/\/neue-herbold.com\/fr\/wp-json\/wp\/v2\/pages\/8274\/revisions\/8294"}],"wp:attachment":[{"href":"https:\/\/neue-herbold.com\/fr\/wp-json\/wp\/v2\/media?parent=8274"}],"curies":[{"name":"wp","href":"https:\/\/api.w.org\/{rel}","templated":true}]}}