{"id":8246,"date":"2016-06-03T15:48:32","date_gmt":"2016-06-03T13:48:32","guid":{"rendered":"https:\/\/neue-herbold.com\/fr\/zick-zack-sichter-zs\/"},"modified":"2016-06-14T02:45:01","modified_gmt":"2016-06-14T00:45:01","slug":"separateurs-zigzag","status":"publish","type":"page","link":"https:\/\/neue-herbold.com\/fr\/separateurs-zigzag\/","title":{"rendered":"S\u00e9parateurs zigzag ZS"},"content":{"rendered":"<p><span style=\"color: #000000;\"><strong><a href=\"https:\/\/neue-herbold.com\/wp-content\/uploads\/2014\/12\/Zick-Zack-Sichter.jpg\" target=\"_blank\"><img loading=\"lazy\" decoding=\"async\" class=\"alignright wp-image-3064\" src=\"https:\/\/neue-herbold.com\/wp-content\/uploads\/2014\/12\/Zick-Zack-Sichter.jpg\" alt=\"S\u00e9parateurs zigzag\" width=\"290\" height=\"470\" srcset=\"https:\/\/neue-herbold.com\/wp-content\/uploads\/2014\/12\/Zick-Zack-Sichter.jpg 555w, https:\/\/neue-herbold.com\/wp-content\/uploads\/2014\/12\/Zick-Zack-Sichter-185x300.jpg 185w, https:\/\/neue-herbold.com\/wp-content\/uploads\/2014\/12\/Zick-Zack-Sichter-100x162.jpg 100w, https:\/\/neue-herbold.com\/wp-content\/uploads\/2014\/12\/Zick-Zack-Sichter-150x243.jpg 150w, https:\/\/neue-herbold.com\/wp-content\/uploads\/2014\/12\/Zick-Zack-Sichter-200x324.jpg 200w, https:\/\/neue-herbold.com\/wp-content\/uploads\/2014\/12\/Zick-Zack-Sichter-300x486.jpg 300w, https:\/\/neue-herbold.com\/wp-content\/uploads\/2014\/12\/Zick-Zack-Sichter-450x729.jpg 450w\" sizes=\"(max-width: 290px) 100vw, 290px\" \/><\/a><\/strong><\/span><em><strong>Secteur d\u2019emploi<\/strong><\/em><\/p>\n<p>Les S\u00e9parateurs zigzag <strong>NEUE HERBOLD<\/strong> type ZS sont utilises pour la s\u00e9paration des mat\u00e9riaux diff\u00e9rents, qui existent comme m\u00e9lange et doivent \u00eatre s\u00e9par\u00e9s pour<\/p>\n<ul>\n<li>des raisons \u00e9cologiques<\/li>\n<li>l\u2019augmentation de qualit\u00e9<\/li>\n<li>la transformation industrielle des diff\u00e9rents fragments<\/li>\n<\/ul>\n<h4><strong><em>Pour s\u00e9parer les diff\u00e9rents fractions, un utilise des diff\u00e9rences des<\/em><\/strong><\/h4>\n<ul>\n<li>densit\u00e9s<\/li>\n<li>forme des particules<\/li>\n<li>structures des surfaces<\/li>\n<li>tailles des grains<\/li>\n<\/ul>\n<h4><strong><em>Fonction des S\u00e9parateurs zigzag<br \/> <\/em><\/strong><\/h4>\n<p>Le produit est entr\u00e9 dans le s\u00e9parateur et coule vers la paroi \u00ab gisant \u00bb. Sur chaque pli de la paroi, le mat\u00e9riel doit traverser l\u2019\u00e9coulement d\u2019air transversalement. Des tourbillons se forment, dans lesquels la plupart de la fraction plus l\u00e9g\u00e8re s\u2019emporte vers le haut avec l\u2019\u00e9coulement.<\/p>\n<p><strong><em>Installations possibles<\/em><\/strong><\/p>\n<div id=\"attachment_2650\" style=\"width: 446px\" class=\"wp-caption alignnone\"><a href=\"https:\/\/neue-herbold.com\/wp-content\/uploads\/2014\/12\/zs_aufstellmoeglichkeiten-HG.jpg\" target=\"_blank\"><img loading=\"lazy\" decoding=\"async\" aria-describedby=\"caption-attachment-2650\" class=\"wp-image-2650 size-full\" src=\"https:\/\/neue-herbold.com\/wp-content\/uploads\/2014\/12\/zs_aufstellmoeglichkeiten-HG.jpg\" alt=\"\" width=\"436\" height=\"573\" srcset=\"https:\/\/neue-herbold.com\/wp-content\/uploads\/2014\/12\/zs_aufstellmoeglichkeiten-HG.jpg 436w, https:\/\/neue-herbold.com\/wp-content\/uploads\/2014\/12\/zs_aufstellmoeglichkeiten-HG-228x300.jpg 228w, https:\/\/neue-herbold.com\/wp-content\/uploads\/2014\/12\/zs_aufstellmoeglichkeiten-HG-100x131.jpg 100w, https:\/\/neue-herbold.com\/wp-content\/uploads\/2014\/12\/zs_aufstellmoeglichkeiten-HG-150x197.jpg 150w, https:\/\/neue-herbold.com\/wp-content\/uploads\/2014\/12\/zs_aufstellmoeglichkeiten-HG-200x262.jpg 200w, https:\/\/neue-herbold.com\/wp-content\/uploads\/2014\/12\/zs_aufstellmoeglichkeiten-HG-300x394.jpg 300w\" sizes=\"(max-width: 436px) 100vw, 436px\" \/><\/a><p id=\"caption-attachment-2650\" class=\"wp-caption-text\">1 S\u00e9parateur zigzag 2 cyclone 3 \u00e9cluse rotative 4 souffleur 5 \u00e9tranglement 6 Doseur 7 Tampon 8 Filtre d\u2019air 9 tamiseur 10 mise en Bigbag\/autres conteneurs avec pesage<\/p><\/div>\n","protected":false},"excerpt":{"rendered":"<p><span style=\"color: #000000;\"><strong><a href=\"https:\/\/neue-herbold.com\/wp-content\/uploads\/2014\/12\/Zick-Zack-Sichter.jpg\" target=\"_blank\"><img loading=\"lazy\" decoding=\"async\" class=\"alignright wp-image-3064\" src=\"https:\/\/neue-herbold.com\/wp-content\/uploads\/2014\/12\/Zick-Zack-Sichter.jpg\" alt=\"S\u00e9parateurs zigzag\" width=\"290\" height=\"470\" srcset=\"https:\/\/neue-herbold.com\/wp-content\/uploads\/2014\/12\/Zick-Zack-Sichter.jpg 555w, https:\/\/neue-herbold.com\/wp-content\/uploads\/2014\/12\/Zick-Zack-Sichter-185x300.jpg 185w, https:\/\/neue-herbold.com\/wp-content\/uploads\/2014\/12\/Zick-Zack-Sichter-100x162.jpg 100w, https:\/\/neue-herbold.com\/wp-content\/uploads\/2014\/12\/Zick-Zack-Sichter-150x243.jpg 150w, https:\/\/neue-herbold.com\/wp-content\/uploads\/2014\/12\/Zick-Zack-Sichter-200x324.jpg 200w, https:\/\/neue-herbold.com\/wp-content\/uploads\/2014\/12\/Zick-Zack-Sichter-300x486.jpg 300w, https:\/\/neue-herbold.com\/wp-content\/uploads\/2014\/12\/Zick-Zack-Sichter-450x729.jpg 450w\" sizes=\"(max-width: 290px) 100vw, 290px\" \/><\/a><\/strong><\/span><em><strong>Secteur d\u2019emploi<\/strong><\/em><\/p>\n<p>Les S\u00e9parateurs zigzag <strong>NEUE HERBOLD<\/strong> type ZS sont utilises pour la s\u00e9paration des mat\u00e9riaux diff\u00e9rents, qui existent comme m\u00e9lange et doivent \u00eatre s\u00e9par\u00e9s pour<\/p>\n<ul>\n<li>des raisons \u00e9cologiques<\/li>\n<li>l\u2019augmentation de qualit\u00e9<\/li>\n<li>la transformation industrielle des diff\u00e9rents fragments<\/li>\n<\/ul>\n<p><strong><em>Pour s\u00e9parer les diff\u00e9rents fractions,<\/em><\/strong><span class=\"ellipsis\">&hellip;<\/span><\/p>\n<div class=\"read-more\"><a href=\"https:\/\/neue-herbold.com\/fr\/separateurs-zigzag\/\">Lire la suite &#8250;<\/a><\/div>\n<p><!-- end of .read-more --><\/p>\n","protected":false},"author":1,"featured_media":0,"parent":0,"menu_order":0,"comment_status":"closed","ping_status":"closed","template":"","meta":{"footnotes":""},"class_list":["post-8246","page","type-page","status-publish","hentry"],"yoast_head":"<!-- This site is optimized with the Yoast SEO plugin v25.4 - https:\/\/yoast.com\/wordpress\/plugins\/seo\/ -->\n<title>S\u00e9parateurs zigzag ZS - Neue Herbold GmbH<\/title>\n<meta name=\"description\" content=\"Les s\u00e9parateurs zigzag NEUE HERBOLD type ZS sont utilises pour la s\u00e9paration des mat\u00e9riaux diff\u00e9rents, qui existent comme m\u00e9lange et doivent \u00eatre s\u00e9par\u00e9s\" \/>\n<meta name=\"robots\" content=\"index, follow, max-snippet:-1, max-image-preview:large, max-video-preview:-1\" \/>\n<link rel=\"canonical\" href=\"https:\/\/neue-herbold.com\/fr\/separateurs-zigzag\/\" \/>\n<meta property=\"og:locale\" content=\"fr_FR\" \/>\n<meta property=\"og:type\" content=\"article\" \/>\n<meta property=\"og:title\" content=\"S\u00e9parateurs zigzag ZS - Neue Herbold GmbH\" \/>\n<meta property=\"og:description\" content=\"Les s\u00e9parateurs zigzag NEUE HERBOLD type ZS sont utilises pour la s\u00e9paration des mat\u00e9riaux diff\u00e9rents, qui existent comme m\u00e9lange et doivent \u00eatre s\u00e9par\u00e9s\" \/>\n<meta property=\"og:url\" content=\"https:\/\/neue-herbold.com\/fr\/separateurs-zigzag\/\" \/>\n<meta property=\"og:site_name\" content=\"Neue Herbold GmbH\" \/>\n<meta property=\"article:modified_time\" content=\"2016-06-14T00:45:01+00:00\" \/>\n<meta property=\"og:image\" content=\"https:\/\/neue-herbold.com\/wp-content\/uploads\/2014\/12\/Zick-Zack-Sichter.jpg\" \/>\n<meta name=\"twitter:label1\" content=\"Dur\u00e9e de lecture estim\u00e9e\" \/>\n\t<meta name=\"twitter:data1\" content=\"1 minute\" \/>\n<script type=\"application\/ld+json\" class=\"yoast-schema-graph\">{\"@context\":\"https:\/\/schema.org\",\"@graph\":[{\"@type\":\"WebPage\",\"@id\":\"https:\/\/neue-herbold.com\/fr\/separateurs-zigzag\/\",\"url\":\"https:\/\/neue-herbold.com\/fr\/separateurs-zigzag\/\",\"name\":\"S\u00e9parateurs zigzag ZS - Neue Herbold GmbH\",\"isPartOf\":{\"@id\":\"https:\/\/neue-herbold.com\/en\/#website\"},\"primaryImageOfPage\":{\"@id\":\"https:\/\/neue-herbold.com\/fr\/separateurs-zigzag\/#primaryimage\"},\"image\":{\"@id\":\"https:\/\/neue-herbold.com\/fr\/separateurs-zigzag\/#primaryimage\"},\"thumbnailUrl\":\"https:\/\/neue-herbold.com\/wp-content\/uploads\/2014\/12\/Zick-Zack-Sichter.jpg\",\"datePublished\":\"2016-06-03T13:48:32+00:00\",\"dateModified\":\"2016-06-14T00:45:01+00:00\",\"description\":\"Les s\u00e9parateurs zigzag NEUE HERBOLD type ZS sont utilises pour la s\u00e9paration des mat\u00e9riaux diff\u00e9rents, qui existent comme m\u00e9lange et doivent \u00eatre s\u00e9par\u00e9s\",\"breadcrumb\":{\"@id\":\"https:\/\/neue-herbold.com\/fr\/separateurs-zigzag\/#breadcrumb\"},\"inLanguage\":\"fr-FR\",\"potentialAction\":[{\"@type\":\"ReadAction\",\"target\":[\"https:\/\/neue-herbold.com\/fr\/separateurs-zigzag\/\"]}]},{\"@type\":\"ImageObject\",\"inLanguage\":\"fr-FR\",\"@id\":\"https:\/\/neue-herbold.com\/fr\/separateurs-zigzag\/#primaryimage\",\"url\":\"https:\/\/neue-herbold.com\/wp-content\/uploads\/2014\/12\/Zick-Zack-Sichter.jpg\",\"contentUrl\":\"https:\/\/neue-herbold.com\/wp-content\/uploads\/2014\/12\/Zick-Zack-Sichter.jpg\"},{\"@type\":\"BreadcrumbList\",\"@id\":\"https:\/\/neue-herbold.com\/fr\/separateurs-zigzag\/#breadcrumb\",\"itemListElement\":[{\"@type\":\"ListItem\",\"position\":1,\"name\":\"Startseite\",\"item\":\"https:\/\/neue-herbold.com\/fr\/\"},{\"@type\":\"ListItem\",\"position\":2,\"name\":\"S\u00e9parateurs zigzag ZS\"}]},{\"@type\":\"WebSite\",\"@id\":\"https:\/\/neue-herbold.com\/en\/#website\",\"url\":\"https:\/\/neue-herbold.com\/en\/\",\"name\":\"Neue Herbold GmbH\",\"description\":\"\",\"potentialAction\":[{\"@type\":\"SearchAction\",\"target\":{\"@type\":\"EntryPoint\",\"urlTemplate\":\"https:\/\/neue-herbold.com\/en\/?s={search_term_string}\"},\"query-input\":{\"@type\":\"PropertyValueSpecification\",\"valueRequired\":true,\"valueName\":\"search_term_string\"}}],\"inLanguage\":\"fr-FR\"}]}<\/script>\n<!-- \/ Yoast SEO plugin. -->","yoast_head_json":{"title":"S\u00e9parateurs zigzag ZS - Neue Herbold GmbH","description":"Les s\u00e9parateurs zigzag NEUE HERBOLD type ZS sont utilises pour la s\u00e9paration des mat\u00e9riaux diff\u00e9rents, qui existent comme m\u00e9lange et doivent \u00eatre s\u00e9par\u00e9s","robots":{"index":"index","follow":"follow","max-snippet":"max-snippet:-1","max-image-preview":"max-image-preview:large","max-video-preview":"max-video-preview:-1"},"canonical":"https:\/\/neue-herbold.com\/fr\/separateurs-zigzag\/","og_locale":"fr_FR","og_type":"article","og_title":"S\u00e9parateurs zigzag ZS - Neue Herbold GmbH","og_description":"Les s\u00e9parateurs zigzag NEUE HERBOLD type ZS sont utilises pour la s\u00e9paration des mat\u00e9riaux diff\u00e9rents, qui existent comme m\u00e9lange et doivent \u00eatre s\u00e9par\u00e9s","og_url":"https:\/\/neue-herbold.com\/fr\/separateurs-zigzag\/","og_site_name":"Neue Herbold GmbH","article_modified_time":"2016-06-14T00:45:01+00:00","og_image":[{"url":"https:\/\/neue-herbold.com\/wp-content\/uploads\/2014\/12\/Zick-Zack-Sichter.jpg","type":"","width":"","height":""}],"twitter_misc":{"Dur\u00e9e de lecture estim\u00e9e":"1 minute"},"schema":{"@context":"https:\/\/schema.org","@graph":[{"@type":"WebPage","@id":"https:\/\/neue-herbold.com\/fr\/separateurs-zigzag\/","url":"https:\/\/neue-herbold.com\/fr\/separateurs-zigzag\/","name":"S\u00e9parateurs zigzag ZS - Neue Herbold GmbH","isPartOf":{"@id":"https:\/\/neue-herbold.com\/en\/#website"},"primaryImageOfPage":{"@id":"https:\/\/neue-herbold.com\/fr\/separateurs-zigzag\/#primaryimage"},"image":{"@id":"https:\/\/neue-herbold.com\/fr\/separateurs-zigzag\/#primaryimage"},"thumbnailUrl":"https:\/\/neue-herbold.com\/wp-content\/uploads\/2014\/12\/Zick-Zack-Sichter.jpg","datePublished":"2016-06-03T13:48:32+00:00","dateModified":"2016-06-14T00:45:01+00:00","description":"Les s\u00e9parateurs zigzag NEUE HERBOLD type ZS sont utilises pour la s\u00e9paration des mat\u00e9riaux diff\u00e9rents, qui existent comme m\u00e9lange et doivent \u00eatre s\u00e9par\u00e9s","breadcrumb":{"@id":"https:\/\/neue-herbold.com\/fr\/separateurs-zigzag\/#breadcrumb"},"inLanguage":"fr-FR","potentialAction":[{"@type":"ReadAction","target":["https:\/\/neue-herbold.com\/fr\/separateurs-zigzag\/"]}]},{"@type":"ImageObject","inLanguage":"fr-FR","@id":"https:\/\/neue-herbold.com\/fr\/separateurs-zigzag\/#primaryimage","url":"https:\/\/neue-herbold.com\/wp-content\/uploads\/2014\/12\/Zick-Zack-Sichter.jpg","contentUrl":"https:\/\/neue-herbold.com\/wp-content\/uploads\/2014\/12\/Zick-Zack-Sichter.jpg"},{"@type":"BreadcrumbList","@id":"https:\/\/neue-herbold.com\/fr\/separateurs-zigzag\/#breadcrumb","itemListElement":[{"@type":"ListItem","position":1,"name":"Startseite","item":"https:\/\/neue-herbold.com\/fr\/"},{"@type":"ListItem","position":2,"name":"S\u00e9parateurs zigzag ZS"}]},{"@type":"WebSite","@id":"https:\/\/neue-herbold.com\/en\/#website","url":"https:\/\/neue-herbold.com\/en\/","name":"Neue Herbold GmbH","description":"","potentialAction":[{"@type":"SearchAction","target":{"@type":"EntryPoint","urlTemplate":"https:\/\/neue-herbold.com\/en\/?s={search_term_string}"},"query-input":{"@type":"PropertyValueSpecification","valueRequired":true,"valueName":"search_term_string"}}],"inLanguage":"fr-FR"}]}},"_links":{"self":[{"href":"https:\/\/neue-herbold.com\/fr\/wp-json\/wp\/v2\/pages\/8246"}],"collection":[{"href":"https:\/\/neue-herbold.com\/fr\/wp-json\/wp\/v2\/pages"}],"about":[{"href":"https:\/\/neue-herbold.com\/fr\/wp-json\/wp\/v2\/types\/page"}],"author":[{"embeddable":true,"href":"https:\/\/neue-herbold.com\/fr\/wp-json\/wp\/v2\/users\/1"}],"replies":[{"embeddable":true,"href":"https:\/\/neue-herbold.com\/fr\/wp-json\/wp\/v2\/comments?post=8246"}],"version-history":[{"count":4,"href":"https:\/\/neue-herbold.com\/fr\/wp-json\/wp\/v2\/pages\/8246\/revisions"}],"predecessor-version":[{"id":8258,"href":"https:\/\/neue-herbold.com\/fr\/wp-json\/wp\/v2\/pages\/8246\/revisions\/8258"}],"wp:attachment":[{"href":"https:\/\/neue-herbold.com\/fr\/wp-json\/wp\/v2\/media?parent=8246"}],"curies":[{"name":"wp","href":"https:\/\/api.w.org\/{rel}","templated":true}]}}