{"id":8223,"date":"2016-06-03T15:31:12","date_gmt":"2016-06-03T13:31:12","guid":{"rendered":"https:\/\/neue-herbold.com\/fr\/thermische-trockner-tt\/"},"modified":"2016-06-03T15:40:05","modified_gmt":"2016-06-03T13:40:05","slug":"secheur-thermique-tt","status":"publish","type":"page","link":"https:\/\/neue-herbold.com\/fr\/secheur-thermique-tt\/","title":{"rendered":"S\u00e9cheur Thermique TT"},"content":{"rendered":"<p><em><span style=\"color: #000000;\"><strong><a href=\"https:\/\/neue-herbold.com\/wp-content\/uploads\/2014\/12\/TT-P1250007.jpg\" target=\"_blank\"><img loading=\"lazy\" decoding=\"async\" class=\"alignright wp-image-3036\" src=\"https:\/\/neue-herbold.com\/wp-content\/uploads\/2014\/12\/TT-P1250007.jpg\" alt=\"S\u00e9cheur Thermique TT\" width=\"342\" height=\"484\" srcset=\"https:\/\/neue-herbold.com\/wp-content\/uploads\/2014\/12\/TT-P1250007.jpg 636w, https:\/\/neue-herbold.com\/wp-content\/uploads\/2014\/12\/TT-P1250007-212x300.jpg 212w, https:\/\/neue-herbold.com\/wp-content\/uploads\/2014\/12\/TT-P1250007-100x141.jpg 100w, https:\/\/neue-herbold.com\/wp-content\/uploads\/2014\/12\/TT-P1250007-150x212.jpg 150w, https:\/\/neue-herbold.com\/wp-content\/uploads\/2014\/12\/TT-P1250007-200x283.jpg 200w, https:\/\/neue-herbold.com\/wp-content\/uploads\/2014\/12\/TT-P1250007-300x424.jpg 300w, https:\/\/neue-herbold.com\/wp-content\/uploads\/2014\/12\/TT-P1250007-450x636.jpg 450w, https:\/\/neue-herbold.com\/wp-content\/uploads\/2014\/12\/TT-P1250007-600x849.jpg 600w\" sizes=\"(max-width: 342px) 100vw, 342px\" \/><\/a>Domaine d&rsquo;utilisation<\/strong><\/span><\/em><br \/> <span style=\"color: #000000;\">Le s\u00e9cheur thermique de <strong>NEUE HERBOLD<\/strong> de type TT s&rsquo;utilise pour le s\u00e9chage surfacique de fractions broy\u00e9es et lav\u00e9es, de pr\u00e9f\u00e9rence pour les confettis de films en plastique, les granul\u00e9s de bouteilles PET et d&rsquo;autres produits en mati\u00e8re plastique dure.<\/span><\/p>\n<p><span style=\"color: #000000;\">Le transport du produit vers le cyclone d&rsquo;alimentation a lieu par voie pneumatique. C&rsquo;est dans le pot de m\u00e9lange plac\u00e9 dessous que le produit est m\u00e9lang\u00e9 \u00e0 l&rsquo;air chaud puis refoul\u00e9, par le biais d&rsquo;un ventilateur mont\u00e9 dans le bo\u00eetier, au travers de canaux de transport h\u00e9lico\u00efdaux mont\u00e9s dans le bo\u00eetier du s\u00e9cheur.<\/span><\/p>\n<p><span style=\"color: #000000;\">Le produit quitte le trajet de s\u00e9chage sur le cyclone de s\u00e9paration assurant l&rsquo;\u00e9vacuation de l&rsquo;air chaud et humide. Le produit s\u00e9ch\u00e9 est m\u00e9lang\u00e9 \u00e0 l&rsquo;air frais et transport\u00e9, par voie pneumatique, jusqu&rsquo;au silo ou au poste d&#8217;emballage dans les big-bags.<\/span><\/p>\n<p><span style=\"color: #000000;\">L&rsquo;\u00e9nergie calorifique requise peut \u00eatre g\u00e9n\u00e9r\u00e9e par un chalumeau \u00e0 gaz, un g\u00e9n\u00e9rateur de vapeur ou un corps de chauffe \u00e9lectrique. La temp\u00e9rature de m\u00e9lange est surveill\u00e9e en permanence, ce qui signifie que seule l&rsquo;\u00e9nergie requise est aliment\u00e9e.<\/span><\/p>\n<p><em><span style=\"color: #000000;\"><strong>Tailles de construction<\/strong><\/span><\/em><br \/> <span style=\"color: #000000;\">TT 120 avec entra\u00eenement 30 kW<\/span><br \/> <span style=\"color: #000000;\">TT 140 avec entra\u00eenement 37 kW<\/span><br \/> <span style=\"color: #000000;\">Rendement de 500 kg\/h jusqu&rsquo;\u00e0 1000 kg\/h en fonction du mat\u00e9riau charg\u00e9<\/span><\/p>\n<p><strong><span id=\"result_box\" class=\"short_text\" lang=\"fr\"><span class=\"hps\">Sp\u00e9cifications S\u00e9cheur Thermique TT<\/span><\/span><\/strong><\/p>\n<p><a href=\"https:\/\/neue-herbold.com\/wp-content\/uploads\/2014\/12\/Secheurs-thermique-TT-Series.pdf\" target=\"_blank\"><img loading=\"lazy\" decoding=\"async\" class=\"alignnone wp-image-5703\" src=\"https:\/\/neue-herbold.com\/wp-content\/uploads\/2014\/12\/PDF-ICON.jpg\" alt=\"PDF-ICON\" width=\"50\" height=\"48\" \/><\/a><\/p>\n","protected":false},"excerpt":{"rendered":"<p><em><span style=\"color: #000000;\"><strong><a href=\"https:\/\/neue-herbold.com\/wp-content\/uploads\/2014\/12\/TT-P1250007.jpg\" target=\"_blank\"><img loading=\"lazy\" decoding=\"async\" class=\"alignright wp-image-3036\" src=\"https:\/\/neue-herbold.com\/wp-content\/uploads\/2014\/12\/TT-P1250007.jpg\" alt=\"S\u00e9cheur Thermique TT\" width=\"342\" height=\"484\" srcset=\"https:\/\/neue-herbold.com\/wp-content\/uploads\/2014\/12\/TT-P1250007.jpg 636w, https:\/\/neue-herbold.com\/wp-content\/uploads\/2014\/12\/TT-P1250007-212x300.jpg 212w, https:\/\/neue-herbold.com\/wp-content\/uploads\/2014\/12\/TT-P1250007-100x141.jpg 100w, https:\/\/neue-herbold.com\/wp-content\/uploads\/2014\/12\/TT-P1250007-150x212.jpg 150w, https:\/\/neue-herbold.com\/wp-content\/uploads\/2014\/12\/TT-P1250007-200x283.jpg 200w, https:\/\/neue-herbold.com\/wp-content\/uploads\/2014\/12\/TT-P1250007-300x424.jpg 300w, https:\/\/neue-herbold.com\/wp-content\/uploads\/2014\/12\/TT-P1250007-450x636.jpg 450w, https:\/\/neue-herbold.com\/wp-content\/uploads\/2014\/12\/TT-P1250007-600x849.jpg 600w\" sizes=\"(max-width: 342px) 100vw, 342px\" \/><\/a>Domaine d&rsquo;utilisation<\/strong><\/span><\/em><br \/> <span style=\"color: #000000;\">Le s\u00e9cheur thermique de <strong>NEUE HERBOLD<\/strong> de type TT s&rsquo;utilise pour le s\u00e9chage surfacique de fractions broy\u00e9es et lav\u00e9es, de pr\u00e9f\u00e9rence pour les confettis de films en plastique,<\/span><\/p>\n<p><span class=\"ellipsis\">&hellip;<\/span><\/p>\n<div class=\"read-more\"><a href=\"https:\/\/neue-herbold.com\/fr\/secheur-thermique-tt\/\">Lire la suite &#8250;<\/a><\/div>\n<p><!-- end of .read-more --><\/p>\n","protected":false},"author":1,"featured_media":0,"parent":0,"menu_order":0,"comment_status":"closed","ping_status":"closed","template":"","meta":{"footnotes":""},"class_list":["post-8223","page","type-page","status-publish","hentry"],"yoast_head":"<!-- This site is optimized with the Yoast SEO plugin v25.4 - https:\/\/yoast.com\/wordpress\/plugins\/seo\/ -->\n<title>S\u00e9cheur Thermique TT - Neue Herbold GmbH<\/title>\n<meta name=\"description\" content=\"Le s\u00e9cheur thermique de Neue Herbold de type TT s&#039;utilise pour le s\u00e9chage surfacique de fractions broy\u00e9es et lav\u00e9es, de pr\u00e9f\u00e9rence pour les confettis de\" \/>\n<meta name=\"robots\" content=\"index, follow, max-snippet:-1, max-image-preview:large, max-video-preview:-1\" \/>\n<link rel=\"canonical\" href=\"https:\/\/neue-herbold.com\/fr\/secheur-thermique-tt\/\" \/>\n<meta property=\"og:locale\" content=\"fr_FR\" \/>\n<meta property=\"og:type\" content=\"article\" \/>\n<meta property=\"og:title\" content=\"S\u00e9cheur Thermique TT - Neue Herbold GmbH\" \/>\n<meta property=\"og:description\" content=\"Le s\u00e9cheur thermique de Neue Herbold de type TT s&#039;utilise pour le s\u00e9chage surfacique de fractions broy\u00e9es et lav\u00e9es, de pr\u00e9f\u00e9rence pour les confettis de\" \/>\n<meta property=\"og:url\" content=\"https:\/\/neue-herbold.com\/fr\/secheur-thermique-tt\/\" \/>\n<meta property=\"og:site_name\" content=\"Neue Herbold GmbH\" \/>\n<meta property=\"article:modified_time\" content=\"2016-06-03T13:40:05+00:00\" \/>\n<meta property=\"og:image\" content=\"https:\/\/neue-herbold.com\/wp-content\/uploads\/2014\/12\/TT-P1250007.jpg\" \/>\n<meta name=\"twitter:label1\" content=\"Dur\u00e9e de lecture estim\u00e9e\" \/>\n\t<meta name=\"twitter:data1\" content=\"1 minute\" \/>\n<script type=\"application\/ld+json\" class=\"yoast-schema-graph\">{\"@context\":\"https:\/\/schema.org\",\"@graph\":[{\"@type\":\"WebPage\",\"@id\":\"https:\/\/neue-herbold.com\/fr\/secheur-thermique-tt\/\",\"url\":\"https:\/\/neue-herbold.com\/fr\/secheur-thermique-tt\/\",\"name\":\"S\u00e9cheur Thermique TT - Neue Herbold GmbH\",\"isPartOf\":{\"@id\":\"https:\/\/neue-herbold.com\/en\/#website\"},\"primaryImageOfPage\":{\"@id\":\"https:\/\/neue-herbold.com\/fr\/secheur-thermique-tt\/#primaryimage\"},\"image\":{\"@id\":\"https:\/\/neue-herbold.com\/fr\/secheur-thermique-tt\/#primaryimage\"},\"thumbnailUrl\":\"https:\/\/neue-herbold.com\/wp-content\/uploads\/2014\/12\/TT-P1250007.jpg\",\"datePublished\":\"2016-06-03T13:31:12+00:00\",\"dateModified\":\"2016-06-03T13:40:05+00:00\",\"description\":\"Le s\u00e9cheur thermique de Neue Herbold de type TT s'utilise pour le s\u00e9chage surfacique de fractions broy\u00e9es et lav\u00e9es, de pr\u00e9f\u00e9rence pour les confettis de\",\"breadcrumb\":{\"@id\":\"https:\/\/neue-herbold.com\/fr\/secheur-thermique-tt\/#breadcrumb\"},\"inLanguage\":\"fr-FR\",\"potentialAction\":[{\"@type\":\"ReadAction\",\"target\":[\"https:\/\/neue-herbold.com\/fr\/secheur-thermique-tt\/\"]}]},{\"@type\":\"ImageObject\",\"inLanguage\":\"fr-FR\",\"@id\":\"https:\/\/neue-herbold.com\/fr\/secheur-thermique-tt\/#primaryimage\",\"url\":\"https:\/\/neue-herbold.com\/wp-content\/uploads\/2014\/12\/TT-P1250007.jpg\",\"contentUrl\":\"https:\/\/neue-herbold.com\/wp-content\/uploads\/2014\/12\/TT-P1250007.jpg\"},{\"@type\":\"BreadcrumbList\",\"@id\":\"https:\/\/neue-herbold.com\/fr\/secheur-thermique-tt\/#breadcrumb\",\"itemListElement\":[{\"@type\":\"ListItem\",\"position\":1,\"name\":\"Startseite\",\"item\":\"https:\/\/neue-herbold.com\/fr\/\"},{\"@type\":\"ListItem\",\"position\":2,\"name\":\"S\u00e9cheur Thermique TT\"}]},{\"@type\":\"WebSite\",\"@id\":\"https:\/\/neue-herbold.com\/en\/#website\",\"url\":\"https:\/\/neue-herbold.com\/en\/\",\"name\":\"Neue Herbold GmbH\",\"description\":\"\",\"potentialAction\":[{\"@type\":\"SearchAction\",\"target\":{\"@type\":\"EntryPoint\",\"urlTemplate\":\"https:\/\/neue-herbold.com\/en\/?s={search_term_string}\"},\"query-input\":{\"@type\":\"PropertyValueSpecification\",\"valueRequired\":true,\"valueName\":\"search_term_string\"}}],\"inLanguage\":\"fr-FR\"}]}<\/script>\n<!-- \/ Yoast SEO plugin. -->","yoast_head_json":{"title":"S\u00e9cheur Thermique TT - Neue Herbold GmbH","description":"Le s\u00e9cheur thermique de Neue Herbold de type TT s'utilise pour le s\u00e9chage surfacique de fractions broy\u00e9es et lav\u00e9es, de pr\u00e9f\u00e9rence pour les confettis de","robots":{"index":"index","follow":"follow","max-snippet":"max-snippet:-1","max-image-preview":"max-image-preview:large","max-video-preview":"max-video-preview:-1"},"canonical":"https:\/\/neue-herbold.com\/fr\/secheur-thermique-tt\/","og_locale":"fr_FR","og_type":"article","og_title":"S\u00e9cheur Thermique TT - Neue Herbold GmbH","og_description":"Le s\u00e9cheur thermique de Neue Herbold de type TT s'utilise pour le s\u00e9chage surfacique de fractions broy\u00e9es et lav\u00e9es, de pr\u00e9f\u00e9rence pour les confettis de","og_url":"https:\/\/neue-herbold.com\/fr\/secheur-thermique-tt\/","og_site_name":"Neue Herbold GmbH","article_modified_time":"2016-06-03T13:40:05+00:00","og_image":[{"url":"https:\/\/neue-herbold.com\/wp-content\/uploads\/2014\/12\/TT-P1250007.jpg","type":"","width":"","height":""}],"twitter_misc":{"Dur\u00e9e de lecture estim\u00e9e":"1 minute"},"schema":{"@context":"https:\/\/schema.org","@graph":[{"@type":"WebPage","@id":"https:\/\/neue-herbold.com\/fr\/secheur-thermique-tt\/","url":"https:\/\/neue-herbold.com\/fr\/secheur-thermique-tt\/","name":"S\u00e9cheur Thermique TT - Neue Herbold GmbH","isPartOf":{"@id":"https:\/\/neue-herbold.com\/en\/#website"},"primaryImageOfPage":{"@id":"https:\/\/neue-herbold.com\/fr\/secheur-thermique-tt\/#primaryimage"},"image":{"@id":"https:\/\/neue-herbold.com\/fr\/secheur-thermique-tt\/#primaryimage"},"thumbnailUrl":"https:\/\/neue-herbold.com\/wp-content\/uploads\/2014\/12\/TT-P1250007.jpg","datePublished":"2016-06-03T13:31:12+00:00","dateModified":"2016-06-03T13:40:05+00:00","description":"Le s\u00e9cheur thermique de Neue Herbold de type TT s'utilise pour le s\u00e9chage surfacique de fractions broy\u00e9es et lav\u00e9es, de pr\u00e9f\u00e9rence pour les confettis de","breadcrumb":{"@id":"https:\/\/neue-herbold.com\/fr\/secheur-thermique-tt\/#breadcrumb"},"inLanguage":"fr-FR","potentialAction":[{"@type":"ReadAction","target":["https:\/\/neue-herbold.com\/fr\/secheur-thermique-tt\/"]}]},{"@type":"ImageObject","inLanguage":"fr-FR","@id":"https:\/\/neue-herbold.com\/fr\/secheur-thermique-tt\/#primaryimage","url":"https:\/\/neue-herbold.com\/wp-content\/uploads\/2014\/12\/TT-P1250007.jpg","contentUrl":"https:\/\/neue-herbold.com\/wp-content\/uploads\/2014\/12\/TT-P1250007.jpg"},{"@type":"BreadcrumbList","@id":"https:\/\/neue-herbold.com\/fr\/secheur-thermique-tt\/#breadcrumb","itemListElement":[{"@type":"ListItem","position":1,"name":"Startseite","item":"https:\/\/neue-herbold.com\/fr\/"},{"@type":"ListItem","position":2,"name":"S\u00e9cheur Thermique TT"}]},{"@type":"WebSite","@id":"https:\/\/neue-herbold.com\/en\/#website","url":"https:\/\/neue-herbold.com\/en\/","name":"Neue Herbold GmbH","description":"","potentialAction":[{"@type":"SearchAction","target":{"@type":"EntryPoint","urlTemplate":"https:\/\/neue-herbold.com\/en\/?s={search_term_string}"},"query-input":{"@type":"PropertyValueSpecification","valueRequired":true,"valueName":"search_term_string"}}],"inLanguage":"fr-FR"}]}},"_links":{"self":[{"href":"https:\/\/neue-herbold.com\/fr\/wp-json\/wp\/v2\/pages\/8223"}],"collection":[{"href":"https:\/\/neue-herbold.com\/fr\/wp-json\/wp\/v2\/pages"}],"about":[{"href":"https:\/\/neue-herbold.com\/fr\/wp-json\/wp\/v2\/types\/page"}],"author":[{"embeddable":true,"href":"https:\/\/neue-herbold.com\/fr\/wp-json\/wp\/v2\/users\/1"}],"replies":[{"embeddable":true,"href":"https:\/\/neue-herbold.com\/fr\/wp-json\/wp\/v2\/comments?post=8223"}],"version-history":[{"count":2,"href":"https:\/\/neue-herbold.com\/fr\/wp-json\/wp\/v2\/pages\/8223\/revisions"}],"predecessor-version":[{"id":8231,"href":"https:\/\/neue-herbold.com\/fr\/wp-json\/wp\/v2\/pages\/8223\/revisions\/8231"}],"wp:attachment":[{"href":"https:\/\/neue-herbold.com\/fr\/wp-json\/wp\/v2\/media?parent=8223"}],"curies":[{"name":"wp","href":"https:\/\/api.w.org\/{rel}","templated":true}]}}