{"id":8156,"date":"2016-06-03T04:36:49","date_gmt":"2016-06-03T02:36:49","guid":{"rendered":"https:\/\/neue-herbold.com\/fr\/waschanlage-recycling-pet-flaschen\/"},"modified":"2017-05-18T22:09:51","modified_gmt":"2017-05-18T20:09:51","slug":"recyclage-bouteilles-en-pet","status":"publish","type":"page","link":"https:\/\/neue-herbold.com\/fr\/recyclage-bouteilles-en-pet\/","title":{"rendered":"Syst\u00e8me de lavage \u2013 recyclage bouteilles en PET"},"content":{"rendered":"<p><strong>Pr\u00e9misse indispensable pour \u00e9tablir une ligne de r\u00e9cyclage, c\u2019est une d\u00e9termination d\u00e9taill\u00e9e de sa t\u00e2che.<\/strong><\/p>\n<ul>\n<li>La d\u00e9finition des pollutions pr\u00e9sentes<\/li>\n<li>La d\u00e9finition concernant la poursuite de l\u2019utilisation des mat\u00e9riaux recycl\u00e9s<\/li>\n<\/ul>\n<p>Sur cette base, nous composons la ligne selon la principe de la construction modulaire.<\/p>\n<h3>Bouteilles en PET<\/h3>\n<p><strong>Example d\u2019une ligne pour le recyclage des balles avec un d\u00e9bit d\u2019environ 500 kg\/h, lors de traitement des bouteilles en vrac :<\/strong><\/p>\n<h5><strong>1. Convoyeur \u00e0 bande<\/strong><\/h5>\n<p>Pour l\u2019\u00e9parpillement aussi que le triage manuel avec le but d\u2019\u00e9liminer des impuret\u00e9s avant le traitement poursuivant<\/p>\n<h5><strong>2. Convoyeur \u00e0 bande inclin\u00e9<\/strong><\/h5>\n<p>Pour le transport des mat\u00e9riaux \u00e0 un broyeur suivant. Le convoyeur est \u00e9quip\u00e9 d\u2019une zone non-m\u00e9tallique, pr\u00e9vue pour d\u00e9tecteur de pr\u00e9sence m\u00e9tallique.<\/p>\n<h5><strong><span style=\"color: #000000;\">3. <a href=\"https:\/\/neue-herbold.com\/fr\/separateurs-des-metaux\/\">D\u00e9tecteur de pr\u00e9sence m\u00e9tallique<\/a><\/span><\/strong><\/h5>\n<p><a href=\"https:\/\/neue-herbold.com\/wp-content\/uploads\/2014\/12\/Metallsuchspule-01.jpg\" target=\"_blank\" rel=\"noopener noreferrer\"><img loading=\"lazy\" decoding=\"async\" class=\"alignleft wp-image-3072\" src=\"https:\/\/neue-herbold.com\/wp-content\/uploads\/2014\/12\/Metallsuchspule-01-300x189.jpg\" alt=\"Metallsuchspule - \u00fcber PET Flaschen\" width=\"280\" height=\"177\" srcset=\"https:\/\/neue-herbold.com\/wp-content\/uploads\/2014\/12\/Metallsuchspule-01-300x189.jpg 300w, https:\/\/neue-herbold.com\/wp-content\/uploads\/2014\/12\/Metallsuchspule-01-100x63.jpg 100w, https:\/\/neue-herbold.com\/wp-content\/uploads\/2014\/12\/Metallsuchspule-01-150x94.jpg 150w, https:\/\/neue-herbold.com\/wp-content\/uploads\/2014\/12\/Metallsuchspule-01-200x126.jpg 200w, https:\/\/neue-herbold.com\/wp-content\/uploads\/2014\/12\/Metallsuchspule-01.jpg 321w\" sizes=\"(max-width: 280px) 100vw, 280px\" \/><\/a><\/p>\n<p>&nbsp;<\/p>\n<p><span style=\"color: #000000;\">zur Ortung von <br \/>\n NE-Metallen zum <br \/>\n Schutz der Schneidm\u00fchle <br \/>\n sowie des Intensivw\u00e4schers<\/span><\/p>\n<p>&nbsp;<\/p>\n<p>&nbsp;<\/p>\n<h5><strong><span style=\"color: #000000;\">4.<a href=\"https:\/\/neue-herbold.com\/fr\/index-gamme-des-broyeurs\/\"><span style=\"color: #0000ff;\"> Broyeur<\/span><\/a><\/span><\/strong><\/h5>\n<div id=\"attachment_2968\" style=\"width: 290px\" class=\"wp-caption alignleft\"><a href=\"https:\/\/neue-herbold.com\/wp-content\/uploads\/2014\/11\/LM-450_1000-S5.jpg\" target=\"_blank\" rel=\"noopener noreferrer\"><img loading=\"lazy\" decoding=\"async\" aria-describedby=\"caption-attachment-2968\" class=\"wp-image-2968\" src=\"https:\/\/neue-herbold.com\/wp-content\/uploads\/2014\/11\/LM-450_1000-S5.jpg\" alt=\"\" width=\"280\" height=\"467\" srcset=\"https:\/\/neue-herbold.com\/wp-content\/uploads\/2014\/11\/LM-450_1000-S5.jpg 540w, https:\/\/neue-herbold.com\/wp-content\/uploads\/2014\/11\/LM-450_1000-S5-180x300.jpg 180w, https:\/\/neue-herbold.com\/wp-content\/uploads\/2014\/11\/LM-450_1000-S5-100x166.jpg 100w, https:\/\/neue-herbold.com\/wp-content\/uploads\/2014\/11\/LM-450_1000-S5-150x250.jpg 150w, https:\/\/neue-herbold.com\/wp-content\/uploads\/2014\/11\/LM-450_1000-S5-200x333.jpg 200w, https:\/\/neue-herbold.com\/wp-content\/uploads\/2014\/11\/LM-450_1000-S5-300x500.jpg 300w, https:\/\/neue-herbold.com\/wp-content\/uploads\/2014\/11\/LM-450_1000-S5-450x750.jpg 450w\" sizes=\"(max-width: 280px) 100vw, 280px\" \/><\/a><p id=\"caption-attachment-2968\" class=\"wp-caption-text\"><strong>LM 450 \/ 1000<\/strong><\/p><\/div>\n<p>&nbsp;<\/p>\n<p>&nbsp;<\/p>\n<p>&nbsp;<\/p>\n<p>&nbsp;<\/p>\n<p>&nbsp;<\/p>\n<p>Pour le broyage sec des <br \/>\n mat\u00e9riaux \u00e0 sa taille finale <br \/>\n d\u2019environ 10-15 mm<\/p>\n<p>&nbsp;<\/p>\n<p>&nbsp;<\/p>\n<p>&nbsp;<\/p>\n<p>&nbsp;<\/p>\n<p>&nbsp;<\/p>\n<p>&nbsp;<\/p>\n<p>&nbsp;<\/p>\n<h5><strong><span style=\"color: #000000;\">5. <a href=\"https:\/\/neue-herbold.com\/fr\/systemes-devacuation\/\">Syst\u00e8me d\u2019aspiration<\/a><\/span><\/strong><\/h5>\n<p>Pour l\u2019extraction des broy\u00e9s du broyeur<\/p>\n<h5><strong><span style=\"color: #000000;\">6. S\u00e9parateur des fins type <a href=\"https:\/\/neue-herbold.com\/fr\/separateurs-de-particules-fines\/\"><span style=\"color: #0000ff;\">HS<\/span><\/a><\/span><\/strong><\/h5>\n<p><a href=\"https:\/\/neue-herbold.com\/wp-content\/uploads\/2014\/12\/Feingutabscheider.jpg\" target=\"_blank\" rel=\"noopener noreferrer\"><img loading=\"lazy\" decoding=\"async\" class=\"wp-image-3081 alignleft\" src=\"https:\/\/neue-herbold.com\/wp-content\/uploads\/2014\/12\/Feingutabscheider.jpg\" alt=\"\" width=\"280\" height=\"350\" srcset=\"https:\/\/neue-herbold.com\/wp-content\/uploads\/2014\/12\/Feingutabscheider.jpg 259w, https:\/\/neue-herbold.com\/wp-content\/uploads\/2014\/12\/Feingutabscheider-239x300.jpg 239w, https:\/\/neue-herbold.com\/wp-content\/uploads\/2014\/12\/Feingutabscheider-100x125.jpg 100w, https:\/\/neue-herbold.com\/wp-content\/uploads\/2014\/12\/Feingutabscheider-150x187.jpg 150w, https:\/\/neue-herbold.com\/wp-content\/uploads\/2014\/12\/Feingutabscheider-200x250.jpg 200w\" sizes=\"(max-width: 280px) 100vw, 280px\" \/><\/a><\/p>\n<p>&nbsp;<\/p>\n<p>&nbsp;<\/p>\n<p><span style=\"color: #000000;\">Pour la s\u00e9paration des \u00e9tiquettes <br \/>\n et des autres impuret\u00e9s l\u00e2ches<br \/>\n <\/span><\/p>\n<h5>\u00a0<\/h5>\n<h5>\u00a0<\/h5>\n<p>&nbsp;<\/p>\n<p>&nbsp;<\/p>\n<p>&nbsp;<\/p>\n<p>&nbsp;<\/p>\n<h5><strong><span style=\"color: #000000;\">7 <strong>. Silo tampon type<\/strong> <a href=\"https:\/\/neue-herbold.com\/fr\/silos-a-film-fs\/\"><span style=\"color: #0000ff;\">FS<\/span><\/a><\/span><\/strong><\/h5>\n<div id=\"attachment_3089\" style=\"width: 290px\" class=\"wp-caption alignleft\"><a href=\"https:\/\/neue-herbold.com\/wp-content\/uploads\/2014\/12\/Wasch-Foliensilo-BR.jpg\" target=\"_blank\" rel=\"noopener noreferrer\"><img loading=\"lazy\" decoding=\"async\" aria-describedby=\"caption-attachment-3089\" class=\"wp-image-3089\" src=\"https:\/\/neue-herbold.com\/wp-content\/uploads\/2014\/12\/Wasch-Foliensilo-BR-1024x768.jpg\" alt=\"\" width=\"280\" height=\"210\" srcset=\"https:\/\/neue-herbold.com\/wp-content\/uploads\/2014\/12\/Wasch-Foliensilo-BR-1024x768.jpg 1024w, https:\/\/neue-herbold.com\/wp-content\/uploads\/2014\/12\/Wasch-Foliensilo-BR-300x225.jpg 300w, https:\/\/neue-herbold.com\/wp-content\/uploads\/2014\/12\/Wasch-Foliensilo-BR-100x75.jpg 100w, https:\/\/neue-herbold.com\/wp-content\/uploads\/2014\/12\/Wasch-Foliensilo-BR-150x112.jpg 150w, https:\/\/neue-herbold.com\/wp-content\/uploads\/2014\/12\/Wasch-Foliensilo-BR-200x150.jpg 200w, https:\/\/neue-herbold.com\/wp-content\/uploads\/2014\/12\/Wasch-Foliensilo-BR-450x337.jpg 450w, https:\/\/neue-herbold.com\/wp-content\/uploads\/2014\/12\/Wasch-Foliensilo-BR-600x450.jpg 600w, https:\/\/neue-herbold.com\/wp-content\/uploads\/2014\/12\/Wasch-Foliensilo-BR-900x675.jpg 900w, https:\/\/neue-herbold.com\/wp-content\/uploads\/2014\/12\/Wasch-Foliensilo-BR.jpg 1200w\" sizes=\"(max-width: 280px) 100vw, 280px\" \/><\/a><p id=\"caption-attachment-3089\" class=\"wp-caption-text\">Silo tampon<\/p><\/div>\n<p>&nbsp;<\/p>\n<p>&nbsp;<\/p>\n<p>Pour le stockage interm\u00e9diaire <br \/>\n des mat\u00e9riaux et le transport <br \/>\n dos\u00e9 aux syst\u00e8mes poursuivants<\/p>\n<p>&nbsp;<\/p>\n<p>&nbsp;<\/p>\n<p style=\"text-align: left;\">\u00a0<\/p>\n<h5>\u00a0<\/h5>\n<h5><strong><span style=\"color: #000000;\">8.<\/span><\/strong> Laveur intensif type<strong><span style=\"color: #000000;\"><span style=\"color: #0000ff;\"> <a style=\"color: #0000ff;\" href=\"https:\/\/neue-herbold.com\/fr\/laveur-intensif-iw\/\">IW<\/a><\/span><\/span><\/strong><\/h5>\n<div id=\"attachment_3022\" style=\"width: 290px\" class=\"wp-caption alignleft\"><a href=\"https:\/\/neue-herbold.com\/wp-content\/uploads\/2014\/12\/TM-1000.jpg\" target=\"_blank\" rel=\"noopener noreferrer\"><img loading=\"lazy\" decoding=\"async\" aria-describedby=\"caption-attachment-3022\" class=\"wp-image-3022\" src=\"https:\/\/neue-herbold.com\/wp-content\/uploads\/2014\/12\/TM-1000-1020x1024.jpg\" alt=\"\" width=\"280\" height=\"281\" srcset=\"https:\/\/neue-herbold.com\/wp-content\/uploads\/2014\/12\/TM-1000-1020x1024.jpg 1020w, https:\/\/neue-herbold.com\/wp-content\/uploads\/2014\/12\/TM-1000-300x301.jpg 300w, https:\/\/neue-herbold.com\/wp-content\/uploads\/2014\/12\/TM-1000-100x100.jpg 100w, https:\/\/neue-herbold.com\/wp-content\/uploads\/2014\/12\/TM-1000-150x150.jpg 150w, https:\/\/neue-herbold.com\/wp-content\/uploads\/2014\/12\/TM-1000-200x200.jpg 200w, https:\/\/neue-herbold.com\/wp-content\/uploads\/2014\/12\/TM-1000-450x451.jpg 450w, https:\/\/neue-herbold.com\/wp-content\/uploads\/2014\/12\/TM-1000-600x602.jpg 600w, https:\/\/neue-herbold.com\/wp-content\/uploads\/2014\/12\/TM-1000-900x903.jpg 900w, https:\/\/neue-herbold.com\/wp-content\/uploads\/2014\/12\/TM-1000.jpg 1200w\" sizes=\"(max-width: 280px) 100vw, 280px\" \/><\/a><p id=\"caption-attachment-3022\" class=\"wp-caption-text\">TM 1000<\/p><\/div>\n<p>&nbsp;<\/p>\n<p>&nbsp;<\/p>\n<p>&nbsp;<\/p>\n<p>&nbsp;<\/p>\n<p><span style=\"color: #000000;\">Pour le nettoyage des <br \/>\n surfaces des broy\u00e9s en PET<br \/>\n <\/span><\/p>\n<h5>\u00a0<\/h5>\n<p>&nbsp;<\/p>\n<p>&nbsp;<\/p>\n<h5><strong>9. S\u00e9paration des bandes<\/strong><\/h5>\n<p>Pour la redirection des mat\u00e9riaux \u00e0 un bac de s\u00e9paration ou, si n\u00e9cessaire, \u00e0 un syst\u00e8me de lavage \u00e0 chaud<\/p>\n<h5><strong>10. Bac de s\u00e9paration type TB<\/strong><\/h5>\n<p>Pour la s\u00e9paration des mat\u00e9riaux d\u2019une densit\u00e9 &lt; 1 g\/ccm des mat\u00e9riaux de &gt; 1 g\/ccm<\/p>\n<ul>\n<li>La fraction d\u2019une densit\u00e9 absolue &gt; 1 g\/ccm sera transport\u00e9e continuellement par vis d\u2019extraction au s\u00e9cheur m\u00e9chanique.<\/li>\n<li>La fraction d\u2019une densit\u00e9 absolue &gt; 1 g\/ccm est transport\u00e9e par une autre vis d\u2019extraction \u00e0 un conteneur des d\u00e9chets.<\/li>\n<\/ul>\n<p>&nbsp;<\/p>\n<div style=\"width: 290px\" class=\"wp-caption alignnone\"><a href=\"https:\/\/neue-herbold.com\/wp-content\/uploads\/2014\/12\/Schwimm-Sinktank.jpg\" target=\"_blank\" rel=\"noopener noreferrer\"><img loading=\"lazy\" decoding=\"async\" src=\"https:\/\/neue-herbold.com\/wp-content\/uploads\/2014\/12\/Schwimm-Sinktank-1024x663.jpg\" alt=\"\" width=\"280\" height=\"181\" \/><\/a><p class=\"wp-caption-text\">Bac de s\u00e9paration par flottation<\/p><\/div>\n<h5><span style=\"color: #000000;\"><strong>11. S\u00e9cheur m\u00e9canique type <a href=\"https:\/\/neue-herbold.com\/fr\/secheurs-mecaniques-tm\/\">TM<\/a><\/strong> <\/span><\/h5>\n<p><span style=\"color: #000000;\">Pour le s\u00e9chage m\u00e9canique des surfaces des mat\u00e9riaux<\/span><\/p>\n<h5><strong><span style=\"color: #000000;\">12. <a href=\"https:\/\/neue-herbold.com\/fr\/systemes-devacuation\/\">Syst\u00e8me d\u2019aspiration<\/a><\/span><\/strong><\/h5>\n<p>Pour le transport des mat\u00e9riaux du s\u00e9cheur<\/p>\n<h5><strong>13. S\u00e9chage thermique type <a href=\"https:\/\/neue-herbold.com\/fr\/secheur-thermique-tt\/\">TT<\/a><\/strong><\/h5>\n<h5><span style=\"color: #000000;\"><strong><br \/>\n <\/strong> <\/span><\/h5>\n<p><a href=\"https:\/\/neue-herbold.com\/wp-content\/uploads\/2014\/12\/TT-P1250007.jpg\" target=\"_blank\" rel=\"noopener noreferrer\"><img loading=\"lazy\" decoding=\"async\" class=\"wp-image-3036 size-medium alignleft\" src=\"https:\/\/neue-herbold.com\/wp-content\/uploads\/2014\/12\/TT-P1250007-212x300.jpg\" alt=\"TT P1250007\" width=\"212\" height=\"300\" srcset=\"https:\/\/neue-herbold.com\/wp-content\/uploads\/2014\/12\/TT-P1250007-212x300.jpg 212w, https:\/\/neue-herbold.com\/wp-content\/uploads\/2014\/12\/TT-P1250007-100x141.jpg 100w, https:\/\/neue-herbold.com\/wp-content\/uploads\/2014\/12\/TT-P1250007-150x212.jpg 150w, https:\/\/neue-herbold.com\/wp-content\/uploads\/2014\/12\/TT-P1250007-200x283.jpg 200w, https:\/\/neue-herbold.com\/wp-content\/uploads\/2014\/12\/TT-P1250007-300x424.jpg 300w, https:\/\/neue-herbold.com\/wp-content\/uploads\/2014\/12\/TT-P1250007-450x636.jpg 450w, https:\/\/neue-herbold.com\/wp-content\/uploads\/2014\/12\/TT-P1250007-600x849.jpg 600w, https:\/\/neue-herbold.com\/wp-content\/uploads\/2014\/12\/TT-P1250007.jpg 636w\" sizes=\"(max-width: 212px) 100vw, 212px\" \/><\/a><\/p>\n<p>&nbsp;<\/p>\n<p>&nbsp;<\/p>\n<p>Pour le s\u00e9chage final des<br \/>\n mat\u00e9riaux \u00e0 la humidit\u00e9 <br \/>\n r\u00e9siliante n\u00e9cessaire<\/p>\n<p>&nbsp;<\/p>\n<p>&nbsp;<\/p>\n<p>&nbsp;<\/p>\n<p>&nbsp;<\/p>\n<h5><strong>14. S\u00e9parateur des fins type <a href=\"https:\/\/neue-herbold.com\/de\/feingutabscheider-hs\/\">HS<\/a><\/strong><\/h5>\n<p>Pour la s\u00e9paration des poussi\u00e8res et fins r\u00e9siliants \u2013 am\u00e9lioration de la qualit\u00e9 du produit final.<span style=\"color: #000000;\"> <br \/>\n <\/span><\/p>\n","protected":false},"excerpt":{"rendered":"<p><strong>Pr\u00e9misse indispensable pour \u00e9tablir une ligne de r\u00e9cyclage, c\u2019est une d\u00e9termination d\u00e9taill\u00e9e de sa t\u00e2che.<\/strong><\/p>\n<ul>\n<li>La d\u00e9finition des pollutions pr\u00e9sentes<\/li>\n<li>La d\u00e9finition concernant la poursuite de l\u2019utilisation des mat\u00e9riaux recycl\u00e9s<\/li>\n<\/ul>\n<p>Sur cette base,<\/p>\n<p><span class=\"ellipsis\">&hellip;<\/span><\/p>\n<div class=\"read-more\"><a href=\"https:\/\/neue-herbold.com\/fr\/recyclage-bouteilles-en-pet\/\">Lire la suite &#8250;<\/a><\/div>\n<p><!-- end of .read-more --><\/p>\n","protected":false},"author":1,"featured_media":0,"parent":0,"menu_order":0,"comment_status":"closed","ping_status":"closed","template":"","meta":{"footnotes":""},"class_list":["post-8156","page","type-page","status-publish","hentry"],"yoast_head":"<!-- This site is optimized with the Yoast SEO plugin v25.4 - https:\/\/yoast.com\/wordpress\/plugins\/seo\/ -->\n<title>Syst\u00e8me de lavage \u2013 recyclage bouteilles en PET - Neue Herbold GmbH<\/title>\n<meta name=\"description\" content=\"Bouteilles en PET - Example d\u2019une ligne pour le recyclage des balles avec un d\u00e9bit d\u2019environ 500 kg\/h, lors de traitement des bouteilles en vrac :\" \/>\n<meta name=\"robots\" content=\"index, follow, max-snippet:-1, max-image-preview:large, max-video-preview:-1\" \/>\n<link rel=\"canonical\" href=\"https:\/\/neue-herbold.com\/fr\/recyclage-bouteilles-en-pet\/\" \/>\n<meta property=\"og:locale\" content=\"fr_FR\" \/>\n<meta property=\"og:type\" content=\"article\" \/>\n<meta property=\"og:title\" content=\"Syst\u00e8me de lavage \u2013 recyclage bouteilles en PET - Neue Herbold GmbH\" \/>\n<meta property=\"og:description\" content=\"Bouteilles en PET - Example d\u2019une ligne pour le recyclage des balles avec un d\u00e9bit d\u2019environ 500 kg\/h, lors de traitement des bouteilles en vrac :\" \/>\n<meta property=\"og:url\" content=\"https:\/\/neue-herbold.com\/fr\/recyclage-bouteilles-en-pet\/\" \/>\n<meta property=\"og:site_name\" content=\"Neue Herbold GmbH\" \/>\n<meta property=\"article:modified_time\" content=\"2017-05-18T20:09:51+00:00\" \/>\n<meta property=\"og:image\" content=\"https:\/\/neue-herbold.com\/wp-content\/uploads\/2014\/12\/Metallsuchspule-01-300x189.jpg\" \/>\n<meta name=\"twitter:label1\" content=\"Dur\u00e9e de lecture estim\u00e9e\" \/>\n\t<meta name=\"twitter:data1\" content=\"2 minutes\" \/>\n<script type=\"application\/ld+json\" class=\"yoast-schema-graph\">{\"@context\":\"https:\/\/schema.org\",\"@graph\":[{\"@type\":\"WebPage\",\"@id\":\"https:\/\/neue-herbold.com\/fr\/recyclage-bouteilles-en-pet\/\",\"url\":\"https:\/\/neue-herbold.com\/fr\/recyclage-bouteilles-en-pet\/\",\"name\":\"Syst\u00e8me de lavage \u2013 recyclage bouteilles en PET - Neue Herbold GmbH\",\"isPartOf\":{\"@id\":\"https:\/\/neue-herbold.com\/en\/#website\"},\"primaryImageOfPage\":{\"@id\":\"https:\/\/neue-herbold.com\/fr\/recyclage-bouteilles-en-pet\/#primaryimage\"},\"image\":{\"@id\":\"https:\/\/neue-herbold.com\/fr\/recyclage-bouteilles-en-pet\/#primaryimage\"},\"thumbnailUrl\":\"https:\/\/neue-herbold.com\/wp-content\/uploads\/2014\/12\/Metallsuchspule-01-300x189.jpg\",\"datePublished\":\"2016-06-03T02:36:49+00:00\",\"dateModified\":\"2017-05-18T20:09:51+00:00\",\"description\":\"Bouteilles en PET - Example d\u2019une ligne pour le recyclage des balles avec un d\u00e9bit d\u2019environ 500 kg\/h, lors de traitement des bouteilles en vrac :\",\"breadcrumb\":{\"@id\":\"https:\/\/neue-herbold.com\/fr\/recyclage-bouteilles-en-pet\/#breadcrumb\"},\"inLanguage\":\"fr-FR\",\"potentialAction\":[{\"@type\":\"ReadAction\",\"target\":[\"https:\/\/neue-herbold.com\/fr\/recyclage-bouteilles-en-pet\/\"]}]},{\"@type\":\"ImageObject\",\"inLanguage\":\"fr-FR\",\"@id\":\"https:\/\/neue-herbold.com\/fr\/recyclage-bouteilles-en-pet\/#primaryimage\",\"url\":\"https:\/\/neue-herbold.com\/wp-content\/uploads\/2014\/12\/Metallsuchspule-01-300x189.jpg\",\"contentUrl\":\"https:\/\/neue-herbold.com\/wp-content\/uploads\/2014\/12\/Metallsuchspule-01-300x189.jpg\"},{\"@type\":\"BreadcrumbList\",\"@id\":\"https:\/\/neue-herbold.com\/fr\/recyclage-bouteilles-en-pet\/#breadcrumb\",\"itemListElement\":[{\"@type\":\"ListItem\",\"position\":1,\"name\":\"Startseite\",\"item\":\"https:\/\/neue-herbold.com\/fr\/\"},{\"@type\":\"ListItem\",\"position\":2,\"name\":\"Syst\u00e8me de lavage \u2013 recyclage bouteilles en PET\"}]},{\"@type\":\"WebSite\",\"@id\":\"https:\/\/neue-herbold.com\/en\/#website\",\"url\":\"https:\/\/neue-herbold.com\/en\/\",\"name\":\"Neue Herbold GmbH\",\"description\":\"\",\"potentialAction\":[{\"@type\":\"SearchAction\",\"target\":{\"@type\":\"EntryPoint\",\"urlTemplate\":\"https:\/\/neue-herbold.com\/en\/?s={search_term_string}\"},\"query-input\":{\"@type\":\"PropertyValueSpecification\",\"valueRequired\":true,\"valueName\":\"search_term_string\"}}],\"inLanguage\":\"fr-FR\"}]}<\/script>\n<!-- \/ Yoast SEO plugin. -->","yoast_head_json":{"title":"Syst\u00e8me de lavage \u2013 recyclage bouteilles en PET - Neue Herbold GmbH","description":"Bouteilles en PET - Example d\u2019une ligne pour le recyclage des balles avec un d\u00e9bit d\u2019environ 500 kg\/h, lors de traitement des bouteilles en vrac :","robots":{"index":"index","follow":"follow","max-snippet":"max-snippet:-1","max-image-preview":"max-image-preview:large","max-video-preview":"max-video-preview:-1"},"canonical":"https:\/\/neue-herbold.com\/fr\/recyclage-bouteilles-en-pet\/","og_locale":"fr_FR","og_type":"article","og_title":"Syst\u00e8me de lavage \u2013 recyclage bouteilles en PET - Neue Herbold GmbH","og_description":"Bouteilles en PET - Example d\u2019une ligne pour le recyclage des balles avec un d\u00e9bit d\u2019environ 500 kg\/h, lors de traitement des bouteilles en vrac :","og_url":"https:\/\/neue-herbold.com\/fr\/recyclage-bouteilles-en-pet\/","og_site_name":"Neue Herbold GmbH","article_modified_time":"2017-05-18T20:09:51+00:00","og_image":[{"url":"https:\/\/neue-herbold.com\/wp-content\/uploads\/2014\/12\/Metallsuchspule-01-300x189.jpg","type":"","width":"","height":""}],"twitter_misc":{"Dur\u00e9e de lecture estim\u00e9e":"2 minutes"},"schema":{"@context":"https:\/\/schema.org","@graph":[{"@type":"WebPage","@id":"https:\/\/neue-herbold.com\/fr\/recyclage-bouteilles-en-pet\/","url":"https:\/\/neue-herbold.com\/fr\/recyclage-bouteilles-en-pet\/","name":"Syst\u00e8me de lavage \u2013 recyclage bouteilles en PET - Neue Herbold GmbH","isPartOf":{"@id":"https:\/\/neue-herbold.com\/en\/#website"},"primaryImageOfPage":{"@id":"https:\/\/neue-herbold.com\/fr\/recyclage-bouteilles-en-pet\/#primaryimage"},"image":{"@id":"https:\/\/neue-herbold.com\/fr\/recyclage-bouteilles-en-pet\/#primaryimage"},"thumbnailUrl":"https:\/\/neue-herbold.com\/wp-content\/uploads\/2014\/12\/Metallsuchspule-01-300x189.jpg","datePublished":"2016-06-03T02:36:49+00:00","dateModified":"2017-05-18T20:09:51+00:00","description":"Bouteilles en PET - Example d\u2019une ligne pour le recyclage des balles avec un d\u00e9bit d\u2019environ 500 kg\/h, lors de traitement des bouteilles en vrac :","breadcrumb":{"@id":"https:\/\/neue-herbold.com\/fr\/recyclage-bouteilles-en-pet\/#breadcrumb"},"inLanguage":"fr-FR","potentialAction":[{"@type":"ReadAction","target":["https:\/\/neue-herbold.com\/fr\/recyclage-bouteilles-en-pet\/"]}]},{"@type":"ImageObject","inLanguage":"fr-FR","@id":"https:\/\/neue-herbold.com\/fr\/recyclage-bouteilles-en-pet\/#primaryimage","url":"https:\/\/neue-herbold.com\/wp-content\/uploads\/2014\/12\/Metallsuchspule-01-300x189.jpg","contentUrl":"https:\/\/neue-herbold.com\/wp-content\/uploads\/2014\/12\/Metallsuchspule-01-300x189.jpg"},{"@type":"BreadcrumbList","@id":"https:\/\/neue-herbold.com\/fr\/recyclage-bouteilles-en-pet\/#breadcrumb","itemListElement":[{"@type":"ListItem","position":1,"name":"Startseite","item":"https:\/\/neue-herbold.com\/fr\/"},{"@type":"ListItem","position":2,"name":"Syst\u00e8me de lavage \u2013 recyclage bouteilles en PET"}]},{"@type":"WebSite","@id":"https:\/\/neue-herbold.com\/en\/#website","url":"https:\/\/neue-herbold.com\/en\/","name":"Neue Herbold GmbH","description":"","potentialAction":[{"@type":"SearchAction","target":{"@type":"EntryPoint","urlTemplate":"https:\/\/neue-herbold.com\/en\/?s={search_term_string}"},"query-input":{"@type":"PropertyValueSpecification","valueRequired":true,"valueName":"search_term_string"}}],"inLanguage":"fr-FR"}]}},"_links":{"self":[{"href":"https:\/\/neue-herbold.com\/fr\/wp-json\/wp\/v2\/pages\/8156"}],"collection":[{"href":"https:\/\/neue-herbold.com\/fr\/wp-json\/wp\/v2\/pages"}],"about":[{"href":"https:\/\/neue-herbold.com\/fr\/wp-json\/wp\/v2\/types\/page"}],"author":[{"embeddable":true,"href":"https:\/\/neue-herbold.com\/fr\/wp-json\/wp\/v2\/users\/1"}],"replies":[{"embeddable":true,"href":"https:\/\/neue-herbold.com\/fr\/wp-json\/wp\/v2\/comments?post=8156"}],"version-history":[{"count":6,"href":"https:\/\/neue-herbold.com\/fr\/wp-json\/wp\/v2\/pages\/8156\/revisions"}],"predecessor-version":[{"id":11030,"href":"https:\/\/neue-herbold.com\/fr\/wp-json\/wp\/v2\/pages\/8156\/revisions\/11030"}],"wp:attachment":[{"href":"https:\/\/neue-herbold.com\/fr\/wp-json\/wp\/v2\/media?parent=8156"}],"curies":[{"name":"wp","href":"https:\/\/api.w.org\/{rel}","templated":true}]}}