{"id":8135,"date":"2016-06-03T04:06:23","date_gmt":"2016-06-03T02:06:23","guid":{"rendered":"https:\/\/neue-herbold.com\/fr\/foliensilos-fs\/"},"modified":"2016-06-14T02:39:39","modified_gmt":"2016-06-14T00:39:39","slug":"silos-a-film-fs","status":"publish","type":"page","link":"https:\/\/neue-herbold.com\/fr\/silos-a-film-fs\/","title":{"rendered":"Silos \u00e0 film FS"},"content":{"rendered":"<p><span style=\"color: #000000;\"><strong><a href=\"https:\/\/neue-herbold.com\/wp-content\/uploads\/2014\/12\/FS-Foliensilo.jpg\" target=\"_blank\"><img loading=\"lazy\" decoding=\"async\" class=\"alignright wp-image-3029\" src=\"https:\/\/neue-herbold.com\/wp-content\/uploads\/2014\/12\/FS-Foliensilo-1024x768.jpg\" alt=\"Silos \u00e0 film\" width=\"456\" height=\"342\" srcset=\"https:\/\/neue-herbold.com\/wp-content\/uploads\/2014\/12\/FS-Foliensilo-1024x768.jpg 1024w, https:\/\/neue-herbold.com\/wp-content\/uploads\/2014\/12\/FS-Foliensilo-300x225.jpg 300w, https:\/\/neue-herbold.com\/wp-content\/uploads\/2014\/12\/FS-Foliensilo-100x75.jpg 100w, https:\/\/neue-herbold.com\/wp-content\/uploads\/2014\/12\/FS-Foliensilo-150x112.jpg 150w, https:\/\/neue-herbold.com\/wp-content\/uploads\/2014\/12\/FS-Foliensilo-200x150.jpg 200w, https:\/\/neue-herbold.com\/wp-content\/uploads\/2014\/12\/FS-Foliensilo-450x337.jpg 450w, https:\/\/neue-herbold.com\/wp-content\/uploads\/2014\/12\/FS-Foliensilo-600x450.jpg 600w, https:\/\/neue-herbold.com\/wp-content\/uploads\/2014\/12\/FS-Foliensilo-900x675.jpg 900w, https:\/\/neue-herbold.com\/wp-content\/uploads\/2014\/12\/FS-Foliensilo.jpg 1200w\" sizes=\"(max-width: 456px) 100vw, 456px\" \/><\/a><\/strong><\/span><em><strong>Secteur d\u2019emploi<\/strong><\/em><\/p>\n<p>Silos \u00e0 films <strong>NEUE HERBOLD<\/strong> type FS sont d\u00e9velopp\u00e9s pour le stockage intermediaire des mat\u00e9riaux \u00e9paisses, films broy\u00e9s, fibres, monofilaments, multifilaments etc.<\/p>\n<h3>Silos \u00e0 film<\/h3>\n<p>La diff\u00e9rence entre les silos conventionnels ronds et les silos <strong>NEUE HERBOLD<\/strong> est essentiellement la construction avec des vis unitaires \/ vis doubles qui sont mont\u00e9s au-dessous du silo. Trois parois sont mont\u00e9es verticalement, la quatri\u00e8me paroi se retrouve dans une position inclin\u00e9e et est \u00e9quip\u00e9e des axes ameublissants (agitateurs).<\/p>\n<p><strong><em>Sommaire des avantages de la construction horizontale:<\/em><\/strong><\/p>\n<ul>\n<li>Sans vis verticales, donc plus de surface de base, construction plus haute<\/li>\n<li>Essentiellement plus de volume<\/li>\n<li>Gravement moins besoin de force, pas de rupture des axes des agitateurs<\/li>\n<li>Alimentation directe sans poussi\u00e8re et sans cyclone, donc taux de remplissage augment\u00e9 et s\u00e9paration des poussi\u00e8res plus facile<\/li>\n<li>D\u00e9penses op\u00e9rationnelles faibles pour l\u2019\u00e9lectricit\u00e9 et la maintenance<\/li>\n<li>Comme les entra\u00eenements des agitateurs sont pos\u00e9s lat\u00e9ralement, ils sont plus faciles \u00e0 prot\u00e9ger contre l\u2019humidit\u00e9 et les fins<\/li>\n<\/ul>\n","protected":false},"excerpt":{"rendered":"<p><span style=\"color: #000000;\"><strong><a href=\"https:\/\/neue-herbold.com\/wp-content\/uploads\/2014\/12\/FS-Foliensilo.jpg\" target=\"_blank\"><img loading=\"lazy\" decoding=\"async\" class=\"alignright wp-image-3029\" src=\"https:\/\/neue-herbold.com\/wp-content\/uploads\/2014\/12\/FS-Foliensilo-1024x768.jpg\" alt=\"Silos \u00e0 film\" width=\"456\" height=\"342\" srcset=\"https:\/\/neue-herbold.com\/wp-content\/uploads\/2014\/12\/FS-Foliensilo-1024x768.jpg 1024w, https:\/\/neue-herbold.com\/wp-content\/uploads\/2014\/12\/FS-Foliensilo-300x225.jpg 300w, https:\/\/neue-herbold.com\/wp-content\/uploads\/2014\/12\/FS-Foliensilo-100x75.jpg 100w, https:\/\/neue-herbold.com\/wp-content\/uploads\/2014\/12\/FS-Foliensilo-150x112.jpg 150w, https:\/\/neue-herbold.com\/wp-content\/uploads\/2014\/12\/FS-Foliensilo-200x150.jpg 200w, https:\/\/neue-herbold.com\/wp-content\/uploads\/2014\/12\/FS-Foliensilo-450x337.jpg 450w, https:\/\/neue-herbold.com\/wp-content\/uploads\/2014\/12\/FS-Foliensilo-600x450.jpg 600w, https:\/\/neue-herbold.com\/wp-content\/uploads\/2014\/12\/FS-Foliensilo-900x675.jpg 900w, https:\/\/neue-herbold.com\/wp-content\/uploads\/2014\/12\/FS-Foliensilo.jpg 1200w\" sizes=\"(max-width: 456px) 100vw, 456px\" \/><\/a><\/strong><\/span><em><strong>Secteur d\u2019emploi<\/strong><\/em><\/p>\n<p>Silos \u00e0 films <strong>NEUE HERBOLD<\/strong> type FS sont d\u00e9velopp\u00e9s pour le stockage intermediaire des mat\u00e9riaux \u00e9paisses, films broy\u00e9s, fibres, monofilaments, multifilaments etc.<\/p>\n<p>Silos \u00e0 film<\/p>\n<p>La diff\u00e9rence entre les silos conventionnels ronds et les silos <strong>NEUE HERBOLD<\/strong> est essentiellement la construction avec des vis unitaires \/ vis doubles qui sont mont\u00e9s au-dessous du silo.<\/p>\n<p><span class=\"ellipsis\">&hellip;<\/span><\/p>\n<div class=\"read-more\"><a href=\"https:\/\/neue-herbold.com\/fr\/silos-a-film-fs\/\">Lire la suite &#8250;<\/a><\/div>\n<p><!-- end of .read-more --><\/p>\n","protected":false},"author":1,"featured_media":0,"parent":0,"menu_order":0,"comment_status":"closed","ping_status":"closed","template":"","meta":{"footnotes":""},"class_list":["post-8135","page","type-page","status-publish","hentry"],"yoast_head":"<!-- This site is optimized with the Yoast SEO plugin v25.4 - https:\/\/yoast.com\/wordpress\/plugins\/seo\/ -->\n<title>Silos \u00e0 film FS - Neue Herbold GmbH<\/title>\n<meta name=\"description\" content=\"Silos \u00e0 film NEUE HERBOLD type FS sont d\u00e9velopp\u00e9s pour le stockage intermediaire des mat\u00e9riaux \u00e9paisses, films broy\u00e9s, fibres, monofilaments, multifilament\" \/>\n<meta name=\"robots\" content=\"index, follow, max-snippet:-1, max-image-preview:large, max-video-preview:-1\" \/>\n<link rel=\"canonical\" href=\"https:\/\/neue-herbold.com\/fr\/silos-a-film-fs\/\" \/>\n<meta property=\"og:locale\" content=\"fr_FR\" \/>\n<meta property=\"og:type\" content=\"article\" \/>\n<meta property=\"og:title\" content=\"Silos \u00e0 film FS - Neue Herbold GmbH\" \/>\n<meta property=\"og:description\" content=\"Silos \u00e0 film NEUE HERBOLD type FS sont d\u00e9velopp\u00e9s pour le stockage intermediaire des mat\u00e9riaux \u00e9paisses, films broy\u00e9s, fibres, monofilaments, multifilament\" \/>\n<meta property=\"og:url\" content=\"https:\/\/neue-herbold.com\/fr\/silos-a-film-fs\/\" \/>\n<meta property=\"og:site_name\" content=\"Neue Herbold GmbH\" \/>\n<meta property=\"article:modified_time\" content=\"2016-06-14T00:39:39+00:00\" \/>\n<meta property=\"og:image\" content=\"https:\/\/neue-herbold.com\/wp-content\/uploads\/2014\/12\/FS-Foliensilo-1024x768.jpg\" \/>\n<meta name=\"twitter:label1\" content=\"Dur\u00e9e de lecture estim\u00e9e\" \/>\n\t<meta name=\"twitter:data1\" content=\"1 minute\" \/>\n<script type=\"application\/ld+json\" class=\"yoast-schema-graph\">{\"@context\":\"https:\/\/schema.org\",\"@graph\":[{\"@type\":\"WebPage\",\"@id\":\"https:\/\/neue-herbold.com\/fr\/silos-a-film-fs\/\",\"url\":\"https:\/\/neue-herbold.com\/fr\/silos-a-film-fs\/\",\"name\":\"Silos \u00e0 film FS - Neue Herbold GmbH\",\"isPartOf\":{\"@id\":\"https:\/\/neue-herbold.com\/en\/#website\"},\"primaryImageOfPage\":{\"@id\":\"https:\/\/neue-herbold.com\/fr\/silos-a-film-fs\/#primaryimage\"},\"image\":{\"@id\":\"https:\/\/neue-herbold.com\/fr\/silos-a-film-fs\/#primaryimage\"},\"thumbnailUrl\":\"https:\/\/neue-herbold.com\/wp-content\/uploads\/2014\/12\/FS-Foliensilo-1024x768.jpg\",\"datePublished\":\"2016-06-03T02:06:23+00:00\",\"dateModified\":\"2016-06-14T00:39:39+00:00\",\"description\":\"Silos \u00e0 film NEUE HERBOLD type FS sont d\u00e9velopp\u00e9s pour le stockage intermediaire des mat\u00e9riaux \u00e9paisses, films broy\u00e9s, fibres, monofilaments, multifilament\",\"breadcrumb\":{\"@id\":\"https:\/\/neue-herbold.com\/fr\/silos-a-film-fs\/#breadcrumb\"},\"inLanguage\":\"fr-FR\",\"potentialAction\":[{\"@type\":\"ReadAction\",\"target\":[\"https:\/\/neue-herbold.com\/fr\/silos-a-film-fs\/\"]}]},{\"@type\":\"ImageObject\",\"inLanguage\":\"fr-FR\",\"@id\":\"https:\/\/neue-herbold.com\/fr\/silos-a-film-fs\/#primaryimage\",\"url\":\"https:\/\/neue-herbold.com\/wp-content\/uploads\/2014\/12\/FS-Foliensilo-1024x768.jpg\",\"contentUrl\":\"https:\/\/neue-herbold.com\/wp-content\/uploads\/2014\/12\/FS-Foliensilo-1024x768.jpg\"},{\"@type\":\"BreadcrumbList\",\"@id\":\"https:\/\/neue-herbold.com\/fr\/silos-a-film-fs\/#breadcrumb\",\"itemListElement\":[{\"@type\":\"ListItem\",\"position\":1,\"name\":\"Startseite\",\"item\":\"https:\/\/neue-herbold.com\/fr\/\"},{\"@type\":\"ListItem\",\"position\":2,\"name\":\"Silos \u00e0 film FS\"}]},{\"@type\":\"WebSite\",\"@id\":\"https:\/\/neue-herbold.com\/en\/#website\",\"url\":\"https:\/\/neue-herbold.com\/en\/\",\"name\":\"Neue Herbold GmbH\",\"description\":\"\",\"potentialAction\":[{\"@type\":\"SearchAction\",\"target\":{\"@type\":\"EntryPoint\",\"urlTemplate\":\"https:\/\/neue-herbold.com\/en\/?s={search_term_string}\"},\"query-input\":{\"@type\":\"PropertyValueSpecification\",\"valueRequired\":true,\"valueName\":\"search_term_string\"}}],\"inLanguage\":\"fr-FR\"}]}<\/script>\n<!-- \/ Yoast SEO plugin. -->","yoast_head_json":{"title":"Silos \u00e0 film FS - Neue Herbold GmbH","description":"Silos \u00e0 film NEUE HERBOLD type FS sont d\u00e9velopp\u00e9s pour le stockage intermediaire des mat\u00e9riaux \u00e9paisses, films broy\u00e9s, fibres, monofilaments, multifilament","robots":{"index":"index","follow":"follow","max-snippet":"max-snippet:-1","max-image-preview":"max-image-preview:large","max-video-preview":"max-video-preview:-1"},"canonical":"https:\/\/neue-herbold.com\/fr\/silos-a-film-fs\/","og_locale":"fr_FR","og_type":"article","og_title":"Silos \u00e0 film FS - Neue Herbold GmbH","og_description":"Silos \u00e0 film NEUE HERBOLD type FS sont d\u00e9velopp\u00e9s pour le stockage intermediaire des mat\u00e9riaux \u00e9paisses, films broy\u00e9s, fibres, monofilaments, multifilament","og_url":"https:\/\/neue-herbold.com\/fr\/silos-a-film-fs\/","og_site_name":"Neue Herbold GmbH","article_modified_time":"2016-06-14T00:39:39+00:00","og_image":[{"url":"https:\/\/neue-herbold.com\/wp-content\/uploads\/2014\/12\/FS-Foliensilo-1024x768.jpg","type":"","width":"","height":""}],"twitter_misc":{"Dur\u00e9e de lecture estim\u00e9e":"1 minute"},"schema":{"@context":"https:\/\/schema.org","@graph":[{"@type":"WebPage","@id":"https:\/\/neue-herbold.com\/fr\/silos-a-film-fs\/","url":"https:\/\/neue-herbold.com\/fr\/silos-a-film-fs\/","name":"Silos \u00e0 film FS - Neue Herbold GmbH","isPartOf":{"@id":"https:\/\/neue-herbold.com\/en\/#website"},"primaryImageOfPage":{"@id":"https:\/\/neue-herbold.com\/fr\/silos-a-film-fs\/#primaryimage"},"image":{"@id":"https:\/\/neue-herbold.com\/fr\/silos-a-film-fs\/#primaryimage"},"thumbnailUrl":"https:\/\/neue-herbold.com\/wp-content\/uploads\/2014\/12\/FS-Foliensilo-1024x768.jpg","datePublished":"2016-06-03T02:06:23+00:00","dateModified":"2016-06-14T00:39:39+00:00","description":"Silos \u00e0 film NEUE HERBOLD type FS sont d\u00e9velopp\u00e9s pour le stockage intermediaire des mat\u00e9riaux \u00e9paisses, films broy\u00e9s, fibres, monofilaments, multifilament","breadcrumb":{"@id":"https:\/\/neue-herbold.com\/fr\/silos-a-film-fs\/#breadcrumb"},"inLanguage":"fr-FR","potentialAction":[{"@type":"ReadAction","target":["https:\/\/neue-herbold.com\/fr\/silos-a-film-fs\/"]}]},{"@type":"ImageObject","inLanguage":"fr-FR","@id":"https:\/\/neue-herbold.com\/fr\/silos-a-film-fs\/#primaryimage","url":"https:\/\/neue-herbold.com\/wp-content\/uploads\/2014\/12\/FS-Foliensilo-1024x768.jpg","contentUrl":"https:\/\/neue-herbold.com\/wp-content\/uploads\/2014\/12\/FS-Foliensilo-1024x768.jpg"},{"@type":"BreadcrumbList","@id":"https:\/\/neue-herbold.com\/fr\/silos-a-film-fs\/#breadcrumb","itemListElement":[{"@type":"ListItem","position":1,"name":"Startseite","item":"https:\/\/neue-herbold.com\/fr\/"},{"@type":"ListItem","position":2,"name":"Silos \u00e0 film FS"}]},{"@type":"WebSite","@id":"https:\/\/neue-herbold.com\/en\/#website","url":"https:\/\/neue-herbold.com\/en\/","name":"Neue Herbold GmbH","description":"","potentialAction":[{"@type":"SearchAction","target":{"@type":"EntryPoint","urlTemplate":"https:\/\/neue-herbold.com\/en\/?s={search_term_string}"},"query-input":{"@type":"PropertyValueSpecification","valueRequired":true,"valueName":"search_term_string"}}],"inLanguage":"fr-FR"}]}},"_links":{"self":[{"href":"https:\/\/neue-herbold.com\/fr\/wp-json\/wp\/v2\/pages\/8135"}],"collection":[{"href":"https:\/\/neue-herbold.com\/fr\/wp-json\/wp\/v2\/pages"}],"about":[{"href":"https:\/\/neue-herbold.com\/fr\/wp-json\/wp\/v2\/types\/page"}],"author":[{"embeddable":true,"href":"https:\/\/neue-herbold.com\/fr\/wp-json\/wp\/v2\/users\/1"}],"replies":[{"embeddable":true,"href":"https:\/\/neue-herbold.com\/fr\/wp-json\/wp\/v2\/comments?post=8135"}],"version-history":[{"count":3,"href":"https:\/\/neue-herbold.com\/fr\/wp-json\/wp\/v2\/pages\/8135\/revisions"}],"predecessor-version":[{"id":8142,"href":"https:\/\/neue-herbold.com\/fr\/wp-json\/wp\/v2\/pages\/8135\/revisions\/8142"}],"wp:attachment":[{"href":"https:\/\/neue-herbold.com\/fr\/wp-json\/wp\/v2\/media?parent=8135"}],"curies":[{"name":"wp","href":"https:\/\/api.w.org\/{rel}","templated":true}]}}