{"id":8103,"date":"2016-06-03T03:39:12","date_gmt":"2016-06-03T01:39:12","guid":{"rendered":"https:\/\/neue-herbold.com\/fr\/rundsilos\/"},"modified":"2016-06-03T03:50:13","modified_gmt":"2016-06-03T01:50:13","slug":"silos-cylindriques","status":"publish","type":"page","link":"https:\/\/neue-herbold.com\/fr\/silos-cylindriques\/","title":{"rendered":"Silos Cylindriques"},"content":{"rendered":"<h4><a href=\"https:\/\/neue-herbold.com\/wp-content\/uploads\/2015\/01\/Rundsilos.jpg\" target=\"_blank\"><img loading=\"lazy\" decoding=\"async\" class=\"alignright wp-image-3129\" src=\"https:\/\/neue-herbold.com\/wp-content\/uploads\/2015\/01\/Rundsilos-1024x710.jpg\" alt=\"Silos Cylindriques\" width=\"550\" height=\"381\" srcset=\"https:\/\/neue-herbold.com\/wp-content\/uploads\/2015\/01\/Rundsilos-1024x710.jpg 1024w, https:\/\/neue-herbold.com\/wp-content\/uploads\/2015\/01\/Rundsilos-300x208.jpg 300w, https:\/\/neue-herbold.com\/wp-content\/uploads\/2015\/01\/Rundsilos-100x69.jpg 100w, https:\/\/neue-herbold.com\/wp-content\/uploads\/2015\/01\/Rundsilos-150x104.jpg 150w, https:\/\/neue-herbold.com\/wp-content\/uploads\/2015\/01\/Rundsilos-200x138.jpg 200w, https:\/\/neue-herbold.com\/wp-content\/uploads\/2015\/01\/Rundsilos-450x312.jpg 450w, https:\/\/neue-herbold.com\/wp-content\/uploads\/2015\/01\/Rundsilos-600x416.jpg 600w, https:\/\/neue-herbold.com\/wp-content\/uploads\/2015\/01\/Rundsilos-900x624.jpg 900w, https:\/\/neue-herbold.com\/wp-content\/uploads\/2015\/01\/Rundsilos.jpg 1200w\" sizes=\"(max-width: 550px) 100vw, 550px\" \/><\/a><em><strong>Stockage \/ Ensilage en Silos Cylindriques<br \/> <\/strong><\/em><\/h4>\n<p><strong>Le stockage des<\/strong><strong> mat\u00e9riaux\/d\u00e9chets recyclables<br \/> repr\u00e9sente un \u00e9l\u00e9ment essentiel d&rsquo;une installation<br \/> de traitement de d\u00e9chets plastiques.<\/strong><\/p>\n<p><a href=\"https:\/\/neue-herbold.com\/wp-content\/uploads\/2015\/01\/Rundsilo.jpg\" target=\"_blank\"><img loading=\"lazy\" decoding=\"async\" class=\"  alignleft wp-image-3135\" src=\"https:\/\/neue-herbold.com\/wp-content\/uploads\/2015\/01\/Rundsilo.jpg\" alt=\"Silo Cylindrique\" width=\"134\" height=\"304\" srcset=\"https:\/\/neue-herbold.com\/wp-content\/uploads\/2015\/01\/Rundsilo.jpg 397w, https:\/\/neue-herbold.com\/wp-content\/uploads\/2015\/01\/Rundsilo-132x300.jpg 132w, https:\/\/neue-herbold.com\/wp-content\/uploads\/2015\/01\/Rundsilo-100x226.jpg 100w, https:\/\/neue-herbold.com\/wp-content\/uploads\/2015\/01\/Rundsilo-150x340.jpg 150w, https:\/\/neue-herbold.com\/wp-content\/uploads\/2015\/01\/Rundsilo-200x453.jpg 200w, https:\/\/neue-herbold.com\/wp-content\/uploads\/2015\/01\/Rundsilo-300x680.jpg 300w\" sizes=\"(max-width: 134px) 100vw, 134px\" \/><\/a><span style=\"color: #000000;\"><strong>NEUE HERBOLD<\/strong><\/span> produit des syst\u00e8mes d&rsquo;ensilage<br \/> appropri\u00e9s pour tous les produits broy\u00e9s,<br \/> en particulier pour des mat\u00e9riaux \u00e0 \u00e9coulement<br \/> difficile tels que les copeaux de feuille<br \/> ou les mono- et multifilaments.<\/p>\n","protected":false},"excerpt":{"rendered":"<p><a href=\"https:\/\/neue-herbold.com\/wp-content\/uploads\/2015\/01\/Rundsilos.jpg\" target=\"_blank\"><img loading=\"lazy\" decoding=\"async\" class=\"alignright wp-image-3129\" src=\"https:\/\/neue-herbold.com\/wp-content\/uploads\/2015\/01\/Rundsilos-1024x710.jpg\" alt=\"Silos Cylindriques\" width=\"550\" height=\"381\" srcset=\"https:\/\/neue-herbold.com\/wp-content\/uploads\/2015\/01\/Rundsilos-1024x710.jpg 1024w, https:\/\/neue-herbold.com\/wp-content\/uploads\/2015\/01\/Rundsilos-300x208.jpg 300w, https:\/\/neue-herbold.com\/wp-content\/uploads\/2015\/01\/Rundsilos-100x69.jpg 100w, https:\/\/neue-herbold.com\/wp-content\/uploads\/2015\/01\/Rundsilos-150x104.jpg 150w, https:\/\/neue-herbold.com\/wp-content\/uploads\/2015\/01\/Rundsilos-200x138.jpg 200w, https:\/\/neue-herbold.com\/wp-content\/uploads\/2015\/01\/Rundsilos-450x312.jpg 450w, https:\/\/neue-herbold.com\/wp-content\/uploads\/2015\/01\/Rundsilos-600x416.jpg 600w, https:\/\/neue-herbold.com\/wp-content\/uploads\/2015\/01\/Rundsilos-900x624.jpg 900w, https:\/\/neue-herbold.com\/wp-content\/uploads\/2015\/01\/Rundsilos.jpg 1200w\" sizes=\"(max-width: 550px) 100vw, 550px\" \/><\/a><em><strong>Stockage \/ Ensilage en Silos Cylindriques<br \/> <\/strong><\/em><\/p>\n<p><strong>Le stockage des<\/strong><strong> mat\u00e9riaux\/d\u00e9chets recyclables<br \/> repr\u00e9sente un \u00e9l\u00e9ment essentiel d&rsquo;une installation<br \/> de traitement de d\u00e9chets plastiques.<\/strong><\/p>\n<p><a href=\"https:\/\/neue-herbold.com\/wp-content\/uploads\/2015\/01\/Rundsilo.jpg\" target=\"_blank\"><img loading=\"lazy\" decoding=\"async\" class=\"  alignleft wp-image-3135\" src=\"https:\/\/neue-herbold.com\/wp-content\/uploads\/2015\/01\/Rundsilo.jpg\" alt=\"Silo Cylindrique\" width=\"134\" height=\"304\" srcset=\"https:\/\/neue-herbold.com\/wp-content\/uploads\/2015\/01\/Rundsilo.jpg 397w, https:\/\/neue-herbold.com\/wp-content\/uploads\/2015\/01\/Rundsilo-132x300.jpg 132w, https:\/\/neue-herbold.com\/wp-content\/uploads\/2015\/01\/Rundsilo-100x226.jpg 100w, https:\/\/neue-herbold.com\/wp-content\/uploads\/2015\/01\/Rundsilo-150x340.jpg 150w, https:\/\/neue-herbold.com\/wp-content\/uploads\/2015\/01\/Rundsilo-200x453.jpg 200w, https:\/\/neue-herbold.com\/wp-content\/uploads\/2015\/01\/Rundsilo-300x680.jpg 300w\" sizes=\"(max-width: 134px) 100vw, 134px\" \/><\/a><span style=\"color: #000000;\"><strong>NEUE HERBOLD<\/strong><\/span> produit des syst\u00e8mes d&rsquo;ensilage<br \/> appropri\u00e9s pour tous les produits broy\u00e9s,<\/p>\n<p><span class=\"ellipsis\">&hellip;<\/span><\/p>\n<div class=\"read-more\"><a href=\"https:\/\/neue-herbold.com\/fr\/silos-cylindriques\/\">Lire la suite &#8250;<\/a><\/div>\n<p><!-- end of .read-more --><\/p>\n","protected":false},"author":1,"featured_media":0,"parent":0,"menu_order":0,"comment_status":"closed","ping_status":"closed","template":"","meta":{"footnotes":""},"class_list":["post-8103","page","type-page","status-publish","hentry"],"yoast_head":"<!-- This site is optimized with the Yoast SEO plugin v25.4 - https:\/\/yoast.com\/wordpress\/plugins\/seo\/ -->\n<title>Silos Cylindriques - Neue Herbold GmbH<\/title>\n<meta name=\"description\" content=\"Le stockage des mat\u00e9riaux\/d\u00e9chets recyclables en Silos Cylindriques repr\u00e9sente un \u00e9l\u00e9ment essentiel d&#039;une installation de traitement de d\u00e9chets plastiques.\" \/>\n<meta name=\"robots\" content=\"index, follow, max-snippet:-1, max-image-preview:large, max-video-preview:-1\" \/>\n<link rel=\"canonical\" href=\"https:\/\/neue-herbold.com\/fr\/silos-cylindriques\/\" \/>\n<meta property=\"og:locale\" content=\"fr_FR\" \/>\n<meta property=\"og:type\" content=\"article\" \/>\n<meta property=\"og:title\" content=\"Silos Cylindriques - Neue Herbold GmbH\" \/>\n<meta property=\"og:description\" content=\"Le stockage des mat\u00e9riaux\/d\u00e9chets recyclables en Silos Cylindriques repr\u00e9sente un \u00e9l\u00e9ment essentiel d&#039;une installation de traitement de d\u00e9chets plastiques.\" \/>\n<meta property=\"og:url\" content=\"https:\/\/neue-herbold.com\/fr\/silos-cylindriques\/\" \/>\n<meta property=\"og:site_name\" content=\"Neue Herbold GmbH\" \/>\n<meta property=\"article:modified_time\" content=\"2016-06-03T01:50:13+00:00\" \/>\n<meta property=\"og:image\" content=\"https:\/\/neue-herbold.com\/wp-content\/uploads\/2015\/01\/Rundsilos-1024x710.jpg\" \/>\n<script type=\"application\/ld+json\" class=\"yoast-schema-graph\">{\"@context\":\"https:\/\/schema.org\",\"@graph\":[{\"@type\":\"WebPage\",\"@id\":\"https:\/\/neue-herbold.com\/fr\/silos-cylindriques\/\",\"url\":\"https:\/\/neue-herbold.com\/fr\/silos-cylindriques\/\",\"name\":\"Silos Cylindriques - Neue Herbold GmbH\",\"isPartOf\":{\"@id\":\"https:\/\/neue-herbold.com\/en\/#website\"},\"primaryImageOfPage\":{\"@id\":\"https:\/\/neue-herbold.com\/fr\/silos-cylindriques\/#primaryimage\"},\"image\":{\"@id\":\"https:\/\/neue-herbold.com\/fr\/silos-cylindriques\/#primaryimage\"},\"thumbnailUrl\":\"https:\/\/neue-herbold.com\/wp-content\/uploads\/2015\/01\/Rundsilos-1024x710.jpg\",\"datePublished\":\"2016-06-03T01:39:12+00:00\",\"dateModified\":\"2016-06-03T01:50:13+00:00\",\"description\":\"Le stockage des mat\u00e9riaux\/d\u00e9chets recyclables en Silos Cylindriques repr\u00e9sente un \u00e9l\u00e9ment essentiel d'une installation de traitement de d\u00e9chets plastiques.\",\"breadcrumb\":{\"@id\":\"https:\/\/neue-herbold.com\/fr\/silos-cylindriques\/#breadcrumb\"},\"inLanguage\":\"fr-FR\",\"potentialAction\":[{\"@type\":\"ReadAction\",\"target\":[\"https:\/\/neue-herbold.com\/fr\/silos-cylindriques\/\"]}]},{\"@type\":\"ImageObject\",\"inLanguage\":\"fr-FR\",\"@id\":\"https:\/\/neue-herbold.com\/fr\/silos-cylindriques\/#primaryimage\",\"url\":\"https:\/\/neue-herbold.com\/wp-content\/uploads\/2015\/01\/Rundsilos-1024x710.jpg\",\"contentUrl\":\"https:\/\/neue-herbold.com\/wp-content\/uploads\/2015\/01\/Rundsilos-1024x710.jpg\"},{\"@type\":\"BreadcrumbList\",\"@id\":\"https:\/\/neue-herbold.com\/fr\/silos-cylindriques\/#breadcrumb\",\"itemListElement\":[{\"@type\":\"ListItem\",\"position\":1,\"name\":\"Startseite\",\"item\":\"https:\/\/neue-herbold.com\/fr\/\"},{\"@type\":\"ListItem\",\"position\":2,\"name\":\"Silos Cylindriques\"}]},{\"@type\":\"WebSite\",\"@id\":\"https:\/\/neue-herbold.com\/en\/#website\",\"url\":\"https:\/\/neue-herbold.com\/en\/\",\"name\":\"Neue Herbold GmbH\",\"description\":\"\",\"potentialAction\":[{\"@type\":\"SearchAction\",\"target\":{\"@type\":\"EntryPoint\",\"urlTemplate\":\"https:\/\/neue-herbold.com\/en\/?s={search_term_string}\"},\"query-input\":{\"@type\":\"PropertyValueSpecification\",\"valueRequired\":true,\"valueName\":\"search_term_string\"}}],\"inLanguage\":\"fr-FR\"}]}<\/script>\n<!-- \/ Yoast SEO plugin. -->","yoast_head_json":{"title":"Silos Cylindriques - Neue Herbold GmbH","description":"Le stockage des mat\u00e9riaux\/d\u00e9chets recyclables en Silos Cylindriques repr\u00e9sente un \u00e9l\u00e9ment essentiel d'une installation de traitement de d\u00e9chets plastiques.","robots":{"index":"index","follow":"follow","max-snippet":"max-snippet:-1","max-image-preview":"max-image-preview:large","max-video-preview":"max-video-preview:-1"},"canonical":"https:\/\/neue-herbold.com\/fr\/silos-cylindriques\/","og_locale":"fr_FR","og_type":"article","og_title":"Silos Cylindriques - Neue Herbold GmbH","og_description":"Le stockage des mat\u00e9riaux\/d\u00e9chets recyclables en Silos Cylindriques repr\u00e9sente un \u00e9l\u00e9ment essentiel d'une installation de traitement de d\u00e9chets plastiques.","og_url":"https:\/\/neue-herbold.com\/fr\/silos-cylindriques\/","og_site_name":"Neue Herbold GmbH","article_modified_time":"2016-06-03T01:50:13+00:00","og_image":[{"url":"https:\/\/neue-herbold.com\/wp-content\/uploads\/2015\/01\/Rundsilos-1024x710.jpg","type":"","width":"","height":""}],"schema":{"@context":"https:\/\/schema.org","@graph":[{"@type":"WebPage","@id":"https:\/\/neue-herbold.com\/fr\/silos-cylindriques\/","url":"https:\/\/neue-herbold.com\/fr\/silos-cylindriques\/","name":"Silos Cylindriques - Neue Herbold GmbH","isPartOf":{"@id":"https:\/\/neue-herbold.com\/en\/#website"},"primaryImageOfPage":{"@id":"https:\/\/neue-herbold.com\/fr\/silos-cylindriques\/#primaryimage"},"image":{"@id":"https:\/\/neue-herbold.com\/fr\/silos-cylindriques\/#primaryimage"},"thumbnailUrl":"https:\/\/neue-herbold.com\/wp-content\/uploads\/2015\/01\/Rundsilos-1024x710.jpg","datePublished":"2016-06-03T01:39:12+00:00","dateModified":"2016-06-03T01:50:13+00:00","description":"Le stockage des mat\u00e9riaux\/d\u00e9chets recyclables en Silos Cylindriques repr\u00e9sente un \u00e9l\u00e9ment essentiel d'une installation de traitement de d\u00e9chets plastiques.","breadcrumb":{"@id":"https:\/\/neue-herbold.com\/fr\/silos-cylindriques\/#breadcrumb"},"inLanguage":"fr-FR","potentialAction":[{"@type":"ReadAction","target":["https:\/\/neue-herbold.com\/fr\/silos-cylindriques\/"]}]},{"@type":"ImageObject","inLanguage":"fr-FR","@id":"https:\/\/neue-herbold.com\/fr\/silos-cylindriques\/#primaryimage","url":"https:\/\/neue-herbold.com\/wp-content\/uploads\/2015\/01\/Rundsilos-1024x710.jpg","contentUrl":"https:\/\/neue-herbold.com\/wp-content\/uploads\/2015\/01\/Rundsilos-1024x710.jpg"},{"@type":"BreadcrumbList","@id":"https:\/\/neue-herbold.com\/fr\/silos-cylindriques\/#breadcrumb","itemListElement":[{"@type":"ListItem","position":1,"name":"Startseite","item":"https:\/\/neue-herbold.com\/fr\/"},{"@type":"ListItem","position":2,"name":"Silos Cylindriques"}]},{"@type":"WebSite","@id":"https:\/\/neue-herbold.com\/en\/#website","url":"https:\/\/neue-herbold.com\/en\/","name":"Neue Herbold GmbH","description":"","potentialAction":[{"@type":"SearchAction","target":{"@type":"EntryPoint","urlTemplate":"https:\/\/neue-herbold.com\/en\/?s={search_term_string}"},"query-input":{"@type":"PropertyValueSpecification","valueRequired":true,"valueName":"search_term_string"}}],"inLanguage":"fr-FR"}]}},"_links":{"self":[{"href":"https:\/\/neue-herbold.com\/fr\/wp-json\/wp\/v2\/pages\/8103"}],"collection":[{"href":"https:\/\/neue-herbold.com\/fr\/wp-json\/wp\/v2\/pages"}],"about":[{"href":"https:\/\/neue-herbold.com\/fr\/wp-json\/wp\/v2\/types\/page"}],"author":[{"embeddable":true,"href":"https:\/\/neue-herbold.com\/fr\/wp-json\/wp\/v2\/users\/1"}],"replies":[{"embeddable":true,"href":"https:\/\/neue-herbold.com\/fr\/wp-json\/wp\/v2\/comments?post=8103"}],"version-history":[{"count":2,"href":"https:\/\/neue-herbold.com\/fr\/wp-json\/wp\/v2\/pages\/8103\/revisions"}],"predecessor-version":[{"id":8110,"href":"https:\/\/neue-herbold.com\/fr\/wp-json\/wp\/v2\/pages\/8103\/revisions\/8110"}],"wp:attachment":[{"href":"https:\/\/neue-herbold.com\/fr\/wp-json\/wp\/v2\/media?parent=8103"}],"curies":[{"name":"wp","href":"https:\/\/api.w.org\/{rel}","templated":true}]}}