{"id":8084,"date":"2016-06-03T03:22:58","date_gmt":"2016-06-03T01:22:58","guid":{"rendered":"https:\/\/neue-herbold.com\/fr\/mechanischer-stufentrockner-t\/"},"modified":"2016-07-05T20:48:51","modified_gmt":"2016-07-05T18:48:51","slug":"secheurs-multietages","status":"publish","type":"page","link":"https:\/\/neue-herbold.com\/fr\/secheurs-multietages\/","title":{"rendered":"Secheurs Multi\u00e9tag\u00e9s"},"content":{"rendered":"<h4><a style=\"color: #000000;\" href=\"https:\/\/neue-herbold.com\/wp-content\/uploads\/2015\/01\/Stufentrockner-T-125.jpg\" target=\"_blank\"><img loading=\"lazy\" decoding=\"async\" class=\"alignright wp-image-3142\" src=\"https:\/\/neue-herbold.com\/wp-content\/uploads\/2015\/01\/Stufentrockner-T-125-1024x832.jpg\" alt=\"Stufentrockner T 125\" width=\"447\" height=\"363\" srcset=\"https:\/\/neue-herbold.com\/wp-content\/uploads\/2015\/01\/Stufentrockner-T-125-1024x832.jpg 1024w, https:\/\/neue-herbold.com\/wp-content\/uploads\/2015\/01\/Stufentrockner-T-125-300x243.jpg 300w, https:\/\/neue-herbold.com\/wp-content\/uploads\/2015\/01\/Stufentrockner-T-125-100x81.jpg 100w, https:\/\/neue-herbold.com\/wp-content\/uploads\/2015\/01\/Stufentrockner-T-125-150x121.jpg 150w, https:\/\/neue-herbold.com\/wp-content\/uploads\/2015\/01\/Stufentrockner-T-125-200x162.jpg 200w, https:\/\/neue-herbold.com\/wp-content\/uploads\/2015\/01\/Stufentrockner-T-125-450x365.jpg 450w, https:\/\/neue-herbold.com\/wp-content\/uploads\/2015\/01\/Stufentrockner-T-125-600x487.jpg 600w, https:\/\/neue-herbold.com\/wp-content\/uploads\/2015\/01\/Stufentrockner-T-125-900x731.jpg 900w, https:\/\/neue-herbold.com\/wp-content\/uploads\/2015\/01\/Stufentrockner-T-125.jpg 1200w\" sizes=\"(max-width: 447px) 100vw, 447px\" \/><\/a><em><span style=\"color: #000000;\"><strong>Domaine d&rsquo;utilisation<\/strong><\/span><\/em><\/h4>\n<p><span style=\"color: #000000;\">Les s\u00e9cheurs multi\u00e9tag\u00e9s ont \u00e9t\u00e9 con\u00e7us sp\u00e9cialement pour le s\u00e9chage de mati\u00e8res plastiques (PET) broy\u00e9es m\u00e9nageant le mat\u00e9riau.<\/span><span style=\"color: #000000;\"><br \/>Ils se pr\u00eatent \u00e0 la s\u00e9paration de l&rsquo;humidit\u00e9 superficielle de mati\u00e8res plastiques sous forme de granul\u00e9s. En fonction de la temp\u00e9rature, de la taille et de la structure du produit aliment\u00e9, on obtient une humidit\u00e9 superficielle r\u00e9siduelle de 1 \u00e0 2 pour-cent en poids.<\/span><em><span style=\"color: #000000;\"><strong><br \/><\/strong><\/span><\/em><\/p>\n<p><span style=\"color: #000000;\">Les s\u00e9cheurs multi\u00e9tag\u00e9s ont \u00e9t\u00e9 con\u00e7us sp\u00e9cialement pour le s\u00e9chage de mati\u00e8res plastiques (PET) broy\u00e9es m\u00e9nageant le mat\u00e9riau.<br \/>Ils se pr\u00eatent \u00e0 la s\u00e9paration de l&rsquo;humidit\u00e9 superficielle de mati\u00e8res plastiques sous forme de granul\u00e9s. En fonction de la temp\u00e9rature, de la taille et de la structure du produit aliment\u00e9, on obtient une humidit\u00e9 superficielle r\u00e9siduelle de 1 \u00e0 2 pour-cent en poids.<\/span><\/p>\n<h4><span style=\"color: #000000;\"><strong>Mode de fonctionnement<\/strong><\/span><\/h4>\n<p><span style=\"color: #000000;\">Le m\u00e9lange eau-mati\u00e8re broy\u00e9e est transport\u00e9 \u00e0 la chambre de s\u00e9chage par le biais d&rsquo;une vis sans fin d&rsquo;alimentation.\u00a0 Dans le s\u00e9cheur, la mati\u00e8re broy\u00e9e est saisie par un rotor sp\u00e9cial avec pales puis transport\u00e9e au travers du crible multi\u00e9tag\u00e9. <\/p>\n<p>Les diam\u00e8tres augmentant d&rsquo;un \u00e9tage \u00e0 l&rsquo;autre permettent une acc\u00e9l\u00e9ration mod\u00e9r\u00e9e de la mati\u00e8re broy\u00e9e \u00e0 l&rsquo;entr\u00e9e et une acc\u00e9l\u00e9ration plus \u00e9lev\u00e9e dans les \u00e9tages suivants, ce qui assure l&rsquo;\u00e9jection des particules d&rsquo;eau adh\u00e9rentes. Gr\u00e2ce \u00e0 la g\u00e9om\u00e9trie du rotor et du crible, les particules sont trait\u00e9es avec m\u00e9nagement et seul un minimum de particules fines est produit.\u00a0\u00a0 \u00a0<\/p>\n<p><\/span><\/p>\n<div id=\"attachment_3141\" style=\"width: 310px\" class=\"wp-caption alignleft\"><a style=\"color: #000000;\" href=\"https:\/\/neue-herbold.com\/wp-content\/uploads\/2015\/01\/Stufentrockner-T12_5.jpg\" target=\"_blank\"><img loading=\"lazy\" decoding=\"async\" aria-describedby=\"caption-attachment-3141\" class=\"wp-image-3141 size-medium\" src=\"https:\/\/neue-herbold.com\/wp-content\/uploads\/2015\/01\/Stufentrockner-T12_5-300x259.jpg\" width=\"300\" height=\"259\" srcset=\"https:\/\/neue-herbold.com\/wp-content\/uploads\/2015\/01\/Stufentrockner-T12_5-300x259.jpg 300w, https:\/\/neue-herbold.com\/wp-content\/uploads\/2015\/01\/Stufentrockner-T12_5-1024x884.jpg 1024w, https:\/\/neue-herbold.com\/wp-content\/uploads\/2015\/01\/Stufentrockner-T12_5-100x86.jpg 100w, https:\/\/neue-herbold.com\/wp-content\/uploads\/2015\/01\/Stufentrockner-T12_5-150x129.jpg 150w, https:\/\/neue-herbold.com\/wp-content\/uploads\/2015\/01\/Stufentrockner-T12_5-200x172.jpg 200w, https:\/\/neue-herbold.com\/wp-content\/uploads\/2015\/01\/Stufentrockner-T12_5-450x388.jpg 450w, https:\/\/neue-herbold.com\/wp-content\/uploads\/2015\/01\/Stufentrockner-T12_5-600x518.jpg 600w, https:\/\/neue-herbold.com\/wp-content\/uploads\/2015\/01\/Stufentrockner-T12_5-900x777.jpg 900w, https:\/\/neue-herbold.com\/wp-content\/uploads\/2015\/01\/Stufentrockner-T12_5.jpg 1200w\" sizes=\"(max-width: 300px) 100vw, 300px\" \/><\/a><p id=\"caption-attachment-3141\" class=\"wp-caption-text\">Secheurs Multi\u00e9tag\u00e9s T12 &#8211; 5<\/p><\/div>\n<p>&nbsp;<\/p>\n<p><span style=\"color: #000000;\">Le produit s\u00e9ch\u00e9 est \u00e9vacu\u00e9 du s\u00e9cheur par un flux d&rsquo;air, au travers d&rsquo;un canal d&rsquo;\u00e9vacuation tangentiel. Les particules d&rsquo;eau s\u00e9par\u00e9es sont \u00e9vacu\u00e9es avec les particules fines au fond de l&rsquo;appareil. <br \/>Un dispositif d&rsquo;\u00e9puration continu circule sur le contour du crible ainsi que sur la paroi int\u00e9rieure du carter. <\/span><\/p>\n<p>&nbsp;<\/p>\n<p>&nbsp;<\/p>\n<h4><span style=\"color: #000000;\"><strong>Caract\u00e9ristiques de la construction<br \/> <\/strong><\/span><\/h4>\n<ul>\n<li>Carter, rotor et crible en acier inoxydable<\/li>\n<li>Dispositif d&rsquo;\u00e9puration permanent<\/li>\n<li>Faible contrainte m\u00e9canique, ce qui signifie une teneur de particules fines r\u00e9duite<\/li>\n<li>Travaux de maintenance minimis\u00e9s<\/li>\n<li>Mod\u00e8le de crible : soit rond (traitement m\u00e9nageant le produit) soit polygonal (efficacit\u00e9 de lavage \u00e9lev\u00e9e)<\/li>\n<\/ul>\n<p><a style=\"color: #000000;\" href=\"https:\/\/neue-herbold.com\/wp-content\/uploads\/2015\/01\/Siebkorb.jpg\" target=\"_blank\"><img loading=\"lazy\" decoding=\"async\" class=\"alignnone wp-image-3144 size-medium\" src=\"https:\/\/neue-herbold.com\/wp-content\/uploads\/2015\/01\/Siebkorb-300x215.jpg\" width=\"300\" height=\"215\" srcset=\"https:\/\/neue-herbold.com\/wp-content\/uploads\/2015\/01\/Siebkorb-300x215.jpg 300w, https:\/\/neue-herbold.com\/wp-content\/uploads\/2015\/01\/Siebkorb-1024x736.jpg 1024w, https:\/\/neue-herbold.com\/wp-content\/uploads\/2015\/01\/Siebkorb-100x71.jpg 100w, https:\/\/neue-herbold.com\/wp-content\/uploads\/2015\/01\/Siebkorb-150x107.jpg 150w, https:\/\/neue-herbold.com\/wp-content\/uploads\/2015\/01\/Siebkorb-200x143.jpg 200w, https:\/\/neue-herbold.com\/wp-content\/uploads\/2015\/01\/Siebkorb-450x323.jpg 450w, https:\/\/neue-herbold.com\/wp-content\/uploads\/2015\/01\/Siebkorb-600x431.jpg 600w, https:\/\/neue-herbold.com\/wp-content\/uploads\/2015\/01\/Siebkorb-900x647.jpg 900w, https:\/\/neue-herbold.com\/wp-content\/uploads\/2015\/01\/Siebkorb.jpg 1200w\" sizes=\"(max-width: 300px) 100vw, 300px\" \/><\/a><\/p>\n<h4><em><span style=\"color: #000000;\"><strong>\u00c9puration m\u00e9canique<\/strong><\/span><\/em><\/h4>\n<p><span style=\"color: #000000;\">L&rsquo;\u00e9puration m\u00e9canique est assur\u00e9e par des bandes en caoutchouc fix\u00e9es sur deux bras de nettoyage circulant autour du crible.\u00a0De cette mani\u00e8re, la face ext\u00e9rieure du crible et la paroi int\u00e9rieure du carter sont continuellement \u00e9pur\u00e9es.\u00a0 Ces bras de nettoyage sont entra\u00een\u00e9s par un moto-r\u00e9ducteur<br \/><\/span><\/p>\n<p><em><span style=\"color: #000000;\"><strong>Pr\u00e9sentations<\/strong><\/span><\/em><\/p>\n<table style=\"height: 127px; width: 534px;\">\n<tbody>\n<tr style=\"height: 76.7333px;\">\n<td style=\"width: 193.45px; height: 76.7333px;\">\n<p><span style=\"color: #000000;\"><strong>Type<\/strong><\/span><\/p>\n<\/td>\n<td style=\"text-align: center; width: 69.55px; height: 76.7333px;\">\n<p><span style=\"color: #000000;\"><strong>T 9\/5:<\/strong><\/span><\/p>\n<\/td>\n<td style=\"text-align: center; width: 98px; height: 76.7333px;\">\n<p><span style=\"color: #000000;\"><strong>T 15\/5:<\/strong><\/span><\/p>\n<\/td>\n<td style=\"text-align: center; width: 97px; height: 76.7333px;\">\n<p><span style=\"color: #000000;\"><strong>T 12\/5:<\/strong><\/span><\/p>\n<\/td>\n<td style=\"text-align: center; width: 40px; height: 76.7333px;\">\n<p><span style=\"color: #000000;\"><strong><a href=\"https:\/\/neue-herbold.com\/wp-content\/uploads\/2015\/01\/Secheur-mulltitages-T-.pdf\" target=\"_blank\"><img loading=\"lazy\" decoding=\"async\" class=\"alignnone wp-image-5703\" src=\"https:\/\/neue-herbold.com\/wp-content\/uploads\/2014\/12\/PDF-ICON.jpg\" alt=\"PDF-ICON\" width=\"50\" height=\"48\" \/><\/a><\/strong><\/span><\/p>\n<\/td>\n<\/tr>\n<tr style=\"height: 24px;\">\n<td style=\"width: 193.45px; height: 24px;\"><span style=\"color: #000000;\">Entra\u00eenement principal<\/span><\/td>\n<td style=\"text-align: center; width: 69.55px; height: 24px;\"><span style=\"color: #000000;\">18,5 kW<\/span><\/td>\n<td style=\"text-align: center; width: 98px; height: 24px;\"><span style=\"color: #000000;\">37 kW<\/span><\/td>\n<td style=\"text-align: center; width: 97px; height: 24px;\"><span style=\"color: #000000;\">30 kW<\/span><\/td>\n<td style=\"text-align: center; width: 40px; height: 24px;\">\u00a0<\/td>\n<\/tr>\n<tr style=\"height: 24px;\">\n<td style=\"width: 193.45px; height: 24px;\"><span style=\"color: #000000;\">\u00c9puration<\/span><\/td>\n<td style=\"text-align: center; width: 69.55px; height: 24px;\"><span style=\"color: #000000;\">0,55 kW<\/span><\/td>\n<td style=\"text-align: center; width: 98px; height: 24px;\"><span style=\"color: #000000;\">0,75 kW<\/span><\/td>\n<td style=\"text-align: center; width: 97px; height: 24px;\"><span style=\"color: #000000;\">0,75 kW<\/span><\/td>\n<td style=\"text-align: center; width: 40px; height: 24px;\">\u00a0<\/td>\n<\/tr>\n<tr style=\"height: 24px;\">\n<td style=\"width: 193.45px; height: 24px;\"><span style=\"color: #000000;\">Vis sans fin d&rsquo;alimentation <\/span><\/td>\n<td style=\"text-align: center; width: 69.55px; height: 24px;\">\u00a0<\/td>\n<td style=\"text-align: center; width: 98px; height: 24px;\"><span style=\"color: #000000;\">2,2 kW<\/span><\/td>\n<td style=\"text-align: center; width: 97px; height: 24px;\"><span style=\"color: #000000;\">2,2 kW<\/span><\/td>\n<td style=\"text-align: center; width: 40px; height: 24px;\">\u00a0<\/td>\n<\/tr>\n<tr style=\"height: 80px;\">\n<td style=\"width: 193.45px; height: 80px;\"><span style=\"color: #000000;\">D\u00e9bit<\/span><\/td>\n<td style=\"text-align: center; width: 69.55px; height: 80px;\"><span style=\"color: #000000;\"> <em>jusqu&rsquo;\u00e0<\/em> 0,5 to\/h<\/span><\/td>\n<td style=\"text-align: center; width: 98px; height: 80px;\"><span style=\"color: #000000;\"> <em>jusqu&rsquo;\u00e0<\/em> 2,2 to\/h<\/span><\/td>\n<td style=\"text-align: center; width: 97px; height: 80px;\">\n<p><span style=\"color: #000000;\"> <em>jusqu&rsquo;\u00e0 <\/em>1,2 to\/h<\/span><\/p>\n<\/td>\n<td style=\"text-align: center; width: 40px; height: 80px;\">\u00a0<\/td>\n<\/tr>\n<\/tbody>\n<\/table>\n<p>&nbsp;<\/p>\n","protected":false},"excerpt":{"rendered":"<p><a style=\"color: #000000;\" href=\"https:\/\/neue-herbold.com\/wp-content\/uploads\/2015\/01\/Stufentrockner-T-125.jpg\" target=\"_blank\"><img loading=\"lazy\" decoding=\"async\" class=\"alignright wp-image-3142\" src=\"https:\/\/neue-herbold.com\/wp-content\/uploads\/2015\/01\/Stufentrockner-T-125-1024x832.jpg\" alt=\"Stufentrockner T 125\" width=\"447\" height=\"363\" srcset=\"https:\/\/neue-herbold.com\/wp-content\/uploads\/2015\/01\/Stufentrockner-T-125-1024x832.jpg 1024w, https:\/\/neue-herbold.com\/wp-content\/uploads\/2015\/01\/Stufentrockner-T-125-300x243.jpg 300w, https:\/\/neue-herbold.com\/wp-content\/uploads\/2015\/01\/Stufentrockner-T-125-100x81.jpg 100w, https:\/\/neue-herbold.com\/wp-content\/uploads\/2015\/01\/Stufentrockner-T-125-150x121.jpg 150w, https:\/\/neue-herbold.com\/wp-content\/uploads\/2015\/01\/Stufentrockner-T-125-200x162.jpg 200w, https:\/\/neue-herbold.com\/wp-content\/uploads\/2015\/01\/Stufentrockner-T-125-450x365.jpg 450w, https:\/\/neue-herbold.com\/wp-content\/uploads\/2015\/01\/Stufentrockner-T-125-600x487.jpg 600w, https:\/\/neue-herbold.com\/wp-content\/uploads\/2015\/01\/Stufentrockner-T-125-900x731.jpg 900w, https:\/\/neue-herbold.com\/wp-content\/uploads\/2015\/01\/Stufentrockner-T-125.jpg 1200w\" sizes=\"(max-width: 447px) 100vw, 447px\" \/><\/a><em><span style=\"color: #000000;\"><strong>Domaine d&rsquo;utilisation<\/strong><\/span><\/em><\/p>\n<p><span style=\"color: #000000;\">Les s\u00e9cheurs multi\u00e9tag\u00e9s ont \u00e9t\u00e9 con\u00e7us sp\u00e9cialement pour le s\u00e9chage de mati\u00e8res plastiques (PET) broy\u00e9es m\u00e9nageant le mat\u00e9riau.<\/span><span style=\"color: #000000;\"><br \/>Ils se pr\u00eatent \u00e0 la s\u00e9paration de l&rsquo;humidit\u00e9 superficielle de mati\u00e8res plastiques sous forme de granul\u00e9s.<\/span><\/p>\n<p><span class=\"ellipsis\">&hellip;<\/span><\/p>\n<div class=\"read-more\"><a href=\"https:\/\/neue-herbold.com\/fr\/secheurs-multietages\/\">Lire la suite &#8250;<\/a><\/div>\n<p><!-- end of .read-more --><\/p>\n","protected":false},"author":1,"featured_media":0,"parent":0,"menu_order":0,"comment_status":"closed","ping_status":"closed","template":"","meta":{"footnotes":""},"class_list":["post-8084","page","type-page","status-publish","hentry"],"yoast_head":"<!-- This site is optimized with the Yoast SEO plugin v25.4 - https:\/\/yoast.com\/wordpress\/plugins\/seo\/ -->\n<title>Secheurs Multi\u00e9tag\u00e9s - Neue Herbold GmbH<\/title>\n<meta name=\"description\" content=\"Les s\u00e9cheurs multi\u00e9tag\u00e9s ont \u00e9t\u00e9 con\u00e7us sp\u00e9cialement pour le s\u00e9chage de mati\u00e8res plastiques (PET) broy\u00e9es m\u00e9nageant le mat\u00e9riau. Ils se pr\u00eatent \u00e0 la s\u00e9para\" \/>\n<meta name=\"robots\" content=\"index, follow, max-snippet:-1, max-image-preview:large, max-video-preview:-1\" \/>\n<link rel=\"canonical\" href=\"https:\/\/neue-herbold.com\/fr\/secheurs-multietages\/\" \/>\n<meta property=\"og:locale\" content=\"fr_FR\" \/>\n<meta property=\"og:type\" content=\"article\" \/>\n<meta property=\"og:title\" content=\"Secheurs Multi\u00e9tag\u00e9s - Neue Herbold GmbH\" \/>\n<meta property=\"og:description\" content=\"Les s\u00e9cheurs multi\u00e9tag\u00e9s ont \u00e9t\u00e9 con\u00e7us sp\u00e9cialement pour le s\u00e9chage de mati\u00e8res plastiques (PET) broy\u00e9es m\u00e9nageant le mat\u00e9riau. Ils se pr\u00eatent \u00e0 la s\u00e9para\" \/>\n<meta property=\"og:url\" content=\"https:\/\/neue-herbold.com\/fr\/secheurs-multietages\/\" \/>\n<meta property=\"og:site_name\" content=\"Neue Herbold GmbH\" \/>\n<meta property=\"article:modified_time\" content=\"2016-07-05T18:48:51+00:00\" \/>\n<meta property=\"og:image\" content=\"https:\/\/neue-herbold.com\/wp-content\/uploads\/2015\/01\/Stufentrockner-T-125-1024x832.jpg\" \/>\n<meta name=\"twitter:label1\" content=\"Dur\u00e9e de lecture estim\u00e9e\" \/>\n\t<meta name=\"twitter:data1\" content=\"2 minutes\" \/>\n<script type=\"application\/ld+json\" class=\"yoast-schema-graph\">{\"@context\":\"https:\/\/schema.org\",\"@graph\":[{\"@type\":\"WebPage\",\"@id\":\"https:\/\/neue-herbold.com\/fr\/secheurs-multietages\/\",\"url\":\"https:\/\/neue-herbold.com\/fr\/secheurs-multietages\/\",\"name\":\"Secheurs Multi\u00e9tag\u00e9s - Neue Herbold GmbH\",\"isPartOf\":{\"@id\":\"https:\/\/neue-herbold.com\/en\/#website\"},\"primaryImageOfPage\":{\"@id\":\"https:\/\/neue-herbold.com\/fr\/secheurs-multietages\/#primaryimage\"},\"image\":{\"@id\":\"https:\/\/neue-herbold.com\/fr\/secheurs-multietages\/#primaryimage\"},\"thumbnailUrl\":\"https:\/\/neue-herbold.com\/wp-content\/uploads\/2015\/01\/Stufentrockner-T-125-1024x832.jpg\",\"datePublished\":\"2016-06-03T01:22:58+00:00\",\"dateModified\":\"2016-07-05T18:48:51+00:00\",\"description\":\"Les s\u00e9cheurs multi\u00e9tag\u00e9s ont \u00e9t\u00e9 con\u00e7us sp\u00e9cialement pour le s\u00e9chage de mati\u00e8res plastiques (PET) broy\u00e9es m\u00e9nageant le mat\u00e9riau. Ils se pr\u00eatent \u00e0 la s\u00e9para\",\"breadcrumb\":{\"@id\":\"https:\/\/neue-herbold.com\/fr\/secheurs-multietages\/#breadcrumb\"},\"inLanguage\":\"fr-FR\",\"potentialAction\":[{\"@type\":\"ReadAction\",\"target\":[\"https:\/\/neue-herbold.com\/fr\/secheurs-multietages\/\"]}]},{\"@type\":\"ImageObject\",\"inLanguage\":\"fr-FR\",\"@id\":\"https:\/\/neue-herbold.com\/fr\/secheurs-multietages\/#primaryimage\",\"url\":\"https:\/\/neue-herbold.com\/wp-content\/uploads\/2015\/01\/Stufentrockner-T-125-1024x832.jpg\",\"contentUrl\":\"https:\/\/neue-herbold.com\/wp-content\/uploads\/2015\/01\/Stufentrockner-T-125-1024x832.jpg\"},{\"@type\":\"BreadcrumbList\",\"@id\":\"https:\/\/neue-herbold.com\/fr\/secheurs-multietages\/#breadcrumb\",\"itemListElement\":[{\"@type\":\"ListItem\",\"position\":1,\"name\":\"Startseite\",\"item\":\"https:\/\/neue-herbold.com\/fr\/\"},{\"@type\":\"ListItem\",\"position\":2,\"name\":\"Secheurs Multi\u00e9tag\u00e9s\"}]},{\"@type\":\"WebSite\",\"@id\":\"https:\/\/neue-herbold.com\/en\/#website\",\"url\":\"https:\/\/neue-herbold.com\/en\/\",\"name\":\"Neue Herbold GmbH\",\"description\":\"\",\"potentialAction\":[{\"@type\":\"SearchAction\",\"target\":{\"@type\":\"EntryPoint\",\"urlTemplate\":\"https:\/\/neue-herbold.com\/en\/?s={search_term_string}\"},\"query-input\":{\"@type\":\"PropertyValueSpecification\",\"valueRequired\":true,\"valueName\":\"search_term_string\"}}],\"inLanguage\":\"fr-FR\"}]}<\/script>\n<!-- \/ Yoast SEO plugin. -->","yoast_head_json":{"title":"Secheurs Multi\u00e9tag\u00e9s - Neue Herbold GmbH","description":"Les s\u00e9cheurs multi\u00e9tag\u00e9s ont \u00e9t\u00e9 con\u00e7us sp\u00e9cialement pour le s\u00e9chage de mati\u00e8res plastiques (PET) broy\u00e9es m\u00e9nageant le mat\u00e9riau. Ils se pr\u00eatent \u00e0 la s\u00e9para","robots":{"index":"index","follow":"follow","max-snippet":"max-snippet:-1","max-image-preview":"max-image-preview:large","max-video-preview":"max-video-preview:-1"},"canonical":"https:\/\/neue-herbold.com\/fr\/secheurs-multietages\/","og_locale":"fr_FR","og_type":"article","og_title":"Secheurs Multi\u00e9tag\u00e9s - Neue Herbold GmbH","og_description":"Les s\u00e9cheurs multi\u00e9tag\u00e9s ont \u00e9t\u00e9 con\u00e7us sp\u00e9cialement pour le s\u00e9chage de mati\u00e8res plastiques (PET) broy\u00e9es m\u00e9nageant le mat\u00e9riau. Ils se pr\u00eatent \u00e0 la s\u00e9para","og_url":"https:\/\/neue-herbold.com\/fr\/secheurs-multietages\/","og_site_name":"Neue Herbold GmbH","article_modified_time":"2016-07-05T18:48:51+00:00","og_image":[{"url":"https:\/\/neue-herbold.com\/wp-content\/uploads\/2015\/01\/Stufentrockner-T-125-1024x832.jpg","type":"","width":"","height":""}],"twitter_misc":{"Dur\u00e9e de lecture estim\u00e9e":"2 minutes"},"schema":{"@context":"https:\/\/schema.org","@graph":[{"@type":"WebPage","@id":"https:\/\/neue-herbold.com\/fr\/secheurs-multietages\/","url":"https:\/\/neue-herbold.com\/fr\/secheurs-multietages\/","name":"Secheurs Multi\u00e9tag\u00e9s - Neue Herbold GmbH","isPartOf":{"@id":"https:\/\/neue-herbold.com\/en\/#website"},"primaryImageOfPage":{"@id":"https:\/\/neue-herbold.com\/fr\/secheurs-multietages\/#primaryimage"},"image":{"@id":"https:\/\/neue-herbold.com\/fr\/secheurs-multietages\/#primaryimage"},"thumbnailUrl":"https:\/\/neue-herbold.com\/wp-content\/uploads\/2015\/01\/Stufentrockner-T-125-1024x832.jpg","datePublished":"2016-06-03T01:22:58+00:00","dateModified":"2016-07-05T18:48:51+00:00","description":"Les s\u00e9cheurs multi\u00e9tag\u00e9s ont \u00e9t\u00e9 con\u00e7us sp\u00e9cialement pour le s\u00e9chage de mati\u00e8res plastiques (PET) broy\u00e9es m\u00e9nageant le mat\u00e9riau. Ils se pr\u00eatent \u00e0 la s\u00e9para","breadcrumb":{"@id":"https:\/\/neue-herbold.com\/fr\/secheurs-multietages\/#breadcrumb"},"inLanguage":"fr-FR","potentialAction":[{"@type":"ReadAction","target":["https:\/\/neue-herbold.com\/fr\/secheurs-multietages\/"]}]},{"@type":"ImageObject","inLanguage":"fr-FR","@id":"https:\/\/neue-herbold.com\/fr\/secheurs-multietages\/#primaryimage","url":"https:\/\/neue-herbold.com\/wp-content\/uploads\/2015\/01\/Stufentrockner-T-125-1024x832.jpg","contentUrl":"https:\/\/neue-herbold.com\/wp-content\/uploads\/2015\/01\/Stufentrockner-T-125-1024x832.jpg"},{"@type":"BreadcrumbList","@id":"https:\/\/neue-herbold.com\/fr\/secheurs-multietages\/#breadcrumb","itemListElement":[{"@type":"ListItem","position":1,"name":"Startseite","item":"https:\/\/neue-herbold.com\/fr\/"},{"@type":"ListItem","position":2,"name":"Secheurs Multi\u00e9tag\u00e9s"}]},{"@type":"WebSite","@id":"https:\/\/neue-herbold.com\/en\/#website","url":"https:\/\/neue-herbold.com\/en\/","name":"Neue Herbold GmbH","description":"","potentialAction":[{"@type":"SearchAction","target":{"@type":"EntryPoint","urlTemplate":"https:\/\/neue-herbold.com\/en\/?s={search_term_string}"},"query-input":{"@type":"PropertyValueSpecification","valueRequired":true,"valueName":"search_term_string"}}],"inLanguage":"fr-FR"}]}},"_links":{"self":[{"href":"https:\/\/neue-herbold.com\/fr\/wp-json\/wp\/v2\/pages\/8084"}],"collection":[{"href":"https:\/\/neue-herbold.com\/fr\/wp-json\/wp\/v2\/pages"}],"about":[{"href":"https:\/\/neue-herbold.com\/fr\/wp-json\/wp\/v2\/types\/page"}],"author":[{"embeddable":true,"href":"https:\/\/neue-herbold.com\/fr\/wp-json\/wp\/v2\/users\/1"}],"replies":[{"embeddable":true,"href":"https:\/\/neue-herbold.com\/fr\/wp-json\/wp\/v2\/comments?post=8084"}],"version-history":[{"count":6,"href":"https:\/\/neue-herbold.com\/fr\/wp-json\/wp\/v2\/pages\/8084\/revisions"}],"predecessor-version":[{"id":10060,"href":"https:\/\/neue-herbold.com\/fr\/wp-json\/wp\/v2\/pages\/8084\/revisions\/10060"}],"wp:attachment":[{"href":"https:\/\/neue-herbold.com\/fr\/wp-json\/wp\/v2\/media?parent=8084"}],"curies":[{"name":"wp","href":"https:\/\/api.w.org\/{rel}","templated":true}]}}