{"id":8035,"date":"2016-06-03T02:29:18","date_gmt":"2016-06-03T00:29:18","guid":{"rendered":"https:\/\/neue-herbold.com\/fr\/waschanlagen\/"},"modified":"2017-09-19T15:36:30","modified_gmt":"2017-09-19T13:36:30","slug":"lignes-de-lavage","status":"publish","type":"page","link":"https:\/\/neue-herbold.com\/fr\/lignes-de-lavage\/","title":{"rendered":"Lignes de Lavage pour d\u00e9chets plastiques"},"content":{"rendered":"<p><span style=\"color: #000000;\"><strong><a style=\"color: #0000ff;\" href=\"https:\/\/neue-herbold.com\/wp-content\/uploads\/2014\/12\/Waschanlage.jpg\" target=\"_blank\" rel=\"noopener noreferrer\"><img loading=\"lazy\" decoding=\"async\" class=\"aligncenter wp-image-3052 size-large\" src=\"https:\/\/neue-herbold.com\/wp-content\/uploads\/2014\/12\/Waschanlage-1024x819.jpg\" alt=\"Waschanlage\" width=\"605\" height=\"483\" srcset=\"https:\/\/neue-herbold.com\/wp-content\/uploads\/2014\/12\/Waschanlage-1024x819.jpg 1024w, https:\/\/neue-herbold.com\/wp-content\/uploads\/2014\/12\/Waschanlage-300x240.jpg 300w, https:\/\/neue-herbold.com\/wp-content\/uploads\/2014\/12\/Waschanlage-100x80.jpg 100w, https:\/\/neue-herbold.com\/wp-content\/uploads\/2014\/12\/Waschanlage-150x120.jpg 150w, https:\/\/neue-herbold.com\/wp-content\/uploads\/2014\/12\/Waschanlage-200x160.jpg 200w, https:\/\/neue-herbold.com\/wp-content\/uploads\/2014\/12\/Waschanlage-450x360.jpg 450w, https:\/\/neue-herbold.com\/wp-content\/uploads\/2014\/12\/Waschanlage-600x480.jpg 600w, https:\/\/neue-herbold.com\/wp-content\/uploads\/2014\/12\/Waschanlage-900x720.jpg 900w, https:\/\/neue-herbold.com\/wp-content\/uploads\/2014\/12\/Waschanlage.jpg 1200w\" sizes=\"(max-width: 605px) 100vw, 605px\" \/><\/a>Lignes de lavage taill\u00e9s sur mesure \/ lignes de recyclage pour le traitement des plastiques souill\u00e9s<\/strong><\/span><\/p>\n<p><span style=\"color: #000000;\">Nous produisons et distribuons les lignes de lavage complets pour le traitement des d\u00e9chets plastiques. Pour une granulation des d\u00e9chets plastiques souill\u00e9s, il faut d&rsquo;abord les couper, laver et eventuellemen s\u00e9parer. Ce stade pr\u00e9liminaire de la granulation s&rsquo;effectue, \u00e0 haute qualit\u00e9 et avec la quantit\u00e9 n\u00e9cessaire, par une ligne de lavage Neue Herbold.<\/span><\/p>\n<div id=\"attachment_3060\" style=\"width: 310px\" class=\"wp-caption alignleft\"><a style=\"color: #0000ff;\" href=\"https:\/\/neue-herbold.com\/wp-content\/uploads\/2014\/12\/Folienwasch.jpg\" target=\"_blank\" rel=\"noopener noreferrer\"><img loading=\"lazy\" decoding=\"async\" aria-describedby=\"caption-attachment-3060\" class=\"wp-image-3060\" src=\"https:\/\/neue-herbold.com\/wp-content\/uploads\/2014\/12\/Folienwasch-1024x768.jpg\" alt=\"\" width=\"300\" height=\"225\" srcset=\"https:\/\/neue-herbold.com\/wp-content\/uploads\/2014\/12\/Folienwasch-1024x768.jpg 1024w, https:\/\/neue-herbold.com\/wp-content\/uploads\/2014\/12\/Folienwasch-300x225.jpg 300w, https:\/\/neue-herbold.com\/wp-content\/uploads\/2014\/12\/Folienwasch-100x75.jpg 100w, https:\/\/neue-herbold.com\/wp-content\/uploads\/2014\/12\/Folienwasch-150x112.jpg 150w, https:\/\/neue-herbold.com\/wp-content\/uploads\/2014\/12\/Folienwasch-200x150.jpg 200w, https:\/\/neue-herbold.com\/wp-content\/uploads\/2014\/12\/Folienwasch-450x337.jpg 450w, https:\/\/neue-herbold.com\/wp-content\/uploads\/2014\/12\/Folienwasch-600x450.jpg 600w, https:\/\/neue-herbold.com\/wp-content\/uploads\/2014\/12\/Folienwasch-900x675.jpg 900w, https:\/\/neue-herbold.com\/wp-content\/uploads\/2014\/12\/Folienwasch.jpg 1200w\" sizes=\"(max-width: 300px) 100vw, 300px\" \/><\/a><p id=\"caption-attachment-3060\" class=\"wp-caption-text\">Ligne de lavage pour d\u00e9chets plastiques<\/p><\/div>\n<p>&nbsp;<\/p>\n<p><span style=\"color: #000000;\"><strong>C&rsquo;est possible de recycler des d\u00e9chets plastiques comme par exemple les suivants:<\/strong><br \/>\n <\/span><\/p>\n<ul>\n<li><span style=\"color: #000000;\">films provenants de l&rsquo;industrie, agriculture, m\u00e9nage (collections post-consommateurs) aussique films minces et films \u00e9tirables<\/span><\/li>\n<li><span style=\"color: #000000;\">bouteilles en PET (en vrac ou press\u00e9s)<\/span><\/li>\n<li><span style=\"color: #000000;\">bouteilles et conteneurs en PEHD<\/span><\/li>\n<li><span style=\"color: #000000;\">conteneurs, casiers \u00e0 bouteilles, poubelles<\/span><\/li>\n<li><span style=\"color: #000000;\">profil\u00e9s de f\u00e9n\u00eatre en PVC, coffres de batterie<\/span><\/li>\n<\/ul>\n<p><strong><span style=\"color: #000000;\">Selon l&rsquo;usage, mat\u00e9riel et degr\u00e9 de souillage, une ligne de recyclage peut consister des components suivants:<\/span><\/strong><\/p>\n<ul>\n<li><a href=\"https:\/\/neue-herbold.com\/fr\/dechiqueteuse-hzr-a-axe-unique\/\">D\u00e9chiqueteuse<\/a><\/li>\n<li><a href=\"https:\/\/neue-herbold.com\/fr\/index-gamme-des-broyeurs\/\">Broyeur (\u00e0 sec ou humide)<\/a><\/li>\n<li><span style=\"color: #000000;\">Goutti\u00e8re pour la s\u00e9paration des mati\u00e8res lourds<\/span><\/li>\n<li><a href=\"https:\/\/neue-herbold.com\/fr\/separateurs-des-metaux\/\">S\u00e9parateur des m\u00e9taux<\/a><\/li>\n<li><a href=\"https:\/\/neue-herbold.com\/fr\/laveurs-a-friction-separateurs-a-friction-fw\/\">Laveur \u00e0 friction (s\u00e9parateur \u00e0 friction)<\/a><\/li>\n<li><a href=\"https:\/\/neue-herbold.com\/fr\/laveur-intensif-iw\/\">Laveurs Intensives<\/a><\/li>\n<li><a href=\"https:\/\/neue-herbold.com\/fr\/reservoirs-de-separation-tb\/\">bac de s\u00e9paration (proc\u00e9d\u00e9 des plongeants et flottants)<\/a><\/li>\n<li><a href=\"https:\/\/neue-herbold.com\/fr\/tambour-rotatif-deprelavage\/\">Tambour rotatif<\/a><\/li>\n<li><span style=\"color: #000000;\">Vis d&rsquo;essorage<\/span><\/li>\n<li><a href=\"https:\/\/neue-herbold.com\/fr\/secheurs-mecaniques-tm\/\">S\u00e9cheur m\u00e9canique<\/a><\/li>\n<li><a href=\"https:\/\/neue-herbold.com\/fr\/secheurs-multietages\/\">S\u00e9cheur \u00e0 \u00e9tappes m\u00e9canique<\/a><\/li>\n<li><a href=\"https:\/\/neue-herbold.com\/fr\/secheur-thermique-tt\/\">S\u00e9cheur thermique<\/a><\/li>\n<li><span style=\"color: #000000;\">S\u00e9paration des mat\u00e9riaux<\/span><\/li>\n<li><a href=\"https:\/\/neue-herbold.com\/fr\/tamis-oscillant-tsm\/\">Tamis osscillant<\/a><\/li>\n<li><span style=\"color: #000000;\">A\u00e9roclasseur \/ <a href=\"https:\/\/neue-herbold.com\/fr\/separateurs-zigzag\/\">S\u00e9parateur zig-zag<\/a> \/ <a href=\"https:\/\/neue-herbold.com\/fr\/separateurs-de-particules-fines\/\">S\u00e9parateur des particules fines<\/a><\/span><\/li>\n<li><span style=\"color: #000000;\">Convoyeurs divers<\/span><\/li>\n<li><a href=\"https:\/\/neue-herbold.com\/fr\/systemes-devacuation\/\">Syst\u00e8me d&rsquo;\u00e9vacuation<\/a><\/li>\n<li><span style=\"color: #000000;\">Cabinet \u00e9lectrique<\/span><\/li>\n<li><span style=\"color: #000000;\">Traitement des eaux<\/span><\/li>\n<\/ul>\n<p style=\"text-align: left;\"><span style=\"color: #000000;\"><a style=\"color: #0000ff;\" href=\"https:\/\/neue-herbold.com\/wp-content\/uploads\/2014\/12\/Schwimm-Sink-Tank.jpg\" target=\"_blank\" rel=\"noopener noreferrer\"><img loading=\"lazy\" decoding=\"async\" class=\"alignleft wp-image-3055\" src=\"https:\/\/neue-herbold.com\/wp-content\/uploads\/2014\/12\/Schwimm-Sink-Tank-1024x768.jpg\" alt=\"\" width=\"300\" height=\"225\" srcset=\"https:\/\/neue-herbold.com\/wp-content\/uploads\/2014\/12\/Schwimm-Sink-Tank-1024x768.jpg 1024w, https:\/\/neue-herbold.com\/wp-content\/uploads\/2014\/12\/Schwimm-Sink-Tank-300x225.jpg 300w, https:\/\/neue-herbold.com\/wp-content\/uploads\/2014\/12\/Schwimm-Sink-Tank-100x75.jpg 100w, https:\/\/neue-herbold.com\/wp-content\/uploads\/2014\/12\/Schwimm-Sink-Tank-150x112.jpg 150w, https:\/\/neue-herbold.com\/wp-content\/uploads\/2014\/12\/Schwimm-Sink-Tank-200x150.jpg 200w, https:\/\/neue-herbold.com\/wp-content\/uploads\/2014\/12\/Schwimm-Sink-Tank-450x337.jpg 450w, https:\/\/neue-herbold.com\/wp-content\/uploads\/2014\/12\/Schwimm-Sink-Tank-600x450.jpg 600w, https:\/\/neue-herbold.com\/wp-content\/uploads\/2014\/12\/Schwimm-Sink-Tank-900x675.jpg 900w, https:\/\/neue-herbold.com\/wp-content\/uploads\/2014\/12\/Schwimm-Sink-Tank.jpg 1200w\" sizes=\"(max-width: 300px) 100vw, 300px\" \/><\/a> <\/span><\/p>\n<p style=\"text-align: left;\">\u00a0<\/p>\n<p style=\"text-align: left;\"><span style=\"color: #000000;\">Notre exp\u00e9rience et nos r\u00e9f\u00e9rences formidables dans la construction des machines et de l&rsquo;\u00e9quipement pendant les ann\u00e9es vous garantissent la r\u00e9alisation \u00e0 succ\u00e8s des projets de recyclage individuels, taill\u00e9s sur mesure. La soci\u00e9t\u00e9 <strong>NEUE HERBOLD<\/strong> poss\u00e8de sur un d\u00e9gr\u00e9 d&rsquo;int\u00e9gration tr\u00e8s \u00e9tendu, en ce qui resulte une large exp\u00e9rience en l&rsquo;ing\u00e9nerie et usinage des components et installations, aussique une qualit\u00e9 des produits sup\u00e9rieure. Cela apporte \u00e0 son tour \u00e0 la long\u00e9vit\u00e9 et fiabilit\u00e9 des lignes de recyclage livr\u00e9es.<br \/>\n <\/span><\/p>\n<p style=\"text-align: left;\"><span style=\"color: #000000;\">Tout d&rsquo;une seule main signifie, que de la conception sur l&rsquo;ingin\u00e9rie, usinage, montage, mise en service jusqu&rsquo;au service apr\u00e8s-vente, tout est livr\u00e9 par un seul fournisseur.<\/span><\/p>\n<p><em><span style=\"color: #000000;\"><strong>Example d&rsquo;une conception d&rsquo;une installation:<\/strong><\/span><\/em><\/p>\n<p><span style=\"color: #000000;\">Ligne de recyclage \/ <a href=\"https:\/\/neue-herbold.com\/fr\/recyclage-bouteilles-en-pet\/\">Recyclage des bouteilles en PET<\/a><\/span><\/p>\n<p><span style=\"color: #000000;\">Ligne de recyclage \/ <a href=\"https:\/\/neue-herbold.com\/fr\/recyclage-des-caisses-de-boissons-en-pe-pp\/\">Recyclage des casiers \u00e0 bouteilles<\/a><\/span><\/p>\n<p><span style=\"color: #000000;\">Ligne de recyclage \/ <a href=\"https:\/\/neue-herbold.com\/fr\/recyclage-des-dechets-des-films-en-pe-pp\/\">Recyclage des films en PE\/PP<\/a><\/span><\/p>\n<p><em><strong>Video: Recyclage des films en PE sur une installation de broyage-lavage-s\u00e9chage <span style=\"color: #808080;\">(en anglais)<\/span><br \/>\n <\/strong><\/em><\/p>\n<div id=\"bcm5cjocQr\" data-borlabs-cookie-blocked-content><div class=\"borlabs-cookie-bct bc-bct-video bc-bct-youtube\"> <p class=\"bc-thumbnail\"><img src=\"https:\/\/neue-herbold.com\/wp-content\/plugins\/borlabs-cookie\/images\/bct-no-thumbnail.png\" alt=\"YouTube\"><\/p> <div class=\"bc-text\"> <p>Pour prot\u00e9ger vos donn\u00e9es personnelles, votre connexion \u00e0 YouTube a \u00e9t\u00e9 bloqu\u00e9e. <br> Cliquez sur <strong> Charger la vid\u00e9o <\/strong> pour d\u00e9bloquer YouTube. <br> En chargeant la vid\u00e9o, vous acceptez les r\u00e8gles de confidentialit\u00e9 de YouTube. <br> Pour plus d'informations sur la politique de confidentialit\u00e9 de YouTube, cliquez ici. <a href=\"https:\/\/policies.google.com\/privacy?hl=fr&gl=fr\" target=\"_blank\" rel=\"nofollow\">Google - Politique de confidentialit\u00e9<\/a><\/p> <p><label><input type=\"checkbox\" name=\"unblockAll\" value=\"1\" > Ne bloquez plus les vid\u00e9os YouTube \u00e0 l'avenir.<\/label> <a role=\"button\" data-borlabs-cookie-unblock>Charger la vid\u00e9o<\/a><\/p> <\/div> <\/div><\/div>\n<p><em><strong>Recyclage des films agriculteurs <span style=\"color: #808080;\">(en anglais)<\/span><\/strong><\/em><\/p>\n<div id=\"bcbCAtpnYm\" data-borlabs-cookie-blocked-content><div class=\"borlabs-cookie-bct bc-bct-video bc-bct-youtube\"> <p class=\"bc-thumbnail\"><img src=\"https:\/\/neue-herbold.com\/wp-content\/plugins\/borlabs-cookie\/images\/bct-no-thumbnail.png\" alt=\"YouTube\"><\/p> <div class=\"bc-text\"> <p>Pour prot\u00e9ger vos donn\u00e9es personnelles, votre connexion \u00e0 YouTube a \u00e9t\u00e9 bloqu\u00e9e. <br> Cliquez sur <strong> Charger la vid\u00e9o <\/strong> pour d\u00e9bloquer YouTube. <br> En chargeant la vid\u00e9o, vous acceptez les r\u00e8gles de confidentialit\u00e9 de YouTube. <br> Pour plus d'informations sur la politique de confidentialit\u00e9 de YouTube, cliquez ici. <a href=\"https:\/\/policies.google.com\/privacy?hl=fr&gl=fr\" target=\"_blank\" rel=\"nofollow\">Google - Politique de confidentialit\u00e9<\/a><\/p> <p><label><input type=\"checkbox\" name=\"unblockAll\" value=\"1\" > Ne bloquez plus les vid\u00e9os YouTube \u00e0 l'avenir.<\/label> <a role=\"button\" data-borlabs-cookie-unblock>Charger la vid\u00e9o<\/a><\/p> <\/div> <\/div><\/div>\n<p><em><strong>Video: Recyclage des bouteilles et conteneurs souill\u00e9s en poly\u00e9thyl\u00e8ne <span style=\"color: #808080;\">(en anglais)<\/span><br \/>\n <\/strong><\/em><\/p>\n<p>Components: D\u00e9chiqueteuse \u00e0 un axe, convoyeur (\u00e0 d\u00e9t\u00e9cteur de m\u00e9taux), broyeur SM, laveur \u00e0 friction FW, s\u00e9cheur m\u00e9chanique TM, syst\u00e8me d&rsquo;\u00e9vacuation \u00e0 cyclone, s\u00e9parateur zig-zag ZS, station big-bag<\/p>\n<div id=\"bcDk4GRugT\" data-borlabs-cookie-blocked-content><div class=\"borlabs-cookie-bct bc-bct-video bc-bct-youtube\"> <p class=\"bc-thumbnail\"><img src=\"https:\/\/neue-herbold.com\/wp-content\/plugins\/borlabs-cookie\/images\/bct-no-thumbnail.png\" alt=\"YouTube\"><\/p> <div class=\"bc-text\"> <p>Pour prot\u00e9ger vos donn\u00e9es personnelles, votre connexion \u00e0 YouTube a \u00e9t\u00e9 bloqu\u00e9e. <br> Cliquez sur <strong> Charger la vid\u00e9o <\/strong> pour d\u00e9bloquer YouTube. <br> En chargeant la vid\u00e9o, vous acceptez les r\u00e8gles de confidentialit\u00e9 de YouTube. <br> Pour plus d'informations sur la politique de confidentialit\u00e9 de YouTube, cliquez ici. <a href=\"https:\/\/policies.google.com\/privacy?hl=fr&gl=fr\" target=\"_blank\" rel=\"nofollow\">Google - Politique de confidentialit\u00e9<\/a><\/p> <p><label><input type=\"checkbox\" name=\"unblockAll\" value=\"1\" > Ne bloquez plus les vid\u00e9os YouTube \u00e0 l'avenir.<\/label> <a role=\"button\" data-borlabs-cookie-unblock>Charger la vid\u00e9o<\/a><\/p> <\/div> <\/div><\/div>\n<p><em><strong><span id=\"result_box\" class=\"short_text\" lang=\"fr\"><span class=\"\">Diagramme<\/span><\/span><\/strong><\/em><\/p>\n<p><a style=\"color: #0000ff;\" href=\"https:\/\/neue-herbold.com\/wp-content\/uploads\/2014\/12\/fliesschema_pe-anlage.gif\" target=\"_blank\" rel=\"noopener noreferrer\"><img loading=\"lazy\" decoding=\"async\" class=\"alignnone wp-image-3061 size-full\" src=\"https:\/\/neue-herbold.com\/wp-content\/uploads\/2014\/12\/fliesschema_pe-anlage.gif\" alt=\"\" width=\"1000\" height=\"771\" \/><\/a><\/p>\n","protected":false},"excerpt":{"rendered":"<p><span style=\"color: #000000;\"><strong><a style=\"color: #0000ff;\" href=\"https:\/\/neue-herbold.com\/wp-content\/uploads\/2014\/12\/Waschanlage.jpg\" target=\"_blank\" rel=\"noopener noreferrer\"><img loading=\"lazy\" decoding=\"async\" class=\"aligncenter wp-image-3052 size-large\" src=\"https:\/\/neue-herbold.com\/wp-content\/uploads\/2014\/12\/Waschanlage-1024x819.jpg\" alt=\"Waschanlage\" width=\"605\" height=\"483\" srcset=\"https:\/\/neue-herbold.com\/wp-content\/uploads\/2014\/12\/Waschanlage-1024x819.jpg 1024w, https:\/\/neue-herbold.com\/wp-content\/uploads\/2014\/12\/Waschanlage-300x240.jpg 300w, https:\/\/neue-herbold.com\/wp-content\/uploads\/2014\/12\/Waschanlage-100x80.jpg 100w, https:\/\/neue-herbold.com\/wp-content\/uploads\/2014\/12\/Waschanlage-150x120.jpg 150w, https:\/\/neue-herbold.com\/wp-content\/uploads\/2014\/12\/Waschanlage-200x160.jpg 200w, https:\/\/neue-herbold.com\/wp-content\/uploads\/2014\/12\/Waschanlage-450x360.jpg 450w, https:\/\/neue-herbold.com\/wp-content\/uploads\/2014\/12\/Waschanlage-600x480.jpg 600w, https:\/\/neue-herbold.com\/wp-content\/uploads\/2014\/12\/Waschanlage-900x720.jpg 900w, https:\/\/neue-herbold.com\/wp-content\/uploads\/2014\/12\/Waschanlage.jpg 1200w\" sizes=\"(max-width: 605px) 100vw, 605px\" \/><\/a>Lignes de lavage taill\u00e9s sur mesure \/ lignes de recyclage pour le traitement des plastiques souill\u00e9s<\/strong><\/span><\/p>\n<p><span style=\"color: #000000;\">Nous produisons et distribuons les lignes de lavage complets pour le traitement des d\u00e9chets plastiques.<\/span><\/p>\n<p><span class=\"ellipsis\">&hellip;<\/span><\/p>\n<div class=\"read-more\"><a href=\"https:\/\/neue-herbold.com\/fr\/lignes-de-lavage\/\">Lire la suite &#8250;<\/a><\/div>\n<p><!-- end of .read-more --><\/p>\n","protected":false},"author":1,"featured_media":0,"parent":0,"menu_order":0,"comment_status":"closed","ping_status":"closed","template":"","meta":{"footnotes":""},"class_list":["post-8035","page","type-page","status-publish","hentry"],"yoast_head":"<!-- This site is optimized with the Yoast SEO plugin v25.4 - https:\/\/yoast.com\/wordpress\/plugins\/seo\/ -->\n<title>Lignes de Lavage pour d\u00e9chets plastiques - Neue Herbold GmbH<\/title>\n<meta name=\"description\" content=\"Lignes de lavage taill\u00e9s sur mesure \/ lignes de recyclage pour le traitement des plastiques souill\u00e9s Nous produisons et distribuons les lignes de lavage\" \/>\n<meta name=\"robots\" content=\"index, follow, max-snippet:-1, max-image-preview:large, max-video-preview:-1\" \/>\n<link rel=\"canonical\" href=\"https:\/\/neue-herbold.com\/fr\/lignes-de-lavage\/\" \/>\n<meta property=\"og:locale\" content=\"fr_FR\" \/>\n<meta property=\"og:type\" content=\"article\" \/>\n<meta property=\"og:title\" content=\"Lignes de Lavage pour d\u00e9chets plastiques - Neue Herbold GmbH\" \/>\n<meta property=\"og:description\" content=\"Lignes de lavage taill\u00e9s sur mesure \/ lignes de recyclage pour le traitement des plastiques souill\u00e9s Nous produisons et distribuons les lignes de lavage\" \/>\n<meta property=\"og:url\" content=\"https:\/\/neue-herbold.com\/fr\/lignes-de-lavage\/\" \/>\n<meta property=\"og:site_name\" content=\"Neue Herbold GmbH\" \/>\n<meta property=\"article:modified_time\" content=\"2017-09-19T13:36:30+00:00\" \/>\n<meta property=\"og:image\" content=\"https:\/\/neue-herbold.com\/wp-content\/uploads\/2014\/12\/Waschanlage-1024x819.jpg\" \/>\n<meta name=\"twitter:label1\" content=\"Dur\u00e9e de lecture estim\u00e9e\" \/>\n\t<meta name=\"twitter:data1\" content=\"2 minutes\" \/>\n<script type=\"application\/ld+json\" class=\"yoast-schema-graph\">{\"@context\":\"https:\/\/schema.org\",\"@graph\":[{\"@type\":\"WebPage\",\"@id\":\"https:\/\/neue-herbold.com\/fr\/lignes-de-lavage\/\",\"url\":\"https:\/\/neue-herbold.com\/fr\/lignes-de-lavage\/\",\"name\":\"Lignes de Lavage pour d\u00e9chets plastiques - Neue Herbold GmbH\",\"isPartOf\":{\"@id\":\"https:\/\/neue-herbold.com\/en\/#website\"},\"primaryImageOfPage\":{\"@id\":\"https:\/\/neue-herbold.com\/fr\/lignes-de-lavage\/#primaryimage\"},\"image\":{\"@id\":\"https:\/\/neue-herbold.com\/fr\/lignes-de-lavage\/#primaryimage\"},\"thumbnailUrl\":\"https:\/\/neue-herbold.com\/wp-content\/uploads\/2014\/12\/Waschanlage-1024x819.jpg\",\"datePublished\":\"2016-06-03T00:29:18+00:00\",\"dateModified\":\"2017-09-19T13:36:30+00:00\",\"description\":\"Lignes de lavage taill\u00e9s sur mesure \/ lignes de recyclage pour le traitement des plastiques souill\u00e9s Nous produisons et distribuons les lignes de lavage\",\"breadcrumb\":{\"@id\":\"https:\/\/neue-herbold.com\/fr\/lignes-de-lavage\/#breadcrumb\"},\"inLanguage\":\"fr-FR\",\"potentialAction\":[{\"@type\":\"ReadAction\",\"target\":[\"https:\/\/neue-herbold.com\/fr\/lignes-de-lavage\/\"]}]},{\"@type\":\"ImageObject\",\"inLanguage\":\"fr-FR\",\"@id\":\"https:\/\/neue-herbold.com\/fr\/lignes-de-lavage\/#primaryimage\",\"url\":\"https:\/\/neue-herbold.com\/wp-content\/uploads\/2014\/12\/Waschanlage-1024x819.jpg\",\"contentUrl\":\"https:\/\/neue-herbold.com\/wp-content\/uploads\/2014\/12\/Waschanlage-1024x819.jpg\"},{\"@type\":\"BreadcrumbList\",\"@id\":\"https:\/\/neue-herbold.com\/fr\/lignes-de-lavage\/#breadcrumb\",\"itemListElement\":[{\"@type\":\"ListItem\",\"position\":1,\"name\":\"Startseite\",\"item\":\"https:\/\/neue-herbold.com\/fr\/\"},{\"@type\":\"ListItem\",\"position\":2,\"name\":\"Lignes de Lavage pour d\u00e9chets plastiques\"}]},{\"@type\":\"WebSite\",\"@id\":\"https:\/\/neue-herbold.com\/en\/#website\",\"url\":\"https:\/\/neue-herbold.com\/en\/\",\"name\":\"Neue Herbold GmbH\",\"description\":\"\",\"potentialAction\":[{\"@type\":\"SearchAction\",\"target\":{\"@type\":\"EntryPoint\",\"urlTemplate\":\"https:\/\/neue-herbold.com\/en\/?s={search_term_string}\"},\"query-input\":{\"@type\":\"PropertyValueSpecification\",\"valueRequired\":true,\"valueName\":\"search_term_string\"}}],\"inLanguage\":\"fr-FR\"}]}<\/script>\n<!-- \/ Yoast SEO plugin. -->","yoast_head_json":{"title":"Lignes de Lavage pour d\u00e9chets plastiques - Neue Herbold GmbH","description":"Lignes de lavage taill\u00e9s sur mesure \/ lignes de recyclage pour le traitement des plastiques souill\u00e9s Nous produisons et distribuons les lignes de lavage","robots":{"index":"index","follow":"follow","max-snippet":"max-snippet:-1","max-image-preview":"max-image-preview:large","max-video-preview":"max-video-preview:-1"},"canonical":"https:\/\/neue-herbold.com\/fr\/lignes-de-lavage\/","og_locale":"fr_FR","og_type":"article","og_title":"Lignes de Lavage pour d\u00e9chets plastiques - Neue Herbold GmbH","og_description":"Lignes de lavage taill\u00e9s sur mesure \/ lignes de recyclage pour le traitement des plastiques souill\u00e9s Nous produisons et distribuons les lignes de lavage","og_url":"https:\/\/neue-herbold.com\/fr\/lignes-de-lavage\/","og_site_name":"Neue Herbold GmbH","article_modified_time":"2017-09-19T13:36:30+00:00","og_image":[{"url":"https:\/\/neue-herbold.com\/wp-content\/uploads\/2014\/12\/Waschanlage-1024x819.jpg","type":"","width":"","height":""}],"twitter_misc":{"Dur\u00e9e de lecture estim\u00e9e":"2 minutes"},"schema":{"@context":"https:\/\/schema.org","@graph":[{"@type":"WebPage","@id":"https:\/\/neue-herbold.com\/fr\/lignes-de-lavage\/","url":"https:\/\/neue-herbold.com\/fr\/lignes-de-lavage\/","name":"Lignes de Lavage pour d\u00e9chets plastiques - Neue Herbold GmbH","isPartOf":{"@id":"https:\/\/neue-herbold.com\/en\/#website"},"primaryImageOfPage":{"@id":"https:\/\/neue-herbold.com\/fr\/lignes-de-lavage\/#primaryimage"},"image":{"@id":"https:\/\/neue-herbold.com\/fr\/lignes-de-lavage\/#primaryimage"},"thumbnailUrl":"https:\/\/neue-herbold.com\/wp-content\/uploads\/2014\/12\/Waschanlage-1024x819.jpg","datePublished":"2016-06-03T00:29:18+00:00","dateModified":"2017-09-19T13:36:30+00:00","description":"Lignes de lavage taill\u00e9s sur mesure \/ lignes de recyclage pour le traitement des plastiques souill\u00e9s Nous produisons et distribuons les lignes de lavage","breadcrumb":{"@id":"https:\/\/neue-herbold.com\/fr\/lignes-de-lavage\/#breadcrumb"},"inLanguage":"fr-FR","potentialAction":[{"@type":"ReadAction","target":["https:\/\/neue-herbold.com\/fr\/lignes-de-lavage\/"]}]},{"@type":"ImageObject","inLanguage":"fr-FR","@id":"https:\/\/neue-herbold.com\/fr\/lignes-de-lavage\/#primaryimage","url":"https:\/\/neue-herbold.com\/wp-content\/uploads\/2014\/12\/Waschanlage-1024x819.jpg","contentUrl":"https:\/\/neue-herbold.com\/wp-content\/uploads\/2014\/12\/Waschanlage-1024x819.jpg"},{"@type":"BreadcrumbList","@id":"https:\/\/neue-herbold.com\/fr\/lignes-de-lavage\/#breadcrumb","itemListElement":[{"@type":"ListItem","position":1,"name":"Startseite","item":"https:\/\/neue-herbold.com\/fr\/"},{"@type":"ListItem","position":2,"name":"Lignes de Lavage pour d\u00e9chets plastiques"}]},{"@type":"WebSite","@id":"https:\/\/neue-herbold.com\/en\/#website","url":"https:\/\/neue-herbold.com\/en\/","name":"Neue Herbold GmbH","description":"","potentialAction":[{"@type":"SearchAction","target":{"@type":"EntryPoint","urlTemplate":"https:\/\/neue-herbold.com\/en\/?s={search_term_string}"},"query-input":{"@type":"PropertyValueSpecification","valueRequired":true,"valueName":"search_term_string"}}],"inLanguage":"fr-FR"}]}},"_links":{"self":[{"href":"https:\/\/neue-herbold.com\/fr\/wp-json\/wp\/v2\/pages\/8035"}],"collection":[{"href":"https:\/\/neue-herbold.com\/fr\/wp-json\/wp\/v2\/pages"}],"about":[{"href":"https:\/\/neue-herbold.com\/fr\/wp-json\/wp\/v2\/types\/page"}],"author":[{"embeddable":true,"href":"https:\/\/neue-herbold.com\/fr\/wp-json\/wp\/v2\/users\/1"}],"replies":[{"embeddable":true,"href":"https:\/\/neue-herbold.com\/fr\/wp-json\/wp\/v2\/comments?post=8035"}],"version-history":[{"count":4,"href":"https:\/\/neue-herbold.com\/fr\/wp-json\/wp\/v2\/pages\/8035\/revisions"}],"predecessor-version":[{"id":11234,"href":"https:\/\/neue-herbold.com\/fr\/wp-json\/wp\/v2\/pages\/8035\/revisions\/11234"}],"wp:attachment":[{"href":"https:\/\/neue-herbold.com\/fr\/wp-json\/wp\/v2\/media?parent=8035"}],"curies":[{"name":"wp","href":"https:\/\/api.w.org\/{rel}","templated":true}]}}