{"id":7971,"date":"2016-06-02T23:42:26","date_gmt":"2016-06-02T21:42:26","guid":{"rendered":"https:\/\/neue-herbold.com\/fr\/guillotinescheren\/"},"modified":"2017-04-30T22:22:34","modified_gmt":"2017-04-30T20:22:34","slug":"ciseaux-a-guillotine","status":"publish","type":"page","link":"https:\/\/neue-herbold.com\/fr\/ciseaux-a-guillotine\/","title":{"rendered":"Ciseaux \u00e0 Guillotine"},"content":{"rendered":"<p><span style=\"color: #000000;\"><strong><a href=\"https:\/\/neue-herbold.com\/wp-content\/uploads\/2014\/11\/Guilotineschere.jpg\" target=\"_blank\" rel=\"noopener noreferrer\"><img loading=\"lazy\" decoding=\"async\" class=\"alignright wp-image-3310\" src=\"https:\/\/neue-herbold.com\/wp-content\/uploads\/2014\/11\/Guilotineschere.jpg\" alt=\"Ciseaux \u00e0 Guillotine\" width=\"308\" height=\"599\" srcset=\"https:\/\/neue-herbold.com\/wp-content\/uploads\/2014\/11\/Guilotineschere.jpg 462w, https:\/\/neue-herbold.com\/wp-content\/uploads\/2014\/11\/Guilotineschere-154x300.jpg 154w, https:\/\/neue-herbold.com\/wp-content\/uploads\/2014\/11\/Guilotineschere-100x194.jpg 100w, https:\/\/neue-herbold.com\/wp-content\/uploads\/2014\/11\/Guilotineschere-150x292.jpg 150w, https:\/\/neue-herbold.com\/wp-content\/uploads\/2014\/11\/Guilotineschere-200x389.jpg 200w, https:\/\/neue-herbold.com\/wp-content\/uploads\/2014\/11\/Guilotineschere-300x584.jpg 300w, https:\/\/neue-herbold.com\/wp-content\/uploads\/2014\/11\/Guilotineschere-450x876.jpg 450w\" sizes=\"(max-width: 308px) 100vw, 308px\" \/><\/a>Utilisation<br \/>\n <\/strong><\/span><\/p>\n<ul>\n<li><span style=\"color: #000000;\">Les ciseaux \u00e0 guillotine NEUE HERBOLD sont utilis\u00e9s pour la d\u00e9coupe en portions pr\u00e9liminaire<br \/>\n <\/span><\/li>\n<li><span style=\"color: #000000;\">des balles des fibres<br \/>\n <\/span><\/li>\n<li><span style=\"color: #000000;\">des Balles en fils<br \/>\n <\/span><\/li>\n<li><span style=\"color: #000000;\">des films adh\u00e9rents l\u2019une \u00e0 l\u2019autre<br \/>\n <\/span><\/li>\n<li><span style=\"color: #000000;\">des blocs de purge en plastique<br \/>\n <\/span><\/li>\n<li><span style=\"color: #000000;\">des grands gateaux en plastique<br \/>\n <\/span><\/li>\n<li><span style=\"color: #000000;\">des balles en caoutchouc etc.<br \/>\n <strong><br \/>\n <\/strong><\/span><\/li>\n<\/ul>\n<p><span style=\"color: #000000;\"><strong>Technique<\/strong><\/span><\/p>\n<p>Les ciseaux \u00e0 guillotine NEUE HERBOLD poss\u00e8dent un cadre fort et r\u00e9sistant \u00e0 la torsion. Le couteau de fente est mont\u00e9 en deux c\u00f4t\u00e9s dans une glissi\u00e8re massive. Deux grands cylindres hydrauliques le pressent vers un stator. Les bouts du couteau sont r\u00e9glables et garantissent un coupage entier de la portion. La force du coupage peut \u00eatre adapt\u00e9e au mat\u00e9riel \u00e0 couper par l\u2019hydraulique. En option, la portion peut \u00eatre d\u00e9termin\u00e9e par un clapet qui s\u2019ouvre hydrauliquement.<\/p>\n<p><span style=\"color: #000000;\"><strong><em><a href=\"https:\/\/neue-herbold.com\/wp-content\/uploads\/2014\/11\/Guilotineschere-E.jpg\" target=\"_blank\" rel=\"noopener noreferrer\"><img loading=\"lazy\" decoding=\"async\" class=\"alignleft wp-image-3311 size-medium\" src=\"https:\/\/neue-herbold.com\/wp-content\/uploads\/2014\/11\/Guilotineschere-E-300x229.jpg\" alt=\"Ciseaux \u00e0 Guillotine typee GS 1500\/1000\" width=\"300\" height=\"229\" srcset=\"https:\/\/neue-herbold.com\/wp-content\/uploads\/2014\/11\/Guilotineschere-E-300x229.jpg 300w, https:\/\/neue-herbold.com\/wp-content\/uploads\/2014\/11\/Guilotineschere-E-1024x783.jpg 1024w, https:\/\/neue-herbold.com\/wp-content\/uploads\/2014\/11\/Guilotineschere-E-100x76.jpg 100w, https:\/\/neue-herbold.com\/wp-content\/uploads\/2014\/11\/Guilotineschere-E-150x114.jpg 150w, https:\/\/neue-herbold.com\/wp-content\/uploads\/2014\/11\/Guilotineschere-E-200x153.jpg 200w, https:\/\/neue-herbold.com\/wp-content\/uploads\/2014\/11\/Guilotineschere-E-450x344.jpg 450w, https:\/\/neue-herbold.com\/wp-content\/uploads\/2014\/11\/Guilotineschere-E-600x459.jpg 600w, https:\/\/neue-herbold.com\/wp-content\/uploads\/2014\/11\/Guilotineschere-E-900x688.jpg 900w, https:\/\/neue-herbold.com\/wp-content\/uploads\/2014\/11\/Guilotineschere-E.jpg 1200w\" sizes=\"(max-width: 300px) 100vw, 300px\" \/><\/a><\/em>Avantages<\/strong><\/span><\/p>\n<ul>\n<li><span style=\"color: #000000;\">Ajustage pr\u00e9cis du couteau de fente<br \/>\n <\/span><\/li>\n<li><span style=\"color: #000000;\">Cadre massif et stabil<br \/>\n <\/span><\/li>\n<li><span style=\"color: #000000;\">Car\u00e8nage du couteau en toutes directions<br \/>\n <\/span><\/li>\n<li><span style=\"color: #000000;\">Ajustage continu (levage, vitesse de coupage, force) du couteau<br \/>\n <\/span><\/li>\n<li><span style=\"color: #000000;\">Guide du couteau des deux c\u00f4t\u00e9s<br \/>\n <\/span><\/li>\n<li><span style=\"color: #000000;\">Cylindres hydrauliques doubles emp\u00eachent un blocage du couteau<\/span><\/li>\n<\/ul>\n<p>&nbsp;<\/p>\n<p>&nbsp;<\/p>\n<p><strong>Example : Coupage des cordes de la p\u00eache<\/strong><\/p>\n<div id=\"bcqllGh6tn\" data-borlabs-cookie-blocked-content><div class=\"borlabs-cookie-bct bc-bct-video bc-bct-youtube\"> <p class=\"bc-thumbnail\"><img src=\"https:\/\/neue-herbold.com\/wp-content\/plugins\/borlabs-cookie\/images\/bct-no-thumbnail.png\" alt=\"YouTube\"><\/p> <div class=\"bc-text\"> <p>Pour prot\u00e9ger vos donn\u00e9es personnelles, votre connexion \u00e0 YouTube a \u00e9t\u00e9 bloqu\u00e9e. <br> Cliquez sur <strong> Charger la vid\u00e9o <\/strong> pour d\u00e9bloquer YouTube. <br> En chargeant la vid\u00e9o, vous acceptez les r\u00e8gles de confidentialit\u00e9 de YouTube. <br> Pour plus d'informations sur la politique de confidentialit\u00e9 de YouTube, cliquez ici. <a href=\"https:\/\/policies.google.com\/privacy?hl=fr&gl=fr\" target=\"_blank\" rel=\"nofollow\">Google - Politique de confidentialit\u00e9<\/a><\/p> <p><label><input type=\"checkbox\" name=\"unblockAll\" value=\"1\" > Ne bloquez plus les vid\u00e9os YouTube \u00e0 l'avenir.<\/label> <a role=\"button\" data-borlabs-cookie-unblock>Charger la vid\u00e9o<\/a><\/p> <\/div> <\/div><\/div>\n<p>Broyage des cordes de la p\u00eache<\/p>\n<p>&nbsp;<\/p>\n<table>\n<tbody>\n<tr>\n<td style=\"text-align: center;\"><span style=\"color: #000000;\"><strong>Type machine<\/strong><\/span><\/td>\n<td style=\"text-align: center;\"><span style=\"color: #000000;\"><strong>Levage (mm)<\/strong><\/span><\/td>\n<td style=\"text-align: center;\"><span style=\"color: #000000;\"><strong>Largueur de coupage (mm)<\/strong><\/span><\/td>\n<td style=\"text-align: center;\"><span style=\"color: #000000;\"><strong>entra\u00eenement (kw)<\/strong><\/span><\/td>\n<td style=\"text-align: center;\"><span style=\"color: #000000;\"><strong>coupes \/min<\/strong><\/span><\/td>\n<td style=\"text-align: center;\"><span style=\"color: #000000;\"><strong>Force de coupe (t)<\/strong><\/span><\/td>\n<td style=\"text-align: center;\"><span style=\"color: #000000;\"><strong>Poids (kg)<\/strong><\/span><\/td>\n<\/tr>\n<tr>\n<td><span style=\"color: #000000;\">Type GS 1500\/1000 <\/span><\/td>\n<td style=\"text-align: center;\"><span style=\"color: #000000;\">1000<\/span><\/td>\n<td style=\"text-align: center;\"><span style=\"color: #000000;\">1500<\/span><\/td>\n<td style=\"text-align: center;\"><span style=\"color: #000000;\">22-37<\/span><\/td>\n<td style=\"text-align: center;\"><span style=\"color: #000000;\">2-3<\/span><\/td>\n<td style=\"text-align: center;\"><span style=\"color: #000000;\">de 20<\/span><\/td>\n<td style=\"text-align: center;\"><span style=\"color: #000000;\">4500<\/span><\/td>\n<\/tr>\n<tr>\n<td><span style=\"color: #000000;\">Type GS 1500\/1200<\/span><\/td>\n<td style=\"text-align: center;\"><span style=\"color: #000000;\">1200<\/span><\/td>\n<td style=\"text-align: center;\"><span style=\"color: #000000;\">1500<\/span><\/td>\n<td style=\"text-align: center;\"><span style=\"color: #000000;\">22-37<\/span><\/td>\n<td style=\"text-align: center;\"><span style=\"color: #000000;\">2-3<\/span><\/td>\n<td style=\"text-align: center;\"><span style=\"color: #000000;\">de 20<\/span><\/td>\n<td style=\"text-align: center;\"><span style=\"color: #000000;\">5500<\/span><\/td>\n<\/tr>\n<tr>\n<td><span style=\"color: #000000;\">Type GS 2000\/1500<\/span><\/td>\n<td style=\"text-align: center;\"><span style=\"color: #000000;\">1500<\/span><\/td>\n<td style=\"text-align: center;\"><span style=\"color: #000000;\">2000<\/span><\/td>\n<td style=\"text-align: center;\"><span style=\"color: #000000;\">37-45<\/span><\/td>\n<td style=\"text-align: center;\"><span style=\"color: #000000;\">2-3<\/span><\/td>\n<td style=\"text-align: center;\"><span style=\"color: #000000;\">de 40<\/span><\/td>\n<td style=\"text-align: center;\"><span style=\"color: #000000;\">7000<\/span><\/td>\n<\/tr>\n<\/tbody>\n<\/table>\n","protected":false},"excerpt":{"rendered":"<p><span style=\"color: #000000;\"><strong><a href=\"https:\/\/neue-herbold.com\/wp-content\/uploads\/2014\/11\/Guilotineschere.jpg\" target=\"_blank\" rel=\"noopener noreferrer\"><img loading=\"lazy\" decoding=\"async\" class=\"alignright wp-image-3310\" src=\"https:\/\/neue-herbold.com\/wp-content\/uploads\/2014\/11\/Guilotineschere.jpg\" alt=\"Ciseaux \u00e0 Guillotine\" width=\"308\" height=\"599\" srcset=\"https:\/\/neue-herbold.com\/wp-content\/uploads\/2014\/11\/Guilotineschere.jpg 462w, https:\/\/neue-herbold.com\/wp-content\/uploads\/2014\/11\/Guilotineschere-154x300.jpg 154w, https:\/\/neue-herbold.com\/wp-content\/uploads\/2014\/11\/Guilotineschere-100x194.jpg 100w, https:\/\/neue-herbold.com\/wp-content\/uploads\/2014\/11\/Guilotineschere-150x292.jpg 150w, https:\/\/neue-herbold.com\/wp-content\/uploads\/2014\/11\/Guilotineschere-200x389.jpg 200w, https:\/\/neue-herbold.com\/wp-content\/uploads\/2014\/11\/Guilotineschere-300x584.jpg 300w, https:\/\/neue-herbold.com\/wp-content\/uploads\/2014\/11\/Guilotineschere-450x876.jpg 450w\" sizes=\"(max-width: 308px) 100vw, 308px\" \/><\/a>Utilisation<br \/>\n <\/strong><\/span><\/p>\n<ul>\n<li><span style=\"color: #000000;\">Les ciseaux \u00e0 guillotine NEUE HERBOLD sont utilis\u00e9s pour la d\u00e9coupe en portions pr\u00e9liminaire<br \/>\n <\/span><\/li>\n<li><span style=\"color: #000000;\">des balles des fibres<br \/>\n <\/span><\/li>\n<li><span style=\"color: #000000;\">des Balles en fils<br \/>\n <\/span><\/li>\n<li><span style=\"color: #000000;\">des films adh\u00e9rents l\u2019une \u00e0 l\u2019autre<br \/>\n <\/span><\/li>\n<li><span style=\"color: #000000;\">des blocs de purge en plastique<br \/>\n <\/span><\/li>\n<li><span style=\"color: #000000;\">des grands gateaux en plastique<br \/>\n <\/span><\/li>\n<li><span style=\"color: #000000;\">des balles en caoutchouc etc.<\/span><\/li>\n<\/ul>\n<p><span class=\"ellipsis\">&hellip;<\/span><\/p>\n<div class=\"read-more\"><a href=\"https:\/\/neue-herbold.com\/fr\/ciseaux-a-guillotine\/\">Lire la suite &#8250;<\/a><\/div>\n<p><!-- end of .read-more --><\/p>\n","protected":false},"author":1,"featured_media":0,"parent":0,"menu_order":0,"comment_status":"closed","ping_status":"closed","template":"","meta":{"footnotes":""},"class_list":["post-7971","page","type-page","status-publish","hentry"],"yoast_head":"<!-- This site is optimized with the Yoast SEO plugin v25.4 - https:\/\/yoast.com\/wordpress\/plugins\/seo\/ -->\n<title>Ciseaux \u00e0 Guillotine - Neue Herbold GmbH<\/title>\n<meta name=\"description\" content=\"Les ciseaux \u00e0 guillotine NEUE HERBOLD poss\u00e8dent un cadre fort et r\u00e9sistant \u00e0 la torsion. Le couteau de fente est mont\u00e9 en deux c\u00f4t\u00e9s dans une glissi\u00e8re mass\" \/>\n<meta name=\"robots\" content=\"index, follow, max-snippet:-1, max-image-preview:large, max-video-preview:-1\" \/>\n<link rel=\"canonical\" href=\"https:\/\/neue-herbold.com\/fr\/ciseaux-a-guillotine\/\" \/>\n<meta property=\"og:locale\" content=\"fr_FR\" \/>\n<meta property=\"og:type\" content=\"article\" \/>\n<meta property=\"og:title\" content=\"Ciseaux \u00e0 Guillotine - Neue Herbold GmbH\" \/>\n<meta property=\"og:description\" content=\"Les ciseaux \u00e0 guillotine NEUE HERBOLD poss\u00e8dent un cadre fort et r\u00e9sistant \u00e0 la torsion. Le couteau de fente est mont\u00e9 en deux c\u00f4t\u00e9s dans une glissi\u00e8re mass\" \/>\n<meta property=\"og:url\" content=\"https:\/\/neue-herbold.com\/fr\/ciseaux-a-guillotine\/\" \/>\n<meta property=\"og:site_name\" content=\"Neue Herbold GmbH\" \/>\n<meta property=\"article:modified_time\" content=\"2017-04-30T20:22:34+00:00\" \/>\n<meta property=\"og:image\" content=\"https:\/\/neue-herbold.com\/wp-content\/uploads\/2014\/11\/Guilotineschere.jpg\" \/>\n<meta name=\"twitter:label1\" content=\"Dur\u00e9e de lecture estim\u00e9e\" \/>\n\t<meta name=\"twitter:data1\" content=\"1 minute\" \/>\n<script type=\"application\/ld+json\" class=\"yoast-schema-graph\">{\"@context\":\"https:\/\/schema.org\",\"@graph\":[{\"@type\":\"WebPage\",\"@id\":\"https:\/\/neue-herbold.com\/fr\/ciseaux-a-guillotine\/\",\"url\":\"https:\/\/neue-herbold.com\/fr\/ciseaux-a-guillotine\/\",\"name\":\"Ciseaux \u00e0 Guillotine - Neue Herbold GmbH\",\"isPartOf\":{\"@id\":\"https:\/\/neue-herbold.com\/en\/#website\"},\"primaryImageOfPage\":{\"@id\":\"https:\/\/neue-herbold.com\/fr\/ciseaux-a-guillotine\/#primaryimage\"},\"image\":{\"@id\":\"https:\/\/neue-herbold.com\/fr\/ciseaux-a-guillotine\/#primaryimage\"},\"thumbnailUrl\":\"https:\/\/neue-herbold.com\/wp-content\/uploads\/2014\/11\/Guilotineschere.jpg\",\"datePublished\":\"2016-06-02T21:42:26+00:00\",\"dateModified\":\"2017-04-30T20:22:34+00:00\",\"description\":\"Les ciseaux \u00e0 guillotine NEUE HERBOLD poss\u00e8dent un cadre fort et r\u00e9sistant \u00e0 la torsion. Le couteau de fente est mont\u00e9 en deux c\u00f4t\u00e9s dans une glissi\u00e8re mass\",\"breadcrumb\":{\"@id\":\"https:\/\/neue-herbold.com\/fr\/ciseaux-a-guillotine\/#breadcrumb\"},\"inLanguage\":\"fr-FR\",\"potentialAction\":[{\"@type\":\"ReadAction\",\"target\":[\"https:\/\/neue-herbold.com\/fr\/ciseaux-a-guillotine\/\"]}]},{\"@type\":\"ImageObject\",\"inLanguage\":\"fr-FR\",\"@id\":\"https:\/\/neue-herbold.com\/fr\/ciseaux-a-guillotine\/#primaryimage\",\"url\":\"https:\/\/neue-herbold.com\/wp-content\/uploads\/2014\/11\/Guilotineschere.jpg\",\"contentUrl\":\"https:\/\/neue-herbold.com\/wp-content\/uploads\/2014\/11\/Guilotineschere.jpg\"},{\"@type\":\"BreadcrumbList\",\"@id\":\"https:\/\/neue-herbold.com\/fr\/ciseaux-a-guillotine\/#breadcrumb\",\"itemListElement\":[{\"@type\":\"ListItem\",\"position\":1,\"name\":\"Startseite\",\"item\":\"https:\/\/neue-herbold.com\/fr\/\"},{\"@type\":\"ListItem\",\"position\":2,\"name\":\"Ciseaux \u00e0 Guillotine\"}]},{\"@type\":\"WebSite\",\"@id\":\"https:\/\/neue-herbold.com\/en\/#website\",\"url\":\"https:\/\/neue-herbold.com\/en\/\",\"name\":\"Neue Herbold GmbH\",\"description\":\"\",\"potentialAction\":[{\"@type\":\"SearchAction\",\"target\":{\"@type\":\"EntryPoint\",\"urlTemplate\":\"https:\/\/neue-herbold.com\/en\/?s={search_term_string}\"},\"query-input\":{\"@type\":\"PropertyValueSpecification\",\"valueRequired\":true,\"valueName\":\"search_term_string\"}}],\"inLanguage\":\"fr-FR\"}]}<\/script>\n<!-- \/ Yoast SEO plugin. -->","yoast_head_json":{"title":"Ciseaux \u00e0 Guillotine - Neue Herbold GmbH","description":"Les ciseaux \u00e0 guillotine NEUE HERBOLD poss\u00e8dent un cadre fort et r\u00e9sistant \u00e0 la torsion. Le couteau de fente est mont\u00e9 en deux c\u00f4t\u00e9s dans une glissi\u00e8re mass","robots":{"index":"index","follow":"follow","max-snippet":"max-snippet:-1","max-image-preview":"max-image-preview:large","max-video-preview":"max-video-preview:-1"},"canonical":"https:\/\/neue-herbold.com\/fr\/ciseaux-a-guillotine\/","og_locale":"fr_FR","og_type":"article","og_title":"Ciseaux \u00e0 Guillotine - Neue Herbold GmbH","og_description":"Les ciseaux \u00e0 guillotine NEUE HERBOLD poss\u00e8dent un cadre fort et r\u00e9sistant \u00e0 la torsion. Le couteau de fente est mont\u00e9 en deux c\u00f4t\u00e9s dans une glissi\u00e8re mass","og_url":"https:\/\/neue-herbold.com\/fr\/ciseaux-a-guillotine\/","og_site_name":"Neue Herbold GmbH","article_modified_time":"2017-04-30T20:22:34+00:00","og_image":[{"url":"https:\/\/neue-herbold.com\/wp-content\/uploads\/2014\/11\/Guilotineschere.jpg","type":"","width":"","height":""}],"twitter_misc":{"Dur\u00e9e de lecture estim\u00e9e":"1 minute"},"schema":{"@context":"https:\/\/schema.org","@graph":[{"@type":"WebPage","@id":"https:\/\/neue-herbold.com\/fr\/ciseaux-a-guillotine\/","url":"https:\/\/neue-herbold.com\/fr\/ciseaux-a-guillotine\/","name":"Ciseaux \u00e0 Guillotine - Neue Herbold GmbH","isPartOf":{"@id":"https:\/\/neue-herbold.com\/en\/#website"},"primaryImageOfPage":{"@id":"https:\/\/neue-herbold.com\/fr\/ciseaux-a-guillotine\/#primaryimage"},"image":{"@id":"https:\/\/neue-herbold.com\/fr\/ciseaux-a-guillotine\/#primaryimage"},"thumbnailUrl":"https:\/\/neue-herbold.com\/wp-content\/uploads\/2014\/11\/Guilotineschere.jpg","datePublished":"2016-06-02T21:42:26+00:00","dateModified":"2017-04-30T20:22:34+00:00","description":"Les ciseaux \u00e0 guillotine NEUE HERBOLD poss\u00e8dent un cadre fort et r\u00e9sistant \u00e0 la torsion. Le couteau de fente est mont\u00e9 en deux c\u00f4t\u00e9s dans une glissi\u00e8re mass","breadcrumb":{"@id":"https:\/\/neue-herbold.com\/fr\/ciseaux-a-guillotine\/#breadcrumb"},"inLanguage":"fr-FR","potentialAction":[{"@type":"ReadAction","target":["https:\/\/neue-herbold.com\/fr\/ciseaux-a-guillotine\/"]}]},{"@type":"ImageObject","inLanguage":"fr-FR","@id":"https:\/\/neue-herbold.com\/fr\/ciseaux-a-guillotine\/#primaryimage","url":"https:\/\/neue-herbold.com\/wp-content\/uploads\/2014\/11\/Guilotineschere.jpg","contentUrl":"https:\/\/neue-herbold.com\/wp-content\/uploads\/2014\/11\/Guilotineschere.jpg"},{"@type":"BreadcrumbList","@id":"https:\/\/neue-herbold.com\/fr\/ciseaux-a-guillotine\/#breadcrumb","itemListElement":[{"@type":"ListItem","position":1,"name":"Startseite","item":"https:\/\/neue-herbold.com\/fr\/"},{"@type":"ListItem","position":2,"name":"Ciseaux \u00e0 Guillotine"}]},{"@type":"WebSite","@id":"https:\/\/neue-herbold.com\/en\/#website","url":"https:\/\/neue-herbold.com\/en\/","name":"Neue Herbold GmbH","description":"","potentialAction":[{"@type":"SearchAction","target":{"@type":"EntryPoint","urlTemplate":"https:\/\/neue-herbold.com\/en\/?s={search_term_string}"},"query-input":{"@type":"PropertyValueSpecification","valueRequired":true,"valueName":"search_term_string"}}],"inLanguage":"fr-FR"}]}},"_links":{"self":[{"href":"https:\/\/neue-herbold.com\/fr\/wp-json\/wp\/v2\/pages\/7971"}],"collection":[{"href":"https:\/\/neue-herbold.com\/fr\/wp-json\/wp\/v2\/pages"}],"about":[{"href":"https:\/\/neue-herbold.com\/fr\/wp-json\/wp\/v2\/types\/page"}],"author":[{"embeddable":true,"href":"https:\/\/neue-herbold.com\/fr\/wp-json\/wp\/v2\/users\/1"}],"replies":[{"embeddable":true,"href":"https:\/\/neue-herbold.com\/fr\/wp-json\/wp\/v2\/comments?post=7971"}],"version-history":[{"count":4,"href":"https:\/\/neue-herbold.com\/fr\/wp-json\/wp\/v2\/pages\/7971\/revisions"}],"predecessor-version":[{"id":10956,"href":"https:\/\/neue-herbold.com\/fr\/wp-json\/wp\/v2\/pages\/7971\/revisions\/10956"}],"wp:attachment":[{"href":"https:\/\/neue-herbold.com\/fr\/wp-json\/wp\/v2\/media?parent=7971"}],"curies":[{"name":"wp","href":"https:\/\/api.w.org\/{rel}","templated":true}]}}