{"id":7916,"date":"2016-06-02T22:48:51","date_gmt":"2016-06-02T20:48:51","guid":{"rendered":"https:\/\/neue-herbold.com\/fr\/mechanische-trockner-tm\/"},"modified":"2017-10-15T01:59:41","modified_gmt":"2017-10-14T23:59:41","slug":"secheurs-mecaniques-tm","status":"publish","type":"page","link":"https:\/\/neue-herbold.com\/fr\/secheurs-mecaniques-tm\/","title":{"rendered":"S\u00e9cheurs M\u00e9caniques TM"},"content":{"rendered":"<p><a href=\"https:\/\/neue-herbold.com\/wp-content\/uploads\/2014\/12\/TM-1006.jpg\" target=\"_blank\" rel=\"noopener\"><img loading=\"lazy\" decoding=\"async\" class=\"alignright wp-image-3023\" src=\"https:\/\/neue-herbold.com\/wp-content\/uploads\/2014\/12\/TM-1006-1024x936.jpg\" alt=\"S\u00e9cheurs M\u00e9caniques - TM 1006\" width=\"414\" height=\"378\" srcset=\"https:\/\/neue-herbold.com\/wp-content\/uploads\/2014\/12\/TM-1006-1024x936.jpg 1024w, https:\/\/neue-herbold.com\/wp-content\/uploads\/2014\/12\/TM-1006-300x274.jpg 300w, https:\/\/neue-herbold.com\/wp-content\/uploads\/2014\/12\/TM-1006-100x91.jpg 100w, https:\/\/neue-herbold.com\/wp-content\/uploads\/2014\/12\/TM-1006-150x137.jpg 150w, https:\/\/neue-herbold.com\/wp-content\/uploads\/2014\/12\/TM-1006-200x183.jpg 200w, https:\/\/neue-herbold.com\/wp-content\/uploads\/2014\/12\/TM-1006-450x411.jpg 450w, https:\/\/neue-herbold.com\/wp-content\/uploads\/2014\/12\/TM-1006-600x549.jpg 600w, https:\/\/neue-herbold.com\/wp-content\/uploads\/2014\/12\/TM-1006-900x823.jpg 900w, https:\/\/neue-herbold.com\/wp-content\/uploads\/2014\/12\/TM-1006.jpg 1200w\" sizes=\"(max-width: 414px) 100vw, 414px\" \/><\/a><strong><em>Secteur d\u2019emploi<\/em><\/strong><\/p>\n<p>Le s\u00e9cheur <strong>NEUE HERBOLD<\/strong> m\u00e9canique type TM est une unit\u00e9 de unit\u00e9 fonctionelle en aval des autres unit\u00e9s laveurs.<\/p>\n<h4>Les s\u00e9cheurs m\u00e9caniques<\/h4>\n<p>sont utilis\u00e9s pour le s\u00e9chage de surface des fractions des broy\u00e9s, de pr\u00e9f\u00e9rence des<\/p>\n<ul>\n<li>particules des films<\/li>\n<li>granul\u00e9es de PET<\/li>\n<li>autres plastiques en plastique dure.<\/li>\n<\/ul>\n<p><strong><em>Technique<\/em><\/strong><\/p>\n<p>La fraction mouill\u00e9e est ins\u00e9r\u00e9e \u00e0 l\u2019extr\u00e9mit\u00e9 sup\u00e9rieure par la tr\u00e9mie d\u2019entr\u00e9e. Le rotor du s\u00e9cheur m\u00e9canique la transporte de l\u2019entr\u00e9e jusqu\u2019\u00e0 la sortie. L\u2019angle des pales est aussi important pour la du transporte comme la vitesse du rotor.<\/p>\n<p>Au transport du mat\u00e9riel, les broy\u00e9s sont jet\u00e9s, transversalement \u00e0 l\u2019axe du rotor, vers le crible qui entoure le rotor, en ce qui l\u2019eau qui adh\u00e8re aux mat\u00e9riaux fuit. Pour \u00e9viter les obstructions du crible, il est nettoy\u00e9 m\u00e9caniquement.<\/p>\n<div id=\"attachment_3022\" style=\"width: 316px\" class=\"wp-caption alignleft\"><a href=\"https:\/\/neue-herbold.com\/wp-content\/uploads\/2014\/12\/TM-1000.jpg\" target=\"_blank\" rel=\"noopener\"><img loading=\"lazy\" decoding=\"async\" aria-describedby=\"caption-attachment-3022\" class=\"wp-image-3022\" src=\"https:\/\/neue-herbold.com\/wp-content\/uploads\/2014\/12\/TM-1000-1020x1024.jpg\" alt=\"S\u00e9cheurs M\u00e9caniques TM\" width=\"306\" height=\"307\" srcset=\"https:\/\/neue-herbold.com\/wp-content\/uploads\/2014\/12\/TM-1000-1020x1024.jpg 1020w, https:\/\/neue-herbold.com\/wp-content\/uploads\/2014\/12\/TM-1000-300x301.jpg 300w, https:\/\/neue-herbold.com\/wp-content\/uploads\/2014\/12\/TM-1000-100x100.jpg 100w, https:\/\/neue-herbold.com\/wp-content\/uploads\/2014\/12\/TM-1000-150x150.jpg 150w, https:\/\/neue-herbold.com\/wp-content\/uploads\/2014\/12\/TM-1000-200x200.jpg 200w, https:\/\/neue-herbold.com\/wp-content\/uploads\/2014\/12\/TM-1000-450x451.jpg 450w, https:\/\/neue-herbold.com\/wp-content\/uploads\/2014\/12\/TM-1000-600x602.jpg 600w, https:\/\/neue-herbold.com\/wp-content\/uploads\/2014\/12\/TM-1000-900x903.jpg 900w, https:\/\/neue-herbold.com\/wp-content\/uploads\/2014\/12\/TM-1000.jpg 1200w\" sizes=\"(max-width: 306px) 100vw, 306px\" \/><\/a><p id=\"caption-attachment-3022\" class=\"wp-caption-text\">S\u00e9cheur M\u00e9caniques TM 1005<\/p><\/div>\n<p>&nbsp;<\/p>\n<table>\n<tbody>\n<tr>\n<td style=\"text-align: center;\"><span style=\"color: #000000;\"><strong>Machine type<\/strong><\/span><\/td>\n<td style=\"text-align: center;\">\u00a0<\/td>\n<\/tr>\n<tr>\n<td style=\"text-align: center;\"><span style=\"color: #000000;\">S\u00e9cheur m\u00e9caniques type TM 1001<\/span><\/td>\n<td style=\"text-align: center;\">\u00a0<\/td>\n<\/tr>\n<tr>\n<td style=\"text-align: center;\"><span style=\"color: #000000;\">S\u00e9cheurs m\u00e9caniques type TM 1005<\/span><\/td>\n<td style=\"text-align: center;\"><span style=\"color: #000000;\"><a href=\"https:\/\/neue-herbold.com\/wp-content\/uploads\/2014\/12\/Secheur-mechaniques-TM-1005.pdf\" target=\"_blank\" rel=\"noopener\"><img loading=\"lazy\" decoding=\"async\" class=\"alignnone wp-image-5703\" src=\"https:\/\/neue-herbold.com\/wp-content\/uploads\/2014\/12\/PDF-ICON.jpg\" alt=\"PDF-ICON\" width=\"50\" height=\"48\" \/><\/a><\/span><\/td>\n<\/tr>\n<tr>\n<td style=\"text-align: center;\"><span style=\"color: #000000;\">S\u00e9cheurs m\u00e9caniques type TM 1006<\/span><\/td>\n<td style=\"text-align: center;\"><span style=\"color: #000000;\"><a href=\"https:\/\/neue-herbold.com\/wp-content\/uploads\/2014\/12\/Secheur-mechaniques-TM-1006.pdf\" target=\"_blank\" rel=\"noopener\"><img loading=\"lazy\" decoding=\"async\" class=\"alignnone wp-image-5703\" src=\"https:\/\/neue-herbold.com\/wp-content\/uploads\/2014\/12\/PDF-ICON.jpg\" alt=\"PDF-ICON\" width=\"50\" height=\"48\" \/><\/a><\/span><\/td>\n<\/tr>\n<\/tbody>\n<\/table>\n<p>&nbsp;<\/p>\n","protected":false},"excerpt":{"rendered":"<p><a href=\"https:\/\/neue-herbold.com\/wp-content\/uploads\/2014\/12\/TM-1006.jpg\" target=\"_blank\" rel=\"noopener\"><img loading=\"lazy\" decoding=\"async\" class=\"alignright wp-image-3023\" src=\"https:\/\/neue-herbold.com\/wp-content\/uploads\/2014\/12\/TM-1006-1024x936.jpg\" alt=\"S\u00e9cheurs M\u00e9caniques - TM 1006\" width=\"414\" height=\"378\" srcset=\"https:\/\/neue-herbold.com\/wp-content\/uploads\/2014\/12\/TM-1006-1024x936.jpg 1024w, https:\/\/neue-herbold.com\/wp-content\/uploads\/2014\/12\/TM-1006-300x274.jpg 300w, https:\/\/neue-herbold.com\/wp-content\/uploads\/2014\/12\/TM-1006-100x91.jpg 100w, https:\/\/neue-herbold.com\/wp-content\/uploads\/2014\/12\/TM-1006-150x137.jpg 150w, https:\/\/neue-herbold.com\/wp-content\/uploads\/2014\/12\/TM-1006-200x183.jpg 200w, https:\/\/neue-herbold.com\/wp-content\/uploads\/2014\/12\/TM-1006-450x411.jpg 450w, https:\/\/neue-herbold.com\/wp-content\/uploads\/2014\/12\/TM-1006-600x549.jpg 600w, https:\/\/neue-herbold.com\/wp-content\/uploads\/2014\/12\/TM-1006-900x823.jpg 900w, https:\/\/neue-herbold.com\/wp-content\/uploads\/2014\/12\/TM-1006.jpg 1200w\" sizes=\"(max-width: 414px) 100vw, 414px\" \/><\/a><strong><em>Secteur d\u2019emploi<\/em><\/strong><\/p>\n<p>Le s\u00e9cheur <strong>NEUE HERBOLD<\/strong> m\u00e9canique type TM est une unit\u00e9 de unit\u00e9 fonctionelle en aval des autres unit\u00e9s laveurs.<\/p>\n<p>Les s\u00e9cheurs m\u00e9caniques<\/p>\n<p>sont utilis\u00e9s pour le s\u00e9chage de surface des fractions des broy\u00e9s,<\/p>\n<p><span class=\"ellipsis\">&hellip;<\/span><\/p>\n<div class=\"read-more\"><a href=\"https:\/\/neue-herbold.com\/fr\/secheurs-mecaniques-tm\/\">Lire la suite &#8250;<\/a><\/div>\n<p><!-- end of .read-more --><\/p>\n","protected":false},"author":1,"featured_media":0,"parent":0,"menu_order":0,"comment_status":"closed","ping_status":"closed","template":"","meta":{"footnotes":""},"class_list":["post-7916","page","type-page","status-publish","hentry"],"yoast_head":"<!-- This site is optimized with the Yoast SEO plugin v25.4 - https:\/\/yoast.com\/wordpress\/plugins\/seo\/ -->\n<title>S\u00e9cheurs M\u00e9caniques TM - Neue Herbold GmbH<\/title>\n<meta name=\"description\" content=\"Les s\u00e9cheurs m\u00e9caniques est utilis\u00e9s pour le s\u00e9chage de surface des fractions des broy\u00e9s, de pr\u00e9f\u00e9rence des \u2022 particules des films \u2022 granul\u00e9es de PET\" \/>\n<meta name=\"robots\" content=\"index, follow, max-snippet:-1, max-image-preview:large, max-video-preview:-1\" \/>\n<link rel=\"canonical\" href=\"https:\/\/neue-herbold.com\/fr\/secheurs-mecaniques-tm\/\" \/>\n<meta property=\"og:locale\" content=\"fr_FR\" \/>\n<meta property=\"og:type\" content=\"article\" \/>\n<meta property=\"og:title\" content=\"S\u00e9cheurs M\u00e9caniques TM - Neue Herbold GmbH\" \/>\n<meta property=\"og:description\" content=\"Les s\u00e9cheurs m\u00e9caniques est utilis\u00e9s pour le s\u00e9chage de surface des fractions des broy\u00e9s, de pr\u00e9f\u00e9rence des \u2022 particules des films \u2022 granul\u00e9es de PET\" \/>\n<meta property=\"og:url\" content=\"https:\/\/neue-herbold.com\/fr\/secheurs-mecaniques-tm\/\" \/>\n<meta property=\"og:site_name\" content=\"Neue Herbold GmbH\" \/>\n<meta property=\"article:modified_time\" content=\"2017-10-14T23:59:41+00:00\" \/>\n<meta property=\"og:image\" content=\"https:\/\/neue-herbold.com\/wp-content\/uploads\/2014\/12\/TM-1006-1024x936.jpg\" \/>\n<meta name=\"twitter:label1\" content=\"Dur\u00e9e de lecture estim\u00e9e\" \/>\n\t<meta name=\"twitter:data1\" content=\"1 minute\" \/>\n<script type=\"application\/ld+json\" class=\"yoast-schema-graph\">{\"@context\":\"https:\/\/schema.org\",\"@graph\":[{\"@type\":\"WebPage\",\"@id\":\"https:\/\/neue-herbold.com\/fr\/secheurs-mecaniques-tm\/\",\"url\":\"https:\/\/neue-herbold.com\/fr\/secheurs-mecaniques-tm\/\",\"name\":\"S\u00e9cheurs M\u00e9caniques TM - Neue Herbold GmbH\",\"isPartOf\":{\"@id\":\"https:\/\/neue-herbold.com\/en\/#website\"},\"primaryImageOfPage\":{\"@id\":\"https:\/\/neue-herbold.com\/fr\/secheurs-mecaniques-tm\/#primaryimage\"},\"image\":{\"@id\":\"https:\/\/neue-herbold.com\/fr\/secheurs-mecaniques-tm\/#primaryimage\"},\"thumbnailUrl\":\"https:\/\/neue-herbold.com\/wp-content\/uploads\/2014\/12\/TM-1006-1024x936.jpg\",\"datePublished\":\"2016-06-02T20:48:51+00:00\",\"dateModified\":\"2017-10-14T23:59:41+00:00\",\"description\":\"Les s\u00e9cheurs m\u00e9caniques est utilis\u00e9s pour le s\u00e9chage de surface des fractions des broy\u00e9s, de pr\u00e9f\u00e9rence des \u2022 particules des films \u2022 granul\u00e9es de PET\",\"breadcrumb\":{\"@id\":\"https:\/\/neue-herbold.com\/fr\/secheurs-mecaniques-tm\/#breadcrumb\"},\"inLanguage\":\"fr-FR\",\"potentialAction\":[{\"@type\":\"ReadAction\",\"target\":[\"https:\/\/neue-herbold.com\/fr\/secheurs-mecaniques-tm\/\"]}]},{\"@type\":\"ImageObject\",\"inLanguage\":\"fr-FR\",\"@id\":\"https:\/\/neue-herbold.com\/fr\/secheurs-mecaniques-tm\/#primaryimage\",\"url\":\"https:\/\/neue-herbold.com\/wp-content\/uploads\/2014\/12\/TM-1006-1024x936.jpg\",\"contentUrl\":\"https:\/\/neue-herbold.com\/wp-content\/uploads\/2014\/12\/TM-1006-1024x936.jpg\"},{\"@type\":\"BreadcrumbList\",\"@id\":\"https:\/\/neue-herbold.com\/fr\/secheurs-mecaniques-tm\/#breadcrumb\",\"itemListElement\":[{\"@type\":\"ListItem\",\"position\":1,\"name\":\"Startseite\",\"item\":\"https:\/\/neue-herbold.com\/fr\/\"},{\"@type\":\"ListItem\",\"position\":2,\"name\":\"S\u00e9cheurs M\u00e9caniques TM\"}]},{\"@type\":\"WebSite\",\"@id\":\"https:\/\/neue-herbold.com\/en\/#website\",\"url\":\"https:\/\/neue-herbold.com\/en\/\",\"name\":\"Neue Herbold GmbH\",\"description\":\"\",\"potentialAction\":[{\"@type\":\"SearchAction\",\"target\":{\"@type\":\"EntryPoint\",\"urlTemplate\":\"https:\/\/neue-herbold.com\/en\/?s={search_term_string}\"},\"query-input\":{\"@type\":\"PropertyValueSpecification\",\"valueRequired\":true,\"valueName\":\"search_term_string\"}}],\"inLanguage\":\"fr-FR\"}]}<\/script>\n<!-- \/ Yoast SEO plugin. -->","yoast_head_json":{"title":"S\u00e9cheurs M\u00e9caniques TM - Neue Herbold GmbH","description":"Les s\u00e9cheurs m\u00e9caniques est utilis\u00e9s pour le s\u00e9chage de surface des fractions des broy\u00e9s, de pr\u00e9f\u00e9rence des \u2022 particules des films \u2022 granul\u00e9es de PET","robots":{"index":"index","follow":"follow","max-snippet":"max-snippet:-1","max-image-preview":"max-image-preview:large","max-video-preview":"max-video-preview:-1"},"canonical":"https:\/\/neue-herbold.com\/fr\/secheurs-mecaniques-tm\/","og_locale":"fr_FR","og_type":"article","og_title":"S\u00e9cheurs M\u00e9caniques TM - Neue Herbold GmbH","og_description":"Les s\u00e9cheurs m\u00e9caniques est utilis\u00e9s pour le s\u00e9chage de surface des fractions des broy\u00e9s, de pr\u00e9f\u00e9rence des \u2022 particules des films \u2022 granul\u00e9es de PET","og_url":"https:\/\/neue-herbold.com\/fr\/secheurs-mecaniques-tm\/","og_site_name":"Neue Herbold GmbH","article_modified_time":"2017-10-14T23:59:41+00:00","og_image":[{"url":"https:\/\/neue-herbold.com\/wp-content\/uploads\/2014\/12\/TM-1006-1024x936.jpg","type":"","width":"","height":""}],"twitter_misc":{"Dur\u00e9e de lecture estim\u00e9e":"1 minute"},"schema":{"@context":"https:\/\/schema.org","@graph":[{"@type":"WebPage","@id":"https:\/\/neue-herbold.com\/fr\/secheurs-mecaniques-tm\/","url":"https:\/\/neue-herbold.com\/fr\/secheurs-mecaniques-tm\/","name":"S\u00e9cheurs M\u00e9caniques TM - Neue Herbold GmbH","isPartOf":{"@id":"https:\/\/neue-herbold.com\/en\/#website"},"primaryImageOfPage":{"@id":"https:\/\/neue-herbold.com\/fr\/secheurs-mecaniques-tm\/#primaryimage"},"image":{"@id":"https:\/\/neue-herbold.com\/fr\/secheurs-mecaniques-tm\/#primaryimage"},"thumbnailUrl":"https:\/\/neue-herbold.com\/wp-content\/uploads\/2014\/12\/TM-1006-1024x936.jpg","datePublished":"2016-06-02T20:48:51+00:00","dateModified":"2017-10-14T23:59:41+00:00","description":"Les s\u00e9cheurs m\u00e9caniques est utilis\u00e9s pour le s\u00e9chage de surface des fractions des broy\u00e9s, de pr\u00e9f\u00e9rence des \u2022 particules des films \u2022 granul\u00e9es de PET","breadcrumb":{"@id":"https:\/\/neue-herbold.com\/fr\/secheurs-mecaniques-tm\/#breadcrumb"},"inLanguage":"fr-FR","potentialAction":[{"@type":"ReadAction","target":["https:\/\/neue-herbold.com\/fr\/secheurs-mecaniques-tm\/"]}]},{"@type":"ImageObject","inLanguage":"fr-FR","@id":"https:\/\/neue-herbold.com\/fr\/secheurs-mecaniques-tm\/#primaryimage","url":"https:\/\/neue-herbold.com\/wp-content\/uploads\/2014\/12\/TM-1006-1024x936.jpg","contentUrl":"https:\/\/neue-herbold.com\/wp-content\/uploads\/2014\/12\/TM-1006-1024x936.jpg"},{"@type":"BreadcrumbList","@id":"https:\/\/neue-herbold.com\/fr\/secheurs-mecaniques-tm\/#breadcrumb","itemListElement":[{"@type":"ListItem","position":1,"name":"Startseite","item":"https:\/\/neue-herbold.com\/fr\/"},{"@type":"ListItem","position":2,"name":"S\u00e9cheurs M\u00e9caniques TM"}]},{"@type":"WebSite","@id":"https:\/\/neue-herbold.com\/en\/#website","url":"https:\/\/neue-herbold.com\/en\/","name":"Neue Herbold GmbH","description":"","potentialAction":[{"@type":"SearchAction","target":{"@type":"EntryPoint","urlTemplate":"https:\/\/neue-herbold.com\/en\/?s={search_term_string}"},"query-input":{"@type":"PropertyValueSpecification","valueRequired":true,"valueName":"search_term_string"}}],"inLanguage":"fr-FR"}]}},"_links":{"self":[{"href":"https:\/\/neue-herbold.com\/fr\/wp-json\/wp\/v2\/pages\/7916"}],"collection":[{"href":"https:\/\/neue-herbold.com\/fr\/wp-json\/wp\/v2\/pages"}],"about":[{"href":"https:\/\/neue-herbold.com\/fr\/wp-json\/wp\/v2\/types\/page"}],"author":[{"embeddable":true,"href":"https:\/\/neue-herbold.com\/fr\/wp-json\/wp\/v2\/users\/1"}],"replies":[{"embeddable":true,"href":"https:\/\/neue-herbold.com\/fr\/wp-json\/wp\/v2\/comments?post=7916"}],"version-history":[{"count":6,"href":"https:\/\/neue-herbold.com\/fr\/wp-json\/wp\/v2\/pages\/7916\/revisions"}],"predecessor-version":[{"id":11281,"href":"https:\/\/neue-herbold.com\/fr\/wp-json\/wp\/v2\/pages\/7916\/revisions\/11281"}],"wp:attachment":[{"href":"https:\/\/neue-herbold.com\/fr\/wp-json\/wp\/v2\/media?parent=7916"}],"curies":[{"name":"wp","href":"https:\/\/api.w.org\/{rel}","templated":true}]}}