{"id":7870,"date":"2016-06-02T21:47:28","date_gmt":"2016-06-02T19:47:28","guid":{"rendered":"https:\/\/neue-herbold.com\/fr\/friktionswaescher\/"},"modified":"2022-07-21T02:21:45","modified_gmt":"2022-07-21T00:21:45","slug":"laveurs-a-friction-separateurs-a-friction-fw","status":"publish","type":"page","link":"https:\/\/neue-herbold.com\/fr\/laveurs-a-friction-separateurs-a-friction-fw\/","title":{"rendered":"Laveurs \u00e0 friction \/ S\u00e9parateurs \u00e0 friction FW"},"content":{"rendered":"<div id=\"attachment_3017\" style=\"width: 444px\" class=\"wp-caption alignright\"><a href=\"https:\/\/neue-herbold.com\/wp-content\/uploads\/2014\/11\/WA-022.jpg\" target=\"_blank\" rel=\"noopener noreferrer\"><img loading=\"lazy\" decoding=\"async\" aria-describedby=\"caption-attachment-3017\" class=\"wp-image-3017\" src=\"https:\/\/neue-herbold.com\/wp-content\/uploads\/2014\/11\/WA-022-1009x1024.jpg\" alt=\"Laveurs \u00e0 friction Serie FW 560\/3000\" width=\"434\" height=\"440\" srcset=\"https:\/\/neue-herbold.com\/wp-content\/uploads\/2014\/11\/WA-022-1009x1024.jpg 1009w, https:\/\/neue-herbold.com\/wp-content\/uploads\/2014\/11\/WA-022-295x300.jpg 295w, https:\/\/neue-herbold.com\/wp-content\/uploads\/2014\/11\/WA-022-100x101.jpg 100w, https:\/\/neue-herbold.com\/wp-content\/uploads\/2014\/11\/WA-022-150x152.jpg 150w, https:\/\/neue-herbold.com\/wp-content\/uploads\/2014\/11\/WA-022-200x202.jpg 200w, https:\/\/neue-herbold.com\/wp-content\/uploads\/2014\/11\/WA-022-300x304.jpg 300w, https:\/\/neue-herbold.com\/wp-content\/uploads\/2014\/11\/WA-022-450x456.jpg 450w, https:\/\/neue-herbold.com\/wp-content\/uploads\/2014\/11\/WA-022-600x608.jpg 600w, https:\/\/neue-herbold.com\/wp-content\/uploads\/2014\/11\/WA-022-900x912.jpg 900w, https:\/\/neue-herbold.com\/wp-content\/uploads\/2014\/11\/WA-022.jpg 1200w\" sizes=\"(max-width: 434px) 100vw, 434px\" \/><\/a><p id=\"caption-attachment-3017\" class=\"wp-caption-text\">Laveurs \u00e0 friction Type FW 560\/3000 \/ avec Broyeur Type SM 450\/1000<\/p><\/div>\n<p><strong><em>Secteur d\u2019emploi<\/em><\/strong><\/p>\n<p>Les laveurs \u00e0 friction <strong>NEUE HERBOLD<\/strong> type FW \/ FA sont utilis\u00e9s pour le lavage des fractions des broy\u00e9es, comme par exemple :<\/p>\n<ul>\n<li>avage des particules des films<\/li>\n<li>Lavage des granul\u00e9s des bouteilles en PET<\/li>\n<li>Lavage des autres plastiques en plastique dure<\/li>\n<\/ul>\n<p><strong><em>Technique<\/em><\/strong><\/p>\n<p>A cause du montage inclin\u00e9 des pales sur le rotor, les broy\u00e9s sont transport\u00e9s par la vis du laveur \u00e0 friction jusqu\u2019\u00e0 la sortie situ\u00e9e \u00e0 l\u2019haut du laveur. Les broy\u00e9s sont lav\u00e9s pendant cette l\u2019ascension.<\/p>\n<p>Les fins, l\u2019eau et aussi du papier mouill\u00e9 sont lanc\u00e9s par un crible fin, qui entoure le rotor. Ayant pass\u00e9 le crible, ils peuvent sortit par une tubulure de sortie.<\/p>\n<div id=\"attachment_3288\" style=\"width: 310px\" class=\"wp-caption alignleft\"><a href=\"https:\/\/neue-herbold.com\/wp-content\/uploads\/2014\/11\/P7050058.jpg\" target=\"_blank\" rel=\"noopener noreferrer\"><img loading=\"lazy\" decoding=\"async\" aria-describedby=\"caption-attachment-3288\" class=\"wp-image-3288 size-medium\" src=\"https:\/\/neue-herbold.com\/wp-content\/uploads\/2014\/11\/P7050058-300x225.jpg\" alt=\"Laveur \u00e0 friction FA 600\/3200\" width=\"300\" height=\"225\" srcset=\"https:\/\/neue-herbold.com\/wp-content\/uploads\/2014\/11\/P7050058-300x225.jpg 300w, https:\/\/neue-herbold.com\/wp-content\/uploads\/2014\/11\/P7050058-1024x768.jpg 1024w, https:\/\/neue-herbold.com\/wp-content\/uploads\/2014\/11\/P7050058-100x75.jpg 100w, https:\/\/neue-herbold.com\/wp-content\/uploads\/2014\/11\/P7050058-150x112.jpg 150w, https:\/\/neue-herbold.com\/wp-content\/uploads\/2014\/11\/P7050058-200x150.jpg 200w, https:\/\/neue-herbold.com\/wp-content\/uploads\/2014\/11\/P7050058-450x337.jpg 450w, https:\/\/neue-herbold.com\/wp-content\/uploads\/2014\/11\/P7050058-600x450.jpg 600w, https:\/\/neue-herbold.com\/wp-content\/uploads\/2014\/11\/P7050058-900x675.jpg 900w, https:\/\/neue-herbold.com\/wp-content\/uploads\/2014\/11\/P7050058.jpg 1200w\" sizes=\"(max-width: 300px) 100vw, 300px\" \/><\/a><p id=\"caption-attachment-3288\" class=\"wp-caption-text\">Laveur \u00e0 friction FA 600\/3200<\/p><\/div>\n<p>Pour \u00e9viter la obstruction <br \/>\ndes trous dans le crible, <br \/>\neau frais ou eau propre <br \/>\ncirculant est ins\u00e9r\u00e9 constamment. <\/p>\n<p>En plus, la surface du crible <br \/>\nest nettoy\u00e9e m\u00e9caniquement.<\/p>\n<p>&nbsp;<\/p>\n<table>\n<tbody>\n<tr>\n<td style=\"text-align: center;\">\n<h4><span style=\"color: #000000;\"><strong>Laveurs \u00e0 friction &#8211; Types des machines<br \/>\n<\/strong><\/span><\/h4>\n<\/td>\n<td style=\"text-align: center;\">\n<h4><span style=\"color: #000000;\"><strong><a href=\"https:\/\/neue-herbold.com\/wp-content\/uploads\/2014\/12\/Separateur-a-friction-FW-Series.pdf\" target=\"_blank\" rel=\"noopener noreferrer\"><img loading=\"lazy\" decoding=\"async\" class=\"alignnone wp-image-5703\" src=\"https:\/\/neue-herbold.com\/wp-content\/uploads\/2014\/12\/PDF-ICON.jpg\" alt=\"PDF-ICON\" width=\"50\" height=\"48\" \/><\/a><\/strong><\/span><\/h4>\n<\/td>\n<\/tr>\n<tr>\n<td style=\"text-align: left;\"><span style=\"color: #000000;\">Laveurs \u00e0 friction type FW 560\/3000<\/span><\/td>\n<td style=\"text-align: left;\">\u00a0<\/td>\n<\/tr>\n<tr>\n<td style=\"text-align: left;\"><span style=\"color: #000000;\">Laveurs \u00e0 friction type FA 600\/3200<\/span><\/td>\n<td style=\"text-align: left;\">\u00a0<\/td>\n<\/tr>\n<\/tbody>\n<\/table>\n<p>&nbsp;<\/p>\n<p><em><strong>Video: Laveur \u00e0 friction en marche <span style=\"color: #808080;\">(en anglais)<\/span><br \/>\n<\/strong><\/em><\/p>\n<div id=\"bcrcLtkyaF\" data-borlabs-cookie-blocked-content><div class=\"borlabs-cookie-bct bc-bct-video bc-bct-youtube\"> <p class=\"bc-thumbnail\"><img src=\"https:\/\/neue-herbold.com\/wp-content\/plugins\/borlabs-cookie\/images\/bct-no-thumbnail.png\" alt=\"YouTube\"><\/p> <div class=\"bc-text\"> <p>Pour prot\u00e9ger vos donn\u00e9es personnelles, votre connexion \u00e0 YouTube a \u00e9t\u00e9 bloqu\u00e9e. <br> Cliquez sur <strong> Charger la vid\u00e9o <\/strong> pour d\u00e9bloquer YouTube. <br> En chargeant la vid\u00e9o, vous acceptez les r\u00e8gles de confidentialit\u00e9 de YouTube. <br> Pour plus d'informations sur la politique de confidentialit\u00e9 de YouTube, cliquez ici. <a href=\"https:\/\/policies.google.com\/privacy?hl=fr&gl=fr\" target=\"_blank\" rel=\"nofollow\">Google - Politique de confidentialit\u00e9<\/a><\/p> <p><label><input type=\"checkbox\" name=\"unblockAll\" value=\"1\" > Ne bloquez plus les vid\u00e9os YouTube \u00e0 l'avenir.<\/label> <a role=\"button\" data-borlabs-cookie-unblock>Charger la vid\u00e9o<\/a><\/p> <\/div> <\/div><\/div>\n","protected":false},"excerpt":{"rendered":"<p><strong><em>Secteur d\u2019emploi<\/em><\/strong><\/p>\n<p>Les laveurs \u00e0 friction <strong>NEUE HERBOLD<\/strong> type FW \/ FA sont utilis\u00e9s pour le lavage des fractions des broy\u00e9es, comme par exemple :<\/p>\n<ul>\n<li>avage des particules des films<\/li>\n<li>Lavage des granul\u00e9s des bouteilles en PET<\/li>\n<li>Lavage des autres plastiques en plastique dure<\/li>\n<\/ul>\n<p><strong><em>Technique<\/em><\/strong><\/p>\n<p>A cause du montage inclin\u00e9 des pales sur le rotor,<\/p>\n<p><span class=\"ellipsis\">&hellip;<\/span><\/p>\n<div class=\"read-more\"><a href=\"https:\/\/neue-herbold.com\/fr\/laveurs-a-friction-separateurs-a-friction-fw\/\">Lire la suite &#8250;<\/a><\/div>\n<p><!-- end of .read-more --><\/p>\n","protected":false},"author":1,"featured_media":0,"parent":0,"menu_order":0,"comment_status":"closed","ping_status":"closed","template":"","meta":{"footnotes":""},"class_list":["post-7870","page","type-page","status-publish","hentry"],"yoast_head":"<!-- This site is optimized with the Yoast SEO plugin v25.4 - https:\/\/yoast.com\/wordpress\/plugins\/seo\/ -->\n<title>Laveurs \u00e0 friction \/ S\u00e9parateurs \u00e0 friction FW<\/title>\n<meta name=\"description\" content=\"Les laveurs \u00e0 friction NEUE HERBOLD type FW \/ FA sont utilis\u00e9s pour le lavage des fractions des broy\u00e9es, comme par exemple : avage des particules des films\" \/>\n<meta name=\"robots\" content=\"index, follow, max-snippet:-1, max-image-preview:large, max-video-preview:-1\" \/>\n<link rel=\"canonical\" href=\"https:\/\/neue-herbold.com\/fr\/laveurs-a-friction-separateurs-a-friction-fw\/\" \/>\n<meta property=\"og:locale\" content=\"fr_FR\" \/>\n<meta property=\"og:type\" content=\"article\" \/>\n<meta property=\"og:title\" content=\"Laveurs \u00e0 friction \/ S\u00e9parateurs \u00e0 friction FW\" \/>\n<meta property=\"og:description\" content=\"Les laveurs \u00e0 friction NEUE HERBOLD type FW \/ FA sont utilis\u00e9s pour le lavage des fractions des broy\u00e9es, comme par exemple : avage des particules des films\" \/>\n<meta property=\"og:url\" content=\"https:\/\/neue-herbold.com\/fr\/laveurs-a-friction-separateurs-a-friction-fw\/\" \/>\n<meta property=\"og:site_name\" content=\"Neue Herbold GmbH\" \/>\n<meta property=\"article:modified_time\" content=\"2022-07-21T00:21:45+00:00\" \/>\n<meta property=\"og:image\" content=\"https:\/\/neue-herbold.com\/wp-content\/uploads\/2014\/11\/WA-022-1009x1024.jpg\" \/>\n<meta name=\"twitter:label1\" content=\"Dur\u00e9e de lecture estim\u00e9e\" \/>\n\t<meta name=\"twitter:data1\" content=\"2 minutes\" \/>\n<script type=\"application\/ld+json\" class=\"yoast-schema-graph\">{\"@context\":\"https:\/\/schema.org\",\"@graph\":[{\"@type\":\"WebPage\",\"@id\":\"https:\/\/neue-herbold.com\/fr\/laveurs-a-friction-separateurs-a-friction-fw\/\",\"url\":\"https:\/\/neue-herbold.com\/fr\/laveurs-a-friction-separateurs-a-friction-fw\/\",\"name\":\"Laveurs \u00e0 friction \/ S\u00e9parateurs \u00e0 friction FW\",\"isPartOf\":{\"@id\":\"https:\/\/neue-herbold.com\/en\/#website\"},\"primaryImageOfPage\":{\"@id\":\"https:\/\/neue-herbold.com\/fr\/laveurs-a-friction-separateurs-a-friction-fw\/#primaryimage\"},\"image\":{\"@id\":\"https:\/\/neue-herbold.com\/fr\/laveurs-a-friction-separateurs-a-friction-fw\/#primaryimage\"},\"thumbnailUrl\":\"https:\/\/neue-herbold.com\/wp-content\/uploads\/2014\/11\/WA-022-1009x1024.jpg\",\"datePublished\":\"2016-06-02T19:47:28+00:00\",\"dateModified\":\"2022-07-21T00:21:45+00:00\",\"description\":\"Les laveurs \u00e0 friction NEUE HERBOLD type FW \/ FA sont utilis\u00e9s pour le lavage des fractions des broy\u00e9es, comme par exemple : avage des particules des films\",\"breadcrumb\":{\"@id\":\"https:\/\/neue-herbold.com\/fr\/laveurs-a-friction-separateurs-a-friction-fw\/#breadcrumb\"},\"inLanguage\":\"fr-FR\",\"potentialAction\":[{\"@type\":\"ReadAction\",\"target\":[\"https:\/\/neue-herbold.com\/fr\/laveurs-a-friction-separateurs-a-friction-fw\/\"]}]},{\"@type\":\"ImageObject\",\"inLanguage\":\"fr-FR\",\"@id\":\"https:\/\/neue-herbold.com\/fr\/laveurs-a-friction-separateurs-a-friction-fw\/#primaryimage\",\"url\":\"https:\/\/neue-herbold.com\/wp-content\/uploads\/2014\/11\/WA-022-1009x1024.jpg\",\"contentUrl\":\"https:\/\/neue-herbold.com\/wp-content\/uploads\/2014\/11\/WA-022-1009x1024.jpg\"},{\"@type\":\"BreadcrumbList\",\"@id\":\"https:\/\/neue-herbold.com\/fr\/laveurs-a-friction-separateurs-a-friction-fw\/#breadcrumb\",\"itemListElement\":[{\"@type\":\"ListItem\",\"position\":1,\"name\":\"Startseite\",\"item\":\"https:\/\/neue-herbold.com\/fr\/\"},{\"@type\":\"ListItem\",\"position\":2,\"name\":\"Laveurs \u00e0 friction \/ S\u00e9parateurs \u00e0 friction FW\"}]},{\"@type\":\"WebSite\",\"@id\":\"https:\/\/neue-herbold.com\/en\/#website\",\"url\":\"https:\/\/neue-herbold.com\/en\/\",\"name\":\"Neue Herbold GmbH\",\"description\":\"\",\"potentialAction\":[{\"@type\":\"SearchAction\",\"target\":{\"@type\":\"EntryPoint\",\"urlTemplate\":\"https:\/\/neue-herbold.com\/en\/?s={search_term_string}\"},\"query-input\":{\"@type\":\"PropertyValueSpecification\",\"valueRequired\":true,\"valueName\":\"search_term_string\"}}],\"inLanguage\":\"fr-FR\"}]}<\/script>\n<!-- \/ Yoast SEO plugin. -->","yoast_head_json":{"title":"Laveurs \u00e0 friction \/ S\u00e9parateurs \u00e0 friction FW","description":"Les laveurs \u00e0 friction NEUE HERBOLD type FW \/ FA sont utilis\u00e9s pour le lavage des fractions des broy\u00e9es, comme par exemple : avage des particules des films","robots":{"index":"index","follow":"follow","max-snippet":"max-snippet:-1","max-image-preview":"max-image-preview:large","max-video-preview":"max-video-preview:-1"},"canonical":"https:\/\/neue-herbold.com\/fr\/laveurs-a-friction-separateurs-a-friction-fw\/","og_locale":"fr_FR","og_type":"article","og_title":"Laveurs \u00e0 friction \/ S\u00e9parateurs \u00e0 friction FW","og_description":"Les laveurs \u00e0 friction NEUE HERBOLD type FW \/ FA sont utilis\u00e9s pour le lavage des fractions des broy\u00e9es, comme par exemple : avage des particules des films","og_url":"https:\/\/neue-herbold.com\/fr\/laveurs-a-friction-separateurs-a-friction-fw\/","og_site_name":"Neue Herbold GmbH","article_modified_time":"2022-07-21T00:21:45+00:00","og_image":[{"url":"https:\/\/neue-herbold.com\/wp-content\/uploads\/2014\/11\/WA-022-1009x1024.jpg","type":"","width":"","height":""}],"twitter_misc":{"Dur\u00e9e de lecture estim\u00e9e":"2 minutes"},"schema":{"@context":"https:\/\/schema.org","@graph":[{"@type":"WebPage","@id":"https:\/\/neue-herbold.com\/fr\/laveurs-a-friction-separateurs-a-friction-fw\/","url":"https:\/\/neue-herbold.com\/fr\/laveurs-a-friction-separateurs-a-friction-fw\/","name":"Laveurs \u00e0 friction \/ S\u00e9parateurs \u00e0 friction FW","isPartOf":{"@id":"https:\/\/neue-herbold.com\/en\/#website"},"primaryImageOfPage":{"@id":"https:\/\/neue-herbold.com\/fr\/laveurs-a-friction-separateurs-a-friction-fw\/#primaryimage"},"image":{"@id":"https:\/\/neue-herbold.com\/fr\/laveurs-a-friction-separateurs-a-friction-fw\/#primaryimage"},"thumbnailUrl":"https:\/\/neue-herbold.com\/wp-content\/uploads\/2014\/11\/WA-022-1009x1024.jpg","datePublished":"2016-06-02T19:47:28+00:00","dateModified":"2022-07-21T00:21:45+00:00","description":"Les laveurs \u00e0 friction NEUE HERBOLD type FW \/ FA sont utilis\u00e9s pour le lavage des fractions des broy\u00e9es, comme par exemple : avage des particules des films","breadcrumb":{"@id":"https:\/\/neue-herbold.com\/fr\/laveurs-a-friction-separateurs-a-friction-fw\/#breadcrumb"},"inLanguage":"fr-FR","potentialAction":[{"@type":"ReadAction","target":["https:\/\/neue-herbold.com\/fr\/laveurs-a-friction-separateurs-a-friction-fw\/"]}]},{"@type":"ImageObject","inLanguage":"fr-FR","@id":"https:\/\/neue-herbold.com\/fr\/laveurs-a-friction-separateurs-a-friction-fw\/#primaryimage","url":"https:\/\/neue-herbold.com\/wp-content\/uploads\/2014\/11\/WA-022-1009x1024.jpg","contentUrl":"https:\/\/neue-herbold.com\/wp-content\/uploads\/2014\/11\/WA-022-1009x1024.jpg"},{"@type":"BreadcrumbList","@id":"https:\/\/neue-herbold.com\/fr\/laveurs-a-friction-separateurs-a-friction-fw\/#breadcrumb","itemListElement":[{"@type":"ListItem","position":1,"name":"Startseite","item":"https:\/\/neue-herbold.com\/fr\/"},{"@type":"ListItem","position":2,"name":"Laveurs \u00e0 friction \/ S\u00e9parateurs \u00e0 friction FW"}]},{"@type":"WebSite","@id":"https:\/\/neue-herbold.com\/en\/#website","url":"https:\/\/neue-herbold.com\/en\/","name":"Neue Herbold GmbH","description":"","potentialAction":[{"@type":"SearchAction","target":{"@type":"EntryPoint","urlTemplate":"https:\/\/neue-herbold.com\/en\/?s={search_term_string}"},"query-input":{"@type":"PropertyValueSpecification","valueRequired":true,"valueName":"search_term_string"}}],"inLanguage":"fr-FR"}]}},"_links":{"self":[{"href":"https:\/\/neue-herbold.com\/fr\/wp-json\/wp\/v2\/pages\/7870"}],"collection":[{"href":"https:\/\/neue-herbold.com\/fr\/wp-json\/wp\/v2\/pages"}],"about":[{"href":"https:\/\/neue-herbold.com\/fr\/wp-json\/wp\/v2\/types\/page"}],"author":[{"embeddable":true,"href":"https:\/\/neue-herbold.com\/fr\/wp-json\/wp\/v2\/users\/1"}],"replies":[{"embeddable":true,"href":"https:\/\/neue-herbold.com\/fr\/wp-json\/wp\/v2\/comments?post=7870"}],"version-history":[{"count":5,"href":"https:\/\/neue-herbold.com\/fr\/wp-json\/wp\/v2\/pages\/7870\/revisions"}],"predecessor-version":[{"id":16005,"href":"https:\/\/neue-herbold.com\/fr\/wp-json\/wp\/v2\/pages\/7870\/revisions\/16005"}],"wp:attachment":[{"href":"https:\/\/neue-herbold.com\/fr\/wp-json\/wp\/v2\/media?parent=7870"}],"curies":[{"name":"wp","href":"https:\/\/api.w.org\/{rel}","templated":true}]}}