{"id":7853,"date":"2016-06-02T21:38:24","date_gmt":"2016-06-02T19:38:24","guid":{"rendered":"https:\/\/neue-herbold.com\/fr\/xfc\/"},"modified":"2016-06-02T21:44:37","modified_gmt":"2016-06-02T19:44:37","slug":"vis-dessorage","status":"publish","type":"page","link":"https:\/\/neue-herbold.com\/fr\/vis-dessorage\/","title":{"rendered":"Vis d&rsquo;essorage"},"content":{"rendered":"<p><a href=\"https:\/\/neue-herbold.com\/wp-content\/uploads\/2015\/03\/Einweichschnecke.jpg\" target=\"_blank\"><img loading=\"lazy\" decoding=\"async\" class=\"  alignright wp-image-5233\" src=\"https:\/\/neue-herbold.com\/wp-content\/uploads\/2015\/03\/Einweichschnecke-1019x1024.jpg\" alt=\"Vis d'essorage\" width=\"485\" height=\"487\" srcset=\"https:\/\/neue-herbold.com\/wp-content\/uploads\/2015\/03\/Einweichschnecke-1019x1024.jpg 1019w, https:\/\/neue-herbold.com\/wp-content\/uploads\/2015\/03\/Einweichschnecke-300x302.jpg 300w, https:\/\/neue-herbold.com\/wp-content\/uploads\/2015\/03\/Einweichschnecke-100x101.jpg 100w, https:\/\/neue-herbold.com\/wp-content\/uploads\/2015\/03\/Einweichschnecke-150x151.jpg 150w, https:\/\/neue-herbold.com\/wp-content\/uploads\/2015\/03\/Einweichschnecke-200x201.jpg 200w, https:\/\/neue-herbold.com\/wp-content\/uploads\/2015\/03\/Einweichschnecke-450x452.jpg 450w, https:\/\/neue-herbold.com\/wp-content\/uploads\/2015\/03\/Einweichschnecke-600x603.jpg 600w, https:\/\/neue-herbold.com\/wp-content\/uploads\/2015\/03\/Einweichschnecke-900x905.jpg 900w, https:\/\/neue-herbold.com\/wp-content\/uploads\/2015\/03\/Einweichschnecke.jpg 1200w\" sizes=\"(max-width: 485px) 100vw, 485px\" \/><\/a>Le mat\u00e9riaux simultan\u00e9ment lav\u00e9 et broy\u00e9 dans l&rsquo;unit\u00e9 de broyage humide (broyeur de lavage) tombe dans une vis d&rsquo;essorage qui s\u00e9pare les salet\u00e9s dissoutes de l&rsquo;eau.<\/p>\n","protected":false},"excerpt":{"rendered":"<p><a href=\"https:\/\/neue-herbold.com\/wp-content\/uploads\/2015\/03\/Einweichschnecke.jpg\" target=\"_blank\"><img loading=\"lazy\" decoding=\"async\" class=\"  alignright wp-image-5233\" src=\"https:\/\/neue-herbold.com\/wp-content\/uploads\/2015\/03\/Einweichschnecke-1019x1024.jpg\" alt=\"Vis d'essorage\" width=\"485\" height=\"487\" srcset=\"https:\/\/neue-herbold.com\/wp-content\/uploads\/2015\/03\/Einweichschnecke-1019x1024.jpg 1019w, https:\/\/neue-herbold.com\/wp-content\/uploads\/2015\/03\/Einweichschnecke-300x302.jpg 300w, https:\/\/neue-herbold.com\/wp-content\/uploads\/2015\/03\/Einweichschnecke-100x101.jpg 100w, https:\/\/neue-herbold.com\/wp-content\/uploads\/2015\/03\/Einweichschnecke-150x151.jpg 150w, https:\/\/neue-herbold.com\/wp-content\/uploads\/2015\/03\/Einweichschnecke-200x201.jpg 200w, https:\/\/neue-herbold.com\/wp-content\/uploads\/2015\/03\/Einweichschnecke-450x452.jpg 450w, https:\/\/neue-herbold.com\/wp-content\/uploads\/2015\/03\/Einweichschnecke-600x603.jpg 600w, https:\/\/neue-herbold.com\/wp-content\/uploads\/2015\/03\/Einweichschnecke-900x905.jpg 900w, https:\/\/neue-herbold.com\/wp-content\/uploads\/2015\/03\/Einweichschnecke.jpg 1200w\" sizes=\"(max-width: 485px) 100vw, 485px\" \/><\/a>Le mat\u00e9riaux simultan\u00e9ment lav\u00e9 et broy\u00e9 dans l&rsquo;unit\u00e9 de broyage humide (broyeur de lavage) tombe dans une vis d&rsquo;essorage qui s\u00e9pare les salet\u00e9s dissoutes de l&rsquo;eau.<\/p>\n<p><span class=\"ellipsis\">&hellip;<\/span><\/p>\n<div class=\"read-more\"><a href=\"https:\/\/neue-herbold.com\/fr\/vis-dessorage\/\">Lire la suite &#8250;<\/a><\/div>\n<p><!-- end of .read-more --><\/p>\n","protected":false},"author":1,"featured_media":0,"parent":0,"menu_order":0,"comment_status":"closed","ping_status":"closed","template":"","meta":{"footnotes":""},"class_list":["post-7853","page","type-page","status-publish","hentry"],"yoast_head":"<!-- This site is optimized with the Yoast SEO plugin v25.4 - https:\/\/yoast.com\/wordpress\/plugins\/seo\/ -->\n<title>Vis d&#039;essorage - Neue Herbold GmbH<\/title>\n<meta name=\"description\" content=\"Le mat\u00e9riaux simultan\u00e9ment lav\u00e9 et broy\u00e9 dans l&#039;unit\u00e9 de broyage humide (broyeur de lavage) tombe dans une vis d&#039;essorage qui s\u00e9pare les salet\u00e9s\" \/>\n<meta name=\"robots\" content=\"index, follow, max-snippet:-1, max-image-preview:large, max-video-preview:-1\" \/>\n<link rel=\"canonical\" href=\"https:\/\/neue-herbold.com\/fr\/vis-dessorage\/\" \/>\n<meta property=\"og:locale\" content=\"fr_FR\" \/>\n<meta property=\"og:type\" content=\"article\" \/>\n<meta property=\"og:title\" content=\"Vis d&#039;essorage - Neue Herbold GmbH\" \/>\n<meta property=\"og:description\" content=\"Le mat\u00e9riaux simultan\u00e9ment lav\u00e9 et broy\u00e9 dans l&#039;unit\u00e9 de broyage humide (broyeur de lavage) tombe dans une vis d&#039;essorage qui s\u00e9pare les salet\u00e9s\" \/>\n<meta property=\"og:url\" content=\"https:\/\/neue-herbold.com\/fr\/vis-dessorage\/\" \/>\n<meta property=\"og:site_name\" content=\"Neue Herbold GmbH\" \/>\n<meta property=\"article:modified_time\" content=\"2016-06-02T19:44:37+00:00\" \/>\n<meta property=\"og:image\" content=\"https:\/\/neue-herbold.com\/wp-content\/uploads\/2015\/03\/Einweichschnecke-1019x1024.jpg\" \/>\n<script type=\"application\/ld+json\" class=\"yoast-schema-graph\">{\"@context\":\"https:\/\/schema.org\",\"@graph\":[{\"@type\":\"WebPage\",\"@id\":\"https:\/\/neue-herbold.com\/fr\/vis-dessorage\/\",\"url\":\"https:\/\/neue-herbold.com\/fr\/vis-dessorage\/\",\"name\":\"Vis d'essorage - Neue Herbold GmbH\",\"isPartOf\":{\"@id\":\"https:\/\/neue-herbold.com\/en\/#website\"},\"primaryImageOfPage\":{\"@id\":\"https:\/\/neue-herbold.com\/fr\/vis-dessorage\/#primaryimage\"},\"image\":{\"@id\":\"https:\/\/neue-herbold.com\/fr\/vis-dessorage\/#primaryimage\"},\"thumbnailUrl\":\"https:\/\/neue-herbold.com\/wp-content\/uploads\/2015\/03\/Einweichschnecke-1019x1024.jpg\",\"datePublished\":\"2016-06-02T19:38:24+00:00\",\"dateModified\":\"2016-06-02T19:44:37+00:00\",\"description\":\"Le mat\u00e9riaux simultan\u00e9ment lav\u00e9 et broy\u00e9 dans l'unit\u00e9 de broyage humide (broyeur de lavage) tombe dans une vis d'essorage qui s\u00e9pare les salet\u00e9s\",\"breadcrumb\":{\"@id\":\"https:\/\/neue-herbold.com\/fr\/vis-dessorage\/#breadcrumb\"},\"inLanguage\":\"fr-FR\",\"potentialAction\":[{\"@type\":\"ReadAction\",\"target\":[\"https:\/\/neue-herbold.com\/fr\/vis-dessorage\/\"]}]},{\"@type\":\"ImageObject\",\"inLanguage\":\"fr-FR\",\"@id\":\"https:\/\/neue-herbold.com\/fr\/vis-dessorage\/#primaryimage\",\"url\":\"https:\/\/neue-herbold.com\/wp-content\/uploads\/2015\/03\/Einweichschnecke-1019x1024.jpg\",\"contentUrl\":\"https:\/\/neue-herbold.com\/wp-content\/uploads\/2015\/03\/Einweichschnecke-1019x1024.jpg\"},{\"@type\":\"BreadcrumbList\",\"@id\":\"https:\/\/neue-herbold.com\/fr\/vis-dessorage\/#breadcrumb\",\"itemListElement\":[{\"@type\":\"ListItem\",\"position\":1,\"name\":\"Startseite\",\"item\":\"https:\/\/neue-herbold.com\/fr\/\"},{\"@type\":\"ListItem\",\"position\":2,\"name\":\"Vis d&#8217;essorage\"}]},{\"@type\":\"WebSite\",\"@id\":\"https:\/\/neue-herbold.com\/en\/#website\",\"url\":\"https:\/\/neue-herbold.com\/en\/\",\"name\":\"Neue Herbold GmbH\",\"description\":\"\",\"potentialAction\":[{\"@type\":\"SearchAction\",\"target\":{\"@type\":\"EntryPoint\",\"urlTemplate\":\"https:\/\/neue-herbold.com\/en\/?s={search_term_string}\"},\"query-input\":{\"@type\":\"PropertyValueSpecification\",\"valueRequired\":true,\"valueName\":\"search_term_string\"}}],\"inLanguage\":\"fr-FR\"}]}<\/script>\n<!-- \/ Yoast SEO plugin. -->","yoast_head_json":{"title":"Vis d'essorage - Neue Herbold GmbH","description":"Le mat\u00e9riaux simultan\u00e9ment lav\u00e9 et broy\u00e9 dans l'unit\u00e9 de broyage humide (broyeur de lavage) tombe dans une vis d'essorage qui s\u00e9pare les salet\u00e9s","robots":{"index":"index","follow":"follow","max-snippet":"max-snippet:-1","max-image-preview":"max-image-preview:large","max-video-preview":"max-video-preview:-1"},"canonical":"https:\/\/neue-herbold.com\/fr\/vis-dessorage\/","og_locale":"fr_FR","og_type":"article","og_title":"Vis d'essorage - Neue Herbold GmbH","og_description":"Le mat\u00e9riaux simultan\u00e9ment lav\u00e9 et broy\u00e9 dans l'unit\u00e9 de broyage humide (broyeur de lavage) tombe dans une vis d'essorage qui s\u00e9pare les salet\u00e9s","og_url":"https:\/\/neue-herbold.com\/fr\/vis-dessorage\/","og_site_name":"Neue Herbold GmbH","article_modified_time":"2016-06-02T19:44:37+00:00","og_image":[{"url":"https:\/\/neue-herbold.com\/wp-content\/uploads\/2015\/03\/Einweichschnecke-1019x1024.jpg","type":"","width":"","height":""}],"schema":{"@context":"https:\/\/schema.org","@graph":[{"@type":"WebPage","@id":"https:\/\/neue-herbold.com\/fr\/vis-dessorage\/","url":"https:\/\/neue-herbold.com\/fr\/vis-dessorage\/","name":"Vis d'essorage - Neue Herbold GmbH","isPartOf":{"@id":"https:\/\/neue-herbold.com\/en\/#website"},"primaryImageOfPage":{"@id":"https:\/\/neue-herbold.com\/fr\/vis-dessorage\/#primaryimage"},"image":{"@id":"https:\/\/neue-herbold.com\/fr\/vis-dessorage\/#primaryimage"},"thumbnailUrl":"https:\/\/neue-herbold.com\/wp-content\/uploads\/2015\/03\/Einweichschnecke-1019x1024.jpg","datePublished":"2016-06-02T19:38:24+00:00","dateModified":"2016-06-02T19:44:37+00:00","description":"Le mat\u00e9riaux simultan\u00e9ment lav\u00e9 et broy\u00e9 dans l'unit\u00e9 de broyage humide (broyeur de lavage) tombe dans une vis d'essorage qui s\u00e9pare les salet\u00e9s","breadcrumb":{"@id":"https:\/\/neue-herbold.com\/fr\/vis-dessorage\/#breadcrumb"},"inLanguage":"fr-FR","potentialAction":[{"@type":"ReadAction","target":["https:\/\/neue-herbold.com\/fr\/vis-dessorage\/"]}]},{"@type":"ImageObject","inLanguage":"fr-FR","@id":"https:\/\/neue-herbold.com\/fr\/vis-dessorage\/#primaryimage","url":"https:\/\/neue-herbold.com\/wp-content\/uploads\/2015\/03\/Einweichschnecke-1019x1024.jpg","contentUrl":"https:\/\/neue-herbold.com\/wp-content\/uploads\/2015\/03\/Einweichschnecke-1019x1024.jpg"},{"@type":"BreadcrumbList","@id":"https:\/\/neue-herbold.com\/fr\/vis-dessorage\/#breadcrumb","itemListElement":[{"@type":"ListItem","position":1,"name":"Startseite","item":"https:\/\/neue-herbold.com\/fr\/"},{"@type":"ListItem","position":2,"name":"Vis d&#8217;essorage"}]},{"@type":"WebSite","@id":"https:\/\/neue-herbold.com\/en\/#website","url":"https:\/\/neue-herbold.com\/en\/","name":"Neue Herbold GmbH","description":"","potentialAction":[{"@type":"SearchAction","target":{"@type":"EntryPoint","urlTemplate":"https:\/\/neue-herbold.com\/en\/?s={search_term_string}"},"query-input":{"@type":"PropertyValueSpecification","valueRequired":true,"valueName":"search_term_string"}}],"inLanguage":"fr-FR"}]}},"_links":{"self":[{"href":"https:\/\/neue-herbold.com\/fr\/wp-json\/wp\/v2\/pages\/7853"}],"collection":[{"href":"https:\/\/neue-herbold.com\/fr\/wp-json\/wp\/v2\/pages"}],"about":[{"href":"https:\/\/neue-herbold.com\/fr\/wp-json\/wp\/v2\/types\/page"}],"author":[{"embeddable":true,"href":"https:\/\/neue-herbold.com\/fr\/wp-json\/wp\/v2\/users\/1"}],"replies":[{"embeddable":true,"href":"https:\/\/neue-herbold.com\/fr\/wp-json\/wp\/v2\/comments?post=7853"}],"version-history":[{"count":3,"href":"https:\/\/neue-herbold.com\/fr\/wp-json\/wp\/v2\/pages\/7853\/revisions"}],"predecessor-version":[{"id":7861,"href":"https:\/\/neue-herbold.com\/fr\/wp-json\/wp\/v2\/pages\/7853\/revisions\/7861"}],"wp:attachment":[{"href":"https:\/\/neue-herbold.com\/fr\/wp-json\/wp\/v2\/media?parent=7853"}],"curies":[{"name":"wp","href":"https:\/\/api.w.org\/{rel}","templated":true}]}}