{"id":7837,"date":"2016-06-02T20:45:04","date_gmt":"2016-06-02T18:45:04","guid":{"rendered":"https:\/\/neue-herbold.com\/fr\/schneckenbrecher\/"},"modified":"2017-04-30T22:19:06","modified_gmt":"2017-04-30T20:19:06","slug":"concasseurs-a-vis-serie-sb","status":"publish","type":"page","link":"https:\/\/neue-herbold.com\/fr\/concasseurs-a-vis-serie-sb\/","title":{"rendered":"Concasseurs \u00e0 vis &#8211; Serie SB"},"content":{"rendered":"<p><span style=\"color: #000000;\"><strong><a href=\"https:\/\/neue-herbold.com\/wp-content\/uploads\/2014\/11\/SB-Anlage.jpg\" target=\"_blank\" rel=\"noopener noreferrer\"><img loading=\"lazy\" decoding=\"async\" class=\"alignright wp-image-2959\" src=\"https:\/\/neue-herbold.com\/wp-content\/uploads\/2014\/11\/SB-Anlage-1024x803.jpg\" alt=\"SB-Anlage\" width=\"491\" height=\"385\" srcset=\"https:\/\/neue-herbold.com\/wp-content\/uploads\/2014\/11\/SB-Anlage-1024x803.jpg 1024w, https:\/\/neue-herbold.com\/wp-content\/uploads\/2014\/11\/SB-Anlage-300x235.jpg 300w, https:\/\/neue-herbold.com\/wp-content\/uploads\/2014\/11\/SB-Anlage-100x78.jpg 100w, https:\/\/neue-herbold.com\/wp-content\/uploads\/2014\/11\/SB-Anlage-150x117.jpg 150w, https:\/\/neue-herbold.com\/wp-content\/uploads\/2014\/11\/SB-Anlage-200x157.jpg 200w, https:\/\/neue-herbold.com\/wp-content\/uploads\/2014\/11\/SB-Anlage-450x353.jpg 450w, https:\/\/neue-herbold.com\/wp-content\/uploads\/2014\/11\/SB-Anlage-600x471.jpg 600w, https:\/\/neue-herbold.com\/wp-content\/uploads\/2014\/11\/SB-Anlage-900x706.jpg 900w, https:\/\/neue-herbold.com\/wp-content\/uploads\/2014\/11\/SB-Anlage.jpg 1200w\" sizes=\"(max-width: 491px) 100vw, 491px\" \/><\/a><\/strong><\/span><em><strong>Secteur d\u2019emploi<\/strong><\/em><\/p>\n<p>Les concasseurs \u00e0 vis <strong>NEUE HERBOLD<\/strong> type SB sont utilis\u00e9s et pour le pr\u00e9-broyage et pour le concassage des mat\u00e9riaux encombrants comme les suivants :<\/p>\n<ul>\n<li>palettes en bois<\/li>\n<li>tambours de c\u00e2ble<\/li>\n<li>panneaux isolants<\/li>\n<li>b\u00e9ton cellulaire<\/li>\n<li>gr\u00e8s calcaire<\/li>\n<\/ul>\n<p>Une autre utilisation importante est la dissolution et le dosage d\u00e9chets press\u00e9s en balles. A cause de cette \u00e9tappe du syst\u00e8me, c\u2019est possible des s\u00e9parer les impuret\u00e9s \/ contenues \u00e0 l\u2019aide des autres \u00e9tapes poursuivants.<\/p>\n<p><strong><em>Technique<\/em><\/strong><\/p>\n<p>Les concasseurs \u00e0 vis <strong>NEUE HERBOLD<\/strong> sont \u00e9quip\u00e9s des vis de concassages qui pivotent par paire en contresens. Les vis sont log\u00e9s dans un cadre soud\u00e9 en forme d\u2019auge, qui peut \u00eatre \u00e9quip\u00e9e d\u2019un tamis dans le fond pour la s\u00e9paration de sable et de terre. Le broyage respectivement la dissolution ne r\u00e9sulte pas seulement des efforts tranchants entre les vis, mais aussi des effets entre les vis et les couteaux statiques en forme des dents install\u00e9s dans le cadre. Les vis transportent les mat\u00e9riaux horizontalement en direction du puit de sortie. On peut brider l\u2019acc\u00e8s au puit de sortie, ce d\u00e9terminant la taille des pi\u00e8ces d\u2019\u00e9mission de la machine.<\/p>\n<p><em><span style=\"color: #000000;\"><strong><a href=\"https:\/\/neue-herbold.com\/wp-content\/uploads\/2014\/11\/SB-5602-HM-800-1000.jpg\" target=\"_blank\" rel=\"noopener noreferrer\"><img loading=\"lazy\" decoding=\"async\" class=\"alignleft wp-image-2958\" src=\"https:\/\/neue-herbold.com\/wp-content\/uploads\/2014\/11\/SB-5602-HM-800-1000-1024x733.jpg\" alt=\"SB-5602-HM-800-1000\" width=\"306\" height=\"219\" srcset=\"https:\/\/neue-herbold.com\/wp-content\/uploads\/2014\/11\/SB-5602-HM-800-1000-1024x733.jpg 1024w, https:\/\/neue-herbold.com\/wp-content\/uploads\/2014\/11\/SB-5602-HM-800-1000-300x215.jpg 300w, https:\/\/neue-herbold.com\/wp-content\/uploads\/2014\/11\/SB-5602-HM-800-1000-100x71.jpg 100w, https:\/\/neue-herbold.com\/wp-content\/uploads\/2014\/11\/SB-5602-HM-800-1000-150x107.jpg 150w, https:\/\/neue-herbold.com\/wp-content\/uploads\/2014\/11\/SB-5602-HM-800-1000-200x143.jpg 200w, https:\/\/neue-herbold.com\/wp-content\/uploads\/2014\/11\/SB-5602-HM-800-1000-450x322.jpg 450w, https:\/\/neue-herbold.com\/wp-content\/uploads\/2014\/11\/SB-5602-HM-800-1000-600x430.jpg 600w, https:\/\/neue-herbold.com\/wp-content\/uploads\/2014\/11\/SB-5602-HM-800-1000-900x645.jpg 900w, https:\/\/neue-herbold.com\/wp-content\/uploads\/2014\/11\/SB-5602-HM-800-1000.jpg 1200w\" sizes=\"(max-width: 306px) 100vw, 306px\" \/><\/a><\/strong><\/span><\/em><\/p>\n<p>&nbsp;<\/p>\n<p><strong><em>Avantages<\/em><\/strong><\/p>\n<ul>\n<li>Nombre d\u2019applications tr\u00e8s \u00e9tendu<\/li>\n<li>Broyage \u00e9conomique<\/li>\n<li>Faible niveau sonore<\/li>\n<li>D\u00e9bits exorbitants<\/li>\n<li>Peu d\u2019arr\u00eats de maintenance<\/li>\n<\/ul>\n<p>&nbsp;<\/p>\n<table>\n<tbody>\n<tr>\n<td style=\"text-align: center;\"><span style=\"color: #000000;\"><strong>Machine Type<\/strong><\/span><\/td>\n<td style=\"text-align: center;\"><span style=\"color: #000000;\"><strong>Feed opening ca. (mm)<\/strong><\/span><\/td>\n<td style=\"text-align: center;\"><span style=\"color: #000000;\"><strong>Number of shafts<\/strong><\/span><\/td>\n<td style=\"text-align: center;\"><span style=\"color: #000000;\"><strong>Drive (kw)<\/strong><\/span><\/td>\n<td style=\"text-align: center;\"><span style=\"color: #000000;\"><strong>Poids: env. (kg)<\/strong><\/span><\/td>\n<td style=\"text-align: center;\"><span style=\"color: #000000;\"><strong><a href=\"https:\/\/neue-herbold.com\/wp-content\/uploads\/2014\/12\/Broyeur-a-VIS-SB-Series.pdf\" target=\"_blank\" rel=\"noopener noreferrer\"><img loading=\"lazy\" decoding=\"async\" class=\"alignnone wp-image-5703\" src=\"https:\/\/neue-herbold.com\/wp-content\/uploads\/2014\/12\/PDF-ICON.jpg\" alt=\"PDF-ICON\" width=\"50\" height=\"48\" \/><\/a><\/strong><\/span><\/td>\n<\/tr>\n<tr>\n<td><span style=\"color: #000000;\">Broyeur \u00e0 vis type SB 560\/2<\/span><\/td>\n<td style=\"text-align: center;\"><span style=\"color: #000000;\">1600 X 1600<\/span><\/td>\n<td style=\"text-align: center;\"><span style=\"color: #000000;\">2<\/span><\/td>\n<td style=\"text-align: center;\"><span style=\"color: #000000;\">2 X 15<\/span><\/td>\n<td style=\"text-align: center;\"><span style=\"color: #000000;\">6000<\/span><\/td>\n<td style=\"text-align: center;\">\u00a0<\/td>\n<\/tr>\n<tr>\n<td><span style=\"color: #000000;\">Broyeur \u00e0 vis type SB 560\/4<\/span><\/td>\n<td style=\"text-align: center;\"><span style=\"color: #000000;\">1600 X 2800<\/span><\/td>\n<td style=\"text-align: center;\"><span style=\"color: #000000;\">4<\/span><\/td>\n<td style=\"text-align: center;\"><span style=\"color: #000000;\">4 X 15<\/span><\/td>\n<td style=\"text-align: center;\"><span style=\"color: #000000;\">10000<\/span><\/td>\n<td style=\"text-align: center;\">\u00a0<\/td>\n<\/tr>\n<\/tbody>\n<\/table>\n<p>&nbsp;<\/p>\n<p><strong>Video 1 &#8211; Dissolution des balles<\/strong><\/p>\n<div id=\"bceAp39ihp\" data-borlabs-cookie-blocked-content><div class=\"borlabs-cookie-bct bc-bct-video bc-bct-youtube\"> <p class=\"bc-thumbnail\"><img src=\"https:\/\/neue-herbold.com\/wp-content\/plugins\/borlabs-cookie\/images\/bct-no-thumbnail.png\" alt=\"YouTube\"><\/p> <div class=\"bc-text\"> <p>Pour prot\u00e9ger vos donn\u00e9es personnelles, votre connexion \u00e0 YouTube a \u00e9t\u00e9 bloqu\u00e9e. <br> Cliquez sur <strong> Charger la vid\u00e9o <\/strong> pour d\u00e9bloquer YouTube. <br> En chargeant la vid\u00e9o, vous acceptez les r\u00e8gles de confidentialit\u00e9 de YouTube. <br> Pour plus d'informations sur la politique de confidentialit\u00e9 de YouTube, cliquez ici. <a href=\"https:\/\/policies.google.com\/privacy?hl=fr&gl=fr\" target=\"_blank\" rel=\"nofollow\">Google - Politique de confidentialit\u00e9<\/a><\/p> <p><label><input type=\"checkbox\" name=\"unblockAll\" value=\"1\" > Ne bloquez plus les vid\u00e9os YouTube \u00e0 l'avenir.<\/label> <a role=\"button\" data-borlabs-cookie-unblock>Charger la vid\u00e9o<\/a><\/p> <\/div> <\/div><\/div>\n<p>&nbsp;<\/p>\n<p><strong>Video 2 &#8211; Concassage du gr\u00e8s calcaire<\/strong><\/p>\n<div id=\"bcVi8jt7Dw\" data-borlabs-cookie-blocked-content><div class=\"borlabs-cookie-bct bc-bct-video bc-bct-youtube\"> <p class=\"bc-thumbnail\"><img src=\"https:\/\/neue-herbold.com\/wp-content\/plugins\/borlabs-cookie\/images\/bct-no-thumbnail.png\" alt=\"YouTube\"><\/p> <div class=\"bc-text\"> <p>Pour prot\u00e9ger vos donn\u00e9es personnelles, votre connexion \u00e0 YouTube a \u00e9t\u00e9 bloqu\u00e9e. <br> Cliquez sur <strong> Charger la vid\u00e9o <\/strong> pour d\u00e9bloquer YouTube. <br> En chargeant la vid\u00e9o, vous acceptez les r\u00e8gles de confidentialit\u00e9 de YouTube. <br> Pour plus d'informations sur la politique de confidentialit\u00e9 de YouTube, cliquez ici. <a href=\"https:\/\/policies.google.com\/privacy?hl=fr&gl=fr\" target=\"_blank\" rel=\"nofollow\">Google - Politique de confidentialit\u00e9<\/a><\/p> <p><label><input type=\"checkbox\" name=\"unblockAll\" value=\"1\" > Ne bloquez plus les vid\u00e9os YouTube \u00e0 l'avenir.<\/label> <a role=\"button\" data-borlabs-cookie-unblock>Charger la vid\u00e9o<\/a><\/p> <\/div> <\/div><\/div>\n<p>&nbsp;<\/p>\n<p><strong>Video 3 &#8211; Broyage de Blocs des gr\u00e8s calcaire<\/strong><\/p>\n<div id=\"bcgw8znc6c\" data-borlabs-cookie-blocked-content><div class=\"borlabs-cookie-bct bc-bct-video bc-bct-youtube\"> <p class=\"bc-thumbnail\"><img src=\"https:\/\/neue-herbold.com\/wp-content\/plugins\/borlabs-cookie\/images\/bct-no-thumbnail.png\" alt=\"YouTube\"><\/p> <div class=\"bc-text\"> <p>Pour prot\u00e9ger vos donn\u00e9es personnelles, votre connexion \u00e0 YouTube a \u00e9t\u00e9 bloqu\u00e9e. <br> Cliquez sur <strong> Charger la vid\u00e9o <\/strong> pour d\u00e9bloquer YouTube. <br> En chargeant la vid\u00e9o, vous acceptez les r\u00e8gles de confidentialit\u00e9 de YouTube. <br> Pour plus d'informations sur la politique de confidentialit\u00e9 de YouTube, cliquez ici. <a href=\"https:\/\/policies.google.com\/privacy?hl=fr&gl=fr\" target=\"_blank\" rel=\"nofollow\">Google - Politique de confidentialit\u00e9<\/a><\/p> <p><label><input type=\"checkbox\" name=\"unblockAll\" value=\"1\" > Ne bloquez plus les vid\u00e9os YouTube \u00e0 l'avenir.<\/label> <a role=\"button\" data-borlabs-cookie-unblock>Charger la vid\u00e9o<\/a><\/p> <\/div> <\/div><\/div>\n<p>&nbsp;<\/p>\n<p><strong>Video 4 &#8211; Concassage du b\u00e9ton cellulaire<\/strong><\/p>\n<div id=\"bcZVdE89iW\" data-borlabs-cookie-blocked-content><div class=\"borlabs-cookie-bct bc-bct-video bc-bct-youtube\"> <p class=\"bc-thumbnail\"><img src=\"https:\/\/neue-herbold.com\/wp-content\/plugins\/borlabs-cookie\/images\/bct-no-thumbnail.png\" alt=\"YouTube\"><\/p> <div class=\"bc-text\"> <p>Pour prot\u00e9ger vos donn\u00e9es personnelles, votre connexion \u00e0 YouTube a \u00e9t\u00e9 bloqu\u00e9e. <br> Cliquez sur <strong> Charger la vid\u00e9o <\/strong> pour d\u00e9bloquer YouTube. <br> En chargeant la vid\u00e9o, vous acceptez les r\u00e8gles de confidentialit\u00e9 de YouTube. <br> Pour plus d'informations sur la politique de confidentialit\u00e9 de YouTube, cliquez ici. <a href=\"https:\/\/policies.google.com\/privacy?hl=fr&gl=fr\" target=\"_blank\" rel=\"nofollow\">Google - Politique de confidentialit\u00e9<\/a><\/p> <p><label><input type=\"checkbox\" name=\"unblockAll\" value=\"1\" > Ne bloquez plus les vid\u00e9os YouTube \u00e0 l'avenir.<\/label> <a role=\"button\" data-borlabs-cookie-unblock>Charger la vid\u00e9o<\/a><\/p> <\/div> <\/div><\/div>\n","protected":false},"excerpt":{"rendered":"<p><span style=\"color: #000000;\"><strong><a href=\"https:\/\/neue-herbold.com\/wp-content\/uploads\/2014\/11\/SB-Anlage.jpg\" target=\"_blank\" rel=\"noopener noreferrer\"><img loading=\"lazy\" decoding=\"async\" class=\"alignright wp-image-2959\" src=\"https:\/\/neue-herbold.com\/wp-content\/uploads\/2014\/11\/SB-Anlage-1024x803.jpg\" alt=\"SB-Anlage\" width=\"491\" height=\"385\" srcset=\"https:\/\/neue-herbold.com\/wp-content\/uploads\/2014\/11\/SB-Anlage-1024x803.jpg 1024w, https:\/\/neue-herbold.com\/wp-content\/uploads\/2014\/11\/SB-Anlage-300x235.jpg 300w, https:\/\/neue-herbold.com\/wp-content\/uploads\/2014\/11\/SB-Anlage-100x78.jpg 100w, https:\/\/neue-herbold.com\/wp-content\/uploads\/2014\/11\/SB-Anlage-150x117.jpg 150w, https:\/\/neue-herbold.com\/wp-content\/uploads\/2014\/11\/SB-Anlage-200x157.jpg 200w, https:\/\/neue-herbold.com\/wp-content\/uploads\/2014\/11\/SB-Anlage-450x353.jpg 450w, https:\/\/neue-herbold.com\/wp-content\/uploads\/2014\/11\/SB-Anlage-600x471.jpg 600w, https:\/\/neue-herbold.com\/wp-content\/uploads\/2014\/11\/SB-Anlage-900x706.jpg 900w, https:\/\/neue-herbold.com\/wp-content\/uploads\/2014\/11\/SB-Anlage.jpg 1200w\" sizes=\"(max-width: 491px) 100vw, 491px\" \/><\/a><\/strong><\/span><em><strong>Secteur d\u2019emploi<\/strong><\/em><\/p>\n<p>Les concasseurs \u00e0 vis <strong>NEUE HERBOLD<\/strong> type SB sont utilis\u00e9s et pour le pr\u00e9-broyage et pour le concassage des mat\u00e9riaux encombrants comme les suivants :<\/p>\n<ul>\n<li>palettes en bois<\/li>\n<li>tambours de c\u00e2ble<\/li>\n<li>panneaux isolants<\/li>\n<li>b\u00e9ton cellulaire<\/li>\n<li>gr\u00e8s calcaire<\/li>\n<\/ul>\n<p>Une autre utilisation importante est la dissolution et le dosage d\u00e9chets press\u00e9s en balles.<\/p>\n<p><span class=\"ellipsis\">&hellip;<\/span><\/p>\n<div class=\"read-more\"><a href=\"https:\/\/neue-herbold.com\/fr\/concasseurs-a-vis-serie-sb\/\">Lire la suite &#8250;<\/a><\/div>\n<p><!-- end of .read-more --><\/p>\n","protected":false},"author":1,"featured_media":0,"parent":0,"menu_order":0,"comment_status":"closed","ping_status":"closed","template":"","meta":{"footnotes":""},"class_list":["post-7837","page","type-page","status-publish","hentry"],"yoast_head":"<!-- This site is optimized with the Yoast SEO plugin v25.4 - https:\/\/yoast.com\/wordpress\/plugins\/seo\/ -->\n<title>Concasseurs \u00e0 vis - Serie SB - Neue Herbold GmbH<\/title>\n<meta name=\"description\" content=\"Les concasseurs \u00e0 vis NEUE HERBOLD sont \u00e9quip\u00e9s des vis de concassages qui pivotent par paire en contresens. Les vis sont log\u00e9s dans un cadre soud\u00e9 e\" \/>\n<meta name=\"robots\" content=\"index, follow, max-snippet:-1, max-image-preview:large, max-video-preview:-1\" \/>\n<link rel=\"canonical\" href=\"https:\/\/neue-herbold.com\/fr\/concasseurs-a-vis-serie-sb\/\" \/>\n<meta property=\"og:locale\" content=\"fr_FR\" \/>\n<meta property=\"og:type\" content=\"article\" \/>\n<meta property=\"og:title\" content=\"Concasseurs \u00e0 vis - Serie SB - Neue Herbold GmbH\" \/>\n<meta property=\"og:description\" content=\"Les concasseurs \u00e0 vis NEUE HERBOLD sont \u00e9quip\u00e9s des vis de concassages qui pivotent par paire en contresens. Les vis sont log\u00e9s dans un cadre soud\u00e9 e\" \/>\n<meta property=\"og:url\" content=\"https:\/\/neue-herbold.com\/fr\/concasseurs-a-vis-serie-sb\/\" \/>\n<meta property=\"og:site_name\" content=\"Neue Herbold GmbH\" \/>\n<meta property=\"article:modified_time\" content=\"2017-04-30T20:19:06+00:00\" \/>\n<meta property=\"og:image\" content=\"https:\/\/neue-herbold.com\/wp-content\/uploads\/2014\/11\/SB-Anlage-1024x803.jpg\" \/>\n<meta name=\"twitter:label1\" content=\"Dur\u00e9e de lecture estim\u00e9e\" \/>\n\t<meta name=\"twitter:data1\" content=\"1 minute\" \/>\n<script type=\"application\/ld+json\" class=\"yoast-schema-graph\">{\"@context\":\"https:\/\/schema.org\",\"@graph\":[{\"@type\":\"WebPage\",\"@id\":\"https:\/\/neue-herbold.com\/fr\/concasseurs-a-vis-serie-sb\/\",\"url\":\"https:\/\/neue-herbold.com\/fr\/concasseurs-a-vis-serie-sb\/\",\"name\":\"Concasseurs \u00e0 vis - Serie SB - Neue Herbold GmbH\",\"isPartOf\":{\"@id\":\"https:\/\/neue-herbold.com\/en\/#website\"},\"primaryImageOfPage\":{\"@id\":\"https:\/\/neue-herbold.com\/fr\/concasseurs-a-vis-serie-sb\/#primaryimage\"},\"image\":{\"@id\":\"https:\/\/neue-herbold.com\/fr\/concasseurs-a-vis-serie-sb\/#primaryimage\"},\"thumbnailUrl\":\"https:\/\/neue-herbold.com\/wp-content\/uploads\/2014\/11\/SB-Anlage-1024x803.jpg\",\"datePublished\":\"2016-06-02T18:45:04+00:00\",\"dateModified\":\"2017-04-30T20:19:06+00:00\",\"description\":\"Les concasseurs \u00e0 vis NEUE HERBOLD sont \u00e9quip\u00e9s des vis de concassages qui pivotent par paire en contresens. Les vis sont log\u00e9s dans un cadre soud\u00e9 e\",\"breadcrumb\":{\"@id\":\"https:\/\/neue-herbold.com\/fr\/concasseurs-a-vis-serie-sb\/#breadcrumb\"},\"inLanguage\":\"fr-FR\",\"potentialAction\":[{\"@type\":\"ReadAction\",\"target\":[\"https:\/\/neue-herbold.com\/fr\/concasseurs-a-vis-serie-sb\/\"]}]},{\"@type\":\"ImageObject\",\"inLanguage\":\"fr-FR\",\"@id\":\"https:\/\/neue-herbold.com\/fr\/concasseurs-a-vis-serie-sb\/#primaryimage\",\"url\":\"https:\/\/neue-herbold.com\/wp-content\/uploads\/2014\/11\/SB-Anlage-1024x803.jpg\",\"contentUrl\":\"https:\/\/neue-herbold.com\/wp-content\/uploads\/2014\/11\/SB-Anlage-1024x803.jpg\"},{\"@type\":\"BreadcrumbList\",\"@id\":\"https:\/\/neue-herbold.com\/fr\/concasseurs-a-vis-serie-sb\/#breadcrumb\",\"itemListElement\":[{\"@type\":\"ListItem\",\"position\":1,\"name\":\"Startseite\",\"item\":\"https:\/\/neue-herbold.com\/fr\/\"},{\"@type\":\"ListItem\",\"position\":2,\"name\":\"Concasseurs \u00e0 vis &#8211; Serie SB\"}]},{\"@type\":\"WebSite\",\"@id\":\"https:\/\/neue-herbold.com\/en\/#website\",\"url\":\"https:\/\/neue-herbold.com\/en\/\",\"name\":\"Neue Herbold GmbH\",\"description\":\"\",\"potentialAction\":[{\"@type\":\"SearchAction\",\"target\":{\"@type\":\"EntryPoint\",\"urlTemplate\":\"https:\/\/neue-herbold.com\/en\/?s={search_term_string}\"},\"query-input\":{\"@type\":\"PropertyValueSpecification\",\"valueRequired\":true,\"valueName\":\"search_term_string\"}}],\"inLanguage\":\"fr-FR\"}]}<\/script>\n<!-- \/ Yoast SEO plugin. -->","yoast_head_json":{"title":"Concasseurs \u00e0 vis - Serie SB - Neue Herbold GmbH","description":"Les concasseurs \u00e0 vis NEUE HERBOLD sont \u00e9quip\u00e9s des vis de concassages qui pivotent par paire en contresens. Les vis sont log\u00e9s dans un cadre soud\u00e9 e","robots":{"index":"index","follow":"follow","max-snippet":"max-snippet:-1","max-image-preview":"max-image-preview:large","max-video-preview":"max-video-preview:-1"},"canonical":"https:\/\/neue-herbold.com\/fr\/concasseurs-a-vis-serie-sb\/","og_locale":"fr_FR","og_type":"article","og_title":"Concasseurs \u00e0 vis - Serie SB - Neue Herbold GmbH","og_description":"Les concasseurs \u00e0 vis NEUE HERBOLD sont \u00e9quip\u00e9s des vis de concassages qui pivotent par paire en contresens. Les vis sont log\u00e9s dans un cadre soud\u00e9 e","og_url":"https:\/\/neue-herbold.com\/fr\/concasseurs-a-vis-serie-sb\/","og_site_name":"Neue Herbold GmbH","article_modified_time":"2017-04-30T20:19:06+00:00","og_image":[{"url":"https:\/\/neue-herbold.com\/wp-content\/uploads\/2014\/11\/SB-Anlage-1024x803.jpg","type":"","width":"","height":""}],"twitter_misc":{"Dur\u00e9e de lecture estim\u00e9e":"1 minute"},"schema":{"@context":"https:\/\/schema.org","@graph":[{"@type":"WebPage","@id":"https:\/\/neue-herbold.com\/fr\/concasseurs-a-vis-serie-sb\/","url":"https:\/\/neue-herbold.com\/fr\/concasseurs-a-vis-serie-sb\/","name":"Concasseurs \u00e0 vis - Serie SB - Neue Herbold GmbH","isPartOf":{"@id":"https:\/\/neue-herbold.com\/en\/#website"},"primaryImageOfPage":{"@id":"https:\/\/neue-herbold.com\/fr\/concasseurs-a-vis-serie-sb\/#primaryimage"},"image":{"@id":"https:\/\/neue-herbold.com\/fr\/concasseurs-a-vis-serie-sb\/#primaryimage"},"thumbnailUrl":"https:\/\/neue-herbold.com\/wp-content\/uploads\/2014\/11\/SB-Anlage-1024x803.jpg","datePublished":"2016-06-02T18:45:04+00:00","dateModified":"2017-04-30T20:19:06+00:00","description":"Les concasseurs \u00e0 vis NEUE HERBOLD sont \u00e9quip\u00e9s des vis de concassages qui pivotent par paire en contresens. Les vis sont log\u00e9s dans un cadre soud\u00e9 e","breadcrumb":{"@id":"https:\/\/neue-herbold.com\/fr\/concasseurs-a-vis-serie-sb\/#breadcrumb"},"inLanguage":"fr-FR","potentialAction":[{"@type":"ReadAction","target":["https:\/\/neue-herbold.com\/fr\/concasseurs-a-vis-serie-sb\/"]}]},{"@type":"ImageObject","inLanguage":"fr-FR","@id":"https:\/\/neue-herbold.com\/fr\/concasseurs-a-vis-serie-sb\/#primaryimage","url":"https:\/\/neue-herbold.com\/wp-content\/uploads\/2014\/11\/SB-Anlage-1024x803.jpg","contentUrl":"https:\/\/neue-herbold.com\/wp-content\/uploads\/2014\/11\/SB-Anlage-1024x803.jpg"},{"@type":"BreadcrumbList","@id":"https:\/\/neue-herbold.com\/fr\/concasseurs-a-vis-serie-sb\/#breadcrumb","itemListElement":[{"@type":"ListItem","position":1,"name":"Startseite","item":"https:\/\/neue-herbold.com\/fr\/"},{"@type":"ListItem","position":2,"name":"Concasseurs \u00e0 vis &#8211; Serie SB"}]},{"@type":"WebSite","@id":"https:\/\/neue-herbold.com\/en\/#website","url":"https:\/\/neue-herbold.com\/en\/","name":"Neue Herbold GmbH","description":"","potentialAction":[{"@type":"SearchAction","target":{"@type":"EntryPoint","urlTemplate":"https:\/\/neue-herbold.com\/en\/?s={search_term_string}"},"query-input":{"@type":"PropertyValueSpecification","valueRequired":true,"valueName":"search_term_string"}}],"inLanguage":"fr-FR"}]}},"_links":{"self":[{"href":"https:\/\/neue-herbold.com\/fr\/wp-json\/wp\/v2\/pages\/7837"}],"collection":[{"href":"https:\/\/neue-herbold.com\/fr\/wp-json\/wp\/v2\/pages"}],"about":[{"href":"https:\/\/neue-herbold.com\/fr\/wp-json\/wp\/v2\/types\/page"}],"author":[{"embeddable":true,"href":"https:\/\/neue-herbold.com\/fr\/wp-json\/wp\/v2\/users\/1"}],"replies":[{"embeddable":true,"href":"https:\/\/neue-herbold.com\/fr\/wp-json\/wp\/v2\/comments?post=7837"}],"version-history":[{"count":3,"href":"https:\/\/neue-herbold.com\/fr\/wp-json\/wp\/v2\/pages\/7837\/revisions"}],"predecessor-version":[{"id":10953,"href":"https:\/\/neue-herbold.com\/fr\/wp-json\/wp\/v2\/pages\/7837\/revisions\/10953"}],"wp:attachment":[{"href":"https:\/\/neue-herbold.com\/fr\/wp-json\/wp\/v2\/media?parent=7837"}],"curies":[{"name":"wp","href":"https:\/\/api.w.org\/{rel}","templated":true}]}}