{"id":7822,"date":"2016-06-02T20:28:48","date_gmt":"2016-06-02T18:28:48","guid":{"rendered":"https:\/\/neue-herbold.com\/fr\/styroporschredder-rl\/"},"modified":"2016-06-14T01:55:59","modified_gmt":"2016-06-13T23:55:59","slug":"dechiqueteuse-polystyrene-rl","status":"publish","type":"page","link":"https:\/\/neue-herbold.com\/fr\/dechiqueteuse-polystyrene-rl\/","title":{"rendered":"D\u00e9chiqueteuse polystyrene RL"},"content":{"rendered":"<p><a href=\"https:\/\/neue-herbold.com\/wp-content\/uploads\/2014\/11\/RL1002006-weiss.jpg\" target=\"_blank\"><img loading=\"lazy\" decoding=\"async\" class=\"alignright wp-image-3273\" src=\"https:\/\/neue-herbold.com\/wp-content\/uploads\/2014\/11\/RL1002006-weiss.jpg\" alt=\"D\u00e9chiqueteuse Polystyrene\" width=\"229\" height=\"367\" srcset=\"https:\/\/neue-herbold.com\/wp-content\/uploads\/2014\/11\/RL1002006-weiss.jpg 562w, https:\/\/neue-herbold.com\/wp-content\/uploads\/2014\/11\/RL1002006-weiss-187x300.jpg 187w, https:\/\/neue-herbold.com\/wp-content\/uploads\/2014\/11\/RL1002006-weiss-100x160.jpg 100w, https:\/\/neue-herbold.com\/wp-content\/uploads\/2014\/11\/RL1002006-weiss-150x240.jpg 150w, https:\/\/neue-herbold.com\/wp-content\/uploads\/2014\/11\/RL1002006-weiss-200x320.jpg 200w, https:\/\/neue-herbold.com\/wp-content\/uploads\/2014\/11\/RL1002006-weiss-300x480.jpg 300w, https:\/\/neue-herbold.com\/wp-content\/uploads\/2014\/11\/RL1002006-weiss-450x720.jpg 450w\" sizes=\"(max-width: 229px) 100vw, 229px\" \/><\/a><strong><em>Campo de empleo de <br \/>nuestro D\u00e9chiqueteuse polystyrene<br \/><\/em><\/strong><\/p>\n<p>Trituradoras de styropor RL de <strong>NEUE HERBOLD<\/strong> se emplean particularmente para la trituraci\u00f3n de poliestirol expansivo (EPS) y de espumas de poliuretano (PUR).<\/p>\n<p><strong><em>T\u00e9cnica<\/em><\/strong><\/p>\n<p>Al contrario de molinos cortantes para la trituraci\u00f3n de pl\u00e1sticos, esta trituradora opera con un rotor de crucetas de percusi\u00f3n, sin cuchillas de rotor, para mantener la estructura celular del material. <br \/> \u00c9l tama\u00f1o granular se determina por la variaci\u00f3n de la distancia entre las herramientas de corte as\u00ed como por la seleccionada perforaci\u00f3n de criba.<\/p>\n<p><strong><em>Ventajas<\/em><\/strong><\/p>\n<ul>\n<li>gastos m\u00f3dicos de desgaste debido a empleo sin cuchillas<\/li>\n<li>altos rendimientos de paso<\/li>\n<li>producto final \u00f3ptimo<\/li>\n<\/ul>\n<p><span style=\"color: #000000;\"><a style=\"color: #000000;\" href=\"https:\/\/neue-herbold.com\/wp-content\/uploads\/2014\/11\/rl100-HG.jpg\" target=\"_blank\"><img loading=\"lazy\" decoding=\"async\" class=\"alignnone wp-image-2285 size-medium\" src=\"https:\/\/neue-herbold.com\/wp-content\/uploads\/2014\/11\/rl100-HG-300x225.jpg\" alt=\"\" width=\"300\" height=\"225\" srcset=\"https:\/\/neue-herbold.com\/wp-content\/uploads\/2014\/11\/rl100-HG-300x225.jpg 300w, https:\/\/neue-herbold.com\/wp-content\/uploads\/2014\/11\/rl100-HG-100x75.jpg 100w, https:\/\/neue-herbold.com\/wp-content\/uploads\/2014\/11\/rl100-HG-150x112.jpg 150w, https:\/\/neue-herbold.com\/wp-content\/uploads\/2014\/11\/rl100-HG-200x150.jpg 200w, https:\/\/neue-herbold.com\/wp-content\/uploads\/2014\/11\/rl100-HG.jpg 425w\" sizes=\"(max-width: 300px) 100vw, 300px\" \/><\/a><\/span><\/p>\n","protected":false},"excerpt":{"rendered":"<p><a href=\"https:\/\/neue-herbold.com\/wp-content\/uploads\/2014\/11\/RL1002006-weiss.jpg\" target=\"_blank\"><img loading=\"lazy\" decoding=\"async\" class=\"alignright wp-image-3273\" src=\"https:\/\/neue-herbold.com\/wp-content\/uploads\/2014\/11\/RL1002006-weiss.jpg\" alt=\"D\u00e9chiqueteuse Polystyrene\" width=\"229\" height=\"367\" srcset=\"https:\/\/neue-herbold.com\/wp-content\/uploads\/2014\/11\/RL1002006-weiss.jpg 562w, https:\/\/neue-herbold.com\/wp-content\/uploads\/2014\/11\/RL1002006-weiss-187x300.jpg 187w, https:\/\/neue-herbold.com\/wp-content\/uploads\/2014\/11\/RL1002006-weiss-100x160.jpg 100w, https:\/\/neue-herbold.com\/wp-content\/uploads\/2014\/11\/RL1002006-weiss-150x240.jpg 150w, https:\/\/neue-herbold.com\/wp-content\/uploads\/2014\/11\/RL1002006-weiss-200x320.jpg 200w, https:\/\/neue-herbold.com\/wp-content\/uploads\/2014\/11\/RL1002006-weiss-300x480.jpg 300w, https:\/\/neue-herbold.com\/wp-content\/uploads\/2014\/11\/RL1002006-weiss-450x720.jpg 450w\" sizes=\"(max-width: 229px) 100vw, 229px\" \/><\/a><strong><em>Campo de empleo de <br \/>nuestro D\u00e9chiqueteuse polystyrene<br \/><\/em><\/strong><\/p>\n<p>Trituradoras de styropor RL de <strong>NEUE HERBOLD<\/strong> se emplean particularmente para la trituraci\u00f3n de poliestirol expansivo (EPS) y de espumas de poliuretano (PUR).<\/p>\n<p><span class=\"ellipsis\">&hellip;<\/span><\/p>\n<div class=\"read-more\"><a href=\"https:\/\/neue-herbold.com\/fr\/dechiqueteuse-polystyrene-rl\/\">Lire la suite &#8250;<\/a><\/div>\n<p><!-- end of .read-more --><\/p>\n","protected":false},"author":1,"featured_media":0,"parent":0,"menu_order":0,"comment_status":"closed","ping_status":"closed","template":"","meta":{"footnotes":""},"class_list":["post-7822","page","type-page","status-publish","hentry"],"yoast_head":"<!-- This site is optimized with the Yoast SEO plugin v25.4 - https:\/\/yoast.com\/wordpress\/plugins\/seo\/ -->\n<title>D\u00e9chiqueteuse polystyrene RL - Neue Herbold GmbH<\/title>\n<meta name=\"description\" content=\"Emploi La d\u00e9chiqueteuse NEUE HERBOLD RL est notamment utilis\u00e9e pour les polystyr\u00e8nes expans\u00e9s et les mousses polyur\u00e9thanes. Technique Pour garder la\" \/>\n<meta name=\"robots\" content=\"index, follow, max-snippet:-1, max-image-preview:large, max-video-preview:-1\" \/>\n<link rel=\"canonical\" href=\"https:\/\/neue-herbold.com\/fr\/dechiqueteuse-polystyrene-rl\/\" \/>\n<meta property=\"og:locale\" content=\"fr_FR\" \/>\n<meta property=\"og:type\" content=\"article\" \/>\n<meta property=\"og:title\" content=\"D\u00e9chiqueteuse polystyrene RL - Neue Herbold GmbH\" \/>\n<meta property=\"og:description\" content=\"Emploi La d\u00e9chiqueteuse NEUE HERBOLD RL est notamment utilis\u00e9e pour les polystyr\u00e8nes expans\u00e9s et les mousses polyur\u00e9thanes. Technique Pour garder la\" \/>\n<meta property=\"og:url\" content=\"https:\/\/neue-herbold.com\/fr\/dechiqueteuse-polystyrene-rl\/\" \/>\n<meta property=\"og:site_name\" content=\"Neue Herbold GmbH\" \/>\n<meta property=\"article:modified_time\" content=\"2016-06-13T23:55:59+00:00\" \/>\n<meta property=\"og:image\" content=\"https:\/\/neue-herbold.com\/wp-content\/uploads\/2014\/11\/RL1002006-weiss.jpg\" \/>\n<meta name=\"twitter:label1\" content=\"Dur\u00e9e de lecture estim\u00e9e\" \/>\n\t<meta name=\"twitter:data1\" content=\"1 minute\" \/>\n<script type=\"application\/ld+json\" class=\"yoast-schema-graph\">{\"@context\":\"https:\/\/schema.org\",\"@graph\":[{\"@type\":\"WebPage\",\"@id\":\"https:\/\/neue-herbold.com\/fr\/dechiqueteuse-polystyrene-rl\/\",\"url\":\"https:\/\/neue-herbold.com\/fr\/dechiqueteuse-polystyrene-rl\/\",\"name\":\"D\u00e9chiqueteuse polystyrene RL - Neue Herbold GmbH\",\"isPartOf\":{\"@id\":\"https:\/\/neue-herbold.com\/en\/#website\"},\"primaryImageOfPage\":{\"@id\":\"https:\/\/neue-herbold.com\/fr\/dechiqueteuse-polystyrene-rl\/#primaryimage\"},\"image\":{\"@id\":\"https:\/\/neue-herbold.com\/fr\/dechiqueteuse-polystyrene-rl\/#primaryimage\"},\"thumbnailUrl\":\"https:\/\/neue-herbold.com\/wp-content\/uploads\/2014\/11\/RL1002006-weiss.jpg\",\"datePublished\":\"2016-06-02T18:28:48+00:00\",\"dateModified\":\"2016-06-13T23:55:59+00:00\",\"description\":\"Emploi La d\u00e9chiqueteuse NEUE HERBOLD RL est notamment utilis\u00e9e pour les polystyr\u00e8nes expans\u00e9s et les mousses polyur\u00e9thanes. Technique Pour garder la\",\"breadcrumb\":{\"@id\":\"https:\/\/neue-herbold.com\/fr\/dechiqueteuse-polystyrene-rl\/#breadcrumb\"},\"inLanguage\":\"fr-FR\",\"potentialAction\":[{\"@type\":\"ReadAction\",\"target\":[\"https:\/\/neue-herbold.com\/fr\/dechiqueteuse-polystyrene-rl\/\"]}]},{\"@type\":\"ImageObject\",\"inLanguage\":\"fr-FR\",\"@id\":\"https:\/\/neue-herbold.com\/fr\/dechiqueteuse-polystyrene-rl\/#primaryimage\",\"url\":\"https:\/\/neue-herbold.com\/wp-content\/uploads\/2014\/11\/RL1002006-weiss.jpg\",\"contentUrl\":\"https:\/\/neue-herbold.com\/wp-content\/uploads\/2014\/11\/RL1002006-weiss.jpg\"},{\"@type\":\"BreadcrumbList\",\"@id\":\"https:\/\/neue-herbold.com\/fr\/dechiqueteuse-polystyrene-rl\/#breadcrumb\",\"itemListElement\":[{\"@type\":\"ListItem\",\"position\":1,\"name\":\"Startseite\",\"item\":\"https:\/\/neue-herbold.com\/fr\/\"},{\"@type\":\"ListItem\",\"position\":2,\"name\":\"D\u00e9chiqueteuse polystyrene RL\"}]},{\"@type\":\"WebSite\",\"@id\":\"https:\/\/neue-herbold.com\/en\/#website\",\"url\":\"https:\/\/neue-herbold.com\/en\/\",\"name\":\"Neue Herbold GmbH\",\"description\":\"\",\"potentialAction\":[{\"@type\":\"SearchAction\",\"target\":{\"@type\":\"EntryPoint\",\"urlTemplate\":\"https:\/\/neue-herbold.com\/en\/?s={search_term_string}\"},\"query-input\":{\"@type\":\"PropertyValueSpecification\",\"valueRequired\":true,\"valueName\":\"search_term_string\"}}],\"inLanguage\":\"fr-FR\"}]}<\/script>\n<!-- \/ Yoast SEO plugin. -->","yoast_head_json":{"title":"D\u00e9chiqueteuse polystyrene RL - Neue Herbold GmbH","description":"Emploi La d\u00e9chiqueteuse NEUE HERBOLD RL est notamment utilis\u00e9e pour les polystyr\u00e8nes expans\u00e9s et les mousses polyur\u00e9thanes. Technique Pour garder la","robots":{"index":"index","follow":"follow","max-snippet":"max-snippet:-1","max-image-preview":"max-image-preview:large","max-video-preview":"max-video-preview:-1"},"canonical":"https:\/\/neue-herbold.com\/fr\/dechiqueteuse-polystyrene-rl\/","og_locale":"fr_FR","og_type":"article","og_title":"D\u00e9chiqueteuse polystyrene RL - Neue Herbold GmbH","og_description":"Emploi La d\u00e9chiqueteuse NEUE HERBOLD RL est notamment utilis\u00e9e pour les polystyr\u00e8nes expans\u00e9s et les mousses polyur\u00e9thanes. Technique Pour garder la","og_url":"https:\/\/neue-herbold.com\/fr\/dechiqueteuse-polystyrene-rl\/","og_site_name":"Neue Herbold GmbH","article_modified_time":"2016-06-13T23:55:59+00:00","og_image":[{"url":"https:\/\/neue-herbold.com\/wp-content\/uploads\/2014\/11\/RL1002006-weiss.jpg","type":"","width":"","height":""}],"twitter_misc":{"Dur\u00e9e de lecture estim\u00e9e":"1 minute"},"schema":{"@context":"https:\/\/schema.org","@graph":[{"@type":"WebPage","@id":"https:\/\/neue-herbold.com\/fr\/dechiqueteuse-polystyrene-rl\/","url":"https:\/\/neue-herbold.com\/fr\/dechiqueteuse-polystyrene-rl\/","name":"D\u00e9chiqueteuse polystyrene RL - Neue Herbold GmbH","isPartOf":{"@id":"https:\/\/neue-herbold.com\/en\/#website"},"primaryImageOfPage":{"@id":"https:\/\/neue-herbold.com\/fr\/dechiqueteuse-polystyrene-rl\/#primaryimage"},"image":{"@id":"https:\/\/neue-herbold.com\/fr\/dechiqueteuse-polystyrene-rl\/#primaryimage"},"thumbnailUrl":"https:\/\/neue-herbold.com\/wp-content\/uploads\/2014\/11\/RL1002006-weiss.jpg","datePublished":"2016-06-02T18:28:48+00:00","dateModified":"2016-06-13T23:55:59+00:00","description":"Emploi La d\u00e9chiqueteuse NEUE HERBOLD RL est notamment utilis\u00e9e pour les polystyr\u00e8nes expans\u00e9s et les mousses polyur\u00e9thanes. Technique Pour garder la","breadcrumb":{"@id":"https:\/\/neue-herbold.com\/fr\/dechiqueteuse-polystyrene-rl\/#breadcrumb"},"inLanguage":"fr-FR","potentialAction":[{"@type":"ReadAction","target":["https:\/\/neue-herbold.com\/fr\/dechiqueteuse-polystyrene-rl\/"]}]},{"@type":"ImageObject","inLanguage":"fr-FR","@id":"https:\/\/neue-herbold.com\/fr\/dechiqueteuse-polystyrene-rl\/#primaryimage","url":"https:\/\/neue-herbold.com\/wp-content\/uploads\/2014\/11\/RL1002006-weiss.jpg","contentUrl":"https:\/\/neue-herbold.com\/wp-content\/uploads\/2014\/11\/RL1002006-weiss.jpg"},{"@type":"BreadcrumbList","@id":"https:\/\/neue-herbold.com\/fr\/dechiqueteuse-polystyrene-rl\/#breadcrumb","itemListElement":[{"@type":"ListItem","position":1,"name":"Startseite","item":"https:\/\/neue-herbold.com\/fr\/"},{"@type":"ListItem","position":2,"name":"D\u00e9chiqueteuse polystyrene RL"}]},{"@type":"WebSite","@id":"https:\/\/neue-herbold.com\/en\/#website","url":"https:\/\/neue-herbold.com\/en\/","name":"Neue Herbold GmbH","description":"","potentialAction":[{"@type":"SearchAction","target":{"@type":"EntryPoint","urlTemplate":"https:\/\/neue-herbold.com\/en\/?s={search_term_string}"},"query-input":{"@type":"PropertyValueSpecification","valueRequired":true,"valueName":"search_term_string"}}],"inLanguage":"fr-FR"}]}},"_links":{"self":[{"href":"https:\/\/neue-herbold.com\/fr\/wp-json\/wp\/v2\/pages\/7822"}],"collection":[{"href":"https:\/\/neue-herbold.com\/fr\/wp-json\/wp\/v2\/pages"}],"about":[{"href":"https:\/\/neue-herbold.com\/fr\/wp-json\/wp\/v2\/types\/page"}],"author":[{"embeddable":true,"href":"https:\/\/neue-herbold.com\/fr\/wp-json\/wp\/v2\/users\/1"}],"replies":[{"embeddable":true,"href":"https:\/\/neue-herbold.com\/fr\/wp-json\/wp\/v2\/comments?post=7822"}],"version-history":[{"count":6,"href":"https:\/\/neue-herbold.com\/fr\/wp-json\/wp\/v2\/pages\/7822\/revisions"}],"predecessor-version":[{"id":9876,"href":"https:\/\/neue-herbold.com\/fr\/wp-json\/wp\/v2\/pages\/7822\/revisions\/9876"}],"wp:attachment":[{"href":"https:\/\/neue-herbold.com\/fr\/wp-json\/wp\/v2\/media?parent=7822"}],"curies":[{"name":"wp","href":"https:\/\/api.w.org\/{rel}","templated":true}]}}