{"id":7800,"date":"2016-06-02T20:17:55","date_gmt":"2016-06-02T18:17:55","guid":{"rendered":"https:\/\/neue-herbold.com\/fr\/rohrschredder-hzr\/"},"modified":"2017-04-30T22:12:19","modified_gmt":"2017-04-30T20:12:19","slug":"dechiqueteuse-des-tuyaux-hzr","status":"publish","type":"page","link":"https:\/\/neue-herbold.com\/fr\/dechiqueteuse-des-tuyaux-hzr\/","title":{"rendered":"Dechiqueteuse des tuyaux HZR"},"content":{"rendered":"<p><a href=\"https:\/\/neue-herbold.com\/wp-content\/uploads\/2014\/11\/Vierwellenschreddder-01.jpg\" target=\"_blank\" rel=\"noopener noreferrer\"><img loading=\"lazy\" decoding=\"async\" class=\"alignright wp-image-2950\" src=\"https:\/\/neue-herbold.com\/wp-content\/uploads\/2014\/11\/Vierwellenschreddder-01-1024x749.jpg\" alt=\"Dechiqueteuse des tuyaux - HZR 1300\/4\" width=\"486\" height=\"355\" srcset=\"https:\/\/neue-herbold.com\/wp-content\/uploads\/2014\/11\/Vierwellenschreddder-01-1024x749.jpg 1024w, https:\/\/neue-herbold.com\/wp-content\/uploads\/2014\/11\/Vierwellenschreddder-01-300x219.jpg 300w, https:\/\/neue-herbold.com\/wp-content\/uploads\/2014\/11\/Vierwellenschreddder-01-100x73.jpg 100w, https:\/\/neue-herbold.com\/wp-content\/uploads\/2014\/11\/Vierwellenschreddder-01-150x109.jpg 150w, https:\/\/neue-herbold.com\/wp-content\/uploads\/2014\/11\/Vierwellenschreddder-01-200x146.jpg 200w, https:\/\/neue-herbold.com\/wp-content\/uploads\/2014\/11\/Vierwellenschreddder-01-450x329.jpg 450w, https:\/\/neue-herbold.com\/wp-content\/uploads\/2014\/11\/Vierwellenschreddder-01-600x438.jpg 600w, https:\/\/neue-herbold.com\/wp-content\/uploads\/2014\/11\/Vierwellenschreddder-01-900x658.jpg 900w, https:\/\/neue-herbold.com\/wp-content\/uploads\/2014\/11\/Vierwellenschreddder-01.jpg 1240w\" sizes=\"(max-width: 486px) 100vw, 486px\" \/><\/a><strong>Secteur d\u2019emploi<br \/>\n <\/strong><br \/>\n La d\u00e9chiqueteuse <strong>NEUE HERBOLD<\/strong> HZR 1300\/x est concevu sp\u00e9cialement pour le broyage efficace des tuyaux resilients et aux parois \u00e9paisses, d\u2019une grande diam\u00e8tre (max. 1200 mm) et pour les blocs de purge.<br \/>\n En g\u00e9n\u00e9ral, on utilise un broyeur apr\u00e8s la d\u00e9chiqueteuse, pour en obtenir des recyclats aptes \u00e0 l\u2019\u00e9coulement.<br \/>\n Le nouveau HZR, suivi par broyeur, reduit la consommation d\u2019\u00e9nergie, par rapport \u00e0 un broyage sans d\u00e9chiqueteuse, par 20%\u201150%. Un autre avantage sont les longs dur\u00e9es de vie des couteaux du HZR. Ceci abouti \u00e0 un grand rentabilit\u00e9 de la d\u00e9chiqueteuse <strong>NEUE HERBOLD<\/strong> type HZR 1300.<\/p>\n<p>&nbsp;<\/p>\n<div id=\"attachment_2984\" style=\"width: 310px\" class=\"wp-caption alignleft\"><a href=\"https:\/\/neue-herbold.com\/wp-content\/uploads\/2014\/12\/HZR-1300-2-0001-4c.jpg\" target=\"_blank\" rel=\"noopener noreferrer\"><img loading=\"lazy\" decoding=\"async\" aria-describedby=\"caption-attachment-2984\" class=\"wp-image-2984 size-medium\" src=\"https:\/\/neue-herbold.com\/wp-content\/uploads\/2014\/12\/HZR-1300-2-0001-4c-300x199.jpg\" alt=\"\" width=\"300\" height=\"199\" srcset=\"https:\/\/neue-herbold.com\/wp-content\/uploads\/2014\/12\/HZR-1300-2-0001-4c-300x199.jpg 300w, https:\/\/neue-herbold.com\/wp-content\/uploads\/2014\/12\/HZR-1300-2-0001-4c-1024x681.jpg 1024w, https:\/\/neue-herbold.com\/wp-content\/uploads\/2014\/12\/HZR-1300-2-0001-4c-100x66.jpg 100w, https:\/\/neue-herbold.com\/wp-content\/uploads\/2014\/12\/HZR-1300-2-0001-4c-150x99.jpg 150w, https:\/\/neue-herbold.com\/wp-content\/uploads\/2014\/12\/HZR-1300-2-0001-4c-200x133.jpg 200w, https:\/\/neue-herbold.com\/wp-content\/uploads\/2014\/12\/HZR-1300-2-0001-4c-450x299.jpg 450w, https:\/\/neue-herbold.com\/wp-content\/uploads\/2014\/12\/HZR-1300-2-0001-4c-600x399.jpg 600w, https:\/\/neue-herbold.com\/wp-content\/uploads\/2014\/12\/HZR-1300-2-0001-4c-900x599.jpg 900w, https:\/\/neue-herbold.com\/wp-content\/uploads\/2014\/12\/HZR-1300-2-0001-4c.jpg 1200w\" sizes=\"(max-width: 300px) 100vw, 300px\" \/><\/a><p id=\"caption-attachment-2984\" class=\"wp-caption-text\"><span style=\"color: #000000;\">HZR 1300\/2<\/span><\/p><\/div>\n<p>&nbsp;<\/p>\n<p>&nbsp;<\/p>\n<p><span style=\"color: #000000;\"><em><strong>Technique<\/strong><\/em><\/span><\/p>\n<p>D\u00e9bit de la machine : D\u00e9pend de la r\u00e9silience et l\u2019\u00e9paisseur de paroi autant que de la perforation du tamis. Le d\u00e9bit par heure sera d\u2019environ 3 t en cas d\u2019\u00e9tant sain des outils de coupe.<br \/>\n Chargement : Les tuyaux sont entr\u00e9es lat\u00e9ralement dans le tunnel d\u2019alimentation qui m\u00e8ne \u00e0 la d\u00e9chiqueteuse. L\u2019alimentation elle\u2011m\u00eame fonctionne par un syst\u00e8me automatiquement g\u00e9r\u00e9 en fonction de la charge. Le piston est entra\u00een\u00e9 par un moto r\u00e9ducteur et par c\u00e2ble.<br \/>\n Cadre : Construction en acier soud\u00e9, rougeoy\u00e9e \u00e0 basse tension et usin\u00e9s avec beaucoup de soin, avec des consoles ext\u00e9rieures pour le logement des roulements, moteurs, r\u00e9ducteurs et accouplements.<br \/>\n Outils de coupe : Rotors profil\u00e9s, Logement des couteaux de coupe en forme de \u00ab V \u00bb. Couteaux utilisables de deux c\u00f4t\u00e9s. Couteau compl\u00e9mentaire dent\u00e9. Axe rotor log\u00e9 dans les logements \u00e0 rotule sur deux rang\u00e9es de rouleaux. <br \/>\n Contr\u00f4le : Siemens SIMATIC S7, avec \u00e9cran tactile.<\/p>\n<p>&nbsp;<\/p>\n<p><strong>NEUE HERBOLD &#8211; HZR \u2013 d\u00e9coupage des tuyaux jusqu\u2019\u00e0 1200 mm diam\u00e8tre<\/strong><\/p>\n<div id=\"bc6D4DVabU\" data-borlabs-cookie-blocked-content><div class=\"borlabs-cookie-bct bc-bct-video bc-bct-youtube\"> <p class=\"bc-thumbnail\"><img src=\"https:\/\/neue-herbold.com\/wp-content\/plugins\/borlabs-cookie\/images\/bct-no-thumbnail.png\" alt=\"YouTube\"><\/p> <div class=\"bc-text\"> <p>Pour prot\u00e9ger vos donn\u00e9es personnelles, votre connexion \u00e0 YouTube a \u00e9t\u00e9 bloqu\u00e9e. <br> Cliquez sur <strong> Charger la vid\u00e9o <\/strong> pour d\u00e9bloquer YouTube. <br> En chargeant la vid\u00e9o, vous acceptez les r\u00e8gles de confidentialit\u00e9 de YouTube. <br> Pour plus d'informations sur la politique de confidentialit\u00e9 de YouTube, cliquez ici. <a href=\"https:\/\/policies.google.com\/privacy?hl=fr&gl=fr\" target=\"_blank\" rel=\"nofollow\">Google - Politique de confidentialit\u00e9<\/a><\/p> <p><label><input type=\"checkbox\" name=\"unblockAll\" value=\"1\" > Ne bloquez plus les vid\u00e9os YouTube \u00e0 l'avenir.<\/label> <a role=\"button\" data-borlabs-cookie-unblock>Charger la vid\u00e9o<\/a><\/p> <\/div> <\/div><\/div>\n<p>&nbsp;<\/p>\n<p><strong>Avantages<\/strong><\/p>\n<ul>\n<li>Reduit la consommation d\u2019\u00e9nergie, <br \/>\n en comparaison \u00e0 une d\u00e9coupage \u00e0<br \/>\n un \u00e9tage, par 20%-50%<\/li>\n<li>Longs dur\u00e9es de vie des couteaux<\/li>\n<li>Tr\u00e8s haut degr\u00e9 de rentabilit\u00e9<\/li>\n<\/ul>\n<p>&nbsp;<\/p>\n<p>&nbsp;<\/p>\n<div id=\"attachment_2951\" style=\"width: 551px\" class=\"wp-caption alignright\"><a href=\"https:\/\/neue-herbold.com\/wp-content\/uploads\/2014\/11\/Vierwellenschreddder-02.jpg\" target=\"_blank\" rel=\"noopener noreferrer\"><img loading=\"lazy\" decoding=\"async\" aria-describedby=\"caption-attachment-2951\" class=\"wp-image-2951\" src=\"https:\/\/neue-herbold.com\/wp-content\/uploads\/2014\/11\/Vierwellenschreddder-02-1024x495.jpg\" alt=\"\" width=\"541\" height=\"261\" srcset=\"https:\/\/neue-herbold.com\/wp-content\/uploads\/2014\/11\/Vierwellenschreddder-02-1024x495.jpg 1024w, https:\/\/neue-herbold.com\/wp-content\/uploads\/2014\/11\/Vierwellenschreddder-02-300x145.jpg 300w, https:\/\/neue-herbold.com\/wp-content\/uploads\/2014\/11\/Vierwellenschreddder-02-100x48.jpg 100w, https:\/\/neue-herbold.com\/wp-content\/uploads\/2014\/11\/Vierwellenschreddder-02-150x72.jpg 150w, https:\/\/neue-herbold.com\/wp-content\/uploads\/2014\/11\/Vierwellenschreddder-02-200x96.jpg 200w, https:\/\/neue-herbold.com\/wp-content\/uploads\/2014\/11\/Vierwellenschreddder-02-450x217.jpg 450w, https:\/\/neue-herbold.com\/wp-content\/uploads\/2014\/11\/Vierwellenschreddder-02-600x290.jpg 600w, https:\/\/neue-herbold.com\/wp-content\/uploads\/2014\/11\/Vierwellenschreddder-02-900x435.jpg 900w, https:\/\/neue-herbold.com\/wp-content\/uploads\/2014\/11\/Vierwellenschreddder-02.jpg 1874w\" sizes=\"(max-width: 541px) 100vw, 541px\" \/><\/a><p id=\"caption-attachment-2951\" class=\"wp-caption-text\">HZR \u2013 d\u00e9coupage des tuyaux jusqu\u2019\u00e0 1200 mm diam\u00e8tre<\/p><\/div>\n<p>&nbsp;<\/p>\n<table>\n<tbody>\n<tr>\n<td><strong><span style=\"color: #000000;\">Dechiqueteuse<\/span><\/strong><\/td>\n<td><strong><span style=\"color: #000000;\">Type<\/span><\/strong><\/td>\n<td style=\"text-align: center;\"><span style=\"color: #000000;\">HZR 1300\/2<\/span><\/td>\n<td style=\"text-align: center;\"><span style=\"color: #000000;\">HZR 1300\/4<\/span><\/td>\n<td style=\"text-align: center;\"><span style=\"color: #000000;\">HZR 1300\/4<\/span><\/td>\n<td style=\"text-align: center;\">\u00a0<\/td>\n<\/tr>\n<tr>\n<td>&nbsp;<\/td>\n<td><strong><span style=\"color: #000000;\">Largueur de coupage<\/span><\/strong><\/td>\n<td style=\"text-align: center;\"><span style=\"color: #000000;\">1300 mm<\/span><\/td>\n<td style=\"text-align: center;\"><span style=\"color: #000000;\">1300 mm<\/span><\/td>\n<td style=\"text-align: center;\"><span style=\"color: #000000;\">1300 mm<\/span><\/td>\n<td style=\"text-align: center;\">\u00a0<\/td>\n<\/tr>\n<tr>\n<td>&nbsp;<\/td>\n<td><strong><span style=\"color: #000000;\">Diam\u00e8tre des axes<\/span><\/strong><\/td>\n<td style=\"text-align: center;\"><span style=\"color: #000000;\">370 mm<\/span><\/td>\n<td style=\"text-align: center;\"><span style=\"color: #000000;\">370 mm<\/span><\/td>\n<td style=\"text-align: center;\"><span style=\"color: #000000;\">370 mm<\/span><\/td>\n<td style=\"text-align: center;\">\u00a0<\/td>\n<\/tr>\n<tr>\n<td>&nbsp;<\/td>\n<td><strong><span style=\"color: #000000;\">Entra\u00eenement<\/span><\/strong><\/td>\n<td style=\"text-align: center;\"><span style=\"color: #000000;\">2 x 30 kW<\/span><\/td>\n<td style=\"text-align: center;\"><span style=\"color: #000000;\">4 x 30 kW<\/span><\/td>\n<td style=\"text-align: center;\"><span style=\"color: #000000;\">4 x 30 kW<\/span><\/td>\n<td style=\"text-align: center;\">\u00a0<\/td>\n<\/tr>\n<tr>\n<td><strong><span style=\"color: #000000;\">Tunnel d\u2019alimentation<\/span><\/strong><\/td>\n<td><strong><span style=\"color: #000000;\">Pour tuyaux de<\/span><\/strong><\/td>\n<td style=\"text-align: center;\"><span style=\"color: #000000;\">6 metre Longueur<br \/>\n <\/span><\/td>\n<td style=\"text-align: center;\"><span style=\"color: #000000;\">6 metre Longueur<br \/>\n <\/span><\/td>\n<td style=\"text-align: center;\"><span style=\"color: #000000;\">2 metre Longueur<br \/>\n <\/span><\/td>\n<td style=\"text-align: center;\">\u00a0<\/td>\n<\/tr>\n<tr>\n<td>&nbsp;<\/td>\n<td><strong><span style=\"color: #000000;\">Diam\u00e8tre <\/span><\/strong><\/td>\n<td style=\"text-align: center;\"><span style=\"color: #000000;\">650 x 1300 mm<\/span><\/td>\n<td style=\"text-align: center;\"><span style=\"color: #000000;\">1300 x 1350 mm<\/span><\/td>\n<td style=\"text-align: center;\"><span style=\"color: #000000;\">1300 x 1350 mm<\/span><\/td>\n<td style=\"text-align: center;\">\u00a0<\/td>\n<\/tr>\n<tr>\n<td>&nbsp;<\/td>\n<td><strong><span style=\"color: #000000;\">Longueur max. du tunnel d\u2019alimentation<\/span><\/strong><\/td>\n<td style=\"text-align: center;\"><span style=\"color: #000000;\">6500 mm<\/span><\/td>\n<td style=\"text-align: center;\"><span style=\"color: #000000;\">6500 mm<\/span><\/td>\n<td style=\"text-align: center;\"><span style=\"color: #000000;\">2500 mm<\/span><\/td>\n<td style=\"text-align: center;\">\u00a0<\/td>\n<\/tr>\n<tr>\n<td>&nbsp;<\/td>\n<td><strong><span style=\"color: #000000;\">Entra\u00eenement alimentation<\/span><\/strong><\/td>\n<td style=\"text-align: center;\"><span style=\"color: #000000;\">5,5 kW<\/span><\/td>\n<td style=\"text-align: center;\"><span style=\"color: #000000;\">5,5 kW<\/span><\/td>\n<td style=\"text-align: center;\">\u00a0<\/td>\n<td style=\"text-align: center;\">\u00a0<\/td>\n<\/tr>\n<tr>\n<td>&nbsp;<\/td>\n<td><strong><span style=\"color: #000000;\">Hydraulique<\/span><\/strong><\/td>\n<td style=\"text-align: center;\"><span style=\"color: #000000;\">4 kW<\/span><\/td>\n<td style=\"text-align: center;\"><span style=\"color: #000000;\">4 kW <\/span><\/td>\n<td style=\"text-align: center;\">\u00a0<\/td>\n<td style=\"text-align: center;\">\u00a0<\/td>\n<\/tr>\n<\/tbody>\n<\/table>\n","protected":false},"excerpt":{"rendered":"<p><a href=\"https:\/\/neue-herbold.com\/wp-content\/uploads\/2014\/11\/Vierwellenschreddder-01.jpg\" target=\"_blank\" rel=\"noopener noreferrer\"><img loading=\"lazy\" decoding=\"async\" class=\"alignright wp-image-2950\" src=\"https:\/\/neue-herbold.com\/wp-content\/uploads\/2014\/11\/Vierwellenschreddder-01-1024x749.jpg\" alt=\"Dechiqueteuse des tuyaux - HZR 1300\/4\" width=\"486\" height=\"355\" srcset=\"https:\/\/neue-herbold.com\/wp-content\/uploads\/2014\/11\/Vierwellenschreddder-01-1024x749.jpg 1024w, https:\/\/neue-herbold.com\/wp-content\/uploads\/2014\/11\/Vierwellenschreddder-01-300x219.jpg 300w, https:\/\/neue-herbold.com\/wp-content\/uploads\/2014\/11\/Vierwellenschreddder-01-100x73.jpg 100w, https:\/\/neue-herbold.com\/wp-content\/uploads\/2014\/11\/Vierwellenschreddder-01-150x109.jpg 150w, https:\/\/neue-herbold.com\/wp-content\/uploads\/2014\/11\/Vierwellenschreddder-01-200x146.jpg 200w, https:\/\/neue-herbold.com\/wp-content\/uploads\/2014\/11\/Vierwellenschreddder-01-450x329.jpg 450w, https:\/\/neue-herbold.com\/wp-content\/uploads\/2014\/11\/Vierwellenschreddder-01-600x438.jpg 600w, https:\/\/neue-herbold.com\/wp-content\/uploads\/2014\/11\/Vierwellenschreddder-01-900x658.jpg 900w, https:\/\/neue-herbold.com\/wp-content\/uploads\/2014\/11\/Vierwellenschreddder-01.jpg 1240w\" sizes=\"(max-width: 486px) 100vw, 486px\" \/><\/a><strong>Secteur d\u2019emploi<br \/>\n <\/strong><br \/>\n La d\u00e9chiqueteuse <strong>NEUE HERBOLD<\/strong> HZR 1300\/x est concevu sp\u00e9cialement pour le broyage efficace des tuyaux resilients et aux parois \u00e9paisses, d\u2019une grande diam\u00e8tre (max. 1200 mm) et pour les blocs de purge.<\/p>\n<p><span class=\"ellipsis\">&hellip;<\/span><\/p>\n<div class=\"read-more\"><a href=\"https:\/\/neue-herbold.com\/fr\/dechiqueteuse-des-tuyaux-hzr\/\">Lire la suite &#8250;<\/a><\/div>\n<p><!-- end of .read-more --><\/p>\n","protected":false},"author":1,"featured_media":0,"parent":0,"menu_order":0,"comment_status":"closed","ping_status":"closed","template":"","meta":{"footnotes":""},"class_list":["post-7800","page","type-page","status-publish","hentry"],"yoast_head":"<!-- This site is optimized with the Yoast SEO plugin v25.4 - https:\/\/yoast.com\/wordpress\/plugins\/seo\/ -->\n<title>Dechiqueteuse des tuyaux HZR - Neue Herbold GmbH<\/title>\n<meta name=\"description\" content=\"Der Neue Herbold Rohrschredder Typ HZR 1300\/4 ist speziell konzipiert f\u00fcr die effektive Vorzerkleinerung von dickwandigen, schlagz\u00e4hen Rohren mit grossem\" \/>\n<meta name=\"robots\" content=\"index, follow, max-snippet:-1, max-image-preview:large, max-video-preview:-1\" \/>\n<link rel=\"canonical\" href=\"https:\/\/neue-herbold.com\/fr\/dechiqueteuse-des-tuyaux-hzr\/\" \/>\n<meta property=\"og:locale\" content=\"fr_FR\" \/>\n<meta property=\"og:type\" content=\"article\" \/>\n<meta property=\"og:title\" content=\"Dechiqueteuse des tuyaux HZR - Neue Herbold GmbH\" \/>\n<meta property=\"og:description\" content=\"Der Neue Herbold Rohrschredder Typ HZR 1300\/4 ist speziell konzipiert f\u00fcr die effektive Vorzerkleinerung von dickwandigen, schlagz\u00e4hen Rohren mit grossem\" \/>\n<meta property=\"og:url\" content=\"https:\/\/neue-herbold.com\/fr\/dechiqueteuse-des-tuyaux-hzr\/\" \/>\n<meta property=\"og:site_name\" content=\"Neue Herbold GmbH\" \/>\n<meta property=\"article:modified_time\" content=\"2017-04-30T20:12:19+00:00\" \/>\n<meta property=\"og:image\" content=\"https:\/\/neue-herbold.com\/wp-content\/uploads\/2014\/11\/Vierwellenschreddder-01-1024x749.jpg\" \/>\n<meta name=\"twitter:label1\" content=\"Dur\u00e9e de lecture estim\u00e9e\" \/>\n\t<meta name=\"twitter:data1\" content=\"2 minutes\" \/>\n<script type=\"application\/ld+json\" class=\"yoast-schema-graph\">{\"@context\":\"https:\/\/schema.org\",\"@graph\":[{\"@type\":\"WebPage\",\"@id\":\"https:\/\/neue-herbold.com\/fr\/dechiqueteuse-des-tuyaux-hzr\/\",\"url\":\"https:\/\/neue-herbold.com\/fr\/dechiqueteuse-des-tuyaux-hzr\/\",\"name\":\"Dechiqueteuse des tuyaux HZR - Neue Herbold GmbH\",\"isPartOf\":{\"@id\":\"https:\/\/neue-herbold.com\/en\/#website\"},\"primaryImageOfPage\":{\"@id\":\"https:\/\/neue-herbold.com\/fr\/dechiqueteuse-des-tuyaux-hzr\/#primaryimage\"},\"image\":{\"@id\":\"https:\/\/neue-herbold.com\/fr\/dechiqueteuse-des-tuyaux-hzr\/#primaryimage\"},\"thumbnailUrl\":\"https:\/\/neue-herbold.com\/wp-content\/uploads\/2014\/11\/Vierwellenschreddder-01-1024x749.jpg\",\"datePublished\":\"2016-06-02T18:17:55+00:00\",\"dateModified\":\"2017-04-30T20:12:19+00:00\",\"description\":\"Der Neue Herbold Rohrschredder Typ HZR 1300\/4 ist speziell konzipiert f\u00fcr die effektive Vorzerkleinerung von dickwandigen, schlagz\u00e4hen Rohren mit grossem\",\"breadcrumb\":{\"@id\":\"https:\/\/neue-herbold.com\/fr\/dechiqueteuse-des-tuyaux-hzr\/#breadcrumb\"},\"inLanguage\":\"fr-FR\",\"potentialAction\":[{\"@type\":\"ReadAction\",\"target\":[\"https:\/\/neue-herbold.com\/fr\/dechiqueteuse-des-tuyaux-hzr\/\"]}]},{\"@type\":\"ImageObject\",\"inLanguage\":\"fr-FR\",\"@id\":\"https:\/\/neue-herbold.com\/fr\/dechiqueteuse-des-tuyaux-hzr\/#primaryimage\",\"url\":\"https:\/\/neue-herbold.com\/wp-content\/uploads\/2014\/11\/Vierwellenschreddder-01-1024x749.jpg\",\"contentUrl\":\"https:\/\/neue-herbold.com\/wp-content\/uploads\/2014\/11\/Vierwellenschreddder-01-1024x749.jpg\"},{\"@type\":\"BreadcrumbList\",\"@id\":\"https:\/\/neue-herbold.com\/fr\/dechiqueteuse-des-tuyaux-hzr\/#breadcrumb\",\"itemListElement\":[{\"@type\":\"ListItem\",\"position\":1,\"name\":\"Startseite\",\"item\":\"https:\/\/neue-herbold.com\/fr\/\"},{\"@type\":\"ListItem\",\"position\":2,\"name\":\"Dechiqueteuse des tuyaux HZR\"}]},{\"@type\":\"WebSite\",\"@id\":\"https:\/\/neue-herbold.com\/en\/#website\",\"url\":\"https:\/\/neue-herbold.com\/en\/\",\"name\":\"Neue Herbold GmbH\",\"description\":\"\",\"potentialAction\":[{\"@type\":\"SearchAction\",\"target\":{\"@type\":\"EntryPoint\",\"urlTemplate\":\"https:\/\/neue-herbold.com\/en\/?s={search_term_string}\"},\"query-input\":{\"@type\":\"PropertyValueSpecification\",\"valueRequired\":true,\"valueName\":\"search_term_string\"}}],\"inLanguage\":\"fr-FR\"}]}<\/script>\n<!-- \/ Yoast SEO plugin. -->","yoast_head_json":{"title":"Dechiqueteuse des tuyaux HZR - Neue Herbold GmbH","description":"Der Neue Herbold Rohrschredder Typ HZR 1300\/4 ist speziell konzipiert f\u00fcr die effektive Vorzerkleinerung von dickwandigen, schlagz\u00e4hen Rohren mit grossem","robots":{"index":"index","follow":"follow","max-snippet":"max-snippet:-1","max-image-preview":"max-image-preview:large","max-video-preview":"max-video-preview:-1"},"canonical":"https:\/\/neue-herbold.com\/fr\/dechiqueteuse-des-tuyaux-hzr\/","og_locale":"fr_FR","og_type":"article","og_title":"Dechiqueteuse des tuyaux HZR - Neue Herbold GmbH","og_description":"Der Neue Herbold Rohrschredder Typ HZR 1300\/4 ist speziell konzipiert f\u00fcr die effektive Vorzerkleinerung von dickwandigen, schlagz\u00e4hen Rohren mit grossem","og_url":"https:\/\/neue-herbold.com\/fr\/dechiqueteuse-des-tuyaux-hzr\/","og_site_name":"Neue Herbold GmbH","article_modified_time":"2017-04-30T20:12:19+00:00","og_image":[{"url":"https:\/\/neue-herbold.com\/wp-content\/uploads\/2014\/11\/Vierwellenschreddder-01-1024x749.jpg","type":"","width":"","height":""}],"twitter_misc":{"Dur\u00e9e de lecture estim\u00e9e":"2 minutes"},"schema":{"@context":"https:\/\/schema.org","@graph":[{"@type":"WebPage","@id":"https:\/\/neue-herbold.com\/fr\/dechiqueteuse-des-tuyaux-hzr\/","url":"https:\/\/neue-herbold.com\/fr\/dechiqueteuse-des-tuyaux-hzr\/","name":"Dechiqueteuse des tuyaux HZR - Neue Herbold GmbH","isPartOf":{"@id":"https:\/\/neue-herbold.com\/en\/#website"},"primaryImageOfPage":{"@id":"https:\/\/neue-herbold.com\/fr\/dechiqueteuse-des-tuyaux-hzr\/#primaryimage"},"image":{"@id":"https:\/\/neue-herbold.com\/fr\/dechiqueteuse-des-tuyaux-hzr\/#primaryimage"},"thumbnailUrl":"https:\/\/neue-herbold.com\/wp-content\/uploads\/2014\/11\/Vierwellenschreddder-01-1024x749.jpg","datePublished":"2016-06-02T18:17:55+00:00","dateModified":"2017-04-30T20:12:19+00:00","description":"Der Neue Herbold Rohrschredder Typ HZR 1300\/4 ist speziell konzipiert f\u00fcr die effektive Vorzerkleinerung von dickwandigen, schlagz\u00e4hen Rohren mit grossem","breadcrumb":{"@id":"https:\/\/neue-herbold.com\/fr\/dechiqueteuse-des-tuyaux-hzr\/#breadcrumb"},"inLanguage":"fr-FR","potentialAction":[{"@type":"ReadAction","target":["https:\/\/neue-herbold.com\/fr\/dechiqueteuse-des-tuyaux-hzr\/"]}]},{"@type":"ImageObject","inLanguage":"fr-FR","@id":"https:\/\/neue-herbold.com\/fr\/dechiqueteuse-des-tuyaux-hzr\/#primaryimage","url":"https:\/\/neue-herbold.com\/wp-content\/uploads\/2014\/11\/Vierwellenschreddder-01-1024x749.jpg","contentUrl":"https:\/\/neue-herbold.com\/wp-content\/uploads\/2014\/11\/Vierwellenschreddder-01-1024x749.jpg"},{"@type":"BreadcrumbList","@id":"https:\/\/neue-herbold.com\/fr\/dechiqueteuse-des-tuyaux-hzr\/#breadcrumb","itemListElement":[{"@type":"ListItem","position":1,"name":"Startseite","item":"https:\/\/neue-herbold.com\/fr\/"},{"@type":"ListItem","position":2,"name":"Dechiqueteuse des tuyaux HZR"}]},{"@type":"WebSite","@id":"https:\/\/neue-herbold.com\/en\/#website","url":"https:\/\/neue-herbold.com\/en\/","name":"Neue Herbold GmbH","description":"","potentialAction":[{"@type":"SearchAction","target":{"@type":"EntryPoint","urlTemplate":"https:\/\/neue-herbold.com\/en\/?s={search_term_string}"},"query-input":{"@type":"PropertyValueSpecification","valueRequired":true,"valueName":"search_term_string"}}],"inLanguage":"fr-FR"}]}},"_links":{"self":[{"href":"https:\/\/neue-herbold.com\/fr\/wp-json\/wp\/v2\/pages\/7800"}],"collection":[{"href":"https:\/\/neue-herbold.com\/fr\/wp-json\/wp\/v2\/pages"}],"about":[{"href":"https:\/\/neue-herbold.com\/fr\/wp-json\/wp\/v2\/types\/page"}],"author":[{"embeddable":true,"href":"https:\/\/neue-herbold.com\/fr\/wp-json\/wp\/v2\/users\/1"}],"replies":[{"embeddable":true,"href":"https:\/\/neue-herbold.com\/fr\/wp-json\/wp\/v2\/comments?post=7800"}],"version-history":[{"count":6,"href":"https:\/\/neue-herbold.com\/fr\/wp-json\/wp\/v2\/pages\/7800\/revisions"}],"predecessor-version":[{"id":10950,"href":"https:\/\/neue-herbold.com\/fr\/wp-json\/wp\/v2\/pages\/7800\/revisions\/10950"}],"wp:attachment":[{"href":"https:\/\/neue-herbold.com\/fr\/wp-json\/wp\/v2\/media?parent=7800"}],"curies":[{"name":"wp","href":"https:\/\/api.w.org\/{rel}","templated":true}]}}