{"id":7776,"date":"2016-06-02T19:40:33","date_gmt":"2016-06-02T17:40:33","guid":{"rendered":"https:\/\/neue-herbold.com\/fr\/vorwaschschnecke-einweichschnecke\/"},"modified":"2016-06-02T19:47:03","modified_gmt":"2016-06-02T17:47:03","slug":"vis-de-pre-lavage-vis-de-trempage","status":"publish","type":"page","link":"https:\/\/neue-herbold.com\/fr\/vis-de-pre-lavage-vis-de-trempage\/","title":{"rendered":"Vis de pr\u00e9-lavage \/ Vis de trempage"},"content":{"rendered":"<div id=\"attachment_5291\" style=\"width: 344px\" class=\"wp-caption alignleft\"><a href=\"https:\/\/neue-herbold.com\/wp-content\/uploads\/2015\/01\/Vorwaschschnecke.jpg\" target=\"_blank\"><img loading=\"lazy\" decoding=\"async\" aria-describedby=\"caption-attachment-5291\" class=\"wp-image-5291\" src=\"https:\/\/neue-herbold.com\/wp-content\/uploads\/2015\/01\/Vorwaschschnecke.jpg\" alt=\"Vis de trempage\" width=\"334\" height=\"314\" srcset=\"https:\/\/neue-herbold.com\/wp-content\/uploads\/2015\/01\/Vorwaschschnecke.jpg 941w, https:\/\/neue-herbold.com\/wp-content\/uploads\/2015\/01\/Vorwaschschnecke-300x282.jpg 300w, https:\/\/neue-herbold.com\/wp-content\/uploads\/2015\/01\/Vorwaschschnecke-100x94.jpg 100w, https:\/\/neue-herbold.com\/wp-content\/uploads\/2015\/01\/Vorwaschschnecke-150x141.jpg 150w, https:\/\/neue-herbold.com\/wp-content\/uploads\/2015\/01\/Vorwaschschnecke-200x188.jpg 200w, https:\/\/neue-herbold.com\/wp-content\/uploads\/2015\/01\/Vorwaschschnecke-450x424.jpg 450w, https:\/\/neue-herbold.com\/wp-content\/uploads\/2015\/01\/Vorwaschschnecke-600x565.jpg 600w, https:\/\/neue-herbold.com\/wp-content\/uploads\/2015\/01\/Vorwaschschnecke-900x847.jpg 900w\" sizes=\"(max-width: 334px) 100vw, 334px\" \/><\/a><p id=\"caption-attachment-5291\" class=\"wp-caption-text\">Vis de trempage type ES 300<\/p><\/div>\n<h3>Emploi<\/h3>\n<p>La vis de trempage\/pr\u00e9-lavage <strong>NEUE HERBOLD<\/strong> type ES a \u00e9t\u00e9 developp\u00e9 sp\u00e9cialement pour la s\u00e9paration des impuret\u00e9s du produit et pour sa mouillage.<\/p>\n<h4>La vis de trempage \/ pr\u00e9-lavage<\/h4>\n<p>est utilis\u00e9 surtout pour le recyclage des films. Elle les pr\u00e9traite et prot\u00e8ge les machines suivantes comme par exemple les laveurs intensifs.<\/p>\n<p>&nbsp;<\/p>\n<p>&nbsp;<\/p>\n<h3 style=\"text-align: right;\"><strong><a href=\"https:\/\/neue-herbold.com\/wp-content\/uploads\/2015\/01\/Vorwaschschnecke-Detail.jpg\" target=\"_blank\"><img loading=\"lazy\" decoding=\"async\" class=\"alignright wp-image-5292 size-medium\" src=\"https:\/\/neue-herbold.com\/wp-content\/uploads\/2015\/01\/Vorwaschschnecke-Detail-208x300.jpg\" alt=\"Vis de pr\u00e9-lavage\" width=\"208\" height=\"300\" srcset=\"https:\/\/neue-herbold.com\/wp-content\/uploads\/2015\/01\/Vorwaschschnecke-Detail-208x300.jpg 208w, https:\/\/neue-herbold.com\/wp-content\/uploads\/2015\/01\/Vorwaschschnecke-Detail-100x144.jpg 100w, https:\/\/neue-herbold.com\/wp-content\/uploads\/2015\/01\/Vorwaschschnecke-Detail-150x217.jpg 150w, https:\/\/neue-herbold.com\/wp-content\/uploads\/2015\/01\/Vorwaschschnecke-Detail-200x289.jpg 200w, https:\/\/neue-herbold.com\/wp-content\/uploads\/2015\/01\/Vorwaschschnecke-Detail-300x433.jpg 300w, https:\/\/neue-herbold.com\/wp-content\/uploads\/2015\/01\/Vorwaschschnecke-Detail-450x650.jpg 450w, https:\/\/neue-herbold.com\/wp-content\/uploads\/2015\/01\/Vorwaschschnecke-Detail.jpg 598w\" sizes=\"(max-width: 208px) 100vw, 208px\" \/><\/a>Fonction<br \/> <\/strong><\/h3>\n<p style=\"text-align: right;\">Apr\u00e8s le broyage, les particules en film sont transport\u00e9s dans le puit d&rsquo;alimentation et ils sont mouill\u00e9s.<\/p>\n<p style=\"text-align: right;\">Les particules lourds, comme par exemple des \u00e9clats de verre, sable ou pi\u00e8ces en m\u00e9tal, coulent dans la zone d&rsquo;entr\u00e9e et sont \u00e9vacu\u00e9s p\u00e9riodiquement par les deux coulisseaux pneumatiques dans la partie inf\u00e9rieure.<\/p>\n<p style=\"text-align: right;\">Le long temps de s\u00e9jour des fractions\/broy\u00e9s de film dans le bain d&rsquo;eau assure un mouillage ad\u00e9quat.<\/p>\n","protected":false},"excerpt":{"rendered":"<p>Emploi<\/p>\n<p>La vis de trempage\/pr\u00e9-lavage <strong>NEUE HERBOLD<\/strong> type ES a \u00e9t\u00e9 developp\u00e9 sp\u00e9cialement pour la s\u00e9paration des impuret\u00e9s du produit et pour sa mouillage.<\/p>\n<p>La vis de trempage \/ pr\u00e9-lavage<\/p>\n<p>est utilis\u00e9 surtout pour le recyclage des films.<\/p>\n<p><span class=\"ellipsis\">&hellip;<\/span><\/p>\n<div class=\"read-more\"><a href=\"https:\/\/neue-herbold.com\/fr\/vis-de-pre-lavage-vis-de-trempage\/\">Lire la suite &#8250;<\/a><\/div>\n<p><!-- end of .read-more --><\/p>\n","protected":false},"author":1,"featured_media":0,"parent":0,"menu_order":0,"comment_status":"closed","ping_status":"closed","template":"","meta":{"footnotes":""},"class_list":["post-7776","page","type-page","status-publish","hentry"],"yoast_head":"<!-- This site is optimized with the Yoast SEO plugin v25.4 - https:\/\/yoast.com\/wordpress\/plugins\/seo\/ -->\n<title>Vis de pr\u00e9-lavage \/ Vis de trempage - Neue Herbold GmbH<\/title>\n<meta name=\"description\" content=\"La vis de trempage NEUE HERBOLD type ES a \u00e9t\u00e9 developp\u00e9 sp\u00e9cialement pour la s\u00e9paration des impuret\u00e9s du produit et pour sa mouillage. La vis de trempage\" \/>\n<meta name=\"robots\" content=\"index, follow, max-snippet:-1, max-image-preview:large, max-video-preview:-1\" \/>\n<link rel=\"canonical\" href=\"https:\/\/neue-herbold.com\/fr\/vis-de-pre-lavage-vis-de-trempage\/\" \/>\n<meta property=\"og:locale\" content=\"fr_FR\" \/>\n<meta property=\"og:type\" content=\"article\" \/>\n<meta property=\"og:title\" content=\"Vis de pr\u00e9-lavage \/ Vis de trempage - Neue Herbold GmbH\" \/>\n<meta property=\"og:description\" content=\"La vis de trempage NEUE HERBOLD type ES a \u00e9t\u00e9 developp\u00e9 sp\u00e9cialement pour la s\u00e9paration des impuret\u00e9s du produit et pour sa mouillage. La vis de trempage\" \/>\n<meta property=\"og:url\" content=\"https:\/\/neue-herbold.com\/fr\/vis-de-pre-lavage-vis-de-trempage\/\" \/>\n<meta property=\"og:site_name\" content=\"Neue Herbold GmbH\" \/>\n<meta property=\"article:modified_time\" content=\"2016-06-02T17:47:03+00:00\" \/>\n<meta property=\"og:image\" content=\"https:\/\/neue-herbold.com\/wp-content\/uploads\/2015\/01\/Vorwaschschnecke.jpg\" \/>\n<meta name=\"twitter:label1\" content=\"Dur\u00e9e de lecture estim\u00e9e\" \/>\n\t<meta name=\"twitter:data1\" content=\"1 minute\" \/>\n<script type=\"application\/ld+json\" class=\"yoast-schema-graph\">{\"@context\":\"https:\/\/schema.org\",\"@graph\":[{\"@type\":\"WebPage\",\"@id\":\"https:\/\/neue-herbold.com\/fr\/vis-de-pre-lavage-vis-de-trempage\/\",\"url\":\"https:\/\/neue-herbold.com\/fr\/vis-de-pre-lavage-vis-de-trempage\/\",\"name\":\"Vis de pr\u00e9-lavage \/ Vis de trempage - Neue Herbold GmbH\",\"isPartOf\":{\"@id\":\"https:\/\/neue-herbold.com\/en\/#website\"},\"primaryImageOfPage\":{\"@id\":\"https:\/\/neue-herbold.com\/fr\/vis-de-pre-lavage-vis-de-trempage\/#primaryimage\"},\"image\":{\"@id\":\"https:\/\/neue-herbold.com\/fr\/vis-de-pre-lavage-vis-de-trempage\/#primaryimage\"},\"thumbnailUrl\":\"https:\/\/neue-herbold.com\/wp-content\/uploads\/2015\/01\/Vorwaschschnecke.jpg\",\"datePublished\":\"2016-06-02T17:40:33+00:00\",\"dateModified\":\"2016-06-02T17:47:03+00:00\",\"description\":\"La vis de trempage NEUE HERBOLD type ES a \u00e9t\u00e9 developp\u00e9 sp\u00e9cialement pour la s\u00e9paration des impuret\u00e9s du produit et pour sa mouillage. La vis de trempage\",\"breadcrumb\":{\"@id\":\"https:\/\/neue-herbold.com\/fr\/vis-de-pre-lavage-vis-de-trempage\/#breadcrumb\"},\"inLanguage\":\"fr-FR\",\"potentialAction\":[{\"@type\":\"ReadAction\",\"target\":[\"https:\/\/neue-herbold.com\/fr\/vis-de-pre-lavage-vis-de-trempage\/\"]}]},{\"@type\":\"ImageObject\",\"inLanguage\":\"fr-FR\",\"@id\":\"https:\/\/neue-herbold.com\/fr\/vis-de-pre-lavage-vis-de-trempage\/#primaryimage\",\"url\":\"https:\/\/neue-herbold.com\/wp-content\/uploads\/2015\/01\/Vorwaschschnecke.jpg\",\"contentUrl\":\"https:\/\/neue-herbold.com\/wp-content\/uploads\/2015\/01\/Vorwaschschnecke.jpg\"},{\"@type\":\"BreadcrumbList\",\"@id\":\"https:\/\/neue-herbold.com\/fr\/vis-de-pre-lavage-vis-de-trempage\/#breadcrumb\",\"itemListElement\":[{\"@type\":\"ListItem\",\"position\":1,\"name\":\"Startseite\",\"item\":\"https:\/\/neue-herbold.com\/fr\/\"},{\"@type\":\"ListItem\",\"position\":2,\"name\":\"Vis de pr\u00e9-lavage \/ Vis de trempage\"}]},{\"@type\":\"WebSite\",\"@id\":\"https:\/\/neue-herbold.com\/en\/#website\",\"url\":\"https:\/\/neue-herbold.com\/en\/\",\"name\":\"Neue Herbold GmbH\",\"description\":\"\",\"potentialAction\":[{\"@type\":\"SearchAction\",\"target\":{\"@type\":\"EntryPoint\",\"urlTemplate\":\"https:\/\/neue-herbold.com\/en\/?s={search_term_string}\"},\"query-input\":{\"@type\":\"PropertyValueSpecification\",\"valueRequired\":true,\"valueName\":\"search_term_string\"}}],\"inLanguage\":\"fr-FR\"}]}<\/script>\n<!-- \/ Yoast SEO plugin. -->","yoast_head_json":{"title":"Vis de pr\u00e9-lavage \/ Vis de trempage - Neue Herbold GmbH","description":"La vis de trempage NEUE HERBOLD type ES a \u00e9t\u00e9 developp\u00e9 sp\u00e9cialement pour la s\u00e9paration des impuret\u00e9s du produit et pour sa mouillage. La vis de trempage","robots":{"index":"index","follow":"follow","max-snippet":"max-snippet:-1","max-image-preview":"max-image-preview:large","max-video-preview":"max-video-preview:-1"},"canonical":"https:\/\/neue-herbold.com\/fr\/vis-de-pre-lavage-vis-de-trempage\/","og_locale":"fr_FR","og_type":"article","og_title":"Vis de pr\u00e9-lavage \/ Vis de trempage - Neue Herbold GmbH","og_description":"La vis de trempage NEUE HERBOLD type ES a \u00e9t\u00e9 developp\u00e9 sp\u00e9cialement pour la s\u00e9paration des impuret\u00e9s du produit et pour sa mouillage. La vis de trempage","og_url":"https:\/\/neue-herbold.com\/fr\/vis-de-pre-lavage-vis-de-trempage\/","og_site_name":"Neue Herbold GmbH","article_modified_time":"2016-06-02T17:47:03+00:00","og_image":[{"url":"https:\/\/neue-herbold.com\/wp-content\/uploads\/2015\/01\/Vorwaschschnecke.jpg","type":"","width":"","height":""}],"twitter_misc":{"Dur\u00e9e de lecture estim\u00e9e":"1 minute"},"schema":{"@context":"https:\/\/schema.org","@graph":[{"@type":"WebPage","@id":"https:\/\/neue-herbold.com\/fr\/vis-de-pre-lavage-vis-de-trempage\/","url":"https:\/\/neue-herbold.com\/fr\/vis-de-pre-lavage-vis-de-trempage\/","name":"Vis de pr\u00e9-lavage \/ Vis de trempage - Neue Herbold GmbH","isPartOf":{"@id":"https:\/\/neue-herbold.com\/en\/#website"},"primaryImageOfPage":{"@id":"https:\/\/neue-herbold.com\/fr\/vis-de-pre-lavage-vis-de-trempage\/#primaryimage"},"image":{"@id":"https:\/\/neue-herbold.com\/fr\/vis-de-pre-lavage-vis-de-trempage\/#primaryimage"},"thumbnailUrl":"https:\/\/neue-herbold.com\/wp-content\/uploads\/2015\/01\/Vorwaschschnecke.jpg","datePublished":"2016-06-02T17:40:33+00:00","dateModified":"2016-06-02T17:47:03+00:00","description":"La vis de trempage NEUE HERBOLD type ES a \u00e9t\u00e9 developp\u00e9 sp\u00e9cialement pour la s\u00e9paration des impuret\u00e9s du produit et pour sa mouillage. La vis de trempage","breadcrumb":{"@id":"https:\/\/neue-herbold.com\/fr\/vis-de-pre-lavage-vis-de-trempage\/#breadcrumb"},"inLanguage":"fr-FR","potentialAction":[{"@type":"ReadAction","target":["https:\/\/neue-herbold.com\/fr\/vis-de-pre-lavage-vis-de-trempage\/"]}]},{"@type":"ImageObject","inLanguage":"fr-FR","@id":"https:\/\/neue-herbold.com\/fr\/vis-de-pre-lavage-vis-de-trempage\/#primaryimage","url":"https:\/\/neue-herbold.com\/wp-content\/uploads\/2015\/01\/Vorwaschschnecke.jpg","contentUrl":"https:\/\/neue-herbold.com\/wp-content\/uploads\/2015\/01\/Vorwaschschnecke.jpg"},{"@type":"BreadcrumbList","@id":"https:\/\/neue-herbold.com\/fr\/vis-de-pre-lavage-vis-de-trempage\/#breadcrumb","itemListElement":[{"@type":"ListItem","position":1,"name":"Startseite","item":"https:\/\/neue-herbold.com\/fr\/"},{"@type":"ListItem","position":2,"name":"Vis de pr\u00e9-lavage \/ Vis de trempage"}]},{"@type":"WebSite","@id":"https:\/\/neue-herbold.com\/en\/#website","url":"https:\/\/neue-herbold.com\/en\/","name":"Neue Herbold GmbH","description":"","potentialAction":[{"@type":"SearchAction","target":{"@type":"EntryPoint","urlTemplate":"https:\/\/neue-herbold.com\/en\/?s={search_term_string}"},"query-input":{"@type":"PropertyValueSpecification","valueRequired":true,"valueName":"search_term_string"}}],"inLanguage":"fr-FR"}]}},"_links":{"self":[{"href":"https:\/\/neue-herbold.com\/fr\/wp-json\/wp\/v2\/pages\/7776"}],"collection":[{"href":"https:\/\/neue-herbold.com\/fr\/wp-json\/wp\/v2\/pages"}],"about":[{"href":"https:\/\/neue-herbold.com\/fr\/wp-json\/wp\/v2\/types\/page"}],"author":[{"embeddable":true,"href":"https:\/\/neue-herbold.com\/fr\/wp-json\/wp\/v2\/users\/1"}],"replies":[{"embeddable":true,"href":"https:\/\/neue-herbold.com\/fr\/wp-json\/wp\/v2\/comments?post=7776"}],"version-history":[{"count":3,"href":"https:\/\/neue-herbold.com\/fr\/wp-json\/wp\/v2\/pages\/7776\/revisions"}],"predecessor-version":[{"id":7786,"href":"https:\/\/neue-herbold.com\/fr\/wp-json\/wp\/v2\/pages\/7776\/revisions\/7786"}],"wp:attachment":[{"href":"https:\/\/neue-herbold.com\/fr\/wp-json\/wp\/v2\/media?parent=7776"}],"curies":[{"name":"wp","href":"https:\/\/api.w.org\/{rel}","templated":true}]}}