{"id":7762,"date":"2016-06-02T19:31:54","date_gmt":"2016-06-02T17:31:54","guid":{"rendered":"https:\/\/neue-herbold.com\/fr\/waschtrommel\/"},"modified":"2017-08-18T18:52:39","modified_gmt":"2017-08-18T16:52:39","slug":"tambour-rotatif-deprelavage","status":"publish","type":"page","link":"https:\/\/neue-herbold.com\/fr\/tambour-rotatif-deprelavage\/","title":{"rendered":"Tambour rotatif depr\u00e9lavage"},"content":{"rendered":"<h3><strong><a href=\"https:\/\/neue-herbold.com\/wp-content\/uploads\/2015\/03\/Waschtrommel.jpg\" target=\"_blank\" rel=\"noopener noreferrer\"><img loading=\"lazy\" decoding=\"async\" class=\"  alignleft wp-image-5258\" title=\"Tambour rotatif depr\u00e9lavage\" src=\"https:\/\/neue-herbold.com\/wp-content\/uploads\/2015\/03\/Waschtrommel-1024x768.jpg\" alt=\"Tambour rotatif depr\u00e9lavage\" width=\"340\" height=\"255\" srcset=\"https:\/\/neue-herbold.com\/wp-content\/uploads\/2015\/03\/Waschtrommel-1024x768.jpg 1024w, https:\/\/neue-herbold.com\/wp-content\/uploads\/2015\/03\/Waschtrommel-300x225.jpg 300w, https:\/\/neue-herbold.com\/wp-content\/uploads\/2015\/03\/Waschtrommel-100x75.jpg 100w, https:\/\/neue-herbold.com\/wp-content\/uploads\/2015\/03\/Waschtrommel-150x113.jpg 150w, https:\/\/neue-herbold.com\/wp-content\/uploads\/2015\/03\/Waschtrommel-200x150.jpg 200w, https:\/\/neue-herbold.com\/wp-content\/uploads\/2015\/03\/Waschtrommel-450x338.jpg 450w, https:\/\/neue-herbold.com\/wp-content\/uploads\/2015\/03\/Waschtrommel-600x450.jpg 600w, https:\/\/neue-herbold.com\/wp-content\/uploads\/2015\/03\/Waschtrommel-900x675.jpg 900w, https:\/\/neue-herbold.com\/wp-content\/uploads\/2015\/03\/Waschtrommel.jpg 1200w\" sizes=\"(max-width: 340px) 100vw, 340px\" \/><\/a><\/strong>Applications du tambour rotatif<\/h3>\n<p>Le tambout laveur est utilis\u00e9 dans une installation de recyclage des polyol\u00e9fines, ou il faut une pr\u00e9-s\u00e9paration des mati\u00e8res perturbatrices, comme<br \/>\n par exemple les pierres, m\u00e9taux, verre etc. &#8211; aussique pour la pr\u00e9paration des recyclats pour le traitement ult\u00e9rieur.<\/p>\n<p> Le tambour laveur peut \u00eatre utilis\u00e9 et pour les films et pour les bouteilles ou des plastiques avec des parois d&rsquo;une bonne \u00e9paisseur et avec beaucoup de pollution.<\/p>\n<p> En g\u00e9n\u00e9ral, le mat\u00e9riel sera r\u00e9duit en morceaux de 50-100 mm avec un d\u00e9chiqueteur \u00e0 une grandeur des particles avant l&rsquo;alimentation au tambour laveur.<\/p>\n<h3>Avantages d&rsquo;un tambour laveur<\/h3>\n<p>\u2022 Les d\u00e9g\u00e2ts aux machines suivants seront \u00e9vit\u00e9s -&gt; \u00e9conomies de co\u00fbts<br \/>\n \u2022 Montage et integration simple dans l&rsquo;installation <\/p>\n<p> Par son dessin robuste, le tambour laveur demande peu de maintenance et ne doit pas \u00eatre consid\u00e9r\u00e9 comme sujett\u00e9 \u00e0 la defaillance. Si quand m\u00eame une maintenance, ou m\u00eame r\u00e9paration, serait n\u00e9cessaire, le tambour est facilement accessible au technicien.<\/p>\n<h3>Dessin et fonctionnement du tambour laveur<\/h3>\n<p>Le tambour laveur consiste en une \u00e9tage s\u00e9parateur cylindrique avec d\u00e9chargement des mat\u00e9riaux, et en une tr\u00e9mie d&rsquo;alimentation conique pour les mat\u00e9riaux et les eaux \u00e0 processer. Par la rotation du tambour, l&rsquo;eau sera circul\u00e9e et toute grumeau sera dissout. Ainsi nous obtenons une s\u00e9paration<br \/>\n effective des lourds. <\/p>\n<p> L&rsquo;unit\u00e9 compl\u00e8te est mont\u00e9e en un petit angle pour que l&rsquo;eau coule de haut en bas dans la machine. <\/p>\n<p> L&rsquo;int\u00e9rieur de la partie s\u00e9paration est r\u00e9alis\u00e9 comme h\u00e9lice; comme \u00e7a les lourds sont transport\u00e9s contre la flue des eaux en haut et d\u00e9charg\u00e9s, pendant que les plastiques sont rinc\u00e9s avec l&rsquo;eaux au travers de l&rsquo;h\u00e9lice en bas.<\/p>\n<h3>Technique du tambour laveur<\/h3>\n<p>Le tambour laveur (ou bien tambour de pr\u00e9-lavage) est utilis\u00e9 par le recyclage des plastiques comme s\u00e9parateur respectivement comme \u00e9tage de pr\u00e9-s\u00e9paration. Les broy\u00e9es d\u00e9chiquet\u00e9es en plastique seront nettoy\u00e9s, par l&rsquo;aide du tambour, des impuret\u00e9s lourdes comme des pierres, pi\u00e8ces des pneus.<\/p>\n<h3>Syst\u00e8me de transmission<\/h3>\n<p>Le tambour laveur est entrain\u00e9 par un moteur triphas\u00e9. L&rsquo;unit\u00e9 compl\u00e8te sera mont\u00e9e sur une construction stabile en acier et entrain\u00e9e par des pneus pleins, pour que le tambour sera tourn\u00e9 comme souhait\u00e9. Cette construcion robuste, simple et presque sans maintenance est une des plus grands avantages de cette unit\u00e9 de pr\u00e9-s\u00e9paration.<\/p>\n<h3>Longue vie<\/h3>\n<p>Le tambour laveur consiste compl\u00e8tement en acier inoxydable. Les pneus pleins se prononcent par une longue vie.<\/p>\n","protected":false},"excerpt":{"rendered":"<p><strong><a href=\"https:\/\/neue-herbold.com\/wp-content\/uploads\/2015\/03\/Waschtrommel.jpg\" target=\"_blank\" rel=\"noopener noreferrer\"><img loading=\"lazy\" decoding=\"async\" class=\"  alignleft wp-image-5258\" title=\"Tambour rotatif depr\u00e9lavage\" src=\"https:\/\/neue-herbold.com\/wp-content\/uploads\/2015\/03\/Waschtrommel-1024x768.jpg\" alt=\"Tambour rotatif depr\u00e9lavage\" width=\"340\" height=\"255\" srcset=\"https:\/\/neue-herbold.com\/wp-content\/uploads\/2015\/03\/Waschtrommel-1024x768.jpg 1024w, https:\/\/neue-herbold.com\/wp-content\/uploads\/2015\/03\/Waschtrommel-300x225.jpg 300w, https:\/\/neue-herbold.com\/wp-content\/uploads\/2015\/03\/Waschtrommel-100x75.jpg 100w, https:\/\/neue-herbold.com\/wp-content\/uploads\/2015\/03\/Waschtrommel-150x113.jpg 150w, https:\/\/neue-herbold.com\/wp-content\/uploads\/2015\/03\/Waschtrommel-200x150.jpg 200w, https:\/\/neue-herbold.com\/wp-content\/uploads\/2015\/03\/Waschtrommel-450x338.jpg 450w, https:\/\/neue-herbold.com\/wp-content\/uploads\/2015\/03\/Waschtrommel-600x450.jpg 600w, https:\/\/neue-herbold.com\/wp-content\/uploads\/2015\/03\/Waschtrommel-900x675.jpg 900w, https:\/\/neue-herbold.com\/wp-content\/uploads\/2015\/03\/Waschtrommel.jpg 1200w\" sizes=\"(max-width: 340px) 100vw, 340px\" \/><\/a><\/strong>Applications du tambour rotatif<\/p>\n<p>Le tambout laveur est utilis\u00e9 dans une installation de recyclage des polyol\u00e9fines, ou il faut une pr\u00e9-s\u00e9paration des mati\u00e8res perturbatrices, comme<br \/>\n par exemple les pierres, m\u00e9taux, verre etc. &#8211; aussique pour la pr\u00e9paration des recyclats pour le traitement ult\u00e9rieur.<\/p>\n<p><span class=\"ellipsis\">&hellip;<\/span><\/p>\n<div class=\"read-more\"><a href=\"https:\/\/neue-herbold.com\/fr\/tambour-rotatif-deprelavage\/\">Lire la suite &#8250;<\/a><\/div>\n<p><!-- end of .read-more --><\/p>\n","protected":false},"author":1,"featured_media":0,"parent":0,"menu_order":0,"comment_status":"closed","ping_status":"closed","template":"","meta":{"footnotes":""},"class_list":["post-7762","page","type-page","status-publish","hentry"],"yoast_head":"<!-- This site is optimized with the Yoast SEO plugin v25.4 - https:\/\/yoast.com\/wordpress\/plugins\/seo\/ -->\n<title>Tambour rotatif depr\u00e9lavage - Neue Herbold GmbH<\/title>\n<meta name=\"description\" content=\"Pour \u00e9viter des dommages sur les groupes de broyage plac\u00e9s en aval, nous int\u00e9grons dans leprocessus des groupes de pr\u00e9lavage, le tambour rotatif depr\u00e9lavage\" \/>\n<meta name=\"robots\" content=\"index, follow, max-snippet:-1, max-image-preview:large, max-video-preview:-1\" \/>\n<link rel=\"canonical\" href=\"https:\/\/neue-herbold.com\/fr\/tambour-rotatif-deprelavage\/\" \/>\n<meta property=\"og:locale\" content=\"fr_FR\" \/>\n<meta property=\"og:type\" content=\"article\" \/>\n<meta property=\"og:title\" content=\"Tambour rotatif depr\u00e9lavage - Neue Herbold GmbH\" \/>\n<meta property=\"og:description\" content=\"Pour \u00e9viter des dommages sur les groupes de broyage plac\u00e9s en aval, nous int\u00e9grons dans leprocessus des groupes de pr\u00e9lavage, le tambour rotatif depr\u00e9lavage\" \/>\n<meta property=\"og:url\" content=\"https:\/\/neue-herbold.com\/fr\/tambour-rotatif-deprelavage\/\" \/>\n<meta property=\"og:site_name\" content=\"Neue Herbold GmbH\" \/>\n<meta property=\"article:modified_time\" content=\"2017-08-18T16:52:39+00:00\" \/>\n<meta property=\"og:image\" content=\"https:\/\/neue-herbold.com\/wp-content\/uploads\/2015\/03\/Waschtrommel-1024x768.jpg\" \/>\n<meta name=\"twitter:label1\" content=\"Dur\u00e9e de lecture estim\u00e9e\" \/>\n\t<meta name=\"twitter:data1\" content=\"2 minutes\" \/>\n<script type=\"application\/ld+json\" class=\"yoast-schema-graph\">{\"@context\":\"https:\/\/schema.org\",\"@graph\":[{\"@type\":\"WebPage\",\"@id\":\"https:\/\/neue-herbold.com\/fr\/tambour-rotatif-deprelavage\/\",\"url\":\"https:\/\/neue-herbold.com\/fr\/tambour-rotatif-deprelavage\/\",\"name\":\"Tambour rotatif depr\u00e9lavage - Neue Herbold GmbH\",\"isPartOf\":{\"@id\":\"https:\/\/neue-herbold.com\/en\/#website\"},\"primaryImageOfPage\":{\"@id\":\"https:\/\/neue-herbold.com\/fr\/tambour-rotatif-deprelavage\/#primaryimage\"},\"image\":{\"@id\":\"https:\/\/neue-herbold.com\/fr\/tambour-rotatif-deprelavage\/#primaryimage\"},\"thumbnailUrl\":\"https:\/\/neue-herbold.com\/wp-content\/uploads\/2015\/03\/Waschtrommel-1024x768.jpg\",\"datePublished\":\"2016-06-02T17:31:54+00:00\",\"dateModified\":\"2017-08-18T16:52:39+00:00\",\"description\":\"Pour \u00e9viter des dommages sur les groupes de broyage plac\u00e9s en aval, nous int\u00e9grons dans leprocessus des groupes de pr\u00e9lavage, le tambour rotatif depr\u00e9lavage\",\"breadcrumb\":{\"@id\":\"https:\/\/neue-herbold.com\/fr\/tambour-rotatif-deprelavage\/#breadcrumb\"},\"inLanguage\":\"fr-FR\",\"potentialAction\":[{\"@type\":\"ReadAction\",\"target\":[\"https:\/\/neue-herbold.com\/fr\/tambour-rotatif-deprelavage\/\"]}]},{\"@type\":\"ImageObject\",\"inLanguage\":\"fr-FR\",\"@id\":\"https:\/\/neue-herbold.com\/fr\/tambour-rotatif-deprelavage\/#primaryimage\",\"url\":\"https:\/\/neue-herbold.com\/wp-content\/uploads\/2015\/03\/Waschtrommel-1024x768.jpg\",\"contentUrl\":\"https:\/\/neue-herbold.com\/wp-content\/uploads\/2015\/03\/Waschtrommel-1024x768.jpg\"},{\"@type\":\"BreadcrumbList\",\"@id\":\"https:\/\/neue-herbold.com\/fr\/tambour-rotatif-deprelavage\/#breadcrumb\",\"itemListElement\":[{\"@type\":\"ListItem\",\"position\":1,\"name\":\"Startseite\",\"item\":\"https:\/\/neue-herbold.com\/fr\/\"},{\"@type\":\"ListItem\",\"position\":2,\"name\":\"Tambour rotatif depr\u00e9lavage\"}]},{\"@type\":\"WebSite\",\"@id\":\"https:\/\/neue-herbold.com\/en\/#website\",\"url\":\"https:\/\/neue-herbold.com\/en\/\",\"name\":\"Neue Herbold GmbH\",\"description\":\"\",\"potentialAction\":[{\"@type\":\"SearchAction\",\"target\":{\"@type\":\"EntryPoint\",\"urlTemplate\":\"https:\/\/neue-herbold.com\/en\/?s={search_term_string}\"},\"query-input\":{\"@type\":\"PropertyValueSpecification\",\"valueRequired\":true,\"valueName\":\"search_term_string\"}}],\"inLanguage\":\"fr-FR\"}]}<\/script>\n<!-- \/ Yoast SEO plugin. -->","yoast_head_json":{"title":"Tambour rotatif depr\u00e9lavage - Neue Herbold GmbH","description":"Pour \u00e9viter des dommages sur les groupes de broyage plac\u00e9s en aval, nous int\u00e9grons dans leprocessus des groupes de pr\u00e9lavage, le tambour rotatif depr\u00e9lavage","robots":{"index":"index","follow":"follow","max-snippet":"max-snippet:-1","max-image-preview":"max-image-preview:large","max-video-preview":"max-video-preview:-1"},"canonical":"https:\/\/neue-herbold.com\/fr\/tambour-rotatif-deprelavage\/","og_locale":"fr_FR","og_type":"article","og_title":"Tambour rotatif depr\u00e9lavage - Neue Herbold GmbH","og_description":"Pour \u00e9viter des dommages sur les groupes de broyage plac\u00e9s en aval, nous int\u00e9grons dans leprocessus des groupes de pr\u00e9lavage, le tambour rotatif depr\u00e9lavage","og_url":"https:\/\/neue-herbold.com\/fr\/tambour-rotatif-deprelavage\/","og_site_name":"Neue Herbold GmbH","article_modified_time":"2017-08-18T16:52:39+00:00","og_image":[{"url":"https:\/\/neue-herbold.com\/wp-content\/uploads\/2015\/03\/Waschtrommel-1024x768.jpg","type":"","width":"","height":""}],"twitter_misc":{"Dur\u00e9e de lecture estim\u00e9e":"2 minutes"},"schema":{"@context":"https:\/\/schema.org","@graph":[{"@type":"WebPage","@id":"https:\/\/neue-herbold.com\/fr\/tambour-rotatif-deprelavage\/","url":"https:\/\/neue-herbold.com\/fr\/tambour-rotatif-deprelavage\/","name":"Tambour rotatif depr\u00e9lavage - Neue Herbold GmbH","isPartOf":{"@id":"https:\/\/neue-herbold.com\/en\/#website"},"primaryImageOfPage":{"@id":"https:\/\/neue-herbold.com\/fr\/tambour-rotatif-deprelavage\/#primaryimage"},"image":{"@id":"https:\/\/neue-herbold.com\/fr\/tambour-rotatif-deprelavage\/#primaryimage"},"thumbnailUrl":"https:\/\/neue-herbold.com\/wp-content\/uploads\/2015\/03\/Waschtrommel-1024x768.jpg","datePublished":"2016-06-02T17:31:54+00:00","dateModified":"2017-08-18T16:52:39+00:00","description":"Pour \u00e9viter des dommages sur les groupes de broyage plac\u00e9s en aval, nous int\u00e9grons dans leprocessus des groupes de pr\u00e9lavage, le tambour rotatif depr\u00e9lavage","breadcrumb":{"@id":"https:\/\/neue-herbold.com\/fr\/tambour-rotatif-deprelavage\/#breadcrumb"},"inLanguage":"fr-FR","potentialAction":[{"@type":"ReadAction","target":["https:\/\/neue-herbold.com\/fr\/tambour-rotatif-deprelavage\/"]}]},{"@type":"ImageObject","inLanguage":"fr-FR","@id":"https:\/\/neue-herbold.com\/fr\/tambour-rotatif-deprelavage\/#primaryimage","url":"https:\/\/neue-herbold.com\/wp-content\/uploads\/2015\/03\/Waschtrommel-1024x768.jpg","contentUrl":"https:\/\/neue-herbold.com\/wp-content\/uploads\/2015\/03\/Waschtrommel-1024x768.jpg"},{"@type":"BreadcrumbList","@id":"https:\/\/neue-herbold.com\/fr\/tambour-rotatif-deprelavage\/#breadcrumb","itemListElement":[{"@type":"ListItem","position":1,"name":"Startseite","item":"https:\/\/neue-herbold.com\/fr\/"},{"@type":"ListItem","position":2,"name":"Tambour rotatif depr\u00e9lavage"}]},{"@type":"WebSite","@id":"https:\/\/neue-herbold.com\/en\/#website","url":"https:\/\/neue-herbold.com\/en\/","name":"Neue Herbold GmbH","description":"","potentialAction":[{"@type":"SearchAction","target":{"@type":"EntryPoint","urlTemplate":"https:\/\/neue-herbold.com\/en\/?s={search_term_string}"},"query-input":{"@type":"PropertyValueSpecification","valueRequired":true,"valueName":"search_term_string"}}],"inLanguage":"fr-FR"}]}},"_links":{"self":[{"href":"https:\/\/neue-herbold.com\/fr\/wp-json\/wp\/v2\/pages\/7762"}],"collection":[{"href":"https:\/\/neue-herbold.com\/fr\/wp-json\/wp\/v2\/pages"}],"about":[{"href":"https:\/\/neue-herbold.com\/fr\/wp-json\/wp\/v2\/types\/page"}],"author":[{"embeddable":true,"href":"https:\/\/neue-herbold.com\/fr\/wp-json\/wp\/v2\/users\/1"}],"replies":[{"embeddable":true,"href":"https:\/\/neue-herbold.com\/fr\/wp-json\/wp\/v2\/comments?post=7762"}],"version-history":[{"count":8,"href":"https:\/\/neue-herbold.com\/fr\/wp-json\/wp\/v2\/pages\/7762\/revisions"}],"predecessor-version":[{"id":11225,"href":"https:\/\/neue-herbold.com\/fr\/wp-json\/wp\/v2\/pages\/7762\/revisions\/11225"}],"wp:attachment":[{"href":"https:\/\/neue-herbold.com\/fr\/wp-json\/wp\/v2\/media?parent=7762"}],"curies":[{"name":"wp","href":"https:\/\/api.w.org\/{rel}","templated":true}]}}