{"id":7746,"date":"2016-06-02T19:19:04","date_gmt":"2016-06-02T17:19:04","guid":{"rendered":"https:\/\/neue-herbold.com\/fr\/feinmuehlen\/"},"modified":"2017-04-30T23:01:58","modified_gmt":"2017-04-30T21:01:58","slug":"microniseur-zm","status":"publish","type":"page","link":"https:\/\/neue-herbold.com\/fr\/microniseur-zm\/","title":{"rendered":"Microniseur ZM"},"content":{"rendered":"<div id=\"attachment_2915\" style=\"width: 336px\" class=\"wp-caption alignright\"><a href=\"https:\/\/neue-herbold.com\/wp-content\/uploads\/2014\/11\/ZM-500-01.jpg\" target=\"_blank\" rel=\"noopener noreferrer\"><img loading=\"lazy\" decoding=\"async\" aria-describedby=\"caption-attachment-2915\" class=\"wp-image-2915\" src=\"https:\/\/neue-herbold.com\/wp-content\/uploads\/2014\/11\/ZM-500-01.jpg\" alt=\"\" width=\"326\" height=\"445\" srcset=\"https:\/\/neue-herbold.com\/wp-content\/uploads\/2014\/11\/ZM-500-01.jpg 750w, https:\/\/neue-herbold.com\/wp-content\/uploads\/2014\/11\/ZM-500-01-219x300.jpg 219w, https:\/\/neue-herbold.com\/wp-content\/uploads\/2014\/11\/ZM-500-01-100x136.jpg 100w, https:\/\/neue-herbold.com\/wp-content\/uploads\/2014\/11\/ZM-500-01-150x204.jpg 150w, https:\/\/neue-herbold.com\/wp-content\/uploads\/2014\/11\/ZM-500-01-200x273.jpg 200w, https:\/\/neue-herbold.com\/wp-content\/uploads\/2014\/11\/ZM-500-01-300x409.jpg 300w, https:\/\/neue-herbold.com\/wp-content\/uploads\/2014\/11\/ZM-500-01-450x614.jpg 450w, https:\/\/neue-herbold.com\/wp-content\/uploads\/2014\/11\/ZM-500-01-600x819.jpg 600w\" sizes=\"(max-width: 326px) 100vw, 326px\" \/><\/a><p id=\"caption-attachment-2915\" class=\"wp-caption-text\">ZM 500<\/p><\/div>\n<p><span style=\"color: #000000;\">Les microniseurs \u00e0 disques, \u00e0 grande vitesse, <strong>NEUE HERBOLD<\/strong> de la s\u00e9rie ZM sont con\u00e7us pour pulv\u00e9riser des mati\u00e8res et granul\u00e9s cassantes, mi-durs ou de qualit\u00e9 chocs.<\/span><\/p>\n<p><span style=\"color: #000000;\">Ils sont utilis\u00e9s notamment pour traiter les PVC rigides, poly\u00e9thyl\u00e8nes ou poly carbonates.<\/span><\/p>\n<p><em><span style=\"color: #000000;\"><strong>Produits travaill\u00e9s:<\/strong><\/span><\/em><\/p>\n<ul>\n<li><span style=\"color: #000000;\">Tubes et profil\u00e9s extrud\u00e9s<\/span><\/li>\n<li><span style=\"color: #000000;\">Rebuts de plaques ou lisi\u00e8res, pr\u00e9alablement d\u00e9coup\u00e9s<\/span><\/li>\n<li><span style=\"color: #000000;\">Films<\/span><\/li>\n<li><span style=\"color: #000000;\">Produits amorphes et durs des industries alimentaires<\/span><\/li>\n<li><span style=\"color: #000000;\">chimiques et pharmaceutiques<\/span><\/li>\n<\/ul>\n<p><span style=\"color: #000000;\">La mati\u00e8re \u00e0 pulv\u00e9riser entre par le centre du disque fixe, est projet\u00e9e vers l\u2019ext\u00e9rieur par la force centrifuge entre les disques, broy\u00e9e finement et \u00e9vacu\u00e9e de la chambre de broyage par aspiration.<\/span><\/p>\n<div id=\"attachment_3317\" style=\"width: 215px\" class=\"wp-caption alignleft\"><a href=\"https:\/\/neue-herbold.com\/wp-content\/uploads\/2014\/11\/ZM-500-mit-Schallschutzkabine.jpg\" target=\"_blank\" rel=\"noopener noreferrer\"><img loading=\"lazy\" decoding=\"async\" aria-describedby=\"caption-attachment-3317\" class=\"wp-image-3317 \" src=\"https:\/\/neue-herbold.com\/wp-content\/uploads\/2014\/11\/ZM-500-mit-Schallschutzkabine-219x300.jpg\" alt=\"\" width=\"205\" height=\"280\" srcset=\"https:\/\/neue-herbold.com\/wp-content\/uploads\/2014\/11\/ZM-500-mit-Schallschutzkabine-219x300.jpg 219w, https:\/\/neue-herbold.com\/wp-content\/uploads\/2014\/11\/ZM-500-mit-Schallschutzkabine-100x136.jpg 100w, https:\/\/neue-herbold.com\/wp-content\/uploads\/2014\/11\/ZM-500-mit-Schallschutzkabine-150x204.jpg 150w, https:\/\/neue-herbold.com\/wp-content\/uploads\/2014\/11\/ZM-500-mit-Schallschutzkabine-200x273.jpg 200w, https:\/\/neue-herbold.com\/wp-content\/uploads\/2014\/11\/ZM-500-mit-Schallschutzkabine-300x409.jpg 300w, https:\/\/neue-herbold.com\/wp-content\/uploads\/2014\/11\/ZM-500-mit-Schallschutzkabine-450x614.jpg 450w, https:\/\/neue-herbold.com\/wp-content\/uploads\/2014\/11\/ZM-500-mit-Schallschutzkabine-600x819.jpg 600w, https:\/\/neue-herbold.com\/wp-content\/uploads\/2014\/11\/ZM-500-mit-Schallschutzkabine.jpg 750w\" sizes=\"(max-width: 205px) 100vw, 205px\" \/><\/a><p id=\"caption-attachment-3317\" class=\"wp-caption-text\">ZM 500 avec capot d&rsquo;insonorisation<\/p><\/div>\n<p><span style=\"color: #000000;\">Les faibles dimensions de la chambre de broyage et la disposition verticale des disques constituent des avantages certains. Par ce biais, le produit est broy\u00e9 d\u00e8s son entr\u00e9e dans la chambre. Un disque crant\u00e9 tourne \u00e0 grande vitesse contre un disque fixe de percussion.<\/span><\/p>\n<p><span style=\"color: #000000;\">L\u2019utilisation de paliers sp\u00e9ciaux autorise des vitesses \u00e9lev\u00e9es au point qu\u2019un travail \u00e0 contresens n\u2019est pas n\u00e9cessaire, ce qui supprime un deuxi\u00e8me moteur. On obtient ainsi un meilleur rendement de pulv\u00e9risation avec une puissance de moteur r\u00e9duite.<\/span><\/p>\n<p><span style=\"color: #000000;\">Cette construction s\u2019av\u00e8re en cons\u00e9quence particuli\u00e8rement \u00e9conomique. <\/span><\/p>\n<p><span style=\"color: #000000;\">La grande vitesse circonf\u00e9rentielle et la efficacit\u00e9 de l\u2019effet de percussion permettent des d\u00e9bits importants avec une faible puissance absorb\u00e9e.<\/span><\/p>\n<p style=\"text-align: left;\">\u00a0<\/p>\n<p><em><span style=\"color: #000000;\"><strong>Principaux avantages:<\/strong><\/span><\/em><\/p>\n<ul>\n<li><span style=\"color: #000000;\">Bon compromis prix \/ performances<\/span><\/li>\n<li><span style=\"color: #000000;\">Facilit\u00e9 de changement des disques<br \/>\n <\/span><\/li>\n<li><span style=\"color: #000000;\">R\u00e9glage ais\u00e9 de l\u2019entrefer<\/span><\/li>\n<li><span style=\"color: #000000;\">Temps de s\u00e9jour du produit dans la machine extr\u00eamement court<\/span><\/li>\n<li><span style=\"color: #000000;\">Faible \u00e9chauffement des produits broy\u00e9s<\/span><\/li>\n<li><span style=\"color: #000000;\">Disques monoblocs<\/span><\/li>\n<\/ul>\n<p><em><span style=\"color: #000000;\"><strong>R\u00e9glage des disques<\/strong><\/span><\/em><br \/>\n <span style=\"color: #000000;\">La finesse du produit obtenu d\u00e9pend de la forme et de la denture des disques, de la vitesse de rotation et le jeu entre les disques. Ce jeu peut \u00eatre ais\u00e9ment r\u00e9gl\u00e9 et contr\u00f4l\u00e9, de l\u2019ext\u00e9rieur machine ferm\u00e9e, par des vis de r\u00e9glage et une jauge d\u2019\u00e9paisseur. Cette conception simplifie les changements de production.<\/span><\/p>\n<p><em><span style=\"color: #000000;\"><strong>Outillage de broyage<\/strong><\/span><\/em><br \/>\n <span style=\"color: #000000;\">Les microniseurs \u00e0 disques de <strong>NEUE HERBOLD<\/strong> sont \u00e9quip\u00e9s d\u2019outils crant\u00e9s monoblocs, en acier sp\u00e9cial, fortement alli\u00e9.Cette construction permet l\u2019\u00e9change rapide des pi\u00e8ces d\u2019usure peu on\u00e9reuses et limite les op\u00e9rations de montage et d\u00e9montage.<\/span><\/p>\n<p><span style=\"color: #000000;\">En fonction du besoin, ces disques sont livrables avec diff\u00e9rents crantages. Ils peuvent aussi recevoir un traitement anti-usure.<\/span><\/p>\n<p><em><span style=\"color: #000000;\"><strong>Aff\u00fbtage:<\/strong><\/span><\/em><br \/>\n <span style=\"color: #000000;\">En fonction de leur degr\u00e9 d\u2019usure,les crantages sont plusieurs fois r\u00e9aff\u00fbtables.<\/span><\/p>\n<p>&nbsp;<\/p>\n<div id=\"bcOG3NMix9\" data-borlabs-cookie-blocked-content><div class=\"borlabs-cookie-bct bc-bct-video bc-bct-youtube\"> <p class=\"bc-thumbnail\"><img src=\"https:\/\/neue-herbold.com\/wp-content\/plugins\/borlabs-cookie\/images\/bct-no-thumbnail.png\" alt=\"YouTube\"><\/p> <div class=\"bc-text\"> <p>Pour prot\u00e9ger vos donn\u00e9es personnelles, votre connexion \u00e0 YouTube a \u00e9t\u00e9 bloqu\u00e9e. <br> Cliquez sur <strong> Charger la vid\u00e9o <\/strong> pour d\u00e9bloquer YouTube. <br> En chargeant la vid\u00e9o, vous acceptez les r\u00e8gles de confidentialit\u00e9 de YouTube. <br> Pour plus d'informations sur la politique de confidentialit\u00e9 de YouTube, cliquez ici. <a href=\"https:\/\/policies.google.com\/privacy?hl=fr&gl=fr\" target=\"_blank\" rel=\"nofollow\">Google - Politique de confidentialit\u00e9<\/a><\/p> <p><label><input type=\"checkbox\" name=\"unblockAll\" value=\"1\" > Ne bloquez plus les vid\u00e9os YouTube \u00e0 l'avenir.<\/label> <a role=\"button\" data-borlabs-cookie-unblock>Charger la vid\u00e9o<\/a><\/p> <\/div> <\/div><\/div>\n<p>&nbsp;<\/p>\n<p><em><span style=\"color: #000000;\"><strong><a href=\"https:\/\/neue-herbold.com\/wp-content\/uploads\/2014\/11\/ZM-Grafik.jpg\" target=\"_blank\" rel=\"noopener noreferrer\"><img loading=\"lazy\" decoding=\"async\" class=\"wp-image-2909 aligncenter\" src=\"https:\/\/neue-herbold.com\/wp-content\/uploads\/2014\/11\/ZM-Grafik-1024x405.jpg\" alt=\"ZM Grafik\" width=\"486\" height=\"192\" srcset=\"https:\/\/neue-herbold.com\/wp-content\/uploads\/2014\/11\/ZM-Grafik-1024x405.jpg 1024w, https:\/\/neue-herbold.com\/wp-content\/uploads\/2014\/11\/ZM-Grafik-300x118.jpg 300w, https:\/\/neue-herbold.com\/wp-content\/uploads\/2014\/11\/ZM-Grafik-100x39.jpg 100w, https:\/\/neue-herbold.com\/wp-content\/uploads\/2014\/11\/ZM-Grafik-150x59.jpg 150w, https:\/\/neue-herbold.com\/wp-content\/uploads\/2014\/11\/ZM-Grafik-200x79.jpg 200w, https:\/\/neue-herbold.com\/wp-content\/uploads\/2014\/11\/ZM-Grafik-450x178.jpg 450w, https:\/\/neue-herbold.com\/wp-content\/uploads\/2014\/11\/ZM-Grafik-600x237.jpg 600w, https:\/\/neue-herbold.com\/wp-content\/uploads\/2014\/11\/ZM-Grafik-900x356.jpg 900w\" sizes=\"(max-width: 486px) 100vw, 486px\" \/><\/a><\/strong><\/span><\/em><\/p>\n<p>&nbsp;<\/p>\n<table class=\" aligncenter\" style=\"height: 160px; width: 612.067px;\">\n<tbody>\n<tr>\n<td style=\"width: 230px; text-align: center;\"><span style=\"color: #000000;\"><strong>Type<\/strong><\/span><\/td>\n<td style=\"width: 80px; text-align: center;\"><span style=\"color: #000000;\"><strong>A (mm)<\/strong><\/span><\/td>\n<td style=\"width: 80px; text-align: center;\"><span style=\"color: #000000;\"><strong>B (mm)<\/strong><\/span><\/td>\n<td style=\"width: 79px; text-align: center;\"><span style=\"color: #000000;\"><strong>C (mm)<\/strong><\/span><\/td>\n<td style=\"width: 106.067px; text-align: center;\"><span style=\"color: #000000;\"><strong><a href=\"https:\/\/neue-herbold.com\/wp-content\/uploads\/2014\/12\/Microniseur-ZM-Series.pdf\" target=\"_blank\" rel=\"noopener noreferrer\"><img loading=\"lazy\" decoding=\"async\" class=\"alignnone wp-image-5703\" src=\"https:\/\/neue-herbold.com\/wp-content\/uploads\/2014\/12\/PDF-ICON.jpg\" alt=\"PDF-ICON\" width=\"56\" height=\"54\" \/><\/a><\/strong><\/span><\/td>\n<\/tr>\n<tr>\n<td style=\"width: 230px; text-align: center;\"><span style=\"color: #000000;\">Microniseur type ZM 300<\/span><\/td>\n<td style=\"width: 80px; text-align: center;\"><span style=\"color: #000000;\">1350<\/span><\/td>\n<td style=\"width: 80px; text-align: center;\"><span style=\"color: #000000;\">1050<\/span><\/td>\n<td style=\"width: 79px; text-align: center;\"><span style=\"color: #000000;\">1045<\/span><\/td>\n<td style=\"width: 106.067px; text-align: center;\">\u00a0<\/td>\n<\/tr>\n<tr>\n<td style=\"width: 230px; text-align: center;\"><span style=\"color: #000000;\">Microniseur type ZM 500<\/span><\/td>\n<td style=\"width: 80px; text-align: center;\"><span style=\"color: #000000;\">1685<\/span><\/td>\n<td style=\"width: 80px; text-align: center;\"><span style=\"color: #000000;\">1430<\/span><\/td>\n<td style=\"width: 79px; text-align: center;\"><span style=\"color: #000000;\">1180<\/span><\/td>\n<td style=\"width: 106.067px; text-align: center;\">\u00a0<\/td>\n<\/tr>\n<tr>\n<td style=\"width: 230px; text-align: center;\"><span style=\"color: #000000;\">Microniseur type ZM 800<\/span><\/td>\n<td style=\"width: 80px; text-align: center;\"><span style=\"color: #000000;\">2260<\/span><\/td>\n<td style=\"width: 80px; text-align: center;\"><span style=\"color: #000000;\">1140<\/span><\/td>\n<td style=\"width: 79px; text-align: center;\"><span style=\"color: #000000;\">1760<\/span><\/td>\n<td style=\"width: 106.067px; text-align: center;\">\u00a0<\/td>\n<\/tr>\n<\/tbody>\n<\/table>\n<p>&nbsp;<\/p>\n<p>&nbsp;<\/p>\n<p>&nbsp;<\/p>\n<p>&nbsp;<\/p>\n<p>&nbsp;<\/p>\n<p>&nbsp;<\/p>\n<p><span style=\"color: #000000;\"><strong><a href=\"https:\/\/neue-herbold.com\/wp-content\/uploads\/2014\/11\/Masse-ZM.jpg\"><img loading=\"lazy\" decoding=\"async\" class=\"size-large wp-image-3435 aligncenter\" src=\"https:\/\/neue-herbold.com\/wp-content\/uploads\/2014\/11\/Masse-ZM-1024x461.jpg\" alt=\"Masse-ZM\" width=\"605\" height=\"272\" srcset=\"https:\/\/neue-herbold.com\/wp-content\/uploads\/2014\/11\/Masse-ZM-1024x461.jpg 1024w, https:\/\/neue-herbold.com\/wp-content\/uploads\/2014\/11\/Masse-ZM-300x135.jpg 300w, https:\/\/neue-herbold.com\/wp-content\/uploads\/2014\/11\/Masse-ZM-100x45.jpg 100w, https:\/\/neue-herbold.com\/wp-content\/uploads\/2014\/11\/Masse-ZM-150x67.jpg 150w, https:\/\/neue-herbold.com\/wp-content\/uploads\/2014\/11\/Masse-ZM-200x90.jpg 200w, https:\/\/neue-herbold.com\/wp-content\/uploads\/2014\/11\/Masse-ZM-450x202.jpg 450w, https:\/\/neue-herbold.com\/wp-content\/uploads\/2014\/11\/Masse-ZM-600x270.jpg 600w, https:\/\/neue-herbold.com\/wp-content\/uploads\/2014\/11\/Masse-ZM-900x405.jpg 900w, https:\/\/neue-herbold.com\/wp-content\/uploads\/2014\/11\/Masse-ZM.jpg 1176w\" sizes=\"(max-width: 605px) 100vw, 605px\" \/><\/a><\/strong><\/span><\/p>\n<p>&nbsp;<\/p>\n","protected":false},"excerpt":{"rendered":"<p><span style=\"color: #000000;\">Les microniseurs \u00e0 disques, \u00e0 grande vitesse, <strong>NEUE HERBOLD<\/strong> de la s\u00e9rie ZM sont con\u00e7us pour pulv\u00e9riser des mati\u00e8res et granul\u00e9s cassantes, mi-durs ou de qualit\u00e9 chocs.<\/span><\/p>\n<p><span style=\"color: #000000;\">Ils sont utilis\u00e9s notamment pour traiter les PVC rigides,<\/span><\/p>\n<p><span class=\"ellipsis\">&hellip;<\/span><\/p>\n<div class=\"read-more\"><a href=\"https:\/\/neue-herbold.com\/fr\/microniseur-zm\/\">Lire la suite &#8250;<\/a><\/div>\n<p><!-- end of .read-more --><\/p>\n","protected":false},"author":1,"featured_media":0,"parent":0,"menu_order":0,"comment_status":"closed","ping_status":"closed","template":"","meta":{"footnotes":""},"class_list":["post-7746","page","type-page","status-publish","hentry"],"yoast_head":"<!-- This site is optimized with the Yoast SEO plugin v25.4 - https:\/\/yoast.com\/wordpress\/plugins\/seo\/ -->\n<title>Microniseur ZM - Neue Herbold GmbH<\/title>\n<meta name=\"description\" content=\"Le microniseur \u00e0 disques, \u00e0 grande vitesse, Neue Herbold de la s\u00e9rie ZM est con\u00e7us pour pulv\u00e9riser des mati\u00e8res et granul\u00e9s cassantes, mi-durs ou de\" \/>\n<meta name=\"robots\" content=\"index, follow, max-snippet:-1, max-image-preview:large, max-video-preview:-1\" \/>\n<link rel=\"canonical\" href=\"https:\/\/neue-herbold.com\/fr\/microniseur-zm\/\" \/>\n<meta property=\"og:locale\" content=\"fr_FR\" \/>\n<meta property=\"og:type\" content=\"article\" \/>\n<meta property=\"og:title\" content=\"Microniseur ZM - Neue Herbold GmbH\" \/>\n<meta property=\"og:description\" content=\"Le microniseur \u00e0 disques, \u00e0 grande vitesse, Neue Herbold de la s\u00e9rie ZM est con\u00e7us pour pulv\u00e9riser des mati\u00e8res et granul\u00e9s cassantes, mi-durs ou de\" \/>\n<meta property=\"og:url\" content=\"https:\/\/neue-herbold.com\/fr\/microniseur-zm\/\" \/>\n<meta property=\"og:site_name\" content=\"Neue Herbold GmbH\" \/>\n<meta property=\"article:modified_time\" content=\"2017-04-30T21:01:58+00:00\" \/>\n<meta property=\"og:image\" content=\"https:\/\/neue-herbold.com\/wp-content\/uploads\/2014\/11\/ZM-500-01.jpg\" \/>\n<meta name=\"twitter:label1\" content=\"Dur\u00e9e de lecture estim\u00e9e\" \/>\n\t<meta name=\"twitter:data1\" content=\"2 minutes\" \/>\n<script type=\"application\/ld+json\" class=\"yoast-schema-graph\">{\"@context\":\"https:\/\/schema.org\",\"@graph\":[{\"@type\":\"WebPage\",\"@id\":\"https:\/\/neue-herbold.com\/fr\/microniseur-zm\/\",\"url\":\"https:\/\/neue-herbold.com\/fr\/microniseur-zm\/\",\"name\":\"Microniseur ZM - Neue Herbold GmbH\",\"isPartOf\":{\"@id\":\"https:\/\/neue-herbold.com\/en\/#website\"},\"primaryImageOfPage\":{\"@id\":\"https:\/\/neue-herbold.com\/fr\/microniseur-zm\/#primaryimage\"},\"image\":{\"@id\":\"https:\/\/neue-herbold.com\/fr\/microniseur-zm\/#primaryimage\"},\"thumbnailUrl\":\"https:\/\/neue-herbold.com\/wp-content\/uploads\/2014\/11\/ZM-500-01.jpg\",\"datePublished\":\"2016-06-02T17:19:04+00:00\",\"dateModified\":\"2017-04-30T21:01:58+00:00\",\"description\":\"Le microniseur \u00e0 disques, \u00e0 grande vitesse, Neue Herbold de la s\u00e9rie ZM est con\u00e7us pour pulv\u00e9riser des mati\u00e8res et granul\u00e9s cassantes, mi-durs ou de\",\"breadcrumb\":{\"@id\":\"https:\/\/neue-herbold.com\/fr\/microniseur-zm\/#breadcrumb\"},\"inLanguage\":\"fr-FR\",\"potentialAction\":[{\"@type\":\"ReadAction\",\"target\":[\"https:\/\/neue-herbold.com\/fr\/microniseur-zm\/\"]}]},{\"@type\":\"ImageObject\",\"inLanguage\":\"fr-FR\",\"@id\":\"https:\/\/neue-herbold.com\/fr\/microniseur-zm\/#primaryimage\",\"url\":\"https:\/\/neue-herbold.com\/wp-content\/uploads\/2014\/11\/ZM-500-01.jpg\",\"contentUrl\":\"https:\/\/neue-herbold.com\/wp-content\/uploads\/2014\/11\/ZM-500-01.jpg\"},{\"@type\":\"BreadcrumbList\",\"@id\":\"https:\/\/neue-herbold.com\/fr\/microniseur-zm\/#breadcrumb\",\"itemListElement\":[{\"@type\":\"ListItem\",\"position\":1,\"name\":\"Startseite\",\"item\":\"https:\/\/neue-herbold.com\/fr\/\"},{\"@type\":\"ListItem\",\"position\":2,\"name\":\"Microniseur ZM\"}]},{\"@type\":\"WebSite\",\"@id\":\"https:\/\/neue-herbold.com\/en\/#website\",\"url\":\"https:\/\/neue-herbold.com\/en\/\",\"name\":\"Neue Herbold GmbH\",\"description\":\"\",\"potentialAction\":[{\"@type\":\"SearchAction\",\"target\":{\"@type\":\"EntryPoint\",\"urlTemplate\":\"https:\/\/neue-herbold.com\/en\/?s={search_term_string}\"},\"query-input\":{\"@type\":\"PropertyValueSpecification\",\"valueRequired\":true,\"valueName\":\"search_term_string\"}}],\"inLanguage\":\"fr-FR\"}]}<\/script>\n<!-- \/ Yoast SEO plugin. -->","yoast_head_json":{"title":"Microniseur ZM - Neue Herbold GmbH","description":"Le microniseur \u00e0 disques, \u00e0 grande vitesse, Neue Herbold de la s\u00e9rie ZM est con\u00e7us pour pulv\u00e9riser des mati\u00e8res et granul\u00e9s cassantes, mi-durs ou de","robots":{"index":"index","follow":"follow","max-snippet":"max-snippet:-1","max-image-preview":"max-image-preview:large","max-video-preview":"max-video-preview:-1"},"canonical":"https:\/\/neue-herbold.com\/fr\/microniseur-zm\/","og_locale":"fr_FR","og_type":"article","og_title":"Microniseur ZM - Neue Herbold GmbH","og_description":"Le microniseur \u00e0 disques, \u00e0 grande vitesse, Neue Herbold de la s\u00e9rie ZM est con\u00e7us pour pulv\u00e9riser des mati\u00e8res et granul\u00e9s cassantes, mi-durs ou de","og_url":"https:\/\/neue-herbold.com\/fr\/microniseur-zm\/","og_site_name":"Neue Herbold GmbH","article_modified_time":"2017-04-30T21:01:58+00:00","og_image":[{"url":"https:\/\/neue-herbold.com\/wp-content\/uploads\/2014\/11\/ZM-500-01.jpg","type":"","width":"","height":""}],"twitter_misc":{"Dur\u00e9e de lecture estim\u00e9e":"2 minutes"},"schema":{"@context":"https:\/\/schema.org","@graph":[{"@type":"WebPage","@id":"https:\/\/neue-herbold.com\/fr\/microniseur-zm\/","url":"https:\/\/neue-herbold.com\/fr\/microniseur-zm\/","name":"Microniseur ZM - Neue Herbold GmbH","isPartOf":{"@id":"https:\/\/neue-herbold.com\/en\/#website"},"primaryImageOfPage":{"@id":"https:\/\/neue-herbold.com\/fr\/microniseur-zm\/#primaryimage"},"image":{"@id":"https:\/\/neue-herbold.com\/fr\/microniseur-zm\/#primaryimage"},"thumbnailUrl":"https:\/\/neue-herbold.com\/wp-content\/uploads\/2014\/11\/ZM-500-01.jpg","datePublished":"2016-06-02T17:19:04+00:00","dateModified":"2017-04-30T21:01:58+00:00","description":"Le microniseur \u00e0 disques, \u00e0 grande vitesse, Neue Herbold de la s\u00e9rie ZM est con\u00e7us pour pulv\u00e9riser des mati\u00e8res et granul\u00e9s cassantes, mi-durs ou de","breadcrumb":{"@id":"https:\/\/neue-herbold.com\/fr\/microniseur-zm\/#breadcrumb"},"inLanguage":"fr-FR","potentialAction":[{"@type":"ReadAction","target":["https:\/\/neue-herbold.com\/fr\/microniseur-zm\/"]}]},{"@type":"ImageObject","inLanguage":"fr-FR","@id":"https:\/\/neue-herbold.com\/fr\/microniseur-zm\/#primaryimage","url":"https:\/\/neue-herbold.com\/wp-content\/uploads\/2014\/11\/ZM-500-01.jpg","contentUrl":"https:\/\/neue-herbold.com\/wp-content\/uploads\/2014\/11\/ZM-500-01.jpg"},{"@type":"BreadcrumbList","@id":"https:\/\/neue-herbold.com\/fr\/microniseur-zm\/#breadcrumb","itemListElement":[{"@type":"ListItem","position":1,"name":"Startseite","item":"https:\/\/neue-herbold.com\/fr\/"},{"@type":"ListItem","position":2,"name":"Microniseur ZM"}]},{"@type":"WebSite","@id":"https:\/\/neue-herbold.com\/en\/#website","url":"https:\/\/neue-herbold.com\/en\/","name":"Neue Herbold GmbH","description":"","potentialAction":[{"@type":"SearchAction","target":{"@type":"EntryPoint","urlTemplate":"https:\/\/neue-herbold.com\/en\/?s={search_term_string}"},"query-input":{"@type":"PropertyValueSpecification","valueRequired":true,"valueName":"search_term_string"}}],"inLanguage":"fr-FR"}]}},"_links":{"self":[{"href":"https:\/\/neue-herbold.com\/fr\/wp-json\/wp\/v2\/pages\/7746"}],"collection":[{"href":"https:\/\/neue-herbold.com\/fr\/wp-json\/wp\/v2\/pages"}],"about":[{"href":"https:\/\/neue-herbold.com\/fr\/wp-json\/wp\/v2\/types\/page"}],"author":[{"embeddable":true,"href":"https:\/\/neue-herbold.com\/fr\/wp-json\/wp\/v2\/users\/1"}],"replies":[{"embeddable":true,"href":"https:\/\/neue-herbold.com\/fr\/wp-json\/wp\/v2\/comments?post=7746"}],"version-history":[{"count":8,"href":"https:\/\/neue-herbold.com\/fr\/wp-json\/wp\/v2\/pages\/7746\/revisions"}],"predecessor-version":[{"id":10969,"href":"https:\/\/neue-herbold.com\/fr\/wp-json\/wp\/v2\/pages\/7746\/revisions\/10969"}],"wp:attachment":[{"href":"https:\/\/neue-herbold.com\/fr\/wp-json\/wp\/v2\/media?parent=7746"}],"curies":[{"name":"wp","href":"https:\/\/api.w.org\/{rel}","templated":true}]}}