{"id":7731,"date":"2016-06-02T18:51:23","date_gmt":"2016-06-02T16:51:23","guid":{"rendered":"https:\/\/neue-herbold.com\/fr\/zweiwellenschredder-zrm\/"},"modified":"2016-06-14T02:35:38","modified_gmt":"2016-06-14T00:35:38","slug":"dechiqueteuse-a-deux-axes-zrm","status":"publish","type":"page","link":"https:\/\/neue-herbold.com\/fr\/dechiqueteuse-a-deux-axes-zrm\/","title":{"rendered":"D\u00e9chiqueteuse \u00e0 deux axes ZRM"},"content":{"rendered":"<p><span style=\"color: #000000;\"><strong><a href=\"https:\/\/neue-herbold.com\/wp-content\/uploads\/2014\/12\/RM1100-2_3.jpg\" target=\"_blank\"><img loading=\"lazy\" decoding=\"async\" class=\"alignleft wp-image-2983\" src=\"https:\/\/neue-herbold.com\/wp-content\/uploads\/2014\/12\/RM1100-2_3-300x224.jpg\" alt=\"D\u00e9chiqueteuse \u00e0 deux axes - ZRM1100-2\" width=\"295\" height=\"220\" srcset=\"https:\/\/neue-herbold.com\/wp-content\/uploads\/2014\/12\/RM1100-2_3-300x224.jpg 300w, https:\/\/neue-herbold.com\/wp-content\/uploads\/2014\/12\/RM1100-2_3-100x74.jpg 100w, https:\/\/neue-herbold.com\/wp-content\/uploads\/2014\/12\/RM1100-2_3-150x112.jpg 150w, https:\/\/neue-herbold.com\/wp-content\/uploads\/2014\/12\/RM1100-2_3-200x149.jpg 200w, https:\/\/neue-herbold.com\/wp-content\/uploads\/2014\/12\/RM1100-2_3-450x337.jpg 450w, https:\/\/neue-herbold.com\/wp-content\/uploads\/2014\/12\/RM1100-2_3.jpg 567w\" sizes=\"(max-width: 295px) 100vw, 295px\" \/><\/a><\/strong><\/span><strong>Emploi de la D\u00e9chiqueteuse \u00e0 deux axes<br \/><\/strong><\/p>\n<p>D\u00e9chiqueteuses \u00e0 deux axes ZRM <strong>NEUE HERBOLD<\/strong> sont favorablement utilis\u00e9s pour le d\u00e9chiquetage des grands quantit\u00e9s ou des pi\u00e8ces encombrants comme des films, pneus, mat\u00e9riaux en amas enchev\u00eatr\u00e9s, et tonneaus.<\/p>\n<p style=\"text-align: right;\"><span style=\"color: #000000;\"><strong><a href=\"https:\/\/neue-herbold.com\/wp-content\/uploads\/2014\/12\/RM1100-2_2.jpg\" target=\"_blank\"><img loading=\"lazy\" decoding=\"async\" class=\"alignright wp-image-3283 size-medium\" src=\"https:\/\/neue-herbold.com\/wp-content\/uploads\/2014\/12\/RM1100-2_2-300x224.jpg\" alt=\"RM1100-2\" width=\"300\" height=\"224\" srcset=\"https:\/\/neue-herbold.com\/wp-content\/uploads\/2014\/12\/RM1100-2_2-300x224.jpg 300w, https:\/\/neue-herbold.com\/wp-content\/uploads\/2014\/12\/RM1100-2_2-100x74.jpg 100w, https:\/\/neue-herbold.com\/wp-content\/uploads\/2014\/12\/RM1100-2_2-150x112.jpg 150w, https:\/\/neue-herbold.com\/wp-content\/uploads\/2014\/12\/RM1100-2_2-200x149.jpg 200w, https:\/\/neue-herbold.com\/wp-content\/uploads\/2014\/12\/RM1100-2_2-450x337.jpg 450w, https:\/\/neue-herbold.com\/wp-content\/uploads\/2014\/12\/RM1100-2_2.jpg 567w\" sizes=\"(max-width: 300px) 100vw, 300px\" \/><\/a><\/strong><\/span><\/p>\n<p style=\"text-align: right;\">\u00a0<\/p>\n<p style=\"text-align: right;\"><strong>Technique<\/strong><\/p>\n<p style=\"text-align: right;\">D\u00e9chiqueteuse \u00e0 deux axes <strong>NEUE HERBOLD <br \/> <\/strong>Nos d\u00e9chiqueteuses ZRM sont \u00e9quip\u00e9s avec deux <br \/> axes de coupage, qui sont entra\u00een\u00e9s \u00e9lectriquement. <br \/> Ces axes s\u2019embo\u00eetent pour acc\u00e9l\u00e9rer le d\u00e9chiquetage.<\/p>\n<p style=\"text-align: right;\">Pour une alimentation des mat\u00e9riaux optimale, la d\u00e9chiqueteuse peut \u00eatre \u00e9quip\u00e9 d\u2019un piston hydraulique.<span style=\"color: #000000;\"> <br \/> <\/span><\/p>\n<p><a href=\"https:\/\/neue-herbold.com\/wp-content\/uploads\/2014\/12\/RM1100-2_1.jpg\" target=\"_blank\"><img loading=\"lazy\" decoding=\"async\" class=\"alignleft wp-image-3284 size-medium\" src=\"https:\/\/neue-herbold.com\/wp-content\/uploads\/2014\/12\/RM1100-2_1-300x224.jpg\" alt=\"D\u00e9chiqueteuse \u00e0 deux axes ZRM 1100-2\" width=\"300\" height=\"224\" srcset=\"https:\/\/neue-herbold.com\/wp-content\/uploads\/2014\/12\/RM1100-2_1-300x224.jpg 300w, https:\/\/neue-herbold.com\/wp-content\/uploads\/2014\/12\/RM1100-2_1-100x74.jpg 100w, https:\/\/neue-herbold.com\/wp-content\/uploads\/2014\/12\/RM1100-2_1-150x112.jpg 150w, https:\/\/neue-herbold.com\/wp-content\/uploads\/2014\/12\/RM1100-2_1-200x149.jpg 200w, https:\/\/neue-herbold.com\/wp-content\/uploads\/2014\/12\/RM1100-2_1-450x337.jpg 450w, https:\/\/neue-herbold.com\/wp-content\/uploads\/2014\/12\/RM1100-2_1.jpg 567w\" sizes=\"(max-width: 300px) 100vw, 300px\" \/><\/a><\/p>\n<p><strong>Avantages<\/strong><\/p>\n<ul>\n<li>R\u00e9version des axes en cas de surcharge<\/li>\n<li>Tr\u00e8s reliable<\/li>\n<li>Co\u00fbtes d\u2019usure tr\u00e8s faibles<\/li>\n<\/ul>\n<p>&nbsp;<\/p>\n<p>&nbsp;<\/p>\n<table>\n<tbody>\n<tr>\n<td style=\"text-align: center;\"><span style=\"color: #000000;\"><strong><span style=\"font-family: Arial; font-size: small;\">Type de machine<\/span><\/strong><\/span><\/td>\n<td style=\"text-align: center;\"><span style=\"color: #000000;\"><strong><span style=\"font-family: Arial; font-size: small;\">Largueur de l\u2019espace de broyage (mm)<\/span><\/strong><\/span><\/td>\n<\/tr>\n<tr>\n<td style=\"text-align: left;\"><span style=\"font-family: Arial; font-size: small; color: #000000;\">D\u00e9chiqueteuse \u00e0 deux axes Type ZRM 1100\/2<\/span><\/td>\n<td style=\"text-align: center;\"><span style=\"font-family: Arial; font-size: small; color: #000000;\">1030 x 800<\/span><\/td>\n<\/tr>\n<tr>\n<td style=\"text-align: left;\"><span style=\"font-family: Arial; font-size: small; color: #000000;\">D\u00e9chiqueteuse \u00e0 quatre axes Type ZRM 1100\/4<\/span><\/td>\n<td style=\"text-align: center;\"><span style=\"font-family: Arial; font-size: small; color: #000000;\">1030 x 1550<\/span><\/td>\n<\/tr>\n<\/tbody>\n<\/table>\n","protected":false},"excerpt":{"rendered":"<p><span style=\"color: #000000;\"><strong><a href=\"https:\/\/neue-herbold.com\/wp-content\/uploads\/2014\/12\/RM1100-2_3.jpg\" target=\"_blank\"><img loading=\"lazy\" decoding=\"async\" class=\"alignleft wp-image-2983\" src=\"https:\/\/neue-herbold.com\/wp-content\/uploads\/2014\/12\/RM1100-2_3-300x224.jpg\" alt=\"D\u00e9chiqueteuse \u00e0 deux axes - ZRM1100-2\" width=\"295\" height=\"220\" srcset=\"https:\/\/neue-herbold.com\/wp-content\/uploads\/2014\/12\/RM1100-2_3-300x224.jpg 300w, https:\/\/neue-herbold.com\/wp-content\/uploads\/2014\/12\/RM1100-2_3-100x74.jpg 100w, https:\/\/neue-herbold.com\/wp-content\/uploads\/2014\/12\/RM1100-2_3-150x112.jpg 150w, https:\/\/neue-herbold.com\/wp-content\/uploads\/2014\/12\/RM1100-2_3-200x149.jpg 200w, https:\/\/neue-herbold.com\/wp-content\/uploads\/2014\/12\/RM1100-2_3-450x337.jpg 450w, https:\/\/neue-herbold.com\/wp-content\/uploads\/2014\/12\/RM1100-2_3.jpg 567w\" sizes=\"(max-width: 295px) 100vw, 295px\" \/><\/a><\/strong><\/span><strong>Emploi de la D\u00e9chiqueteuse \u00e0 deux axes<br \/><\/strong><\/p>\n<p>D\u00e9chiqueteuses \u00e0 deux axes ZRM <strong>NEUE HERBOLD<\/strong> sont favorablement utilis\u00e9s pour le d\u00e9chiquetage des grands quantit\u00e9s ou des pi\u00e8ces encombrants comme des films,<\/p>\n<p><span class=\"ellipsis\">&hellip;<\/span><\/p>\n<div class=\"read-more\"><a href=\"https:\/\/neue-herbold.com\/fr\/dechiqueteuse-a-deux-axes-zrm\/\">Lire la suite &#8250;<\/a><\/div>\n<p><!-- end of .read-more --><\/p>\n","protected":false},"author":1,"featured_media":0,"parent":0,"menu_order":0,"comment_status":"closed","ping_status":"closed","template":"","meta":{"footnotes":""},"class_list":["post-7731","page","type-page","status-publish","hentry"],"yoast_head":"<!-- This site is optimized with the Yoast SEO plugin v25.4 - https:\/\/yoast.com\/wordpress\/plugins\/seo\/ -->\n<title>D\u00e9chiqueteuse \u00e0 deux axes ZRM - Neue Herbold GmbH<\/title>\n<meta name=\"description\" content=\"D\u00e9chiqueteuse \u00e0 deux axes ZRM NEUE HERBOLD sont favorablement utilis\u00e9s pour le d\u00e9chiquetage des grands quantit\u00e9s ou des pi\u00e8ces encombrants comme des films,\" \/>\n<meta name=\"robots\" content=\"index, follow, max-snippet:-1, max-image-preview:large, max-video-preview:-1\" \/>\n<link rel=\"canonical\" href=\"https:\/\/neue-herbold.com\/fr\/dechiqueteuse-a-deux-axes-zrm\/\" \/>\n<meta property=\"og:locale\" content=\"fr_FR\" \/>\n<meta property=\"og:type\" content=\"article\" \/>\n<meta property=\"og:title\" content=\"D\u00e9chiqueteuse \u00e0 deux axes ZRM - Neue Herbold GmbH\" \/>\n<meta property=\"og:description\" content=\"D\u00e9chiqueteuse \u00e0 deux axes ZRM NEUE HERBOLD sont favorablement utilis\u00e9s pour le d\u00e9chiquetage des grands quantit\u00e9s ou des pi\u00e8ces encombrants comme des films,\" \/>\n<meta property=\"og:url\" content=\"https:\/\/neue-herbold.com\/fr\/dechiqueteuse-a-deux-axes-zrm\/\" \/>\n<meta property=\"og:site_name\" content=\"Neue Herbold GmbH\" \/>\n<meta property=\"article:modified_time\" content=\"2016-06-14T00:35:38+00:00\" \/>\n<meta property=\"og:image\" content=\"https:\/\/neue-herbold.com\/wp-content\/uploads\/2014\/12\/RM1100-2_3-300x224.jpg\" \/>\n<meta name=\"twitter:label1\" content=\"Dur\u00e9e de lecture estim\u00e9e\" \/>\n\t<meta name=\"twitter:data1\" content=\"1 minute\" \/>\n<script type=\"application\/ld+json\" class=\"yoast-schema-graph\">{\"@context\":\"https:\/\/schema.org\",\"@graph\":[{\"@type\":\"WebPage\",\"@id\":\"https:\/\/neue-herbold.com\/fr\/dechiqueteuse-a-deux-axes-zrm\/\",\"url\":\"https:\/\/neue-herbold.com\/fr\/dechiqueteuse-a-deux-axes-zrm\/\",\"name\":\"D\u00e9chiqueteuse \u00e0 deux axes ZRM - Neue Herbold GmbH\",\"isPartOf\":{\"@id\":\"https:\/\/neue-herbold.com\/en\/#website\"},\"primaryImageOfPage\":{\"@id\":\"https:\/\/neue-herbold.com\/fr\/dechiqueteuse-a-deux-axes-zrm\/#primaryimage\"},\"image\":{\"@id\":\"https:\/\/neue-herbold.com\/fr\/dechiqueteuse-a-deux-axes-zrm\/#primaryimage\"},\"thumbnailUrl\":\"https:\/\/neue-herbold.com\/wp-content\/uploads\/2014\/12\/RM1100-2_3-300x224.jpg\",\"datePublished\":\"2016-06-02T16:51:23+00:00\",\"dateModified\":\"2016-06-14T00:35:38+00:00\",\"description\":\"D\u00e9chiqueteuse \u00e0 deux axes ZRM NEUE HERBOLD sont favorablement utilis\u00e9s pour le d\u00e9chiquetage des grands quantit\u00e9s ou des pi\u00e8ces encombrants comme des films,\",\"breadcrumb\":{\"@id\":\"https:\/\/neue-herbold.com\/fr\/dechiqueteuse-a-deux-axes-zrm\/#breadcrumb\"},\"inLanguage\":\"fr-FR\",\"potentialAction\":[{\"@type\":\"ReadAction\",\"target\":[\"https:\/\/neue-herbold.com\/fr\/dechiqueteuse-a-deux-axes-zrm\/\"]}]},{\"@type\":\"ImageObject\",\"inLanguage\":\"fr-FR\",\"@id\":\"https:\/\/neue-herbold.com\/fr\/dechiqueteuse-a-deux-axes-zrm\/#primaryimage\",\"url\":\"https:\/\/neue-herbold.com\/wp-content\/uploads\/2014\/12\/RM1100-2_3-300x224.jpg\",\"contentUrl\":\"https:\/\/neue-herbold.com\/wp-content\/uploads\/2014\/12\/RM1100-2_3-300x224.jpg\"},{\"@type\":\"BreadcrumbList\",\"@id\":\"https:\/\/neue-herbold.com\/fr\/dechiqueteuse-a-deux-axes-zrm\/#breadcrumb\",\"itemListElement\":[{\"@type\":\"ListItem\",\"position\":1,\"name\":\"Startseite\",\"item\":\"https:\/\/neue-herbold.com\/fr\/\"},{\"@type\":\"ListItem\",\"position\":2,\"name\":\"D\u00e9chiqueteuse \u00e0 deux axes ZRM\"}]},{\"@type\":\"WebSite\",\"@id\":\"https:\/\/neue-herbold.com\/en\/#website\",\"url\":\"https:\/\/neue-herbold.com\/en\/\",\"name\":\"Neue Herbold GmbH\",\"description\":\"\",\"potentialAction\":[{\"@type\":\"SearchAction\",\"target\":{\"@type\":\"EntryPoint\",\"urlTemplate\":\"https:\/\/neue-herbold.com\/en\/?s={search_term_string}\"},\"query-input\":{\"@type\":\"PropertyValueSpecification\",\"valueRequired\":true,\"valueName\":\"search_term_string\"}}],\"inLanguage\":\"fr-FR\"}]}<\/script>\n<!-- \/ Yoast SEO plugin. -->","yoast_head_json":{"title":"D\u00e9chiqueteuse \u00e0 deux axes ZRM - Neue Herbold GmbH","description":"D\u00e9chiqueteuse \u00e0 deux axes ZRM NEUE HERBOLD sont favorablement utilis\u00e9s pour le d\u00e9chiquetage des grands quantit\u00e9s ou des pi\u00e8ces encombrants comme des films,","robots":{"index":"index","follow":"follow","max-snippet":"max-snippet:-1","max-image-preview":"max-image-preview:large","max-video-preview":"max-video-preview:-1"},"canonical":"https:\/\/neue-herbold.com\/fr\/dechiqueteuse-a-deux-axes-zrm\/","og_locale":"fr_FR","og_type":"article","og_title":"D\u00e9chiqueteuse \u00e0 deux axes ZRM - Neue Herbold GmbH","og_description":"D\u00e9chiqueteuse \u00e0 deux axes ZRM NEUE HERBOLD sont favorablement utilis\u00e9s pour le d\u00e9chiquetage des grands quantit\u00e9s ou des pi\u00e8ces encombrants comme des films,","og_url":"https:\/\/neue-herbold.com\/fr\/dechiqueteuse-a-deux-axes-zrm\/","og_site_name":"Neue Herbold GmbH","article_modified_time":"2016-06-14T00:35:38+00:00","og_image":[{"url":"https:\/\/neue-herbold.com\/wp-content\/uploads\/2014\/12\/RM1100-2_3-300x224.jpg","type":"","width":"","height":""}],"twitter_misc":{"Dur\u00e9e de lecture estim\u00e9e":"1 minute"},"schema":{"@context":"https:\/\/schema.org","@graph":[{"@type":"WebPage","@id":"https:\/\/neue-herbold.com\/fr\/dechiqueteuse-a-deux-axes-zrm\/","url":"https:\/\/neue-herbold.com\/fr\/dechiqueteuse-a-deux-axes-zrm\/","name":"D\u00e9chiqueteuse \u00e0 deux axes ZRM - Neue Herbold GmbH","isPartOf":{"@id":"https:\/\/neue-herbold.com\/en\/#website"},"primaryImageOfPage":{"@id":"https:\/\/neue-herbold.com\/fr\/dechiqueteuse-a-deux-axes-zrm\/#primaryimage"},"image":{"@id":"https:\/\/neue-herbold.com\/fr\/dechiqueteuse-a-deux-axes-zrm\/#primaryimage"},"thumbnailUrl":"https:\/\/neue-herbold.com\/wp-content\/uploads\/2014\/12\/RM1100-2_3-300x224.jpg","datePublished":"2016-06-02T16:51:23+00:00","dateModified":"2016-06-14T00:35:38+00:00","description":"D\u00e9chiqueteuse \u00e0 deux axes ZRM NEUE HERBOLD sont favorablement utilis\u00e9s pour le d\u00e9chiquetage des grands quantit\u00e9s ou des pi\u00e8ces encombrants comme des films,","breadcrumb":{"@id":"https:\/\/neue-herbold.com\/fr\/dechiqueteuse-a-deux-axes-zrm\/#breadcrumb"},"inLanguage":"fr-FR","potentialAction":[{"@type":"ReadAction","target":["https:\/\/neue-herbold.com\/fr\/dechiqueteuse-a-deux-axes-zrm\/"]}]},{"@type":"ImageObject","inLanguage":"fr-FR","@id":"https:\/\/neue-herbold.com\/fr\/dechiqueteuse-a-deux-axes-zrm\/#primaryimage","url":"https:\/\/neue-herbold.com\/wp-content\/uploads\/2014\/12\/RM1100-2_3-300x224.jpg","contentUrl":"https:\/\/neue-herbold.com\/wp-content\/uploads\/2014\/12\/RM1100-2_3-300x224.jpg"},{"@type":"BreadcrumbList","@id":"https:\/\/neue-herbold.com\/fr\/dechiqueteuse-a-deux-axes-zrm\/#breadcrumb","itemListElement":[{"@type":"ListItem","position":1,"name":"Startseite","item":"https:\/\/neue-herbold.com\/fr\/"},{"@type":"ListItem","position":2,"name":"D\u00e9chiqueteuse \u00e0 deux axes ZRM"}]},{"@type":"WebSite","@id":"https:\/\/neue-herbold.com\/en\/#website","url":"https:\/\/neue-herbold.com\/en\/","name":"Neue Herbold GmbH","description":"","potentialAction":[{"@type":"SearchAction","target":{"@type":"EntryPoint","urlTemplate":"https:\/\/neue-herbold.com\/en\/?s={search_term_string}"},"query-input":{"@type":"PropertyValueSpecification","valueRequired":true,"valueName":"search_term_string"}}],"inLanguage":"fr-FR"}]}},"_links":{"self":[{"href":"https:\/\/neue-herbold.com\/fr\/wp-json\/wp\/v2\/pages\/7731"}],"collection":[{"href":"https:\/\/neue-herbold.com\/fr\/wp-json\/wp\/v2\/pages"}],"about":[{"href":"https:\/\/neue-herbold.com\/fr\/wp-json\/wp\/v2\/types\/page"}],"author":[{"embeddable":true,"href":"https:\/\/neue-herbold.com\/fr\/wp-json\/wp\/v2\/users\/1"}],"replies":[{"embeddable":true,"href":"https:\/\/neue-herbold.com\/fr\/wp-json\/wp\/v2\/comments?post=7731"}],"version-history":[{"count":4,"href":"https:\/\/neue-herbold.com\/fr\/wp-json\/wp\/v2\/pages\/7731\/revisions"}],"predecessor-version":[{"id":9895,"href":"https:\/\/neue-herbold.com\/fr\/wp-json\/wp\/v2\/pages\/7731\/revisions\/9895"}],"wp:attachment":[{"href":"https:\/\/neue-herbold.com\/fr\/wp-json\/wp\/v2\/media?parent=7731"}],"curies":[{"name":"wp","href":"https:\/\/api.w.org\/{rel}","templated":true}]}}