{"id":7710,"date":"2016-06-02T18:26:13","date_gmt":"2016-06-02T16:26:13","guid":{"rendered":"https:\/\/neue-herbold.com\/fr\/seite-dummy-1\/"},"modified":"2016-06-06T03:16:07","modified_gmt":"2016-06-06T01:16:07","slug":"dechiqueteuse-hzr-a-axe-unique","status":"publish","type":"page","link":"https:\/\/neue-herbold.com\/fr\/dechiqueteuse-hzr-a-axe-unique\/","title":{"rendered":"Dechiqueteuse HZR \u00e0 axe unique"},"content":{"rendered":"<h4><a href=\"https:\/\/neue-herbold.com\/wp-content\/uploads\/2014\/12\/HZR-1300-1.jpg\" target=\"_blank\"><img loading=\"lazy\" decoding=\"async\" class=\"alignright wp-image-2902\" src=\"https:\/\/neue-herbold.com\/wp-content\/uploads\/2014\/12\/HZR-1300-1-1024x785.jpg\" alt=\"Dechiqueteuse  HZR 1300\" width=\"478\" height=\"366\" srcset=\"https:\/\/neue-herbold.com\/wp-content\/uploads\/2014\/12\/HZR-1300-1-1024x785.jpg 1024w, https:\/\/neue-herbold.com\/wp-content\/uploads\/2014\/12\/HZR-1300-1-300x230.jpg 300w, https:\/\/neue-herbold.com\/wp-content\/uploads\/2014\/12\/HZR-1300-1-100x76.jpg 100w, https:\/\/neue-herbold.com\/wp-content\/uploads\/2014\/12\/HZR-1300-1-150x115.jpg 150w, https:\/\/neue-herbold.com\/wp-content\/uploads\/2014\/12\/HZR-1300-1-200x153.jpg 200w, https:\/\/neue-herbold.com\/wp-content\/uploads\/2014\/12\/HZR-1300-1-450x345.jpg 450w, https:\/\/neue-herbold.com\/wp-content\/uploads\/2014\/12\/HZR-1300-1-600x460.jpg 600w, https:\/\/neue-herbold.com\/wp-content\/uploads\/2014\/12\/HZR-1300-1-900x690.jpg 900w, https:\/\/neue-herbold.com\/wp-content\/uploads\/2014\/12\/HZR-1300-1.jpg 1182w\" sizes=\"(max-width: 478px) 100vw, 478px\" \/><\/a><strong>Utilisation typique de la Dechiqueteuse HZR<br \/><\/strong><\/h4>\n<p>La Dechiqueteuse de <strong>NEUE HERBOLD<\/strong> \u2013 Mod\u00e8le HZR est primairement utilis\u00e9s pour la<\/p>\n<ul>\n<li>Pr\u00e9broyage des balles<\/li>\n<li>Pr\u00e9broyage des d\u00e9chets de d\u00e9marrage<\/li>\n<li>Pr\u00e9broyage \/ broyage des combustibles de substitution<\/li>\n<li>Pr\u00e9broyage \/ broyage des d\u00e9chets en plastique<\/li>\n<\/ul>\n<p><strong>Technique<\/strong><\/p>\n<p>Les dechiqueteuses <strong>NEUE HERBOLD<\/strong> sont \u00e9quip\u00e9es avec un rotor \u00e0 marche lente. Un coulisseau hydrauliquement contr\u00f4l\u00e9 convoie le mat\u00e9riel \u00e0 broyeur jusqu\u2019\u00e0 la zone de coupe du rotor. D\u00e8s que le coulisseau atteint sa position finale, il retourne automatiquement \u00e0 sa position de d\u00e9part. Un entra\u00eenement forte avec accouplement hydraulique donne une grande puissance d\u2019entra\u00eenement.<\/p>\n<p><strong>Avantages<\/strong><\/p>\n<ul>\n<li>Inversion de marche automatique<\/li>\n<li>Manches \u00e0 couteaux automatiques<\/li>\n<li>Blocs de couteaux \u00e9changeables (connexion viss\u00e9e\/fich\u00e9e)<\/li>\n<\/ul>\n<table>\n<tbody>\n<tr>\n<td style=\"text-align: center;\"><span style=\"color: #000000;\"><strong><span style=\"font-family: Arial; font-size: small;\">Type machine<\/span><\/strong><\/span><\/td>\n<td style=\"text-align: center;\"><span style=\"color: #000000;\"><strong><span style=\"font-family: Arial; font-size: small;\">Diam\u00e8tre rotor (mm)<\/span><\/strong><\/span><\/td>\n<td style=\"text-align: center;\"><span style=\"color: #000000;\"><strong><span style=\"font-family: Arial; font-size: small;\">Largeur de travail (mm)<\/span><\/strong><\/span><\/td>\n<\/tr>\n<tr>\n<td style=\"text-align: left;\"><span style=\"font-family: Arial; font-size: small; color: #000000;\">Typ HZR 800<\/span><\/td>\n<td style=\"text-align: center;\"><span style=\"color: #000000;\">400<\/span><\/td>\n<td style=\"text-align: center;\"><span style=\"color: #000000;\">800<\/span><\/td>\n<\/tr>\n<tr>\n<td style=\"text-align: left;\"><span style=\"font-family: Arial; font-size: small; color: #000000;\">Typ HZR 1300<\/span><\/td>\n<td style=\"text-align: center;\"><span style=\"color: #000000;\">400<\/span><\/td>\n<td style=\"text-align: center;\"><span style=\"color: #000000;\">1300<\/span><\/td>\n<\/tr>\n<tr>\n<td style=\"text-align: left;\"><span style=\"font-family: Arial; font-size: small; color: #000000;\">Typ HZR 1600<\/span><\/td>\n<td style=\"text-align: center;\"><span style=\"color: #000000;\">600<\/span><\/td>\n<td style=\"text-align: center;\"><span style=\"color: #000000;\">1600<\/span><\/td>\n<\/tr>\n<\/tbody>\n<\/table>\n","protected":false},"excerpt":{"rendered":"<p><a href=\"https:\/\/neue-herbold.com\/wp-content\/uploads\/2014\/12\/HZR-1300-1.jpg\" target=\"_blank\"><img loading=\"lazy\" decoding=\"async\" class=\"alignright wp-image-2902\" src=\"https:\/\/neue-herbold.com\/wp-content\/uploads\/2014\/12\/HZR-1300-1-1024x785.jpg\" alt=\"Dechiqueteuse  HZR 1300\" width=\"478\" height=\"366\" srcset=\"https:\/\/neue-herbold.com\/wp-content\/uploads\/2014\/12\/HZR-1300-1-1024x785.jpg 1024w, https:\/\/neue-herbold.com\/wp-content\/uploads\/2014\/12\/HZR-1300-1-300x230.jpg 300w, https:\/\/neue-herbold.com\/wp-content\/uploads\/2014\/12\/HZR-1300-1-100x76.jpg 100w, https:\/\/neue-herbold.com\/wp-content\/uploads\/2014\/12\/HZR-1300-1-150x115.jpg 150w, https:\/\/neue-herbold.com\/wp-content\/uploads\/2014\/12\/HZR-1300-1-200x153.jpg 200w, https:\/\/neue-herbold.com\/wp-content\/uploads\/2014\/12\/HZR-1300-1-450x345.jpg 450w, https:\/\/neue-herbold.com\/wp-content\/uploads\/2014\/12\/HZR-1300-1-600x460.jpg 600w, https:\/\/neue-herbold.com\/wp-content\/uploads\/2014\/12\/HZR-1300-1-900x690.jpg 900w, https:\/\/neue-herbold.com\/wp-content\/uploads\/2014\/12\/HZR-1300-1.jpg 1182w\" sizes=\"(max-width: 478px) 100vw, 478px\" \/><\/a><strong>Utilisation typique de la Dechiqueteuse HZR<br \/><\/strong><\/p>\n<p>La Dechiqueteuse de <strong>NEUE HERBOLD<\/strong> \u2013 Mod\u00e8le HZR est primairement utilis\u00e9s pour la<\/p>\n<ul>\n<li>Pr\u00e9broyage des balles<\/li>\n<li>Pr\u00e9broyage des d\u00e9chets de d\u00e9marrage<\/li>\n<li>Pr\u00e9broyage \/ broyage des combustibles de substitution<\/li>\n<li>Pr\u00e9broyage \/ broyage des d\u00e9chets en plastique<\/li>\n<\/ul>\n<p><strong>Technique<\/strong><\/p>\n<p>Les dechiqueteuses <strong>NEUE HERBOLD<\/strong> sont \u00e9quip\u00e9es avec un rotor \u00e0 marche lente.<\/p>\n<p><span class=\"ellipsis\">&hellip;<\/span><\/p>\n<div class=\"read-more\"><a href=\"https:\/\/neue-herbold.com\/fr\/dechiqueteuse-hzr-a-axe-unique\/\">Lire la suite &#8250;<\/a><\/div>\n<p><!-- end of .read-more --><\/p>\n","protected":false},"author":1,"featured_media":0,"parent":0,"menu_order":0,"comment_status":"closed","ping_status":"closed","template":"","meta":{"footnotes":""},"class_list":["post-7710","page","type-page","status-publish","hentry"],"yoast_head":"<!-- This site is optimized with the Yoast SEO plugin v25.4 - https:\/\/yoast.com\/wordpress\/plugins\/seo\/ -->\n<title>Dechiqueteuse HZR \u00e0 axe unique - Neue Herbold GmbH<\/title>\n<meta name=\"description\" content=\"Les dechiqueteuse NEUE HERBOLD sont \u00e9quip\u00e9es avec un rotor \u00e0 marche lente. Un coulisseau hydrauliquement contr\u00f4l\u00e9 convoie le mat\u00e9riel \u00e0 broyeur\" \/>\n<meta name=\"robots\" content=\"index, follow, max-snippet:-1, max-image-preview:large, max-video-preview:-1\" \/>\n<link rel=\"canonical\" href=\"https:\/\/neue-herbold.com\/fr\/dechiqueteuse-hzr-a-axe-unique\/\" \/>\n<meta property=\"og:locale\" content=\"fr_FR\" \/>\n<meta property=\"og:type\" content=\"article\" \/>\n<meta property=\"og:title\" content=\"Dechiqueteuse HZR \u00e0 axe unique - Neue Herbold GmbH\" \/>\n<meta property=\"og:description\" content=\"Les dechiqueteuse NEUE HERBOLD sont \u00e9quip\u00e9es avec un rotor \u00e0 marche lente. Un coulisseau hydrauliquement contr\u00f4l\u00e9 convoie le mat\u00e9riel \u00e0 broyeur\" \/>\n<meta property=\"og:url\" content=\"https:\/\/neue-herbold.com\/fr\/dechiqueteuse-hzr-a-axe-unique\/\" \/>\n<meta property=\"og:site_name\" content=\"Neue Herbold GmbH\" \/>\n<meta property=\"article:modified_time\" content=\"2016-06-06T01:16:07+00:00\" \/>\n<meta property=\"og:image\" content=\"https:\/\/neue-herbold.com\/wp-content\/uploads\/2014\/12\/HZR-1300-1-1024x785.jpg\" \/>\n<meta name=\"twitter:label1\" content=\"Dur\u00e9e de lecture estim\u00e9e\" \/>\n\t<meta name=\"twitter:data1\" content=\"1 minute\" \/>\n<script type=\"application\/ld+json\" class=\"yoast-schema-graph\">{\"@context\":\"https:\/\/schema.org\",\"@graph\":[{\"@type\":\"WebPage\",\"@id\":\"https:\/\/neue-herbold.com\/fr\/dechiqueteuse-hzr-a-axe-unique\/\",\"url\":\"https:\/\/neue-herbold.com\/fr\/dechiqueteuse-hzr-a-axe-unique\/\",\"name\":\"Dechiqueteuse HZR \u00e0 axe unique - Neue Herbold GmbH\",\"isPartOf\":{\"@id\":\"https:\/\/neue-herbold.com\/en\/#website\"},\"primaryImageOfPage\":{\"@id\":\"https:\/\/neue-herbold.com\/fr\/dechiqueteuse-hzr-a-axe-unique\/#primaryimage\"},\"image\":{\"@id\":\"https:\/\/neue-herbold.com\/fr\/dechiqueteuse-hzr-a-axe-unique\/#primaryimage\"},\"thumbnailUrl\":\"https:\/\/neue-herbold.com\/wp-content\/uploads\/2014\/12\/HZR-1300-1-1024x785.jpg\",\"datePublished\":\"2016-06-02T16:26:13+00:00\",\"dateModified\":\"2016-06-06T01:16:07+00:00\",\"description\":\"Les dechiqueteuse NEUE HERBOLD sont \u00e9quip\u00e9es avec un rotor \u00e0 marche lente. Un coulisseau hydrauliquement contr\u00f4l\u00e9 convoie le mat\u00e9riel \u00e0 broyeur\",\"breadcrumb\":{\"@id\":\"https:\/\/neue-herbold.com\/fr\/dechiqueteuse-hzr-a-axe-unique\/#breadcrumb\"},\"inLanguage\":\"fr-FR\",\"potentialAction\":[{\"@type\":\"ReadAction\",\"target\":[\"https:\/\/neue-herbold.com\/fr\/dechiqueteuse-hzr-a-axe-unique\/\"]}]},{\"@type\":\"ImageObject\",\"inLanguage\":\"fr-FR\",\"@id\":\"https:\/\/neue-herbold.com\/fr\/dechiqueteuse-hzr-a-axe-unique\/#primaryimage\",\"url\":\"https:\/\/neue-herbold.com\/wp-content\/uploads\/2014\/12\/HZR-1300-1-1024x785.jpg\",\"contentUrl\":\"https:\/\/neue-herbold.com\/wp-content\/uploads\/2014\/12\/HZR-1300-1-1024x785.jpg\"},{\"@type\":\"BreadcrumbList\",\"@id\":\"https:\/\/neue-herbold.com\/fr\/dechiqueteuse-hzr-a-axe-unique\/#breadcrumb\",\"itemListElement\":[{\"@type\":\"ListItem\",\"position\":1,\"name\":\"Startseite\",\"item\":\"https:\/\/neue-herbold.com\/fr\/\"},{\"@type\":\"ListItem\",\"position\":2,\"name\":\"Dechiqueteuse HZR \u00e0 axe unique\"}]},{\"@type\":\"WebSite\",\"@id\":\"https:\/\/neue-herbold.com\/en\/#website\",\"url\":\"https:\/\/neue-herbold.com\/en\/\",\"name\":\"Neue Herbold GmbH\",\"description\":\"\",\"potentialAction\":[{\"@type\":\"SearchAction\",\"target\":{\"@type\":\"EntryPoint\",\"urlTemplate\":\"https:\/\/neue-herbold.com\/en\/?s={search_term_string}\"},\"query-input\":{\"@type\":\"PropertyValueSpecification\",\"valueRequired\":true,\"valueName\":\"search_term_string\"}}],\"inLanguage\":\"fr-FR\"}]}<\/script>\n<!-- \/ Yoast SEO plugin. -->","yoast_head_json":{"title":"Dechiqueteuse HZR \u00e0 axe unique - Neue Herbold GmbH","description":"Les dechiqueteuse NEUE HERBOLD sont \u00e9quip\u00e9es avec un rotor \u00e0 marche lente. Un coulisseau hydrauliquement contr\u00f4l\u00e9 convoie le mat\u00e9riel \u00e0 broyeur","robots":{"index":"index","follow":"follow","max-snippet":"max-snippet:-1","max-image-preview":"max-image-preview:large","max-video-preview":"max-video-preview:-1"},"canonical":"https:\/\/neue-herbold.com\/fr\/dechiqueteuse-hzr-a-axe-unique\/","og_locale":"fr_FR","og_type":"article","og_title":"Dechiqueteuse HZR \u00e0 axe unique - Neue Herbold GmbH","og_description":"Les dechiqueteuse NEUE HERBOLD sont \u00e9quip\u00e9es avec un rotor \u00e0 marche lente. Un coulisseau hydrauliquement contr\u00f4l\u00e9 convoie le mat\u00e9riel \u00e0 broyeur","og_url":"https:\/\/neue-herbold.com\/fr\/dechiqueteuse-hzr-a-axe-unique\/","og_site_name":"Neue Herbold GmbH","article_modified_time":"2016-06-06T01:16:07+00:00","og_image":[{"url":"https:\/\/neue-herbold.com\/wp-content\/uploads\/2014\/12\/HZR-1300-1-1024x785.jpg","type":"","width":"","height":""}],"twitter_misc":{"Dur\u00e9e de lecture estim\u00e9e":"1 minute"},"schema":{"@context":"https:\/\/schema.org","@graph":[{"@type":"WebPage","@id":"https:\/\/neue-herbold.com\/fr\/dechiqueteuse-hzr-a-axe-unique\/","url":"https:\/\/neue-herbold.com\/fr\/dechiqueteuse-hzr-a-axe-unique\/","name":"Dechiqueteuse HZR \u00e0 axe unique - Neue Herbold GmbH","isPartOf":{"@id":"https:\/\/neue-herbold.com\/en\/#website"},"primaryImageOfPage":{"@id":"https:\/\/neue-herbold.com\/fr\/dechiqueteuse-hzr-a-axe-unique\/#primaryimage"},"image":{"@id":"https:\/\/neue-herbold.com\/fr\/dechiqueteuse-hzr-a-axe-unique\/#primaryimage"},"thumbnailUrl":"https:\/\/neue-herbold.com\/wp-content\/uploads\/2014\/12\/HZR-1300-1-1024x785.jpg","datePublished":"2016-06-02T16:26:13+00:00","dateModified":"2016-06-06T01:16:07+00:00","description":"Les dechiqueteuse NEUE HERBOLD sont \u00e9quip\u00e9es avec un rotor \u00e0 marche lente. Un coulisseau hydrauliquement contr\u00f4l\u00e9 convoie le mat\u00e9riel \u00e0 broyeur","breadcrumb":{"@id":"https:\/\/neue-herbold.com\/fr\/dechiqueteuse-hzr-a-axe-unique\/#breadcrumb"},"inLanguage":"fr-FR","potentialAction":[{"@type":"ReadAction","target":["https:\/\/neue-herbold.com\/fr\/dechiqueteuse-hzr-a-axe-unique\/"]}]},{"@type":"ImageObject","inLanguage":"fr-FR","@id":"https:\/\/neue-herbold.com\/fr\/dechiqueteuse-hzr-a-axe-unique\/#primaryimage","url":"https:\/\/neue-herbold.com\/wp-content\/uploads\/2014\/12\/HZR-1300-1-1024x785.jpg","contentUrl":"https:\/\/neue-herbold.com\/wp-content\/uploads\/2014\/12\/HZR-1300-1-1024x785.jpg"},{"@type":"BreadcrumbList","@id":"https:\/\/neue-herbold.com\/fr\/dechiqueteuse-hzr-a-axe-unique\/#breadcrumb","itemListElement":[{"@type":"ListItem","position":1,"name":"Startseite","item":"https:\/\/neue-herbold.com\/fr\/"},{"@type":"ListItem","position":2,"name":"Dechiqueteuse HZR \u00e0 axe unique"}]},{"@type":"WebSite","@id":"https:\/\/neue-herbold.com\/en\/#website","url":"https:\/\/neue-herbold.com\/en\/","name":"Neue Herbold GmbH","description":"","potentialAction":[{"@type":"SearchAction","target":{"@type":"EntryPoint","urlTemplate":"https:\/\/neue-herbold.com\/en\/?s={search_term_string}"},"query-input":{"@type":"PropertyValueSpecification","valueRequired":true,"valueName":"search_term_string"}}],"inLanguage":"fr-FR"}]}},"_links":{"self":[{"href":"https:\/\/neue-herbold.com\/fr\/wp-json\/wp\/v2\/pages\/7710"}],"collection":[{"href":"https:\/\/neue-herbold.com\/fr\/wp-json\/wp\/v2\/pages"}],"about":[{"href":"https:\/\/neue-herbold.com\/fr\/wp-json\/wp\/v2\/types\/page"}],"author":[{"embeddable":true,"href":"https:\/\/neue-herbold.com\/fr\/wp-json\/wp\/v2\/users\/1"}],"replies":[{"embeddable":true,"href":"https:\/\/neue-herbold.com\/fr\/wp-json\/wp\/v2\/comments?post=7710"}],"version-history":[{"count":5,"href":"https:\/\/neue-herbold.com\/fr\/wp-json\/wp\/v2\/pages\/7710\/revisions"}],"predecessor-version":[{"id":9320,"href":"https:\/\/neue-herbold.com\/fr\/wp-json\/wp\/v2\/pages\/7710\/revisions\/9320"}],"wp:attachment":[{"href":"https:\/\/neue-herbold.com\/fr\/wp-json\/wp\/v2\/media?parent=7710"}],"curies":[{"name":"wp","href":"https:\/\/api.w.org\/{rel}","templated":true}]}}