{"id":7003,"date":"2014-09-21T19:19:09","date_gmt":"2014-09-21T19:19:09","guid":{"rendered":"https:\/\/neue-herbold.com\/fr\/impressum\/"},"modified":"2019-11-18T03:17:19","modified_gmt":"2019-11-18T02:17:19","slug":"empreinte","status":"publish","type":"page","link":"https:\/\/neue-herbold.com\/fr\/empreinte\/","title":{"rendered":"Empreinte"},"content":{"rendered":"<div id=\"gt-res-c\" class=\"g-unit\">\n<div id=\"gt-res-p\">\n<div id=\"gt-res-data\">\n<div id=\"gt-res-wrap\">\n<div id=\"gt-res-content\" class=\"almost_half_cell\">\n<div dir=\"ltr\">\n<div data-borlabs-cookie-wrap=\"inline\" class=\"left\">\n    <div data-borlabs-cookie>\n        <p class=\"borlabsCookieHeadline\">R\u00e9glage des cookies<\/p>\n        <div data-borlabs-selection>\n            <p class=\"borlabsCookieExplanation\">S'il vous pla\u00eet faire une s\u00e9lection. Pour plus d'informations sur l'impact de votre s\u00e9lection, voir ici<span data-borlabs-cookie-help-link>Aider<\/span>.<br><a href=\"https:\/\/neue-herbold.com\/fr\/politique-de-confidentialite\/\">Politique de confidentialit\u00e9<\/a><br><a href=\"https:\/\/neue-herbold.com\/fr\/empreinte\/\">empreinte<\/a><\/p>\n            <div data-borlabs-selection-list>\n                <ul>\n                    <li class=\"cookieOption1\"><label for=\"borlabsCookieInlineOptionAll\"><input id=\"borlabsCookieInlineOptionAll\" type=\"radio\" name=\"cookieOption\" value=\"all\">Autoriser tous les cookies<\/label><\/li>\n                                        <li class=\"cookieOption2\"><label for=\"borlabsCookieInlineOptionFirstParty\"><input id=\"borlabsCookieInlineOptionFirstParty\" type=\"radio\" name=\"cookieOption\" value=\"first-party\">Autoriser uniquement les cookies de Neue Herbold<\/label><\/li>\n                                        <li class=\"cookieOption3\"><label for=\"borlabsCookieInlineOptionRejectAll\"><input id=\"borlabsCookieInlineOptionRejectAll\" type=\"radio\" name=\"cookieOption\" value=\"reject-all\">Autoriser uniquement les cookies n\u00e9cessaires sur le plan technique<\/label><\/li>\n                                    <\/ul>\n                <div data-borlabs-selection-success>\n                    <p class=\"borlabsCookieSuccess\">Votre s\u00e9lection a \u00e9t\u00e9 enregistr\u00e9e!<\/p>\n                <\/div>\n            <\/div>\n            <p class=\"borlabsCookieText\" data-borlabs-cookie-help-link>Aider<\/p>\n        <\/div>\n        <div data-borlabs-help>\n            <p class=\"borlabsCookieSubHeadline\">Aider<\/p>\n            <p>Pour continuer, vous devez s\u00e9lectionner un cookie. Vous trouverez ci-dessous une explication des diff\u00e9rentes options et de leur signification.<\/p>\n            <ul>\n                <li><span>Autoriser tous les cookies<\/span>:<br>Cette option vous permet de d\u00e9finir tous les cookies, y compris les cookies tiers tels que YouTube. Les cookies tiers peuvent inclure des cookies de suivi et d'analyse de ces fournisseurs sur lesquels nous n'avons aucun contr\u00f4le.<\/li>\n                                <li><span>Autoriser uniquement les cookies de Neue Herbold<\/span>:<br>Avec cette option, vous autorisez uniquement les cookies de notre propre site Web. Avec ces cookies, le site Web garde en m\u00e9moire la langue d'affichage que vous avez choisie et les choix effectu\u00e9s lors de la s\u00e9lection des cookies, de sorte que vous ne serez plus interrog\u00e9 \u00e0 chaque fois que vous visiterez une page.<\/li>\n                                <li><span>Autoriser uniquement les cookies n\u00e9cessaires sur le plan technique<\/span>:<br>Avec cette option, vous autorisez uniquement les cookies techniquement n\u00e9cessaires. Tout d\u2019abord, il s\u2019agit d\u2019un cookie qui permet \u00e0 notre site de conna\u00eetre les choix que vous avez effectu\u00e9s. Le cookie lui-m\u00eame ne stocke aucune donn\u00e9e personnelle, mais uniquement la s\u00e9lection effectu\u00e9e par vous, de sorte que vous ne serez plus interrog\u00e9 \u00e0 chaque demande de page.<\/li>\n                            <\/ul>\n            <p>Vous pouvez modifier votre configuration de cookie ici \u00e0 tout moment: <a href=\"https:\/\/neue-herbold.com\/fr\/politique-de-confidentialite\/\">Politique de confidentialit\u00e9<\/a>. <a href=\"https:\/\/neue-herbold.com\/fr\/empreinte\/\">empreinte<\/a><\/p>\n            <p class=\"borlabsCookieText\" data-borlabs-cookie-help-link>Retour<\/p>\n        <\/div>\n    <\/div>\n<\/div>\n<hr \/>\n<\/div>\n<div dir=\"ltr\"><strong>Informations selon \u00a7 5 TMG:<\/strong><\/div>\n<div dir=\"ltr\">NEUE HERBOLD Maschinen-und Anlagenbau GmbH<br \/>\nWiesenstrasse 44<br \/>\n74889 Sinsheim<\/div>\n<div dir=\"ltr\"><strong>Repr\u00e9sent\u00e9 par:<\/strong><br \/>\nNEUE HERBOLD<br \/>\nMaschinen und Anlagenbau GmbH<br \/>\nrepr\u00e9sent\u00e9 par le directeur g\u00e9n\u00e9ral Arwed-Peter Abraham<\/div>\n<div dir=\"ltr\">\u00a0<\/div>\n<div dir=\"ltr\"><strong>Contact:<\/strong><br \/>\nT\u00e9l\u00e9phone: +49 (0) 7261 \/ 9248-0<br \/>\nFax: +49 (0) 7261 \/ 9248-99<br \/>\nE-Mail: info@neue-herbold.de<\/div>\n<div dir=\"ltr\">\u00a0<\/div>\n<div dir=\"ltr\"><strong>Registre:<\/strong><br \/>\nEntr\u00e9e dans le registre du commerce.<br \/>\nCour de registre: Mannheim<br \/>\nNum\u00e9ro d&rsquo;inscription: 341269<\/div>\n<div dir=\"ltr\">\u00a0<\/div>\n<div dir=\"ltr\"><strong>TVA:<\/strong><br \/>\nNum\u00e9ro d&rsquo;identification TVA selon \u00a727 du loi sur la hors taxe: DE811935715<\/div>\n<div dir=\"ltr\">\u00a0<\/div>\n<div dir=\"ltr\"><strong>Responsabilit\u00e9 pour le contenu<\/strong><br \/>\nEn tant que fournisseur de services, nous sommes responsables conform\u00e9ment au \u00a7 7 Abs.1 TMG pour les contenus propres de ces c\u00f4t\u00e9s conform\u00e9ment aux lois g\u00e9n\u00e9rales. Conform\u00e9ment aux \u00a7\u00a7 8 \u00e0 10 TMG, nous ne sommes toutefois pas tenus, en tant que prestataire de services, de surveiller les informations externes transmises ou stock\u00e9es ou d&rsquo;enqu\u00eater sur les circonstances qui indiquent une activit\u00e9 ill\u00e9gale.<\/div>\n<div dir=\"ltr\">Les obligations de supprimer ou de bloquer l&rsquo;utilisation des informations en vertu de la loi g\u00e9n\u00e9rale restent inchang\u00e9es. Une responsabilit\u00e9 \u00e0 cet \u00e9gard, cependant, n&rsquo;est possible qu&rsquo;\u00e0 partir de la date de la connaissance d&rsquo;une infraction sp\u00e9cifique. D\u00e8s la notification des violations appropri\u00e9es, nous supprimerons ce contenu imm\u00e9diatement.<\/div>\n<div dir=\"ltr\"><strong>Responsabilit\u00e9 pour les liens<\/strong><br \/>\nNotre offre contient des liens vers des sites externes de tiers sur le contenu desquels nous n&rsquo;avons aucune influence. Par cons\u00e9quent, nous ne pouvons assumer aucune responsabilit\u00e9 pour ces contenus externes. Le fournisseur ou l&rsquo;op\u00e9rateur respectif des pages est toujours responsable du contenu des pages li\u00e9es. Les pages li\u00e9es ont \u00e9t\u00e9 v\u00e9rifi\u00e9es pour d&rsquo;\u00e9ventuelles violations l\u00e9gales au moment de la liaison. Le contenu ill\u00e9gal n&rsquo;\u00e9tait pas reconnaissable au moment de la liaison.<br \/>\nCependant, un contr\u00f4le permanent du contenu des pages li\u00e9es n&rsquo;est pas raisonnable sans preuve concr\u00e8te d&rsquo;une infraction. D\u00e8s la notification des violations, nous supprimerons ces liens imm\u00e9diatement.<\/div>\n<div dir=\"ltr\"><strong>Droit d&rsquo;auteur<\/strong><br \/>\nLe contenu et les travaux sur ces pages cr\u00e9\u00e9s par les op\u00e9rateurs du site sont soumis \u00e0 la loi allemande sur les droits d&rsquo;auteur. La reproduction, le traitement, la distribution et tout type d&rsquo;exploitation en dehors des limites du droit d&rsquo;auteur n\u00e9cessitent le consentement \u00e9crit de l&rsquo;auteur ou du cr\u00e9ateur respectif. Les t\u00e9l\u00e9chargements et copies de ce site sont r\u00e9serv\u00e9s \u00e0 un usage priv\u00e9 et non commercial.<br \/>\nDans la mesure o\u00f9 les contenus de ce c\u00f4t\u00e9 n&rsquo;ont pas \u00e9t\u00e9 cr\u00e9\u00e9s par l&rsquo;op\u00e9rateur, les droits d&rsquo;auteur des tiers sont pris en compte. En particulier, le contenu de tiers est identifi\u00e9 en tant que tel. Si vous devez toujours \u00eatre au courant d&rsquo;une violation de copyright, nous demandons une note. D\u00e8s la notification des violations, nous supprimerons ce contenu imm\u00e9diatement.<\/div>\n<\/div>\n<\/div>\n<\/div>\n<\/div>\n<\/div>\n","protected":false},"excerpt":{"rendered":"<div id=\"gt-res-c\" class=\"g-unit\">\n<div id=\"gt-res-p\">\n<div id=\"gt-res-data\">\n<div id=\"gt-res-wrap\">\n<div id=\"gt-res-content\" class=\"almost_half_cell\">\n<div dir=\"ltr\">\n<\/div>\n<div dir=\"ltr\"><strong>Informations selon \u00a7 5 TMG:<\/strong><\/div>\n<div dir=\"ltr\">NEUE HERBOLD Maschinen-und Anlagenbau GmbH<br \/>\nWiesenstrasse 44<br \/>\n74889 Sinsheim<\/div>\n<div dir=\"ltr\"><strong>Repr\u00e9sent\u00e9 par:<\/strong><br \/>\nNEUE HERBOLD<br \/>\nMaschinen und Anlagenbau GmbH<br \/>\nrepr\u00e9sent\u00e9 par le directeur g\u00e9n\u00e9ral Arwed-Peter Abraham<\/div>\n<div dir=\"ltr\">\u00a0<\/div>\n<div dir=\"ltr\"><strong>Contact:<\/strong><br \/>\nT\u00e9l\u00e9phone: +49 (0) 7261 \/ 9248-0<br \/>\nFax: +49 (0) 7261 \/ 9248-99<br \/>\nE-Mail: info@neue-herbold.de<\/div>\n<div dir=\"ltr\">\u00a0<\/div>\n<div dir=\"ltr\"><strong>Registre:<\/strong><br \/>\nEntr\u00e9e dans le registre du commerce.<\/div>\n<\/div>\n<\/div>\n<\/div>\n<\/div>\n<\/div>\n<p><span class=\"ellipsis\">&hellip;<\/span><\/p>\n<div class=\"read-more\"><a href=\"https:\/\/neue-herbold.com\/fr\/empreinte\/\">Lire la suite &#8250;<\/a><\/div>\n<p><!-- end of .read-more --><\/p>\n","protected":false},"author":1,"featured_media":0,"parent":0,"menu_order":0,"comment_status":"closed","ping_status":"closed","template":"","meta":{"footnotes":""},"class_list":["post-7003","page","type-page","status-publish","hentry"],"yoast_head":"<!-- This site is optimized with the Yoast SEO plugin v25.4 - https:\/\/yoast.com\/wordpress\/plugins\/seo\/ -->\n<title>Impressum<\/title>\n<meta name=\"description\" content=\"Urheberrecht\/Copyright Alle Rechte sind der NEUE HERBOLD vorbehalten. Die Online-Dokumente und Webseiten einschlie\u00dflich ihrer Teile sind urheberrechtlich\" \/>\n<meta name=\"robots\" content=\"index, follow, max-snippet:-1, max-image-preview:large, max-video-preview:-1\" \/>\n<link rel=\"canonical\" href=\"https:\/\/neue-herbold.com\/fr\/empreinte\/\" \/>\n<meta property=\"og:locale\" content=\"fr_FR\" \/>\n<meta property=\"og:type\" content=\"article\" \/>\n<meta property=\"og:title\" content=\"Impressum\" \/>\n<meta property=\"og:description\" content=\"Urheberrecht\/Copyright Alle Rechte sind der NEUE HERBOLD vorbehalten. Die Online-Dokumente und Webseiten einschlie\u00dflich ihrer Teile sind urheberrechtlich\" \/>\n<meta property=\"og:url\" content=\"https:\/\/neue-herbold.com\/fr\/empreinte\/\" \/>\n<meta property=\"og:site_name\" content=\"Neue Herbold GmbH\" \/>\n<meta property=\"article:modified_time\" content=\"2019-11-18T02:17:19+00:00\" \/>\n<meta name=\"twitter:label1\" content=\"Dur\u00e9e de lecture estim\u00e9e\" \/>\n\t<meta name=\"twitter:data1\" content=\"2 minutes\" \/>\n<script type=\"application\/ld+json\" class=\"yoast-schema-graph\">{\"@context\":\"https:\/\/schema.org\",\"@graph\":[{\"@type\":\"WebPage\",\"@id\":\"https:\/\/neue-herbold.com\/fr\/empreinte\/\",\"url\":\"https:\/\/neue-herbold.com\/fr\/empreinte\/\",\"name\":\"Impressum\",\"isPartOf\":{\"@id\":\"https:\/\/neue-herbold.com\/en\/#website\"},\"datePublished\":\"2014-09-21T19:19:09+00:00\",\"dateModified\":\"2019-11-18T02:17:19+00:00\",\"description\":\"Urheberrecht\/Copyright Alle Rechte sind der NEUE HERBOLD vorbehalten. Die Online-Dokumente und Webseiten einschlie\u00dflich ihrer Teile sind urheberrechtlich\",\"breadcrumb\":{\"@id\":\"https:\/\/neue-herbold.com\/fr\/empreinte\/#breadcrumb\"},\"inLanguage\":\"fr-FR\",\"potentialAction\":[{\"@type\":\"ReadAction\",\"target\":[\"https:\/\/neue-herbold.com\/fr\/empreinte\/\"]}]},{\"@type\":\"BreadcrumbList\",\"@id\":\"https:\/\/neue-herbold.com\/fr\/empreinte\/#breadcrumb\",\"itemListElement\":[{\"@type\":\"ListItem\",\"position\":1,\"name\":\"Startseite\",\"item\":\"https:\/\/neue-herbold.com\/fr\/\"},{\"@type\":\"ListItem\",\"position\":2,\"name\":\"Empreinte\"}]},{\"@type\":\"WebSite\",\"@id\":\"https:\/\/neue-herbold.com\/en\/#website\",\"url\":\"https:\/\/neue-herbold.com\/en\/\",\"name\":\"Neue Herbold GmbH\",\"description\":\"\",\"potentialAction\":[{\"@type\":\"SearchAction\",\"target\":{\"@type\":\"EntryPoint\",\"urlTemplate\":\"https:\/\/neue-herbold.com\/en\/?s={search_term_string}\"},\"query-input\":{\"@type\":\"PropertyValueSpecification\",\"valueRequired\":true,\"valueName\":\"search_term_string\"}}],\"inLanguage\":\"fr-FR\"}]}<\/script>\n<!-- \/ Yoast SEO plugin. -->","yoast_head_json":{"title":"Impressum","description":"Urheberrecht\/Copyright Alle Rechte sind der NEUE HERBOLD vorbehalten. Die Online-Dokumente und Webseiten einschlie\u00dflich ihrer Teile sind urheberrechtlich","robots":{"index":"index","follow":"follow","max-snippet":"max-snippet:-1","max-image-preview":"max-image-preview:large","max-video-preview":"max-video-preview:-1"},"canonical":"https:\/\/neue-herbold.com\/fr\/empreinte\/","og_locale":"fr_FR","og_type":"article","og_title":"Impressum","og_description":"Urheberrecht\/Copyright Alle Rechte sind der NEUE HERBOLD vorbehalten. Die Online-Dokumente und Webseiten einschlie\u00dflich ihrer Teile sind urheberrechtlich","og_url":"https:\/\/neue-herbold.com\/fr\/empreinte\/","og_site_name":"Neue Herbold GmbH","article_modified_time":"2019-11-18T02:17:19+00:00","twitter_misc":{"Dur\u00e9e de lecture estim\u00e9e":"2 minutes"},"schema":{"@context":"https:\/\/schema.org","@graph":[{"@type":"WebPage","@id":"https:\/\/neue-herbold.com\/fr\/empreinte\/","url":"https:\/\/neue-herbold.com\/fr\/empreinte\/","name":"Impressum","isPartOf":{"@id":"https:\/\/neue-herbold.com\/en\/#website"},"datePublished":"2014-09-21T19:19:09+00:00","dateModified":"2019-11-18T02:17:19+00:00","description":"Urheberrecht\/Copyright Alle Rechte sind der NEUE HERBOLD vorbehalten. Die Online-Dokumente und Webseiten einschlie\u00dflich ihrer Teile sind urheberrechtlich","breadcrumb":{"@id":"https:\/\/neue-herbold.com\/fr\/empreinte\/#breadcrumb"},"inLanguage":"fr-FR","potentialAction":[{"@type":"ReadAction","target":["https:\/\/neue-herbold.com\/fr\/empreinte\/"]}]},{"@type":"BreadcrumbList","@id":"https:\/\/neue-herbold.com\/fr\/empreinte\/#breadcrumb","itemListElement":[{"@type":"ListItem","position":1,"name":"Startseite","item":"https:\/\/neue-herbold.com\/fr\/"},{"@type":"ListItem","position":2,"name":"Empreinte"}]},{"@type":"WebSite","@id":"https:\/\/neue-herbold.com\/en\/#website","url":"https:\/\/neue-herbold.com\/en\/","name":"Neue Herbold GmbH","description":"","potentialAction":[{"@type":"SearchAction","target":{"@type":"EntryPoint","urlTemplate":"https:\/\/neue-herbold.com\/en\/?s={search_term_string}"},"query-input":{"@type":"PropertyValueSpecification","valueRequired":true,"valueName":"search_term_string"}}],"inLanguage":"fr-FR"}]}},"_links":{"self":[{"href":"https:\/\/neue-herbold.com\/fr\/wp-json\/wp\/v2\/pages\/7003"}],"collection":[{"href":"https:\/\/neue-herbold.com\/fr\/wp-json\/wp\/v2\/pages"}],"about":[{"href":"https:\/\/neue-herbold.com\/fr\/wp-json\/wp\/v2\/types\/page"}],"author":[{"embeddable":true,"href":"https:\/\/neue-herbold.com\/fr\/wp-json\/wp\/v2\/users\/1"}],"replies":[{"embeddable":true,"href":"https:\/\/neue-herbold.com\/fr\/wp-json\/wp\/v2\/comments?post=7003"}],"version-history":[{"count":8,"href":"https:\/\/neue-herbold.com\/fr\/wp-json\/wp\/v2\/pages\/7003\/revisions"}],"predecessor-version":[{"id":15594,"href":"https:\/\/neue-herbold.com\/fr\/wp-json\/wp\/v2\/pages\/7003\/revisions\/15594"}],"wp:attachment":[{"href":"https:\/\/neue-herbold.com\/fr\/wp-json\/wp\/v2\/media?parent=7003"}],"curies":[{"name":"wp","href":"https:\/\/api.w.org\/{rel}","templated":true}]}}