{"id":11824,"date":"2015-05-21T00:23:04","date_gmt":"2015-05-20T22:23:04","guid":{"rendered":"https:\/\/neue-herbold.com\/datenschutz\/"},"modified":"2019-09-17T21:39:56","modified_gmt":"2019-09-17T19:39:56","slug":"politique-de-confidentialite","status":"publish","type":"page","link":"https:\/\/neue-herbold.com\/fr\/politique-de-confidentialite\/","title":{"rendered":"Politique de confidentialit\u00e9"},"content":{"rendered":"<div data-borlabs-cookie-wrap=\"inline\" class=\"left\">\n    <div data-borlabs-cookie>\n        <p class=\"borlabsCookieHeadline\">R\u00e9glage des cookies<\/p>\n        <div data-borlabs-selection>\n            <p class=\"borlabsCookieExplanation\">S'il vous pla\u00eet faire une s\u00e9lection. Pour plus d'informations sur l'impact de votre s\u00e9lection, voir ici<span data-borlabs-cookie-help-link>Aider<\/span>.<br><a href=\"https:\/\/neue-herbold.com\/fr\/politique-de-confidentialite\/\">Politique de confidentialit\u00e9<\/a><br><a href=\"https:\/\/neue-herbold.com\/fr\/empreinte\/\">empreinte<\/a><\/p>\n            <div data-borlabs-selection-list>\n                <ul>\n                    <li class=\"cookieOption1\"><label for=\"borlabsCookieInlineOptionAll\"><input id=\"borlabsCookieInlineOptionAll\" type=\"radio\" name=\"cookieOption\" value=\"all\">Autoriser tous les cookies<\/label><\/li>\n                                        <li class=\"cookieOption2\"><label for=\"borlabsCookieInlineOptionFirstParty\"><input id=\"borlabsCookieInlineOptionFirstParty\" type=\"radio\" name=\"cookieOption\" value=\"first-party\">Autoriser uniquement les cookies de Neue Herbold<\/label><\/li>\n                                        <li class=\"cookieOption3\"><label for=\"borlabsCookieInlineOptionRejectAll\"><input id=\"borlabsCookieInlineOptionRejectAll\" type=\"radio\" name=\"cookieOption\" value=\"reject-all\">Autoriser uniquement les cookies n\u00e9cessaires sur le plan technique<\/label><\/li>\n                                    <\/ul>\n                <div data-borlabs-selection-success>\n                    <p class=\"borlabsCookieSuccess\">Votre s\u00e9lection a \u00e9t\u00e9 enregistr\u00e9e!<\/p>\n                <\/div>\n            <\/div>\n            <p class=\"borlabsCookieText\" data-borlabs-cookie-help-link>Aider<\/p>\n        <\/div>\n        <div data-borlabs-help>\n            <p class=\"borlabsCookieSubHeadline\">Aider<\/p>\n            <p>Pour continuer, vous devez s\u00e9lectionner un cookie. Vous trouverez ci-dessous une explication des diff\u00e9rentes options et de leur signification.<\/p>\n            <ul>\n                <li><span>Autoriser tous les cookies<\/span>:<br>Cette option vous permet de d\u00e9finir tous les cookies, y compris les cookies tiers tels que YouTube. Les cookies tiers peuvent inclure des cookies de suivi et d'analyse de ces fournisseurs sur lesquels nous n'avons aucun contr\u00f4le.<\/li>\n                                <li><span>Autoriser uniquement les cookies de Neue Herbold<\/span>:<br>Avec cette option, vous autorisez uniquement les cookies de notre propre site Web. Avec ces cookies, le site Web garde en m\u00e9moire la langue d'affichage que vous avez choisie et les choix effectu\u00e9s lors de la s\u00e9lection des cookies, de sorte que vous ne serez plus interrog\u00e9 \u00e0 chaque fois que vous visiterez une page.<\/li>\n                                <li><span>Autoriser uniquement les cookies n\u00e9cessaires sur le plan technique<\/span>:<br>Avec cette option, vous autorisez uniquement les cookies techniquement n\u00e9cessaires. Tout d\u2019abord, il s\u2019agit d\u2019un cookie qui permet \u00e0 notre site de conna\u00eetre les choix que vous avez effectu\u00e9s. Le cookie lui-m\u00eame ne stocke aucune donn\u00e9e personnelle, mais uniquement la s\u00e9lection effectu\u00e9e par vous, de sorte que vous ne serez plus interrog\u00e9 \u00e0 chaque demande de page.<\/li>\n                            <\/ul>\n            <p>Vous pouvez modifier votre configuration de cookie ici \u00e0 tout moment: <a href=\"https:\/\/neue-herbold.com\/fr\/politique-de-confidentialite\/\">Politique de confidentialit\u00e9<\/a>. <a href=\"https:\/\/neue-herbold.com\/fr\/empreinte\/\">empreinte<\/a><\/p>\n            <p class=\"borlabsCookieText\" data-borlabs-cookie-help-link>Retour<\/p>\n        <\/div>\n    <\/div>\n<\/div>\n<hr \/>\n<h3><strong> 1. La<\/strong><strong> protection<\/strong><strong> de la<\/strong><strong> vie priv\u00e9e<\/strong><strong> en<\/strong><strong> un<\/strong><strong> coup d&rsquo;\u0153il<\/strong><\/h3>\n<p><strong>Informations g\u00e9n\u00e9rales<\/strong><\/p>\n<p>Les notes suivantes donnent un aper\u00e7u simple de ce qui arrive \u00e0 vos informations personnelles lorsque vous visitez notre site Web. Les donn\u00e9es personnelles sont toutes les donn\u00e9es qui vous identifient personnellement. Des informations d\u00e9taill\u00e9es sur le sujet de la protection des donn\u00e9es peuvent \u00eatre trouv\u00e9es dans notre politique de confidentialit\u00e9 list\u00e9e sous ce texte.<\/p>\n<p><strong>Collecte de donn\u00e9es sur notre site Web<\/strong><\/p>\n<p><strong>Qui est responsable de la collecte de donn\u00e9es sur ce site?<\/strong><\/p>\n<p>Le traitement des donn\u00e9es sur ce site est effectu\u00e9 par l&rsquo;op\u00e9rateur du site. Ses coordonn\u00e9es peuvent \u00eatre trouv\u00e9es dans l&#8217;empreinte de ce site.<\/p>\n<p><strong>Comment recueillons-nous vos donn\u00e9es?<\/strong><\/p>\n<p>Vos donn\u00e9es seront recueillies d&rsquo;une part, que vous nous dites. Cela peut \u00eatre par exemple pour \u00e9changer des donn\u00e9es que vous entrez dans un formulaire de contact.<\/p>\n<p>D&rsquo;autres donn\u00e9es sont collect\u00e9es automatiquement lors de la visite du site via nos syst\u00e8mes informatiques. Ce sont avant tout des donn\u00e9es techniques (par exemple navigateur Internet, syst\u00e8me d&rsquo;exploitation ou heure de la demande de page). La collecte de ces donn\u00e9es est automatique d\u00e8s que vous entrez sur notre site.<\/p>\n<p><strong>Pour quoi utilisons-nous vos donn\u00e9es?<\/strong><\/p>\n<p>Une partie des donn\u00e9es est collect\u00e9e pour assurer une mise \u00e0 disposition parfaite du site. D&rsquo;autres donn\u00e9es peuvent \u00eatre utilis\u00e9es pour analyser votre comportement d&rsquo;utilisateur.<\/p>\n<div class=\"text-wrap tlid-copy-target\">\n<h3 class=\"result-shield-container tlid-copy-target\" tabindex=\"0\"><span class=\"tlid-translation translation\" lang=\"fr\"><span class=\"\" title=\"\">Quels droits avez-vous sur vos donn\u00e9es?<\/span><\/span><\/h3>\n<div class=\"result-shield-container tlid-copy-target\" tabindex=\"0\"><span class=\"tlid-translation translation\" lang=\"fr\"><span class=\"\" title=\"\">\u00c0 tout moment, vous avez le droit d&rsquo;obtenir des informations gratuites sur l&rsquo;origine, le destinataire et le but de vos donn\u00e9es personnelles stock\u00e9es.<\/span> <span title=\"\">Vous avez \u00e9galement le droit de demander la correction ou la suppression de ces donn\u00e9es.<\/span> <span title=\"\">Pour cela ainsi que pour d&rsquo;autres questions concernant la protection des donn\u00e9es, vous pouvez nous contacter \u00e0 tout moment \u00e0 l&rsquo;adresse indiqu\u00e9e dans l&#8217;empreinte.<\/span> <span title=\"\">De plus, vous avez le droit de faire appel aupr\u00e8s de l&rsquo;autorit\u00e9 de contr\u00f4le comp\u00e9tente.<\/span><\/p>\n<p><span title=\"\">En outre, vous avez le droit de demander la limitation du traitement de vos donn\u00e9es personnelles dans certaines circonstances.<\/span> <span title=\"\">Des d\u00e9tails peuvent \u00eatre trouv\u00e9s dans la politique de confidentialit\u00e9 sous &laquo;&nbsp;Droit \u00e0 la restriction du traitement&nbsp;&raquo;.<\/span><\/span><\/div>\n<\/div>\n<p><strong>Outils d&rsquo;analyse et outils tiers<\/strong><\/p>\n<p>Lorsque vous visitez notre site Web, votre comportement de navigation peut \u00eatre \u00e9valu\u00e9 statistiquement. Cela se produit principalement avec des cookies et avec des programmes dits d&rsquo;analyse. L&rsquo;analyse de votre comportement de navigation est g\u00e9n\u00e9ralement anonyme; le comportement de surf ne peut pas \u00eatre retrac\u00e9 \u00e0 vous. Vous pouvez vous opposer \u00e0 cette analyse ou l&#8217;emp\u00eacher en n&rsquo;utilisant pas certains outils. Des informations d\u00e9taill\u00e9es peuvent \u00eatre trouv\u00e9es dans la politique de confidentialit\u00e9 suivante.<\/p>\n<p>Vous pouvez vous opposer \u00e0 cette analyse. Nous vous informerons des possibilit\u00e9s d&rsquo;objection dans cette politique de confidentialit\u00e9.<\/p>\n<h3><strong> 2. Informations g\u00e9n\u00e9rales et informations obligatoires<\/strong><\/h3>\n<p><strong>Politique de confidentialit\u00e9<\/strong><\/p>\n<p>Les op\u00e9rateurs de ces pages prennent tr\u00e8s au s\u00e9rieux la protection de vos donn\u00e9es personnelles. Nous traitons vos donn\u00e9es personnelles de mani\u00e8re confidentielle et conform\u00e9ment \u00e0 la r\u00e9glementation sur la protection des donn\u00e9es et \u00e0 la pr\u00e9sente politique de confidentialit\u00e9.<\/p>\n<p>Si vous utilisez ce site, diverses donn\u00e9es personnelles seront collect\u00e9es. Les informations personnelles sont des informations qui vous identifient personnellement. Cette politique de confidentialit\u00e9 explique quelles informations nous collectons et pour quoi nous les utilisons. Il explique \u00e9galement comment et dans quel but cela se produit.<\/p>\n<p>Veuillez noter que la transmission de donn\u00e9es sur Internet (par exemple de la communication par e-mail) peut pr\u00e9senter des failles de s\u00e9curit\u00e9. Une protection compl\u00e8te des donn\u00e9es contre l&rsquo;acc\u00e8s par des tiers n&rsquo;est pas possible.<\/p>\n<p><strong>Note \u00e0 l&rsquo;organisme responsable<\/strong><\/p>\n<p>L&rsquo;unit\u00e9 de traitement des donn\u00e9es responsable sur ce site est:<\/p>\n<p class=\"mcntMsoNormal\"><strong>dacuro GmbH<\/strong><br \/>\nHeidelberger Str. 70b<br \/>\n69190 Walldorf<\/p>\n<p class=\"mcntMsoNormal\">Contacter: <a class=\"mailto\" title=\"E-Mail an datenschutz@neue-herbold.de senden\" href=\"mailto:datenschutz@neue-herbold.de\" target=\"_blank\" rel=\"noopener\"> datenschutz@neue-herbold.de<\/a><\/p>\n<p>L&rsquo;entit\u00e9 responsable est la personne physique ou morale qui, seule ou de concert avec d&rsquo;autres, d\u00e9cide des finalit\u00e9s et des modalit\u00e9s du traitement des donn\u00e9es personnelles (par exemple les noms, adresses e-mail, etc.).<\/p>\n<p><strong>R\u00e9vocation de votre consentement au traitement des donn\u00e9es<\/strong><\/p>\n<p>Nombreuses op\u00e9rations de traitement de donn\u00e9es ne sont possibles qu&rsquo;avec votre consentement expr\u00e8s. Vous pouvez r\u00e9voquer un consentement existant \u00e0 tout moment. Un message informel par e-mail est suffisant. La l\u00e9galit\u00e9 du traitement des donn\u00e9es effectu\u00e9 jusqu&rsquo;\u00e0 la r\u00e9vocation n&rsquo;est pas affect\u00e9e par la r\u00e9vocation.<\/p>\n<p><strong>Droit de recours aupr\u00e8s de l&rsquo;autorit\u00e9 de surveillance comp\u00e9tente<\/strong><\/p>\n<p>En cas de violation de la loi sur la protection des donn\u00e9es, l&rsquo;int\u00e9ress\u00e9 a le droit de faire appel aupr\u00e8s de l&rsquo;autorit\u00e9 de surveillance comp\u00e9tente. L&rsquo;autorit\u00e9 de surveillance comp\u00e9tente pour les questions de protection des donn\u00e9es est l&rsquo;agent de protection des donn\u00e9es de l&rsquo;\u00c9tat f\u00e9d\u00e9ral dans lequel notre soci\u00e9t\u00e9 est bas\u00e9e. Une liste d&rsquo;agents de protection des donn\u00e9es ainsi que leurs coordonn\u00e9es peuvent \u00eatre fournies<\/p>\n<p>lien suivant: <a href=\"https:\/\/www.bfdi.bund.de\/DE\/Infothek\/Anschriften_Links\/anschriften_links-node.html\" target=\"_blank\" rel=\"noopener\">https:\/\/www.bfdi.bund.de\/DE\/Infothek\/Anschriften_Links\/anschriften_links-node.html<\/a>.<\/p>\n<p><strong>Droit \u00e0 la portabilit\u00e9 des donn\u00e9es<\/strong><\/p>\n<p>Vous avez le droit d&rsquo;avoir des donn\u00e9es que nous traitons sur la base de votre consentement ou en ex\u00e9cution d&rsquo;un contrat, en soi ou \u00e0 un tiers dans un format standard, lisible par machine. Si vous avez besoin du transfert direct des donn\u00e9es \u00e0 une autre personne responsable, cela ne sera fait que dans la mesure o\u00f9 cela est techniquement possible.<\/p>\n<p><strong>Cryptage SSL ou TLS<\/strong><\/p>\n<p>Ce site utilise, pour des raisons de s\u00e9curit\u00e9 et pour prot\u00e9ger la transmission de contenus confidentiels, tels que les commandes ou demandes que vous nous envoyez en tant qu&rsquo;op\u00e9rateur de site, un protocole SSL ou. le cryptage TLS. Vous pouvez reconna\u00eetre une connexion crypt\u00e9e en modifiant la ligne d&rsquo;adresse du navigateur de &laquo;&nbsp;http: \/\/&nbsp;&raquo; \u00e0 &laquo;&nbsp;https: \/\/&nbsp;&raquo; et le symbole de verrouillage dans la ligne de votre navigateur.<\/p>\n<p>Si le cryptage SSL ou TLS est activ\u00e9, les donn\u00e9es que vous nous envoyez ne peuvent pas \u00eatre lues par des tiers.<\/p>\n<p><strong>Information, blocage, suppression<\/strong><\/p>\n<p>Vous avez le droit d&rsquo;obtenir gratuitement des informations sur vos donn\u00e9es personnelles stock\u00e9es, leur origine et destinataire et le but du traitement des donn\u00e9es et, si n\u00e9cessaire, un droit de rectification, de blocage ou de suppression de ces donn\u00e9es. Pour plus d&rsquo;informations sur les donn\u00e9es personnelles, vous pouvez nous contacter \u00e0 tout moment \u00e0 l&rsquo;adresse indiqu\u00e9e dans l&#8217;empreinte.<\/p>\n<p><strong>Contradiction avec les mails publicitaires<\/strong><\/p>\n<p>L&rsquo;utilisation des informations publi\u00e9es dans le contexte de l&rsquo;obligation de contact pour l&rsquo;envoi d&rsquo;informations non sollicit\u00e9es et de mat\u00e9riel d&rsquo;information est rejet\u00e9e. Les exploitants des pages se r\u00e9servent express\u00e9ment le droit d&rsquo;intenter une action en justice en cas d&rsquo;envoi non sollicit\u00e9 d&rsquo;informations publicitaires, par exemple via des spams.<\/p>\n<h3><strong> 3. Collecte de donn\u00e9es sur notre site Web<\/strong><\/h3>\n<p><strong>Cookies<\/strong><\/p>\n<p>Les pages Internet utilisent en partie des cookies. Les cookies ne nuisent pas \u00e0 votre ordinateur et ne contiennent pas de virus. Les cookies servent \u00e0 rendre notre offre plus conviviale, efficace et s\u00e9curis\u00e9e. Les cookies sont de petits fichiers texte stock\u00e9s sur votre ordinateur et stock\u00e9s par votre navigateur.<\/p>\n<p>La plupart des cookies que nous utilisons sont des &laquo;&nbsp;cookies de session&nbsp;&raquo;. Ils seront supprim\u00e9s automatiquement \u00e0 la fin de votre visite. D&rsquo;autres cookies restent sur votre Terminal stock\u00e9 jusqu&rsquo;\u00e0 ce que vous les supprimiez. Ces cookies nous permettent de reconna\u00eetre votre navigateur la prochaine fois que vous visitez.<\/p>\n<p>Vous pouvez configurer votre navigateur afin que vous \u00eates inform\u00e9 sur l&rsquo;utilisation des cookies et autoriser les cookies que sur un cas activer l&rsquo;acceptation des cookies pour certaines fonctions ou d&rsquo;exclure la suppression g\u00e9n\u00e9rale et automatique des cookies lorsque vous fermez le navigateur. La d\u00e9sactivation des cookies peut limiter la fonctionnalit\u00e9 de ce site Web.<\/p>\n<p>Les cookies n\u00e9cessaires pour effectuer le processus de communication \u00e9lectronique ou pour fournir certaines fonctions que vous souhaitez utiliser (par exemple, la fonction de panier d\u2018achat) sont trait\u00e9s sur la base de l&rsquo;article 6, paragraphe 1, lit. f DSGVO enregistr\u00e9. L&rsquo;exploitant du site Web a un int\u00e9r\u00eat l\u00e9gitime \u00e0 ce que les cookies soient stock\u00e9s pour la fourniture de services sans erreur et optimis\u00e9s sur le plan technique. Dans la mesure o\u00f9 d&rsquo;autres cookies (tels que des cookies pour analyser votre comportement de navigation) sont stock\u00e9s, ils seront trait\u00e9s s\u00e9par\u00e9ment dans cette politique de confidentialit\u00e9.<\/p>\n<p><strong>fichiers journaux de serveur<\/strong><\/p>\n<p>Le fournisseur des pages recueille et stocke automatiquement les informations dans les fichiers journaux du serveur, que votre navigateur nous transmet automatiquement. Ce sont:<\/p>\n<ul>\n<li>Type de navigateur et version du navigateur<\/li>\n<li>syst\u00e8me d&rsquo;exploitation utilis\u00e9<\/li>\n<li>URL de r\u00e9f\u00e9rence<\/li>\n<li>Nom d&rsquo;h\u00f4te de l&rsquo;ordinateur acc\u00e9dant<\/li>\n<li>Heure de la requ\u00eate du serveur<\/li>\n<li>Adresse IP<\/li>\n<\/ul>\n<p>Une fusion de ces donn\u00e9es avec d&rsquo;autres sources de donn\u00e9es ne sera pas effectu\u00e9e.<\/p>\n<p>La base du traitement des donn\u00e9es est l&rsquo;article 6, paragraphe 1, lit. f DSGVO, qui permet le traitement des donn\u00e9es pour l&rsquo;ex\u00e9cution d&rsquo;un contrat ou des mesures pr\u00e9contractuelles.<\/p>\n<p><strong>Formulaire de contact<\/strong><\/p>\n<p>Si vous nous envoyez des demandes via le formulaire de contact, vos coordonn\u00e9es du formulaire de demande, y compris les coordonn\u00e9es que vous nous avez fournies, seront stock\u00e9es afin de traiter la demande et en cas de questions de suivi. Nous ne partagerons pas cette information sans votre consentement.<\/p>\n<p>Le traitement des donn\u00e9es saisies dans le formulaire de contact est donc exclusivement bas\u00e9 sur votre consentement (article 6, paragraphe 1, a DSGVO). Vous pouvez r\u00e9voquer ce consentement \u00e0 tout moment. Un message informel par e-mail est suffisant. La l\u00e9galit\u00e9 des traitements de donn\u00e9es effectu\u00e9s jusqu&rsquo;\u00e0 la r\u00e9vocation n&rsquo;est pas affect\u00e9e par la r\u00e9vocation.<\/p>\n<p>Les informations que vous fournissez dans le formulaire de contact resteront avec nous jusqu&rsquo;\u00e0 ce que vous nous demandiez de le supprimer, de r\u00e9voquer votre consentement au stockage ou de supprimer le but du stockage des donn\u00e9es (par exemple, apr\u00e8s le traitement de votre demande). Les dispositions l\u00e9gales obligatoires &#8211; en particulier les p\u00e9riodes de conservation &#8211; restent inchang\u00e9es.<\/p>\n<h3><strong> 4. Plugins et outils<\/strong><\/h3>\n<p><strong>YouTube<\/strong><\/p>\n<p>Notre site utilise des plugins de la page YouTube aliment\u00e9e par Google. L&rsquo;op\u00e9rateur du site est Google Ireland Limited (\u201eGoogle\u201c), Gordon House, Barrow Street, Dublin 4, Irland.<\/p>\n<p>Lorsque vous visitez l&rsquo;un de nos sites compatibles YouTube, vous \u00eates connect\u00e9 aux serveurs de YouTube. Il indique au serveur YouTube quelles pages vous avez visit\u00e9es.<\/p>\n<p>Si vous \u00eates connect\u00e9 \u00e0 votre compte YouTube, vous autorisez YouTube \u00e0 la carte de vos habitudes de surf directement votre profil personnel. Vous pouvez emp\u00eacher cela en vous d\u00e9connectant de votre compte YouTube.<\/p>\n<p>L&rsquo;utilisation de YouTube est dans l&rsquo;int\u00e9r\u00eat d&rsquo;une pr\u00e9sentation attrayante de nos offres en ligne. Ceci constitue un int\u00e9r\u00eat l\u00e9gitime au sens de l&rsquo;article 6, paragraphe 1, lit. f DSGVO.<\/p>\n<p>Pour plus d&rsquo;informations sur l&rsquo;utilisation des donn\u00e9es utilisateur vous pouvez trouve sous la Politique de confidentialit\u00e9 YouTube: https:\/\/www.google.de\/intl\/de\/policies\/privacy.<\/p>\n","protected":false},"excerpt":{"rendered":"<p><strong> 1. La<\/strong><strong> protection<\/strong><strong> de la<\/strong><strong> vie priv\u00e9e<\/strong><strong> en<\/strong><strong> un<\/strong><strong> coup d&rsquo;\u0153il<\/strong><\/p>\n<p><strong>Informations g\u00e9n\u00e9rales<\/strong><\/p>\n<p>Les notes suivantes donnent un aper\u00e7u simple de ce qui arrive \u00e0 vos informations personnelles lorsque vous visitez notre site Web.<\/p>\n<p><span class=\"ellipsis\">&hellip;<\/span><\/p>\n<div class=\"read-more\"><a href=\"https:\/\/neue-herbold.com\/fr\/politique-de-confidentialite\/\">Lire la suite &#8250;<\/a><\/div>\n<p><!-- end of .read-more --><\/p>\n","protected":false},"author":1,"featured_media":0,"parent":0,"menu_order":0,"comment_status":"closed","ping_status":"closed","template":"full-width-page.php","meta":{"footnotes":""},"class_list":["post-11824","page","type-page","status-publish","hentry"],"yoast_head":"<!-- This site is optimized with the Yoast SEO plugin v25.4 - https:\/\/yoast.com\/wordpress\/plugins\/seo\/ -->\n<title>Politique de confidentialit\u00e9 - Neue Herbold GmbH<\/title>\n<meta name=\"robots\" content=\"index, follow, max-snippet:-1, max-image-preview:large, max-video-preview:-1\" \/>\n<link rel=\"canonical\" href=\"https:\/\/neue-herbold.com\/fr\/politique-de-confidentialite\/\" \/>\n<meta property=\"og:locale\" content=\"fr_FR\" \/>\n<meta property=\"og:type\" content=\"article\" \/>\n<meta property=\"og:title\" content=\"Politique de confidentialit\u00e9 - Neue Herbold GmbH\" \/>\n<meta property=\"og:description\" content=\"1. La protection de la vie priv\u00e9e en un coup d&rsquo;\u0153il Informations g\u00e9n\u00e9rales Les notes suivantes donnent un aper\u00e7u simple de ce qui arrive \u00e0 vos informations personnelles lorsque vous visitez notre site Web.&hellip;Lire la suite &#8250;\" \/>\n<meta property=\"og:url\" content=\"https:\/\/neue-herbold.com\/fr\/politique-de-confidentialite\/\" \/>\n<meta property=\"og:site_name\" content=\"Neue Herbold GmbH\" \/>\n<meta property=\"article:modified_time\" content=\"2019-09-17T19:39:56+00:00\" \/>\n<meta name=\"twitter:label1\" content=\"Dur\u00e9e de lecture estim\u00e9e\" \/>\n\t<meta name=\"twitter:data1\" content=\"9 minutes\" \/>\n<script type=\"application\/ld+json\" class=\"yoast-schema-graph\">{\"@context\":\"https:\/\/schema.org\",\"@graph\":[{\"@type\":\"WebPage\",\"@id\":\"https:\/\/neue-herbold.com\/fr\/politique-de-confidentialite\/\",\"url\":\"https:\/\/neue-herbold.com\/fr\/politique-de-confidentialite\/\",\"name\":\"Politique de confidentialit\u00e9 - Neue Herbold GmbH\",\"isPartOf\":{\"@id\":\"https:\/\/neue-herbold.com\/en\/#website\"},\"datePublished\":\"2015-05-20T22:23:04+00:00\",\"dateModified\":\"2019-09-17T19:39:56+00:00\",\"breadcrumb\":{\"@id\":\"https:\/\/neue-herbold.com\/fr\/politique-de-confidentialite\/#breadcrumb\"},\"inLanguage\":\"fr-FR\",\"potentialAction\":[{\"@type\":\"ReadAction\",\"target\":[\"https:\/\/neue-herbold.com\/fr\/politique-de-confidentialite\/\"]}]},{\"@type\":\"BreadcrumbList\",\"@id\":\"https:\/\/neue-herbold.com\/fr\/politique-de-confidentialite\/#breadcrumb\",\"itemListElement\":[{\"@type\":\"ListItem\",\"position\":1,\"name\":\"Startseite\",\"item\":\"https:\/\/neue-herbold.com\/fr\/\"},{\"@type\":\"ListItem\",\"position\":2,\"name\":\"Politique de confidentialit\u00e9\"}]},{\"@type\":\"WebSite\",\"@id\":\"https:\/\/neue-herbold.com\/en\/#website\",\"url\":\"https:\/\/neue-herbold.com\/en\/\",\"name\":\"Neue Herbold GmbH\",\"description\":\"\",\"potentialAction\":[{\"@type\":\"SearchAction\",\"target\":{\"@type\":\"EntryPoint\",\"urlTemplate\":\"https:\/\/neue-herbold.com\/en\/?s={search_term_string}\"},\"query-input\":{\"@type\":\"PropertyValueSpecification\",\"valueRequired\":true,\"valueName\":\"search_term_string\"}}],\"inLanguage\":\"fr-FR\"}]}<\/script>\n<!-- \/ Yoast SEO plugin. -->","yoast_head_json":{"title":"Politique de confidentialit\u00e9 - Neue Herbold GmbH","robots":{"index":"index","follow":"follow","max-snippet":"max-snippet:-1","max-image-preview":"max-image-preview:large","max-video-preview":"max-video-preview:-1"},"canonical":"https:\/\/neue-herbold.com\/fr\/politique-de-confidentialite\/","og_locale":"fr_FR","og_type":"article","og_title":"Politique de confidentialit\u00e9 - Neue Herbold GmbH","og_description":"1. La protection de la vie priv\u00e9e en un coup d&rsquo;\u0153il Informations g\u00e9n\u00e9rales Les notes suivantes donnent un aper\u00e7u simple de ce qui arrive \u00e0 vos informations personnelles lorsque vous visitez notre site Web.&hellip;Lire la suite &#8250;","og_url":"https:\/\/neue-herbold.com\/fr\/politique-de-confidentialite\/","og_site_name":"Neue Herbold GmbH","article_modified_time":"2019-09-17T19:39:56+00:00","twitter_misc":{"Dur\u00e9e de lecture estim\u00e9e":"9 minutes"},"schema":{"@context":"https:\/\/schema.org","@graph":[{"@type":"WebPage","@id":"https:\/\/neue-herbold.com\/fr\/politique-de-confidentialite\/","url":"https:\/\/neue-herbold.com\/fr\/politique-de-confidentialite\/","name":"Politique de confidentialit\u00e9 - Neue Herbold GmbH","isPartOf":{"@id":"https:\/\/neue-herbold.com\/en\/#website"},"datePublished":"2015-05-20T22:23:04+00:00","dateModified":"2019-09-17T19:39:56+00:00","breadcrumb":{"@id":"https:\/\/neue-herbold.com\/fr\/politique-de-confidentialite\/#breadcrumb"},"inLanguage":"fr-FR","potentialAction":[{"@type":"ReadAction","target":["https:\/\/neue-herbold.com\/fr\/politique-de-confidentialite\/"]}]},{"@type":"BreadcrumbList","@id":"https:\/\/neue-herbold.com\/fr\/politique-de-confidentialite\/#breadcrumb","itemListElement":[{"@type":"ListItem","position":1,"name":"Startseite","item":"https:\/\/neue-herbold.com\/fr\/"},{"@type":"ListItem","position":2,"name":"Politique de confidentialit\u00e9"}]},{"@type":"WebSite","@id":"https:\/\/neue-herbold.com\/en\/#website","url":"https:\/\/neue-herbold.com\/en\/","name":"Neue Herbold GmbH","description":"","potentialAction":[{"@type":"SearchAction","target":{"@type":"EntryPoint","urlTemplate":"https:\/\/neue-herbold.com\/en\/?s={search_term_string}"},"query-input":{"@type":"PropertyValueSpecification","valueRequired":true,"valueName":"search_term_string"}}],"inLanguage":"fr-FR"}]}},"_links":{"self":[{"href":"https:\/\/neue-herbold.com\/fr\/wp-json\/wp\/v2\/pages\/11824"}],"collection":[{"href":"https:\/\/neue-herbold.com\/fr\/wp-json\/wp\/v2\/pages"}],"about":[{"href":"https:\/\/neue-herbold.com\/fr\/wp-json\/wp\/v2\/types\/page"}],"author":[{"embeddable":true,"href":"https:\/\/neue-herbold.com\/fr\/wp-json\/wp\/v2\/users\/1"}],"replies":[{"embeddable":true,"href":"https:\/\/neue-herbold.com\/fr\/wp-json\/wp\/v2\/comments?post=11824"}],"version-history":[{"count":14,"href":"https:\/\/neue-herbold.com\/fr\/wp-json\/wp\/v2\/pages\/11824\/revisions"}],"predecessor-version":[{"id":15525,"href":"https:\/\/neue-herbold.com\/fr\/wp-json\/wp\/v2\/pages\/11824\/revisions\/15525"}],"wp:attachment":[{"href":"https:\/\/neue-herbold.com\/fr\/wp-json\/wp\/v2\/media?parent=11824"}],"curies":[{"name":"wp","href":"https:\/\/api.w.org\/{rel}","templated":true}]}}