{"id":9965,"date":"2016-06-23T13:44:21","date_gmt":"2016-06-23T11:44:21","guid":{"rendered":"https:\/\/neue-herbold.com\/es\/rohrmuehlen-und-profilmuehlen-sr\/"},"modified":"2017-05-02T20:02:21","modified_gmt":"2017-05-02T18:02:21","slug":"trituradores-para-cortar-tubos-y-perfiles","status":"publish","type":"page","link":"https:\/\/neue-herbold.com\/es\/trituradores-para-cortar-tubos-y-perfiles\/","title":{"rendered":"Trituradores para cortar tubos y perfiles SR"},"content":{"rendered":"<p><a href=\"https:\/\/neue-herbold.com\/wp-content\/uploads\/2014\/11\/SR800_600A4_2_98IVF.jpg\" target=\"_blank\" rel=\"noopener noreferrer\"><img loading=\"lazy\" decoding=\"async\" class=\"alignright wp-image-2943\" src=\"https:\/\/neue-herbold.com\/wp-content\/uploads\/2014\/11\/SR800_600A4_2_98IVF-1024x654.jpg\" alt=\"Trituradores para cortar tubos y perfiles SR SR 800\/600\" width=\"517\" height=\"329\" srcset=\"https:\/\/neue-herbold.com\/wp-content\/uploads\/2014\/11\/SR800_600A4_2_98IVF-1024x654.jpg 1024w, https:\/\/neue-herbold.com\/wp-content\/uploads\/2014\/11\/SR800_600A4_2_98IVF-300x191.jpg 300w, https:\/\/neue-herbold.com\/wp-content\/uploads\/2014\/11\/SR800_600A4_2_98IVF-100x63.jpg 100w, https:\/\/neue-herbold.com\/wp-content\/uploads\/2014\/11\/SR800_600A4_2_98IVF-150x95.jpg 150w, https:\/\/neue-herbold.com\/wp-content\/uploads\/2014\/11\/SR800_600A4_2_98IVF-200x127.jpg 200w, https:\/\/neue-herbold.com\/wp-content\/uploads\/2014\/11\/SR800_600A4_2_98IVF-450x287.jpg 450w, https:\/\/neue-herbold.com\/wp-content\/uploads\/2014\/11\/SR800_600A4_2_98IVF-600x383.jpg 600w, https:\/\/neue-herbold.com\/wp-content\/uploads\/2014\/11\/SR800_600A4_2_98IVF-900x575.jpg 900w, https:\/\/neue-herbold.com\/wp-content\/uploads\/2014\/11\/SR800_600A4_2_98IVF.jpg 1419w\" sizes=\"(max-width: 517px) 100vw, 517px\" \/><\/a><b><i>Campo de empleo<\/i><\/b><br \/>\n Trituradores cortantes de las series SR de <b>NEUE HERBOLD<\/b> posibilitan la trituraci\u00f3n de tubos y perfiles largos. Los molinos cortantes son cargados horizontalmente sin previo del material.<\/p>\n<div>\n<p>El molino cortante del tipo SR est\u00e1 proyectado para esfuerzos m\u00e1s adversos, para rendimientos m\u00e1ximos de paso as\u00ed como para exigencias de seguridad m\u00e1ximamente posibles de un servicio de reciclaje moderno.<\/p>\n<\/div>\n<div>\n<h4><b><i>T\u00e9cnica: Trituradores para cortar tubos y perfiles SR<\/i><\/b><\/h4>\n<p>Molinos cortantes de las series SR de<b> NEUE HERBOLD<\/b> est\u00e1n equipados con \u201cgeometr\u00eda de doble corte inclinado\u201d. En la caja de molino, las cuchillas inclinadas rotativas trabajan contra cuchillas fijas inclinadas.<\/p>\n<p>Esta geometr\u00eda de corte posibilita una precisa ranura de corte sobre la longitud total de trabajo y cuida de un corte extremamente econ\u00f3mico con un nivel de ruido reducido. Las cuchillas de rotor y las cuchillas fijas se ajustan fuera de la m\u00e1quina en una galga.<\/p>\n<\/div>\n<p><a href=\"https:\/\/neue-herbold.com\/wp-content\/uploads\/2014\/11\/SR800_600A4_2_98IIF.jpg\" target=\"_blank\" rel=\"noopener noreferrer\"><img loading=\"lazy\" decoding=\"async\" class=\"wp-image-2945 alignleft\" src=\"https:\/\/neue-herbold.com\/wp-content\/uploads\/2014\/11\/SR800_600A4_2_98IIF.jpg\" alt=\"\" width=\"205\" height=\"262\" srcset=\"https:\/\/neue-herbold.com\/wp-content\/uploads\/2014\/11\/SR800_600A4_2_98IIF.jpg 708w, https:\/\/neue-herbold.com\/wp-content\/uploads\/2014\/11\/SR800_600A4_2_98IIF-234x300.jpg 234w, https:\/\/neue-herbold.com\/wp-content\/uploads\/2014\/11\/SR800_600A4_2_98IIF-100x128.jpg 100w, https:\/\/neue-herbold.com\/wp-content\/uploads\/2014\/11\/SR800_600A4_2_98IIF-150x192.jpg 150w, https:\/\/neue-herbold.com\/wp-content\/uploads\/2014\/11\/SR800_600A4_2_98IIF-200x256.jpg 200w, https:\/\/neue-herbold.com\/wp-content\/uploads\/2014\/11\/SR800_600A4_2_98IIF-300x384.jpg 300w, https:\/\/neue-herbold.com\/wp-content\/uploads\/2014\/11\/SR800_600A4_2_98IIF-450x576.jpg 450w, https:\/\/neue-herbold.com\/wp-content\/uploads\/2014\/11\/SR800_600A4_2_98IIF-600x768.jpg 600w\" sizes=\"(max-width: 205px) 100vw, 205px\" \/><\/a>El \u00e1rbol de rotor est\u00e1 apoyado en el exterior, separado de la c\u00e1mara demolino. As\u00ed se garantiza una no contaminaci\u00f3n del material de triturar. La soldada caja de molino, estando segura contra rotura, resiste a esfuerzos extremamente altos.<\/p>\n<p>La serie SR est\u00e1 equipada con una cubeta de alimentaci\u00f3n sirviendo como almac\u00e9n de materiales. En la misma, un carro de avance, controlado en dependencia de la carga, conduce el material autom\u00e1ticamente al molino cortante. El sistema cerrado impide, en cada fase del proceso de moler, que el material salte hacia fuera.<\/p>\n<div>\n<p><b>Alimentaci\u00f3n del material a elecci\u00f3n con<\/b> tolva basculante o con pozo de alimentaci\u00f3n de materiales.<\/p>\n<h4><b>Ventajas: Trituradores para cortar tubos y perfiles SR<br \/>\n <\/b><\/h4>\n<\/div>\n<div>\n<ul>\n<li class=\"Normal\">esfuerzo m\u00e1s adverso<\/li>\n<li class=\"Normal\">trituraci\u00f3n que ahorra energ\u00eda<\/li>\n<li class=\"Normal\">bajo nivel de ruido por doble corte inclinado<\/li>\n<li class=\"Normal\">rendimiento de paso m\u00e1s alto<\/li>\n<li class=\"Normal\">m\u00ednimos tiempos de parada al cambio de cuchillas por ajuste previo de cuchillas<\/li>\n<\/ul>\n<blockquote>\n<p>La <a href=\"https:\/\/neue-herbold.com\/es\/trituradores-para-cortar-perfiles\/\">LP-serie<\/a> se utiliza por la trituraci\u00f3n de perfiles en PVC<\/p>\n<\/blockquote>\n<hr \/>\n<\/div>\n<p style=\"text-align: left;\"><span style=\"color: #000000;\"><a href=\"https:\/\/neue-herbold.com\/wp-content\/uploads\/2014\/11\/mb_07.gif\" target=\"_blank\" rel=\"noopener noreferrer\"><img loading=\"lazy\" decoding=\"async\" class=\"alignleft wp-image-2169\" src=\"https:\/\/neue-herbold.com\/wp-content\/uploads\/2014\/11\/mb_07.gif\" alt=\"\" width=\"347\" height=\"245\" \/><\/a><\/span><\/p>\n<p style=\"text-align: left;\">\u00a0<\/p>\n<p style=\"text-align: left;\">\u00a0<\/p>\n<div>\n<p><b>A <\/b>\u2013 molino cortante<br \/>\n <b>B <\/b>\u2013 cierre de material<br \/>\n <b>C <\/b>\u2013 reenv\u00edo de cable<br \/>\n <b>D\/E<\/b> \u2013 pozos de alimentaci\u00f3n de materiales<br \/>\n <b>F<\/b> \u2013 pozo para corredera de material <br \/>\n <b>H<\/b> \u2013 estaci\u00f3n de accionamiento por cable<\/p>\n<\/div>\n<hr \/>\n<p style=\"text-align: left;\">\u00a0<\/p>\n<p style=\"text-align: left;\"><strong>Video:<\/strong><\/p>\n<div id=\"bcJGYC8ADf\" data-borlabs-cookie-blocked-content><div class=\"borlabs-cookie-bct bc-bct-video bc-bct-youtube\"> <p class=\"bc-thumbnail\"><img src=\"https:\/\/neue-herbold.com\/wp-content\/plugins\/borlabs-cookie\/images\/bct-no-thumbnail.png\" alt=\"YouTube\"><\/p> <div class=\"bc-text\"> <p>Para proteger sus datos personales, se ha bloqueado su conexi\u00f3n a YouTube. <br> Haga clic en <strong> Cargar video <\/strong> para desbloquear YouTube. <br> Al cargar el video, acepta la pol\u00edtica de privacidad de YouTube. <br> Puede encontrar m\u00e1s informaci\u00f3n sobre la pol\u00edtica de privacidad de YouTube aqu\u00ed. <a href=\"https:\/\/policies.google.com\/privacy?hl=es&gl=es\" target=\"_blank\" rel=\"nofollow\">Google - Declaraci\u00f3n de privacidad<\/a><\/p> <p><label><input type=\"checkbox\" name=\"unblockAll\" value=\"1\" > No bloquees m\u00e1s videos de YouTube en el futuro.<\/label> <a role=\"button\" data-borlabs-cookie-unblock>Cargar video<\/a><\/p> <\/div> <\/div><\/div>\n<p>&nbsp;<\/p>\n<table style=\"width: 189px;\">\n<tbody>\n<tr>\n<td style=\"text-align: center; width: 179px;\"><strong>Molinos para <br \/>\n cortar tubos<\/strong><\/td>\n<\/tr>\n<tr>\n<td style=\"text-align: left; width: 179px;\">Tipo SR 450\/600<\/td>\n<\/tr>\n<tr>\n<td style=\"text-align: left; width: 179px;\">Tipo SR 600\/600<\/td>\n<\/tr>\n<tr>\n<td style=\"text-align: left; width: 179px;\">Tipo SR 600\/800<\/td>\n<\/tr>\n<tr>\n<td style=\"text-align: left; width: 179px;\">Tipo SR 800\/600<\/td>\n<\/tr>\n<tr>\n<td style=\"text-align: left; width: 179px;\">Tipo SR 1200\/800<\/td>\n<\/tr>\n<tr>\n<td style=\"text-align: left; width: 179px;\">Tipo SR 1600\/1200<\/td>\n<\/tr>\n<tr>\n<td style=\"text-align: left; width: 179px;\">\u00a0<\/td>\n<\/tr>\n<tr>\n<td style=\"text-align: left; width: 179px;\">\u00a0<\/td>\n<\/tr>\n<\/tbody>\n<\/table>\n","protected":false},"excerpt":{"rendered":"<p><a href=\"https:\/\/neue-herbold.com\/wp-content\/uploads\/2014\/11\/SR800_600A4_2_98IVF.jpg\" target=\"_blank\" rel=\"noopener noreferrer\"><img loading=\"lazy\" decoding=\"async\" class=\"alignright wp-image-2943\" src=\"https:\/\/neue-herbold.com\/wp-content\/uploads\/2014\/11\/SR800_600A4_2_98IVF-1024x654.jpg\" alt=\"Trituradores para cortar tubos y perfiles SR SR 800\/600\" width=\"517\" height=\"329\" srcset=\"https:\/\/neue-herbold.com\/wp-content\/uploads\/2014\/11\/SR800_600A4_2_98IVF-1024x654.jpg 1024w, https:\/\/neue-herbold.com\/wp-content\/uploads\/2014\/11\/SR800_600A4_2_98IVF-300x191.jpg 300w, https:\/\/neue-herbold.com\/wp-content\/uploads\/2014\/11\/SR800_600A4_2_98IVF-100x63.jpg 100w, https:\/\/neue-herbold.com\/wp-content\/uploads\/2014\/11\/SR800_600A4_2_98IVF-150x95.jpg 150w, https:\/\/neue-herbold.com\/wp-content\/uploads\/2014\/11\/SR800_600A4_2_98IVF-200x127.jpg 200w, https:\/\/neue-herbold.com\/wp-content\/uploads\/2014\/11\/SR800_600A4_2_98IVF-450x287.jpg 450w, https:\/\/neue-herbold.com\/wp-content\/uploads\/2014\/11\/SR800_600A4_2_98IVF-600x383.jpg 600w, https:\/\/neue-herbold.com\/wp-content\/uploads\/2014\/11\/SR800_600A4_2_98IVF-900x575.jpg 900w, https:\/\/neue-herbold.com\/wp-content\/uploads\/2014\/11\/SR800_600A4_2_98IVF.jpg 1419w\" sizes=\"(max-width: 517px) 100vw, 517px\" \/><\/a><b><i>Campo de empleo<\/i><\/b><br \/>\n Trituradores cortantes de las series SR de <b>NEUE HERBOLD<\/b> posibilitan la trituraci\u00f3n de tubos y perfiles largos. Los molinos cortantes son cargados horizontalmente sin previo del material.<\/p>\n<p><span class=\"ellipsis\">&hellip;<\/span><\/p>\n<div class=\"read-more\"><a href=\"https:\/\/neue-herbold.com\/es\/trituradores-para-cortar-tubos-y-perfiles\/\">Leer m\u00e1s \u203a<\/a><\/div>\n<p><!-- end of .read-more --><\/p>\n","protected":false},"author":1,"featured_media":0,"parent":0,"menu_order":0,"comment_status":"closed","ping_status":"closed","template":"","meta":{"footnotes":""},"class_list":["post-9965","page","type-page","status-publish","hentry"],"yoast_head":"<!-- This site is optimized with the Yoast SEO plugin v25.4 - https:\/\/yoast.com\/wordpress\/plugins\/seo\/ -->\n<title>Trituradores para cortar tubos y perfiles SR - Neue Herbold GmbH<\/title>\n<meta name=\"description\" content=\"Trituradores para cortar tubos y perfiles SR. Molinos cortantes de las series SR de NEUE HERBOLD est\u00e1n equipados con \u201cgeometr\u00eda de doble corte inclinado\u201d.\" \/>\n<meta name=\"robots\" content=\"index, follow, max-snippet:-1, max-image-preview:large, max-video-preview:-1\" \/>\n<link rel=\"canonical\" href=\"https:\/\/neue-herbold.com\/es\/trituradores-para-cortar-tubos-y-perfiles\/\" \/>\n<meta property=\"og:locale\" content=\"es_ES\" \/>\n<meta property=\"og:type\" content=\"article\" \/>\n<meta property=\"og:title\" content=\"Trituradores para cortar tubos y perfiles SR - Neue Herbold GmbH\" \/>\n<meta property=\"og:description\" content=\"Trituradores para cortar tubos y perfiles SR. Molinos cortantes de las series SR de NEUE HERBOLD est\u00e1n equipados con \u201cgeometr\u00eda de doble corte inclinado\u201d.\" \/>\n<meta property=\"og:url\" content=\"https:\/\/neue-herbold.com\/es\/trituradores-para-cortar-tubos-y-perfiles\/\" \/>\n<meta property=\"og:site_name\" content=\"Neue Herbold GmbH\" \/>\n<meta property=\"article:modified_time\" content=\"2017-05-02T18:02:21+00:00\" \/>\n<meta property=\"og:image\" content=\"https:\/\/neue-herbold.com\/wp-content\/uploads\/2014\/11\/SR800_600A4_2_98IVF-1024x654.jpg\" \/>\n<meta name=\"twitter:label1\" content=\"Tiempo de lectura\" \/>\n\t<meta name=\"twitter:data1\" content=\"2 minutes\" \/>\n<script type=\"application\/ld+json\" class=\"yoast-schema-graph\">{\"@context\":\"https:\/\/schema.org\",\"@graph\":[{\"@type\":\"WebPage\",\"@id\":\"https:\/\/neue-herbold.com\/es\/trituradores-para-cortar-tubos-y-perfiles\/\",\"url\":\"https:\/\/neue-herbold.com\/es\/trituradores-para-cortar-tubos-y-perfiles\/\",\"name\":\"Trituradores para cortar tubos y perfiles SR - Neue Herbold GmbH\",\"isPartOf\":{\"@id\":\"https:\/\/neue-herbold.com\/en\/#website\"},\"primaryImageOfPage\":{\"@id\":\"https:\/\/neue-herbold.com\/es\/trituradores-para-cortar-tubos-y-perfiles\/#primaryimage\"},\"image\":{\"@id\":\"https:\/\/neue-herbold.com\/es\/trituradores-para-cortar-tubos-y-perfiles\/#primaryimage\"},\"thumbnailUrl\":\"https:\/\/neue-herbold.com\/wp-content\/uploads\/2014\/11\/SR800_600A4_2_98IVF-1024x654.jpg\",\"datePublished\":\"2016-06-23T11:44:21+00:00\",\"dateModified\":\"2017-05-02T18:02:21+00:00\",\"description\":\"Trituradores para cortar tubos y perfiles SR. Molinos cortantes de las series SR de NEUE HERBOLD est\u00e1n equipados con \u201cgeometr\u00eda de doble corte inclinado\u201d.\",\"breadcrumb\":{\"@id\":\"https:\/\/neue-herbold.com\/es\/trituradores-para-cortar-tubos-y-perfiles\/#breadcrumb\"},\"inLanguage\":\"es-ES\",\"potentialAction\":[{\"@type\":\"ReadAction\",\"target\":[\"https:\/\/neue-herbold.com\/es\/trituradores-para-cortar-tubos-y-perfiles\/\"]}]},{\"@type\":\"ImageObject\",\"inLanguage\":\"es-ES\",\"@id\":\"https:\/\/neue-herbold.com\/es\/trituradores-para-cortar-tubos-y-perfiles\/#primaryimage\",\"url\":\"https:\/\/neue-herbold.com\/wp-content\/uploads\/2014\/11\/SR800_600A4_2_98IVF-1024x654.jpg\",\"contentUrl\":\"https:\/\/neue-herbold.com\/wp-content\/uploads\/2014\/11\/SR800_600A4_2_98IVF-1024x654.jpg\"},{\"@type\":\"BreadcrumbList\",\"@id\":\"https:\/\/neue-herbold.com\/es\/trituradores-para-cortar-tubos-y-perfiles\/#breadcrumb\",\"itemListElement\":[{\"@type\":\"ListItem\",\"position\":1,\"name\":\"Startseite\",\"item\":\"https:\/\/neue-herbold.com\/es\/\"},{\"@type\":\"ListItem\",\"position\":2,\"name\":\"Trituradores para cortar tubos y perfiles SR\"}]},{\"@type\":\"WebSite\",\"@id\":\"https:\/\/neue-herbold.com\/en\/#website\",\"url\":\"https:\/\/neue-herbold.com\/en\/\",\"name\":\"Neue Herbold GmbH\",\"description\":\"\",\"potentialAction\":[{\"@type\":\"SearchAction\",\"target\":{\"@type\":\"EntryPoint\",\"urlTemplate\":\"https:\/\/neue-herbold.com\/en\/?s={search_term_string}\"},\"query-input\":{\"@type\":\"PropertyValueSpecification\",\"valueRequired\":true,\"valueName\":\"search_term_string\"}}],\"inLanguage\":\"es-ES\"}]}<\/script>\n<!-- \/ Yoast SEO plugin. -->","yoast_head_json":{"title":"Trituradores para cortar tubos y perfiles SR - Neue Herbold GmbH","description":"Trituradores para cortar tubos y perfiles SR. Molinos cortantes de las series SR de NEUE HERBOLD est\u00e1n equipados con \u201cgeometr\u00eda de doble corte inclinado\u201d.","robots":{"index":"index","follow":"follow","max-snippet":"max-snippet:-1","max-image-preview":"max-image-preview:large","max-video-preview":"max-video-preview:-1"},"canonical":"https:\/\/neue-herbold.com\/es\/trituradores-para-cortar-tubos-y-perfiles\/","og_locale":"es_ES","og_type":"article","og_title":"Trituradores para cortar tubos y perfiles SR - Neue Herbold GmbH","og_description":"Trituradores para cortar tubos y perfiles SR. Molinos cortantes de las series SR de NEUE HERBOLD est\u00e1n equipados con \u201cgeometr\u00eda de doble corte inclinado\u201d.","og_url":"https:\/\/neue-herbold.com\/es\/trituradores-para-cortar-tubos-y-perfiles\/","og_site_name":"Neue Herbold GmbH","article_modified_time":"2017-05-02T18:02:21+00:00","og_image":[{"url":"https:\/\/neue-herbold.com\/wp-content\/uploads\/2014\/11\/SR800_600A4_2_98IVF-1024x654.jpg","type":"","width":"","height":""}],"twitter_misc":{"Tiempo de lectura":"2 minutes"},"schema":{"@context":"https:\/\/schema.org","@graph":[{"@type":"WebPage","@id":"https:\/\/neue-herbold.com\/es\/trituradores-para-cortar-tubos-y-perfiles\/","url":"https:\/\/neue-herbold.com\/es\/trituradores-para-cortar-tubos-y-perfiles\/","name":"Trituradores para cortar tubos y perfiles SR - Neue Herbold GmbH","isPartOf":{"@id":"https:\/\/neue-herbold.com\/en\/#website"},"primaryImageOfPage":{"@id":"https:\/\/neue-herbold.com\/es\/trituradores-para-cortar-tubos-y-perfiles\/#primaryimage"},"image":{"@id":"https:\/\/neue-herbold.com\/es\/trituradores-para-cortar-tubos-y-perfiles\/#primaryimage"},"thumbnailUrl":"https:\/\/neue-herbold.com\/wp-content\/uploads\/2014\/11\/SR800_600A4_2_98IVF-1024x654.jpg","datePublished":"2016-06-23T11:44:21+00:00","dateModified":"2017-05-02T18:02:21+00:00","description":"Trituradores para cortar tubos y perfiles SR. Molinos cortantes de las series SR de NEUE HERBOLD est\u00e1n equipados con \u201cgeometr\u00eda de doble corte inclinado\u201d.","breadcrumb":{"@id":"https:\/\/neue-herbold.com\/es\/trituradores-para-cortar-tubos-y-perfiles\/#breadcrumb"},"inLanguage":"es-ES","potentialAction":[{"@type":"ReadAction","target":["https:\/\/neue-herbold.com\/es\/trituradores-para-cortar-tubos-y-perfiles\/"]}]},{"@type":"ImageObject","inLanguage":"es-ES","@id":"https:\/\/neue-herbold.com\/es\/trituradores-para-cortar-tubos-y-perfiles\/#primaryimage","url":"https:\/\/neue-herbold.com\/wp-content\/uploads\/2014\/11\/SR800_600A4_2_98IVF-1024x654.jpg","contentUrl":"https:\/\/neue-herbold.com\/wp-content\/uploads\/2014\/11\/SR800_600A4_2_98IVF-1024x654.jpg"},{"@type":"BreadcrumbList","@id":"https:\/\/neue-herbold.com\/es\/trituradores-para-cortar-tubos-y-perfiles\/#breadcrumb","itemListElement":[{"@type":"ListItem","position":1,"name":"Startseite","item":"https:\/\/neue-herbold.com\/es\/"},{"@type":"ListItem","position":2,"name":"Trituradores para cortar tubos y perfiles SR"}]},{"@type":"WebSite","@id":"https:\/\/neue-herbold.com\/en\/#website","url":"https:\/\/neue-herbold.com\/en\/","name":"Neue Herbold GmbH","description":"","potentialAction":[{"@type":"SearchAction","target":{"@type":"EntryPoint","urlTemplate":"https:\/\/neue-herbold.com\/en\/?s={search_term_string}"},"query-input":{"@type":"PropertyValueSpecification","valueRequired":true,"valueName":"search_term_string"}}],"inLanguage":"es-ES"}]}},"_links":{"self":[{"href":"https:\/\/neue-herbold.com\/es\/wp-json\/wp\/v2\/pages\/9965"}],"collection":[{"href":"https:\/\/neue-herbold.com\/es\/wp-json\/wp\/v2\/pages"}],"about":[{"href":"https:\/\/neue-herbold.com\/es\/wp-json\/wp\/v2\/types\/page"}],"author":[{"embeddable":true,"href":"https:\/\/neue-herbold.com\/es\/wp-json\/wp\/v2\/users\/1"}],"replies":[{"embeddable":true,"href":"https:\/\/neue-herbold.com\/es\/wp-json\/wp\/v2\/comments?post=9965"}],"version-history":[{"count":8,"href":"https:\/\/neue-herbold.com\/es\/wp-json\/wp\/v2\/pages\/9965\/revisions"}],"predecessor-version":[{"id":10980,"href":"https:\/\/neue-herbold.com\/es\/wp-json\/wp\/v2\/pages\/9965\/revisions\/10980"}],"wp:attachment":[{"href":"https:\/\/neue-herbold.com\/es\/wp-json\/wp\/v2\/media?parent=9965"}],"curies":[{"name":"wp","href":"https:\/\/api.w.org\/{rel}","templated":true}]}}