{"id":9279,"date":"2016-06-06T02:36:56","date_gmt":"2016-06-06T00:36:56","guid":{"rendered":"https:\/\/neue-herbold.com\/es\/erweiterung-der-schneidmuehlen-baureihe-sm\/"},"modified":"2016-06-06T02:52:32","modified_gmt":"2016-06-06T00:52:32","slug":"ampliacion-de-molinos-trituradores-de-la-serie-sm","status":"publish","type":"page","link":"https:\/\/neue-herbold.com\/es\/ampliacion-de-molinos-trituradores-de-la-serie-sm\/","title":{"rendered":"Ampliaci\u00f3n de molinos trituradores de la serie SM"},"content":{"rendered":"<p><span style=\"color: #000000;\"><a href=\"https:\/\/neue-herbold.com\/wp-content\/uploads\/2014\/12\/SM1000-1200-DSCF2350.jpg\" target=\"_blank\"><img loading=\"lazy\" decoding=\"async\" class=\"alignright wp-image-3531\" src=\"https:\/\/neue-herbold.com\/wp-content\/uploads\/2014\/12\/SM1000-1200-DSCF2350.jpg\" alt=\"GROSSSCHNEIDM\u00dcHLEN SM1000-1200\" width=\"258\" height=\"488\" srcset=\"https:\/\/neue-herbold.com\/wp-content\/uploads\/2014\/12\/SM1000-1200-DSCF2350.jpg 476w, https:\/\/neue-herbold.com\/wp-content\/uploads\/2014\/12\/SM1000-1200-DSCF2350-158x300.jpg 158w, https:\/\/neue-herbold.com\/wp-content\/uploads\/2014\/12\/SM1000-1200-DSCF2350-100x189.jpg 100w, https:\/\/neue-herbold.com\/wp-content\/uploads\/2014\/12\/SM1000-1200-DSCF2350-150x283.jpg 150w, https:\/\/neue-herbold.com\/wp-content\/uploads\/2014\/12\/SM1000-1200-DSCF2350-200x378.jpg 200w, https:\/\/neue-herbold.com\/wp-content\/uploads\/2014\/12\/SM1000-1200-DSCF2350-300x567.jpg 300w, https:\/\/neue-herbold.com\/wp-content\/uploads\/2014\/12\/SM1000-1200-DSCF2350-450x850.jpg 450w\" sizes=\"(max-width: 258px) 100vw, 258px\" \/><\/a><\/span>La empresa <strong>NEUE HERBOLD<\/strong> Maschinen-und Anlagen GmbH de Sinsheim, Alemania ha ampliado sus molinos trituradores de la serie SM con un nuevo modelo.<\/p>\n<p>El nuevo modelo tipo SM 1000 completa la serie SM en su gama alta y se ofertar\u00e1 con diferentes longitudes de rotor (anchuras de la tolva de entrada).<br \/> La aplicaci\u00f3n de este modelo es ideal donde se requiera una gran capacidad de rendimiento o la reducci\u00f3n de tama\u00f1o de productos grandes y voluminosos.<br \/> El modelo SM 1000 se puede ofertar con diferentes tipos de tolvas de alimentaci\u00f3n y dispositivos, as\u00ed como con diferentes dise\u00f1os de rotor. Por lo tanto la serie SM 1000 se puede utilizar para muchas aplicaciones diferentes, tales como: reducci\u00f3n de tama\u00f1o de films pl\u00e1sticos, mazarotas, purgas, perfiles, tuber\u00edas, productos de gran espesor de pared as\u00ed como para la reducci\u00f3n de tama\u00f1o de productos grandes y voluminosos como contenedores y cajas inyectadas. El modelo SM 1000 podr\u00e1 ser suministrado tambi\u00e9n como molino de lavado.<\/p>\n<p>Todas los molinos trituradores de <strong>NEUE HERBOLD<\/strong> est\u00e1n dise\u00f1adas con un corte de doble inclinaci\u00f3n. Este \u00e1ngulo inclinado tanto del rotor como de las cuchillas fijas asegura una ranura de corte constante y precisa en toda la longitud de la cuchilla.<\/p>\n<p>Como todas las m\u00e1quinas de <strong>NEUE HERBOLD<\/strong> Gmbh, este modelo se ha fabricado con sus est\u00e1ndares de calidad altamente reconocidos y fabricado 100% en Alemania.<\/p>\n","protected":false},"excerpt":{"rendered":"<p><span style=\"color: #000000;\"><a href=\"https:\/\/neue-herbold.com\/wp-content\/uploads\/2014\/12\/SM1000-1200-DSCF2350.jpg\" target=\"_blank\"><img loading=\"lazy\" decoding=\"async\" class=\"alignright wp-image-3531\" src=\"https:\/\/neue-herbold.com\/wp-content\/uploads\/2014\/12\/SM1000-1200-DSCF2350.jpg\" alt=\"GROSSSCHNEIDM\u00dcHLEN SM1000-1200\" width=\"258\" height=\"488\" srcset=\"https:\/\/neue-herbold.com\/wp-content\/uploads\/2014\/12\/SM1000-1200-DSCF2350.jpg 476w, https:\/\/neue-herbold.com\/wp-content\/uploads\/2014\/12\/SM1000-1200-DSCF2350-158x300.jpg 158w, https:\/\/neue-herbold.com\/wp-content\/uploads\/2014\/12\/SM1000-1200-DSCF2350-100x189.jpg 100w, https:\/\/neue-herbold.com\/wp-content\/uploads\/2014\/12\/SM1000-1200-DSCF2350-150x283.jpg 150w, https:\/\/neue-herbold.com\/wp-content\/uploads\/2014\/12\/SM1000-1200-DSCF2350-200x378.jpg 200w, https:\/\/neue-herbold.com\/wp-content\/uploads\/2014\/12\/SM1000-1200-DSCF2350-300x567.jpg 300w, https:\/\/neue-herbold.com\/wp-content\/uploads\/2014\/12\/SM1000-1200-DSCF2350-450x850.jpg 450w\" sizes=\"(max-width: 258px) 100vw, 258px\" \/><\/a><\/span>La empresa <strong>NEUE HERBOLD<\/strong> Maschinen-und Anlagen GmbH de Sinsheim, Alemania ha ampliado sus molinos trituradores de la serie SM con un nuevo modelo.<\/p>\n<p>El nuevo modelo tipo SM 1000 completa la serie SM en su gama alta y se ofertar\u00e1 con diferentes longitudes de rotor (anchuras de la tolva de entrada).<\/p>\n<p><span class=\"ellipsis\">&hellip;<\/span><\/p>\n<div class=\"read-more\"><a href=\"https:\/\/neue-herbold.com\/es\/ampliacion-de-molinos-trituradores-de-la-serie-sm\/\">Leer m\u00e1s \u203a<\/a><\/div>\n<p><!-- end of .read-more --><\/p>\n","protected":false},"author":1,"featured_media":0,"parent":0,"menu_order":0,"comment_status":"closed","ping_status":"closed","template":"","meta":{"footnotes":""},"class_list":["post-9279","page","type-page","status-publish","hentry"],"yoast_head":"<!-- This site is optimized with the Yoast SEO plugin v25.4 - https:\/\/yoast.com\/wordpress\/plugins\/seo\/ -->\n<title>Ampliaci\u00f3n de molinos trituradores de la serie SM - Neue Herbold GmbH<\/title>\n<meta name=\"description\" content=\"La empresa NEUE HERBOLD Maschinen-und Anlagen GmbH de Sinsheim, Alemania ha un Ampliaci\u00f3n de molinos trituradores de la serie SM con un nuevo modelo.\" \/>\n<meta name=\"robots\" content=\"index, follow, max-snippet:-1, max-image-preview:large, max-video-preview:-1\" \/>\n<link rel=\"canonical\" href=\"https:\/\/neue-herbold.com\/es\/ampliacion-de-molinos-trituradores-de-la-serie-sm\/\" \/>\n<meta property=\"og:locale\" content=\"es_ES\" \/>\n<meta property=\"og:type\" content=\"article\" \/>\n<meta property=\"og:title\" content=\"Ampliaci\u00f3n de molinos trituradores de la serie SM - Neue Herbold GmbH\" \/>\n<meta property=\"og:description\" content=\"La empresa NEUE HERBOLD Maschinen-und Anlagen GmbH de Sinsheim, Alemania ha un Ampliaci\u00f3n de molinos trituradores de la serie SM con un nuevo modelo.\" \/>\n<meta property=\"og:url\" content=\"https:\/\/neue-herbold.com\/es\/ampliacion-de-molinos-trituradores-de-la-serie-sm\/\" \/>\n<meta property=\"og:site_name\" content=\"Neue Herbold GmbH\" \/>\n<meta property=\"article:modified_time\" content=\"2016-06-06T00:52:32+00:00\" \/>\n<meta property=\"og:image\" content=\"https:\/\/neue-herbold.com\/wp-content\/uploads\/2014\/12\/SM1000-1200-DSCF2350.jpg\" \/>\n<meta name=\"twitter:label1\" content=\"Tiempo de lectura\" \/>\n\t<meta name=\"twitter:data1\" content=\"1 minute\" \/>\n<script type=\"application\/ld+json\" class=\"yoast-schema-graph\">{\"@context\":\"https:\/\/schema.org\",\"@graph\":[{\"@type\":\"WebPage\",\"@id\":\"https:\/\/neue-herbold.com\/es\/ampliacion-de-molinos-trituradores-de-la-serie-sm\/\",\"url\":\"https:\/\/neue-herbold.com\/es\/ampliacion-de-molinos-trituradores-de-la-serie-sm\/\",\"name\":\"Ampliaci\u00f3n de molinos trituradores de la serie SM - Neue Herbold GmbH\",\"isPartOf\":{\"@id\":\"https:\/\/neue-herbold.com\/en\/#website\"},\"primaryImageOfPage\":{\"@id\":\"https:\/\/neue-herbold.com\/es\/ampliacion-de-molinos-trituradores-de-la-serie-sm\/#primaryimage\"},\"image\":{\"@id\":\"https:\/\/neue-herbold.com\/es\/ampliacion-de-molinos-trituradores-de-la-serie-sm\/#primaryimage\"},\"thumbnailUrl\":\"https:\/\/neue-herbold.com\/wp-content\/uploads\/2014\/12\/SM1000-1200-DSCF2350.jpg\",\"datePublished\":\"2016-06-06T00:36:56+00:00\",\"dateModified\":\"2016-06-06T00:52:32+00:00\",\"description\":\"La empresa NEUE HERBOLD Maschinen-und Anlagen GmbH de Sinsheim, Alemania ha un Ampliaci\u00f3n de molinos trituradores de la serie SM con un nuevo modelo.\",\"breadcrumb\":{\"@id\":\"https:\/\/neue-herbold.com\/es\/ampliacion-de-molinos-trituradores-de-la-serie-sm\/#breadcrumb\"},\"inLanguage\":\"es-ES\",\"potentialAction\":[{\"@type\":\"ReadAction\",\"target\":[\"https:\/\/neue-herbold.com\/es\/ampliacion-de-molinos-trituradores-de-la-serie-sm\/\"]}]},{\"@type\":\"ImageObject\",\"inLanguage\":\"es-ES\",\"@id\":\"https:\/\/neue-herbold.com\/es\/ampliacion-de-molinos-trituradores-de-la-serie-sm\/#primaryimage\",\"url\":\"https:\/\/neue-herbold.com\/wp-content\/uploads\/2014\/12\/SM1000-1200-DSCF2350.jpg\",\"contentUrl\":\"https:\/\/neue-herbold.com\/wp-content\/uploads\/2014\/12\/SM1000-1200-DSCF2350.jpg\"},{\"@type\":\"BreadcrumbList\",\"@id\":\"https:\/\/neue-herbold.com\/es\/ampliacion-de-molinos-trituradores-de-la-serie-sm\/#breadcrumb\",\"itemListElement\":[{\"@type\":\"ListItem\",\"position\":1,\"name\":\"Startseite\",\"item\":\"https:\/\/neue-herbold.com\/es\/\"},{\"@type\":\"ListItem\",\"position\":2,\"name\":\"Ampliaci\u00f3n de molinos trituradores de la serie SM\"}]},{\"@type\":\"WebSite\",\"@id\":\"https:\/\/neue-herbold.com\/en\/#website\",\"url\":\"https:\/\/neue-herbold.com\/en\/\",\"name\":\"Neue Herbold GmbH\",\"description\":\"\",\"potentialAction\":[{\"@type\":\"SearchAction\",\"target\":{\"@type\":\"EntryPoint\",\"urlTemplate\":\"https:\/\/neue-herbold.com\/en\/?s={search_term_string}\"},\"query-input\":{\"@type\":\"PropertyValueSpecification\",\"valueRequired\":true,\"valueName\":\"search_term_string\"}}],\"inLanguage\":\"es-ES\"}]}<\/script>\n<!-- \/ Yoast SEO plugin. -->","yoast_head_json":{"title":"Ampliaci\u00f3n de molinos trituradores de la serie SM - Neue Herbold GmbH","description":"La empresa NEUE HERBOLD Maschinen-und Anlagen GmbH de Sinsheim, Alemania ha un Ampliaci\u00f3n de molinos trituradores de la serie SM con un nuevo modelo.","robots":{"index":"index","follow":"follow","max-snippet":"max-snippet:-1","max-image-preview":"max-image-preview:large","max-video-preview":"max-video-preview:-1"},"canonical":"https:\/\/neue-herbold.com\/es\/ampliacion-de-molinos-trituradores-de-la-serie-sm\/","og_locale":"es_ES","og_type":"article","og_title":"Ampliaci\u00f3n de molinos trituradores de la serie SM - Neue Herbold GmbH","og_description":"La empresa NEUE HERBOLD Maschinen-und Anlagen GmbH de Sinsheim, Alemania ha un Ampliaci\u00f3n de molinos trituradores de la serie SM con un nuevo modelo.","og_url":"https:\/\/neue-herbold.com\/es\/ampliacion-de-molinos-trituradores-de-la-serie-sm\/","og_site_name":"Neue Herbold GmbH","article_modified_time":"2016-06-06T00:52:32+00:00","og_image":[{"url":"https:\/\/neue-herbold.com\/wp-content\/uploads\/2014\/12\/SM1000-1200-DSCF2350.jpg","type":"","width":"","height":""}],"twitter_misc":{"Tiempo de lectura":"1 minute"},"schema":{"@context":"https:\/\/schema.org","@graph":[{"@type":"WebPage","@id":"https:\/\/neue-herbold.com\/es\/ampliacion-de-molinos-trituradores-de-la-serie-sm\/","url":"https:\/\/neue-herbold.com\/es\/ampliacion-de-molinos-trituradores-de-la-serie-sm\/","name":"Ampliaci\u00f3n de molinos trituradores de la serie SM - Neue Herbold GmbH","isPartOf":{"@id":"https:\/\/neue-herbold.com\/en\/#website"},"primaryImageOfPage":{"@id":"https:\/\/neue-herbold.com\/es\/ampliacion-de-molinos-trituradores-de-la-serie-sm\/#primaryimage"},"image":{"@id":"https:\/\/neue-herbold.com\/es\/ampliacion-de-molinos-trituradores-de-la-serie-sm\/#primaryimage"},"thumbnailUrl":"https:\/\/neue-herbold.com\/wp-content\/uploads\/2014\/12\/SM1000-1200-DSCF2350.jpg","datePublished":"2016-06-06T00:36:56+00:00","dateModified":"2016-06-06T00:52:32+00:00","description":"La empresa NEUE HERBOLD Maschinen-und Anlagen GmbH de Sinsheim, Alemania ha un Ampliaci\u00f3n de molinos trituradores de la serie SM con un nuevo modelo.","breadcrumb":{"@id":"https:\/\/neue-herbold.com\/es\/ampliacion-de-molinos-trituradores-de-la-serie-sm\/#breadcrumb"},"inLanguage":"es-ES","potentialAction":[{"@type":"ReadAction","target":["https:\/\/neue-herbold.com\/es\/ampliacion-de-molinos-trituradores-de-la-serie-sm\/"]}]},{"@type":"ImageObject","inLanguage":"es-ES","@id":"https:\/\/neue-herbold.com\/es\/ampliacion-de-molinos-trituradores-de-la-serie-sm\/#primaryimage","url":"https:\/\/neue-herbold.com\/wp-content\/uploads\/2014\/12\/SM1000-1200-DSCF2350.jpg","contentUrl":"https:\/\/neue-herbold.com\/wp-content\/uploads\/2014\/12\/SM1000-1200-DSCF2350.jpg"},{"@type":"BreadcrumbList","@id":"https:\/\/neue-herbold.com\/es\/ampliacion-de-molinos-trituradores-de-la-serie-sm\/#breadcrumb","itemListElement":[{"@type":"ListItem","position":1,"name":"Startseite","item":"https:\/\/neue-herbold.com\/es\/"},{"@type":"ListItem","position":2,"name":"Ampliaci\u00f3n de molinos trituradores de la serie SM"}]},{"@type":"WebSite","@id":"https:\/\/neue-herbold.com\/en\/#website","url":"https:\/\/neue-herbold.com\/en\/","name":"Neue Herbold GmbH","description":"","potentialAction":[{"@type":"SearchAction","target":{"@type":"EntryPoint","urlTemplate":"https:\/\/neue-herbold.com\/en\/?s={search_term_string}"},"query-input":{"@type":"PropertyValueSpecification","valueRequired":true,"valueName":"search_term_string"}}],"inLanguage":"es-ES"}]}},"_links":{"self":[{"href":"https:\/\/neue-herbold.com\/es\/wp-json\/wp\/v2\/pages\/9279"}],"collection":[{"href":"https:\/\/neue-herbold.com\/es\/wp-json\/wp\/v2\/pages"}],"about":[{"href":"https:\/\/neue-herbold.com\/es\/wp-json\/wp\/v2\/types\/page"}],"author":[{"embeddable":true,"href":"https:\/\/neue-herbold.com\/es\/wp-json\/wp\/v2\/users\/1"}],"replies":[{"embeddable":true,"href":"https:\/\/neue-herbold.com\/es\/wp-json\/wp\/v2\/comments?post=9279"}],"version-history":[{"count":3,"href":"https:\/\/neue-herbold.com\/es\/wp-json\/wp\/v2\/pages\/9279\/revisions"}],"predecessor-version":[{"id":9295,"href":"https:\/\/neue-herbold.com\/es\/wp-json\/wp\/v2\/pages\/9279\/revisions\/9295"}],"wp:attachment":[{"href":"https:\/\/neue-herbold.com\/es\/wp-json\/wp\/v2\/media?parent=9279"}],"curies":[{"name":"wp","href":"https:\/\/api.w.org\/{rel}","templated":true}]}}