{"id":9206,"date":"2016-06-06T01:18:20","date_gmt":"2016-06-05T23:18:20","guid":{"rendered":"https:\/\/neue-herbold.com\/es\/lieferprogramm\/"},"modified":"2016-06-09T00:27:24","modified_gmt":"2016-06-08T22:27:24","slug":"programa-de-suministro","status":"publish","type":"page","link":"https:\/\/neue-herbold.com\/es\/programa-de-suministro\/","title":{"rendered":"Programa de suministro"},"content":{"rendered":"<h1><strong>Trituradoras \/ trituraci\u00f3n previa<\/strong><\/h1>\n<p><span style=\"color: #000000;\"><strong>Trituradoras de un solo \u00e1rbol de la serie <a style=\"color: #0000ff;\" href=\"https:\/\/neue-herbold.com\/es\/trituradoras-de-un-solo-arbol-hzr\/\">HZR<\/a><\/strong><\/span><\/p>\n<ul>\n<li>para la trituraci\u00f3n previa<\/li>\n<li>para la trituraci\u00f3n previa de materiales en balas<\/li>\n<li>para la trituraci\u00f3n previa de neum\u00e1ticos usados<\/li>\n<li>para la trituraci\u00f3n previa de combustibles de sustituci\u00f3n<\/li>\n<li>para la trituraci\u00f3n previa de colecciones de desechos<\/li>\n<\/ul>\n<p><span style=\"color: #000000;\"><strong><br \/> <\/strong><strong>Trituradoras de dos \u00e1rboles de la serie <\/strong><a style=\"color: #0000ff;\" href=\"https:\/\/neue-herbold.com\/es\/trituradoras-de-dos-arboles-zrm\/\"><strong>ZRM<\/strong><\/a><\/span><\/p>\n<ul>\n<li>para la trituraci\u00f3n previa de grandes cantidades de materiales o sea de materiales voluminosos<\/li>\n<li>para la trituraci\u00f3n previa de balas de l\u00e1minas<\/li>\n<li>para la trituraci\u00f3n previa de barriles<\/li>\n<\/ul>\n<p><span style=\"color: #000000;\"><strong>Trituradoras de styropor de la serie <a style=\"color: #0000ff;\" href=\"https:\/\/neue-herbold.com\/es\/trituradoras-de-styropor-rl\/\">RL<\/a><\/strong><\/span><\/p>\n<ul>\n<li>para la trituraci\u00f3n de poliestirol expansivo (EPS)<\/li>\n<li>para la trituraci\u00f3n de espumas de poliuretano<\/li>\n<\/ul>\n<p><span style=\"color: #000000;\"><strong>Quebrantadores de tornillo sinf\u00edn de la serie <a style=\"color: #0000ff;\" href=\"https:\/\/neue-herbold.com\/es\/quebrantadores-de-tornillo-sinfin\/\">SB<\/a><\/strong><\/span><\/p>\n<ul>\n<li>trituraci\u00f3n previa de paletas de madera<\/li>\n<li>trituraci\u00f3n previa de tambores de cables<\/li>\n<li>trituraci\u00f3n previa de esteras aislantes<\/li>\n<li>trituraci\u00f3n previa de piedras de pirot\u00f3n<\/li>\n<li>trituraci\u00f3n previa o sea apertura y dosificaci\u00f3n de balas de desechos prensados<\/li>\n<\/ul>\n<p><span style=\"color: #000000;\"><strong>Cizallas de guillotina de la serie <a style=\"color: #0000ff;\" href=\"https:\/\/neue-herbold.com\/es\/cizallas-de-guillotina\/\">GS<\/a><\/strong><\/span><\/p>\n<ul>\n<li>proporcionado previo de fibras<\/li>\n<li>proporcionado previo de cintas<\/li>\n<li>proporcionado previo de l\u00e1minas estando pegadas una con otra<\/li>\n<li>proporcionado previo de mazacotes grandes<\/li>\n<li>proporcionado previo de balas de cauch<\/li>\n<\/ul>\n<h2><strong>Molinos cortantes<\/strong><\/h2>\n<p><span style=\"color: #000000;\"><strong>Molinos cortantes de la serie <a href=\"https:\/\/neue-herbold.com\/es\/trituradores-lm\/\">LM<\/a><\/strong><\/span><\/p>\n<ul>\n<li>trituraci\u00f3n de l\u00e1minas sueltas (p.ej. in-line)<\/li>\n<li>trituraci\u00f3n de bidones<\/li>\n<li>trituraci\u00f3n de tubos de PVC<\/li>\n<li>trituraci\u00f3n de tubos de polietileno de paredes delgadas<\/li>\n<li>trituraci\u00f3n de tubos de polipropileno de paredes delgadas<\/li>\n<li>trituraci\u00f3n de perfiles<\/li>\n<li>trituraci\u00f3n de parachoques de autom\u00f3viles<\/li>\n<li>trituraci\u00f3n de rejillas estampadas<\/li>\n<li>trituraci\u00f3n de desechos de piezas moldeadas por inyecci\u00f3n<\/li>\n<li>trituraci\u00f3n de partes embutidas a profundidad<\/li>\n<\/ul>\n<p><span style=\"color: #000000;\"><strong><br \/> Molinos cortantes de la serie <\/strong><a style=\"color: #0000ff;\" href=\"https:\/\/neue-herbold.com\/es\/trituradores-sm\/\"><strong>SM<\/strong><\/a><\/span><\/p>\n<ul>\n<li>trituraci\u00f3n de mazacotes macizos<\/li>\n<li>trituraci\u00f3n de falsos lingotes<\/li>\n<li>trituraci\u00f3n de balas de caucho<\/li>\n<li>trituraci\u00f3n de perfiles macizos<\/li>\n<li>trituraci\u00f3n de placas de paredes gruesas<\/li>\n<li>trituraci\u00f3n de cajas para botellas<\/li>\n<li>trituraci\u00f3n de fibras de poliamida<\/li>\n<li>trituraci\u00f3n de balas de l\u00e1minas<\/li>\n<\/ul>\n<p>&nbsp;<\/p>\n<p><span style=\"color: #000000;\"><strong>Molinos cortantes de la serie <a style=\"color: #0000ff;\" href=\"https:\/\/neue-herbold.com\/es\/trituradores-smv\/\">SMV<\/a> \/ <a style=\"color: #0000ff;\" href=\"https:\/\/neue-herbold.com\/es\/molinos-cortantes-sx\/\">SX<\/a><\/strong><\/span><\/p>\n<ul>\n<li>trituraci\u00f3n de l\u00e1minas delgadas (p.ej. l\u00e1minas de BOPP \/ l\u00e1minas de BOPET \/ l\u00e1minas de PP)<\/li>\n<li>trituraci\u00f3n de cintas sueltas<\/li>\n<li>trituraci\u00f3n de bigbags de polipropileno<\/li>\n<li>trituraci\u00f3n de balas de l\u00e1minas<\/li>\n<\/ul>\n<p><span style=\"color: #000000;\"><strong><br \/> Molinos cortantes de la serie <a href=\"https:\/\/neue-herbold.com\/es\/molinos-para-cortar-perfiles-y-tubos-sr-lp\/\">SR<\/a><\/strong> + <a href=\"https:\/\/neue-herbold.com\/es\/molinos-para-cortar-perfiles-y-tubos-sr-lp\/\"><strong>LP<\/strong><\/a><\/span><\/p>\n<ul>\n<li>trituraci\u00f3n de tubos largos y de perfiles largos<\/li>\n<\/ul>\n<h2><span style=\"color: #000000;\"><strong>Pulverizadores \/ instalaciones de molienda fina \/ molinos pulverizadores<\/strong><\/span><\/h2>\n<p><span style=\"color: #000000;\"><strong>Pulverizadores \/ molinos pulverizadores de la serie <a style=\"color: #0000ff;\" href=\"https:\/\/neue-herbold.com\/es\/pulverizadores-zm\/\">ZM<\/a><\/strong><\/span><\/p>\n<ul>\n<li>pulverizaci\u00f3n de granulado de polietileno<\/li>\n<li>pulverizaci\u00f3n de granulado PVC<\/li>\n<li>pulverizaci\u00f3n de granulado de policarbonato<\/li>\n<li>pulverizaci\u00f3n de otros granulados pl\u00e1sticos<\/li>\n<\/ul>\n<h2><span style=\"color: #000000;\"><strong>Molinos de martillos<\/strong><\/span><\/h2>\n<p><span style=\"color: #000000;\"><strong>Molinos de martillos de la serie <a style=\"color: #0000ff;\" href=\"https:\/\/neue-herbold.com\/es\/molinos-de-martillos-hm\/\">HM<\/a><\/strong><\/span><\/p>\n<ul>\n<li>trituraci\u00f3n de pl\u00e1sticos r\u00edgidos<\/li>\n<li>trituraci\u00f3n de electrochatarra<\/li>\n<li>trituraci\u00f3n de madera<\/li>\n<li>trituraci\u00f3n de materiales aislantes<\/li>\n<li>trituraci\u00f3n de otros materiales r\u00edgidos<\/li>\n<\/ul>\n<h2><span style=\"color: #000000;\"><strong>Plantas de lavado, plantas de separaci\u00f3n y plantas de reciclaje<br \/> para pl\u00e1sticos \/ desechos pl\u00e1sticos contaminados <br \/> <\/strong><\/span><\/h2>\n<p>Para el reciclaje de desechos pl\u00e1sticos, la Neue Herbold concibe, produce y entrega, en construcci\u00f3n modular y en dependencia del caso de empleo, una t\u00e9cnica de instalaciones y equipos de la trituraci\u00f3n (trituraci\u00f3n h\u00fameda \/ trituraci\u00f3n en seco), de la separaci\u00f3n \/ precipitaci\u00f3n de sustancias extra\u00f1as, de la limpieza de copos pl\u00e1sticos \/ granulados pl\u00e1sticos y del secado mec\u00e1nico o sea, si necesario, del secado t\u00e9rmico de granulados pl\u00e1sticos \/ copos pl\u00e1sticos habi\u00e9ndose formado.<\/p>\n<p><strong>En lo siguiente algunos ejemplos de empleo para plantas de lavado:<\/strong><\/p>\n<p>Reciclaje por v\u00eda h\u00fameda (molinos lavadores, tanques de sumersi\u00f3n y flotaci\u00f3n \/ tanques de separaci\u00f3n, separadores de fricci\u00f3n, centr\u00edfugas secadoras, secado t\u00e9rmico para el reciclaje de pl\u00e1sticos)<\/p>\n<ul>\n<li><span style=\"color: #000000;\"><strong>desperdicios de botellas de PE \/ PP<\/strong> para rendimientos de paso de 250 hasta 2000 kg\/h<\/span><\/li>\n<li><span style=\"color: #000000;\"><strong>cajas para botellas de PE \/ PP<\/strong> para rendimientos de paso de 250 hasta 2000 kg\/h<\/span><\/li>\n<li><span style=\"color: #000000;\"><strong>desperdicios de l\u00e1minas de PE \/ PP<\/strong> (l\u00e1minas agr\u00edcolas o sea desechos de l\u00e1minas de <\/span><\/li>\n<li><span style=\"color: #000000;\">equipos clasificadores) para rendimientos de paso de 250 hasta 2000 kg\/h<\/span><\/li>\n<li><span style=\"color: #000000;\"><strong>reciclaje de botellas de PET<\/strong> a rendimientos de paso de 250 hasta 1000 kg\/h<\/span><\/li>\n<li><span style=\"color: #000000;\"><strong>plantas de reciclaje de pl\u00e1sticos t\u00e9cnicos <\/strong><\/span><\/li>\n<li><span style=\"color: #000000;\"><span style=\"color: #000000;\"><strong>plantas de lavado para el reciclaje de desechos plasticos <br \/> <\/strong><\/span><\/span>(trituraci\u00f3n, lavado, separaci\u00f3n, secado \u2013 en construcci\u00f3n modular)<span style=\"color: #000000;\"><strong><br \/> <\/strong><\/span><\/li>\n<\/ul>\n<p><strong>A continuaci\u00f3n otras m\u00e1quinas, las cuales se ofrecen no s\u00f3lo por separado para mejorar sistemas instalados por parte del cliente sino tambien dentro de una planta completa de lavado \/ de reciclaje:<\/strong><\/p>\n<p><span style=\"color: #000000;\"><strong>Silos compensadores de la serie<\/strong> <a href=\"https:\/\/neue-herbold.com\/es\/silos-de-laminas-fs\/\"><strong>FS<br \/> <\/strong><\/a><\/span>para el almacenamiento y para posibilitar una alimentaci\u00f3n continua de los sectores de lavado o sea de separaci\u00f3n de la planta<\/p>\n<p><span style=\"color: #000000;\"><strong>Tanques de separaci\u00f3n de la serie<\/strong> <strong><a style=\"color: #0000ff;\" href=\"https:\/\/neue-herbold.com\/es\/tanque-de-separacion-tb\/\">TB<\/a><br \/> <\/strong>para separar el producto de moler de fracciones de part\u00edculas pesadas o sea ligeras <\/span><br \/> <span style=\"color: #000000;\"> <strong><br \/> Lavadores de fricci\u00f3n de la serie <a href=\"https:\/\/neue-herbold.com\/es\/lavadero-por-friccion\/\">FW<\/a><br \/> <\/strong><\/span><span style=\"color: #000000;\">para lavar fracciones del producto de moler, con preferencia recortes de l\u00e1minas, granulado de botellas de PET y de otros materiales de pl\u00e1stico duro <br \/> <\/span><br \/> <span style=\"color: #000000;\"><strong>Lavadores intensivos de la serie <a style=\"color: #0000ff;\" href=\"https:\/\/neue-herbold.com\/es\/lavaderos-intensivos-iw\/\">IW<\/a><br \/> <\/strong>para la limpieza superficial del producto de moler<\/span><br \/> <span style=\"color: #000000;\"> <strong><br \/> Secadores mec\u00e1nicos de la serie <\/strong><a style=\"color: #0000ff;\" href=\"https:\/\/neue-herbold.com\/es\/secaderos-mecanicos-tm\/\"><strong>TM<br \/> <\/strong><\/a>para el secado superfcial mec\u00e1nico del producto de moler <\/span><br \/> <span style=\"color: #000000;\"> <strong><br \/> Secadores t\u00e9rmicos de la serie <\/strong><a style=\"color: #0000ff;\" href=\"https:\/\/neue-herbold.com\/es\/secadores-termicos-tt\/\"><strong>TT<br \/> <\/strong><\/a>para el secado ulterior del material en una humedad residual &lt; 1 porciento en peso<\/span><br \/> <span style=\"color: #000000;\"> <strong><br \/> Separadores de finos de la serie <a href=\"https:\/\/neue-herbold.com\/es\/separadores-de-finos-hs\/\">HS<\/a><br \/> <\/strong>para separar part\u00edculas residuales de polvo y de material fino<\/span><\/p>\n<p><span style=\"color: #000000;\"><strong>M\u00e1quinas cribadoras de la serie<\/strong> <strong><a href=\"https:\/\/neue-herbold.com\/es\/cribadoras-oscilantes-tsm\/\">TSM<\/a><br \/> <\/strong>para cribar part\u00edculas flotantes y residuos de materiales<\/span><\/p>\n<p><strong>Reciclaje de sustancias de valor<\/strong><\/p>\n<ul>\n<li>Reciclaje de cables viejos (trituraci\u00f3n, separaci\u00f3n de pl\u00e1sticos y de metales)<\/li>\n<li>Plantas para la trituraci\u00f3n de lana de vidrio \/ lana mineral<\/li>\n<li>Plantas para la trituraci\u00f3n de piedras de hormig\u00f3n celular \/ ladrillos silicocalc\u00e1reos<\/li>\n<li>Plantas para la trituraci\u00f3n de madera vieja \/ paletas de madera<\/li>\n<\/ul>\n<p><a href=\"https:\/\/neue-herbold.com\/es\/accesorios\/\"><strong>Accesorios<\/strong><\/a><strong> \/ <\/strong><a href=\"https:\/\/neue-herbold.com\/es\/nuestro-servicio\/\"><strong>Servicio<\/strong><\/a> <strong>\/<\/strong> <a href=\"https:\/\/neue-herbold.com\/es\/reparaciones-de-molinos\/\"><strong>Reparaciones<\/strong><\/a><strong> \/ <\/strong><a href=\"https:\/\/neue-herbold.com\/es\/partes-de-repuesto\/\"><strong>Partes de repuesto<\/strong><\/a><\/p>\n<p>Nuestro programa de suminstro comprende naturalmente los necesarios componentes intercalados y postconectados como p.ej. cintas transportadoras, dispositivos arrastradores por rodillos, detectores de metales, <a href=\"https:\/\/neue-herbold.com\/es\/bobinas-detectoras-de-metales\/\"><strong>bobinas detectoras de metales<\/strong><\/a> , electroimanes sobre cinta, volcadores, tornillos transportadores sinf\u00edn, transportadores sin fin, esclusas de rueda celular, mesas vibrantes, mesas de separaci\u00f3n, t\u00e9cnica de separaci\u00f3n, <a href=\"https:\/\/neue-herbold.com\/es\/instalaciones-de-aspiracion\/\"><strong>instalaciones de aspiraci\u00f3n<\/strong><\/a>, <a href=\"https:\/\/neue-herbold.com\/es\/separadores-en-zigzag-zs\/\"><strong>separadores en zigzag<\/strong><\/a>, precipitadores cicl\u00f3nicos, <a href=\"https:\/\/neue-herbold.com\/es\/separadores-de-finos-hs\/\"><strong>separadores de finos<\/strong><\/a>, sistemas de separaci\u00f3n de part\u00edculas met\u00e1licas, sistemas de filtro de aire de escape, elevadores neum\u00e1ticos para materiales (serie MFT), estaciones big-bag etc.<\/p>\n<p>Para sus m\u00e1quinas existentes ejecutamos tambi\u00e9n. prestaciones de servicio trabajos de reparaci\u00f3n y suministros de piezas de repuesto ; da igual si se trata de un producto de nosotros o de un producto competidor vendible.<\/p>\n<p><a href=\"https:\/\/neue-herbold.com\/wp-content\/uploads\/2014\/12\/Neue-Herbold-Lieferprogramm.pdf\" target=\"_blank\"><img loading=\"lazy\" decoding=\"async\" class=\"alignnone wp-image-5703\" src=\"https:\/\/neue-herbold.com\/wp-content\/uploads\/2014\/12\/PDF-ICON.jpg\" alt=\"PDF-ICON\" width=\"50\" height=\"48\" \/><strong>Programa de suministro<\/strong><\/a><\/p>\n","protected":false},"excerpt":{"rendered":"<p><strong>Trituradoras \/ trituraci\u00f3n previa<\/strong><\/p>\n<p><span style=\"color: #000000;\"><strong>Trituradoras de un solo \u00e1rbol de la serie <a style=\"color: #0000ff;\" href=\"https:\/\/neue-herbold.com\/es\/trituradoras-de-un-solo-arbol-hzr\/\">HZR<\/a><\/strong><\/span><\/p>\n<ul>\n<li>para la trituraci\u00f3n previa<\/li>\n<li>para la trituraci\u00f3n previa de materiales en balas<\/li>\n<li>para la trituraci\u00f3n previa de neum\u00e1ticos usados<\/li>\n<li>para la trituraci\u00f3n previa de combustibles de sustituci\u00f3n<\/li>\n<li>para la trituraci\u00f3n previa de colecciones de desechos<\/li>\n<\/ul>\n<p><span style=\"color: #000000;\"><strong><br \/> <\/strong><strong>Trituradoras de dos \u00e1rboles de la serie <\/strong><a style=\"color: #0000ff;\" href=\"https:\/\/neue-herbold.com\/es\/trituradoras-de-dos-arboles-zrm\/\"><strong>ZRM<\/strong><\/a><\/span><\/p>\n<ul>\n<li>para la trituraci\u00f3n previa de grandes cantidades de materiales o sea de materiales voluminosos<\/li>\n<li>para la trituraci\u00f3n previa de balas de l\u00e1minas<\/li>\n<li>para la trituraci\u00f3n previa de barriles<\/li>\n<\/ul>\n<p><span style=\"color: #000000;\"><strong>Trituradoras de styropor de la serie <a style=\"color: #0000ff;\" href=\"https:\/\/neue-herbold.com\/es\/trituradoras-de-styropor-rl\/\">RL<\/a><\/strong><\/span><\/p>\n<ul>\n<li>para la trituraci\u00f3n de poliestirol expansivo (EPS)<\/li>\n<li>para la trituraci\u00f3n de espumas de poliuretano<\/li>\n<\/ul>\n<p><span style=\"color: #000000;\"><strong>Quebrantadores de tornillo sinf\u00edn de la serie <a style=\"color: #0000ff;\" href=\"https:\/\/neue-herbold.com\/es\/quebrantadores-de-tornillo-sinfin\/\">SB<\/a><\/strong><\/span><\/p>\n<ul>\n<li>trituraci\u00f3n previa de paletas de madera<\/li>\n<li>trituraci\u00f3n previa de tambores de cables<\/li>\n<li>trituraci\u00f3n previa de esteras aislantes<\/li>\n<li>trituraci\u00f3n previa de piedras de pirot\u00f3n<\/li>\n<li>trituraci\u00f3n previa o sea apertura y dosificaci\u00f3n de balas de desechos prensados<\/li>\n<\/ul>\n<p><span style=\"color: #000000;\"><strong>Cizallas de guillotina de la serie <a style=\"color: #0000ff;\" href=\"https:\/\/neue-herbold.com\/es\/cizallas-de-guillotina\/\">GS<\/a><\/strong><\/span><\/p>\n<ul>\n<li>proporcionado previo de fibras<\/li>\n<li>proporcionado previo de cintas<\/li>\n<li>proporcionado previo de l\u00e1minas estando pegadas una con otra<\/li>\n<li>proporcionado previo de mazacotes grandes<\/li>\n<li>proporcionado previo de balas de cauch<\/li>\n<\/ul>\n<p><strong>Molinos cortantes<\/strong><\/p>\n<p><span style=\"color: #000000;\"><strong>Molinos cortantes de la serie <a href=\"https:\/\/neue-herbold.com\/es\/trituradores-lm\/\">LM<\/a><\/strong><\/span><\/p>\n<ul>\n<li>trituraci\u00f3n de l\u00e1minas sueltas (p.ej.<\/li>\n<\/ul>\n<p><span class=\"ellipsis\">&hellip;<\/span><\/p>\n<div class=\"read-more\"><a href=\"https:\/\/neue-herbold.com\/es\/programa-de-suministro\/\">Leer m\u00e1s \u203a<\/a><\/div>\n<p><!-- end of .read-more --><\/p>\n","protected":false},"author":1,"featured_media":0,"parent":0,"menu_order":0,"comment_status":"closed","ping_status":"closed","template":"","meta":{"footnotes":""},"class_list":["post-9206","page","type-page","status-publish","hentry"],"yoast_head":"<!-- This site is optimized with the Yoast SEO plugin v25.4 - https:\/\/yoast.com\/wordpress\/plugins\/seo\/ -->\n<title>Programa de suministro - Neue Herbold GmbH - Sinsheim<\/title>\n<meta name=\"description\" content=\"Nuestro Programa de suministro - Trituradoras de un solo \u00e1rbol, Molinos cortantes y Cizallas de guillotina espec\u00edficamente para el reciclaje\" \/>\n<meta name=\"robots\" content=\"index, follow, max-snippet:-1, max-image-preview:large, max-video-preview:-1\" \/>\n<link rel=\"canonical\" href=\"https:\/\/neue-herbold.com\/es\/programa-de-suministro\/\" \/>\n<meta property=\"og:locale\" content=\"es_ES\" \/>\n<meta property=\"og:type\" content=\"article\" \/>\n<meta property=\"og:title\" content=\"Programa de suministro - Neue Herbold GmbH - Sinsheim\" \/>\n<meta property=\"og:description\" content=\"Nuestro Programa de suministro - Trituradoras de un solo \u00e1rbol, Molinos cortantes y Cizallas de guillotina espec\u00edficamente para el reciclaje\" \/>\n<meta property=\"og:url\" content=\"https:\/\/neue-herbold.com\/es\/programa-de-suministro\/\" \/>\n<meta property=\"og:site_name\" content=\"Neue Herbold GmbH\" \/>\n<meta property=\"article:modified_time\" content=\"2016-06-08T22:27:24+00:00\" \/>\n<meta property=\"og:image\" content=\"https:\/\/neue-herbold.com\/wp-content\/uploads\/2014\/12\/PDF-ICON.jpg\" \/>\n<meta name=\"twitter:label1\" content=\"Tiempo de lectura\" \/>\n\t<meta name=\"twitter:data1\" content=\"5 minutes\" \/>\n<script type=\"application\/ld+json\" class=\"yoast-schema-graph\">{\"@context\":\"https:\/\/schema.org\",\"@graph\":[{\"@type\":\"WebPage\",\"@id\":\"https:\/\/neue-herbold.com\/es\/programa-de-suministro\/\",\"url\":\"https:\/\/neue-herbold.com\/es\/programa-de-suministro\/\",\"name\":\"Programa de suministro - Neue Herbold GmbH - Sinsheim\",\"isPartOf\":{\"@id\":\"https:\/\/neue-herbold.com\/en\/#website\"},\"primaryImageOfPage\":{\"@id\":\"https:\/\/neue-herbold.com\/es\/programa-de-suministro\/#primaryimage\"},\"image\":{\"@id\":\"https:\/\/neue-herbold.com\/es\/programa-de-suministro\/#primaryimage\"},\"thumbnailUrl\":\"https:\/\/neue-herbold.com\/wp-content\/uploads\/2014\/12\/PDF-ICON.jpg\",\"datePublished\":\"2016-06-05T23:18:20+00:00\",\"dateModified\":\"2016-06-08T22:27:24+00:00\",\"description\":\"Nuestro Programa de suministro - Trituradoras de un solo \u00e1rbol, Molinos cortantes y Cizallas de guillotina espec\u00edficamente para el reciclaje\",\"breadcrumb\":{\"@id\":\"https:\/\/neue-herbold.com\/es\/programa-de-suministro\/#breadcrumb\"},\"inLanguage\":\"es-ES\",\"potentialAction\":[{\"@type\":\"ReadAction\",\"target\":[\"https:\/\/neue-herbold.com\/es\/programa-de-suministro\/\"]}]},{\"@type\":\"ImageObject\",\"inLanguage\":\"es-ES\",\"@id\":\"https:\/\/neue-herbold.com\/es\/programa-de-suministro\/#primaryimage\",\"url\":\"https:\/\/neue-herbold.com\/wp-content\/uploads\/2014\/12\/PDF-ICON.jpg\",\"contentUrl\":\"https:\/\/neue-herbold.com\/wp-content\/uploads\/2014\/12\/PDF-ICON.jpg\"},{\"@type\":\"BreadcrumbList\",\"@id\":\"https:\/\/neue-herbold.com\/es\/programa-de-suministro\/#breadcrumb\",\"itemListElement\":[{\"@type\":\"ListItem\",\"position\":1,\"name\":\"Startseite\",\"item\":\"https:\/\/neue-herbold.com\/es\/\"},{\"@type\":\"ListItem\",\"position\":2,\"name\":\"Programa de suministro\"}]},{\"@type\":\"WebSite\",\"@id\":\"https:\/\/neue-herbold.com\/en\/#website\",\"url\":\"https:\/\/neue-herbold.com\/en\/\",\"name\":\"Neue Herbold GmbH\",\"description\":\"\",\"potentialAction\":[{\"@type\":\"SearchAction\",\"target\":{\"@type\":\"EntryPoint\",\"urlTemplate\":\"https:\/\/neue-herbold.com\/en\/?s={search_term_string}\"},\"query-input\":{\"@type\":\"PropertyValueSpecification\",\"valueRequired\":true,\"valueName\":\"search_term_string\"}}],\"inLanguage\":\"es-ES\"}]}<\/script>\n<!-- \/ Yoast SEO plugin. -->","yoast_head_json":{"title":"Programa de suministro - Neue Herbold GmbH - Sinsheim","description":"Nuestro Programa de suministro - Trituradoras de un solo \u00e1rbol, Molinos cortantes y Cizallas de guillotina espec\u00edficamente para el reciclaje","robots":{"index":"index","follow":"follow","max-snippet":"max-snippet:-1","max-image-preview":"max-image-preview:large","max-video-preview":"max-video-preview:-1"},"canonical":"https:\/\/neue-herbold.com\/es\/programa-de-suministro\/","og_locale":"es_ES","og_type":"article","og_title":"Programa de suministro - Neue Herbold GmbH - Sinsheim","og_description":"Nuestro Programa de suministro - Trituradoras de un solo \u00e1rbol, Molinos cortantes y Cizallas de guillotina espec\u00edficamente para el reciclaje","og_url":"https:\/\/neue-herbold.com\/es\/programa-de-suministro\/","og_site_name":"Neue Herbold GmbH","article_modified_time":"2016-06-08T22:27:24+00:00","og_image":[{"url":"https:\/\/neue-herbold.com\/wp-content\/uploads\/2014\/12\/PDF-ICON.jpg","type":"","width":"","height":""}],"twitter_misc":{"Tiempo de lectura":"5 minutes"},"schema":{"@context":"https:\/\/schema.org","@graph":[{"@type":"WebPage","@id":"https:\/\/neue-herbold.com\/es\/programa-de-suministro\/","url":"https:\/\/neue-herbold.com\/es\/programa-de-suministro\/","name":"Programa de suministro - Neue Herbold GmbH - Sinsheim","isPartOf":{"@id":"https:\/\/neue-herbold.com\/en\/#website"},"primaryImageOfPage":{"@id":"https:\/\/neue-herbold.com\/es\/programa-de-suministro\/#primaryimage"},"image":{"@id":"https:\/\/neue-herbold.com\/es\/programa-de-suministro\/#primaryimage"},"thumbnailUrl":"https:\/\/neue-herbold.com\/wp-content\/uploads\/2014\/12\/PDF-ICON.jpg","datePublished":"2016-06-05T23:18:20+00:00","dateModified":"2016-06-08T22:27:24+00:00","description":"Nuestro Programa de suministro - Trituradoras de un solo \u00e1rbol, Molinos cortantes y Cizallas de guillotina espec\u00edficamente para el reciclaje","breadcrumb":{"@id":"https:\/\/neue-herbold.com\/es\/programa-de-suministro\/#breadcrumb"},"inLanguage":"es-ES","potentialAction":[{"@type":"ReadAction","target":["https:\/\/neue-herbold.com\/es\/programa-de-suministro\/"]}]},{"@type":"ImageObject","inLanguage":"es-ES","@id":"https:\/\/neue-herbold.com\/es\/programa-de-suministro\/#primaryimage","url":"https:\/\/neue-herbold.com\/wp-content\/uploads\/2014\/12\/PDF-ICON.jpg","contentUrl":"https:\/\/neue-herbold.com\/wp-content\/uploads\/2014\/12\/PDF-ICON.jpg"},{"@type":"BreadcrumbList","@id":"https:\/\/neue-herbold.com\/es\/programa-de-suministro\/#breadcrumb","itemListElement":[{"@type":"ListItem","position":1,"name":"Startseite","item":"https:\/\/neue-herbold.com\/es\/"},{"@type":"ListItem","position":2,"name":"Programa de suministro"}]},{"@type":"WebSite","@id":"https:\/\/neue-herbold.com\/en\/#website","url":"https:\/\/neue-herbold.com\/en\/","name":"Neue Herbold GmbH","description":"","potentialAction":[{"@type":"SearchAction","target":{"@type":"EntryPoint","urlTemplate":"https:\/\/neue-herbold.com\/en\/?s={search_term_string}"},"query-input":{"@type":"PropertyValueSpecification","valueRequired":true,"valueName":"search_term_string"}}],"inLanguage":"es-ES"}]}},"_links":{"self":[{"href":"https:\/\/neue-herbold.com\/es\/wp-json\/wp\/v2\/pages\/9206"}],"collection":[{"href":"https:\/\/neue-herbold.com\/es\/wp-json\/wp\/v2\/pages"}],"about":[{"href":"https:\/\/neue-herbold.com\/es\/wp-json\/wp\/v2\/types\/page"}],"author":[{"embeddable":true,"href":"https:\/\/neue-herbold.com\/es\/wp-json\/wp\/v2\/users\/1"}],"replies":[{"embeddable":true,"href":"https:\/\/neue-herbold.com\/es\/wp-json\/wp\/v2\/comments?post=9206"}],"version-history":[{"count":4,"href":"https:\/\/neue-herbold.com\/es\/wp-json\/wp\/v2\/pages\/9206\/revisions"}],"predecessor-version":[{"id":9737,"href":"https:\/\/neue-herbold.com\/es\/wp-json\/wp\/v2\/pages\/9206\/revisions\/9737"}],"wp:attachment":[{"href":"https:\/\/neue-herbold.com\/es\/wp-json\/wp\/v2\/media?parent=9206"}],"curies":[{"name":"wp","href":"https:\/\/api.w.org\/{rel}","templated":true}]}}