{"id":9184,"date":"2016-06-06T00:42:45","date_gmt":"2016-06-05T22:42:45","guid":{"rendered":"https:\/\/neue-herbold.com\/es\/neuigkeiten-schneidmuehlen-mit-zwangsbeschickung\/"},"modified":"2016-06-06T03:05:53","modified_gmt":"2016-06-06T01:05:53","slug":"noticias-molinos-cortantes-con-alimentacion-forzada","status":"publish","type":"page","link":"https:\/\/neue-herbold.com\/es\/noticias-molinos-cortantes-con-alimentacion-forzada\/","title":{"rendered":"Molinos cortantes con alimentaci\u00f3n forzada"},"content":{"rendered":"<p><a href=\"https:\/\/neue-herbold.com\/wp-content\/uploads\/2015\/03\/SM800_2000-ZB_NEU.jpg\" target=\"_blank\"><img loading=\"lazy\" decoding=\"async\" class=\"  alignright wp-image-4789\" src=\"https:\/\/neue-herbold.com\/wp-content\/uploads\/2015\/03\/SM800_2000-ZB_NEU.jpg\" alt=\"Cortantes con alimentaci\u00f3n forzada\" width=\"420\" height=\"603\" srcset=\"https:\/\/neue-herbold.com\/wp-content\/uploads\/2015\/03\/SM800_2000-ZB_NEU.jpg 626w, https:\/\/neue-herbold.com\/wp-content\/uploads\/2015\/03\/SM800_2000-ZB_NEU-209x300.jpg 209w, https:\/\/neue-herbold.com\/wp-content\/uploads\/2015\/03\/SM800_2000-ZB_NEU-100x144.jpg 100w, https:\/\/neue-herbold.com\/wp-content\/uploads\/2015\/03\/SM800_2000-ZB_NEU-150x216.jpg 150w, https:\/\/neue-herbold.com\/wp-content\/uploads\/2015\/03\/SM800_2000-ZB_NEU-200x288.jpg 200w, https:\/\/neue-herbold.com\/wp-content\/uploads\/2015\/03\/SM800_2000-ZB_NEU-300x431.jpg 300w, https:\/\/neue-herbold.com\/wp-content\/uploads\/2015\/03\/SM800_2000-ZB_NEU-450x647.jpg 450w, https:\/\/neue-herbold.com\/wp-content\/uploads\/2015\/03\/SM800_2000-ZB_NEU-600x863.jpg 600w\" sizes=\"(max-width: 420px) 100vw, 420px\" \/><\/a><strong>Para aumentar el rendimiento de paso de las existentes series de construcci\u00f3n de molinos cortantes en el campo de la preparaci\u00f3n de desechos sueltos no prensados, la alimentaci\u00f3n sistem\u00e1tica de molinos cortantes con materiales fue optimizada t\u00e9cnicamente a trav\u00e9s del desarrollo de una alimentaci\u00f3n forzada mediante tornillo(s) transportador(es) sinf\u00edn.<\/strong><\/p>\n<p>Despu\u00e9s de haber alimentado el material en la tolva de alimentaci\u00f3n mediante cinta transportadora, la alimentaci\u00f3n del material en la c\u00e1mara de molino ya no se hace exclusivamente seg\u00fan el principio de gravedad sino el material es transportado en la c\u00e1mara de molino a trav\u00e9s de un\/varios \u00e1rbol(es) helicoidal(es) arreglado(s) verticalmente. En dependencia del tama\u00f1o de molino, el cual se determina por la correspondiente potencia necesaria, var\u00eda la cantidad los tornillos sinf\u00edn, var\u00eda la velocidad de rotaci\u00f3n de los \u00e1rboles o sea var\u00eda su potencia motriz. Un mando dependiente de carga as\u00ed como tornillos transportadores controlados por transformador de frecuencia impiden un bloqueo del rotor causado por un atascamiento de materiales y posibilitan simultaneamente un rendimiento de paso adecuado \u00f3ptimamente al material. A trav\u00e9s de la ejecuci\u00f3n resistente al desgaste del \/de los \u00e1rbol(es) del\/de los tornillo(s) transportador(es) se reducen tambi\u00e9n los finos de abrasi\u00f3n y por lo tanto se optimiza la duraci\u00f3n de servicio.<\/p>\n<p>Las caracter\u00edsticas de este m\u00e9todo de alimentaci\u00f3n ofrecen al cliente ventajas prometedoras:<\/p>\n<p><strong><em>Amplio campo de aplicaci\u00f3n<\/em><\/strong><\/p>\n<p>Predestinado para botellas botellas pl\u00e1sticas, para cada tipo de bidones, para materiales ligeros de embalaje de la industria alimenticia as\u00ed como para todos los cuerpos huecos de paredes delgadas &#8211; ejemplos para materiales potenciales de carga.<\/p>\n<p><strong><em>Aumentado rendimiento de paso<\/em><\/strong><\/p>\n<p>Los \u00e1rboles de tornillos sinf\u00edn montados en la tolva de alimentaci\u00f3n efect\u00faan una alimentaci\u00f3n continua del rotor con material e impiden simultaneamente una &#8220;desviaci\u00f3n&#8221; del material. De ello resulta un aumento del redendimiento de hasta 30%.<\/p>\n<p><strong><em>Aumentada eficiencia de maquina<\/em> <\/strong><\/p>\n<p>La alimentaci\u00f3n exacta y constante del rotor con material de carga conduce a una utilizaci\u00f3n \u00f3ptima del rotor y soporta as\u00ed la eficiencia de la instalaci\u00f3n completa. Adem\u00e1s se reduce el peligro por materiales saltando desde la tolva hacia fuera por cuyo motivo se procesa completamente el material alimentada.<\/p>\n<p><strong><em>Aumentada alimentaci\u00f3n de matetrial<\/em><\/strong><\/p>\n<p>Debido a la trituraci\u00f3n constante del material, la tolva de alimentaci\u00f3n puede ser cargada continuamente y con grandes cantidades de material. En comparaci\u00f3n con un molino cortante usual, un atascamiento de material en la tolva es casi imposible por lo cual se aumenta la capacidad de alimentaci\u00f3n.<\/p>\n<p><em><strong>Reducci\u00f3n de picos de s\u00f3nido y de corriente<\/strong><\/em><\/p>\n<p>La alimentaci\u00f3n controlada del rotor con material garantiza una marcha constante y reposada del rotor y reduce as\u00ed picos de sonido los cuales pueden presentarse de vez en cuando a base de una alimentaci\u00f3n excesiva en m\u00e1quinas standard. Simultaneamente, la alimentaci\u00f3n constante de material impide picos de corriente durante el funcionamiento de la m\u00e1quina.<\/p>\n<p>La empresa <strong>NEUE HERBOLD<\/strong> Maschinen- und Anlagenbau GmbH ofrece molinos cortantes que pueden equiparse con una alimentaci\u00f3n forzada en muchos tamanos y en muchas ejecuciones.<\/p>\n","protected":false},"excerpt":{"rendered":"<p><a href=\"https:\/\/neue-herbold.com\/wp-content\/uploads\/2015\/03\/SM800_2000-ZB_NEU.jpg\" target=\"_blank\"><img loading=\"lazy\" decoding=\"async\" class=\"  alignright wp-image-4789\" src=\"https:\/\/neue-herbold.com\/wp-content\/uploads\/2015\/03\/SM800_2000-ZB_NEU.jpg\" alt=\"Cortantes con alimentaci\u00f3n forzada\" width=\"420\" height=\"603\" srcset=\"https:\/\/neue-herbold.com\/wp-content\/uploads\/2015\/03\/SM800_2000-ZB_NEU.jpg 626w, https:\/\/neue-herbold.com\/wp-content\/uploads\/2015\/03\/SM800_2000-ZB_NEU-209x300.jpg 209w, https:\/\/neue-herbold.com\/wp-content\/uploads\/2015\/03\/SM800_2000-ZB_NEU-100x144.jpg 100w, https:\/\/neue-herbold.com\/wp-content\/uploads\/2015\/03\/SM800_2000-ZB_NEU-150x216.jpg 150w, https:\/\/neue-herbold.com\/wp-content\/uploads\/2015\/03\/SM800_2000-ZB_NEU-200x288.jpg 200w, https:\/\/neue-herbold.com\/wp-content\/uploads\/2015\/03\/SM800_2000-ZB_NEU-300x431.jpg 300w, https:\/\/neue-herbold.com\/wp-content\/uploads\/2015\/03\/SM800_2000-ZB_NEU-450x647.jpg 450w, https:\/\/neue-herbold.com\/wp-content\/uploads\/2015\/03\/SM800_2000-ZB_NEU-600x863.jpg 600w\" sizes=\"(max-width: 420px) 100vw, 420px\" \/><\/a><strong>Para aumentar el rendimiento de paso de las existentes series de construcci\u00f3n de molinos cortantes en el campo de la preparaci\u00f3n de desechos sueltos no prensados, la alimentaci\u00f3n sistem\u00e1tica de molinos cortantes con materiales fue optimizada t\u00e9cnicamente a trav\u00e9s del desarrollo de una alimentaci\u00f3n forzada mediante tornillo(s) transportador(es) sinf\u00edn.<\/strong><\/p>\n<p><span class=\"ellipsis\">&hellip;<\/span><\/p>\n<div class=\"read-more\"><a href=\"https:\/\/neue-herbold.com\/es\/noticias-molinos-cortantes-con-alimentacion-forzada\/\">Leer m\u00e1s \u203a<\/a><\/div>\n<p><!-- end of .read-more --><\/p>\n","protected":false},"author":1,"featured_media":0,"parent":0,"menu_order":0,"comment_status":"closed","ping_status":"closed","template":"","meta":{"footnotes":""},"class_list":["post-9184","page","type-page","status-publish","hentry"],"yoast_head":"<!-- This site is optimized with the Yoast SEO plugin v25.4 - https:\/\/yoast.com\/wordpress\/plugins\/seo\/ -->\n<title>Molinos cortantes con alimentaci\u00f3n forzada - Neue Herbold GmbH<\/title>\n<meta name=\"description\" content=\"La empresa NEUE HERBOLD Maschinen- und Anlagenbau GmbH, D-74889 Sinsheim-Reihen, ofrece un amplio - Cortantes con alimentaci\u00f3n forzada\" \/>\n<meta name=\"robots\" content=\"index, follow, max-snippet:-1, max-image-preview:large, max-video-preview:-1\" \/>\n<link rel=\"canonical\" href=\"https:\/\/neue-herbold.com\/es\/noticias-molinos-cortantes-con-alimentacion-forzada\/\" \/>\n<meta property=\"og:locale\" content=\"es_ES\" \/>\n<meta property=\"og:type\" content=\"article\" \/>\n<meta property=\"og:title\" content=\"Molinos cortantes con alimentaci\u00f3n forzada - Neue Herbold GmbH\" \/>\n<meta property=\"og:description\" content=\"La empresa NEUE HERBOLD Maschinen- und Anlagenbau GmbH, D-74889 Sinsheim-Reihen, ofrece un amplio - Cortantes con alimentaci\u00f3n forzada\" \/>\n<meta property=\"og:url\" content=\"https:\/\/neue-herbold.com\/es\/noticias-molinos-cortantes-con-alimentacion-forzada\/\" \/>\n<meta property=\"og:site_name\" content=\"Neue Herbold GmbH\" \/>\n<meta property=\"article:modified_time\" content=\"2016-06-06T01:05:53+00:00\" \/>\n<meta property=\"og:image\" content=\"https:\/\/neue-herbold.com\/wp-content\/uploads\/2015\/03\/SM800_2000-ZB_NEU.jpg\" \/>\n<meta name=\"twitter:label1\" content=\"Tiempo de lectura\" \/>\n\t<meta name=\"twitter:data1\" content=\"3 minutes\" \/>\n<script type=\"application\/ld+json\" class=\"yoast-schema-graph\">{\"@context\":\"https:\/\/schema.org\",\"@graph\":[{\"@type\":\"WebPage\",\"@id\":\"https:\/\/neue-herbold.com\/es\/noticias-molinos-cortantes-con-alimentacion-forzada\/\",\"url\":\"https:\/\/neue-herbold.com\/es\/noticias-molinos-cortantes-con-alimentacion-forzada\/\",\"name\":\"Molinos cortantes con alimentaci\u00f3n forzada - Neue Herbold GmbH\",\"isPartOf\":{\"@id\":\"https:\/\/neue-herbold.com\/en\/#website\"},\"primaryImageOfPage\":{\"@id\":\"https:\/\/neue-herbold.com\/es\/noticias-molinos-cortantes-con-alimentacion-forzada\/#primaryimage\"},\"image\":{\"@id\":\"https:\/\/neue-herbold.com\/es\/noticias-molinos-cortantes-con-alimentacion-forzada\/#primaryimage\"},\"thumbnailUrl\":\"https:\/\/neue-herbold.com\/wp-content\/uploads\/2015\/03\/SM800_2000-ZB_NEU.jpg\",\"datePublished\":\"2016-06-05T22:42:45+00:00\",\"dateModified\":\"2016-06-06T01:05:53+00:00\",\"description\":\"La empresa NEUE HERBOLD Maschinen- und Anlagenbau GmbH, D-74889 Sinsheim-Reihen, ofrece un amplio - Cortantes con alimentaci\u00f3n forzada\",\"breadcrumb\":{\"@id\":\"https:\/\/neue-herbold.com\/es\/noticias-molinos-cortantes-con-alimentacion-forzada\/#breadcrumb\"},\"inLanguage\":\"es-ES\",\"potentialAction\":[{\"@type\":\"ReadAction\",\"target\":[\"https:\/\/neue-herbold.com\/es\/noticias-molinos-cortantes-con-alimentacion-forzada\/\"]}]},{\"@type\":\"ImageObject\",\"inLanguage\":\"es-ES\",\"@id\":\"https:\/\/neue-herbold.com\/es\/noticias-molinos-cortantes-con-alimentacion-forzada\/#primaryimage\",\"url\":\"https:\/\/neue-herbold.com\/wp-content\/uploads\/2015\/03\/SM800_2000-ZB_NEU.jpg\",\"contentUrl\":\"https:\/\/neue-herbold.com\/wp-content\/uploads\/2015\/03\/SM800_2000-ZB_NEU.jpg\"},{\"@type\":\"BreadcrumbList\",\"@id\":\"https:\/\/neue-herbold.com\/es\/noticias-molinos-cortantes-con-alimentacion-forzada\/#breadcrumb\",\"itemListElement\":[{\"@type\":\"ListItem\",\"position\":1,\"name\":\"Startseite\",\"item\":\"https:\/\/neue-herbold.com\/es\/\"},{\"@type\":\"ListItem\",\"position\":2,\"name\":\"Molinos cortantes con alimentaci\u00f3n forzada\"}]},{\"@type\":\"WebSite\",\"@id\":\"https:\/\/neue-herbold.com\/en\/#website\",\"url\":\"https:\/\/neue-herbold.com\/en\/\",\"name\":\"Neue Herbold GmbH\",\"description\":\"\",\"potentialAction\":[{\"@type\":\"SearchAction\",\"target\":{\"@type\":\"EntryPoint\",\"urlTemplate\":\"https:\/\/neue-herbold.com\/en\/?s={search_term_string}\"},\"query-input\":{\"@type\":\"PropertyValueSpecification\",\"valueRequired\":true,\"valueName\":\"search_term_string\"}}],\"inLanguage\":\"es-ES\"}]}<\/script>\n<!-- \/ Yoast SEO plugin. -->","yoast_head_json":{"title":"Molinos cortantes con alimentaci\u00f3n forzada - Neue Herbold GmbH","description":"La empresa NEUE HERBOLD Maschinen- und Anlagenbau GmbH, D-74889 Sinsheim-Reihen, ofrece un amplio - Cortantes con alimentaci\u00f3n forzada","robots":{"index":"index","follow":"follow","max-snippet":"max-snippet:-1","max-image-preview":"max-image-preview:large","max-video-preview":"max-video-preview:-1"},"canonical":"https:\/\/neue-herbold.com\/es\/noticias-molinos-cortantes-con-alimentacion-forzada\/","og_locale":"es_ES","og_type":"article","og_title":"Molinos cortantes con alimentaci\u00f3n forzada - Neue Herbold GmbH","og_description":"La empresa NEUE HERBOLD Maschinen- und Anlagenbau GmbH, D-74889 Sinsheim-Reihen, ofrece un amplio - Cortantes con alimentaci\u00f3n forzada","og_url":"https:\/\/neue-herbold.com\/es\/noticias-molinos-cortantes-con-alimentacion-forzada\/","og_site_name":"Neue Herbold GmbH","article_modified_time":"2016-06-06T01:05:53+00:00","og_image":[{"url":"https:\/\/neue-herbold.com\/wp-content\/uploads\/2015\/03\/SM800_2000-ZB_NEU.jpg","type":"","width":"","height":""}],"twitter_misc":{"Tiempo de lectura":"3 minutes"},"schema":{"@context":"https:\/\/schema.org","@graph":[{"@type":"WebPage","@id":"https:\/\/neue-herbold.com\/es\/noticias-molinos-cortantes-con-alimentacion-forzada\/","url":"https:\/\/neue-herbold.com\/es\/noticias-molinos-cortantes-con-alimentacion-forzada\/","name":"Molinos cortantes con alimentaci\u00f3n forzada - Neue Herbold GmbH","isPartOf":{"@id":"https:\/\/neue-herbold.com\/en\/#website"},"primaryImageOfPage":{"@id":"https:\/\/neue-herbold.com\/es\/noticias-molinos-cortantes-con-alimentacion-forzada\/#primaryimage"},"image":{"@id":"https:\/\/neue-herbold.com\/es\/noticias-molinos-cortantes-con-alimentacion-forzada\/#primaryimage"},"thumbnailUrl":"https:\/\/neue-herbold.com\/wp-content\/uploads\/2015\/03\/SM800_2000-ZB_NEU.jpg","datePublished":"2016-06-05T22:42:45+00:00","dateModified":"2016-06-06T01:05:53+00:00","description":"La empresa NEUE HERBOLD Maschinen- und Anlagenbau GmbH, D-74889 Sinsheim-Reihen, ofrece un amplio - Cortantes con alimentaci\u00f3n forzada","breadcrumb":{"@id":"https:\/\/neue-herbold.com\/es\/noticias-molinos-cortantes-con-alimentacion-forzada\/#breadcrumb"},"inLanguage":"es-ES","potentialAction":[{"@type":"ReadAction","target":["https:\/\/neue-herbold.com\/es\/noticias-molinos-cortantes-con-alimentacion-forzada\/"]}]},{"@type":"ImageObject","inLanguage":"es-ES","@id":"https:\/\/neue-herbold.com\/es\/noticias-molinos-cortantes-con-alimentacion-forzada\/#primaryimage","url":"https:\/\/neue-herbold.com\/wp-content\/uploads\/2015\/03\/SM800_2000-ZB_NEU.jpg","contentUrl":"https:\/\/neue-herbold.com\/wp-content\/uploads\/2015\/03\/SM800_2000-ZB_NEU.jpg"},{"@type":"BreadcrumbList","@id":"https:\/\/neue-herbold.com\/es\/noticias-molinos-cortantes-con-alimentacion-forzada\/#breadcrumb","itemListElement":[{"@type":"ListItem","position":1,"name":"Startseite","item":"https:\/\/neue-herbold.com\/es\/"},{"@type":"ListItem","position":2,"name":"Molinos cortantes con alimentaci\u00f3n forzada"}]},{"@type":"WebSite","@id":"https:\/\/neue-herbold.com\/en\/#website","url":"https:\/\/neue-herbold.com\/en\/","name":"Neue Herbold GmbH","description":"","potentialAction":[{"@type":"SearchAction","target":{"@type":"EntryPoint","urlTemplate":"https:\/\/neue-herbold.com\/en\/?s={search_term_string}"},"query-input":{"@type":"PropertyValueSpecification","valueRequired":true,"valueName":"search_term_string"}}],"inLanguage":"es-ES"}]}},"_links":{"self":[{"href":"https:\/\/neue-herbold.com\/es\/wp-json\/wp\/v2\/pages\/9184"}],"collection":[{"href":"https:\/\/neue-herbold.com\/es\/wp-json\/wp\/v2\/pages"}],"about":[{"href":"https:\/\/neue-herbold.com\/es\/wp-json\/wp\/v2\/types\/page"}],"author":[{"embeddable":true,"href":"https:\/\/neue-herbold.com\/es\/wp-json\/wp\/v2\/users\/1"}],"replies":[{"embeddable":true,"href":"https:\/\/neue-herbold.com\/es\/wp-json\/wp\/v2\/comments?post=9184"}],"version-history":[{"count":3,"href":"https:\/\/neue-herbold.com\/es\/wp-json\/wp\/v2\/pages\/9184\/revisions"}],"predecessor-version":[{"id":9309,"href":"https:\/\/neue-herbold.com\/es\/wp-json\/wp\/v2\/pages\/9184\/revisions\/9309"}],"wp:attachment":[{"href":"https:\/\/neue-herbold.com\/es\/wp-json\/wp\/v2\/media?parent=9184"}],"curies":[{"name":"wp","href":"https:\/\/api.w.org\/{rel}","templated":true}]}}