{"id":9160,"date":"2016-06-06T00:13:59","date_gmt":"2016-06-05T22:13:59","guid":{"rendered":"https:\/\/neue-herbold.com\/es\/ueber-uns\/"},"modified":"2016-06-06T00:28:38","modified_gmt":"2016-06-05T22:28:38","slug":"sobre-nosotros","status":"publish","type":"page","link":"https:\/\/neue-herbold.com\/es\/sobre-nosotros\/","title":{"rendered":"Neue Herbold &#8211; Molinos cortantes, Trituradoras&#8230;"},"content":{"rendered":"<p><strong>Neue Herbold<span style=\"color: #808080;\"> &#8211; Molinos cortantes, Trituradoras&#8230;<\/span><\/strong> <br \/> <span style=\"color: #000000;\"><strong>Maschinen- und Anlagenbau GmbH<\/strong><\/span><\/p>\n<p>En dependencia de problemas planteados, la empresa <strong>Neue Herbold<\/strong> ofrece un programa completo de m\u00e1quinas y plantas especiales para la trituraci\u00f3n y elaboraci\u00f3n de desechos pl\u00e1sticos de producci\u00f3n, elaboraci\u00f3n y colecci\u00f3n de materiales pl\u00e1sticos usados. Este programa esencial (molinos cortantes, molinos tubulares, molinos para cortar perfiles, trituradoras, instalaciones de molienda fina, plantas de lavado, plantas de lavado en caliente, secadores, lavadores de fricci\u00f3n, lavadores intensivos, tanques de separaci\u00f3n, \u2026) se ampl\u00eda de la construcci\u00f3n de m\u00e1quinas especiales (molinos de martillos, cizallas de guillotina, quebrantadores de tornillo sinf\u00edn, abridores de balas) para el reciclaje de sustancias de valor como p.ej. hardware y software de computadores, aislantes, piedras de hormig\u00f3n celular etc.<\/p>\n<p><span style=\"color: #000000;\"><a href=\"https:\/\/neue-herbold.com\/es\/sobre-nosotros\/\" target=\"_blank\"><img loading=\"lazy\" decoding=\"async\" class=\"aligncenter wp-image-5097 size-large\" src=\"https:\/\/neue-herbold.com\/wp-content\/uploads\/2014\/12\/Imagevideo-1024x435.jpg\" alt=\"Neue Herbold\" width=\"605\" height=\"257\" srcset=\"https:\/\/neue-herbold.com\/wp-content\/uploads\/2014\/12\/Imagevideo-1024x435.jpg 1024w, https:\/\/neue-herbold.com\/wp-content\/uploads\/2014\/12\/Imagevideo-300x127.jpg 300w, https:\/\/neue-herbold.com\/wp-content\/uploads\/2014\/12\/Imagevideo-100x42.jpg 100w, https:\/\/neue-herbold.com\/wp-content\/uploads\/2014\/12\/Imagevideo-150x64.jpg 150w, https:\/\/neue-herbold.com\/wp-content\/uploads\/2014\/12\/Imagevideo-200x85.jpg 200w, https:\/\/neue-herbold.com\/wp-content\/uploads\/2014\/12\/Imagevideo-450x191.jpg 450w, https:\/\/neue-herbold.com\/wp-content\/uploads\/2014\/12\/Imagevideo-600x255.jpg 600w, https:\/\/neue-herbold.com\/wp-content\/uploads\/2014\/12\/Imagevideo-900x382.jpg 900w, https:\/\/neue-herbold.com\/wp-content\/uploads\/2014\/12\/Imagevideo.jpg 1198w\" sizes=\"(max-width: 605px) 100vw, 605px\" \/><\/a><\/span><\/p>\n<p>La empresa, fundada en 1995, emplea en su sitio en Sinsheim-Reihen aprox. 70 colaboradores formando un equipo innovativo con experiencia en los sectores de desarrollo, de ingenier\u00eda, de producci\u00f3n, de administraci\u00f3n y de venta. El departamento de distribuci\u00f3n t\u00e9cnica es el interlocutor en cooperaci\u00f3n con m\u00e1s de 40 representaciones en todo el mundo.<\/p>\n<p>La consecuencia de una planificaci\u00f3n exacta y econ\u00f3mica es una producci\u00f3n que se hace seg\u00fan los \u00faltimos avances tecnol\u00f3gicos y con un aseguramiento continuo de la calidad con la finalidad de resistir exigencias alt\u00edssimas de la <span style=\"color: #000000;\">t\u00e9cnica trituradora.<br \/> <\/span><\/p>\n","protected":false},"excerpt":{"rendered":"<p><strong>Neue Herbold<span style=\"color: #808080;\"> &#8211; Molinos cortantes, Trituradoras&#8230;<\/span><\/strong> <br \/> <span style=\"color: #000000;\"><strong>Maschinen- und Anlagenbau GmbH<\/strong><\/span><\/p>\n<p>En dependencia de problemas planteados, la empresa <strong>Neue Herbold<\/strong> ofrece un programa completo de m\u00e1quinas y plantas especiales para la trituraci\u00f3n y elaboraci\u00f3n de desechos pl\u00e1sticos de producci\u00f3n,<\/p>\n<p><span class=\"ellipsis\">&hellip;<\/span><\/p>\n<div class=\"read-more\"><a href=\"https:\/\/neue-herbold.com\/es\/sobre-nosotros\/\">Leer m\u00e1s \u203a<\/a><\/div>\n<p><!-- end of .read-more --><\/p>\n","protected":false},"author":1,"featured_media":0,"parent":0,"menu_order":0,"comment_status":"closed","ping_status":"closed","template":"","meta":{"footnotes":""},"class_list":["post-9160","page","type-page","status-publish","hentry"],"yoast_head":"<!-- This site is optimized with the Yoast SEO plugin v25.4 - https:\/\/yoast.com\/wordpress\/plugins\/seo\/ -->\n<title>Neue Herbold - Molinos cortantes, Trituradoras<\/title>\n<meta name=\"description\" content=\"En dependencia de problemas planteados, la empresa Neue Herbold ofrece un programa completo. Neue Herbold - Molinos cortantes, Trituradoras...\" \/>\n<meta name=\"robots\" content=\"index, follow, max-snippet:-1, max-image-preview:large, max-video-preview:-1\" \/>\n<link rel=\"canonical\" href=\"https:\/\/neue-herbold.com\/es\/sobre-nosotros\/\" \/>\n<meta property=\"og:locale\" content=\"es_ES\" \/>\n<meta property=\"og:type\" content=\"article\" \/>\n<meta property=\"og:title\" content=\"Neue Herbold - Molinos cortantes, Trituradoras\" \/>\n<meta property=\"og:description\" content=\"En dependencia de problemas planteados, la empresa Neue Herbold ofrece un programa completo. Neue Herbold - Molinos cortantes, Trituradoras...\" \/>\n<meta property=\"og:url\" content=\"https:\/\/neue-herbold.com\/es\/sobre-nosotros\/\" \/>\n<meta property=\"og:site_name\" content=\"Neue Herbold GmbH\" \/>\n<meta property=\"article:modified_time\" content=\"2016-06-05T22:28:38+00:00\" \/>\n<meta property=\"og:image\" content=\"https:\/\/neue-herbold.com\/wp-content\/uploads\/2014\/12\/Imagevideo-1024x435.jpg\" \/>\n<meta name=\"twitter:label1\" content=\"Tiempo de lectura\" \/>\n\t<meta name=\"twitter:data1\" content=\"1 minute\" \/>\n<script type=\"application\/ld+json\" class=\"yoast-schema-graph\">{\"@context\":\"https:\/\/schema.org\",\"@graph\":[{\"@type\":\"WebPage\",\"@id\":\"https:\/\/neue-herbold.com\/es\/sobre-nosotros\/\",\"url\":\"https:\/\/neue-herbold.com\/es\/sobre-nosotros\/\",\"name\":\"Neue Herbold - Molinos cortantes, Trituradoras\",\"isPartOf\":{\"@id\":\"https:\/\/neue-herbold.com\/en\/#website\"},\"primaryImageOfPage\":{\"@id\":\"https:\/\/neue-herbold.com\/es\/sobre-nosotros\/#primaryimage\"},\"image\":{\"@id\":\"https:\/\/neue-herbold.com\/es\/sobre-nosotros\/#primaryimage\"},\"thumbnailUrl\":\"https:\/\/neue-herbold.com\/wp-content\/uploads\/2014\/12\/Imagevideo-1024x435.jpg\",\"datePublished\":\"2016-06-05T22:13:59+00:00\",\"dateModified\":\"2016-06-05T22:28:38+00:00\",\"description\":\"En dependencia de problemas planteados, la empresa Neue Herbold ofrece un programa completo. Neue Herbold - Molinos cortantes, Trituradoras...\",\"breadcrumb\":{\"@id\":\"https:\/\/neue-herbold.com\/es\/sobre-nosotros\/#breadcrumb\"},\"inLanguage\":\"es-ES\",\"potentialAction\":[{\"@type\":\"ReadAction\",\"target\":[\"https:\/\/neue-herbold.com\/es\/sobre-nosotros\/\"]}]},{\"@type\":\"ImageObject\",\"inLanguage\":\"es-ES\",\"@id\":\"https:\/\/neue-herbold.com\/es\/sobre-nosotros\/#primaryimage\",\"url\":\"https:\/\/neue-herbold.com\/wp-content\/uploads\/2014\/12\/Imagevideo-1024x435.jpg\",\"contentUrl\":\"https:\/\/neue-herbold.com\/wp-content\/uploads\/2014\/12\/Imagevideo-1024x435.jpg\"},{\"@type\":\"BreadcrumbList\",\"@id\":\"https:\/\/neue-herbold.com\/es\/sobre-nosotros\/#breadcrumb\",\"itemListElement\":[{\"@type\":\"ListItem\",\"position\":1,\"name\":\"Startseite\",\"item\":\"https:\/\/neue-herbold.com\/es\/\"},{\"@type\":\"ListItem\",\"position\":2,\"name\":\"Neue Herbold &#8211; Molinos cortantes, Trituradoras&#8230;\"}]},{\"@type\":\"WebSite\",\"@id\":\"https:\/\/neue-herbold.com\/en\/#website\",\"url\":\"https:\/\/neue-herbold.com\/en\/\",\"name\":\"Neue Herbold GmbH\",\"description\":\"\",\"potentialAction\":[{\"@type\":\"SearchAction\",\"target\":{\"@type\":\"EntryPoint\",\"urlTemplate\":\"https:\/\/neue-herbold.com\/en\/?s={search_term_string}\"},\"query-input\":{\"@type\":\"PropertyValueSpecification\",\"valueRequired\":true,\"valueName\":\"search_term_string\"}}],\"inLanguage\":\"es-ES\"}]}<\/script>\n<!-- \/ Yoast SEO plugin. -->","yoast_head_json":{"title":"Neue Herbold - Molinos cortantes, Trituradoras","description":"En dependencia de problemas planteados, la empresa Neue Herbold ofrece un programa completo. Neue Herbold - Molinos cortantes, Trituradoras...","robots":{"index":"index","follow":"follow","max-snippet":"max-snippet:-1","max-image-preview":"max-image-preview:large","max-video-preview":"max-video-preview:-1"},"canonical":"https:\/\/neue-herbold.com\/es\/sobre-nosotros\/","og_locale":"es_ES","og_type":"article","og_title":"Neue Herbold - Molinos cortantes, Trituradoras","og_description":"En dependencia de problemas planteados, la empresa Neue Herbold ofrece un programa completo. Neue Herbold - Molinos cortantes, Trituradoras...","og_url":"https:\/\/neue-herbold.com\/es\/sobre-nosotros\/","og_site_name":"Neue Herbold GmbH","article_modified_time":"2016-06-05T22:28:38+00:00","og_image":[{"url":"https:\/\/neue-herbold.com\/wp-content\/uploads\/2014\/12\/Imagevideo-1024x435.jpg","type":"","width":"","height":""}],"twitter_misc":{"Tiempo de lectura":"1 minute"},"schema":{"@context":"https:\/\/schema.org","@graph":[{"@type":"WebPage","@id":"https:\/\/neue-herbold.com\/es\/sobre-nosotros\/","url":"https:\/\/neue-herbold.com\/es\/sobre-nosotros\/","name":"Neue Herbold - Molinos cortantes, Trituradoras","isPartOf":{"@id":"https:\/\/neue-herbold.com\/en\/#website"},"primaryImageOfPage":{"@id":"https:\/\/neue-herbold.com\/es\/sobre-nosotros\/#primaryimage"},"image":{"@id":"https:\/\/neue-herbold.com\/es\/sobre-nosotros\/#primaryimage"},"thumbnailUrl":"https:\/\/neue-herbold.com\/wp-content\/uploads\/2014\/12\/Imagevideo-1024x435.jpg","datePublished":"2016-06-05T22:13:59+00:00","dateModified":"2016-06-05T22:28:38+00:00","description":"En dependencia de problemas planteados, la empresa Neue Herbold ofrece un programa completo. Neue Herbold - Molinos cortantes, Trituradoras...","breadcrumb":{"@id":"https:\/\/neue-herbold.com\/es\/sobre-nosotros\/#breadcrumb"},"inLanguage":"es-ES","potentialAction":[{"@type":"ReadAction","target":["https:\/\/neue-herbold.com\/es\/sobre-nosotros\/"]}]},{"@type":"ImageObject","inLanguage":"es-ES","@id":"https:\/\/neue-herbold.com\/es\/sobre-nosotros\/#primaryimage","url":"https:\/\/neue-herbold.com\/wp-content\/uploads\/2014\/12\/Imagevideo-1024x435.jpg","contentUrl":"https:\/\/neue-herbold.com\/wp-content\/uploads\/2014\/12\/Imagevideo-1024x435.jpg"},{"@type":"BreadcrumbList","@id":"https:\/\/neue-herbold.com\/es\/sobre-nosotros\/#breadcrumb","itemListElement":[{"@type":"ListItem","position":1,"name":"Startseite","item":"https:\/\/neue-herbold.com\/es\/"},{"@type":"ListItem","position":2,"name":"Neue Herbold &#8211; Molinos cortantes, Trituradoras&#8230;"}]},{"@type":"WebSite","@id":"https:\/\/neue-herbold.com\/en\/#website","url":"https:\/\/neue-herbold.com\/en\/","name":"Neue Herbold GmbH","description":"","potentialAction":[{"@type":"SearchAction","target":{"@type":"EntryPoint","urlTemplate":"https:\/\/neue-herbold.com\/en\/?s={search_term_string}"},"query-input":{"@type":"PropertyValueSpecification","valueRequired":true,"valueName":"search_term_string"}}],"inLanguage":"es-ES"}]}},"_links":{"self":[{"href":"https:\/\/neue-herbold.com\/es\/wp-json\/wp\/v2\/pages\/9160"}],"collection":[{"href":"https:\/\/neue-herbold.com\/es\/wp-json\/wp\/v2\/pages"}],"about":[{"href":"https:\/\/neue-herbold.com\/es\/wp-json\/wp\/v2\/types\/page"}],"author":[{"embeddable":true,"href":"https:\/\/neue-herbold.com\/es\/wp-json\/wp\/v2\/users\/1"}],"replies":[{"embeddable":true,"href":"https:\/\/neue-herbold.com\/es\/wp-json\/wp\/v2\/comments?post=9160"}],"version-history":[{"count":2,"href":"https:\/\/neue-herbold.com\/es\/wp-json\/wp\/v2\/pages\/9160\/revisions"}],"predecessor-version":[{"id":9170,"href":"https:\/\/neue-herbold.com\/es\/wp-json\/wp\/v2\/pages\/9160\/revisions\/9170"}],"wp:attachment":[{"href":"https:\/\/neue-herbold.com\/es\/wp-json\/wp\/v2\/media?parent=9160"}],"curies":[{"name":"wp","href":"https:\/\/api.w.org\/{rel}","templated":true}]}}